{"id":89128,"date":"2023-04-17T11:23:51","date_gmt":"2023-04-17T09:23:51","guid":{"rendered":"https:\/\/www.eliassen.nl\/?product=pot-terracotta-toscaans-imprunetino-festonato-60cm"},"modified":"2025-01-28T14:31:56","modified_gmt":"2025-01-28T13:31:56","slug":"topf-terrakotta-toskanischen-imprunetino-festonato-60cm","status":"publish","type":"product","link":"https:\/\/dev.eliassen.nl\/de\/topf-terrakotta-toskanischen-imprunetino-festonato-60cm\/","title":{"rendered":"Topf Terrakotta toskanischen Imprunetino festonato 60cm"},"content":{"rendered":"<p><iframe loading=\"lazy\" title=\"YouTube-Videoplayer\" src=\"https:\/\/www.youtube.com\/embed\/gl7xkGLzcKw\" width=\"560\" height=\"315\" frameborder=\"0\" allowfullscreen=\"allowfullscreen\"><\/iframe><\/p>\n<p>Dieser dicke und robuste handgedrehte Terrakottatopf hat ein bekanntes klassisches Aussehen. Der Mittelmeerraum bestimmt das Erscheinungsbild dieses runden Topfes. Dieser Terrakotta-Blumentopf wurde in der italienischen Region Toskana hergestellt, die f\u00fcr ihre einzigartige gr\u00fcn-braune Tonfarbe und ihre sehr hohe Qualit\u00e4t bekannt ist. Dieser Ton verf\u00e4rbt sich, nachdem er im Ofen war. Dies und die Tatsache, dass diese Topfserie bei einer sehr hohen Temperatur von 1150 Grad C gebrannt wird, machen diese T\u00f6pfe f\u00fcr den langj\u00e4hrigen Einsatz im Freien geeignet. Die Linie Imprunetino Festonato zeichnet sich durch ihren breiten Rand und den wundersch\u00f6n verzierten Rand um den Topf aus.<\/p>\n<ul>\n<li>Gr\u00f6\u00dfe: Durchmesser \u00fcber 60 cm, H\u00f6he 54 cm<\/li>\n<li>Au\u00dfenma\u00dfe unten: ca. 33cm<\/li>\n<li>Gewicht: 35 kg<\/li>\n<li>Von Hand gefertigt<\/li>\n<li>Herkunftsland: Italien, Toskana<\/li>\n<li>Garantie: 5 Jahre bei \u00e4u\u00dferlichen Sch\u00e4den und bestimmungsgem\u00e4\u00dfer Verwendung<\/li>\n<li>Diese Topfserie kann auch live bei uns besichtigt werden<\/li>\n<\/ul>\n<p>Wenn Sie Terrakotta-T\u00f6pfe besitzen und nicht wissen, wie Sie diese sauber und in einwandfreiem Zustand halten k\u00f6nnen, empfehlen wir Ihnen, unsere hilfreichen Tipps zu befolgen, um eine lange Lebensdauer Ihrer Terrakotta-T\u00f6pfe zu gew\u00e4hrleisten.<\/p>\n<p>Reinigung mit Wasser, Zitrone und B\u00fcrste:<\/p>\n<p>Wenn Sie am Ende der Saison gr\u00fcne Flecken auf den Terrakottat\u00f6pfen und eine stumpfe Farbe feststellen, f\u00fcllen Sie einen Eimer mit kaltem Wasser, f\u00fcgen Sie den Saft einer Zitrone hinzu und waschen Sie den verschmutzten Teil vorsichtig mit dieser L\u00f6sung.<\/p>\n<p>Sie m\u00fcssen die Oberfl\u00e4chen kr\u00e4ftig mit einer B\u00fcrste mit steifen Borsten abreiben.<\/p>\n","protected":false},"excerpt":{"rendered":"<p>Sehr solider Terrakottatopf aus Italien. 60x54cm hoch.<\/p>\n","protected":false},"featured_media":89125,"template":"","meta":{"_acf_changed":false},"product_brand":[],"product_cat":[722,1430],"product_tag":[],"class_list":{"0":"post-89128","1":"product","2":"type-product","3":"status-publish","4":"has-post-thumbnail","6":"product_cat-blumentoepfe-und-pflanzgefaesse","7":"product_cat-terrakotta-toepfe-und-glaeser","9":"first","10":"instock","11":"taxable","12":"shipping-taxable","13":"purchasable","14":"product-type-simple"},"acf":[],"yoast_head":"<!-- This site is optimized with the Yoast SEO plugin v23.8 - https:\/\/yoast.com\/wordpress\/plugins\/seo\/ -->\n<title>Topf Terrakotta toskanischen Imprunetino festonato 60cm - Eliassen.nl<\/title>\n<meta name=\"description\" content=\"Sie m\u00f6chten Ihren Pflanzen mit stabilen Blument\u00f6pfen die beste Pflege bieten? Sehen Sie sich unser Sortiment online an oder besuchen Sie unseren Shop f\u00fcr wei...\" \/>\n<meta name=\"robots\" content=\"noindex, follow, max-snippet:-1, max-image-preview:large, max-video-preview:-1\" \/>\n<meta property=\"og:locale\" content=\"de_DE\" \/>\n<meta property=\"og:type\" content=\"article\" \/>\n<meta property=\"og:title\" content=\"Topf Terrakotta toskanischen Imprunetino festonato 60cm - Eliassen.nl\" \/>\n<meta property=\"og:description\" content=\"Sie m\u00f6chten Ihren Pflanzen mit stabilen Blument\u00f6pfen die beste Pflege bieten? Sehen Sie sich unser Sortiment online an oder besuchen Sie unseren Shop f\u00fcr wei...\" \/>\n<meta property=\"og:url\" content=\"https:\/\/dev.eliassen.nl\/de\/topf-terrakotta-toskanischen-imprunetino-festonato-60cm\/\" \/>\n<meta property=\"og:site_name\" content=\"Eliassen.nl\" \/>\n<meta property=\"article:publisher\" content=\"https:\/\/www.facebook.com\/TuincentrumEliassenAmmerzoden\" \/>\n<meta property=\"article:modified_time\" content=\"2025-01-28T13:31:56+00:00\" \/>\n<meta property=\"og:image\" content=\"https:\/\/dev.eliassen.nl\/wp-content\/uploads\/2024\/01\/246200_2nd.jpg\" \/>\n\t<meta property=\"og:image:width\" content=\"1584\" \/>\n\t<meta property=\"og:image:height\" content=\"1500\" \/>\n\t<meta property=\"og:image:type\" content=\"image\/jpeg\" \/>\n<meta name=\"twitter:card\" content=\"summary_large_image\" \/>\n<script type=\"application\/ld+json\" class=\"yoast-schema-graph\">{\"@context\":\"https:\/\/schema.org\",\"@graph\":[{\"@type\":\"WebPage\",\"@id\":\"https:\/\/dev.eliassen.nl\/de\/topf-terrakotta-toskanischen-imprunetino-festonato-60cm\/\",\"url\":\"https:\/\/dev.eliassen.nl\/de\/topf-terrakotta-toskanischen-imprunetino-festonato-60cm\/\",\"name\":\"Topf Terrakotta toskanischen Imprunetino festonato 60cm - Eliassen.nl\",\"isPartOf\":{\"@id\":\"https:\/\/dev.eliassen.nl\/de\/#website\"},\"primaryImageOfPage\":{\"@id\":\"https:\/\/dev.eliassen.nl\/de\/topf-terrakotta-toskanischen-imprunetino-festonato-60cm\/#primaryimage\"},\"image\":{\"@id\":\"https:\/\/dev.eliassen.nl\/de\/topf-terrakotta-toskanischen-imprunetino-festonato-60cm\/#primaryimage\"},\"thumbnailUrl\":\"https:\/\/dev.eliassen.nl\/wp-content\/uploads\/2024\/01\/246200_2nd.jpg\",\"datePublished\":\"2023-04-17T09:23:51+00:00\",\"dateModified\":\"2025-01-28T13:31:56+00:00\",\"description\":\"Sie m\u00f6chten Ihren Pflanzen mit stabilen Blument\u00f6pfen die beste Pflege bieten? Sehen Sie sich unser Sortiment online an oder besuchen Sie unseren Shop f\u00fcr wei...\",\"breadcrumb\":{\"@id\":\"https:\/\/dev.eliassen.nl\/de\/topf-terrakotta-toskanischen-imprunetino-festonato-60cm\/#breadcrumb\"},\"inLanguage\":\"de\",\"potentialAction\":[{\"@type\":\"ReadAction\",\"target\":[\"https:\/\/dev.eliassen.nl\/de\/topf-terrakotta-toskanischen-imprunetino-festonato-60cm\/\"]}]},{\"@type\":\"ImageObject\",\"inLanguage\":\"de\",\"@id\":\"https:\/\/dev.eliassen.nl\/de\/topf-terrakotta-toskanischen-imprunetino-festonato-60cm\/#primaryimage\",\"url\":\"https:\/\/dev.eliassen.nl\/wp-content\/uploads\/2024\/01\/246200_2nd.jpg\",\"contentUrl\":\"https:\/\/dev.eliassen.nl\/wp-content\/uploads\/2024\/01\/246200_2nd.jpg\",\"width\":1584,\"height\":1500,\"caption\":\"246200\"},{\"@type\":\"BreadcrumbList\",\"@id\":\"https:\/\/dev.eliassen.nl\/de\/topf-terrakotta-toskanischen-imprunetino-festonato-60cm\/#breadcrumb\",\"itemListElement\":[{\"@type\":\"ListItem\",\"position\":1,\"name\":\"Home\",\"item\":\"https:\/\/dev.eliassen.nl\/de\/\"},{\"@type\":\"ListItem\",\"position\":2,\"name\":\"Shop\",\"item\":\"https:\/\/dev.eliassen.nl\/nl\/winkel\/\"},{\"@type\":\"ListItem\",\"position\":3,\"name\":\"Blument\u00f6pfe und Pflanzgef\u00e4\u00dfe\",\"item\":\"https:\/\/dev.eliassen.nl\/de\/blumentoepfe-und-pflanzgefaesse\/\"},{\"@type\":\"ListItem\",\"position\":4,\"name\":\"Terrakotta-T\u00f6pfe und -Gl\u00e4ser\",\"item\":\"https:\/\/dev.eliassen.nl\/de\/blumentoepfe-und-pflanzgefaesse\/terrakotta-toepfe-und-glaeser\/\"},{\"@type\":\"ListItem\",\"position\":5,\"name\":\"Topf Terrakotta toskanischen Imprunetino festonato 60cm\"}]},{\"@type\":\"WebSite\",\"@id\":\"https:\/\/dev.eliassen.nl\/de\/#website\",\"url\":\"https:\/\/dev.eliassen.nl\/de\/\",\"name\":\"Eliassen Home & Garden Pleasure\",\"description\":\"\",\"publisher\":{\"@id\":\"https:\/\/dev.eliassen.nl\/de\/#organization\"},\"alternateName\":\"Eliassen.nl\",\"potentialAction\":[{\"@type\":\"SearchAction\",\"target\":{\"@type\":\"EntryPoint\",\"urlTemplate\":\"https:\/\/dev.eliassen.nl\/de\/?s={search_term_string}\"},\"query-input\":{\"@type\":\"PropertyValueSpecification\",\"valueRequired\":true,\"valueName\":\"search_term_string\"}}],\"inLanguage\":\"de\"},{\"@type\":\"Organization\",\"@id\":\"https:\/\/dev.eliassen.nl\/de\/#organization\",\"name\":\"Eliassen Home & Garden Pleasure\",\"url\":\"https:\/\/dev.eliassen.nl\/de\/\",\"logo\":{\"@type\":\"ImageObject\",\"inLanguage\":\"de\",\"@id\":\"https:\/\/dev.eliassen.nl\/de\/#\/schema\/logo\/image\/\",\"url\":\"https:\/\/www.eliassen.nl\/wp-content\/uploads\/2024\/01\/logo_4nd.jpg\",\"contentUrl\":\"https:\/\/www.eliassen.nl\/wp-content\/uploads\/2024\/01\/logo_4nd.jpg\",\"width\":500,\"height\":500,\"caption\":\"Eliassen Home & Garden Pleasure\"},\"image\":{\"@id\":\"https:\/\/dev.eliassen.nl\/de\/#\/schema\/logo\/image\/\"},\"sameAs\":[\"https:\/\/www.facebook.com\/TuincentrumEliassenAmmerzoden\",\"https:\/\/www.instagram.com\/eliassenhomeandgarden\/\",\"https:\/\/nl.pinterest.com\/eliassenhomeandgarden\/\",\"https:\/\/www.youtube.com\/@eliassenhomegardenpleasure4558\"]}]}<\/script>\n<!-- \/ Yoast SEO plugin. -->","yoast_head_json":{"title":"Topf Terrakotta toskanischen Imprunetino festonato 60cm - Eliassen.nl","description":"Sie m\u00f6chten Ihren Pflanzen mit stabilen Blument\u00f6pfen die beste Pflege bieten? Sehen Sie sich unser Sortiment online an oder besuchen Sie unseren Shop f\u00fcr wei...","robots":{"index":"noindex","follow":"follow","max-snippet":"max-snippet:-1","max-image-preview":"max-image-preview:large","max-video-preview":"max-video-preview:-1"},"og_locale":"de_DE","og_type":"article","og_title":"Topf Terrakotta toskanischen Imprunetino festonato 60cm - Eliassen.nl","og_description":"Sie m\u00f6chten Ihren Pflanzen mit stabilen Blument\u00f6pfen die beste Pflege bieten? Sehen Sie sich unser Sortiment online an oder besuchen Sie unseren Shop f\u00fcr wei...","og_url":"https:\/\/dev.eliassen.nl\/de\/topf-terrakotta-toskanischen-imprunetino-festonato-60cm\/","og_site_name":"Eliassen.nl","article_publisher":"https:\/\/www.facebook.com\/TuincentrumEliassenAmmerzoden","article_modified_time":"2025-01-28T13:31:56+00:00","og_image":[{"width":1584,"height":1500,"url":"https:\/\/dev.eliassen.nl\/wp-content\/uploads\/2024\/01\/246200_2nd.jpg","type":"image\/jpeg"}],"twitter_card":"summary_large_image","schema":{"@context":"https:\/\/schema.org","@graph":[{"@type":"WebPage","@id":"https:\/\/dev.eliassen.nl\/de\/topf-terrakotta-toskanischen-imprunetino-festonato-60cm\/","url":"https:\/\/dev.eliassen.nl\/de\/topf-terrakotta-toskanischen-imprunetino-festonato-60cm\/","name":"Topf Terrakotta toskanischen Imprunetino festonato 60cm - Eliassen.nl","isPartOf":{"@id":"https:\/\/dev.eliassen.nl\/de\/#website"},"primaryImageOfPage":{"@id":"https:\/\/dev.eliassen.nl\/de\/topf-terrakotta-toskanischen-imprunetino-festonato-60cm\/#primaryimage"},"image":{"@id":"https:\/\/dev.eliassen.nl\/de\/topf-terrakotta-toskanischen-imprunetino-festonato-60cm\/#primaryimage"},"thumbnailUrl":"https:\/\/dev.eliassen.nl\/wp-content\/uploads\/2024\/01\/246200_2nd.jpg","datePublished":"2023-04-17T09:23:51+00:00","dateModified":"2025-01-28T13:31:56+00:00","description":"Sie m\u00f6chten Ihren Pflanzen mit stabilen Blument\u00f6pfen die beste Pflege bieten? Sehen Sie sich unser Sortiment online an oder besuchen Sie unseren Shop f\u00fcr wei...","breadcrumb":{"@id":"https:\/\/dev.eliassen.nl\/de\/topf-terrakotta-toskanischen-imprunetino-festonato-60cm\/#breadcrumb"},"inLanguage":"de","potentialAction":[{"@type":"ReadAction","target":["https:\/\/dev.eliassen.nl\/de\/topf-terrakotta-toskanischen-imprunetino-festonato-60cm\/"]}]},{"@type":"ImageObject","inLanguage":"de","@id":"https:\/\/dev.eliassen.nl\/de\/topf-terrakotta-toskanischen-imprunetino-festonato-60cm\/#primaryimage","url":"https:\/\/dev.eliassen.nl\/wp-content\/uploads\/2024\/01\/246200_2nd.jpg","contentUrl":"https:\/\/dev.eliassen.nl\/wp-content\/uploads\/2024\/01\/246200_2nd.jpg","width":1584,"height":1500,"caption":"246200"},{"@type":"BreadcrumbList","@id":"https:\/\/dev.eliassen.nl\/de\/topf-terrakotta-toskanischen-imprunetino-festonato-60cm\/#breadcrumb","itemListElement":[{"@type":"ListItem","position":1,"name":"Home","item":"https:\/\/dev.eliassen.nl\/de\/"},{"@type":"ListItem","position":2,"name":"Shop","item":"https:\/\/dev.eliassen.nl\/nl\/winkel\/"},{"@type":"ListItem","position":3,"name":"Blument\u00f6pfe und Pflanzgef\u00e4\u00dfe","item":"https:\/\/dev.eliassen.nl\/de\/blumentoepfe-und-pflanzgefaesse\/"},{"@type":"ListItem","position":4,"name":"Terrakotta-T\u00f6pfe und -Gl\u00e4ser","item":"https:\/\/dev.eliassen.nl\/de\/blumentoepfe-und-pflanzgefaesse\/terrakotta-toepfe-und-glaeser\/"},{"@type":"ListItem","position":5,"name":"Topf Terrakotta toskanischen Imprunetino festonato 60cm"}]},{"@type":"WebSite","@id":"https:\/\/dev.eliassen.nl\/de\/#website","url":"https:\/\/dev.eliassen.nl\/de\/","name":"Eliassen Home & Garden Pleasure","description":"","publisher":{"@id":"https:\/\/dev.eliassen.nl\/de\/#organization"},"alternateName":"Eliassen.nl","potentialAction":[{"@type":"SearchAction","target":{"@type":"EntryPoint","urlTemplate":"https:\/\/dev.eliassen.nl\/de\/?s={search_term_string}"},"query-input":{"@type":"PropertyValueSpecification","valueRequired":true,"valueName":"search_term_string"}}],"inLanguage":"de"},{"@type":"Organization","@id":"https:\/\/dev.eliassen.nl\/de\/#organization","name":"Eliassen Home & Garden Pleasure","url":"https:\/\/dev.eliassen.nl\/de\/","logo":{"@type":"ImageObject","inLanguage":"de","@id":"https:\/\/dev.eliassen.nl\/de\/#\/schema\/logo\/image\/","url":"https:\/\/www.eliassen.nl\/wp-content\/uploads\/2024\/01\/logo_4nd.jpg","contentUrl":"https:\/\/www.eliassen.nl\/wp-content\/uploads\/2024\/01\/logo_4nd.jpg","width":500,"height":500,"caption":"Eliassen Home & Garden Pleasure"},"image":{"@id":"https:\/\/dev.eliassen.nl\/de\/#\/schema\/logo\/image\/"},"sameAs":["https:\/\/www.facebook.com\/TuincentrumEliassenAmmerzoden","https:\/\/www.instagram.com\/eliassenhomeandgarden\/","https:\/\/nl.pinterest.com\/eliassenhomeandgarden\/","https:\/\/www.youtube.com\/@eliassenhomegardenpleasure4558"]}]}},"df_price":195,"df_sale_price":"","df_regular_price":195,"df_image_link":"https:\/\/dev.eliassen.nl\/wp-content\/uploads\/2024\/01\/246200_2nd.jpg","image":"https:\/\/dev.eliassen.nl\/wp-content\/uploads\/2024\/01\/246200_2nd.jpg","price_search":"<span class=\"woocommerce-Price-amount amount\"><bdi><span class=\"woocommerce-Price-currencySymbol\">&euro;<\/span>&nbsp;195,00<\/bdi><\/span>","category":"Blument\u00f6pfe und Pflanzgef\u00e4\u00dfe","_links":{"self":[{"href":"https:\/\/dev.eliassen.nl\/de\/wp-json\/wp\/v2\/product\/89128","targetHints":{"allow":["GET"]}}],"collection":[{"href":"https:\/\/dev.eliassen.nl\/de\/wp-json\/wp\/v2\/product"}],"about":[{"href":"https:\/\/dev.eliassen.nl\/de\/wp-json\/wp\/v2\/types\/product"}],"wp:featuredmedia":[{"embeddable":true,"href":"https:\/\/dev.eliassen.nl\/de\/wp-json\/wp\/v2\/media\/89125"}],"wp:attachment":[{"href":"https:\/\/dev.eliassen.nl\/de\/wp-json\/wp\/v2\/media?parent=89128"}],"wp:term":[{"taxonomy":"product_brand","embeddable":true,"href":"https:\/\/dev.eliassen.nl\/de\/wp-json\/wp\/v2\/product_brand?post=89128"},{"taxonomy":"product_cat","embeddable":true,"href":"https:\/\/dev.eliassen.nl\/de\/wp-json\/wp\/v2\/product_cat?post=89128"},{"taxonomy":"product_tag","embeddable":true,"href":"https:\/\/dev.eliassen.nl\/de\/wp-json\/wp\/v2\/product_tag?post=89128"}],"curies":[{"name":"wp","href":"https:\/\/api.w.org\/{rel}","templated":true}]}}