{"id":89188,"date":"2023-04-17T11:36:32","date_gmt":"2023-04-17T09:36:32","guid":{"rendered":"https:\/\/www.eliassen.nl\/?product=pot-terracotta-toscaans-limoni-60cm"},"modified":"2025-04-13T19:00:19","modified_gmt":"2025-04-13T17:00:19","slug":"topf-terrakotta-toskanischen-limoni-60cm","status":"publish","type":"product","link":"https:\/\/dev.eliassen.nl\/de\/topf-terrakotta-toskanischen-limoni-60cm\/","title":{"rendered":"Topf Terrakotta toskanischen Limoni 60cm"},"content":{"rendered":"<p><iframe loading=\"lazy\" title=\"YouTube-Videoplayer\" src=\"https:\/\/www.youtube.com\/embed\/gl7xkGLzcKw\" width=\"560\" height=\"315\" frameborder=\"0\" allowfullscreen=\"allowfullscreen\"><\/iframe><\/p>\n<p>Dieser dicke und solide handgedrehte Terrakotta-Topf hat einen bekannten klassischen Look. Der Mittelmeerraum bestimmt das Erscheinungsbild dieses runden Topfes. Dieser Terrakotta-Blumentopf wird in der italienischen Region Toskana hergestellt, die f\u00fcr ihre einzigartige gr\u00fcn-braune Tonfarbe und sehr hohe Qualit\u00e4t bekannt ist. Dieser Ton verf\u00e4rbt sich, nachdem er im Ofen war. Dies, zusammen mit der Tatsache, dass diese Topfserie bei einer sehr hohen Temperatur von 1150 Grad C gebacken wird, macht diese T\u00f6pfe geeignet, um viele Jahre im Freien zu bleiben. Die toskanische Limoni-Linie zeichnet sich durch ihren breiten Rand und die auf dem Glas abgebildeten Zitronen aus.<\/p>\n<ul>\n<li>Gr\u00f6\u00dfe: Durchmesser \u00fcber 60 cm, H\u00f6he 53 cm<\/li>\n<li>Gewicht: 38 kg<\/li>\n<li>Manuell hergestellt<\/li>\n<li>Herkunftsland: Italien, Toskana<\/li>\n<li>Garantie: 5 Jahre, vorbehaltlich \u00e4u\u00dferer Besch\u00e4digung und bestimmungsgem\u00e4\u00dfer Verwendung<\/li>\n<li>Auch diese Topfserie ist bei uns live zu sehen<\/li>\n<\/ul>\n<p>Wenn Sie Terrakottat\u00f6pfe besitzen und keine Ahnung haben, wie Sie sie sauber und in einwandfreiem Zustand halten sollen, empfehlen wir Ihnen, unsere hilfreichen Tipps zu befolgen, um eine lange Lebensdauer Ihrer Terrakottat\u00f6pfe zu gew\u00e4hrleisten.<\/p>\n<p>Reinigung mit Wasser, Zitrone und B\u00fcrste:<\/p>\n<p>Wenn Sie am Ende der Saison gr\u00fcne Flecken auf den Terrakottat\u00f6pfen und eine matte Farbe finden, f\u00fcllen Sie einen Eimer mit kaltem Wasser, f\u00fcgen Sie den Saft einer Zitrone hinzu und waschen Sie den befleckten Teil vorsichtig mit dieser L\u00f6sung.<\/p>\n<p>Sie m\u00fcssen die Oberfl\u00e4chen kr\u00e4ftig mit einer steifen Borstenb\u00fcrste reiben.<\/p><\/p>\n","protected":false},"excerpt":{"rendered":"<p>Sehr solider Terrakottatopf aus Italien. 60 x 53 cm hoch.<\/p>\n","protected":false},"featured_media":89176,"template":"","meta":{"_acf_changed":false},"product_brand":[],"product_cat":[722,1430],"product_tag":[],"class_list":{"0":"post-89188","1":"product","2":"type-product","3":"status-publish","4":"has-post-thumbnail","6":"product_cat-blumentoepfe-und-pflanzgefaesse","7":"product_cat-terrakotta-toepfe-und-glaeser","9":"first","10":"instock","11":"taxable","12":"shipping-taxable","13":"purchasable","14":"product-type-simple"},"acf":[],"yoast_head":"<!-- This site is optimized with the Yoast SEO plugin v23.8 - https:\/\/yoast.com\/wordpress\/plugins\/seo\/ -->\n<title>Topf Terrakotta toskanische Limoni 60cm - Eliassen Home &amp; Gardenpleasure<\/title>\n<meta name=\"description\" content=\"Sehen Sie sich unser Angebot an gro\u00dfen Blument\u00f6pfen und Terrakottat\u00f6pfen mit 5 Jahren Garantie an. Besuchen Sie unseren Shop, um sie live zu sehen!\" \/>\n<meta name=\"robots\" content=\"noindex, follow, max-snippet:-1, max-image-preview:large, max-video-preview:-1\" \/>\n<meta property=\"og:locale\" content=\"de_DE\" \/>\n<meta property=\"og:type\" content=\"article\" \/>\n<meta property=\"og:title\" content=\"Topf Terrakotta toskanische Limoni 60cm - Eliassen Home &amp; Gardenpleasure\" \/>\n<meta property=\"og:description\" content=\"Sehen Sie sich unser Angebot an gro\u00dfen Blument\u00f6pfen und Terrakottat\u00f6pfen mit 5 Jahren Garantie an. Besuchen Sie unseren Shop, um sie live zu sehen!\" \/>\n<meta property=\"og:url\" content=\"https:\/\/dev.eliassen.nl\/de\/topf-terrakotta-toskanischen-limoni-60cm\/\" \/>\n<meta property=\"og:site_name\" content=\"Eliassen.nl\" \/>\n<meta property=\"article:publisher\" content=\"https:\/\/www.facebook.com\/TuincentrumEliassenAmmerzoden\" \/>\n<meta property=\"article:modified_time\" content=\"2025-04-13T17:00:19+00:00\" \/>\n<meta property=\"og:image\" content=\"https:\/\/dev.eliassen.nl\/wp-content\/uploads\/2024\/01\/1_10nd.jpg\" \/>\n\t<meta property=\"og:image:width\" content=\"767\" \/>\n\t<meta property=\"og:image:height\" content=\"716\" \/>\n\t<meta property=\"og:image:type\" content=\"image\/jpeg\" \/>\n<meta name=\"twitter:card\" content=\"summary_large_image\" \/>\n<script type=\"application\/ld+json\" class=\"yoast-schema-graph\">{\"@context\":\"https:\/\/schema.org\",\"@graph\":[{\"@type\":\"WebPage\",\"@id\":\"https:\/\/dev.eliassen.nl\/de\/topf-terrakotta-toskanischen-limoni-60cm\/\",\"url\":\"https:\/\/dev.eliassen.nl\/de\/topf-terrakotta-toskanischen-limoni-60cm\/\",\"name\":\"Topf Terrakotta toskanische Limoni 60cm - Eliassen Home & Gardenpleasure\",\"isPartOf\":{\"@id\":\"https:\/\/dev.eliassen.nl\/de\/#website\"},\"primaryImageOfPage\":{\"@id\":\"https:\/\/dev.eliassen.nl\/de\/topf-terrakotta-toskanischen-limoni-60cm\/#primaryimage\"},\"image\":{\"@id\":\"https:\/\/dev.eliassen.nl\/de\/topf-terrakotta-toskanischen-limoni-60cm\/#primaryimage\"},\"thumbnailUrl\":\"https:\/\/dev.eliassen.nl\/wp-content\/uploads\/2024\/01\/1_10nd.jpg\",\"datePublished\":\"2023-04-17T09:36:32+00:00\",\"dateModified\":\"2025-04-13T17:00:19+00:00\",\"description\":\"Sehen Sie sich unser Angebot an gro\u00dfen Blument\u00f6pfen und Terrakottat\u00f6pfen mit 5 Jahren Garantie an. Besuchen Sie unseren Shop, um sie live zu sehen!\",\"breadcrumb\":{\"@id\":\"https:\/\/dev.eliassen.nl\/de\/topf-terrakotta-toskanischen-limoni-60cm\/#breadcrumb\"},\"inLanguage\":\"de\",\"potentialAction\":[{\"@type\":\"ReadAction\",\"target\":[\"https:\/\/dev.eliassen.nl\/de\/topf-terrakotta-toskanischen-limoni-60cm\/\"]}]},{\"@type\":\"ImageObject\",\"inLanguage\":\"de\",\"@id\":\"https:\/\/dev.eliassen.nl\/de\/topf-terrakotta-toskanischen-limoni-60cm\/#primaryimage\",\"url\":\"https:\/\/dev.eliassen.nl\/wp-content\/uploads\/2024\/01\/1_10nd.jpg\",\"contentUrl\":\"https:\/\/dev.eliassen.nl\/wp-content\/uploads\/2024\/01\/1_10nd.jpg\",\"width\":767,\"height\":716,\"caption\":\"1\"},{\"@type\":\"BreadcrumbList\",\"@id\":\"https:\/\/dev.eliassen.nl\/de\/topf-terrakotta-toskanischen-limoni-60cm\/#breadcrumb\",\"itemListElement\":[{\"@type\":\"ListItem\",\"position\":1,\"name\":\"Home\",\"item\":\"https:\/\/dev.eliassen.nl\/de\/\"},{\"@type\":\"ListItem\",\"position\":2,\"name\":\"Shop\",\"item\":\"https:\/\/dev.eliassen.nl\/nl\/winkel\/\"},{\"@type\":\"ListItem\",\"position\":3,\"name\":\"Blument\u00f6pfe und Pflanzgef\u00e4\u00dfe\",\"item\":\"https:\/\/dev.eliassen.nl\/de\/blumentoepfe-und-pflanzgefaesse\/\"},{\"@type\":\"ListItem\",\"position\":4,\"name\":\"Terrakotta-T\u00f6pfe und -Gl\u00e4ser\",\"item\":\"https:\/\/dev.eliassen.nl\/de\/blumentoepfe-und-pflanzgefaesse\/terrakotta-toepfe-und-glaeser\/\"},{\"@type\":\"ListItem\",\"position\":5,\"name\":\"Topf Terrakotta toskanischen Limoni 60cm\"}]},{\"@type\":\"WebSite\",\"@id\":\"https:\/\/dev.eliassen.nl\/de\/#website\",\"url\":\"https:\/\/dev.eliassen.nl\/de\/\",\"name\":\"Eliassen Home & Garden Pleasure\",\"description\":\"\",\"publisher\":{\"@id\":\"https:\/\/dev.eliassen.nl\/de\/#organization\"},\"alternateName\":\"Eliassen.nl\",\"potentialAction\":[{\"@type\":\"SearchAction\",\"target\":{\"@type\":\"EntryPoint\",\"urlTemplate\":\"https:\/\/dev.eliassen.nl\/de\/?s={search_term_string}\"},\"query-input\":{\"@type\":\"PropertyValueSpecification\",\"valueRequired\":true,\"valueName\":\"search_term_string\"}}],\"inLanguage\":\"de\"},{\"@type\":\"Organization\",\"@id\":\"https:\/\/dev.eliassen.nl\/de\/#organization\",\"name\":\"Eliassen Home & Garden Pleasure\",\"url\":\"https:\/\/dev.eliassen.nl\/de\/\",\"logo\":{\"@type\":\"ImageObject\",\"inLanguage\":\"de\",\"@id\":\"https:\/\/dev.eliassen.nl\/de\/#\/schema\/logo\/image\/\",\"url\":\"https:\/\/www.eliassen.nl\/wp-content\/uploads\/2024\/01\/logo_4nd.jpg\",\"contentUrl\":\"https:\/\/www.eliassen.nl\/wp-content\/uploads\/2024\/01\/logo_4nd.jpg\",\"width\":500,\"height\":500,\"caption\":\"Eliassen Home & Garden Pleasure\"},\"image\":{\"@id\":\"https:\/\/dev.eliassen.nl\/de\/#\/schema\/logo\/image\/\"},\"sameAs\":[\"https:\/\/www.facebook.com\/TuincentrumEliassenAmmerzoden\",\"https:\/\/www.instagram.com\/eliassenhomeandgarden\/\",\"https:\/\/nl.pinterest.com\/eliassenhomeandgarden\/\",\"https:\/\/www.youtube.com\/@eliassenhomegardenpleasure4558\"]}]}<\/script>\n<!-- \/ Yoast SEO plugin. -->","yoast_head_json":{"title":"Topf Terrakotta toskanische Limoni 60cm - Eliassen Home & Gardenpleasure","description":"Sehen Sie sich unser Angebot an gro\u00dfen Blument\u00f6pfen und Terrakottat\u00f6pfen mit 5 Jahren Garantie an. Besuchen Sie unseren Shop, um sie live zu sehen!","robots":{"index":"noindex","follow":"follow","max-snippet":"max-snippet:-1","max-image-preview":"max-image-preview:large","max-video-preview":"max-video-preview:-1"},"og_locale":"de_DE","og_type":"article","og_title":"Topf Terrakotta toskanische Limoni 60cm - Eliassen Home & Gardenpleasure","og_description":"Sehen Sie sich unser Angebot an gro\u00dfen Blument\u00f6pfen und Terrakottat\u00f6pfen mit 5 Jahren Garantie an. Besuchen Sie unseren Shop, um sie live zu sehen!","og_url":"https:\/\/dev.eliassen.nl\/de\/topf-terrakotta-toskanischen-limoni-60cm\/","og_site_name":"Eliassen.nl","article_publisher":"https:\/\/www.facebook.com\/TuincentrumEliassenAmmerzoden","article_modified_time":"2025-04-13T17:00:19+00:00","og_image":[{"width":767,"height":716,"url":"https:\/\/dev.eliassen.nl\/wp-content\/uploads\/2024\/01\/1_10nd.jpg","type":"image\/jpeg"}],"twitter_card":"summary_large_image","schema":{"@context":"https:\/\/schema.org","@graph":[{"@type":"WebPage","@id":"https:\/\/dev.eliassen.nl\/de\/topf-terrakotta-toskanischen-limoni-60cm\/","url":"https:\/\/dev.eliassen.nl\/de\/topf-terrakotta-toskanischen-limoni-60cm\/","name":"Topf Terrakotta toskanische Limoni 60cm - Eliassen Home & Gardenpleasure","isPartOf":{"@id":"https:\/\/dev.eliassen.nl\/de\/#website"},"primaryImageOfPage":{"@id":"https:\/\/dev.eliassen.nl\/de\/topf-terrakotta-toskanischen-limoni-60cm\/#primaryimage"},"image":{"@id":"https:\/\/dev.eliassen.nl\/de\/topf-terrakotta-toskanischen-limoni-60cm\/#primaryimage"},"thumbnailUrl":"https:\/\/dev.eliassen.nl\/wp-content\/uploads\/2024\/01\/1_10nd.jpg","datePublished":"2023-04-17T09:36:32+00:00","dateModified":"2025-04-13T17:00:19+00:00","description":"Sehen Sie sich unser Angebot an gro\u00dfen Blument\u00f6pfen und Terrakottat\u00f6pfen mit 5 Jahren Garantie an. Besuchen Sie unseren Shop, um sie live zu sehen!","breadcrumb":{"@id":"https:\/\/dev.eliassen.nl\/de\/topf-terrakotta-toskanischen-limoni-60cm\/#breadcrumb"},"inLanguage":"de","potentialAction":[{"@type":"ReadAction","target":["https:\/\/dev.eliassen.nl\/de\/topf-terrakotta-toskanischen-limoni-60cm\/"]}]},{"@type":"ImageObject","inLanguage":"de","@id":"https:\/\/dev.eliassen.nl\/de\/topf-terrakotta-toskanischen-limoni-60cm\/#primaryimage","url":"https:\/\/dev.eliassen.nl\/wp-content\/uploads\/2024\/01\/1_10nd.jpg","contentUrl":"https:\/\/dev.eliassen.nl\/wp-content\/uploads\/2024\/01\/1_10nd.jpg","width":767,"height":716,"caption":"1"},{"@type":"BreadcrumbList","@id":"https:\/\/dev.eliassen.nl\/de\/topf-terrakotta-toskanischen-limoni-60cm\/#breadcrumb","itemListElement":[{"@type":"ListItem","position":1,"name":"Home","item":"https:\/\/dev.eliassen.nl\/de\/"},{"@type":"ListItem","position":2,"name":"Shop","item":"https:\/\/dev.eliassen.nl\/nl\/winkel\/"},{"@type":"ListItem","position":3,"name":"Blument\u00f6pfe und Pflanzgef\u00e4\u00dfe","item":"https:\/\/dev.eliassen.nl\/de\/blumentoepfe-und-pflanzgefaesse\/"},{"@type":"ListItem","position":4,"name":"Terrakotta-T\u00f6pfe und -Gl\u00e4ser","item":"https:\/\/dev.eliassen.nl\/de\/blumentoepfe-und-pflanzgefaesse\/terrakotta-toepfe-und-glaeser\/"},{"@type":"ListItem","position":5,"name":"Topf Terrakotta toskanischen Limoni 60cm"}]},{"@type":"WebSite","@id":"https:\/\/dev.eliassen.nl\/de\/#website","url":"https:\/\/dev.eliassen.nl\/de\/","name":"Eliassen Home & Garden Pleasure","description":"","publisher":{"@id":"https:\/\/dev.eliassen.nl\/de\/#organization"},"alternateName":"Eliassen.nl","potentialAction":[{"@type":"SearchAction","target":{"@type":"EntryPoint","urlTemplate":"https:\/\/dev.eliassen.nl\/de\/?s={search_term_string}"},"query-input":{"@type":"PropertyValueSpecification","valueRequired":true,"valueName":"search_term_string"}}],"inLanguage":"de"},{"@type":"Organization","@id":"https:\/\/dev.eliassen.nl\/de\/#organization","name":"Eliassen Home & Garden Pleasure","url":"https:\/\/dev.eliassen.nl\/de\/","logo":{"@type":"ImageObject","inLanguage":"de","@id":"https:\/\/dev.eliassen.nl\/de\/#\/schema\/logo\/image\/","url":"https:\/\/www.eliassen.nl\/wp-content\/uploads\/2024\/01\/logo_4nd.jpg","contentUrl":"https:\/\/www.eliassen.nl\/wp-content\/uploads\/2024\/01\/logo_4nd.jpg","width":500,"height":500,"caption":"Eliassen Home & Garden Pleasure"},"image":{"@id":"https:\/\/dev.eliassen.nl\/de\/#\/schema\/logo\/image\/"},"sameAs":["https:\/\/www.facebook.com\/TuincentrumEliassenAmmerzoden","https:\/\/www.instagram.com\/eliassenhomeandgarden\/","https:\/\/nl.pinterest.com\/eliassenhomeandgarden\/","https:\/\/www.youtube.com\/@eliassenhomegardenpleasure4558"]}]}},"df_price":205,"df_sale_price":"","df_regular_price":205,"df_image_link":"https:\/\/dev.eliassen.nl\/wp-content\/uploads\/2024\/01\/1_10nd.jpg","image":"https:\/\/dev.eliassen.nl\/wp-content\/uploads\/2024\/01\/1_10nd.jpg","price_search":"<span class=\"woocommerce-Price-amount amount\"><bdi><span class=\"woocommerce-Price-currencySymbol\">&euro;<\/span>&nbsp;205,00<\/bdi><\/span>","category":"Blument\u00f6pfe und Pflanzgef\u00e4\u00dfe","_links":{"self":[{"href":"https:\/\/dev.eliassen.nl\/de\/wp-json\/wp\/v2\/product\/89188","targetHints":{"allow":["GET"]}}],"collection":[{"href":"https:\/\/dev.eliassen.nl\/de\/wp-json\/wp\/v2\/product"}],"about":[{"href":"https:\/\/dev.eliassen.nl\/de\/wp-json\/wp\/v2\/types\/product"}],"wp:featuredmedia":[{"embeddable":true,"href":"https:\/\/dev.eliassen.nl\/de\/wp-json\/wp\/v2\/media\/89176"}],"wp:attachment":[{"href":"https:\/\/dev.eliassen.nl\/de\/wp-json\/wp\/v2\/media?parent=89188"}],"wp:term":[{"taxonomy":"product_brand","embeddable":true,"href":"https:\/\/dev.eliassen.nl\/de\/wp-json\/wp\/v2\/product_brand?post=89188"},{"taxonomy":"product_cat","embeddable":true,"href":"https:\/\/dev.eliassen.nl\/de\/wp-json\/wp\/v2\/product_cat?post=89188"},{"taxonomy":"product_tag","embeddable":true,"href":"https:\/\/dev.eliassen.nl\/de\/wp-json\/wp\/v2\/product_tag?post=89188"}],"curies":[{"name":"wp","href":"https:\/\/api.w.org\/{rel}","templated":true}]}}