{"id":89647,"date":"2023-04-18T11:53:44","date_gmt":"2023-04-18T09:53:44","guid":{"rendered":"https:\/\/www.eliassen.nl\/?product=muurzonnewijzer-terracotta-toscaans-zon-46cm"},"modified":"2024-12-05T16:25:59","modified_gmt":"2024-12-05T15:25:59","slug":"wandsonnenuhr-terrakotta-toskanische-sonne-46cm","status":"publish","type":"product","link":"https:\/\/dev.eliassen.nl\/de\/wandsonnenuhr-terrakotta-toskanische-sonne-46cm\/","title":{"rendered":"Wandsonnenuhr Terrakotta toskanische Sonne 46cm"},"content":{"rendered":"<p><iframe loading=\"lazy\" title=\"YouTube-Videoplayer\" src=\"https:\/\/www.youtube.com\/embed\/gl7xkGLzcKw\" width=\"560\" height=\"315\" frameborder=\"0\" allowfullscreen=\"allowfullscreen\"><\/iframe><\/p>\n<p>Diese dicke und solide handgedrehte Sonnenuhr aus Terrakotta hat einen bekannten klassischen Look. Die Mittelmeerregion bestimmt das Erscheinungsbild sch\u00f6ner Wanddekorationen. Diese Terrakotta-Wanddekoration wird in der italienischen Region Toskana hergestellt, die f\u00fcr ihre einzigartige gr\u00fcn-braune Tonfarbe und ihre sehr hohe Qualit\u00e4t bekannt ist. Dieser Ton verf\u00e4rbt sich, nachdem er im Ofen war. Dies, zusammen mit der Tatsache, dass diese Wanddekorationen bei einer sehr hohen Temperatur von 1150 g C gebacken werden, macht diese Wanddekorationen geeignet, um viele Jahre im Freien zu h\u00e4ngen.<\/p>\n<ul>\n<li>Gr\u00f6\u00dfe: 45 x 46 cm.<\/li>\n<li>Gewicht: 3 kg<\/li>\n<li>Manuell hergestellt<\/li>\n<li>Herkunftsland: Italien, Toskana<\/li>\n<li>Garantie: 5 Jahre, vorbehaltlich \u00e4u\u00dferer Besch\u00e4digung und bestimmungsgem\u00e4\u00dfer Verwendung<\/li>\n<\/ul>\n","protected":false},"excerpt":{"rendered":"<p>Sehr solides Terrakotta-Sonnenuhr-Wandpaneel 46x45cm.<\/p>\n","protected":false},"featured_media":89644,"template":"","meta":{"_acf_changed":false},"product_brand":[],"product_cat":[533,755,509,752],"product_tag":[],"class_list":{"0":"post-89647","1":"product","2":"type-product","3":"status-publish","4":"has-post-thumbnail","6":"product_cat-andere-wanddekorationen","7":"product_cat-sonnenuhren","8":"product_cat-wanddekoration","9":"product_cat-weitere-artikel","11":"first","12":"instock","13":"taxable","14":"shipping-taxable","15":"purchasable","16":"product-type-simple"},"acf":[],"yoast_head":"<!-- This site is optimized with the Yoast SEO plugin v23.8 - https:\/\/yoast.com\/wordpress\/plugins\/seo\/ -->\n<title>Wandsonnenuhr Terrakotta toskanische Sonne 46cm - Eliassen Home&amp;Garden<\/title>\n<meta name=\"description\" content=\"Sch\u00f6ne toskanische Terrakotta-Sonnenuhr-Wandtafel. Sehr dekorativ an der Wand. Wundersch\u00f6n verarbeitet und ideal als Geschenk. Toskanische Sonne an der Wand!\" \/>\n<meta name=\"robots\" content=\"noindex, follow, max-snippet:-1, max-image-preview:large, max-video-preview:-1\" \/>\n<meta property=\"og:locale\" content=\"de_DE\" \/>\n<meta property=\"og:type\" content=\"article\" \/>\n<meta property=\"og:title\" content=\"Wandsonnenuhr Terrakotta toskanische Sonne 46cm - Eliassen Home&amp;Garden\" \/>\n<meta property=\"og:description\" content=\"Sch\u00f6ne toskanische Terrakotta-Sonnenuhr-Wandtafel. Sehr dekorativ an der Wand. Wundersch\u00f6n verarbeitet und ideal als Geschenk. Toskanische Sonne an der Wand!\" \/>\n<meta property=\"og:url\" content=\"https:\/\/dev.eliassen.nl\/de\/wandsonnenuhr-terrakotta-toskanische-sonne-46cm\/\" \/>\n<meta property=\"og:site_name\" content=\"Eliassen.nl\" \/>\n<meta property=\"article:publisher\" content=\"https:\/\/www.facebook.com\/TuincentrumEliassenAmmerzoden\" \/>\n<meta property=\"article:modified_time\" content=\"2024-12-05T15:25:59+00:00\" \/>\n<meta property=\"og:image\" content=\"https:\/\/dev.eliassen.nl\/wp-content\/uploads\/2024\/01\/281622.jpg\" \/>\n\t<meta property=\"og:image:width\" content=\"1500\" \/>\n\t<meta property=\"og:image:height\" content=\"1488\" \/>\n\t<meta property=\"og:image:type\" content=\"image\/jpeg\" \/>\n<meta name=\"twitter:card\" content=\"summary_large_image\" \/>\n<script type=\"application\/ld+json\" class=\"yoast-schema-graph\">{\"@context\":\"https:\/\/schema.org\",\"@graph\":[{\"@type\":\"WebPage\",\"@id\":\"https:\/\/dev.eliassen.nl\/de\/wandsonnenuhr-terrakotta-toskanische-sonne-46cm\/\",\"url\":\"https:\/\/dev.eliassen.nl\/de\/wandsonnenuhr-terrakotta-toskanische-sonne-46cm\/\",\"name\":\"Wandsonnenuhr Terrakotta toskanische Sonne 46cm - Eliassen Home&Garden\",\"isPartOf\":{\"@id\":\"https:\/\/dev.eliassen.nl\/de\/#website\"},\"primaryImageOfPage\":{\"@id\":\"https:\/\/dev.eliassen.nl\/de\/wandsonnenuhr-terrakotta-toskanische-sonne-46cm\/#primaryimage\"},\"image\":{\"@id\":\"https:\/\/dev.eliassen.nl\/de\/wandsonnenuhr-terrakotta-toskanische-sonne-46cm\/#primaryimage\"},\"thumbnailUrl\":\"https:\/\/dev.eliassen.nl\/wp-content\/uploads\/2024\/01\/281622.jpg\",\"datePublished\":\"2023-04-18T09:53:44+00:00\",\"dateModified\":\"2024-12-05T15:25:59+00:00\",\"description\":\"Sch\u00f6ne toskanische Terrakotta-Sonnenuhr-Wandtafel. Sehr dekorativ an der Wand. Wundersch\u00f6n verarbeitet und ideal als Geschenk. Toskanische Sonne an der Wand!\",\"breadcrumb\":{\"@id\":\"https:\/\/dev.eliassen.nl\/de\/wandsonnenuhr-terrakotta-toskanische-sonne-46cm\/#breadcrumb\"},\"inLanguage\":\"de\",\"potentialAction\":[{\"@type\":\"ReadAction\",\"target\":[\"https:\/\/dev.eliassen.nl\/de\/wandsonnenuhr-terrakotta-toskanische-sonne-46cm\/\"]}]},{\"@type\":\"ImageObject\",\"inLanguage\":\"de\",\"@id\":\"https:\/\/dev.eliassen.nl\/de\/wandsonnenuhr-terrakotta-toskanische-sonne-46cm\/#primaryimage\",\"url\":\"https:\/\/dev.eliassen.nl\/wp-content\/uploads\/2024\/01\/281622.jpg\",\"contentUrl\":\"https:\/\/dev.eliassen.nl\/wp-content\/uploads\/2024\/01\/281622.jpg\",\"width\":1500,\"height\":1488,\"caption\":\"281622\"},{\"@type\":\"BreadcrumbList\",\"@id\":\"https:\/\/dev.eliassen.nl\/de\/wandsonnenuhr-terrakotta-toskanische-sonne-46cm\/#breadcrumb\",\"itemListElement\":[{\"@type\":\"ListItem\",\"position\":1,\"name\":\"Home\",\"item\":\"https:\/\/dev.eliassen.nl\/de\/\"},{\"@type\":\"ListItem\",\"position\":2,\"name\":\"Shop\",\"item\":\"https:\/\/dev.eliassen.nl\/nl\/winkel\/\"},{\"@type\":\"ListItem\",\"position\":3,\"name\":\"Wanddekoration\",\"item\":\"https:\/\/dev.eliassen.nl\/de\/wanddekoration\/\"},{\"@type\":\"ListItem\",\"position\":4,\"name\":\"Andere Wanddekorationen\",\"item\":\"https:\/\/dev.eliassen.nl\/de\/wanddekoration\/andere-wanddekorationen\/\"},{\"@type\":\"ListItem\",\"position\":5,\"name\":\"Wandsonnenuhr Terrakotta toskanische Sonne 46cm\"}]},{\"@type\":\"WebSite\",\"@id\":\"https:\/\/dev.eliassen.nl\/de\/#website\",\"url\":\"https:\/\/dev.eliassen.nl\/de\/\",\"name\":\"Eliassen Home & Garden Pleasure\",\"description\":\"\",\"publisher\":{\"@id\":\"https:\/\/dev.eliassen.nl\/de\/#organization\"},\"alternateName\":\"Eliassen.nl\",\"potentialAction\":[{\"@type\":\"SearchAction\",\"target\":{\"@type\":\"EntryPoint\",\"urlTemplate\":\"https:\/\/dev.eliassen.nl\/de\/?s={search_term_string}\"},\"query-input\":{\"@type\":\"PropertyValueSpecification\",\"valueRequired\":true,\"valueName\":\"search_term_string\"}}],\"inLanguage\":\"de\"},{\"@type\":\"Organization\",\"@id\":\"https:\/\/dev.eliassen.nl\/de\/#organization\",\"name\":\"Eliassen Home & Garden Pleasure\",\"url\":\"https:\/\/dev.eliassen.nl\/de\/\",\"logo\":{\"@type\":\"ImageObject\",\"inLanguage\":\"de\",\"@id\":\"https:\/\/dev.eliassen.nl\/de\/#\/schema\/logo\/image\/\",\"url\":\"https:\/\/www.eliassen.nl\/wp-content\/uploads\/2024\/01\/logo_4nd.jpg\",\"contentUrl\":\"https:\/\/www.eliassen.nl\/wp-content\/uploads\/2024\/01\/logo_4nd.jpg\",\"width\":500,\"height\":500,\"caption\":\"Eliassen Home & Garden Pleasure\"},\"image\":{\"@id\":\"https:\/\/dev.eliassen.nl\/de\/#\/schema\/logo\/image\/\"},\"sameAs\":[\"https:\/\/www.facebook.com\/TuincentrumEliassenAmmerzoden\",\"https:\/\/www.instagram.com\/eliassenhomeandgarden\/\",\"https:\/\/nl.pinterest.com\/eliassenhomeandgarden\/\",\"https:\/\/www.youtube.com\/@eliassenhomegardenpleasure4558\"]}]}<\/script>\n<!-- \/ Yoast SEO plugin. -->","yoast_head_json":{"title":"Wandsonnenuhr Terrakotta toskanische Sonne 46cm - Eliassen Home&Garden","description":"Sch\u00f6ne toskanische Terrakotta-Sonnenuhr-Wandtafel. Sehr dekorativ an der Wand. Wundersch\u00f6n verarbeitet und ideal als Geschenk. Toskanische Sonne an der Wand!","robots":{"index":"noindex","follow":"follow","max-snippet":"max-snippet:-1","max-image-preview":"max-image-preview:large","max-video-preview":"max-video-preview:-1"},"og_locale":"de_DE","og_type":"article","og_title":"Wandsonnenuhr Terrakotta toskanische Sonne 46cm - Eliassen Home&Garden","og_description":"Sch\u00f6ne toskanische Terrakotta-Sonnenuhr-Wandtafel. Sehr dekorativ an der Wand. Wundersch\u00f6n verarbeitet und ideal als Geschenk. Toskanische Sonne an der Wand!","og_url":"https:\/\/dev.eliassen.nl\/de\/wandsonnenuhr-terrakotta-toskanische-sonne-46cm\/","og_site_name":"Eliassen.nl","article_publisher":"https:\/\/www.facebook.com\/TuincentrumEliassenAmmerzoden","article_modified_time":"2024-12-05T15:25:59+00:00","og_image":[{"width":1500,"height":1488,"url":"https:\/\/dev.eliassen.nl\/wp-content\/uploads\/2024\/01\/281622.jpg","type":"image\/jpeg"}],"twitter_card":"summary_large_image","schema":{"@context":"https:\/\/schema.org","@graph":[{"@type":"WebPage","@id":"https:\/\/dev.eliassen.nl\/de\/wandsonnenuhr-terrakotta-toskanische-sonne-46cm\/","url":"https:\/\/dev.eliassen.nl\/de\/wandsonnenuhr-terrakotta-toskanische-sonne-46cm\/","name":"Wandsonnenuhr Terrakotta toskanische Sonne 46cm - Eliassen Home&Garden","isPartOf":{"@id":"https:\/\/dev.eliassen.nl\/de\/#website"},"primaryImageOfPage":{"@id":"https:\/\/dev.eliassen.nl\/de\/wandsonnenuhr-terrakotta-toskanische-sonne-46cm\/#primaryimage"},"image":{"@id":"https:\/\/dev.eliassen.nl\/de\/wandsonnenuhr-terrakotta-toskanische-sonne-46cm\/#primaryimage"},"thumbnailUrl":"https:\/\/dev.eliassen.nl\/wp-content\/uploads\/2024\/01\/281622.jpg","datePublished":"2023-04-18T09:53:44+00:00","dateModified":"2024-12-05T15:25:59+00:00","description":"Sch\u00f6ne toskanische Terrakotta-Sonnenuhr-Wandtafel. Sehr dekorativ an der Wand. Wundersch\u00f6n verarbeitet und ideal als Geschenk. Toskanische Sonne an der Wand!","breadcrumb":{"@id":"https:\/\/dev.eliassen.nl\/de\/wandsonnenuhr-terrakotta-toskanische-sonne-46cm\/#breadcrumb"},"inLanguage":"de","potentialAction":[{"@type":"ReadAction","target":["https:\/\/dev.eliassen.nl\/de\/wandsonnenuhr-terrakotta-toskanische-sonne-46cm\/"]}]},{"@type":"ImageObject","inLanguage":"de","@id":"https:\/\/dev.eliassen.nl\/de\/wandsonnenuhr-terrakotta-toskanische-sonne-46cm\/#primaryimage","url":"https:\/\/dev.eliassen.nl\/wp-content\/uploads\/2024\/01\/281622.jpg","contentUrl":"https:\/\/dev.eliassen.nl\/wp-content\/uploads\/2024\/01\/281622.jpg","width":1500,"height":1488,"caption":"281622"},{"@type":"BreadcrumbList","@id":"https:\/\/dev.eliassen.nl\/de\/wandsonnenuhr-terrakotta-toskanische-sonne-46cm\/#breadcrumb","itemListElement":[{"@type":"ListItem","position":1,"name":"Home","item":"https:\/\/dev.eliassen.nl\/de\/"},{"@type":"ListItem","position":2,"name":"Shop","item":"https:\/\/dev.eliassen.nl\/nl\/winkel\/"},{"@type":"ListItem","position":3,"name":"Wanddekoration","item":"https:\/\/dev.eliassen.nl\/de\/wanddekoration\/"},{"@type":"ListItem","position":4,"name":"Andere Wanddekorationen","item":"https:\/\/dev.eliassen.nl\/de\/wanddekoration\/andere-wanddekorationen\/"},{"@type":"ListItem","position":5,"name":"Wandsonnenuhr Terrakotta toskanische Sonne 46cm"}]},{"@type":"WebSite","@id":"https:\/\/dev.eliassen.nl\/de\/#website","url":"https:\/\/dev.eliassen.nl\/de\/","name":"Eliassen Home & Garden Pleasure","description":"","publisher":{"@id":"https:\/\/dev.eliassen.nl\/de\/#organization"},"alternateName":"Eliassen.nl","potentialAction":[{"@type":"SearchAction","target":{"@type":"EntryPoint","urlTemplate":"https:\/\/dev.eliassen.nl\/de\/?s={search_term_string}"},"query-input":{"@type":"PropertyValueSpecification","valueRequired":true,"valueName":"search_term_string"}}],"inLanguage":"de"},{"@type":"Organization","@id":"https:\/\/dev.eliassen.nl\/de\/#organization","name":"Eliassen Home & Garden Pleasure","url":"https:\/\/dev.eliassen.nl\/de\/","logo":{"@type":"ImageObject","inLanguage":"de","@id":"https:\/\/dev.eliassen.nl\/de\/#\/schema\/logo\/image\/","url":"https:\/\/www.eliassen.nl\/wp-content\/uploads\/2024\/01\/logo_4nd.jpg","contentUrl":"https:\/\/www.eliassen.nl\/wp-content\/uploads\/2024\/01\/logo_4nd.jpg","width":500,"height":500,"caption":"Eliassen Home & Garden Pleasure"},"image":{"@id":"https:\/\/dev.eliassen.nl\/de\/#\/schema\/logo\/image\/"},"sameAs":["https:\/\/www.facebook.com\/TuincentrumEliassenAmmerzoden","https:\/\/www.instagram.com\/eliassenhomeandgarden\/","https:\/\/nl.pinterest.com\/eliassenhomeandgarden\/","https:\/\/www.youtube.com\/@eliassenhomegardenpleasure4558"]}]}},"df_price":49.5,"df_sale_price":"","df_regular_price":49.5,"df_image_link":"https:\/\/dev.eliassen.nl\/wp-content\/uploads\/2024\/01\/281622.jpg","image":"https:\/\/dev.eliassen.nl\/wp-content\/uploads\/2024\/01\/281622.jpg","price_search":"<span class=\"woocommerce-Price-amount amount\"><bdi><span class=\"woocommerce-Price-currencySymbol\">&euro;<\/span>&nbsp;49,50<\/bdi><\/span>","category":"Andere Wanddekorationen","_links":{"self":[{"href":"https:\/\/dev.eliassen.nl\/de\/wp-json\/wp\/v2\/product\/89647","targetHints":{"allow":["GET"]}}],"collection":[{"href":"https:\/\/dev.eliassen.nl\/de\/wp-json\/wp\/v2\/product"}],"about":[{"href":"https:\/\/dev.eliassen.nl\/de\/wp-json\/wp\/v2\/types\/product"}],"wp:featuredmedia":[{"embeddable":true,"href":"https:\/\/dev.eliassen.nl\/de\/wp-json\/wp\/v2\/media\/89644"}],"wp:attachment":[{"href":"https:\/\/dev.eliassen.nl\/de\/wp-json\/wp\/v2\/media?parent=89647"}],"wp:term":[{"taxonomy":"product_brand","embeddable":true,"href":"https:\/\/dev.eliassen.nl\/de\/wp-json\/wp\/v2\/product_brand?post=89647"},{"taxonomy":"product_cat","embeddable":true,"href":"https:\/\/dev.eliassen.nl\/de\/wp-json\/wp\/v2\/product_cat?post=89647"},{"taxonomy":"product_tag","embeddable":true,"href":"https:\/\/dev.eliassen.nl\/de\/wp-json\/wp\/v2\/product_tag?post=89647"}],"curies":[{"name":"wp","href":"https:\/\/api.w.org\/{rel}","templated":true}]}}