{"id":89665,"date":"2023-04-18T12:06:54","date_gmt":"2023-04-18T10:06:54","guid":{"rendered":"https:\/\/www.eliassen.nl\/?product=wanddeco-terracotta-toscaans-windroos-43cm"},"modified":"2025-04-30T09:28:56","modified_gmt":"2025-04-30T07:28:56","slug":"terrakotta-toskanische-windrose-43-cm","status":"publish","type":"product","link":"https:\/\/dev.eliassen.nl\/de\/terrakotta-toskanische-windrose-43-cm\/","title":{"rendered":"Terrakotta toskanische Windrose 43 cm"},"content":{"rendered":"<p><iframe loading=\"lazy\" title=\"YouTube-Videoplayer\" src=\"https:\/\/www.youtube.com\/embed\/gl7xkGLzcKw\" width=\"560\" height=\"315\" frameborder=\"0\" allowfullscreen=\"allowfullscreen\"><\/iframe><\/p>\n<p>Diese dicke und solide handbemalte Terrakotta-Wanddekoration hat einen bekannten klassischen Look. Der Mittelmeerraum bestimmt das Erscheinungsbild sch\u00f6ner Wanddekorationen. Diese Terrakotta-Wanddekoration wird in der italienischen Region Toskana hergestellt, die f\u00fcr ihre einzigartige gr\u00fcn-braune Tonfarbe und ihre sehr hohe Qualit\u00e4t bekannt ist. Dieser Ton verf\u00e4rbt sich, nachdem er im Ofen war. Dies und die Tatsache, dass diese Wanddekorationen bei einer sehr hohen Temperatur von 1150 g C gebrannt werden, machen diese Wanddekorationen f\u00fcr das Aufh\u00e4ngen im Freien \u00fcber viele Jahre hinweg geeignet.<\/p>\n<ul>\n<li>Gr\u00f6\u00dfe: 43 cm Durchmesser.<\/li>\n<li>Gewicht: 5kg<\/li>\n<li>Von Hand gefertigt<\/li>\n<li>Herkunftsland: Italien, Toskana<\/li>\n<li>Garantie: 5 Jahre, vorbehaltlich \u00e4u\u00dferer Besch\u00e4digung und bestimmungsgem\u00e4\u00dfer Verwendung<\/li>\n<\/ul>\n","protected":false},"excerpt":{"rendered":"<p>Sehr solide Terrakottafliese mit 43 cm Durchmesser.<\/p>\n","protected":false},"featured_media":89659,"template":"","meta":{"_acf_changed":false},"product_brand":[],"product_cat":[533,509],"product_tag":[],"class_list":{"0":"post-89665","1":"product","2":"type-product","3":"status-publish","4":"has-post-thumbnail","6":"product_cat-andere-wanddekorationen","7":"product_cat-wanddekoration","9":"first","10":"instock","11":"taxable","12":"shipping-taxable","13":"purchasable","14":"product-type-simple"},"acf":[],"yoast_head":"<!-- This site is optimized with the Yoast SEO plugin v23.8 - https:\/\/yoast.com\/wordpress\/plugins\/seo\/ -->\n<title>Terrakotta toskanische Windrose 43 cm \u2013 Eliassen Home &amp; Garden<\/title>\n<meta name=\"description\" content=\"Wundersch\u00f6nes toskanisches Terrakotta-Tableau. Sehr dekorativ. Wundersch\u00f6n verarbeitet und ideal als Geschenk. Eine sehr sch\u00f6ne italienische Windrose.\" \/>\n<meta name=\"robots\" content=\"noindex, follow, max-snippet:-1, max-image-preview:large, max-video-preview:-1\" \/>\n<meta property=\"og:locale\" content=\"de_DE\" \/>\n<meta property=\"og:type\" content=\"article\" \/>\n<meta property=\"og:title\" content=\"Terrakotta toskanische Windrose 43 cm \u2013 Eliassen Home &amp; Garden\" \/>\n<meta property=\"og:description\" content=\"Wundersch\u00f6nes toskanisches Terrakotta-Tableau. Sehr dekorativ. Wundersch\u00f6n verarbeitet und ideal als Geschenk. Eine sehr sch\u00f6ne italienische Windrose.\" \/>\n<meta property=\"og:url\" content=\"https:\/\/dev.eliassen.nl\/de\/terrakotta-toskanische-windrose-43-cm\/\" \/>\n<meta property=\"og:site_name\" content=\"Eliassen.nl\" \/>\n<meta property=\"article:publisher\" content=\"https:\/\/www.facebook.com\/TuincentrumEliassenAmmerzoden\" \/>\n<meta property=\"article:modified_time\" content=\"2025-04-30T07:28:56+00:00\" \/>\n<meta property=\"og:image\" content=\"https:\/\/dev.eliassen.nl\/wp-content\/uploads\/2024\/01\/999028.jpg\" \/>\n\t<meta property=\"og:image:width\" content=\"1500\" \/>\n\t<meta property=\"og:image:height\" content=\"1497\" \/>\n\t<meta property=\"og:image:type\" content=\"image\/jpeg\" \/>\n<meta name=\"twitter:card\" content=\"summary_large_image\" \/>\n<script type=\"application\/ld+json\" class=\"yoast-schema-graph\">{\"@context\":\"https:\/\/schema.org\",\"@graph\":[{\"@type\":\"WebPage\",\"@id\":\"https:\/\/dev.eliassen.nl\/de\/terrakotta-toskanische-windrose-43-cm\/\",\"url\":\"https:\/\/dev.eliassen.nl\/de\/terrakotta-toskanische-windrose-43-cm\/\",\"name\":\"Terrakotta toskanische Windrose 43 cm \u2013 Eliassen Home & Garden\",\"isPartOf\":{\"@id\":\"https:\/\/dev.eliassen.nl\/de\/#website\"},\"primaryImageOfPage\":{\"@id\":\"https:\/\/dev.eliassen.nl\/de\/terrakotta-toskanische-windrose-43-cm\/#primaryimage\"},\"image\":{\"@id\":\"https:\/\/dev.eliassen.nl\/de\/terrakotta-toskanische-windrose-43-cm\/#primaryimage\"},\"thumbnailUrl\":\"https:\/\/dev.eliassen.nl\/wp-content\/uploads\/2024\/01\/999028.jpg\",\"datePublished\":\"2023-04-18T10:06:54+00:00\",\"dateModified\":\"2025-04-30T07:28:56+00:00\",\"description\":\"Wundersch\u00f6nes toskanisches Terrakotta-Tableau. Sehr dekorativ. Wundersch\u00f6n verarbeitet und ideal als Geschenk. Eine sehr sch\u00f6ne italienische Windrose.\",\"breadcrumb\":{\"@id\":\"https:\/\/dev.eliassen.nl\/de\/terrakotta-toskanische-windrose-43-cm\/#breadcrumb\"},\"inLanguage\":\"de\",\"potentialAction\":[{\"@type\":\"ReadAction\",\"target\":[\"https:\/\/dev.eliassen.nl\/de\/terrakotta-toskanische-windrose-43-cm\/\"]}]},{\"@type\":\"ImageObject\",\"inLanguage\":\"de\",\"@id\":\"https:\/\/dev.eliassen.nl\/de\/terrakotta-toskanische-windrose-43-cm\/#primaryimage\",\"url\":\"https:\/\/dev.eliassen.nl\/wp-content\/uploads\/2024\/01\/999028.jpg\",\"contentUrl\":\"https:\/\/dev.eliassen.nl\/wp-content\/uploads\/2024\/01\/999028.jpg\",\"width\":1500,\"height\":1497,\"caption\":\"999028\"},{\"@type\":\"BreadcrumbList\",\"@id\":\"https:\/\/dev.eliassen.nl\/de\/terrakotta-toskanische-windrose-43-cm\/#breadcrumb\",\"itemListElement\":[{\"@type\":\"ListItem\",\"position\":1,\"name\":\"Home\",\"item\":\"https:\/\/dev.eliassen.nl\/de\/\"},{\"@type\":\"ListItem\",\"position\":2,\"name\":\"Shop\",\"item\":\"https:\/\/dev.eliassen.nl\/nl\/winkel\/\"},{\"@type\":\"ListItem\",\"position\":3,\"name\":\"Wanddekoration\",\"item\":\"https:\/\/dev.eliassen.nl\/de\/wanddekoration\/\"},{\"@type\":\"ListItem\",\"position\":4,\"name\":\"Andere Wanddekorationen\",\"item\":\"https:\/\/dev.eliassen.nl\/de\/wanddekoration\/andere-wanddekorationen\/\"},{\"@type\":\"ListItem\",\"position\":5,\"name\":\"Terrakotta toskanische Windrose 43 cm\"}]},{\"@type\":\"WebSite\",\"@id\":\"https:\/\/dev.eliassen.nl\/de\/#website\",\"url\":\"https:\/\/dev.eliassen.nl\/de\/\",\"name\":\"Eliassen Home & Garden Pleasure\",\"description\":\"\",\"publisher\":{\"@id\":\"https:\/\/dev.eliassen.nl\/de\/#organization\"},\"alternateName\":\"Eliassen.nl\",\"potentialAction\":[{\"@type\":\"SearchAction\",\"target\":{\"@type\":\"EntryPoint\",\"urlTemplate\":\"https:\/\/dev.eliassen.nl\/de\/?s={search_term_string}\"},\"query-input\":{\"@type\":\"PropertyValueSpecification\",\"valueRequired\":true,\"valueName\":\"search_term_string\"}}],\"inLanguage\":\"de\"},{\"@type\":\"Organization\",\"@id\":\"https:\/\/dev.eliassen.nl\/de\/#organization\",\"name\":\"Eliassen Home & Garden Pleasure\",\"url\":\"https:\/\/dev.eliassen.nl\/de\/\",\"logo\":{\"@type\":\"ImageObject\",\"inLanguage\":\"de\",\"@id\":\"https:\/\/dev.eliassen.nl\/de\/#\/schema\/logo\/image\/\",\"url\":\"https:\/\/www.eliassen.nl\/wp-content\/uploads\/2024\/01\/logo_4nd.jpg\",\"contentUrl\":\"https:\/\/www.eliassen.nl\/wp-content\/uploads\/2024\/01\/logo_4nd.jpg\",\"width\":500,\"height\":500,\"caption\":\"Eliassen Home & Garden Pleasure\"},\"image\":{\"@id\":\"https:\/\/dev.eliassen.nl\/de\/#\/schema\/logo\/image\/\"},\"sameAs\":[\"https:\/\/www.facebook.com\/TuincentrumEliassenAmmerzoden\",\"https:\/\/www.instagram.com\/eliassenhomeandgarden\/\",\"https:\/\/nl.pinterest.com\/eliassenhomeandgarden\/\",\"https:\/\/www.youtube.com\/@eliassenhomegardenpleasure4558\"]}]}<\/script>\n<!-- \/ Yoast SEO plugin. -->","yoast_head_json":{"title":"Terrakotta toskanische Windrose 43 cm \u2013 Eliassen Home & Garden","description":"Wundersch\u00f6nes toskanisches Terrakotta-Tableau. Sehr dekorativ. Wundersch\u00f6n verarbeitet und ideal als Geschenk. Eine sehr sch\u00f6ne italienische Windrose.","robots":{"index":"noindex","follow":"follow","max-snippet":"max-snippet:-1","max-image-preview":"max-image-preview:large","max-video-preview":"max-video-preview:-1"},"og_locale":"de_DE","og_type":"article","og_title":"Terrakotta toskanische Windrose 43 cm \u2013 Eliassen Home & Garden","og_description":"Wundersch\u00f6nes toskanisches Terrakotta-Tableau. Sehr dekorativ. Wundersch\u00f6n verarbeitet und ideal als Geschenk. Eine sehr sch\u00f6ne italienische Windrose.","og_url":"https:\/\/dev.eliassen.nl\/de\/terrakotta-toskanische-windrose-43-cm\/","og_site_name":"Eliassen.nl","article_publisher":"https:\/\/www.facebook.com\/TuincentrumEliassenAmmerzoden","article_modified_time":"2025-04-30T07:28:56+00:00","og_image":[{"width":1500,"height":1497,"url":"https:\/\/dev.eliassen.nl\/wp-content\/uploads\/2024\/01\/999028.jpg","type":"image\/jpeg"}],"twitter_card":"summary_large_image","schema":{"@context":"https:\/\/schema.org","@graph":[{"@type":"WebPage","@id":"https:\/\/dev.eliassen.nl\/de\/terrakotta-toskanische-windrose-43-cm\/","url":"https:\/\/dev.eliassen.nl\/de\/terrakotta-toskanische-windrose-43-cm\/","name":"Terrakotta toskanische Windrose 43 cm \u2013 Eliassen Home & Garden","isPartOf":{"@id":"https:\/\/dev.eliassen.nl\/de\/#website"},"primaryImageOfPage":{"@id":"https:\/\/dev.eliassen.nl\/de\/terrakotta-toskanische-windrose-43-cm\/#primaryimage"},"image":{"@id":"https:\/\/dev.eliassen.nl\/de\/terrakotta-toskanische-windrose-43-cm\/#primaryimage"},"thumbnailUrl":"https:\/\/dev.eliassen.nl\/wp-content\/uploads\/2024\/01\/999028.jpg","datePublished":"2023-04-18T10:06:54+00:00","dateModified":"2025-04-30T07:28:56+00:00","description":"Wundersch\u00f6nes toskanisches Terrakotta-Tableau. Sehr dekorativ. Wundersch\u00f6n verarbeitet und ideal als Geschenk. Eine sehr sch\u00f6ne italienische Windrose.","breadcrumb":{"@id":"https:\/\/dev.eliassen.nl\/de\/terrakotta-toskanische-windrose-43-cm\/#breadcrumb"},"inLanguage":"de","potentialAction":[{"@type":"ReadAction","target":["https:\/\/dev.eliassen.nl\/de\/terrakotta-toskanische-windrose-43-cm\/"]}]},{"@type":"ImageObject","inLanguage":"de","@id":"https:\/\/dev.eliassen.nl\/de\/terrakotta-toskanische-windrose-43-cm\/#primaryimage","url":"https:\/\/dev.eliassen.nl\/wp-content\/uploads\/2024\/01\/999028.jpg","contentUrl":"https:\/\/dev.eliassen.nl\/wp-content\/uploads\/2024\/01\/999028.jpg","width":1500,"height":1497,"caption":"999028"},{"@type":"BreadcrumbList","@id":"https:\/\/dev.eliassen.nl\/de\/terrakotta-toskanische-windrose-43-cm\/#breadcrumb","itemListElement":[{"@type":"ListItem","position":1,"name":"Home","item":"https:\/\/dev.eliassen.nl\/de\/"},{"@type":"ListItem","position":2,"name":"Shop","item":"https:\/\/dev.eliassen.nl\/nl\/winkel\/"},{"@type":"ListItem","position":3,"name":"Wanddekoration","item":"https:\/\/dev.eliassen.nl\/de\/wanddekoration\/"},{"@type":"ListItem","position":4,"name":"Andere Wanddekorationen","item":"https:\/\/dev.eliassen.nl\/de\/wanddekoration\/andere-wanddekorationen\/"},{"@type":"ListItem","position":5,"name":"Terrakotta toskanische Windrose 43 cm"}]},{"@type":"WebSite","@id":"https:\/\/dev.eliassen.nl\/de\/#website","url":"https:\/\/dev.eliassen.nl\/de\/","name":"Eliassen Home & Garden Pleasure","description":"","publisher":{"@id":"https:\/\/dev.eliassen.nl\/de\/#organization"},"alternateName":"Eliassen.nl","potentialAction":[{"@type":"SearchAction","target":{"@type":"EntryPoint","urlTemplate":"https:\/\/dev.eliassen.nl\/de\/?s={search_term_string}"},"query-input":{"@type":"PropertyValueSpecification","valueRequired":true,"valueName":"search_term_string"}}],"inLanguage":"de"},{"@type":"Organization","@id":"https:\/\/dev.eliassen.nl\/de\/#organization","name":"Eliassen Home & Garden Pleasure","url":"https:\/\/dev.eliassen.nl\/de\/","logo":{"@type":"ImageObject","inLanguage":"de","@id":"https:\/\/dev.eliassen.nl\/de\/#\/schema\/logo\/image\/","url":"https:\/\/www.eliassen.nl\/wp-content\/uploads\/2024\/01\/logo_4nd.jpg","contentUrl":"https:\/\/www.eliassen.nl\/wp-content\/uploads\/2024\/01\/logo_4nd.jpg","width":500,"height":500,"caption":"Eliassen Home & Garden Pleasure"},"image":{"@id":"https:\/\/dev.eliassen.nl\/de\/#\/schema\/logo\/image\/"},"sameAs":["https:\/\/www.facebook.com\/TuincentrumEliassenAmmerzoden","https:\/\/www.instagram.com\/eliassenhomeandgarden\/","https:\/\/nl.pinterest.com\/eliassenhomeandgarden\/","https:\/\/www.youtube.com\/@eliassenhomegardenpleasure4558"]}]}},"df_price":34.5,"df_sale_price":"","df_regular_price":34.5,"df_image_link":"https:\/\/dev.eliassen.nl\/wp-content\/uploads\/2024\/01\/999028.jpg","image":"https:\/\/dev.eliassen.nl\/wp-content\/uploads\/2024\/01\/999028.jpg","price_search":"<span class=\"woocommerce-Price-amount amount\"><bdi><span class=\"woocommerce-Price-currencySymbol\">&euro;<\/span>&nbsp;34,50<\/bdi><\/span>","category":"Andere Wanddekorationen","_links":{"self":[{"href":"https:\/\/dev.eliassen.nl\/de\/wp-json\/wp\/v2\/product\/89665","targetHints":{"allow":["GET"]}}],"collection":[{"href":"https:\/\/dev.eliassen.nl\/de\/wp-json\/wp\/v2\/product"}],"about":[{"href":"https:\/\/dev.eliassen.nl\/de\/wp-json\/wp\/v2\/types\/product"}],"wp:featuredmedia":[{"embeddable":true,"href":"https:\/\/dev.eliassen.nl\/de\/wp-json\/wp\/v2\/media\/89659"}],"wp:attachment":[{"href":"https:\/\/dev.eliassen.nl\/de\/wp-json\/wp\/v2\/media?parent=89665"}],"wp:term":[{"taxonomy":"product_brand","embeddable":true,"href":"https:\/\/dev.eliassen.nl\/de\/wp-json\/wp\/v2\/product_brand?post=89665"},{"taxonomy":"product_cat","embeddable":true,"href":"https:\/\/dev.eliassen.nl\/de\/wp-json\/wp\/v2\/product_cat?post=89665"},{"taxonomy":"product_tag","embeddable":true,"href":"https:\/\/dev.eliassen.nl\/de\/wp-json\/wp\/v2\/product_tag?post=89665"}],"curies":[{"name":"wp","href":"https:\/\/api.w.org\/{rel}","templated":true}]}}