{"id":89761,"date":"2023-04-20T10:19:29","date_gmt":"2023-04-20T08:19:29","guid":{"rendered":"https:\/\/www.eliassen.nl\/?product=tuinbankje-metaal-bruin-sofia-104cm"},"modified":"2024-12-05T16:26:18","modified_gmt":"2024-12-05T15:26:18","slug":"gartenbank-metall-braun-sofia-104cm-mit-gratis-kissen","status":"publish","type":"product","link":"https:\/\/dev.eliassen.nl\/de\/gartenbank-metall-braun-sofia-104cm-mit-gratis-kissen\/","title":{"rendered":"Gartenbank Metall braun Sofia 104cm"},"content":{"rendered":"<p>Ein klassisches, aber zeitloses Modell, diese Gartenbank aus Eisen. Wundersch\u00f6n aus Metall gefertigt, in einem sch\u00f6nen Altbraun lackiert und dann mit einer anderen Farbe gewaschen, wodurch ein wundersch\u00f6ner Antik-Look entsteht. Diese Bank ist <strong>aus massivem<\/strong> Eisen gefertigt. Ausgestattet mit \u201eZiernieten\u201c.<\/p>\n<p>Diese Bank muss mit 10 Muttern zusammengebaut werden. Sitz und R\u00fcckenlehne sind durch Scharniere miteinander verbunden.<\/p>\n<ul>\n<li>Gr\u00f6\u00dfe: 104 breit, Tiefe 61 cm und H\u00f6he 86 cm, Sitzh\u00f6he 43 cm<\/li>\n<li>Farbe: Altbraun<\/li>\n<li>1 Jahr Garantie<\/li>\n<li>Wir haben diesen Artikel in unserem Ausstellungsraum.<\/li>\n<\/ul>\n","protected":false},"excerpt":{"rendered":"<p>Massive Metallbank aus fr\u00fcheren Zeiten, gute Qualit\u00e4t<\/p>\n","protected":false},"featured_media":89740,"template":"","meta":{"_acf_changed":false},"product_brand":[],"product_cat":[761,752],"product_tag":[],"class_list":{"0":"post-89761","1":"product","2":"type-product","3":"status-publish","4":"has-post-thumbnail","6":"product_cat-gartenmoebel","7":"product_cat-weitere-artikel","9":"first","10":"instock","11":"taxable","12":"shipping-taxable","13":"purchasable","14":"product-type-simple"},"acf":[],"yoast_head":"<!-- This site is optimized with the Yoast SEO plugin v23.8 - https:\/\/yoast.com\/wordpress\/plugins\/seo\/ -->\n<title>Gartenbank Metall braun Sofia 104cm<\/title>\n<meta name=\"description\" content=\"Gartenb\u00e4nke; Wir haben sie in vielen Modellen und Materialien, sehen Sie sie sich alle in unserem Webshop an oder kommen Sie und sehen Sie sie sich live an !!!\" \/>\n<meta name=\"robots\" content=\"noindex, follow, max-snippet:-1, max-image-preview:large, max-video-preview:-1\" \/>\n<meta property=\"og:locale\" content=\"de_DE\" \/>\n<meta property=\"og:type\" content=\"article\" \/>\n<meta property=\"og:title\" content=\"Gartenbank Metall braun Sofia 104cm\" \/>\n<meta property=\"og:description\" content=\"Gartenb\u00e4nke; Wir haben sie in vielen Modellen und Materialien, sehen Sie sie sich alle in unserem Webshop an oder kommen Sie und sehen Sie sie sich live an !!!\" \/>\n<meta property=\"og:url\" content=\"https:\/\/dev.eliassen.nl\/de\/gartenbank-metall-braun-sofia-104cm-mit-gratis-kissen\/\" \/>\n<meta property=\"og:site_name\" content=\"Eliassen.nl\" \/>\n<meta property=\"article:publisher\" content=\"https:\/\/www.facebook.com\/TuincentrumEliassenAmmerzoden\" \/>\n<meta property=\"article:modified_time\" content=\"2024-12-05T15:26:18+00:00\" \/>\n<meta property=\"og:image\" content=\"https:\/\/dev.eliassen.nl\/wp-content\/uploads\/2024\/01\/processed162172c00c204c48bf81119cc96b8da88dq.jpg\" \/>\n\t<meta property=\"og:image:width\" content=\"2048\" \/>\n\t<meta property=\"og:image:height\" content=\"1956\" \/>\n\t<meta property=\"og:image:type\" content=\"image\/jpeg\" \/>\n<meta name=\"twitter:card\" content=\"summary_large_image\" \/>\n<script type=\"application\/ld+json\" class=\"yoast-schema-graph\">{\"@context\":\"https:\/\/schema.org\",\"@graph\":[{\"@type\":\"WebPage\",\"@id\":\"https:\/\/dev.eliassen.nl\/de\/gartenbank-metall-braun-sofia-104cm-mit-gratis-kissen\/\",\"url\":\"https:\/\/dev.eliassen.nl\/de\/gartenbank-metall-braun-sofia-104cm-mit-gratis-kissen\/\",\"name\":\"Gartenbank Metall braun Sofia 104cm\",\"isPartOf\":{\"@id\":\"https:\/\/dev.eliassen.nl\/de\/#website\"},\"primaryImageOfPage\":{\"@id\":\"https:\/\/dev.eliassen.nl\/de\/gartenbank-metall-braun-sofia-104cm-mit-gratis-kissen\/#primaryimage\"},\"image\":{\"@id\":\"https:\/\/dev.eliassen.nl\/de\/gartenbank-metall-braun-sofia-104cm-mit-gratis-kissen\/#primaryimage\"},\"thumbnailUrl\":\"https:\/\/dev.eliassen.nl\/wp-content\/uploads\/2024\/01\/processed162172c00c204c48bf81119cc96b8da88dq.jpg\",\"datePublished\":\"2023-04-20T08:19:29+00:00\",\"dateModified\":\"2024-12-05T15:26:18+00:00\",\"description\":\"Gartenb\u00e4nke; Wir haben sie in vielen Modellen und Materialien, sehen Sie sie sich alle in unserem Webshop an oder kommen Sie und sehen Sie sie sich live an !!!\",\"breadcrumb\":{\"@id\":\"https:\/\/dev.eliassen.nl\/de\/gartenbank-metall-braun-sofia-104cm-mit-gratis-kissen\/#breadcrumb\"},\"inLanguage\":\"de\",\"potentialAction\":[{\"@type\":\"ReadAction\",\"target\":[\"https:\/\/dev.eliassen.nl\/de\/gartenbank-metall-braun-sofia-104cm-mit-gratis-kissen\/\"]}]},{\"@type\":\"ImageObject\",\"inLanguage\":\"de\",\"@id\":\"https:\/\/dev.eliassen.nl\/de\/gartenbank-metall-braun-sofia-104cm-mit-gratis-kissen\/#primaryimage\",\"url\":\"https:\/\/dev.eliassen.nl\/wp-content\/uploads\/2024\/01\/processed162172c00c204c48bf81119cc96b8da88dq.jpg\",\"contentUrl\":\"https:\/\/dev.eliassen.nl\/wp-content\/uploads\/2024\/01\/processed162172c00c204c48bf81119cc96b8da88dq.jpg\",\"width\":2048,\"height\":1956,\"caption\":\"processed-162172c0-0c20-4c48-bf81-119cc96b8da8_8dQkitjg\"},{\"@type\":\"BreadcrumbList\",\"@id\":\"https:\/\/dev.eliassen.nl\/de\/gartenbank-metall-braun-sofia-104cm-mit-gratis-kissen\/#breadcrumb\",\"itemListElement\":[{\"@type\":\"ListItem\",\"position\":1,\"name\":\"Home\",\"item\":\"https:\/\/dev.eliassen.nl\/de\/\"},{\"@type\":\"ListItem\",\"position\":2,\"name\":\"Shop\",\"item\":\"https:\/\/dev.eliassen.nl\/nl\/winkel\/\"},{\"@type\":\"ListItem\",\"position\":3,\"name\":\"Weitere Artikel\",\"item\":\"https:\/\/dev.eliassen.nl\/de\/weitere-artikel\/\"},{\"@type\":\"ListItem\",\"position\":4,\"name\":\"Gartenm\u00f6bel\",\"item\":\"https:\/\/dev.eliassen.nl\/de\/garten-andere\/gartenmoebel\/\"},{\"@type\":\"ListItem\",\"position\":5,\"name\":\"Gartenbank Metall braun Sofia 104cm\"}]},{\"@type\":\"WebSite\",\"@id\":\"https:\/\/dev.eliassen.nl\/de\/#website\",\"url\":\"https:\/\/dev.eliassen.nl\/de\/\",\"name\":\"Eliassen Home & Garden Pleasure\",\"description\":\"\",\"publisher\":{\"@id\":\"https:\/\/dev.eliassen.nl\/de\/#organization\"},\"alternateName\":\"Eliassen.nl\",\"potentialAction\":[{\"@type\":\"SearchAction\",\"target\":{\"@type\":\"EntryPoint\",\"urlTemplate\":\"https:\/\/dev.eliassen.nl\/de\/?s={search_term_string}\"},\"query-input\":{\"@type\":\"PropertyValueSpecification\",\"valueRequired\":true,\"valueName\":\"search_term_string\"}}],\"inLanguage\":\"de\"},{\"@type\":\"Organization\",\"@id\":\"https:\/\/dev.eliassen.nl\/de\/#organization\",\"name\":\"Eliassen Home & Garden Pleasure\",\"url\":\"https:\/\/dev.eliassen.nl\/de\/\",\"logo\":{\"@type\":\"ImageObject\",\"inLanguage\":\"de\",\"@id\":\"https:\/\/dev.eliassen.nl\/de\/#\/schema\/logo\/image\/\",\"url\":\"https:\/\/www.eliassen.nl\/wp-content\/uploads\/2024\/01\/logo_4nd.jpg\",\"contentUrl\":\"https:\/\/www.eliassen.nl\/wp-content\/uploads\/2024\/01\/logo_4nd.jpg\",\"width\":500,\"height\":500,\"caption\":\"Eliassen Home & Garden Pleasure\"},\"image\":{\"@id\":\"https:\/\/dev.eliassen.nl\/de\/#\/schema\/logo\/image\/\"},\"sameAs\":[\"https:\/\/www.facebook.com\/TuincentrumEliassenAmmerzoden\",\"https:\/\/www.instagram.com\/eliassenhomeandgarden\/\",\"https:\/\/nl.pinterest.com\/eliassenhomeandgarden\/\",\"https:\/\/www.youtube.com\/@eliassenhomegardenpleasure4558\"]}]}<\/script>\n<!-- \/ Yoast SEO plugin. -->","yoast_head_json":{"title":"Gartenbank Metall braun Sofia 104cm","description":"Gartenb\u00e4nke; Wir haben sie in vielen Modellen und Materialien, sehen Sie sie sich alle in unserem Webshop an oder kommen Sie und sehen Sie sie sich live an !!!","robots":{"index":"noindex","follow":"follow","max-snippet":"max-snippet:-1","max-image-preview":"max-image-preview:large","max-video-preview":"max-video-preview:-1"},"og_locale":"de_DE","og_type":"article","og_title":"Gartenbank Metall braun Sofia 104cm","og_description":"Gartenb\u00e4nke; Wir haben sie in vielen Modellen und Materialien, sehen Sie sie sich alle in unserem Webshop an oder kommen Sie und sehen Sie sie sich live an !!!","og_url":"https:\/\/dev.eliassen.nl\/de\/gartenbank-metall-braun-sofia-104cm-mit-gratis-kissen\/","og_site_name":"Eliassen.nl","article_publisher":"https:\/\/www.facebook.com\/TuincentrumEliassenAmmerzoden","article_modified_time":"2024-12-05T15:26:18+00:00","og_image":[{"width":2048,"height":1956,"url":"https:\/\/dev.eliassen.nl\/wp-content\/uploads\/2024\/01\/processed162172c00c204c48bf81119cc96b8da88dq.jpg","type":"image\/jpeg"}],"twitter_card":"summary_large_image","schema":{"@context":"https:\/\/schema.org","@graph":[{"@type":"WebPage","@id":"https:\/\/dev.eliassen.nl\/de\/gartenbank-metall-braun-sofia-104cm-mit-gratis-kissen\/","url":"https:\/\/dev.eliassen.nl\/de\/gartenbank-metall-braun-sofia-104cm-mit-gratis-kissen\/","name":"Gartenbank Metall braun Sofia 104cm","isPartOf":{"@id":"https:\/\/dev.eliassen.nl\/de\/#website"},"primaryImageOfPage":{"@id":"https:\/\/dev.eliassen.nl\/de\/gartenbank-metall-braun-sofia-104cm-mit-gratis-kissen\/#primaryimage"},"image":{"@id":"https:\/\/dev.eliassen.nl\/de\/gartenbank-metall-braun-sofia-104cm-mit-gratis-kissen\/#primaryimage"},"thumbnailUrl":"https:\/\/dev.eliassen.nl\/wp-content\/uploads\/2024\/01\/processed162172c00c204c48bf81119cc96b8da88dq.jpg","datePublished":"2023-04-20T08:19:29+00:00","dateModified":"2024-12-05T15:26:18+00:00","description":"Gartenb\u00e4nke; Wir haben sie in vielen Modellen und Materialien, sehen Sie sie sich alle in unserem Webshop an oder kommen Sie und sehen Sie sie sich live an !!!","breadcrumb":{"@id":"https:\/\/dev.eliassen.nl\/de\/gartenbank-metall-braun-sofia-104cm-mit-gratis-kissen\/#breadcrumb"},"inLanguage":"de","potentialAction":[{"@type":"ReadAction","target":["https:\/\/dev.eliassen.nl\/de\/gartenbank-metall-braun-sofia-104cm-mit-gratis-kissen\/"]}]},{"@type":"ImageObject","inLanguage":"de","@id":"https:\/\/dev.eliassen.nl\/de\/gartenbank-metall-braun-sofia-104cm-mit-gratis-kissen\/#primaryimage","url":"https:\/\/dev.eliassen.nl\/wp-content\/uploads\/2024\/01\/processed162172c00c204c48bf81119cc96b8da88dq.jpg","contentUrl":"https:\/\/dev.eliassen.nl\/wp-content\/uploads\/2024\/01\/processed162172c00c204c48bf81119cc96b8da88dq.jpg","width":2048,"height":1956,"caption":"processed-162172c0-0c20-4c48-bf81-119cc96b8da8_8dQkitjg"},{"@type":"BreadcrumbList","@id":"https:\/\/dev.eliassen.nl\/de\/gartenbank-metall-braun-sofia-104cm-mit-gratis-kissen\/#breadcrumb","itemListElement":[{"@type":"ListItem","position":1,"name":"Home","item":"https:\/\/dev.eliassen.nl\/de\/"},{"@type":"ListItem","position":2,"name":"Shop","item":"https:\/\/dev.eliassen.nl\/nl\/winkel\/"},{"@type":"ListItem","position":3,"name":"Weitere Artikel","item":"https:\/\/dev.eliassen.nl\/de\/weitere-artikel\/"},{"@type":"ListItem","position":4,"name":"Gartenm\u00f6bel","item":"https:\/\/dev.eliassen.nl\/de\/garten-andere\/gartenmoebel\/"},{"@type":"ListItem","position":5,"name":"Gartenbank Metall braun Sofia 104cm"}]},{"@type":"WebSite","@id":"https:\/\/dev.eliassen.nl\/de\/#website","url":"https:\/\/dev.eliassen.nl\/de\/","name":"Eliassen Home & Garden Pleasure","description":"","publisher":{"@id":"https:\/\/dev.eliassen.nl\/de\/#organization"},"alternateName":"Eliassen.nl","potentialAction":[{"@type":"SearchAction","target":{"@type":"EntryPoint","urlTemplate":"https:\/\/dev.eliassen.nl\/de\/?s={search_term_string}"},"query-input":{"@type":"PropertyValueSpecification","valueRequired":true,"valueName":"search_term_string"}}],"inLanguage":"de"},{"@type":"Organization","@id":"https:\/\/dev.eliassen.nl\/de\/#organization","name":"Eliassen Home & Garden Pleasure","url":"https:\/\/dev.eliassen.nl\/de\/","logo":{"@type":"ImageObject","inLanguage":"de","@id":"https:\/\/dev.eliassen.nl\/de\/#\/schema\/logo\/image\/","url":"https:\/\/www.eliassen.nl\/wp-content\/uploads\/2024\/01\/logo_4nd.jpg","contentUrl":"https:\/\/www.eliassen.nl\/wp-content\/uploads\/2024\/01\/logo_4nd.jpg","width":500,"height":500,"caption":"Eliassen Home & Garden Pleasure"},"image":{"@id":"https:\/\/dev.eliassen.nl\/de\/#\/schema\/logo\/image\/"},"sameAs":["https:\/\/www.facebook.com\/TuincentrumEliassenAmmerzoden","https:\/\/www.instagram.com\/eliassenhomeandgarden\/","https:\/\/nl.pinterest.com\/eliassenhomeandgarden\/","https:\/\/www.youtube.com\/@eliassenhomegardenpleasure4558"]}]}},"df_price":159,"df_sale_price":"","df_regular_price":159,"df_image_link":"https:\/\/dev.eliassen.nl\/wp-content\/uploads\/2024\/01\/processed162172c00c204c48bf81119cc96b8da88dq.jpg","image":"https:\/\/dev.eliassen.nl\/wp-content\/uploads\/2024\/01\/processed162172c00c204c48bf81119cc96b8da88dq.jpg","price_search":"<span class=\"woocommerce-Price-amount amount\"><bdi><span class=\"woocommerce-Price-currencySymbol\">&euro;<\/span>&nbsp;159,00<\/bdi><\/span>","category":"Gartenm\u00f6bel","_links":{"self":[{"href":"https:\/\/dev.eliassen.nl\/de\/wp-json\/wp\/v2\/product\/89761","targetHints":{"allow":["GET"]}}],"collection":[{"href":"https:\/\/dev.eliassen.nl\/de\/wp-json\/wp\/v2\/product"}],"about":[{"href":"https:\/\/dev.eliassen.nl\/de\/wp-json\/wp\/v2\/types\/product"}],"wp:featuredmedia":[{"embeddable":true,"href":"https:\/\/dev.eliassen.nl\/de\/wp-json\/wp\/v2\/media\/89740"}],"wp:attachment":[{"href":"https:\/\/dev.eliassen.nl\/de\/wp-json\/wp\/v2\/media?parent=89761"}],"wp:term":[{"taxonomy":"product_brand","embeddable":true,"href":"https:\/\/dev.eliassen.nl\/de\/wp-json\/wp\/v2\/product_brand?post=89761"},{"taxonomy":"product_cat","embeddable":true,"href":"https:\/\/dev.eliassen.nl\/de\/wp-json\/wp\/v2\/product_cat?post=89761"},{"taxonomy":"product_tag","embeddable":true,"href":"https:\/\/dev.eliassen.nl\/de\/wp-json\/wp\/v2\/product_tag?post=89761"}],"curies":[{"name":"wp","href":"https:\/\/api.w.org\/{rel}","templated":true}]}}