{"id":89923,"date":"2023-05-19T14:31:19","date_gmt":"2023-05-19T12:31:19","guid":{"rendered":"https:\/\/www.eliassen.nl\/?product=schommelbank-nicole-metaal-wit-118cm-met-kussens"},"modified":"2024-12-05T16:26:38","modified_gmt":"2024-12-05T15:26:38","slug":"schaukelbank-nicole-metall-weiss-118cm-mit-kissen","status":"publish","type":"product","link":"https:\/\/dev.eliassen.nl\/de\/schaukelbank-nicole-metall-weiss-118cm-mit-kissen\/","title":{"rendered":"Schaukelbank Nicole Metall wei\u00df 118cm"},"content":{"rendered":"<p>Ein klassisches, aber zeitloses Modell, diese romantisch geformte Schaukelbank aus Eisen. Wundersch\u00f6n aus Metall gefertigt, in einem sch\u00f6nen alten Wei\u00df lackiert und dann mit einer anderen Farbe gewaschen, wodurch ein wundersch\u00f6ner antiker Look entsteht. Auf diesem Sofa werden Sie einige gem\u00fctliche Stunden verbringen!! Die leicht konkav geschwungene Sitzfl\u00e4che sorgt f\u00fcr einen guten Sitz.<\/p>\n<p>Diese Bank muss mit 10 Muttern zusammengebaut werden. Sitz und R\u00fcckenlehne sind durch Scharniere miteinander verbunden.<\/p>\n<ul>\n<li>Gr\u00f6\u00dfe: 118 breit, Tiefe 90 cm und H\u00f6he 90 cm, Sitzh\u00f6he 43 cm<\/li>\n<li>Farbe: Altwei\u00df<\/li>\n<li>1 Jahr Garantie<\/li>\n<li>Wir haben diesen Artikel in unserem Ausstellungsraum.<\/li>\n<\/ul>\n","protected":false},"excerpt":{"rendered":"<p>Ein klassisches, aber zeitloses Modell, diese romantisch geformte Schaukelbank aus Eisen. Wundersch\u00f6n aus Metall gefertigt, in einem sch\u00f6nen alten Wei\u00df lackiert und dann mit einer anderen Farbe gewaschen, wodurch ein wundersch\u00f6ner antiker Look entsteht. Auf diesem Sofa werden Sie einige gem\u00fctliche Stunden verbringen!! Die leicht konkav geschwungene Sitzfl\u00e4che sorgt f\u00fcr einen guten Sitz. Diese Bank &hellip;<\/p>\n","protected":false},"featured_media":89911,"template":"","meta":{"_acf_changed":false},"product_brand":[],"product_cat":[806,761,752],"product_tag":[],"class_list":{"0":"post-89923","1":"product","2":"type-product","3":"status-publish","4":"has-post-thumbnail","6":"product_cat-gartenbaenke","7":"product_cat-gartenmoebel","8":"product_cat-weitere-artikel","10":"first","11":"instock","12":"taxable","13":"shipping-taxable","14":"purchasable","15":"product-type-simple"},"acf":[],"yoast_head":"<!-- This site is optimized with the Yoast SEO plugin v23.8 - https:\/\/yoast.com\/wordpress\/plugins\/seo\/ -->\n<title>Schaukelbank Nicole Metall wei\u00df 118cm mit Kissen<\/title>\n<meta name=\"description\" content=\"Wir haben sie in vielen Modellen und Materialien, sehen Sie sie sich alle in unserem Webshop an oder kommen Sie vorbei und sehen Sie sich die Gartenb\u00e4nke liv...\" \/>\n<meta name=\"robots\" content=\"noindex, follow, max-snippet:-1, max-image-preview:large, max-video-preview:-1\" \/>\n<meta property=\"og:locale\" content=\"de_DE\" \/>\n<meta property=\"og:type\" content=\"article\" \/>\n<meta property=\"og:title\" content=\"Schaukelbank Nicole Metall wei\u00df 118cm mit Kissen\" \/>\n<meta property=\"og:description\" content=\"Wir haben sie in vielen Modellen und Materialien, sehen Sie sie sich alle in unserem Webshop an oder kommen Sie vorbei und sehen Sie sich die Gartenb\u00e4nke liv...\" \/>\n<meta property=\"og:url\" content=\"https:\/\/dev.eliassen.nl\/de\/schaukelbank-nicole-metall-weiss-118cm-mit-kissen\/\" \/>\n<meta property=\"og:site_name\" content=\"Eliassen.nl\" \/>\n<meta property=\"article:publisher\" content=\"https:\/\/www.facebook.com\/TuincentrumEliassenAmmerzoden\" \/>\n<meta property=\"article:modified_time\" content=\"2024-12-05T15:26:38+00:00\" \/>\n<meta property=\"og:image\" content=\"https:\/\/dev.eliassen.nl\/wp-content\/uploads\/2024\/01\/proo97rfc4x.jpg\" \/>\n\t<meta property=\"og:image:width\" content=\"1152\" \/>\n\t<meta property=\"og:image:height\" content=\"2048\" \/>\n\t<meta property=\"og:image:type\" content=\"image\/jpeg\" \/>\n<meta name=\"twitter:card\" content=\"summary_large_image\" \/>\n<script type=\"application\/ld+json\" class=\"yoast-schema-graph\">{\"@context\":\"https:\/\/schema.org\",\"@graph\":[{\"@type\":\"WebPage\",\"@id\":\"https:\/\/dev.eliassen.nl\/de\/schaukelbank-nicole-metall-weiss-118cm-mit-kissen\/\",\"url\":\"https:\/\/dev.eliassen.nl\/de\/schaukelbank-nicole-metall-weiss-118cm-mit-kissen\/\",\"name\":\"Schaukelbank Nicole Metall wei\u00df 118cm mit Kissen\",\"isPartOf\":{\"@id\":\"https:\/\/dev.eliassen.nl\/de\/#website\"},\"primaryImageOfPage\":{\"@id\":\"https:\/\/dev.eliassen.nl\/de\/schaukelbank-nicole-metall-weiss-118cm-mit-kissen\/#primaryimage\"},\"image\":{\"@id\":\"https:\/\/dev.eliassen.nl\/de\/schaukelbank-nicole-metall-weiss-118cm-mit-kissen\/#primaryimage\"},\"thumbnailUrl\":\"https:\/\/dev.eliassen.nl\/wp-content\/uploads\/2024\/01\/proo97rfc4x.jpg\",\"datePublished\":\"2023-05-19T12:31:19+00:00\",\"dateModified\":\"2024-12-05T15:26:38+00:00\",\"description\":\"Wir haben sie in vielen Modellen und Materialien, sehen Sie sie sich alle in unserem Webshop an oder kommen Sie vorbei und sehen Sie sich die Gartenb\u00e4nke liv...\",\"breadcrumb\":{\"@id\":\"https:\/\/dev.eliassen.nl\/de\/schaukelbank-nicole-metall-weiss-118cm-mit-kissen\/#breadcrumb\"},\"inLanguage\":\"de\",\"potentialAction\":[{\"@type\":\"ReadAction\",\"target\":[\"https:\/\/dev.eliassen.nl\/de\/schaukelbank-nicole-metall-weiss-118cm-mit-kissen\/\"]}]},{\"@type\":\"ImageObject\",\"inLanguage\":\"de\",\"@id\":\"https:\/\/dev.eliassen.nl\/de\/schaukelbank-nicole-metall-weiss-118cm-mit-kissen\/#primaryimage\",\"url\":\"https:\/\/dev.eliassen.nl\/wp-content\/uploads\/2024\/01\/proo97rfc4x.jpg\",\"contentUrl\":\"https:\/\/dev.eliassen.nl\/wp-content\/uploads\/2024\/01\/proo97rfc4x.jpg\",\"width\":1152,\"height\":2048,\"caption\":\"pro-o97RFC4x\"},{\"@type\":\"BreadcrumbList\",\"@id\":\"https:\/\/dev.eliassen.nl\/de\/schaukelbank-nicole-metall-weiss-118cm-mit-kissen\/#breadcrumb\",\"itemListElement\":[{\"@type\":\"ListItem\",\"position\":1,\"name\":\"Home\",\"item\":\"https:\/\/dev.eliassen.nl\/de\/\"},{\"@type\":\"ListItem\",\"position\":2,\"name\":\"Shop\",\"item\":\"https:\/\/dev.eliassen.nl\/nl\/winkel\/\"},{\"@type\":\"ListItem\",\"position\":3,\"name\":\"Weitere Artikel\",\"item\":\"https:\/\/dev.eliassen.nl\/de\/weitere-artikel\/\"},{\"@type\":\"ListItem\",\"position\":4,\"name\":\"Gartenm\u00f6bel\",\"item\":\"https:\/\/dev.eliassen.nl\/de\/garten-andere\/gartenmoebel\/\"},{\"@type\":\"ListItem\",\"position\":5,\"name\":\"Schaukelbank Nicole Metall wei\u00df 118cm\"}]},{\"@type\":\"WebSite\",\"@id\":\"https:\/\/dev.eliassen.nl\/de\/#website\",\"url\":\"https:\/\/dev.eliassen.nl\/de\/\",\"name\":\"Eliassen Home & Garden Pleasure\",\"description\":\"\",\"publisher\":{\"@id\":\"https:\/\/dev.eliassen.nl\/de\/#organization\"},\"alternateName\":\"Eliassen.nl\",\"potentialAction\":[{\"@type\":\"SearchAction\",\"target\":{\"@type\":\"EntryPoint\",\"urlTemplate\":\"https:\/\/dev.eliassen.nl\/de\/?s={search_term_string}\"},\"query-input\":{\"@type\":\"PropertyValueSpecification\",\"valueRequired\":true,\"valueName\":\"search_term_string\"}}],\"inLanguage\":\"de\"},{\"@type\":\"Organization\",\"@id\":\"https:\/\/dev.eliassen.nl\/de\/#organization\",\"name\":\"Eliassen Home & Garden Pleasure\",\"url\":\"https:\/\/dev.eliassen.nl\/de\/\",\"logo\":{\"@type\":\"ImageObject\",\"inLanguage\":\"de\",\"@id\":\"https:\/\/dev.eliassen.nl\/de\/#\/schema\/logo\/image\/\",\"url\":\"https:\/\/www.eliassen.nl\/wp-content\/uploads\/2024\/01\/logo_4nd.jpg\",\"contentUrl\":\"https:\/\/www.eliassen.nl\/wp-content\/uploads\/2024\/01\/logo_4nd.jpg\",\"width\":500,\"height\":500,\"caption\":\"Eliassen Home & Garden Pleasure\"},\"image\":{\"@id\":\"https:\/\/dev.eliassen.nl\/de\/#\/schema\/logo\/image\/\"},\"sameAs\":[\"https:\/\/www.facebook.com\/TuincentrumEliassenAmmerzoden\",\"https:\/\/www.instagram.com\/eliassenhomeandgarden\/\",\"https:\/\/nl.pinterest.com\/eliassenhomeandgarden\/\",\"https:\/\/www.youtube.com\/@eliassenhomegardenpleasure4558\"]}]}<\/script>\n<!-- \/ Yoast SEO plugin. -->","yoast_head_json":{"title":"Schaukelbank Nicole Metall wei\u00df 118cm mit Kissen","description":"Wir haben sie in vielen Modellen und Materialien, sehen Sie sie sich alle in unserem Webshop an oder kommen Sie vorbei und sehen Sie sich die Gartenb\u00e4nke liv...","robots":{"index":"noindex","follow":"follow","max-snippet":"max-snippet:-1","max-image-preview":"max-image-preview:large","max-video-preview":"max-video-preview:-1"},"og_locale":"de_DE","og_type":"article","og_title":"Schaukelbank Nicole Metall wei\u00df 118cm mit Kissen","og_description":"Wir haben sie in vielen Modellen und Materialien, sehen Sie sie sich alle in unserem Webshop an oder kommen Sie vorbei und sehen Sie sich die Gartenb\u00e4nke liv...","og_url":"https:\/\/dev.eliassen.nl\/de\/schaukelbank-nicole-metall-weiss-118cm-mit-kissen\/","og_site_name":"Eliassen.nl","article_publisher":"https:\/\/www.facebook.com\/TuincentrumEliassenAmmerzoden","article_modified_time":"2024-12-05T15:26:38+00:00","og_image":[{"width":1152,"height":2048,"url":"https:\/\/dev.eliassen.nl\/wp-content\/uploads\/2024\/01\/proo97rfc4x.jpg","type":"image\/jpeg"}],"twitter_card":"summary_large_image","schema":{"@context":"https:\/\/schema.org","@graph":[{"@type":"WebPage","@id":"https:\/\/dev.eliassen.nl\/de\/schaukelbank-nicole-metall-weiss-118cm-mit-kissen\/","url":"https:\/\/dev.eliassen.nl\/de\/schaukelbank-nicole-metall-weiss-118cm-mit-kissen\/","name":"Schaukelbank Nicole Metall wei\u00df 118cm mit Kissen","isPartOf":{"@id":"https:\/\/dev.eliassen.nl\/de\/#website"},"primaryImageOfPage":{"@id":"https:\/\/dev.eliassen.nl\/de\/schaukelbank-nicole-metall-weiss-118cm-mit-kissen\/#primaryimage"},"image":{"@id":"https:\/\/dev.eliassen.nl\/de\/schaukelbank-nicole-metall-weiss-118cm-mit-kissen\/#primaryimage"},"thumbnailUrl":"https:\/\/dev.eliassen.nl\/wp-content\/uploads\/2024\/01\/proo97rfc4x.jpg","datePublished":"2023-05-19T12:31:19+00:00","dateModified":"2024-12-05T15:26:38+00:00","description":"Wir haben sie in vielen Modellen und Materialien, sehen Sie sie sich alle in unserem Webshop an oder kommen Sie vorbei und sehen Sie sich die Gartenb\u00e4nke liv...","breadcrumb":{"@id":"https:\/\/dev.eliassen.nl\/de\/schaukelbank-nicole-metall-weiss-118cm-mit-kissen\/#breadcrumb"},"inLanguage":"de","potentialAction":[{"@type":"ReadAction","target":["https:\/\/dev.eliassen.nl\/de\/schaukelbank-nicole-metall-weiss-118cm-mit-kissen\/"]}]},{"@type":"ImageObject","inLanguage":"de","@id":"https:\/\/dev.eliassen.nl\/de\/schaukelbank-nicole-metall-weiss-118cm-mit-kissen\/#primaryimage","url":"https:\/\/dev.eliassen.nl\/wp-content\/uploads\/2024\/01\/proo97rfc4x.jpg","contentUrl":"https:\/\/dev.eliassen.nl\/wp-content\/uploads\/2024\/01\/proo97rfc4x.jpg","width":1152,"height":2048,"caption":"pro-o97RFC4x"},{"@type":"BreadcrumbList","@id":"https:\/\/dev.eliassen.nl\/de\/schaukelbank-nicole-metall-weiss-118cm-mit-kissen\/#breadcrumb","itemListElement":[{"@type":"ListItem","position":1,"name":"Home","item":"https:\/\/dev.eliassen.nl\/de\/"},{"@type":"ListItem","position":2,"name":"Shop","item":"https:\/\/dev.eliassen.nl\/nl\/winkel\/"},{"@type":"ListItem","position":3,"name":"Weitere Artikel","item":"https:\/\/dev.eliassen.nl\/de\/weitere-artikel\/"},{"@type":"ListItem","position":4,"name":"Gartenm\u00f6bel","item":"https:\/\/dev.eliassen.nl\/de\/garten-andere\/gartenmoebel\/"},{"@type":"ListItem","position":5,"name":"Schaukelbank Nicole Metall wei\u00df 118cm"}]},{"@type":"WebSite","@id":"https:\/\/dev.eliassen.nl\/de\/#website","url":"https:\/\/dev.eliassen.nl\/de\/","name":"Eliassen Home & Garden Pleasure","description":"","publisher":{"@id":"https:\/\/dev.eliassen.nl\/de\/#organization"},"alternateName":"Eliassen.nl","potentialAction":[{"@type":"SearchAction","target":{"@type":"EntryPoint","urlTemplate":"https:\/\/dev.eliassen.nl\/de\/?s={search_term_string}"},"query-input":{"@type":"PropertyValueSpecification","valueRequired":true,"valueName":"search_term_string"}}],"inLanguage":"de"},{"@type":"Organization","@id":"https:\/\/dev.eliassen.nl\/de\/#organization","name":"Eliassen Home & Garden Pleasure","url":"https:\/\/dev.eliassen.nl\/de\/","logo":{"@type":"ImageObject","inLanguage":"de","@id":"https:\/\/dev.eliassen.nl\/de\/#\/schema\/logo\/image\/","url":"https:\/\/www.eliassen.nl\/wp-content\/uploads\/2024\/01\/logo_4nd.jpg","contentUrl":"https:\/\/www.eliassen.nl\/wp-content\/uploads\/2024\/01\/logo_4nd.jpg","width":500,"height":500,"caption":"Eliassen Home & Garden Pleasure"},"image":{"@id":"https:\/\/dev.eliassen.nl\/de\/#\/schema\/logo\/image\/"},"sameAs":["https:\/\/www.facebook.com\/TuincentrumEliassenAmmerzoden","https:\/\/www.instagram.com\/eliassenhomeandgarden\/","https:\/\/nl.pinterest.com\/eliassenhomeandgarden\/","https:\/\/www.youtube.com\/@eliassenhomegardenpleasure4558"]}]}},"df_price":229,"df_sale_price":"","df_regular_price":229,"df_image_link":"https:\/\/dev.eliassen.nl\/wp-content\/uploads\/2024\/01\/proo97rfc4x.jpg","image":"https:\/\/dev.eliassen.nl\/wp-content\/uploads\/2024\/01\/proo97rfc4x.jpg","price_search":"<span class=\"woocommerce-Price-amount amount\"><bdi><span class=\"woocommerce-Price-currencySymbol\">&euro;<\/span>&nbsp;229,00<\/bdi><\/span>","category":"Gartenb\u00e4nke","_links":{"self":[{"href":"https:\/\/dev.eliassen.nl\/de\/wp-json\/wp\/v2\/product\/89923","targetHints":{"allow":["GET"]}}],"collection":[{"href":"https:\/\/dev.eliassen.nl\/de\/wp-json\/wp\/v2\/product"}],"about":[{"href":"https:\/\/dev.eliassen.nl\/de\/wp-json\/wp\/v2\/types\/product"}],"wp:featuredmedia":[{"embeddable":true,"href":"https:\/\/dev.eliassen.nl\/de\/wp-json\/wp\/v2\/media\/89911"}],"wp:attachment":[{"href":"https:\/\/dev.eliassen.nl\/de\/wp-json\/wp\/v2\/media?parent=89923"}],"wp:term":[{"taxonomy":"product_brand","embeddable":true,"href":"https:\/\/dev.eliassen.nl\/de\/wp-json\/wp\/v2\/product_brand?post=89923"},{"taxonomy":"product_cat","embeddable":true,"href":"https:\/\/dev.eliassen.nl\/de\/wp-json\/wp\/v2\/product_cat?post=89923"},{"taxonomy":"product_tag","embeddable":true,"href":"https:\/\/dev.eliassen.nl\/de\/wp-json\/wp\/v2\/product_tag?post=89923"}],"curies":[{"name":"wp","href":"https:\/\/api.w.org\/{rel}","templated":true}]}}