{"id":89989,"date":"2023-05-22T11:49:24","date_gmt":"2023-05-22T09:49:24","guid":{"rendered":"https:\/\/www.eliassen.nl\/?product=vogeldrinkschaal-basalt-barbara-40-45cm"},"modified":"2024-12-05T16:26:42","modified_gmt":"2024-12-05T15:26:42","slug":"vogeltranke-basalt-barbara-mit-bronzevogel-40-45cm","status":"publish","type":"product","link":"https:\/\/dev.eliassen.nl\/de\/vogeltranke-basalt-barbara-mit-bronzevogel-40-45cm\/","title":{"rendered":"Vogeltr\u00e4nke Basalt Barbara mit Bronzevogel 40-45cm"},"content":{"rendered":"<p>Sch\u00f6n im Garten zu sehen; V\u00f6gel baden und trinken&#8230; eine Vogeltr\u00e4nke ist eine L\u00f6sung und zugleich ein Schmuckst\u00fcck in Ihrem Garten. Diese gro\u00dfe Vogeltr\u00e4nke wird ein Leben lang halten, da sie aus Basaltstein gefertigt ist. Diese Vogelschale hat eine verspielte Form, da sie aus einem Basaltsteinblock besteht, der direkt aus der Felswand gehauen wurde. Beim Schnitzen und Polieren entstand ein kleines Plateau, auf dem sehr anmutig ein Bronzevogel sitzt. Nachhaltigkeit vom Feinsten!!<\/p>\n<p>Da es sich um ein Naturprodukt handelt, kann das Foto in Farbe und Form vom Trinknapf abweichen.<\/p>\n<ul>\n<li>Gr\u00f6\u00dfe: ca. 40\u201345 cm breit und ca. 12 cm hoch (ungef\u00e4hr)<\/li>\n<li>Material: Basaltstein<\/li>\n<li>Polierte Oberseite<\/li>\n<li>ca. 25 kg<\/li>\n<\/ul>\n","protected":false},"excerpt":{"rendered":"<p>Gro\u00dfe flache Vogelschale aus Basaltstein<\/p>\n","protected":false},"featured_media":89980,"template":"","meta":{"_acf_changed":false},"product_brand":[],"product_cat":[707],"product_tag":[],"class_list":{"0":"post-89989","1":"product","2":"type-product","3":"status-publish","4":"has-post-thumbnail","6":"product_cat-vogeltraenken","8":"first","9":"instock","10":"taxable","11":"shipping-taxable","12":"purchasable","13":"product-type-simple"},"acf":[],"yoast_head":"<!-- This site is optimized with the Yoast SEO plugin v23.8 - https:\/\/yoast.com\/wordpress\/plugins\/seo\/ -->\n<title>Vogeltr\u00e4nke Basalt Barbara 40-45cm<\/title>\n<meta name=\"robots\" content=\"noindex, follow, max-snippet:-1, max-image-preview:large, max-video-preview:-1\" \/>\n<meta property=\"og:locale\" content=\"de_DE\" \/>\n<meta property=\"og:type\" content=\"article\" \/>\n<meta property=\"og:title\" content=\"Vogeltr\u00e4nke Basalt Barbara 40-45cm\" \/>\n<meta property=\"og:description\" content=\"Gro\u00dfe flache Vogelschale aus Basaltstein\" \/>\n<meta property=\"og:url\" content=\"https:\/\/dev.eliassen.nl\/de\/vogeltranke-basalt-barbara-mit-bronzevogel-40-45cm\/\" \/>\n<meta property=\"og:site_name\" content=\"Eliassen.nl\" \/>\n<meta property=\"article:publisher\" content=\"https:\/\/www.facebook.com\/TuincentrumEliassenAmmerzoden\" \/>\n<meta property=\"article:modified_time\" content=\"2024-12-05T15:26:42+00:00\" \/>\n<meta property=\"og:image\" content=\"https:\/\/dev.eliassen.nl\/wp-content\/uploads\/2024\/01\/progxkfwjab.jpg\" \/>\n\t<meta property=\"og:image:width\" content=\"2047\" \/>\n\t<meta property=\"og:image:height\" content=\"1686\" \/>\n\t<meta property=\"og:image:type\" content=\"image\/jpeg\" \/>\n<meta name=\"twitter:card\" content=\"summary_large_image\" \/>\n<script type=\"application\/ld+json\" class=\"yoast-schema-graph\">{\"@context\":\"https:\/\/schema.org\",\"@graph\":[{\"@type\":\"WebPage\",\"@id\":\"https:\/\/dev.eliassen.nl\/de\/vogeltranke-basalt-barbara-mit-bronzevogel-40-45cm\/\",\"url\":\"https:\/\/dev.eliassen.nl\/de\/vogeltranke-basalt-barbara-mit-bronzevogel-40-45cm\/\",\"name\":\"Vogeltr\u00e4nke Basalt Barbara 40-45cm\",\"isPartOf\":{\"@id\":\"https:\/\/dev.eliassen.nl\/de\/#website\"},\"primaryImageOfPage\":{\"@id\":\"https:\/\/dev.eliassen.nl\/de\/vogeltranke-basalt-barbara-mit-bronzevogel-40-45cm\/#primaryimage\"},\"image\":{\"@id\":\"https:\/\/dev.eliassen.nl\/de\/vogeltranke-basalt-barbara-mit-bronzevogel-40-45cm\/#primaryimage\"},\"thumbnailUrl\":\"https:\/\/dev.eliassen.nl\/wp-content\/uploads\/2024\/01\/progxkfwjab.jpg\",\"datePublished\":\"2023-05-22T09:49:24+00:00\",\"dateModified\":\"2024-12-05T15:26:42+00:00\",\"breadcrumb\":{\"@id\":\"https:\/\/dev.eliassen.nl\/de\/vogeltranke-basalt-barbara-mit-bronzevogel-40-45cm\/#breadcrumb\"},\"inLanguage\":\"de\",\"potentialAction\":[{\"@type\":\"ReadAction\",\"target\":[\"https:\/\/dev.eliassen.nl\/de\/vogeltranke-basalt-barbara-mit-bronzevogel-40-45cm\/\"]}]},{\"@type\":\"ImageObject\",\"inLanguage\":\"de\",\"@id\":\"https:\/\/dev.eliassen.nl\/de\/vogeltranke-basalt-barbara-mit-bronzevogel-40-45cm\/#primaryimage\",\"url\":\"https:\/\/dev.eliassen.nl\/wp-content\/uploads\/2024\/01\/progxkfwjab.jpg\",\"contentUrl\":\"https:\/\/dev.eliassen.nl\/wp-content\/uploads\/2024\/01\/progxkfwjab.jpg\",\"width\":2047,\"height\":1686,\"caption\":\"pro-GxKfwjaB\"},{\"@type\":\"BreadcrumbList\",\"@id\":\"https:\/\/dev.eliassen.nl\/de\/vogeltranke-basalt-barbara-mit-bronzevogel-40-45cm\/#breadcrumb\",\"itemListElement\":[{\"@type\":\"ListItem\",\"position\":1,\"name\":\"Home\",\"item\":\"https:\/\/dev.eliassen.nl\/de\/\"},{\"@type\":\"ListItem\",\"position\":2,\"name\":\"Shop\",\"item\":\"https:\/\/dev.eliassen.nl\/nl\/winkel\/\"},{\"@type\":\"ListItem\",\"position\":3,\"name\":\"Vogeltr\u00e4nken\",\"item\":\"https:\/\/dev.eliassen.nl\/de\/vogeltraenken\/\"},{\"@type\":\"ListItem\",\"position\":4,\"name\":\"Vogeltr\u00e4nke Basalt Barbara mit Bronzevogel 40-45cm\"}]},{\"@type\":\"WebSite\",\"@id\":\"https:\/\/dev.eliassen.nl\/de\/#website\",\"url\":\"https:\/\/dev.eliassen.nl\/de\/\",\"name\":\"Eliassen Home & Garden Pleasure\",\"description\":\"\",\"publisher\":{\"@id\":\"https:\/\/dev.eliassen.nl\/de\/#organization\"},\"alternateName\":\"Eliassen.nl\",\"potentialAction\":[{\"@type\":\"SearchAction\",\"target\":{\"@type\":\"EntryPoint\",\"urlTemplate\":\"https:\/\/dev.eliassen.nl\/de\/?s={search_term_string}\"},\"query-input\":{\"@type\":\"PropertyValueSpecification\",\"valueRequired\":true,\"valueName\":\"search_term_string\"}}],\"inLanguage\":\"de\"},{\"@type\":\"Organization\",\"@id\":\"https:\/\/dev.eliassen.nl\/de\/#organization\",\"name\":\"Eliassen Home & Garden Pleasure\",\"url\":\"https:\/\/dev.eliassen.nl\/de\/\",\"logo\":{\"@type\":\"ImageObject\",\"inLanguage\":\"de\",\"@id\":\"https:\/\/dev.eliassen.nl\/de\/#\/schema\/logo\/image\/\",\"url\":\"https:\/\/www.eliassen.nl\/wp-content\/uploads\/2024\/01\/logo_4nd.jpg\",\"contentUrl\":\"https:\/\/www.eliassen.nl\/wp-content\/uploads\/2024\/01\/logo_4nd.jpg\",\"width\":500,\"height\":500,\"caption\":\"Eliassen Home & Garden Pleasure\"},\"image\":{\"@id\":\"https:\/\/dev.eliassen.nl\/de\/#\/schema\/logo\/image\/\"},\"sameAs\":[\"https:\/\/www.facebook.com\/TuincentrumEliassenAmmerzoden\",\"https:\/\/www.instagram.com\/eliassenhomeandgarden\/\",\"https:\/\/nl.pinterest.com\/eliassenhomeandgarden\/\",\"https:\/\/www.youtube.com\/@eliassenhomegardenpleasure4558\"]}]}<\/script>\n<!-- \/ Yoast SEO plugin. -->","yoast_head_json":{"title":"Vogeltr\u00e4nke Basalt Barbara 40-45cm","robots":{"index":"noindex","follow":"follow","max-snippet":"max-snippet:-1","max-image-preview":"max-image-preview:large","max-video-preview":"max-video-preview:-1"},"og_locale":"de_DE","og_type":"article","og_title":"Vogeltr\u00e4nke Basalt Barbara 40-45cm","og_description":"Gro\u00dfe flache Vogelschale aus Basaltstein","og_url":"https:\/\/dev.eliassen.nl\/de\/vogeltranke-basalt-barbara-mit-bronzevogel-40-45cm\/","og_site_name":"Eliassen.nl","article_publisher":"https:\/\/www.facebook.com\/TuincentrumEliassenAmmerzoden","article_modified_time":"2024-12-05T15:26:42+00:00","og_image":[{"width":2047,"height":1686,"url":"https:\/\/dev.eliassen.nl\/wp-content\/uploads\/2024\/01\/progxkfwjab.jpg","type":"image\/jpeg"}],"twitter_card":"summary_large_image","schema":{"@context":"https:\/\/schema.org","@graph":[{"@type":"WebPage","@id":"https:\/\/dev.eliassen.nl\/de\/vogeltranke-basalt-barbara-mit-bronzevogel-40-45cm\/","url":"https:\/\/dev.eliassen.nl\/de\/vogeltranke-basalt-barbara-mit-bronzevogel-40-45cm\/","name":"Vogeltr\u00e4nke Basalt Barbara 40-45cm","isPartOf":{"@id":"https:\/\/dev.eliassen.nl\/de\/#website"},"primaryImageOfPage":{"@id":"https:\/\/dev.eliassen.nl\/de\/vogeltranke-basalt-barbara-mit-bronzevogel-40-45cm\/#primaryimage"},"image":{"@id":"https:\/\/dev.eliassen.nl\/de\/vogeltranke-basalt-barbara-mit-bronzevogel-40-45cm\/#primaryimage"},"thumbnailUrl":"https:\/\/dev.eliassen.nl\/wp-content\/uploads\/2024\/01\/progxkfwjab.jpg","datePublished":"2023-05-22T09:49:24+00:00","dateModified":"2024-12-05T15:26:42+00:00","breadcrumb":{"@id":"https:\/\/dev.eliassen.nl\/de\/vogeltranke-basalt-barbara-mit-bronzevogel-40-45cm\/#breadcrumb"},"inLanguage":"de","potentialAction":[{"@type":"ReadAction","target":["https:\/\/dev.eliassen.nl\/de\/vogeltranke-basalt-barbara-mit-bronzevogel-40-45cm\/"]}]},{"@type":"ImageObject","inLanguage":"de","@id":"https:\/\/dev.eliassen.nl\/de\/vogeltranke-basalt-barbara-mit-bronzevogel-40-45cm\/#primaryimage","url":"https:\/\/dev.eliassen.nl\/wp-content\/uploads\/2024\/01\/progxkfwjab.jpg","contentUrl":"https:\/\/dev.eliassen.nl\/wp-content\/uploads\/2024\/01\/progxkfwjab.jpg","width":2047,"height":1686,"caption":"pro-GxKfwjaB"},{"@type":"BreadcrumbList","@id":"https:\/\/dev.eliassen.nl\/de\/vogeltranke-basalt-barbara-mit-bronzevogel-40-45cm\/#breadcrumb","itemListElement":[{"@type":"ListItem","position":1,"name":"Home","item":"https:\/\/dev.eliassen.nl\/de\/"},{"@type":"ListItem","position":2,"name":"Shop","item":"https:\/\/dev.eliassen.nl\/nl\/winkel\/"},{"@type":"ListItem","position":3,"name":"Vogeltr\u00e4nken","item":"https:\/\/dev.eliassen.nl\/de\/vogeltraenken\/"},{"@type":"ListItem","position":4,"name":"Vogeltr\u00e4nke Basalt Barbara mit Bronzevogel 40-45cm"}]},{"@type":"WebSite","@id":"https:\/\/dev.eliassen.nl\/de\/#website","url":"https:\/\/dev.eliassen.nl\/de\/","name":"Eliassen Home & Garden Pleasure","description":"","publisher":{"@id":"https:\/\/dev.eliassen.nl\/de\/#organization"},"alternateName":"Eliassen.nl","potentialAction":[{"@type":"SearchAction","target":{"@type":"EntryPoint","urlTemplate":"https:\/\/dev.eliassen.nl\/de\/?s={search_term_string}"},"query-input":{"@type":"PropertyValueSpecification","valueRequired":true,"valueName":"search_term_string"}}],"inLanguage":"de"},{"@type":"Organization","@id":"https:\/\/dev.eliassen.nl\/de\/#organization","name":"Eliassen Home & Garden Pleasure","url":"https:\/\/dev.eliassen.nl\/de\/","logo":{"@type":"ImageObject","inLanguage":"de","@id":"https:\/\/dev.eliassen.nl\/de\/#\/schema\/logo\/image\/","url":"https:\/\/www.eliassen.nl\/wp-content\/uploads\/2024\/01\/logo_4nd.jpg","contentUrl":"https:\/\/www.eliassen.nl\/wp-content\/uploads\/2024\/01\/logo_4nd.jpg","width":500,"height":500,"caption":"Eliassen Home & Garden Pleasure"},"image":{"@id":"https:\/\/dev.eliassen.nl\/de\/#\/schema\/logo\/image\/"},"sameAs":["https:\/\/www.facebook.com\/TuincentrumEliassenAmmerzoden","https:\/\/www.instagram.com\/eliassenhomeandgarden\/","https:\/\/nl.pinterest.com\/eliassenhomeandgarden\/","https:\/\/www.youtube.com\/@eliassenhomegardenpleasure4558"]}]}},"df_price":149,"df_sale_price":"","df_regular_price":149,"df_image_link":"https:\/\/dev.eliassen.nl\/wp-content\/uploads\/2024\/01\/progxkfwjab.jpg","image":"https:\/\/dev.eliassen.nl\/wp-content\/uploads\/2024\/01\/progxkfwjab.jpg","price_search":"<span class=\"woocommerce-Price-amount amount\"><bdi><span class=\"woocommerce-Price-currencySymbol\">&euro;<\/span>&nbsp;149,00<\/bdi><\/span>","category":"Vogeltr\u00e4nken","_links":{"self":[{"href":"https:\/\/dev.eliassen.nl\/de\/wp-json\/wp\/v2\/product\/89989","targetHints":{"allow":["GET"]}}],"collection":[{"href":"https:\/\/dev.eliassen.nl\/de\/wp-json\/wp\/v2\/product"}],"about":[{"href":"https:\/\/dev.eliassen.nl\/de\/wp-json\/wp\/v2\/types\/product"}],"wp:featuredmedia":[{"embeddable":true,"href":"https:\/\/dev.eliassen.nl\/de\/wp-json\/wp\/v2\/media\/89980"}],"wp:attachment":[{"href":"https:\/\/dev.eliassen.nl\/de\/wp-json\/wp\/v2\/media?parent=89989"}],"wp:term":[{"taxonomy":"product_brand","embeddable":true,"href":"https:\/\/dev.eliassen.nl\/de\/wp-json\/wp\/v2\/product_brand?post=89989"},{"taxonomy":"product_cat","embeddable":true,"href":"https:\/\/dev.eliassen.nl\/de\/wp-json\/wp\/v2\/product_cat?post=89989"},{"taxonomy":"product_tag","embeddable":true,"href":"https:\/\/dev.eliassen.nl\/de\/wp-json\/wp\/v2\/product_tag?post=89989"}],"curies":[{"name":"wp","href":"https:\/\/api.w.org\/{rel}","templated":true}]}}