{"id":90007,"date":"2023-05-22T11:55:46","date_gmt":"2023-05-22T11:55:46","guid":{"rendered":"https:\/\/www.eliassen.nl\/?product=grote-stenen-waterplateau-90-100cm"},"modified":"2024-01-20T11:36:17","modified_gmt":"2024-01-20T11:36:17","slug":"grosses-steinwasserplateau-90-100cm","status":"publish","type":"product","link":"https:\/\/dev.eliassen.nl\/de\/grosses-steinwasserplateau-90-100cm\/","title":{"rendered":"Gro\u00dfes Steinwasserplateau 90-100cm"},"content":{"rendered":"<p><strong>Dies ist ein separates Ornament. Bitte erkundigen Sie sich nach weiteren ben\u00f6tigten Teilen.<\/strong><\/p>\n<p>Wasserplateau aus Basaltstein, mit polierter und ausgeh\u00f6hlter Oberseite. In diesem niedrigen Wassertisch kann eine LED-Leuchte angebracht werden, aber noch sch\u00f6ner wird es, wenn er mit einem Strahler beleuchtet wird. Diese Basaltsteine kommen nat\u00fcrlich vor und k\u00f6nnen daher in Form und Farbe unterschiedlich sein. Wirklich ein Set f\u00fcr den Liebhaber nat\u00fcrlicher Looks. Wenn die Arbeitsplattform nass ist, wird sie etwas dunkler (siehe Foto).<\/p>\n<p>Die Abmessungen dieser Plattformen betragen 80\u201395 cm und die H\u00f6he betr\u00e4gt ca. 18 cm. <em>Kann nur bei uns erworben werden.<\/em><\/p>\n<p>Dieses Wasserplateau bietet das Beste aus beiden Welten. Auf der Oberseite und an den Seiten poliert, wobei das urspr\u00fcngliche Aussehen erhalten bleibt. Suchen Sie ein nat\u00fcrliches Wasserspiel oder einen Brunnen? Bei diesem Ornament handelt es sich um ein echtes Naturprodukt aus Basaltstein, bei dem die Sch\u00f6nheit der Steinart unber\u00fchrt geblieben ist.<\/p>\n<ul>\n<li>Exklusives Naturprodukt<\/li>\n<li>Dicke ca. 18cm<\/li>\n<li>Durchmesser ca. 80\u201395 cm<\/li>\n<li>Erh\u00e4ltlich aus eigenem Lagerbestand<\/li>\n<li>Dies ist ein separates Ornament, bitte erkundigen Sie sich nach weiteren Lieferungen.<\/li>\n<\/ul>\n","protected":false},"excerpt":{"rendered":"<p>Dies ist ein separates Ornament. Bitte erkundigen Sie sich nach weiteren ben\u00f6tigten Teilen.<\/p>\n","protected":false},"featured_media":89992,"template":"","meta":{"_acf_changed":false},"product_brand":[],"product_cat":[539,551,536],"product_tag":[],"class_list":{"0":"post-90007","1":"product","2":"type-product","3":"status-publish","4":"has-post-thumbnail","6":"product_cat-einzigartige-eigene-modelle-von-losen-wasserspiele","7":"product_cat-lose-wasserspiele","8":"product_cat-wassereigenschaften","10":"first","11":"outofstock","12":"taxable","13":"shipping-taxable","14":"purchasable","15":"product-type-simple"},"acf":[],"yoast_head":"<!-- This site is optimized with the Yoast SEO plugin v23.8 - https:\/\/yoast.com\/wordpress\/plugins\/seo\/ -->\n<title>Gro\u00dfes Steinwasserplateau 90-100cm<\/title>\n<meta name=\"description\" content=\"Basaltwasserplateaus, die sch\u00f6nsten und g\u00fcnstigsten finden Sie bei uns!! Kommen Sie zum Spezialisten!!\" \/>\n<meta name=\"robots\" content=\"noindex, follow, max-snippet:-1, max-image-preview:large, max-video-preview:-1\" \/>\n<meta property=\"og:locale\" content=\"de_DE\" \/>\n<meta property=\"og:type\" content=\"article\" \/>\n<meta property=\"og:title\" content=\"Gro\u00dfes Steinwasserplateau 90-100cm\" \/>\n<meta property=\"og:description\" content=\"Basaltwasserplateaus, die sch\u00f6nsten und g\u00fcnstigsten finden Sie bei uns!! Kommen Sie zum Spezialisten!!\" \/>\n<meta property=\"og:url\" content=\"https:\/\/dev.eliassen.nl\/de\/grosses-steinwasserplateau-90-100cm\/\" \/>\n<meta property=\"og:site_name\" content=\"Eliassen.nl\" \/>\n<meta property=\"article:publisher\" content=\"https:\/\/www.facebook.com\/TuincentrumEliassenAmmerzoden\" \/>\n<meta property=\"article:modified_time\" content=\"2024-01-20T11:36:17+00:00\" \/>\n<meta property=\"og:image\" content=\"https:\/\/dev.eliassen.nl\/wp-content\/uploads\/2024\/01\/grotestenenwaterplateau90100cmeliassennl.png\" \/>\n\t<meta property=\"og:image:width\" content=\"901\" \/>\n\t<meta property=\"og:image:height\" content=\"1000\" \/>\n\t<meta property=\"og:image:type\" content=\"image\/png\" \/>\n<meta name=\"twitter:card\" content=\"summary_large_image\" \/>\n<script type=\"application\/ld+json\" class=\"yoast-schema-graph\">{\"@context\":\"https:\/\/schema.org\",\"@graph\":[{\"@type\":\"WebPage\",\"@id\":\"https:\/\/dev.eliassen.nl\/de\/grosses-steinwasserplateau-90-100cm\/\",\"url\":\"https:\/\/dev.eliassen.nl\/de\/grosses-steinwasserplateau-90-100cm\/\",\"name\":\"Gro\u00dfes Steinwasserplateau 90-100cm\",\"isPartOf\":{\"@id\":\"https:\/\/dev.eliassen.nl\/de\/#website\"},\"primaryImageOfPage\":{\"@id\":\"https:\/\/dev.eliassen.nl\/de\/grosses-steinwasserplateau-90-100cm\/#primaryimage\"},\"image\":{\"@id\":\"https:\/\/dev.eliassen.nl\/de\/grosses-steinwasserplateau-90-100cm\/#primaryimage\"},\"thumbnailUrl\":\"https:\/\/dev.eliassen.nl\/wp-content\/uploads\/2024\/01\/grotestenenwaterplateau90100cmeliassennl.png\",\"datePublished\":\"2023-05-22T11:55:46+00:00\",\"dateModified\":\"2024-01-20T11:36:17+00:00\",\"description\":\"Basaltwasserplateaus, die sch\u00f6nsten und g\u00fcnstigsten finden Sie bei uns!! Kommen Sie zum Spezialisten!!\",\"breadcrumb\":{\"@id\":\"https:\/\/dev.eliassen.nl\/de\/grosses-steinwasserplateau-90-100cm\/#breadcrumb\"},\"inLanguage\":\"de\",\"potentialAction\":[{\"@type\":\"ReadAction\",\"target\":[\"https:\/\/dev.eliassen.nl\/de\/grosses-steinwasserplateau-90-100cm\/\"]}]},{\"@type\":\"ImageObject\",\"inLanguage\":\"de\",\"@id\":\"https:\/\/dev.eliassen.nl\/de\/grosses-steinwasserplateau-90-100cm\/#primaryimage\",\"url\":\"https:\/\/dev.eliassen.nl\/wp-content\/uploads\/2024\/01\/grotestenenwaterplateau90100cmeliassennl.png\",\"contentUrl\":\"https:\/\/dev.eliassen.nl\/wp-content\/uploads\/2024\/01\/grotestenenwaterplateau90100cmeliassennl.png\",\"width\":901,\"height\":1000,\"caption\":\"Grote stenen waterplateau 90-100cm eliassen.nl\"},{\"@type\":\"BreadcrumbList\",\"@id\":\"https:\/\/dev.eliassen.nl\/de\/grosses-steinwasserplateau-90-100cm\/#breadcrumb\",\"itemListElement\":[{\"@type\":\"ListItem\",\"position\":1,\"name\":\"Home\",\"item\":\"https:\/\/dev.eliassen.nl\/de\/\"},{\"@type\":\"ListItem\",\"position\":2,\"name\":\"Shop\",\"item\":\"https:\/\/dev.eliassen.nl\/nl\/winkel\/\"},{\"@type\":\"ListItem\",\"position\":3,\"name\":\"Wasserspiele\",\"item\":\"https:\/\/dev.eliassen.nl\/de\/wassereigenschaften\/\"},{\"@type\":\"ListItem\",\"position\":4,\"name\":\"Einzigartige eigene Modelle von losen Wasserspielen\",\"item\":\"https:\/\/dev.eliassen.nl\/de\/wassereigenschaften\/einzigartige-eigene-modelle-von-losen-wasserspiele\/\"},{\"@type\":\"ListItem\",\"position\":5,\"name\":\"Gro\u00dfes Steinwasserplateau 90-100cm\"}]},{\"@type\":\"WebSite\",\"@id\":\"https:\/\/dev.eliassen.nl\/de\/#website\",\"url\":\"https:\/\/dev.eliassen.nl\/de\/\",\"name\":\"Eliassen Home & Garden Pleasure\",\"description\":\"\",\"publisher\":{\"@id\":\"https:\/\/dev.eliassen.nl\/de\/#organization\"},\"alternateName\":\"Eliassen.nl\",\"potentialAction\":[{\"@type\":\"SearchAction\",\"target\":{\"@type\":\"EntryPoint\",\"urlTemplate\":\"https:\/\/dev.eliassen.nl\/de\/?s={search_term_string}\"},\"query-input\":{\"@type\":\"PropertyValueSpecification\",\"valueRequired\":true,\"valueName\":\"search_term_string\"}}],\"inLanguage\":\"de\"},{\"@type\":\"Organization\",\"@id\":\"https:\/\/dev.eliassen.nl\/de\/#organization\",\"name\":\"Eliassen Home & Garden Pleasure\",\"url\":\"https:\/\/dev.eliassen.nl\/de\/\",\"logo\":{\"@type\":\"ImageObject\",\"inLanguage\":\"de\",\"@id\":\"https:\/\/dev.eliassen.nl\/de\/#\/schema\/logo\/image\/\",\"url\":\"https:\/\/www.eliassen.nl\/wp-content\/uploads\/2024\/01\/logo_4nd.jpg\",\"contentUrl\":\"https:\/\/www.eliassen.nl\/wp-content\/uploads\/2024\/01\/logo_4nd.jpg\",\"width\":500,\"height\":500,\"caption\":\"Eliassen Home & Garden Pleasure\"},\"image\":{\"@id\":\"https:\/\/dev.eliassen.nl\/de\/#\/schema\/logo\/image\/\"},\"sameAs\":[\"https:\/\/www.facebook.com\/TuincentrumEliassenAmmerzoden\",\"https:\/\/www.instagram.com\/eliassenhomeandgarden\/\",\"https:\/\/nl.pinterest.com\/eliassenhomeandgarden\/\",\"https:\/\/www.youtube.com\/@eliassenhomegardenpleasure4558\"]}]}<\/script>\n<!-- \/ Yoast SEO plugin. -->","yoast_head_json":{"title":"Gro\u00dfes Steinwasserplateau 90-100cm","description":"Basaltwasserplateaus, die sch\u00f6nsten und g\u00fcnstigsten finden Sie bei uns!! Kommen Sie zum Spezialisten!!","robots":{"index":"noindex","follow":"follow","max-snippet":"max-snippet:-1","max-image-preview":"max-image-preview:large","max-video-preview":"max-video-preview:-1"},"og_locale":"de_DE","og_type":"article","og_title":"Gro\u00dfes Steinwasserplateau 90-100cm","og_description":"Basaltwasserplateaus, die sch\u00f6nsten und g\u00fcnstigsten finden Sie bei uns!! Kommen Sie zum Spezialisten!!","og_url":"https:\/\/dev.eliassen.nl\/de\/grosses-steinwasserplateau-90-100cm\/","og_site_name":"Eliassen.nl","article_publisher":"https:\/\/www.facebook.com\/TuincentrumEliassenAmmerzoden","article_modified_time":"2024-01-20T11:36:17+00:00","og_image":[{"width":901,"height":1000,"url":"https:\/\/dev.eliassen.nl\/wp-content\/uploads\/2024\/01\/grotestenenwaterplateau90100cmeliassennl.png","type":"image\/png"}],"twitter_card":"summary_large_image","schema":{"@context":"https:\/\/schema.org","@graph":[{"@type":"WebPage","@id":"https:\/\/dev.eliassen.nl\/de\/grosses-steinwasserplateau-90-100cm\/","url":"https:\/\/dev.eliassen.nl\/de\/grosses-steinwasserplateau-90-100cm\/","name":"Gro\u00dfes Steinwasserplateau 90-100cm","isPartOf":{"@id":"https:\/\/dev.eliassen.nl\/de\/#website"},"primaryImageOfPage":{"@id":"https:\/\/dev.eliassen.nl\/de\/grosses-steinwasserplateau-90-100cm\/#primaryimage"},"image":{"@id":"https:\/\/dev.eliassen.nl\/de\/grosses-steinwasserplateau-90-100cm\/#primaryimage"},"thumbnailUrl":"https:\/\/dev.eliassen.nl\/wp-content\/uploads\/2024\/01\/grotestenenwaterplateau90100cmeliassennl.png","datePublished":"2023-05-22T11:55:46+00:00","dateModified":"2024-01-20T11:36:17+00:00","description":"Basaltwasserplateaus, die sch\u00f6nsten und g\u00fcnstigsten finden Sie bei uns!! Kommen Sie zum Spezialisten!!","breadcrumb":{"@id":"https:\/\/dev.eliassen.nl\/de\/grosses-steinwasserplateau-90-100cm\/#breadcrumb"},"inLanguage":"de","potentialAction":[{"@type":"ReadAction","target":["https:\/\/dev.eliassen.nl\/de\/grosses-steinwasserplateau-90-100cm\/"]}]},{"@type":"ImageObject","inLanguage":"de","@id":"https:\/\/dev.eliassen.nl\/de\/grosses-steinwasserplateau-90-100cm\/#primaryimage","url":"https:\/\/dev.eliassen.nl\/wp-content\/uploads\/2024\/01\/grotestenenwaterplateau90100cmeliassennl.png","contentUrl":"https:\/\/dev.eliassen.nl\/wp-content\/uploads\/2024\/01\/grotestenenwaterplateau90100cmeliassennl.png","width":901,"height":1000,"caption":"Grote stenen waterplateau 90-100cm eliassen.nl"},{"@type":"BreadcrumbList","@id":"https:\/\/dev.eliassen.nl\/de\/grosses-steinwasserplateau-90-100cm\/#breadcrumb","itemListElement":[{"@type":"ListItem","position":1,"name":"Home","item":"https:\/\/dev.eliassen.nl\/de\/"},{"@type":"ListItem","position":2,"name":"Shop","item":"https:\/\/dev.eliassen.nl\/nl\/winkel\/"},{"@type":"ListItem","position":3,"name":"Wasserspiele","item":"https:\/\/dev.eliassen.nl\/de\/wassereigenschaften\/"},{"@type":"ListItem","position":4,"name":"Einzigartige eigene Modelle von losen Wasserspielen","item":"https:\/\/dev.eliassen.nl\/de\/wassereigenschaften\/einzigartige-eigene-modelle-von-losen-wasserspiele\/"},{"@type":"ListItem","position":5,"name":"Gro\u00dfes Steinwasserplateau 90-100cm"}]},{"@type":"WebSite","@id":"https:\/\/dev.eliassen.nl\/de\/#website","url":"https:\/\/dev.eliassen.nl\/de\/","name":"Eliassen Home & Garden Pleasure","description":"","publisher":{"@id":"https:\/\/dev.eliassen.nl\/de\/#organization"},"alternateName":"Eliassen.nl","potentialAction":[{"@type":"SearchAction","target":{"@type":"EntryPoint","urlTemplate":"https:\/\/dev.eliassen.nl\/de\/?s={search_term_string}"},"query-input":{"@type":"PropertyValueSpecification","valueRequired":true,"valueName":"search_term_string"}}],"inLanguage":"de"},{"@type":"Organization","@id":"https:\/\/dev.eliassen.nl\/de\/#organization","name":"Eliassen Home & Garden Pleasure","url":"https:\/\/dev.eliassen.nl\/de\/","logo":{"@type":"ImageObject","inLanguage":"de","@id":"https:\/\/dev.eliassen.nl\/de\/#\/schema\/logo\/image\/","url":"https:\/\/www.eliassen.nl\/wp-content\/uploads\/2024\/01\/logo_4nd.jpg","contentUrl":"https:\/\/www.eliassen.nl\/wp-content\/uploads\/2024\/01\/logo_4nd.jpg","width":500,"height":500,"caption":"Eliassen Home & Garden Pleasure"},"image":{"@id":"https:\/\/dev.eliassen.nl\/de\/#\/schema\/logo\/image\/"},"sameAs":["https:\/\/www.facebook.com\/TuincentrumEliassenAmmerzoden","https:\/\/www.instagram.com\/eliassenhomeandgarden\/","https:\/\/nl.pinterest.com\/eliassenhomeandgarden\/","https:\/\/www.youtube.com\/@eliassenhomegardenpleasure4558"]}]}},"df_price":850,"df_sale_price":"","df_regular_price":850,"df_image_link":"https:\/\/dev.eliassen.nl\/wp-content\/uploads\/2024\/01\/grotestenenwaterplateau90100cmeliassennl.png","image":"https:\/\/dev.eliassen.nl\/wp-content\/uploads\/2024\/01\/grotestenenwaterplateau90100cmeliassennl.png","price_search":"<span class=\"woocommerce-Price-amount amount\"><bdi><span class=\"woocommerce-Price-currencySymbol\">&euro;<\/span>&nbsp;850,00<\/bdi><\/span>","category":"Einzigartige eigene Modelle von losen Wasserspielen","_links":{"self":[{"href":"https:\/\/dev.eliassen.nl\/de\/wp-json\/wp\/v2\/product\/90007","targetHints":{"allow":["GET"]}}],"collection":[{"href":"https:\/\/dev.eliassen.nl\/de\/wp-json\/wp\/v2\/product"}],"about":[{"href":"https:\/\/dev.eliassen.nl\/de\/wp-json\/wp\/v2\/types\/product"}],"wp:featuredmedia":[{"embeddable":true,"href":"https:\/\/dev.eliassen.nl\/de\/wp-json\/wp\/v2\/media\/89992"}],"wp:attachment":[{"href":"https:\/\/dev.eliassen.nl\/de\/wp-json\/wp\/v2\/media?parent=90007"}],"wp:term":[{"taxonomy":"product_brand","embeddable":true,"href":"https:\/\/dev.eliassen.nl\/de\/wp-json\/wp\/v2\/product_brand?post=90007"},{"taxonomy":"product_cat","embeddable":true,"href":"https:\/\/dev.eliassen.nl\/de\/wp-json\/wp\/v2\/product_cat?post=90007"},{"taxonomy":"product_tag","embeddable":true,"href":"https:\/\/dev.eliassen.nl\/de\/wp-json\/wp\/v2\/product_tag?post=90007"}],"curies":[{"name":"wp","href":"https:\/\/api.w.org\/{rel}","templated":true}]}}