{"id":90091,"date":"2023-05-25T17:46:13","date_gmt":"2023-05-25T15:46:13","guid":{"rendered":"https:\/\/www.eliassen.nl\/?product=zuilenset-basalt-hoekig-ina-40-60-80cm"},"modified":"2024-12-05T16:26:46","modified_gmt":"2024-12-05T15:26:46","slug":"saulenset-basalt-eckig-ina-40-60-80cm","status":"publish","type":"product","link":"https:\/\/dev.eliassen.nl\/de\/saulenset-basalt-eckig-ina-40-60-80cm\/","title":{"rendered":"S\u00e4ulenset Basaltstein eckig Ina 40-60-80cm"},"content":{"rendered":"<p><strong>Dies betrifft nur das Wasserspiel. Bitte erkundigen Sie sich nach weiteren ben\u00f6tigten Teilen.<\/strong><\/p>\n<p>Wassers\u00e4ulen aus Basaltstein, mit polierter Spitze. In den S\u00e4ulen kann eine LED-Leuchte platziert werden, noch sch\u00f6ner ist es jedoch, sie mit einem Strahler zu beleuchten. Diese S\u00e4ulen kommen in der Natur vor und k\u00f6nnen daher in Dicke und Farbe unterschiedlich sein. Wirklich ein Set f\u00fcr den Liebhaber nat\u00fcrlicher Looks. Wenn die S\u00e4ulen nass sind, sehen sie etwas dunkler aus (siehe Foto).<\/p>\n<p>Die S\u00e4ulen haben eine H\u00f6he von 40, 60 und 80 cm. <em>Set kann nur bei uns erworben werden.<\/em><\/p>\n<p>Dieses S\u00e4ulenset bietet das Beste aus beiden Welten. Auf der Oberseite und an der Seite poliert, wobei das urspr\u00fcngliche nat\u00fcrliche Aussehen erhalten bleibt. Suchen Sie ein nat\u00fcrliches Wasserspiel oder einen Brunnen? Dieses 3-S\u00e4ulen-Ornament ist ein echtes Naturprodukt aus Basaltstein, bei dem die Sch\u00f6nheit des Steins unber\u00fchrt geblieben ist.<\/p>\n<ul>\n<li>Exklusives Naturprodukt<\/li>\n<li>Die Dicke betr\u00e4gt etwa 20 bis 25 m pro S\u00e4ule<\/li>\n<li>H\u00f6he 40, 60 und 80 cm<\/li>\n<li>Erh\u00e4ltlich aus eigenem Lagerbestand<\/li>\n<li>Dies ist ein separates Ornament, bitte erkundigen Sie sich nach weiteren Lieferungen.<\/li>\n<\/ul>\n","protected":false},"excerpt":{"rendered":"<p>Dies ist ein separates Ornament. Bitte erkundigen Sie sich nach weiteren ben\u00f6tigten Teilen.<\/p>\n","protected":false},"featured_media":90079,"template":"","meta":{"_acf_changed":false},"product_brand":[],"product_cat":[539,551,536],"product_tag":[],"class_list":{"0":"post-90091","1":"product","2":"type-product","3":"status-publish","4":"has-post-thumbnail","6":"product_cat-einzigartige-eigene-modelle-von-losen-wasserspiele","7":"product_cat-lose-wasserspiele","8":"product_cat-wassereigenschaften","10":"first","11":"instock","12":"taxable","13":"shipping-taxable","14":"purchasable","15":"product-type-simple"},"acf":[],"yoast_head":"<!-- This site is optimized with the Yoast SEO plugin v23.8 - https:\/\/yoast.com\/wordpress\/plugins\/seo\/ -->\n<title>S\u00e4ulenset Basalt eckig Ina 40-60-80cm<\/title>\n<meta name=\"description\" content=\"Basalt-Wassers\u00e4ulen-Set, die sch\u00f6nsten und g\u00fcnstigsten finden Sie bei uns!!\" \/>\n<meta name=\"robots\" content=\"noindex, follow, max-snippet:-1, max-image-preview:large, max-video-preview:-1\" \/>\n<meta property=\"og:locale\" content=\"de_DE\" \/>\n<meta property=\"og:type\" content=\"article\" \/>\n<meta property=\"og:title\" content=\"S\u00e4ulenset Basalt eckig Ina 40-60-80cm\" \/>\n<meta property=\"og:description\" content=\"Basalt-Wassers\u00e4ulen-Set, die sch\u00f6nsten und g\u00fcnstigsten finden Sie bei uns!!\" \/>\n<meta property=\"og:url\" content=\"https:\/\/dev.eliassen.nl\/de\/saulenset-basalt-eckig-ina-40-60-80cm\/\" \/>\n<meta property=\"og:site_name\" content=\"Eliassen.nl\" \/>\n<meta property=\"article:publisher\" content=\"https:\/\/www.facebook.com\/TuincentrumEliassenAmmerzoden\" \/>\n<meta property=\"article:modified_time\" content=\"2024-12-05T15:26:46+00:00\" \/>\n<meta property=\"og:image\" content=\"https:\/\/dev.eliassen.nl\/wp-content\/uploads\/2024\/01\/myproject15.png\" \/>\n\t<meta property=\"og:image:width\" content=\"892\" \/>\n\t<meta property=\"og:image:height\" content=\"1008\" \/>\n\t<meta property=\"og:image:type\" content=\"image\/png\" \/>\n<meta name=\"twitter:card\" content=\"summary_large_image\" \/>\n<script type=\"application\/ld+json\" class=\"yoast-schema-graph\">{\"@context\":\"https:\/\/schema.org\",\"@graph\":[{\"@type\":\"WebPage\",\"@id\":\"https:\/\/dev.eliassen.nl\/de\/saulenset-basalt-eckig-ina-40-60-80cm\/\",\"url\":\"https:\/\/dev.eliassen.nl\/de\/saulenset-basalt-eckig-ina-40-60-80cm\/\",\"name\":\"S\u00e4ulenset Basalt eckig Ina 40-60-80cm\",\"isPartOf\":{\"@id\":\"https:\/\/dev.eliassen.nl\/de\/#website\"},\"primaryImageOfPage\":{\"@id\":\"https:\/\/dev.eliassen.nl\/de\/saulenset-basalt-eckig-ina-40-60-80cm\/#primaryimage\"},\"image\":{\"@id\":\"https:\/\/dev.eliassen.nl\/de\/saulenset-basalt-eckig-ina-40-60-80cm\/#primaryimage\"},\"thumbnailUrl\":\"https:\/\/dev.eliassen.nl\/wp-content\/uploads\/2024\/01\/myproject15.png\",\"datePublished\":\"2023-05-25T15:46:13+00:00\",\"dateModified\":\"2024-12-05T15:26:46+00:00\",\"description\":\"Basalt-Wassers\u00e4ulen-Set, die sch\u00f6nsten und g\u00fcnstigsten finden Sie bei uns!!\",\"breadcrumb\":{\"@id\":\"https:\/\/dev.eliassen.nl\/de\/saulenset-basalt-eckig-ina-40-60-80cm\/#breadcrumb\"},\"inLanguage\":\"de\",\"potentialAction\":[{\"@type\":\"ReadAction\",\"target\":[\"https:\/\/dev.eliassen.nl\/de\/saulenset-basalt-eckig-ina-40-60-80cm\/\"]}]},{\"@type\":\"ImageObject\",\"inLanguage\":\"de\",\"@id\":\"https:\/\/dev.eliassen.nl\/de\/saulenset-basalt-eckig-ina-40-60-80cm\/#primaryimage\",\"url\":\"https:\/\/dev.eliassen.nl\/wp-content\/uploads\/2024\/01\/myproject15.png\",\"contentUrl\":\"https:\/\/dev.eliassen.nl\/wp-content\/uploads\/2024\/01\/myproject15.png\",\"width\":892,\"height\":1008,\"caption\":\"My project-1 (5)\"},{\"@type\":\"BreadcrumbList\",\"@id\":\"https:\/\/dev.eliassen.nl\/de\/saulenset-basalt-eckig-ina-40-60-80cm\/#breadcrumb\",\"itemListElement\":[{\"@type\":\"ListItem\",\"position\":1,\"name\":\"Home\",\"item\":\"https:\/\/dev.eliassen.nl\/de\/\"},{\"@type\":\"ListItem\",\"position\":2,\"name\":\"Shop\",\"item\":\"https:\/\/dev.eliassen.nl\/nl\/winkel\/\"},{\"@type\":\"ListItem\",\"position\":3,\"name\":\"Wasserspiele\",\"item\":\"https:\/\/dev.eliassen.nl\/de\/wassereigenschaften\/\"},{\"@type\":\"ListItem\",\"position\":4,\"name\":\"Einzigartige eigene Modelle von losen Wasserspielen\",\"item\":\"https:\/\/dev.eliassen.nl\/de\/wassereigenschaften\/einzigartige-eigene-modelle-von-losen-wasserspiele\/\"},{\"@type\":\"ListItem\",\"position\":5,\"name\":\"S\u00e4ulenset Basaltstein eckig Ina 40-60-80cm\"}]},{\"@type\":\"WebSite\",\"@id\":\"https:\/\/dev.eliassen.nl\/de\/#website\",\"url\":\"https:\/\/dev.eliassen.nl\/de\/\",\"name\":\"Eliassen Home & Garden Pleasure\",\"description\":\"\",\"publisher\":{\"@id\":\"https:\/\/dev.eliassen.nl\/de\/#organization\"},\"alternateName\":\"Eliassen.nl\",\"potentialAction\":[{\"@type\":\"SearchAction\",\"target\":{\"@type\":\"EntryPoint\",\"urlTemplate\":\"https:\/\/dev.eliassen.nl\/de\/?s={search_term_string}\"},\"query-input\":{\"@type\":\"PropertyValueSpecification\",\"valueRequired\":true,\"valueName\":\"search_term_string\"}}],\"inLanguage\":\"de\"},{\"@type\":\"Organization\",\"@id\":\"https:\/\/dev.eliassen.nl\/de\/#organization\",\"name\":\"Eliassen Home & Garden Pleasure\",\"url\":\"https:\/\/dev.eliassen.nl\/de\/\",\"logo\":{\"@type\":\"ImageObject\",\"inLanguage\":\"de\",\"@id\":\"https:\/\/dev.eliassen.nl\/de\/#\/schema\/logo\/image\/\",\"url\":\"https:\/\/www.eliassen.nl\/wp-content\/uploads\/2024\/01\/logo_4nd.jpg\",\"contentUrl\":\"https:\/\/www.eliassen.nl\/wp-content\/uploads\/2024\/01\/logo_4nd.jpg\",\"width\":500,\"height\":500,\"caption\":\"Eliassen Home & Garden Pleasure\"},\"image\":{\"@id\":\"https:\/\/dev.eliassen.nl\/de\/#\/schema\/logo\/image\/\"},\"sameAs\":[\"https:\/\/www.facebook.com\/TuincentrumEliassenAmmerzoden\",\"https:\/\/www.instagram.com\/eliassenhomeandgarden\/\",\"https:\/\/nl.pinterest.com\/eliassenhomeandgarden\/\",\"https:\/\/www.youtube.com\/@eliassenhomegardenpleasure4558\"]}]}<\/script>\n<!-- \/ Yoast SEO plugin. -->","yoast_head_json":{"title":"S\u00e4ulenset Basalt eckig Ina 40-60-80cm","description":"Basalt-Wassers\u00e4ulen-Set, die sch\u00f6nsten und g\u00fcnstigsten finden Sie bei uns!!","robots":{"index":"noindex","follow":"follow","max-snippet":"max-snippet:-1","max-image-preview":"max-image-preview:large","max-video-preview":"max-video-preview:-1"},"og_locale":"de_DE","og_type":"article","og_title":"S\u00e4ulenset Basalt eckig Ina 40-60-80cm","og_description":"Basalt-Wassers\u00e4ulen-Set, die sch\u00f6nsten und g\u00fcnstigsten finden Sie bei uns!!","og_url":"https:\/\/dev.eliassen.nl\/de\/saulenset-basalt-eckig-ina-40-60-80cm\/","og_site_name":"Eliassen.nl","article_publisher":"https:\/\/www.facebook.com\/TuincentrumEliassenAmmerzoden","article_modified_time":"2024-12-05T15:26:46+00:00","og_image":[{"width":892,"height":1008,"url":"https:\/\/dev.eliassen.nl\/wp-content\/uploads\/2024\/01\/myproject15.png","type":"image\/png"}],"twitter_card":"summary_large_image","schema":{"@context":"https:\/\/schema.org","@graph":[{"@type":"WebPage","@id":"https:\/\/dev.eliassen.nl\/de\/saulenset-basalt-eckig-ina-40-60-80cm\/","url":"https:\/\/dev.eliassen.nl\/de\/saulenset-basalt-eckig-ina-40-60-80cm\/","name":"S\u00e4ulenset Basalt eckig Ina 40-60-80cm","isPartOf":{"@id":"https:\/\/dev.eliassen.nl\/de\/#website"},"primaryImageOfPage":{"@id":"https:\/\/dev.eliassen.nl\/de\/saulenset-basalt-eckig-ina-40-60-80cm\/#primaryimage"},"image":{"@id":"https:\/\/dev.eliassen.nl\/de\/saulenset-basalt-eckig-ina-40-60-80cm\/#primaryimage"},"thumbnailUrl":"https:\/\/dev.eliassen.nl\/wp-content\/uploads\/2024\/01\/myproject15.png","datePublished":"2023-05-25T15:46:13+00:00","dateModified":"2024-12-05T15:26:46+00:00","description":"Basalt-Wassers\u00e4ulen-Set, die sch\u00f6nsten und g\u00fcnstigsten finden Sie bei uns!!","breadcrumb":{"@id":"https:\/\/dev.eliassen.nl\/de\/saulenset-basalt-eckig-ina-40-60-80cm\/#breadcrumb"},"inLanguage":"de","potentialAction":[{"@type":"ReadAction","target":["https:\/\/dev.eliassen.nl\/de\/saulenset-basalt-eckig-ina-40-60-80cm\/"]}]},{"@type":"ImageObject","inLanguage":"de","@id":"https:\/\/dev.eliassen.nl\/de\/saulenset-basalt-eckig-ina-40-60-80cm\/#primaryimage","url":"https:\/\/dev.eliassen.nl\/wp-content\/uploads\/2024\/01\/myproject15.png","contentUrl":"https:\/\/dev.eliassen.nl\/wp-content\/uploads\/2024\/01\/myproject15.png","width":892,"height":1008,"caption":"My project-1 (5)"},{"@type":"BreadcrumbList","@id":"https:\/\/dev.eliassen.nl\/de\/saulenset-basalt-eckig-ina-40-60-80cm\/#breadcrumb","itemListElement":[{"@type":"ListItem","position":1,"name":"Home","item":"https:\/\/dev.eliassen.nl\/de\/"},{"@type":"ListItem","position":2,"name":"Shop","item":"https:\/\/dev.eliassen.nl\/nl\/winkel\/"},{"@type":"ListItem","position":3,"name":"Wasserspiele","item":"https:\/\/dev.eliassen.nl\/de\/wassereigenschaften\/"},{"@type":"ListItem","position":4,"name":"Einzigartige eigene Modelle von losen Wasserspielen","item":"https:\/\/dev.eliassen.nl\/de\/wassereigenschaften\/einzigartige-eigene-modelle-von-losen-wasserspiele\/"},{"@type":"ListItem","position":5,"name":"S\u00e4ulenset Basaltstein eckig Ina 40-60-80cm"}]},{"@type":"WebSite","@id":"https:\/\/dev.eliassen.nl\/de\/#website","url":"https:\/\/dev.eliassen.nl\/de\/","name":"Eliassen Home & Garden Pleasure","description":"","publisher":{"@id":"https:\/\/dev.eliassen.nl\/de\/#organization"},"alternateName":"Eliassen.nl","potentialAction":[{"@type":"SearchAction","target":{"@type":"EntryPoint","urlTemplate":"https:\/\/dev.eliassen.nl\/de\/?s={search_term_string}"},"query-input":{"@type":"PropertyValueSpecification","valueRequired":true,"valueName":"search_term_string"}}],"inLanguage":"de"},{"@type":"Organization","@id":"https:\/\/dev.eliassen.nl\/de\/#organization","name":"Eliassen Home & Garden Pleasure","url":"https:\/\/dev.eliassen.nl\/de\/","logo":{"@type":"ImageObject","inLanguage":"de","@id":"https:\/\/dev.eliassen.nl\/de\/#\/schema\/logo\/image\/","url":"https:\/\/www.eliassen.nl\/wp-content\/uploads\/2024\/01\/logo_4nd.jpg","contentUrl":"https:\/\/www.eliassen.nl\/wp-content\/uploads\/2024\/01\/logo_4nd.jpg","width":500,"height":500,"caption":"Eliassen Home & Garden Pleasure"},"image":{"@id":"https:\/\/dev.eliassen.nl\/de\/#\/schema\/logo\/image\/"},"sameAs":["https:\/\/www.facebook.com\/TuincentrumEliassenAmmerzoden","https:\/\/www.instagram.com\/eliassenhomeandgarden\/","https:\/\/nl.pinterest.com\/eliassenhomeandgarden\/","https:\/\/www.youtube.com\/@eliassenhomegardenpleasure4558"]}]}},"df_price":695,"df_sale_price":"","df_regular_price":695,"df_image_link":"https:\/\/dev.eliassen.nl\/wp-content\/uploads\/2024\/01\/myproject15.png","image":"https:\/\/dev.eliassen.nl\/wp-content\/uploads\/2024\/01\/myproject15.png","price_search":"<span class=\"woocommerce-Price-amount amount\"><bdi><span class=\"woocommerce-Price-currencySymbol\">&euro;<\/span>&nbsp;695,00<\/bdi><\/span>","category":"Einzigartige eigene Modelle von losen Wasserspielen","_links":{"self":[{"href":"https:\/\/dev.eliassen.nl\/de\/wp-json\/wp\/v2\/product\/90091","targetHints":{"allow":["GET"]}}],"collection":[{"href":"https:\/\/dev.eliassen.nl\/de\/wp-json\/wp\/v2\/product"}],"about":[{"href":"https:\/\/dev.eliassen.nl\/de\/wp-json\/wp\/v2\/types\/product"}],"wp:featuredmedia":[{"embeddable":true,"href":"https:\/\/dev.eliassen.nl\/de\/wp-json\/wp\/v2\/media\/90079"}],"wp:attachment":[{"href":"https:\/\/dev.eliassen.nl\/de\/wp-json\/wp\/v2\/media?parent=90091"}],"wp:term":[{"taxonomy":"product_brand","embeddable":true,"href":"https:\/\/dev.eliassen.nl\/de\/wp-json\/wp\/v2\/product_brand?post=90091"},{"taxonomy":"product_cat","embeddable":true,"href":"https:\/\/dev.eliassen.nl\/de\/wp-json\/wp\/v2\/product_cat?post=90091"},{"taxonomy":"product_tag","embeddable":true,"href":"https:\/\/dev.eliassen.nl\/de\/wp-json\/wp\/v2\/product_tag?post=90091"}],"curies":[{"name":"wp","href":"https:\/\/api.w.org\/{rel}","templated":true}]}}