{"id":90157,"date":"2023-06-09T15:46:04","date_gmt":"2023-06-09T13:46:04","guid":{"rendered":"https:\/\/www.eliassen.nl\/?product=haan-gietijzer-40cm"},"modified":"2024-12-05T16:26:52","modified_gmt":"2024-12-05T15:26:52","slug":"hahn-aus-gusseisen-40cm","status":"publish","type":"product","link":"https:\/\/dev.eliassen.nl\/de\/hahn-aus-gusseisen-40cm\/","title":{"rendered":"Hahn aus Gusseisen 40cm"},"content":{"rendered":"<p>Suchen Sie ein nostalgisches Bild mit einem zeitlosen l\u00e4ndlichen Look, der niemals kaputt geht? Dann k\u00f6nnte diese gusseiserne Statue in Form eines stolzen Hahns etwas f\u00fcr Sie sein.<\/p>\n<p>Diese Skulptur aus Gusseisen ist unbehandelt und daher rostig. Gusseisen ist eine Eisenart mit einem hohen Kohlenstoffgehalt. Gusseisen ist hervorragend gie\u00dfbar und unzerst\u00f6rbar. Ein Nachteil von Gusseisen besteht darin, dass es brechen kann. Lassen Sie eine Statue aus Gusseisen daher niemals fallen.<\/p>\n<p>Auf Gusseisen bildet sich eine Rostschicht, dieser Rost ist gleichzeitig die Schutzschicht des Eisens, sodass es nicht weiter rostet. Diese Tatsache sorgt daf\u00fcr, dass Gusseisengegenst\u00e4nde Hunderte von Jahren halten.<\/p>\n<ul>\n<li>Gr\u00f6\u00dfe: 18x40cm hoch<\/li>\n<li>Material: Gusseisen<\/li>\n<li>Farbe: Rostbraun<\/li>\n<li>Gewicht ca. 6 kg<\/li>\n<li>Achten Sie auf Roststellen im Garten<\/li>\n<li>Viele dieser Serien k\u00f6nnen Sie live in unserem Laden ansehen!<\/li>\n<\/ul>\n","protected":false},"excerpt":{"rendered":"<p>Wundersch\u00f6ne Gusseisenskulptur eines stolzen Hahns, 40 cm hoch.<\/p>\n","protected":false},"featured_media":90154,"template":"","meta":{"_acf_changed":false},"product_brand":[],"product_cat":[1421,7076],"product_tag":[],"class_list":{"0":"post-90157","1":"product","2":"type-product","3":"status-publish","4":"has-post-thumbnail","6":"product_cat-statuen-aus-gusseisen","7":"product_cat-statues-figures","9":"first","10":"instock","11":"taxable","12":"shipping-taxable","13":"purchasable","14":"product-type-simple"},"acf":[],"yoast_head":"<!-- This site is optimized with the Yoast SEO plugin v23.8 - https:\/\/yoast.com\/wordpress\/plugins\/seo\/ -->\n<title>Haan gietijzer 40cm - Eliassen Home &amp; Gardenpleasure<\/title>\n<meta name=\"description\" content=\"Prachtig gietijzer beeld van een trotse haan. Hoogwaardige kwaliteit en een lange levensduur gegarandeerd. Live te zien en online snel leverbaar.\" \/>\n<meta name=\"robots\" content=\"noindex, follow, max-snippet:-1, max-image-preview:large, max-video-preview:-1\" \/>\n<meta property=\"og:locale\" content=\"de_DE\" \/>\n<meta property=\"og:type\" content=\"article\" \/>\n<meta property=\"og:title\" content=\"Haan gietijzer 40cm - Eliassen Home &amp; Gardenpleasure\" \/>\n<meta property=\"og:description\" content=\"Prachtig gietijzer beeld van een trotse haan. Hoogwaardige kwaliteit en een lange levensduur gegarandeerd. Live te zien en online snel leverbaar.\" \/>\n<meta property=\"og:url\" content=\"https:\/\/dev.eliassen.nl\/de\/hahn-aus-gusseisen-40cm\/\" \/>\n<meta property=\"og:site_name\" content=\"Eliassen.nl\" \/>\n<meta property=\"article:publisher\" content=\"https:\/\/www.facebook.com\/TuincentrumEliassenAmmerzoden\" \/>\n<meta property=\"article:modified_time\" content=\"2024-12-05T15:26:52+00:00\" \/>\n<meta property=\"og:image\" content=\"https:\/\/dev.eliassen.nl\/wp-content\/uploads\/2024\/01\/ci525.jpg\" \/>\n\t<meta property=\"og:image:width\" content=\"600\" \/>\n\t<meta property=\"og:image:height\" content=\"800\" \/>\n\t<meta property=\"og:image:type\" content=\"image\/jpeg\" \/>\n<meta name=\"twitter:card\" content=\"summary_large_image\" \/>\n<script type=\"application\/ld+json\" class=\"yoast-schema-graph\">{\"@context\":\"https:\/\/schema.org\",\"@graph\":[{\"@type\":\"WebPage\",\"@id\":\"https:\/\/dev.eliassen.nl\/de\/hahn-aus-gusseisen-40cm\/\",\"url\":\"https:\/\/dev.eliassen.nl\/de\/hahn-aus-gusseisen-40cm\/\",\"name\":\"Haan gietijzer 40cm - Eliassen Home & Gardenpleasure\",\"isPartOf\":{\"@id\":\"https:\/\/dev.eliassen.nl\/de\/#website\"},\"primaryImageOfPage\":{\"@id\":\"https:\/\/dev.eliassen.nl\/de\/hahn-aus-gusseisen-40cm\/#primaryimage\"},\"image\":{\"@id\":\"https:\/\/dev.eliassen.nl\/de\/hahn-aus-gusseisen-40cm\/#primaryimage\"},\"thumbnailUrl\":\"https:\/\/dev.eliassen.nl\/wp-content\/uploads\/2024\/01\/ci525.jpg\",\"datePublished\":\"2023-06-09T13:46:04+00:00\",\"dateModified\":\"2024-12-05T15:26:52+00:00\",\"description\":\"Prachtig gietijzer beeld van een trotse haan. Hoogwaardige kwaliteit en een lange levensduur gegarandeerd. Live te zien en online snel leverbaar.\",\"breadcrumb\":{\"@id\":\"https:\/\/dev.eliassen.nl\/de\/hahn-aus-gusseisen-40cm\/#breadcrumb\"},\"inLanguage\":\"de\",\"potentialAction\":[{\"@type\":\"ReadAction\",\"target\":[\"https:\/\/dev.eliassen.nl\/de\/hahn-aus-gusseisen-40cm\/\"]}]},{\"@type\":\"ImageObject\",\"inLanguage\":\"de\",\"@id\":\"https:\/\/dev.eliassen.nl\/de\/hahn-aus-gusseisen-40cm\/#primaryimage\",\"url\":\"https:\/\/dev.eliassen.nl\/wp-content\/uploads\/2024\/01\/ci525.jpg\",\"contentUrl\":\"https:\/\/dev.eliassen.nl\/wp-content\/uploads\/2024\/01\/ci525.jpg\",\"width\":600,\"height\":800,\"caption\":\"CI-525\"},{\"@type\":\"BreadcrumbList\",\"@id\":\"https:\/\/dev.eliassen.nl\/de\/hahn-aus-gusseisen-40cm\/#breadcrumb\",\"itemListElement\":[{\"@type\":\"ListItem\",\"position\":1,\"name\":\"Home\",\"item\":\"https:\/\/dev.eliassen.nl\/de\/\"},{\"@type\":\"ListItem\",\"position\":2,\"name\":\"Shop\",\"item\":\"https:\/\/dev.eliassen.nl\/nl\/winkel\/\"},{\"@type\":\"ListItem\",\"position\":3,\"name\":\"Statuen-Skulpturen\",\"item\":\"https:\/\/dev.eliassen.nl\/de\/statuen-skulpturen\/\"},{\"@type\":\"ListItem\",\"position\":4,\"name\":\"Statuen aus Gusseisen\",\"item\":\"https:\/\/dev.eliassen.nl\/de\/bilder\/statuen-aus-gusseisen\/\"},{\"@type\":\"ListItem\",\"position\":5,\"name\":\"Hahn aus Gusseisen 40cm\"}]},{\"@type\":\"WebSite\",\"@id\":\"https:\/\/dev.eliassen.nl\/de\/#website\",\"url\":\"https:\/\/dev.eliassen.nl\/de\/\",\"name\":\"Eliassen Home & Garden Pleasure\",\"description\":\"\",\"publisher\":{\"@id\":\"https:\/\/dev.eliassen.nl\/de\/#organization\"},\"alternateName\":\"Eliassen.nl\",\"potentialAction\":[{\"@type\":\"SearchAction\",\"target\":{\"@type\":\"EntryPoint\",\"urlTemplate\":\"https:\/\/dev.eliassen.nl\/de\/?s={search_term_string}\"},\"query-input\":{\"@type\":\"PropertyValueSpecification\",\"valueRequired\":true,\"valueName\":\"search_term_string\"}}],\"inLanguage\":\"de\"},{\"@type\":\"Organization\",\"@id\":\"https:\/\/dev.eliassen.nl\/de\/#organization\",\"name\":\"Eliassen Home & Garden Pleasure\",\"url\":\"https:\/\/dev.eliassen.nl\/de\/\",\"logo\":{\"@type\":\"ImageObject\",\"inLanguage\":\"de\",\"@id\":\"https:\/\/dev.eliassen.nl\/de\/#\/schema\/logo\/image\/\",\"url\":\"https:\/\/www.eliassen.nl\/wp-content\/uploads\/2024\/01\/logo_4nd.jpg\",\"contentUrl\":\"https:\/\/www.eliassen.nl\/wp-content\/uploads\/2024\/01\/logo_4nd.jpg\",\"width\":500,\"height\":500,\"caption\":\"Eliassen Home & Garden Pleasure\"},\"image\":{\"@id\":\"https:\/\/dev.eliassen.nl\/de\/#\/schema\/logo\/image\/\"},\"sameAs\":[\"https:\/\/www.facebook.com\/TuincentrumEliassenAmmerzoden\",\"https:\/\/www.instagram.com\/eliassenhomeandgarden\/\",\"https:\/\/nl.pinterest.com\/eliassenhomeandgarden\/\",\"https:\/\/www.youtube.com\/@eliassenhomegardenpleasure4558\"]}]}<\/script>\n<!-- \/ Yoast SEO plugin. -->","yoast_head_json":{"title":"Haan gietijzer 40cm - Eliassen Home & Gardenpleasure","description":"Prachtig gietijzer beeld van een trotse haan. Hoogwaardige kwaliteit en een lange levensduur gegarandeerd. Live te zien en online snel leverbaar.","robots":{"index":"noindex","follow":"follow","max-snippet":"max-snippet:-1","max-image-preview":"max-image-preview:large","max-video-preview":"max-video-preview:-1"},"og_locale":"de_DE","og_type":"article","og_title":"Haan gietijzer 40cm - Eliassen Home & Gardenpleasure","og_description":"Prachtig gietijzer beeld van een trotse haan. Hoogwaardige kwaliteit en een lange levensduur gegarandeerd. Live te zien en online snel leverbaar.","og_url":"https:\/\/dev.eliassen.nl\/de\/hahn-aus-gusseisen-40cm\/","og_site_name":"Eliassen.nl","article_publisher":"https:\/\/www.facebook.com\/TuincentrumEliassenAmmerzoden","article_modified_time":"2024-12-05T15:26:52+00:00","og_image":[{"width":600,"height":800,"url":"https:\/\/dev.eliassen.nl\/wp-content\/uploads\/2024\/01\/ci525.jpg","type":"image\/jpeg"}],"twitter_card":"summary_large_image","schema":{"@context":"https:\/\/schema.org","@graph":[{"@type":"WebPage","@id":"https:\/\/dev.eliassen.nl\/de\/hahn-aus-gusseisen-40cm\/","url":"https:\/\/dev.eliassen.nl\/de\/hahn-aus-gusseisen-40cm\/","name":"Haan gietijzer 40cm - Eliassen Home & Gardenpleasure","isPartOf":{"@id":"https:\/\/dev.eliassen.nl\/de\/#website"},"primaryImageOfPage":{"@id":"https:\/\/dev.eliassen.nl\/de\/hahn-aus-gusseisen-40cm\/#primaryimage"},"image":{"@id":"https:\/\/dev.eliassen.nl\/de\/hahn-aus-gusseisen-40cm\/#primaryimage"},"thumbnailUrl":"https:\/\/dev.eliassen.nl\/wp-content\/uploads\/2024\/01\/ci525.jpg","datePublished":"2023-06-09T13:46:04+00:00","dateModified":"2024-12-05T15:26:52+00:00","description":"Prachtig gietijzer beeld van een trotse haan. Hoogwaardige kwaliteit en een lange levensduur gegarandeerd. Live te zien en online snel leverbaar.","breadcrumb":{"@id":"https:\/\/dev.eliassen.nl\/de\/hahn-aus-gusseisen-40cm\/#breadcrumb"},"inLanguage":"de","potentialAction":[{"@type":"ReadAction","target":["https:\/\/dev.eliassen.nl\/de\/hahn-aus-gusseisen-40cm\/"]}]},{"@type":"ImageObject","inLanguage":"de","@id":"https:\/\/dev.eliassen.nl\/de\/hahn-aus-gusseisen-40cm\/#primaryimage","url":"https:\/\/dev.eliassen.nl\/wp-content\/uploads\/2024\/01\/ci525.jpg","contentUrl":"https:\/\/dev.eliassen.nl\/wp-content\/uploads\/2024\/01\/ci525.jpg","width":600,"height":800,"caption":"CI-525"},{"@type":"BreadcrumbList","@id":"https:\/\/dev.eliassen.nl\/de\/hahn-aus-gusseisen-40cm\/#breadcrumb","itemListElement":[{"@type":"ListItem","position":1,"name":"Home","item":"https:\/\/dev.eliassen.nl\/de\/"},{"@type":"ListItem","position":2,"name":"Shop","item":"https:\/\/dev.eliassen.nl\/nl\/winkel\/"},{"@type":"ListItem","position":3,"name":"Statuen-Skulpturen","item":"https:\/\/dev.eliassen.nl\/de\/statuen-skulpturen\/"},{"@type":"ListItem","position":4,"name":"Statuen aus Gusseisen","item":"https:\/\/dev.eliassen.nl\/de\/bilder\/statuen-aus-gusseisen\/"},{"@type":"ListItem","position":5,"name":"Hahn aus Gusseisen 40cm"}]},{"@type":"WebSite","@id":"https:\/\/dev.eliassen.nl\/de\/#website","url":"https:\/\/dev.eliassen.nl\/de\/","name":"Eliassen Home & Garden Pleasure","description":"","publisher":{"@id":"https:\/\/dev.eliassen.nl\/de\/#organization"},"alternateName":"Eliassen.nl","potentialAction":[{"@type":"SearchAction","target":{"@type":"EntryPoint","urlTemplate":"https:\/\/dev.eliassen.nl\/de\/?s={search_term_string}"},"query-input":{"@type":"PropertyValueSpecification","valueRequired":true,"valueName":"search_term_string"}}],"inLanguage":"de"},{"@type":"Organization","@id":"https:\/\/dev.eliassen.nl\/de\/#organization","name":"Eliassen Home & Garden Pleasure","url":"https:\/\/dev.eliassen.nl\/de\/","logo":{"@type":"ImageObject","inLanguage":"de","@id":"https:\/\/dev.eliassen.nl\/de\/#\/schema\/logo\/image\/","url":"https:\/\/www.eliassen.nl\/wp-content\/uploads\/2024\/01\/logo_4nd.jpg","contentUrl":"https:\/\/www.eliassen.nl\/wp-content\/uploads\/2024\/01\/logo_4nd.jpg","width":500,"height":500,"caption":"Eliassen Home & Garden Pleasure"},"image":{"@id":"https:\/\/dev.eliassen.nl\/de\/#\/schema\/logo\/image\/"},"sameAs":["https:\/\/www.facebook.com\/TuincentrumEliassenAmmerzoden","https:\/\/www.instagram.com\/eliassenhomeandgarden\/","https:\/\/nl.pinterest.com\/eliassenhomeandgarden\/","https:\/\/www.youtube.com\/@eliassenhomegardenpleasure4558"]}]}},"df_price":99,"df_sale_price":"","df_regular_price":99,"df_image_link":"https:\/\/dev.eliassen.nl\/wp-content\/uploads\/2024\/01\/ci525.jpg","image":"https:\/\/dev.eliassen.nl\/wp-content\/uploads\/2024\/01\/ci525.jpg","price_search":"<span class=\"woocommerce-Price-amount amount\"><bdi><span class=\"woocommerce-Price-currencySymbol\">&euro;<\/span>&nbsp;99,00<\/bdi><\/span>","category":"Statuen aus Gusseisen","_links":{"self":[{"href":"https:\/\/dev.eliassen.nl\/de\/wp-json\/wp\/v2\/product\/90157","targetHints":{"allow":["GET"]}}],"collection":[{"href":"https:\/\/dev.eliassen.nl\/de\/wp-json\/wp\/v2\/product"}],"about":[{"href":"https:\/\/dev.eliassen.nl\/de\/wp-json\/wp\/v2\/types\/product"}],"wp:featuredmedia":[{"embeddable":true,"href":"https:\/\/dev.eliassen.nl\/de\/wp-json\/wp\/v2\/media\/90154"}],"wp:attachment":[{"href":"https:\/\/dev.eliassen.nl\/de\/wp-json\/wp\/v2\/media?parent=90157"}],"wp:term":[{"taxonomy":"product_brand","embeddable":true,"href":"https:\/\/dev.eliassen.nl\/de\/wp-json\/wp\/v2\/product_brand?post=90157"},{"taxonomy":"product_cat","embeddable":true,"href":"https:\/\/dev.eliassen.nl\/de\/wp-json\/wp\/v2\/product_cat?post=90157"},{"taxonomy":"product_tag","embeddable":true,"href":"https:\/\/dev.eliassen.nl\/de\/wp-json\/wp\/v2\/product_tag?post=90157"}],"curies":[{"name":"wp","href":"https:\/\/api.w.org\/{rel}","templated":true}]}}