{"id":90163,"date":"2023-06-09T15:47:34","date_gmt":"2023-06-09T15:47:34","guid":{"rendered":"https:\/\/www.eliassen.nl\/?product=gezicht-zwijgen-gietijzer-35cm"},"modified":"2024-01-16T13:55:17","modified_gmt":"2024-01-16T13:55:17","slug":"face-silence-gusseisen-35cm","status":"publish","type":"product","link":"https:\/\/dev.eliassen.nl\/de\/face-silence-gusseisen-35cm\/","title":{"rendered":"Face Silence Gusseisen 35cm"},"content":{"rendered":"<p>Suchen Sie ein nostalgisches Bild mit einem zeitlosen l\u00e4ndlichen Look, der niemals kaputt geht? Dann k\u00f6nnte diese gusseiserne Statue in Form eines abstrakten Gesichts etwas f\u00fcr Sie sein.<\/p>\n<p>Diese Skulptur aus Gusseisen ist unbehandelt und daher rostig. Gusseisen ist eine Eisenart mit einem hohen Kohlenstoffgehalt. Gusseisen ist hervorragend gie\u00dfbar und unzerst\u00f6rbar. Ein Nachteil von Gusseisen besteht darin, dass es brechen kann. Lassen Sie eine Statue aus Gusseisen daher niemals fallen.<\/p>\n<p>Auf Gusseisen bildet sich eine Rostschicht, dieser Rost ist gleichzeitig die Schutzschicht des Eisens, sodass es nicht weiter rostet. Diese Tatsache sorgt daf\u00fcr, dass Gusseisengegenst\u00e4nde Hunderte von Jahren halten.<\/p>\n<ul>\n<li>Gr\u00f6\u00dfe: 18x16x35cm hoch<\/li>\n<li>Material: Gusseisen<\/li>\n<li>Farbe: Rostbraun<\/li>\n<li>Gewicht ca. 5 kg<\/li>\n<li>Achten Sie auf Roststellen im Garten<\/li>\n<li>Viele dieser Serien k\u00f6nnen Sie live in unserem Laden ansehen!<\/li>\n<\/ul>\n","protected":false},"excerpt":{"rendered":"<p>Wundersch\u00f6ne Gusseisenskulptur eines abstrakten Gesichts mit einer H\u00f6he von 35 cm.<\/p>\n","protected":false},"featured_media":90160,"template":"","meta":{"_acf_changed":false},"product_brand":[],"product_cat":[612,1421],"product_tag":[],"class_list":{"0":"post-90163","1":"product","2":"type-product","3":"status-publish","4":"has-post-thumbnail","6":"product_cat-bilder","7":"product_cat-statuen-aus-gusseisen","9":"first","10":"outofstock","11":"taxable","12":"shipping-taxable","13":"purchasable","14":"product-type-simple"},"acf":[],"yoast_head":"<!-- This site is optimized with the Yoast SEO plugin v23.8 - https:\/\/yoast.com\/wordpress\/plugins\/seo\/ -->\n<title>Gezicht Zwijgen gietijzer 35cm - Eliassen Home &amp; Gardenpleasure<\/title>\n<meta name=\"description\" content=\"Prachtig gietijzeren beeld van een abstract gezicht met een hoogte van 35 cm. Hoogwaardige kwaliteit en een lange levensduur. Ook zeer geschikt als geschenk.\" \/>\n<meta name=\"robots\" content=\"noindex, follow, max-snippet:-1, max-image-preview:large, max-video-preview:-1\" \/>\n<meta property=\"og:locale\" content=\"de_DE\" \/>\n<meta property=\"og:type\" content=\"article\" \/>\n<meta property=\"og:title\" content=\"Gezicht Zwijgen gietijzer 35cm - Eliassen Home &amp; Gardenpleasure\" \/>\n<meta property=\"og:description\" content=\"Prachtig gietijzeren beeld van een abstract gezicht met een hoogte van 35 cm. Hoogwaardige kwaliteit en een lange levensduur. Ook zeer geschikt als geschenk.\" \/>\n<meta property=\"og:url\" content=\"https:\/\/dev.eliassen.nl\/de\/face-silence-gusseisen-35cm\/\" \/>\n<meta property=\"og:site_name\" content=\"Eliassen.nl\" \/>\n<meta property=\"article:publisher\" content=\"https:\/\/www.facebook.com\/TuincentrumEliassenAmmerzoden\" \/>\n<meta property=\"article:modified_time\" content=\"2024-01-16T13:55:17+00:00\" \/>\n<meta property=\"og:image\" content=\"https:\/\/dev.eliassen.nl\/wp-content\/uploads\/2024\/01\/ci852.jpg\" \/>\n\t<meta property=\"og:image:width\" content=\"480\" \/>\n\t<meta property=\"og:image:height\" content=\"640\" \/>\n\t<meta property=\"og:image:type\" content=\"image\/jpeg\" \/>\n<meta name=\"twitter:card\" content=\"summary_large_image\" \/>\n<script type=\"application\/ld+json\" class=\"yoast-schema-graph\">{\"@context\":\"https:\/\/schema.org\",\"@graph\":[{\"@type\":\"WebPage\",\"@id\":\"https:\/\/dev.eliassen.nl\/de\/face-silence-gusseisen-35cm\/\",\"url\":\"https:\/\/dev.eliassen.nl\/de\/face-silence-gusseisen-35cm\/\",\"name\":\"Gezicht Zwijgen gietijzer 35cm - Eliassen Home & Gardenpleasure\",\"isPartOf\":{\"@id\":\"https:\/\/dev.eliassen.nl\/de\/#website\"},\"primaryImageOfPage\":{\"@id\":\"https:\/\/dev.eliassen.nl\/de\/face-silence-gusseisen-35cm\/#primaryimage\"},\"image\":{\"@id\":\"https:\/\/dev.eliassen.nl\/de\/face-silence-gusseisen-35cm\/#primaryimage\"},\"thumbnailUrl\":\"https:\/\/dev.eliassen.nl\/wp-content\/uploads\/2024\/01\/ci852.jpg\",\"datePublished\":\"2023-06-09T15:47:34+00:00\",\"dateModified\":\"2024-01-16T13:55:17+00:00\",\"description\":\"Prachtig gietijzeren beeld van een abstract gezicht met een hoogte van 35 cm. Hoogwaardige kwaliteit en een lange levensduur. Ook zeer geschikt als geschenk.\",\"breadcrumb\":{\"@id\":\"https:\/\/dev.eliassen.nl\/de\/face-silence-gusseisen-35cm\/#breadcrumb\"},\"inLanguage\":\"de\",\"potentialAction\":[{\"@type\":\"ReadAction\",\"target\":[\"https:\/\/dev.eliassen.nl\/de\/face-silence-gusseisen-35cm\/\"]}]},{\"@type\":\"ImageObject\",\"inLanguage\":\"de\",\"@id\":\"https:\/\/dev.eliassen.nl\/de\/face-silence-gusseisen-35cm\/#primaryimage\",\"url\":\"https:\/\/dev.eliassen.nl\/wp-content\/uploads\/2024\/01\/ci852.jpg\",\"contentUrl\":\"https:\/\/dev.eliassen.nl\/wp-content\/uploads\/2024\/01\/ci852.jpg\",\"width\":480,\"height\":640,\"caption\":\"CI-852\"},{\"@type\":\"BreadcrumbList\",\"@id\":\"https:\/\/dev.eliassen.nl\/de\/face-silence-gusseisen-35cm\/#breadcrumb\",\"itemListElement\":[{\"@type\":\"ListItem\",\"position\":1,\"name\":\"Home\",\"item\":\"https:\/\/dev.eliassen.nl\/de\/\"},{\"@type\":\"ListItem\",\"position\":2,\"name\":\"Shop\",\"item\":\"https:\/\/dev.eliassen.nl\/nl\/winkel\/\"},{\"@type\":\"ListItem\",\"position\":3,\"name\":\"Statuen-Skulpturen\",\"item\":\"https:\/\/dev.eliassen.nl\/de\/statuen-skulpturen\/\"},{\"@type\":\"ListItem\",\"position\":4,\"name\":\"Statuen aus Gusseisen\",\"item\":\"https:\/\/dev.eliassen.nl\/de\/bilder\/statuen-aus-gusseisen\/\"},{\"@type\":\"ListItem\",\"position\":5,\"name\":\"Face Silence Gusseisen 35cm\"}]},{\"@type\":\"WebSite\",\"@id\":\"https:\/\/dev.eliassen.nl\/de\/#website\",\"url\":\"https:\/\/dev.eliassen.nl\/de\/\",\"name\":\"Eliassen Home & Garden Pleasure\",\"description\":\"\",\"publisher\":{\"@id\":\"https:\/\/dev.eliassen.nl\/de\/#organization\"},\"alternateName\":\"Eliassen.nl\",\"potentialAction\":[{\"@type\":\"SearchAction\",\"target\":{\"@type\":\"EntryPoint\",\"urlTemplate\":\"https:\/\/dev.eliassen.nl\/de\/?s={search_term_string}\"},\"query-input\":{\"@type\":\"PropertyValueSpecification\",\"valueRequired\":true,\"valueName\":\"search_term_string\"}}],\"inLanguage\":\"de\"},{\"@type\":\"Organization\",\"@id\":\"https:\/\/dev.eliassen.nl\/de\/#organization\",\"name\":\"Eliassen Home & Garden Pleasure\",\"url\":\"https:\/\/dev.eliassen.nl\/de\/\",\"logo\":{\"@type\":\"ImageObject\",\"inLanguage\":\"de\",\"@id\":\"https:\/\/dev.eliassen.nl\/de\/#\/schema\/logo\/image\/\",\"url\":\"https:\/\/www.eliassen.nl\/wp-content\/uploads\/2024\/01\/logo_4nd.jpg\",\"contentUrl\":\"https:\/\/www.eliassen.nl\/wp-content\/uploads\/2024\/01\/logo_4nd.jpg\",\"width\":500,\"height\":500,\"caption\":\"Eliassen Home & Garden Pleasure\"},\"image\":{\"@id\":\"https:\/\/dev.eliassen.nl\/de\/#\/schema\/logo\/image\/\"},\"sameAs\":[\"https:\/\/www.facebook.com\/TuincentrumEliassenAmmerzoden\",\"https:\/\/www.instagram.com\/eliassenhomeandgarden\/\",\"https:\/\/nl.pinterest.com\/eliassenhomeandgarden\/\",\"https:\/\/www.youtube.com\/@eliassenhomegardenpleasure4558\"]}]}<\/script>\n<!-- \/ Yoast SEO plugin. -->","yoast_head_json":{"title":"Gezicht Zwijgen gietijzer 35cm - Eliassen Home & Gardenpleasure","description":"Prachtig gietijzeren beeld van een abstract gezicht met een hoogte van 35 cm. Hoogwaardige kwaliteit en een lange levensduur. Ook zeer geschikt als geschenk.","robots":{"index":"noindex","follow":"follow","max-snippet":"max-snippet:-1","max-image-preview":"max-image-preview:large","max-video-preview":"max-video-preview:-1"},"og_locale":"de_DE","og_type":"article","og_title":"Gezicht Zwijgen gietijzer 35cm - Eliassen Home & Gardenpleasure","og_description":"Prachtig gietijzeren beeld van een abstract gezicht met een hoogte van 35 cm. Hoogwaardige kwaliteit en een lange levensduur. Ook zeer geschikt als geschenk.","og_url":"https:\/\/dev.eliassen.nl\/de\/face-silence-gusseisen-35cm\/","og_site_name":"Eliassen.nl","article_publisher":"https:\/\/www.facebook.com\/TuincentrumEliassenAmmerzoden","article_modified_time":"2024-01-16T13:55:17+00:00","og_image":[{"width":480,"height":640,"url":"https:\/\/dev.eliassen.nl\/wp-content\/uploads\/2024\/01\/ci852.jpg","type":"image\/jpeg"}],"twitter_card":"summary_large_image","schema":{"@context":"https:\/\/schema.org","@graph":[{"@type":"WebPage","@id":"https:\/\/dev.eliassen.nl\/de\/face-silence-gusseisen-35cm\/","url":"https:\/\/dev.eliassen.nl\/de\/face-silence-gusseisen-35cm\/","name":"Gezicht Zwijgen gietijzer 35cm - Eliassen Home & Gardenpleasure","isPartOf":{"@id":"https:\/\/dev.eliassen.nl\/de\/#website"},"primaryImageOfPage":{"@id":"https:\/\/dev.eliassen.nl\/de\/face-silence-gusseisen-35cm\/#primaryimage"},"image":{"@id":"https:\/\/dev.eliassen.nl\/de\/face-silence-gusseisen-35cm\/#primaryimage"},"thumbnailUrl":"https:\/\/dev.eliassen.nl\/wp-content\/uploads\/2024\/01\/ci852.jpg","datePublished":"2023-06-09T15:47:34+00:00","dateModified":"2024-01-16T13:55:17+00:00","description":"Prachtig gietijzeren beeld van een abstract gezicht met een hoogte van 35 cm. Hoogwaardige kwaliteit en een lange levensduur. Ook zeer geschikt als geschenk.","breadcrumb":{"@id":"https:\/\/dev.eliassen.nl\/de\/face-silence-gusseisen-35cm\/#breadcrumb"},"inLanguage":"de","potentialAction":[{"@type":"ReadAction","target":["https:\/\/dev.eliassen.nl\/de\/face-silence-gusseisen-35cm\/"]}]},{"@type":"ImageObject","inLanguage":"de","@id":"https:\/\/dev.eliassen.nl\/de\/face-silence-gusseisen-35cm\/#primaryimage","url":"https:\/\/dev.eliassen.nl\/wp-content\/uploads\/2024\/01\/ci852.jpg","contentUrl":"https:\/\/dev.eliassen.nl\/wp-content\/uploads\/2024\/01\/ci852.jpg","width":480,"height":640,"caption":"CI-852"},{"@type":"BreadcrumbList","@id":"https:\/\/dev.eliassen.nl\/de\/face-silence-gusseisen-35cm\/#breadcrumb","itemListElement":[{"@type":"ListItem","position":1,"name":"Home","item":"https:\/\/dev.eliassen.nl\/de\/"},{"@type":"ListItem","position":2,"name":"Shop","item":"https:\/\/dev.eliassen.nl\/nl\/winkel\/"},{"@type":"ListItem","position":3,"name":"Statuen-Skulpturen","item":"https:\/\/dev.eliassen.nl\/de\/statuen-skulpturen\/"},{"@type":"ListItem","position":4,"name":"Statuen aus Gusseisen","item":"https:\/\/dev.eliassen.nl\/de\/bilder\/statuen-aus-gusseisen\/"},{"@type":"ListItem","position":5,"name":"Face Silence Gusseisen 35cm"}]},{"@type":"WebSite","@id":"https:\/\/dev.eliassen.nl\/de\/#website","url":"https:\/\/dev.eliassen.nl\/de\/","name":"Eliassen Home & Garden Pleasure","description":"","publisher":{"@id":"https:\/\/dev.eliassen.nl\/de\/#organization"},"alternateName":"Eliassen.nl","potentialAction":[{"@type":"SearchAction","target":{"@type":"EntryPoint","urlTemplate":"https:\/\/dev.eliassen.nl\/de\/?s={search_term_string}"},"query-input":{"@type":"PropertyValueSpecification","valueRequired":true,"valueName":"search_term_string"}}],"inLanguage":"de"},{"@type":"Organization","@id":"https:\/\/dev.eliassen.nl\/de\/#organization","name":"Eliassen Home & Garden Pleasure","url":"https:\/\/dev.eliassen.nl\/de\/","logo":{"@type":"ImageObject","inLanguage":"de","@id":"https:\/\/dev.eliassen.nl\/de\/#\/schema\/logo\/image\/","url":"https:\/\/www.eliassen.nl\/wp-content\/uploads\/2024\/01\/logo_4nd.jpg","contentUrl":"https:\/\/www.eliassen.nl\/wp-content\/uploads\/2024\/01\/logo_4nd.jpg","width":500,"height":500,"caption":"Eliassen Home & Garden Pleasure"},"image":{"@id":"https:\/\/dev.eliassen.nl\/de\/#\/schema\/logo\/image\/"},"sameAs":["https:\/\/www.facebook.com\/TuincentrumEliassenAmmerzoden","https:\/\/www.instagram.com\/eliassenhomeandgarden\/","https:\/\/nl.pinterest.com\/eliassenhomeandgarden\/","https:\/\/www.youtube.com\/@eliassenhomegardenpleasure4558"]}]}},"df_price":87.5,"df_sale_price":"","df_regular_price":87.5,"df_image_link":"https:\/\/dev.eliassen.nl\/wp-content\/uploads\/2024\/01\/ci852.jpg","image":"https:\/\/dev.eliassen.nl\/wp-content\/uploads\/2024\/01\/ci852.jpg","price_search":"<span class=\"woocommerce-Price-amount amount\"><bdi><span class=\"woocommerce-Price-currencySymbol\">&euro;<\/span>&nbsp;87,50<\/bdi><\/span>","category":"Bilder","_links":{"self":[{"href":"https:\/\/dev.eliassen.nl\/de\/wp-json\/wp\/v2\/product\/90163","targetHints":{"allow":["GET"]}}],"collection":[{"href":"https:\/\/dev.eliassen.nl\/de\/wp-json\/wp\/v2\/product"}],"about":[{"href":"https:\/\/dev.eliassen.nl\/de\/wp-json\/wp\/v2\/types\/product"}],"wp:featuredmedia":[{"embeddable":true,"href":"https:\/\/dev.eliassen.nl\/de\/wp-json\/wp\/v2\/media\/90160"}],"wp:attachment":[{"href":"https:\/\/dev.eliassen.nl\/de\/wp-json\/wp\/v2\/media?parent=90163"}],"wp:term":[{"taxonomy":"product_brand","embeddable":true,"href":"https:\/\/dev.eliassen.nl\/de\/wp-json\/wp\/v2\/product_brand?post=90163"},{"taxonomy":"product_cat","embeddable":true,"href":"https:\/\/dev.eliassen.nl\/de\/wp-json\/wp\/v2\/product_cat?post=90163"},{"taxonomy":"product_tag","embeddable":true,"href":"https:\/\/dev.eliassen.nl\/de\/wp-json\/wp\/v2\/product_tag?post=90163"}],"curies":[{"name":"wp","href":"https:\/\/api.w.org\/{rel}","templated":true}]}}