{"id":90181,"date":"2023-06-13T19:48:34","date_gmt":"2023-06-13T17:48:34","guid":{"rendered":"https:\/\/www.eliassen.nl\/?product=buitenklok-weathereye-3-functies-30cm"},"modified":"2024-12-05T16:26:55","modified_gmt":"2024-12-05T15:26:55","slug":"outdoor-uhr-weathereye-3-funktionen-30cm","status":"publish","type":"product","link":"https:\/\/dev.eliassen.nl\/de\/outdoor-uhr-weathereye-3-funktionen-30cm\/","title":{"rendered":"Outdoor-Uhr Weathereye 3 Funktionen 30cm"},"content":{"rendered":"<p>Ihr Garten oder Ihre Veranda wird mit diesem Modell einer wasserdichten runden Uhr f\u00fcr den Au\u00dfenbereich sicherlich sch\u00f6ner. Was gibt es Sch\u00f6neres, als eine Gartendekoration zu haben, auf der man sofort die Zeit, die Temperatur oder die Luftfeuchtigkeit beobachten kann. Diese Gartenuhr ist auch praktisch; Schlie\u00dflich m\u00fcssen Sie nicht mehr mit schmutzigen H\u00e4nden auf Ihre Uhr schauen oder sehen, wie hei\u00df sie ist. Dieses Modell einer Outdoor-Uhr ist mit einem sch\u00f6nen kupferfarbenen Rahmen, Thermometer, Uhrwerk und Hygrometer ausgestattet und mit Acrylglas abgedeckt.<\/p>\n<p>Diese Gartenuhr ist resistent gegen Feuchtigkeit, sodass Sie dieses Wanduhrmodell auch in Ihrem Badezimmer aufh\u00e4ngen k\u00f6nnen.<\/p>\n<p><strong>H\u00e4ngen Sie diese Uhr nur im Freien unter einem Dach auf, nicht im str\u00f6menden Regen oder im Wind!<\/strong><\/p>\n<ul>\n<li>Gr\u00f6\u00dfe: 30 cm Durchmesser, Dicke ca. 6 cm<\/li>\n<li>Material: Polyresin<\/li>\n<li>Farbe: Schwarz\/Creme<\/li>\n<li>Farbe Zeiger: Schwarz<\/li>\n<li>Uhrwerk: Quarz<\/li>\n<li>Stromversorgung: 1x AA-Taschenlampe<\/li>\n<li>Verpackt in einer sch\u00f6nen Fensterbox<\/li>\n<li>1 Jahr Garantie<\/li>\n<\/ul>\n","protected":false},"excerpt":{"rendered":"<p>wundersch\u00f6ne Uhr, jetzt zum Aktionspreis!!<\/p>\n","protected":false},"featured_media":90178,"template":"","meta":{"_acf_changed":false},"product_brand":[],"product_cat":[524,509],"product_tag":[],"class_list":{"0":"post-90181","1":"product","2":"type-product","3":"status-publish","4":"has-post-thumbnail","6":"product_cat-outdoor-uhren","7":"product_cat-wanddekoration","9":"first","10":"instock","11":"sale","12":"taxable","13":"shipping-taxable","14":"purchasable","15":"product-type-simple"},"acf":[],"yoast_head":"<!-- This site is optimized with the Yoast SEO plugin v23.8 - https:\/\/yoast.com\/wordpress\/plugins\/seo\/ -->\n<title>Buitenklok weathereye 3 functies 30cm<\/title>\n<meta name=\"robots\" content=\"noindex, follow, max-snippet:-1, max-image-preview:large, max-video-preview:-1\" \/>\n<meta property=\"og:locale\" content=\"de_DE\" \/>\n<meta property=\"og:type\" content=\"article\" \/>\n<meta property=\"og:title\" content=\"Buitenklok weathereye 3 functies 30cm\" \/>\n<meta property=\"og:description\" content=\"wundersch\u00f6ne Uhr, jetzt zum Aktionspreis!!\" \/>\n<meta property=\"og:url\" content=\"https:\/\/dev.eliassen.nl\/de\/outdoor-uhr-weathereye-3-funktionen-30cm\/\" \/>\n<meta property=\"og:site_name\" content=\"Eliassen.nl\" \/>\n<meta property=\"article:publisher\" content=\"https:\/\/www.facebook.com\/TuincentrumEliassenAmmerzoden\" \/>\n<meta property=\"article:modified_time\" content=\"2024-12-05T15:26:55+00:00\" \/>\n<meta property=\"og:image\" content=\"https:\/\/dev.eliassen.nl\/wp-content\/uploads\/2024\/01\/123_2nd.jpg\" \/>\n\t<meta property=\"og:image:width\" content=\"202\" \/>\n\t<meta property=\"og:image:height\" content=\"202\" \/>\n\t<meta property=\"og:image:type\" content=\"image\/jpeg\" \/>\n<meta name=\"twitter:card\" content=\"summary_large_image\" \/>\n<script type=\"application\/ld+json\" class=\"yoast-schema-graph\">{\"@context\":\"https:\/\/schema.org\",\"@graph\":[{\"@type\":\"WebPage\",\"@id\":\"https:\/\/dev.eliassen.nl\/de\/outdoor-uhr-weathereye-3-funktionen-30cm\/\",\"url\":\"https:\/\/dev.eliassen.nl\/de\/outdoor-uhr-weathereye-3-funktionen-30cm\/\",\"name\":\"Buitenklok weathereye 3 functies 30cm\",\"isPartOf\":{\"@id\":\"https:\/\/dev.eliassen.nl\/de\/#website\"},\"primaryImageOfPage\":{\"@id\":\"https:\/\/dev.eliassen.nl\/de\/outdoor-uhr-weathereye-3-funktionen-30cm\/#primaryimage\"},\"image\":{\"@id\":\"https:\/\/dev.eliassen.nl\/de\/outdoor-uhr-weathereye-3-funktionen-30cm\/#primaryimage\"},\"thumbnailUrl\":\"https:\/\/dev.eliassen.nl\/wp-content\/uploads\/2024\/01\/123_2nd.jpg\",\"datePublished\":\"2023-06-13T17:48:34+00:00\",\"dateModified\":\"2024-12-05T15:26:55+00:00\",\"breadcrumb\":{\"@id\":\"https:\/\/dev.eliassen.nl\/de\/outdoor-uhr-weathereye-3-funktionen-30cm\/#breadcrumb\"},\"inLanguage\":\"de\",\"potentialAction\":[{\"@type\":\"ReadAction\",\"target\":[\"https:\/\/dev.eliassen.nl\/de\/outdoor-uhr-weathereye-3-funktionen-30cm\/\"]}]},{\"@type\":\"ImageObject\",\"inLanguage\":\"de\",\"@id\":\"https:\/\/dev.eliassen.nl\/de\/outdoor-uhr-weathereye-3-funktionen-30cm\/#primaryimage\",\"url\":\"https:\/\/dev.eliassen.nl\/wp-content\/uploads\/2024\/01\/123_2nd.jpg\",\"contentUrl\":\"https:\/\/dev.eliassen.nl\/wp-content\/uploads\/2024\/01\/123_2nd.jpg\",\"width\":202,\"height\":202,\"caption\":\"123\"},{\"@type\":\"BreadcrumbList\",\"@id\":\"https:\/\/dev.eliassen.nl\/de\/outdoor-uhr-weathereye-3-funktionen-30cm\/#breadcrumb\",\"itemListElement\":[{\"@type\":\"ListItem\",\"position\":1,\"name\":\"Home\",\"item\":\"https:\/\/dev.eliassen.nl\/de\/\"},{\"@type\":\"ListItem\",\"position\":2,\"name\":\"Shop\",\"item\":\"https:\/\/dev.eliassen.nl\/nl\/winkel\/\"},{\"@type\":\"ListItem\",\"position\":3,\"name\":\"Wanddekoration\",\"item\":\"https:\/\/dev.eliassen.nl\/de\/wanddekoration\/\"},{\"@type\":\"ListItem\",\"position\":4,\"name\":\"Outdoor-Uhren\",\"item\":\"https:\/\/dev.eliassen.nl\/de\/wanddekoration\/outdoor-uhren\/\"},{\"@type\":\"ListItem\",\"position\":5,\"name\":\"Outdoor-Uhr Weathereye 3 Funktionen 30cm\"}]},{\"@type\":\"WebSite\",\"@id\":\"https:\/\/dev.eliassen.nl\/de\/#website\",\"url\":\"https:\/\/dev.eliassen.nl\/de\/\",\"name\":\"Eliassen Home & Garden Pleasure\",\"description\":\"\",\"publisher\":{\"@id\":\"https:\/\/dev.eliassen.nl\/de\/#organization\"},\"alternateName\":\"Eliassen.nl\",\"potentialAction\":[{\"@type\":\"SearchAction\",\"target\":{\"@type\":\"EntryPoint\",\"urlTemplate\":\"https:\/\/dev.eliassen.nl\/de\/?s={search_term_string}\"},\"query-input\":{\"@type\":\"PropertyValueSpecification\",\"valueRequired\":true,\"valueName\":\"search_term_string\"}}],\"inLanguage\":\"de\"},{\"@type\":\"Organization\",\"@id\":\"https:\/\/dev.eliassen.nl\/de\/#organization\",\"name\":\"Eliassen Home & Garden Pleasure\",\"url\":\"https:\/\/dev.eliassen.nl\/de\/\",\"logo\":{\"@type\":\"ImageObject\",\"inLanguage\":\"de\",\"@id\":\"https:\/\/dev.eliassen.nl\/de\/#\/schema\/logo\/image\/\",\"url\":\"https:\/\/www.eliassen.nl\/wp-content\/uploads\/2024\/01\/logo_4nd.jpg\",\"contentUrl\":\"https:\/\/www.eliassen.nl\/wp-content\/uploads\/2024\/01\/logo_4nd.jpg\",\"width\":500,\"height\":500,\"caption\":\"Eliassen Home & Garden Pleasure\"},\"image\":{\"@id\":\"https:\/\/dev.eliassen.nl\/de\/#\/schema\/logo\/image\/\"},\"sameAs\":[\"https:\/\/www.facebook.com\/TuincentrumEliassenAmmerzoden\",\"https:\/\/www.instagram.com\/eliassenhomeandgarden\/\",\"https:\/\/nl.pinterest.com\/eliassenhomeandgarden\/\",\"https:\/\/www.youtube.com\/@eliassenhomegardenpleasure4558\"]}]}<\/script>\n<!-- \/ Yoast SEO plugin. -->","yoast_head_json":{"title":"Buitenklok weathereye 3 functies 30cm","robots":{"index":"noindex","follow":"follow","max-snippet":"max-snippet:-1","max-image-preview":"max-image-preview:large","max-video-preview":"max-video-preview:-1"},"og_locale":"de_DE","og_type":"article","og_title":"Buitenklok weathereye 3 functies 30cm","og_description":"wundersch\u00f6ne Uhr, jetzt zum Aktionspreis!!","og_url":"https:\/\/dev.eliassen.nl\/de\/outdoor-uhr-weathereye-3-funktionen-30cm\/","og_site_name":"Eliassen.nl","article_publisher":"https:\/\/www.facebook.com\/TuincentrumEliassenAmmerzoden","article_modified_time":"2024-12-05T15:26:55+00:00","og_image":[{"width":202,"height":202,"url":"https:\/\/dev.eliassen.nl\/wp-content\/uploads\/2024\/01\/123_2nd.jpg","type":"image\/jpeg"}],"twitter_card":"summary_large_image","schema":{"@context":"https:\/\/schema.org","@graph":[{"@type":"WebPage","@id":"https:\/\/dev.eliassen.nl\/de\/outdoor-uhr-weathereye-3-funktionen-30cm\/","url":"https:\/\/dev.eliassen.nl\/de\/outdoor-uhr-weathereye-3-funktionen-30cm\/","name":"Buitenklok weathereye 3 functies 30cm","isPartOf":{"@id":"https:\/\/dev.eliassen.nl\/de\/#website"},"primaryImageOfPage":{"@id":"https:\/\/dev.eliassen.nl\/de\/outdoor-uhr-weathereye-3-funktionen-30cm\/#primaryimage"},"image":{"@id":"https:\/\/dev.eliassen.nl\/de\/outdoor-uhr-weathereye-3-funktionen-30cm\/#primaryimage"},"thumbnailUrl":"https:\/\/dev.eliassen.nl\/wp-content\/uploads\/2024\/01\/123_2nd.jpg","datePublished":"2023-06-13T17:48:34+00:00","dateModified":"2024-12-05T15:26:55+00:00","breadcrumb":{"@id":"https:\/\/dev.eliassen.nl\/de\/outdoor-uhr-weathereye-3-funktionen-30cm\/#breadcrumb"},"inLanguage":"de","potentialAction":[{"@type":"ReadAction","target":["https:\/\/dev.eliassen.nl\/de\/outdoor-uhr-weathereye-3-funktionen-30cm\/"]}]},{"@type":"ImageObject","inLanguage":"de","@id":"https:\/\/dev.eliassen.nl\/de\/outdoor-uhr-weathereye-3-funktionen-30cm\/#primaryimage","url":"https:\/\/dev.eliassen.nl\/wp-content\/uploads\/2024\/01\/123_2nd.jpg","contentUrl":"https:\/\/dev.eliassen.nl\/wp-content\/uploads\/2024\/01\/123_2nd.jpg","width":202,"height":202,"caption":"123"},{"@type":"BreadcrumbList","@id":"https:\/\/dev.eliassen.nl\/de\/outdoor-uhr-weathereye-3-funktionen-30cm\/#breadcrumb","itemListElement":[{"@type":"ListItem","position":1,"name":"Home","item":"https:\/\/dev.eliassen.nl\/de\/"},{"@type":"ListItem","position":2,"name":"Shop","item":"https:\/\/dev.eliassen.nl\/nl\/winkel\/"},{"@type":"ListItem","position":3,"name":"Wanddekoration","item":"https:\/\/dev.eliassen.nl\/de\/wanddekoration\/"},{"@type":"ListItem","position":4,"name":"Outdoor-Uhren","item":"https:\/\/dev.eliassen.nl\/de\/wanddekoration\/outdoor-uhren\/"},{"@type":"ListItem","position":5,"name":"Outdoor-Uhr Weathereye 3 Funktionen 30cm"}]},{"@type":"WebSite","@id":"https:\/\/dev.eliassen.nl\/de\/#website","url":"https:\/\/dev.eliassen.nl\/de\/","name":"Eliassen Home & Garden Pleasure","description":"","publisher":{"@id":"https:\/\/dev.eliassen.nl\/de\/#organization"},"alternateName":"Eliassen.nl","potentialAction":[{"@type":"SearchAction","target":{"@type":"EntryPoint","urlTemplate":"https:\/\/dev.eliassen.nl\/de\/?s={search_term_string}"},"query-input":{"@type":"PropertyValueSpecification","valueRequired":true,"valueName":"search_term_string"}}],"inLanguage":"de"},{"@type":"Organization","@id":"https:\/\/dev.eliassen.nl\/de\/#organization","name":"Eliassen Home & Garden Pleasure","url":"https:\/\/dev.eliassen.nl\/de\/","logo":{"@type":"ImageObject","inLanguage":"de","@id":"https:\/\/dev.eliassen.nl\/de\/#\/schema\/logo\/image\/","url":"https:\/\/www.eliassen.nl\/wp-content\/uploads\/2024\/01\/logo_4nd.jpg","contentUrl":"https:\/\/www.eliassen.nl\/wp-content\/uploads\/2024\/01\/logo_4nd.jpg","width":500,"height":500,"caption":"Eliassen Home & Garden Pleasure"},"image":{"@id":"https:\/\/dev.eliassen.nl\/de\/#\/schema\/logo\/image\/"},"sameAs":["https:\/\/www.facebook.com\/TuincentrumEliassenAmmerzoden","https:\/\/www.instagram.com\/eliassenhomeandgarden\/","https:\/\/nl.pinterest.com\/eliassenhomeandgarden\/","https:\/\/www.youtube.com\/@eliassenhomegardenpleasure4558"]}]}},"df_price":17.5,"df_sale_price":17.5,"df_regular_price":37.95,"df_image_link":"https:\/\/dev.eliassen.nl\/wp-content\/uploads\/2024\/01\/123_2nd.jpg","image":"https:\/\/dev.eliassen.nl\/wp-content\/uploads\/2024\/01\/123_2nd.jpg","price_search":"<span class=\"woocommerce-Price-amount amount\"><bdi><span class=\"woocommerce-Price-currencySymbol\">&euro;<\/span>&nbsp;17,50<\/bdi><\/span>","category":"Outdoor-Uhren","_links":{"self":[{"href":"https:\/\/dev.eliassen.nl\/de\/wp-json\/wp\/v2\/product\/90181","targetHints":{"allow":["GET"]}}],"collection":[{"href":"https:\/\/dev.eliassen.nl\/de\/wp-json\/wp\/v2\/product"}],"about":[{"href":"https:\/\/dev.eliassen.nl\/de\/wp-json\/wp\/v2\/types\/product"}],"wp:featuredmedia":[{"embeddable":true,"href":"https:\/\/dev.eliassen.nl\/de\/wp-json\/wp\/v2\/media\/90178"}],"wp:attachment":[{"href":"https:\/\/dev.eliassen.nl\/de\/wp-json\/wp\/v2\/media?parent=90181"}],"wp:term":[{"taxonomy":"product_brand","embeddable":true,"href":"https:\/\/dev.eliassen.nl\/de\/wp-json\/wp\/v2\/product_brand?post=90181"},{"taxonomy":"product_cat","embeddable":true,"href":"https:\/\/dev.eliassen.nl\/de\/wp-json\/wp\/v2\/product_cat?post=90181"},{"taxonomy":"product_tag","embeddable":true,"href":"https:\/\/dev.eliassen.nl\/de\/wp-json\/wp\/v2\/product_tag?post=90181"}],"curies":[{"name":"wp","href":"https:\/\/api.w.org\/{rel}","templated":true}]}}