{"id":90250,"date":"2023-06-23T14:47:56","date_gmt":"2023-06-23T12:47:56","guid":{"rendered":"https:\/\/www.eliassen.nl\/?product=glasschilderij-mercedes-80x160cm"},"modified":"2024-12-05T16:27:04","modified_gmt":"2024-12-05T15:27:04","slug":"glasgemalde-mercedes-80x160cm","status":"publish","type":"product","link":"https:\/\/dev.eliassen.nl\/de\/glasgemalde-mercedes-80x160cm\/","title":{"rendered":"Glasgem\u00e4lde Mercedes 80x160cm."},"content":{"rendered":"<p>Dieses wundersch\u00f6ne Glasgem\u00e4lde im Format 160x80cm ist eine sch\u00f6ne Wanddekoration f\u00fcr das Wohnzimmer, Schlafzimmer oder einen anderen Raum mit schlichter Inneneinrichtung. Dieses Glasgem\u00e4lde, das einen stolzierenden Mercedes mit offenen T\u00fcren zeigt, ist ein gestochen scharfes Bild, das sich wunderbar als Kunst an der Wand in einem modernen Interieur widerspiegelt.<\/p>\n<p>Dieses l\u00e4ngliche Glasgem\u00e4lde verleiht als Wanddekoration einen sch\u00f6nen Glanz, da das Foto auf der R\u00fcckseite des 4 mm dicken Glases eingebrannt ist.<\/p>\n<p><strong>Wir haben fast die gesamte auf unserer Website aufgef\u00fchrte Gem\u00e4ldesammlung in unserem Gesch\u00e4ft, was in den Niederlanden einzigartig ist!<\/strong><\/p>\n<ul>\n<li>Gr\u00f6\u00dfe 160x80cm.<\/li>\n<li>Schnell geliefert<\/li>\n<li>Praktisch unzerbrechlich<\/li>\n<li>Super scharfes Bild<\/li>\n<li>4 mm dickes geh\u00e4rtetes Glas<\/li>\n<li>Nahezu unempfindlich gegen\u00fcber Kratzern<\/li>\n<li>Einfaches Aufh\u00e4ngen mit 2 Haken<\/li>\n<\/ul>\n","protected":false},"excerpt":{"rendered":"<p>Wundersch\u00f6nes Glasgem\u00e4lde f\u00fcr den echten Mercedes-Enthusiasten.<\/p>\n","protected":false},"featured_media":90247,"template":"","meta":{"_acf_changed":false},"product_brand":[],"product_cat":[410,458,443],"product_tag":[],"class_list":{"0":"post-90250","1":"product","2":"type-product","3":"status-publish","4":"has-post-thumbnail","6":"product_cat-gemaelde","7":"product_cat-glasmalerei-im-format-80x160cm","8":"product_cat-glasmalereien","10":"first","11":"instock","12":"taxable","13":"shipping-taxable","14":"purchasable","15":"product-type-simple"},"acf":[],"yoast_head":"<!-- This site is optimized with the Yoast SEO plugin v23.8 - https:\/\/yoast.com\/wordpress\/plugins\/seo\/ -->\n<title>Glasgem\u00e4lde Mercedes 80x160cm. - Eliassen Home &amp; Garden Pleasure<\/title>\n<meta name=\"description\" content=\"Wundersch\u00f6nes Glasgem\u00e4lde f\u00fcr den echten Mercedes-Enthusiasten! Sehr hochwertiges Glas f\u00fcr eine lange Lebensdauer. 80x160cm. Ein sch\u00f6nes Geschenk f\u00fcr Autolie...\" \/>\n<meta name=\"robots\" content=\"noindex, follow, max-snippet:-1, max-image-preview:large, max-video-preview:-1\" \/>\n<meta property=\"og:locale\" content=\"de_DE\" \/>\n<meta property=\"og:type\" content=\"article\" \/>\n<meta property=\"og:title\" content=\"Glasgem\u00e4lde Mercedes 80x160cm. - Eliassen Home &amp; Garden Pleasure\" \/>\n<meta property=\"og:description\" content=\"Wundersch\u00f6nes Glasgem\u00e4lde f\u00fcr den echten Mercedes-Enthusiasten! Sehr hochwertiges Glas f\u00fcr eine lange Lebensdauer. 80x160cm. Ein sch\u00f6nes Geschenk f\u00fcr Autolie...\" \/>\n<meta property=\"og:url\" content=\"https:\/\/dev.eliassen.nl\/de\/glasgemalde-mercedes-80x160cm\/\" \/>\n<meta property=\"og:site_name\" content=\"Eliassen.nl\" \/>\n<meta property=\"article:publisher\" content=\"https:\/\/www.facebook.com\/TuincentrumEliassenAmmerzoden\" \/>\n<meta property=\"article:modified_time\" content=\"2024-12-05T15:27:04+00:00\" \/>\n<meta property=\"og:image\" content=\"https:\/\/dev.eliassen.nl\/wp-content\/uploads\/2024\/01\/glasschilderijmercedes80x160cmeliassennl.jpg\" \/>\n\t<meta property=\"og:image:width\" content=\"1890\" \/>\n\t<meta property=\"og:image:height\" content=\"945\" \/>\n\t<meta property=\"og:image:type\" content=\"image\/jpeg\" \/>\n<meta name=\"twitter:card\" content=\"summary_large_image\" \/>\n<script type=\"application\/ld+json\" class=\"yoast-schema-graph\">{\"@context\":\"https:\/\/schema.org\",\"@graph\":[{\"@type\":\"WebPage\",\"@id\":\"https:\/\/dev.eliassen.nl\/de\/glasgemalde-mercedes-80x160cm\/\",\"url\":\"https:\/\/dev.eliassen.nl\/de\/glasgemalde-mercedes-80x160cm\/\",\"name\":\"Glasgem\u00e4lde Mercedes 80x160cm. - Eliassen Home & Garden Pleasure\",\"isPartOf\":{\"@id\":\"https:\/\/dev.eliassen.nl\/de\/#website\"},\"primaryImageOfPage\":{\"@id\":\"https:\/\/dev.eliassen.nl\/de\/glasgemalde-mercedes-80x160cm\/#primaryimage\"},\"image\":{\"@id\":\"https:\/\/dev.eliassen.nl\/de\/glasgemalde-mercedes-80x160cm\/#primaryimage\"},\"thumbnailUrl\":\"https:\/\/dev.eliassen.nl\/wp-content\/uploads\/2024\/01\/glasschilderijmercedes80x160cmeliassennl.jpg\",\"datePublished\":\"2023-06-23T12:47:56+00:00\",\"dateModified\":\"2024-12-05T15:27:04+00:00\",\"description\":\"Wundersch\u00f6nes Glasgem\u00e4lde f\u00fcr den echten Mercedes-Enthusiasten! Sehr hochwertiges Glas f\u00fcr eine lange Lebensdauer. 80x160cm. Ein sch\u00f6nes Geschenk f\u00fcr Autolie...\",\"breadcrumb\":{\"@id\":\"https:\/\/dev.eliassen.nl\/de\/glasgemalde-mercedes-80x160cm\/#breadcrumb\"},\"inLanguage\":\"de\",\"potentialAction\":[{\"@type\":\"ReadAction\",\"target\":[\"https:\/\/dev.eliassen.nl\/de\/glasgemalde-mercedes-80x160cm\/\"]}]},{\"@type\":\"ImageObject\",\"inLanguage\":\"de\",\"@id\":\"https:\/\/dev.eliassen.nl\/de\/glasgemalde-mercedes-80x160cm\/#primaryimage\",\"url\":\"https:\/\/dev.eliassen.nl\/wp-content\/uploads\/2024\/01\/glasschilderijmercedes80x160cmeliassennl.jpg\",\"contentUrl\":\"https:\/\/dev.eliassen.nl\/wp-content\/uploads\/2024\/01\/glasschilderijmercedes80x160cmeliassennl.jpg\",\"width\":1890,\"height\":945,\"caption\":\"glasschilderij Mercedes 80x160cm - eliassen.nl\"},{\"@type\":\"BreadcrumbList\",\"@id\":\"https:\/\/dev.eliassen.nl\/de\/glasgemalde-mercedes-80x160cm\/#breadcrumb\",\"itemListElement\":[{\"@type\":\"ListItem\",\"position\":1,\"name\":\"Home\",\"item\":\"https:\/\/dev.eliassen.nl\/de\/\"},{\"@type\":\"ListItem\",\"position\":2,\"name\":\"Shop\",\"item\":\"https:\/\/dev.eliassen.nl\/nl\/winkel\/\"},{\"@type\":\"ListItem\",\"position\":3,\"name\":\"Glasmalereien\",\"item\":\"https:\/\/dev.eliassen.nl\/de\/gemaelde\/glasmalereien\/\"},{\"@type\":\"ListItem\",\"position\":4,\"name\":\"Glasmalerei im Format 80x160cm\",\"item\":\"https:\/\/dev.eliassen.nl\/de\/gemaelde\/glasmalereien\/glasmalerei-im-format-80x160cm\/\"},{\"@type\":\"ListItem\",\"position\":5,\"name\":\"Glasgem\u00e4lde Mercedes 80x160cm.\"}]},{\"@type\":\"WebSite\",\"@id\":\"https:\/\/dev.eliassen.nl\/de\/#website\",\"url\":\"https:\/\/dev.eliassen.nl\/de\/\",\"name\":\"Eliassen Home & Garden Pleasure\",\"description\":\"\",\"publisher\":{\"@id\":\"https:\/\/dev.eliassen.nl\/de\/#organization\"},\"alternateName\":\"Eliassen.nl\",\"potentialAction\":[{\"@type\":\"SearchAction\",\"target\":{\"@type\":\"EntryPoint\",\"urlTemplate\":\"https:\/\/dev.eliassen.nl\/de\/?s={search_term_string}\"},\"query-input\":{\"@type\":\"PropertyValueSpecification\",\"valueRequired\":true,\"valueName\":\"search_term_string\"}}],\"inLanguage\":\"de\"},{\"@type\":\"Organization\",\"@id\":\"https:\/\/dev.eliassen.nl\/de\/#organization\",\"name\":\"Eliassen Home & Garden Pleasure\",\"url\":\"https:\/\/dev.eliassen.nl\/de\/\",\"logo\":{\"@type\":\"ImageObject\",\"inLanguage\":\"de\",\"@id\":\"https:\/\/dev.eliassen.nl\/de\/#\/schema\/logo\/image\/\",\"url\":\"https:\/\/www.eliassen.nl\/wp-content\/uploads\/2024\/01\/logo_4nd.jpg\",\"contentUrl\":\"https:\/\/www.eliassen.nl\/wp-content\/uploads\/2024\/01\/logo_4nd.jpg\",\"width\":500,\"height\":500,\"caption\":\"Eliassen Home & Garden Pleasure\"},\"image\":{\"@id\":\"https:\/\/dev.eliassen.nl\/de\/#\/schema\/logo\/image\/\"},\"sameAs\":[\"https:\/\/www.facebook.com\/TuincentrumEliassenAmmerzoden\",\"https:\/\/www.instagram.com\/eliassenhomeandgarden\/\",\"https:\/\/nl.pinterest.com\/eliassenhomeandgarden\/\",\"https:\/\/www.youtube.com\/@eliassenhomegardenpleasure4558\"]}]}<\/script>\n<!-- \/ Yoast SEO plugin. -->","yoast_head_json":{"title":"Glasgem\u00e4lde Mercedes 80x160cm. - Eliassen Home & Garden Pleasure","description":"Wundersch\u00f6nes Glasgem\u00e4lde f\u00fcr den echten Mercedes-Enthusiasten! Sehr hochwertiges Glas f\u00fcr eine lange Lebensdauer. 80x160cm. Ein sch\u00f6nes Geschenk f\u00fcr Autolie...","robots":{"index":"noindex","follow":"follow","max-snippet":"max-snippet:-1","max-image-preview":"max-image-preview:large","max-video-preview":"max-video-preview:-1"},"og_locale":"de_DE","og_type":"article","og_title":"Glasgem\u00e4lde Mercedes 80x160cm. - Eliassen Home & Garden Pleasure","og_description":"Wundersch\u00f6nes Glasgem\u00e4lde f\u00fcr den echten Mercedes-Enthusiasten! Sehr hochwertiges Glas f\u00fcr eine lange Lebensdauer. 80x160cm. Ein sch\u00f6nes Geschenk f\u00fcr Autolie...","og_url":"https:\/\/dev.eliassen.nl\/de\/glasgemalde-mercedes-80x160cm\/","og_site_name":"Eliassen.nl","article_publisher":"https:\/\/www.facebook.com\/TuincentrumEliassenAmmerzoden","article_modified_time":"2024-12-05T15:27:04+00:00","og_image":[{"width":1890,"height":945,"url":"https:\/\/dev.eliassen.nl\/wp-content\/uploads\/2024\/01\/glasschilderijmercedes80x160cmeliassennl.jpg","type":"image\/jpeg"}],"twitter_card":"summary_large_image","schema":{"@context":"https:\/\/schema.org","@graph":[{"@type":"WebPage","@id":"https:\/\/dev.eliassen.nl\/de\/glasgemalde-mercedes-80x160cm\/","url":"https:\/\/dev.eliassen.nl\/de\/glasgemalde-mercedes-80x160cm\/","name":"Glasgem\u00e4lde Mercedes 80x160cm. - Eliassen Home & Garden Pleasure","isPartOf":{"@id":"https:\/\/dev.eliassen.nl\/de\/#website"},"primaryImageOfPage":{"@id":"https:\/\/dev.eliassen.nl\/de\/glasgemalde-mercedes-80x160cm\/#primaryimage"},"image":{"@id":"https:\/\/dev.eliassen.nl\/de\/glasgemalde-mercedes-80x160cm\/#primaryimage"},"thumbnailUrl":"https:\/\/dev.eliassen.nl\/wp-content\/uploads\/2024\/01\/glasschilderijmercedes80x160cmeliassennl.jpg","datePublished":"2023-06-23T12:47:56+00:00","dateModified":"2024-12-05T15:27:04+00:00","description":"Wundersch\u00f6nes Glasgem\u00e4lde f\u00fcr den echten Mercedes-Enthusiasten! Sehr hochwertiges Glas f\u00fcr eine lange Lebensdauer. 80x160cm. Ein sch\u00f6nes Geschenk f\u00fcr Autolie...","breadcrumb":{"@id":"https:\/\/dev.eliassen.nl\/de\/glasgemalde-mercedes-80x160cm\/#breadcrumb"},"inLanguage":"de","potentialAction":[{"@type":"ReadAction","target":["https:\/\/dev.eliassen.nl\/de\/glasgemalde-mercedes-80x160cm\/"]}]},{"@type":"ImageObject","inLanguage":"de","@id":"https:\/\/dev.eliassen.nl\/de\/glasgemalde-mercedes-80x160cm\/#primaryimage","url":"https:\/\/dev.eliassen.nl\/wp-content\/uploads\/2024\/01\/glasschilderijmercedes80x160cmeliassennl.jpg","contentUrl":"https:\/\/dev.eliassen.nl\/wp-content\/uploads\/2024\/01\/glasschilderijmercedes80x160cmeliassennl.jpg","width":1890,"height":945,"caption":"glasschilderij Mercedes 80x160cm - eliassen.nl"},{"@type":"BreadcrumbList","@id":"https:\/\/dev.eliassen.nl\/de\/glasgemalde-mercedes-80x160cm\/#breadcrumb","itemListElement":[{"@type":"ListItem","position":1,"name":"Home","item":"https:\/\/dev.eliassen.nl\/de\/"},{"@type":"ListItem","position":2,"name":"Shop","item":"https:\/\/dev.eliassen.nl\/nl\/winkel\/"},{"@type":"ListItem","position":3,"name":"Glasmalereien","item":"https:\/\/dev.eliassen.nl\/de\/gemaelde\/glasmalereien\/"},{"@type":"ListItem","position":4,"name":"Glasmalerei im Format 80x160cm","item":"https:\/\/dev.eliassen.nl\/de\/gemaelde\/glasmalereien\/glasmalerei-im-format-80x160cm\/"},{"@type":"ListItem","position":5,"name":"Glasgem\u00e4lde Mercedes 80x160cm."}]},{"@type":"WebSite","@id":"https:\/\/dev.eliassen.nl\/de\/#website","url":"https:\/\/dev.eliassen.nl\/de\/","name":"Eliassen Home & Garden Pleasure","description":"","publisher":{"@id":"https:\/\/dev.eliassen.nl\/de\/#organization"},"alternateName":"Eliassen.nl","potentialAction":[{"@type":"SearchAction","target":{"@type":"EntryPoint","urlTemplate":"https:\/\/dev.eliassen.nl\/de\/?s={search_term_string}"},"query-input":{"@type":"PropertyValueSpecification","valueRequired":true,"valueName":"search_term_string"}}],"inLanguage":"de"},{"@type":"Organization","@id":"https:\/\/dev.eliassen.nl\/de\/#organization","name":"Eliassen Home & Garden Pleasure","url":"https:\/\/dev.eliassen.nl\/de\/","logo":{"@type":"ImageObject","inLanguage":"de","@id":"https:\/\/dev.eliassen.nl\/de\/#\/schema\/logo\/image\/","url":"https:\/\/www.eliassen.nl\/wp-content\/uploads\/2024\/01\/logo_4nd.jpg","contentUrl":"https:\/\/www.eliassen.nl\/wp-content\/uploads\/2024\/01\/logo_4nd.jpg","width":500,"height":500,"caption":"Eliassen Home & Garden Pleasure"},"image":{"@id":"https:\/\/dev.eliassen.nl\/de\/#\/schema\/logo\/image\/"},"sameAs":["https:\/\/www.facebook.com\/TuincentrumEliassenAmmerzoden","https:\/\/www.instagram.com\/eliassenhomeandgarden\/","https:\/\/nl.pinterest.com\/eliassenhomeandgarden\/","https:\/\/www.youtube.com\/@eliassenhomegardenpleasure4558"]}]}},"df_price":199,"df_sale_price":"","df_regular_price":199,"df_image_link":"https:\/\/dev.eliassen.nl\/wp-content\/uploads\/2024\/01\/glasschilderijmercedes80x160cmeliassennl.jpg","image":"https:\/\/dev.eliassen.nl\/wp-content\/uploads\/2024\/01\/glasschilderijmercedes80x160cmeliassennl.jpg","price_search":"<span class=\"woocommerce-Price-amount amount\"><bdi><span class=\"woocommerce-Price-currencySymbol\">&euro;<\/span>&nbsp;199,00<\/bdi><\/span>","category":"Gem\u00e4lde","_links":{"self":[{"href":"https:\/\/dev.eliassen.nl\/de\/wp-json\/wp\/v2\/product\/90250","targetHints":{"allow":["GET"]}}],"collection":[{"href":"https:\/\/dev.eliassen.nl\/de\/wp-json\/wp\/v2\/product"}],"about":[{"href":"https:\/\/dev.eliassen.nl\/de\/wp-json\/wp\/v2\/types\/product"}],"wp:featuredmedia":[{"embeddable":true,"href":"https:\/\/dev.eliassen.nl\/de\/wp-json\/wp\/v2\/media\/90247"}],"wp:attachment":[{"href":"https:\/\/dev.eliassen.nl\/de\/wp-json\/wp\/v2\/media?parent=90250"}],"wp:term":[{"taxonomy":"product_brand","embeddable":true,"href":"https:\/\/dev.eliassen.nl\/de\/wp-json\/wp\/v2\/product_brand?post=90250"},{"taxonomy":"product_cat","embeddable":true,"href":"https:\/\/dev.eliassen.nl\/de\/wp-json\/wp\/v2\/product_cat?post=90250"},{"taxonomy":"product_tag","embeddable":true,"href":"https:\/\/dev.eliassen.nl\/de\/wp-json\/wp\/v2\/product_tag?post=90250"}],"curies":[{"name":"wp","href":"https:\/\/api.w.org\/{rel}","templated":true}]}}