{"id":91588,"date":"2023-07-14T11:26:55","date_gmt":"2023-07-14T09:26:55","guid":{"rendered":"https:\/\/www.eliassen.nl\/?product=copy-of-houten-beeld-nijlpaard-open-bek"},"modified":"2024-12-05T16:28:28","modified_gmt":"2024-12-05T15:28:28","slug":"holzstatue-eines-nilpferds-mit-geschlossenem-maul-40-cm","status":"publish","type":"product","link":"https:\/\/dev.eliassen.nl\/de\/holzstatue-eines-nilpferds-mit-geschlossenem-maul-40-cm\/","title":{"rendered":"Holzstatue eines Nilpferds mit geschlossenem Maul, 40 cm"},"content":{"rendered":"<p>Wundersch\u00f6nes St\u00fcck Handwerkskunst, dieses wundersch\u00f6ne Nilpferd mit geschlossenem Maul, handgefertigt aus massivem Suar-Holz.<br \/>Es ist sehr geschickt, wie die Form dargestellt wird. Viele Arbeitsstunden wurden in dieses Modell gesteckt, um diese Statue aus einem Block hartem Suar-Holz zu schaffen.<\/p>\n<p>Suarholz hat die Eigenschaft, kontrastierende Farben zu haben. Helles Holz kann direkt neben dunklem Holz liegen. Es ist normal, dass diese Farbunterschiede auch bei diesem St\u00fcck sichtbar sind. Dar\u00fcber kann man sich leider nicht beschweren.<\/p>\n<p>Da es sich um Handarbeit handelt, ist das Foto nur ein Beispiel, Ihr erhaltenes Modell kann daher abweichen.<\/p>\n<ul>\n<li>Gr\u00f6\u00dfe: 40 cm<\/li>\n<li>Material: massives Suar-Holz, leicht ge\u00f6lt<\/li>\n<li>Exklusiv<\/li>\n<li>Originale Holzschnitzereien<\/li>\n<li>Eigener Bestand<\/li>\n<li>Sie k\u00f6nnen es im Freien aufstellen, allerdings wird das Holz dann grau und es k\u00f6nnen Risse entstehen.<\/li>\n<\/ul>\n","protected":false},"excerpt":{"rendered":"<p>Dieser Artikel kann Risse bekommen und eine gr\u00e4uliche Farbe annehmen, wenn er im Freien aufgestellt wird. Handgeschnitztes Suar-Holz.<\/p>\n","protected":false},"featured_media":91579,"template":"","meta":{"_acf_changed":false},"product_brand":[],"product_cat":[1367,7076,7239],"product_tag":[],"class_list":{"0":"post-91588","1":"product","2":"type-product","3":"status-publish","4":"has-post-thumbnail","6":"product_cat-holzstatuen","7":"product_cat-statues-figures","8":"product_cat-statuen-skulpturen","10":"first","11":"instock","12":"taxable","13":"shipping-taxable","14":"purchasable","15":"product-type-simple"},"acf":[],"yoast_head":"<!-- This site is optimized with the Yoast SEO plugin v23.8 - https:\/\/yoast.com\/wordpress\/plugins\/seo\/ -->\n<title>Holzstatue eines Nilpferds mit geschlossenem Maul, 40 cm \u2013 Eliassen Home&amp;Gardenpleasure<\/title>\n<meta name=\"description\" content=\"Handgefertigtes Holz in Form eines Nilpferds. Exklusive Holzschnitzerei. H\u00f6lzernes Nilpferd aus Suarholz geschnitzt. Schnelle Lieferung.\" \/>\n<meta name=\"robots\" content=\"noindex, follow, max-snippet:-1, max-image-preview:large, max-video-preview:-1\" \/>\n<meta property=\"og:locale\" content=\"de_DE\" \/>\n<meta property=\"og:type\" content=\"article\" \/>\n<meta property=\"og:title\" content=\"Holzstatue eines Nilpferds mit geschlossenem Maul, 40 cm \u2013 Eliassen Home&amp;Gardenpleasure\" \/>\n<meta property=\"og:description\" content=\"Handgefertigtes Holz in Form eines Nilpferds. Exklusive Holzschnitzerei. H\u00f6lzernes Nilpferd aus Suarholz geschnitzt. Schnelle Lieferung.\" \/>\n<meta property=\"og:url\" content=\"https:\/\/dev.eliassen.nl\/de\/holzstatue-eines-nilpferds-mit-geschlossenem-maul-40-cm\/\" \/>\n<meta property=\"og:site_name\" content=\"Eliassen.nl\" \/>\n<meta property=\"article:publisher\" content=\"https:\/\/www.facebook.com\/TuincentrumEliassenAmmerzoden\" \/>\n<meta property=\"article:modified_time\" content=\"2024-12-05T15:28:28+00:00\" \/>\n<meta property=\"og:image\" content=\"https:\/\/dev.eliassen.nl\/wp-content\/uploads\/2024\/01\/houtenbeeldnijlpaarddichtebek40cmeliassennl.jpg\" \/>\n\t<meta property=\"og:image:width\" content=\"1536\" \/>\n\t<meta property=\"og:image:height\" content=\"2048\" \/>\n\t<meta property=\"og:image:type\" content=\"image\/jpeg\" \/>\n<meta name=\"twitter:card\" content=\"summary_large_image\" \/>\n<script type=\"application\/ld+json\" class=\"yoast-schema-graph\">{\"@context\":\"https:\/\/schema.org\",\"@graph\":[{\"@type\":\"WebPage\",\"@id\":\"https:\/\/dev.eliassen.nl\/de\/holzstatue-eines-nilpferds-mit-geschlossenem-maul-40-cm\/\",\"url\":\"https:\/\/dev.eliassen.nl\/de\/holzstatue-eines-nilpferds-mit-geschlossenem-maul-40-cm\/\",\"name\":\"Holzstatue eines Nilpferds mit geschlossenem Maul, 40 cm \u2013 Eliassen Home&Gardenpleasure\",\"isPartOf\":{\"@id\":\"https:\/\/dev.eliassen.nl\/de\/#website\"},\"primaryImageOfPage\":{\"@id\":\"https:\/\/dev.eliassen.nl\/de\/holzstatue-eines-nilpferds-mit-geschlossenem-maul-40-cm\/#primaryimage\"},\"image\":{\"@id\":\"https:\/\/dev.eliassen.nl\/de\/holzstatue-eines-nilpferds-mit-geschlossenem-maul-40-cm\/#primaryimage\"},\"thumbnailUrl\":\"https:\/\/dev.eliassen.nl\/wp-content\/uploads\/2024\/01\/houtenbeeldnijlpaarddichtebek40cmeliassennl.jpg\",\"datePublished\":\"2023-07-14T09:26:55+00:00\",\"dateModified\":\"2024-12-05T15:28:28+00:00\",\"description\":\"Handgefertigtes Holz in Form eines Nilpferds. Exklusive Holzschnitzerei. H\u00f6lzernes Nilpferd aus Suarholz geschnitzt. Schnelle Lieferung.\",\"breadcrumb\":{\"@id\":\"https:\/\/dev.eliassen.nl\/de\/holzstatue-eines-nilpferds-mit-geschlossenem-maul-40-cm\/#breadcrumb\"},\"inLanguage\":\"de\",\"potentialAction\":[{\"@type\":\"ReadAction\",\"target\":[\"https:\/\/dev.eliassen.nl\/de\/holzstatue-eines-nilpferds-mit-geschlossenem-maul-40-cm\/\"]}]},{\"@type\":\"ImageObject\",\"inLanguage\":\"de\",\"@id\":\"https:\/\/dev.eliassen.nl\/de\/holzstatue-eines-nilpferds-mit-geschlossenem-maul-40-cm\/#primaryimage\",\"url\":\"https:\/\/dev.eliassen.nl\/wp-content\/uploads\/2024\/01\/houtenbeeldnijlpaarddichtebek40cmeliassennl.jpg\",\"contentUrl\":\"https:\/\/dev.eliassen.nl\/wp-content\/uploads\/2024\/01\/houtenbeeldnijlpaarddichtebek40cmeliassennl.jpg\",\"width\":1536,\"height\":2048,\"caption\":\"Houten beeld nijlpaard dichte bek 40cm eliassen.nl\"},{\"@type\":\"BreadcrumbList\",\"@id\":\"https:\/\/dev.eliassen.nl\/de\/holzstatue-eines-nilpferds-mit-geschlossenem-maul-40-cm\/#breadcrumb\",\"itemListElement\":[{\"@type\":\"ListItem\",\"position\":1,\"name\":\"Home\",\"item\":\"https:\/\/dev.eliassen.nl\/de\/\"},{\"@type\":\"ListItem\",\"position\":2,\"name\":\"Shop\",\"item\":\"https:\/\/dev.eliassen.nl\/nl\/winkel\/\"},{\"@type\":\"ListItem\",\"position\":3,\"name\":\"Statuen-Skulpturen\",\"item\":\"https:\/\/dev.eliassen.nl\/de\/statuen-skulpturen\/\"},{\"@type\":\"ListItem\",\"position\":4,\"name\":\"Holzstatuen\",\"item\":\"https:\/\/dev.eliassen.nl\/de\/bilder\/holzstatuen\/\"},{\"@type\":\"ListItem\",\"position\":5,\"name\":\"Holzstatue eines Nilpferds mit geschlossenem Maul, 40 cm\"}]},{\"@type\":\"WebSite\",\"@id\":\"https:\/\/dev.eliassen.nl\/de\/#website\",\"url\":\"https:\/\/dev.eliassen.nl\/de\/\",\"name\":\"Eliassen Home & Garden Pleasure\",\"description\":\"\",\"publisher\":{\"@id\":\"https:\/\/dev.eliassen.nl\/de\/#organization\"},\"alternateName\":\"Eliassen.nl\",\"potentialAction\":[{\"@type\":\"SearchAction\",\"target\":{\"@type\":\"EntryPoint\",\"urlTemplate\":\"https:\/\/dev.eliassen.nl\/de\/?s={search_term_string}\"},\"query-input\":{\"@type\":\"PropertyValueSpecification\",\"valueRequired\":true,\"valueName\":\"search_term_string\"}}],\"inLanguage\":\"de\"},{\"@type\":\"Organization\",\"@id\":\"https:\/\/dev.eliassen.nl\/de\/#organization\",\"name\":\"Eliassen Home & Garden Pleasure\",\"url\":\"https:\/\/dev.eliassen.nl\/de\/\",\"logo\":{\"@type\":\"ImageObject\",\"inLanguage\":\"de\",\"@id\":\"https:\/\/dev.eliassen.nl\/de\/#\/schema\/logo\/image\/\",\"url\":\"https:\/\/www.eliassen.nl\/wp-content\/uploads\/2024\/01\/logo_4nd.jpg\",\"contentUrl\":\"https:\/\/www.eliassen.nl\/wp-content\/uploads\/2024\/01\/logo_4nd.jpg\",\"width\":500,\"height\":500,\"caption\":\"Eliassen Home & Garden Pleasure\"},\"image\":{\"@id\":\"https:\/\/dev.eliassen.nl\/de\/#\/schema\/logo\/image\/\"},\"sameAs\":[\"https:\/\/www.facebook.com\/TuincentrumEliassenAmmerzoden\",\"https:\/\/www.instagram.com\/eliassenhomeandgarden\/\",\"https:\/\/nl.pinterest.com\/eliassenhomeandgarden\/\",\"https:\/\/www.youtube.com\/@eliassenhomegardenpleasure4558\"]}]}<\/script>\n<!-- \/ Yoast SEO plugin. -->","yoast_head_json":{"title":"Holzstatue eines Nilpferds mit geschlossenem Maul, 40 cm \u2013 Eliassen Home&Gardenpleasure","description":"Handgefertigtes Holz in Form eines Nilpferds. Exklusive Holzschnitzerei. H\u00f6lzernes Nilpferd aus Suarholz geschnitzt. Schnelle Lieferung.","robots":{"index":"noindex","follow":"follow","max-snippet":"max-snippet:-1","max-image-preview":"max-image-preview:large","max-video-preview":"max-video-preview:-1"},"og_locale":"de_DE","og_type":"article","og_title":"Holzstatue eines Nilpferds mit geschlossenem Maul, 40 cm \u2013 Eliassen Home&Gardenpleasure","og_description":"Handgefertigtes Holz in Form eines Nilpferds. Exklusive Holzschnitzerei. H\u00f6lzernes Nilpferd aus Suarholz geschnitzt. Schnelle Lieferung.","og_url":"https:\/\/dev.eliassen.nl\/de\/holzstatue-eines-nilpferds-mit-geschlossenem-maul-40-cm\/","og_site_name":"Eliassen.nl","article_publisher":"https:\/\/www.facebook.com\/TuincentrumEliassenAmmerzoden","article_modified_time":"2024-12-05T15:28:28+00:00","og_image":[{"width":1536,"height":2048,"url":"https:\/\/dev.eliassen.nl\/wp-content\/uploads\/2024\/01\/houtenbeeldnijlpaarddichtebek40cmeliassennl.jpg","type":"image\/jpeg"}],"twitter_card":"summary_large_image","schema":{"@context":"https:\/\/schema.org","@graph":[{"@type":"WebPage","@id":"https:\/\/dev.eliassen.nl\/de\/holzstatue-eines-nilpferds-mit-geschlossenem-maul-40-cm\/","url":"https:\/\/dev.eliassen.nl\/de\/holzstatue-eines-nilpferds-mit-geschlossenem-maul-40-cm\/","name":"Holzstatue eines Nilpferds mit geschlossenem Maul, 40 cm \u2013 Eliassen Home&Gardenpleasure","isPartOf":{"@id":"https:\/\/dev.eliassen.nl\/de\/#website"},"primaryImageOfPage":{"@id":"https:\/\/dev.eliassen.nl\/de\/holzstatue-eines-nilpferds-mit-geschlossenem-maul-40-cm\/#primaryimage"},"image":{"@id":"https:\/\/dev.eliassen.nl\/de\/holzstatue-eines-nilpferds-mit-geschlossenem-maul-40-cm\/#primaryimage"},"thumbnailUrl":"https:\/\/dev.eliassen.nl\/wp-content\/uploads\/2024\/01\/houtenbeeldnijlpaarddichtebek40cmeliassennl.jpg","datePublished":"2023-07-14T09:26:55+00:00","dateModified":"2024-12-05T15:28:28+00:00","description":"Handgefertigtes Holz in Form eines Nilpferds. Exklusive Holzschnitzerei. H\u00f6lzernes Nilpferd aus Suarholz geschnitzt. Schnelle Lieferung.","breadcrumb":{"@id":"https:\/\/dev.eliassen.nl\/de\/holzstatue-eines-nilpferds-mit-geschlossenem-maul-40-cm\/#breadcrumb"},"inLanguage":"de","potentialAction":[{"@type":"ReadAction","target":["https:\/\/dev.eliassen.nl\/de\/holzstatue-eines-nilpferds-mit-geschlossenem-maul-40-cm\/"]}]},{"@type":"ImageObject","inLanguage":"de","@id":"https:\/\/dev.eliassen.nl\/de\/holzstatue-eines-nilpferds-mit-geschlossenem-maul-40-cm\/#primaryimage","url":"https:\/\/dev.eliassen.nl\/wp-content\/uploads\/2024\/01\/houtenbeeldnijlpaarddichtebek40cmeliassennl.jpg","contentUrl":"https:\/\/dev.eliassen.nl\/wp-content\/uploads\/2024\/01\/houtenbeeldnijlpaarddichtebek40cmeliassennl.jpg","width":1536,"height":2048,"caption":"Houten beeld nijlpaard dichte bek 40cm eliassen.nl"},{"@type":"BreadcrumbList","@id":"https:\/\/dev.eliassen.nl\/de\/holzstatue-eines-nilpferds-mit-geschlossenem-maul-40-cm\/#breadcrumb","itemListElement":[{"@type":"ListItem","position":1,"name":"Home","item":"https:\/\/dev.eliassen.nl\/de\/"},{"@type":"ListItem","position":2,"name":"Shop","item":"https:\/\/dev.eliassen.nl\/nl\/winkel\/"},{"@type":"ListItem","position":3,"name":"Statuen-Skulpturen","item":"https:\/\/dev.eliassen.nl\/de\/statuen-skulpturen\/"},{"@type":"ListItem","position":4,"name":"Holzstatuen","item":"https:\/\/dev.eliassen.nl\/de\/bilder\/holzstatuen\/"},{"@type":"ListItem","position":5,"name":"Holzstatue eines Nilpferds mit geschlossenem Maul, 40 cm"}]},{"@type":"WebSite","@id":"https:\/\/dev.eliassen.nl\/de\/#website","url":"https:\/\/dev.eliassen.nl\/de\/","name":"Eliassen Home & Garden Pleasure","description":"","publisher":{"@id":"https:\/\/dev.eliassen.nl\/de\/#organization"},"alternateName":"Eliassen.nl","potentialAction":[{"@type":"SearchAction","target":{"@type":"EntryPoint","urlTemplate":"https:\/\/dev.eliassen.nl\/de\/?s={search_term_string}"},"query-input":{"@type":"PropertyValueSpecification","valueRequired":true,"valueName":"search_term_string"}}],"inLanguage":"de"},{"@type":"Organization","@id":"https:\/\/dev.eliassen.nl\/de\/#organization","name":"Eliassen Home & Garden Pleasure","url":"https:\/\/dev.eliassen.nl\/de\/","logo":{"@type":"ImageObject","inLanguage":"de","@id":"https:\/\/dev.eliassen.nl\/de\/#\/schema\/logo\/image\/","url":"https:\/\/www.eliassen.nl\/wp-content\/uploads\/2024\/01\/logo_4nd.jpg","contentUrl":"https:\/\/www.eliassen.nl\/wp-content\/uploads\/2024\/01\/logo_4nd.jpg","width":500,"height":500,"caption":"Eliassen Home & Garden Pleasure"},"image":{"@id":"https:\/\/dev.eliassen.nl\/de\/#\/schema\/logo\/image\/"},"sameAs":["https:\/\/www.facebook.com\/TuincentrumEliassenAmmerzoden","https:\/\/www.instagram.com\/eliassenhomeandgarden\/","https:\/\/nl.pinterest.com\/eliassenhomeandgarden\/","https:\/\/www.youtube.com\/@eliassenhomegardenpleasure4558"]}]}},"df_price":119,"df_sale_price":"","df_regular_price":119,"df_image_link":"https:\/\/dev.eliassen.nl\/wp-content\/uploads\/2024\/01\/houtenbeeldnijlpaarddichtebek40cmeliassennl.jpg","image":"https:\/\/dev.eliassen.nl\/wp-content\/uploads\/2024\/01\/houtenbeeldnijlpaarddichtebek40cmeliassennl.jpg","price_search":"<span class=\"woocommerce-Price-amount amount\"><bdi><span class=\"woocommerce-Price-currencySymbol\">&euro;<\/span>&nbsp;119,00<\/bdi><\/span>","category":"Holzstatuen","_links":{"self":[{"href":"https:\/\/dev.eliassen.nl\/de\/wp-json\/wp\/v2\/product\/91588","targetHints":{"allow":["GET"]}}],"collection":[{"href":"https:\/\/dev.eliassen.nl\/de\/wp-json\/wp\/v2\/product"}],"about":[{"href":"https:\/\/dev.eliassen.nl\/de\/wp-json\/wp\/v2\/types\/product"}],"wp:featuredmedia":[{"embeddable":true,"href":"https:\/\/dev.eliassen.nl\/de\/wp-json\/wp\/v2\/media\/91579"}],"wp:attachment":[{"href":"https:\/\/dev.eliassen.nl\/de\/wp-json\/wp\/v2\/media?parent=91588"}],"wp:term":[{"taxonomy":"product_brand","embeddable":true,"href":"https:\/\/dev.eliassen.nl\/de\/wp-json\/wp\/v2\/product_brand?post=91588"},{"taxonomy":"product_cat","embeddable":true,"href":"https:\/\/dev.eliassen.nl\/de\/wp-json\/wp\/v2\/product_cat?post=91588"},{"taxonomy":"product_tag","embeddable":true,"href":"https:\/\/dev.eliassen.nl\/de\/wp-json\/wp\/v2\/product_tag?post=91588"}],"curies":[{"name":"wp","href":"https:\/\/api.w.org\/{rel}","templated":true}]}}