{"id":91744,"date":"2023-07-14T12:27:30","date_gmt":"2023-07-14T10:27:30","guid":{"rendered":"https:\/\/www.eliassen.nl\/?product=copy-of-houten-beeld-uil-op-boeken-25cm"},"modified":"2024-12-05T16:28:57","modified_gmt":"2024-12-05T15:28:57","slug":"handstuhle-aus-holz-fur-links-und-rechts","status":"publish","type":"product","link":"https:\/\/dev.eliassen.nl\/de\/handstuhle-aus-holz-fur-links-und-rechts\/","title":{"rendered":"Handst\u00fchle aus Holz f\u00fcr links und rechts"},"content":{"rendered":"<p>Kommen Sie gerne nach Ihrem Anruf in unser B\u00fcro und schauen Sie sich diese Serie an.<\/p>\n<p>Dieses Set Handst\u00fchle ist ein wundersch\u00f6nes St\u00fcck Handwerkskunst und wurde aus massivem Suar-Holz handgefertigt. Es ist sehr geschickt, wie die Form dargestellt wird. Viele Arbeitsstunden wurden in dieses Modell gesteckt, um diese St\u00fchle aus einem Block hartem Suar-Holz herzustellen.<\/p>\n<p>Suarholz hat die Eigenschaft, kontrastierende Farben zu haben. Helles Holz kann direkt neben dunklem Holz stehen. Dass diese Farbunterschiede auch bei diesem St\u00fcck sichtbar sind, ist normal, kann aber leider nicht beanstandet werden.<\/p>\n<p>Da es sich um Handarbeit handelt, ist das Foto nur ein Beispiel, Ihr erhaltenes Modell kann daher abweichen.<\/p>\n<ul>\n<li>Kumpel: &#8211;<\/li>\n<li>Material: massives Suar-Holz, leicht ge\u00f6lt<\/li>\n<li>Handgefertigt<\/li>\n<li>Exklusiv<\/li>\n<li>Originale Holzschnitzereien<\/li>\n<li>Eigener Bestand<\/li>\n<\/ul>\n","protected":false},"excerpt":{"rendered":"<p>Dieser Artikel kann Risse bekommen und eine gr\u00e4uliche Farbe annehmen, wenn er im Freien aufgestellt wird.<\/p>\n","protected":false},"featured_media":91741,"template":"","meta":{"_acf_changed":false},"product_brand":[],"product_cat":[806,1367,7076,752],"product_tag":[],"class_list":{"0":"post-91744","1":"product","2":"type-product","3":"status-publish","4":"has-post-thumbnail","6":"product_cat-gartenbaenke","7":"product_cat-holzstatuen","8":"product_cat-statues-figures","9":"product_cat-weitere-artikel","11":"first","12":"instock","13":"taxable","14":"shipping-taxable","15":"purchasable","16":"product-type-simple"},"acf":[],"yoast_head":"<!-- This site is optimized with the Yoast SEO plugin v23.8 - https:\/\/yoast.com\/wordpress\/plugins\/seo\/ -->\n<title>Holzstuhl-Handst\u00fchle links und rechts eingestellt - Eliassen.nl<\/title>\n<meta name=\"description\" content=\"M\u00f6chten Sie handgeschnitzte St\u00fchle aus Holz kaufen? Sehen Sie sich diese Handst\u00fchle online an oder besuchen Sie den Ausstellungsraum! \u2713 Einzigartiges Modell\" \/>\n<meta name=\"robots\" content=\"noindex, follow, max-snippet:-1, max-image-preview:large, max-video-preview:-1\" \/>\n<meta property=\"og:locale\" content=\"de_DE\" \/>\n<meta property=\"og:type\" content=\"article\" \/>\n<meta property=\"og:title\" content=\"Holzstuhl-Handst\u00fchle links und rechts eingestellt - Eliassen.nl\" \/>\n<meta property=\"og:description\" content=\"M\u00f6chten Sie handgeschnitzte St\u00fchle aus Holz kaufen? Sehen Sie sich diese Handst\u00fchle online an oder besuchen Sie den Ausstellungsraum! \u2713 Einzigartiges Modell\" \/>\n<meta property=\"og:url\" content=\"https:\/\/dev.eliassen.nl\/de\/handstuhle-aus-holz-fur-links-und-rechts\/\" \/>\n<meta property=\"og:site_name\" content=\"Eliassen.nl\" \/>\n<meta property=\"article:publisher\" content=\"https:\/\/www.facebook.com\/TuincentrumEliassenAmmerzoden\" \/>\n<meta property=\"article:modified_time\" content=\"2024-12-05T15:28:57+00:00\" \/>\n<meta property=\"og:image\" content=\"https:\/\/dev.eliassen.nl\/wp-content\/uploads\/2024\/01\/183360houtenstoelhandstoelensetlinksenrecht.jpg\" \/>\n\t<meta property=\"og:image:width\" content=\"1600\" \/>\n\t<meta property=\"og:image:height\" content=\"1200\" \/>\n\t<meta property=\"og:image:type\" content=\"image\/jpeg\" \/>\n<meta name=\"twitter:card\" content=\"summary_large_image\" \/>\n<script type=\"application\/ld+json\" class=\"yoast-schema-graph\">{\"@context\":\"https:\/\/schema.org\",\"@graph\":[{\"@type\":\"WebPage\",\"@id\":\"https:\/\/dev.eliassen.nl\/de\/handstuhle-aus-holz-fur-links-und-rechts\/\",\"url\":\"https:\/\/dev.eliassen.nl\/de\/handstuhle-aus-holz-fur-links-und-rechts\/\",\"name\":\"Holzstuhl-Handst\u00fchle links und rechts eingestellt - Eliassen.nl\",\"isPartOf\":{\"@id\":\"https:\/\/dev.eliassen.nl\/de\/#website\"},\"primaryImageOfPage\":{\"@id\":\"https:\/\/dev.eliassen.nl\/de\/handstuhle-aus-holz-fur-links-und-rechts\/#primaryimage\"},\"image\":{\"@id\":\"https:\/\/dev.eliassen.nl\/de\/handstuhle-aus-holz-fur-links-und-rechts\/#primaryimage\"},\"thumbnailUrl\":\"https:\/\/dev.eliassen.nl\/wp-content\/uploads\/2024\/01\/183360houtenstoelhandstoelensetlinksenrecht.jpg\",\"datePublished\":\"2023-07-14T10:27:30+00:00\",\"dateModified\":\"2024-12-05T15:28:57+00:00\",\"description\":\"M\u00f6chten Sie handgeschnitzte St\u00fchle aus Holz kaufen? Sehen Sie sich diese Handst\u00fchle online an oder besuchen Sie den Ausstellungsraum! \u2713 Einzigartiges Modell\",\"breadcrumb\":{\"@id\":\"https:\/\/dev.eliassen.nl\/de\/handstuhle-aus-holz-fur-links-und-rechts\/#breadcrumb\"},\"inLanguage\":\"de\",\"potentialAction\":[{\"@type\":\"ReadAction\",\"target\":[\"https:\/\/dev.eliassen.nl\/de\/handstuhle-aus-holz-fur-links-und-rechts\/\"]}]},{\"@type\":\"ImageObject\",\"inLanguage\":\"de\",\"@id\":\"https:\/\/dev.eliassen.nl\/de\/handstuhle-aus-holz-fur-links-und-rechts\/#primaryimage\",\"url\":\"https:\/\/dev.eliassen.nl\/wp-content\/uploads\/2024\/01\/183360houtenstoelhandstoelensetlinksenrecht.jpg\",\"contentUrl\":\"https:\/\/dev.eliassen.nl\/wp-content\/uploads\/2024\/01\/183360houtenstoelhandstoelensetlinksenrecht.jpg\",\"width\":1600,\"height\":1200,\"caption\":\"183360 Houten stoel handstoelen set links en rechts eliassen.nl\"},{\"@type\":\"BreadcrumbList\",\"@id\":\"https:\/\/dev.eliassen.nl\/de\/handstuhle-aus-holz-fur-links-und-rechts\/#breadcrumb\",\"itemListElement\":[{\"@type\":\"ListItem\",\"position\":1,\"name\":\"Home\",\"item\":\"https:\/\/dev.eliassen.nl\/de\/\"},{\"@type\":\"ListItem\",\"position\":2,\"name\":\"Shop\",\"item\":\"https:\/\/dev.eliassen.nl\/nl\/winkel\/\"},{\"@type\":\"ListItem\",\"position\":3,\"name\":\"Statuen-Skulpturen\",\"item\":\"https:\/\/dev.eliassen.nl\/de\/statuen-skulpturen\/\"},{\"@type\":\"ListItem\",\"position\":4,\"name\":\"Holzstatuen\",\"item\":\"https:\/\/dev.eliassen.nl\/de\/bilder\/holzstatuen\/\"},{\"@type\":\"ListItem\",\"position\":5,\"name\":\"Handst\u00fchle aus Holz f\u00fcr links und rechts\"}]},{\"@type\":\"WebSite\",\"@id\":\"https:\/\/dev.eliassen.nl\/de\/#website\",\"url\":\"https:\/\/dev.eliassen.nl\/de\/\",\"name\":\"Eliassen Home & Garden Pleasure\",\"description\":\"\",\"publisher\":{\"@id\":\"https:\/\/dev.eliassen.nl\/de\/#organization\"},\"alternateName\":\"Eliassen.nl\",\"potentialAction\":[{\"@type\":\"SearchAction\",\"target\":{\"@type\":\"EntryPoint\",\"urlTemplate\":\"https:\/\/dev.eliassen.nl\/de\/?s={search_term_string}\"},\"query-input\":{\"@type\":\"PropertyValueSpecification\",\"valueRequired\":true,\"valueName\":\"search_term_string\"}}],\"inLanguage\":\"de\"},{\"@type\":\"Organization\",\"@id\":\"https:\/\/dev.eliassen.nl\/de\/#organization\",\"name\":\"Eliassen Home & Garden Pleasure\",\"url\":\"https:\/\/dev.eliassen.nl\/de\/\",\"logo\":{\"@type\":\"ImageObject\",\"inLanguage\":\"de\",\"@id\":\"https:\/\/dev.eliassen.nl\/de\/#\/schema\/logo\/image\/\",\"url\":\"https:\/\/www.eliassen.nl\/wp-content\/uploads\/2024\/01\/logo_4nd.jpg\",\"contentUrl\":\"https:\/\/www.eliassen.nl\/wp-content\/uploads\/2024\/01\/logo_4nd.jpg\",\"width\":500,\"height\":500,\"caption\":\"Eliassen Home & Garden Pleasure\"},\"image\":{\"@id\":\"https:\/\/dev.eliassen.nl\/de\/#\/schema\/logo\/image\/\"},\"sameAs\":[\"https:\/\/www.facebook.com\/TuincentrumEliassenAmmerzoden\",\"https:\/\/www.instagram.com\/eliassenhomeandgarden\/\",\"https:\/\/nl.pinterest.com\/eliassenhomeandgarden\/\",\"https:\/\/www.youtube.com\/@eliassenhomegardenpleasure4558\"]}]}<\/script>\n<!-- \/ Yoast SEO plugin. -->","yoast_head_json":{"title":"Holzstuhl-Handst\u00fchle links und rechts eingestellt - Eliassen.nl","description":"M\u00f6chten Sie handgeschnitzte St\u00fchle aus Holz kaufen? Sehen Sie sich diese Handst\u00fchle online an oder besuchen Sie den Ausstellungsraum! \u2713 Einzigartiges Modell","robots":{"index":"noindex","follow":"follow","max-snippet":"max-snippet:-1","max-image-preview":"max-image-preview:large","max-video-preview":"max-video-preview:-1"},"og_locale":"de_DE","og_type":"article","og_title":"Holzstuhl-Handst\u00fchle links und rechts eingestellt - Eliassen.nl","og_description":"M\u00f6chten Sie handgeschnitzte St\u00fchle aus Holz kaufen? Sehen Sie sich diese Handst\u00fchle online an oder besuchen Sie den Ausstellungsraum! \u2713 Einzigartiges Modell","og_url":"https:\/\/dev.eliassen.nl\/de\/handstuhle-aus-holz-fur-links-und-rechts\/","og_site_name":"Eliassen.nl","article_publisher":"https:\/\/www.facebook.com\/TuincentrumEliassenAmmerzoden","article_modified_time":"2024-12-05T15:28:57+00:00","og_image":[{"width":1600,"height":1200,"url":"https:\/\/dev.eliassen.nl\/wp-content\/uploads\/2024\/01\/183360houtenstoelhandstoelensetlinksenrecht.jpg","type":"image\/jpeg"}],"twitter_card":"summary_large_image","schema":{"@context":"https:\/\/schema.org","@graph":[{"@type":"WebPage","@id":"https:\/\/dev.eliassen.nl\/de\/handstuhle-aus-holz-fur-links-und-rechts\/","url":"https:\/\/dev.eliassen.nl\/de\/handstuhle-aus-holz-fur-links-und-rechts\/","name":"Holzstuhl-Handst\u00fchle links und rechts eingestellt - Eliassen.nl","isPartOf":{"@id":"https:\/\/dev.eliassen.nl\/de\/#website"},"primaryImageOfPage":{"@id":"https:\/\/dev.eliassen.nl\/de\/handstuhle-aus-holz-fur-links-und-rechts\/#primaryimage"},"image":{"@id":"https:\/\/dev.eliassen.nl\/de\/handstuhle-aus-holz-fur-links-und-rechts\/#primaryimage"},"thumbnailUrl":"https:\/\/dev.eliassen.nl\/wp-content\/uploads\/2024\/01\/183360houtenstoelhandstoelensetlinksenrecht.jpg","datePublished":"2023-07-14T10:27:30+00:00","dateModified":"2024-12-05T15:28:57+00:00","description":"M\u00f6chten Sie handgeschnitzte St\u00fchle aus Holz kaufen? Sehen Sie sich diese Handst\u00fchle online an oder besuchen Sie den Ausstellungsraum! \u2713 Einzigartiges Modell","breadcrumb":{"@id":"https:\/\/dev.eliassen.nl\/de\/handstuhle-aus-holz-fur-links-und-rechts\/#breadcrumb"},"inLanguage":"de","potentialAction":[{"@type":"ReadAction","target":["https:\/\/dev.eliassen.nl\/de\/handstuhle-aus-holz-fur-links-und-rechts\/"]}]},{"@type":"ImageObject","inLanguage":"de","@id":"https:\/\/dev.eliassen.nl\/de\/handstuhle-aus-holz-fur-links-und-rechts\/#primaryimage","url":"https:\/\/dev.eliassen.nl\/wp-content\/uploads\/2024\/01\/183360houtenstoelhandstoelensetlinksenrecht.jpg","contentUrl":"https:\/\/dev.eliassen.nl\/wp-content\/uploads\/2024\/01\/183360houtenstoelhandstoelensetlinksenrecht.jpg","width":1600,"height":1200,"caption":"183360 Houten stoel handstoelen set links en rechts eliassen.nl"},{"@type":"BreadcrumbList","@id":"https:\/\/dev.eliassen.nl\/de\/handstuhle-aus-holz-fur-links-und-rechts\/#breadcrumb","itemListElement":[{"@type":"ListItem","position":1,"name":"Home","item":"https:\/\/dev.eliassen.nl\/de\/"},{"@type":"ListItem","position":2,"name":"Shop","item":"https:\/\/dev.eliassen.nl\/nl\/winkel\/"},{"@type":"ListItem","position":3,"name":"Statuen-Skulpturen","item":"https:\/\/dev.eliassen.nl\/de\/statuen-skulpturen\/"},{"@type":"ListItem","position":4,"name":"Holzstatuen","item":"https:\/\/dev.eliassen.nl\/de\/bilder\/holzstatuen\/"},{"@type":"ListItem","position":5,"name":"Handst\u00fchle aus Holz f\u00fcr links und rechts"}]},{"@type":"WebSite","@id":"https:\/\/dev.eliassen.nl\/de\/#website","url":"https:\/\/dev.eliassen.nl\/de\/","name":"Eliassen Home & Garden Pleasure","description":"","publisher":{"@id":"https:\/\/dev.eliassen.nl\/de\/#organization"},"alternateName":"Eliassen.nl","potentialAction":[{"@type":"SearchAction","target":{"@type":"EntryPoint","urlTemplate":"https:\/\/dev.eliassen.nl\/de\/?s={search_term_string}"},"query-input":{"@type":"PropertyValueSpecification","valueRequired":true,"valueName":"search_term_string"}}],"inLanguage":"de"},{"@type":"Organization","@id":"https:\/\/dev.eliassen.nl\/de\/#organization","name":"Eliassen Home & Garden Pleasure","url":"https:\/\/dev.eliassen.nl\/de\/","logo":{"@type":"ImageObject","inLanguage":"de","@id":"https:\/\/dev.eliassen.nl\/de\/#\/schema\/logo\/image\/","url":"https:\/\/www.eliassen.nl\/wp-content\/uploads\/2024\/01\/logo_4nd.jpg","contentUrl":"https:\/\/www.eliassen.nl\/wp-content\/uploads\/2024\/01\/logo_4nd.jpg","width":500,"height":500,"caption":"Eliassen Home & Garden Pleasure"},"image":{"@id":"https:\/\/dev.eliassen.nl\/de\/#\/schema\/logo\/image\/"},"sameAs":["https:\/\/www.facebook.com\/TuincentrumEliassenAmmerzoden","https:\/\/www.instagram.com\/eliassenhomeandgarden\/","https:\/\/nl.pinterest.com\/eliassenhomeandgarden\/","https:\/\/www.youtube.com\/@eliassenhomegardenpleasure4558"]}]}},"df_price":459,"df_sale_price":"","df_regular_price":459,"df_image_link":"https:\/\/dev.eliassen.nl\/wp-content\/uploads\/2024\/01\/183360houtenstoelhandstoelensetlinksenrecht.jpg","image":"https:\/\/dev.eliassen.nl\/wp-content\/uploads\/2024\/01\/183360houtenstoelhandstoelensetlinksenrecht.jpg","price_search":"<span class=\"woocommerce-Price-amount amount\"><bdi><span class=\"woocommerce-Price-currencySymbol\">&euro;<\/span>&nbsp;459,00<\/bdi><\/span>","category":"Gartenb\u00e4nke","_links":{"self":[{"href":"https:\/\/dev.eliassen.nl\/de\/wp-json\/wp\/v2\/product\/91744","targetHints":{"allow":["GET"]}}],"collection":[{"href":"https:\/\/dev.eliassen.nl\/de\/wp-json\/wp\/v2\/product"}],"about":[{"href":"https:\/\/dev.eliassen.nl\/de\/wp-json\/wp\/v2\/types\/product"}],"wp:featuredmedia":[{"embeddable":true,"href":"https:\/\/dev.eliassen.nl\/de\/wp-json\/wp\/v2\/media\/91741"}],"wp:attachment":[{"href":"https:\/\/dev.eliassen.nl\/de\/wp-json\/wp\/v2\/media?parent=91744"}],"wp:term":[{"taxonomy":"product_brand","embeddable":true,"href":"https:\/\/dev.eliassen.nl\/de\/wp-json\/wp\/v2\/product_brand?post=91744"},{"taxonomy":"product_cat","embeddable":true,"href":"https:\/\/dev.eliassen.nl\/de\/wp-json\/wp\/v2\/product_cat?post=91744"},{"taxonomy":"product_tag","embeddable":true,"href":"https:\/\/dev.eliassen.nl\/de\/wp-json\/wp\/v2\/product_tag?post=91744"}],"curies":[{"name":"wp","href":"https:\/\/api.w.org\/{rel}","templated":true}]}}