{"id":91852,"date":"2023-07-14T13:38:21","date_gmt":"2023-07-14T11:38:21","guid":{"rendered":"https:\/\/www.eliassen.nl\/?product=bronzen-urn-with-us-forever"},"modified":"2024-12-05T16:29:30","modified_gmt":"2024-12-05T15:29:30","slug":"bronzeurne-bei-uns-fur-immer-9cm","status":"publish","type":"product","link":"https:\/\/dev.eliassen.nl\/de\/bronzeurne-bei-uns-fur-immer-9cm\/","title":{"rendered":"Bronzeurne Bei uns f\u00fcr immer 9cm"},"content":{"rendered":"<p>Eine wundersch\u00f6n gestaltete Bronzeurne mit Text oben und einem Aschebeh\u00e4lter, in dem ein Teil der Asche aufbewahrt werden kann. Auf diese Weise erhalten Sie eine wundersch\u00f6ne Gedenkdekoration.<\/p>\n<p>Dieses Bronzeobjekt wird auf traditionelle Weise im sogenannten Wachsausschmelzverfahren hergestellt.<\/p>\n<p>Dies geschieht wie folgt: Ein Wachsmodell wird in eine feuerfeste Masse wie Ton eingebettet, anschlie\u00dfend wird das Wachs ausgeschmolzen und die Form getrocknet. In den entstandenen Hohlraum wird dann Bronze gegossen. Nach dem Abk\u00fchlen wird die Form zerlegt und die \u00d6ffnung, durch die die Bronze in die Form gegossen wurde, abges\u00e4gt, so dass die Skulptur \u00fcbrig bleibt. Zum Schluss wird die Statue fertiggestellt, indem die L\u00f6cher verschlossen, Unebenheiten weggeschliffen und anschlie\u00dfend mit einer S\u00e4ure eingef\u00e4rbt werden. Gr\u00f6\u00dfere Bronzestatuen werden in Teilen gegossen, dann zusammengeschwei\u00dft und anschlie\u00dfend glattgeschliffen.<\/p>\n<p>Bronze ist eine Legierung aus Kupfer und Zinn. Je h\u00f6her der Kupfergehalt, desto hochwertiger ist die Bronze. Diese Statue hat einen Kupfergehalt von mindestens 75 %, was eine absolute Haltbarkeit garantiert.<\/p>\n<p>Im Freien werden Bronzestatuen etwas stumpfer in der Farbe, Sie k\u00f6nnen sie durch die Pflege mit Bienenwachs wieder zum Gl\u00e4nzen bringen.<\/p>\n<ul>\n<li>Gr\u00f6\u00dfe: 4x4x9cm hoch<\/li>\n<li>Material: Bronze<\/li>\n<li>Kommt mit Zertifikat<\/li>\n<li>Schnell geliefert<\/li>\n<li><strong>Viele dieser Bronzestatuenserien k\u00f6nnen auch live in unserem Shop besichtigt werden<\/strong><\/li>\n<\/ul>\n","protected":false},"excerpt":{"rendered":"<p>4x4x9cm hoch. Wird mit Zertifikat geliefert<\/p>\n","protected":false},"featured_media":91849,"template":"","meta":{"_acf_changed":false},"product_brand":[],"product_cat":[613,656,7239],"product_tag":[],"class_list":{"0":"post-91852","1":"product","2":"type-product","3":"status-publish","4":"has-post-thumbnail","6":"product_cat-bronzestatuen","7":"product_cat-urnen-und-grabschmuck","8":"product_cat-statuen-skulpturen","10":"first","11":"instock","12":"taxable","13":"shipping-taxable","14":"purchasable","15":"product-type-simple"},"acf":[],"yoast_head":"<!-- This site is optimized with the Yoast SEO plugin v23.8 - https:\/\/yoast.com\/wordpress\/plugins\/seo\/ -->\n<title>Bronzeurne Bei uns f\u00fcr immer 9cm - Eliassen Home &amp; Gardenpleasure<\/title>\n<meta name=\"description\" content=\"M\u00f6chten Sie eine sch\u00f6ne Bronzeurne mit Worten darauf? Dieses Modell hat eine schlanke und rechteckige Form mit dem Text \u201eForever\u201c. Die Farbe ist braun.\" \/>\n<meta name=\"robots\" content=\"noindex, follow, max-snippet:-1, max-image-preview:large, max-video-preview:-1\" \/>\n<meta property=\"og:locale\" content=\"de_DE\" \/>\n<meta property=\"og:type\" content=\"article\" \/>\n<meta property=\"og:title\" content=\"Bronzeurne Bei uns f\u00fcr immer 9cm - Eliassen Home &amp; Gardenpleasure\" \/>\n<meta property=\"og:description\" content=\"M\u00f6chten Sie eine sch\u00f6ne Bronzeurne mit Worten darauf? Dieses Modell hat eine schlanke und rechteckige Form mit dem Text \u201eForever\u201c. Die Farbe ist braun.\" \/>\n<meta property=\"og:url\" content=\"https:\/\/dev.eliassen.nl\/de\/bronzeurne-bei-uns-fur-immer-9cm\/\" \/>\n<meta property=\"og:site_name\" content=\"Eliassen.nl\" \/>\n<meta property=\"article:publisher\" content=\"https:\/\/www.facebook.com\/TuincentrumEliassenAmmerzoden\" \/>\n<meta property=\"article:modified_time\" content=\"2024-12-05T15:29:30+00:00\" \/>\n<meta property=\"og:image\" content=\"https:\/\/dev.eliassen.nl\/wp-content\/uploads\/2024\/01\/bronzenurnwithusforevereliassennl.jpg\" \/>\n\t<meta property=\"og:image:width\" content=\"1024\" \/>\n\t<meta property=\"og:image:height\" content=\"768\" \/>\n\t<meta property=\"og:image:type\" content=\"image\/jpeg\" \/>\n<meta name=\"twitter:card\" content=\"summary_large_image\" \/>\n<script type=\"application\/ld+json\" class=\"yoast-schema-graph\">{\"@context\":\"https:\/\/schema.org\",\"@graph\":[{\"@type\":\"WebPage\",\"@id\":\"https:\/\/dev.eliassen.nl\/de\/bronzeurne-bei-uns-fur-immer-9cm\/\",\"url\":\"https:\/\/dev.eliassen.nl\/de\/bronzeurne-bei-uns-fur-immer-9cm\/\",\"name\":\"Bronzeurne Bei uns f\u00fcr immer 9cm - Eliassen Home & Gardenpleasure\",\"isPartOf\":{\"@id\":\"https:\/\/dev.eliassen.nl\/de\/#website\"},\"primaryImageOfPage\":{\"@id\":\"https:\/\/dev.eliassen.nl\/de\/bronzeurne-bei-uns-fur-immer-9cm\/#primaryimage\"},\"image\":{\"@id\":\"https:\/\/dev.eliassen.nl\/de\/bronzeurne-bei-uns-fur-immer-9cm\/#primaryimage\"},\"thumbnailUrl\":\"https:\/\/dev.eliassen.nl\/wp-content\/uploads\/2024\/01\/bronzenurnwithusforevereliassennl.jpg\",\"datePublished\":\"2023-07-14T11:38:21+00:00\",\"dateModified\":\"2024-12-05T15:29:30+00:00\",\"description\":\"M\u00f6chten Sie eine sch\u00f6ne Bronzeurne mit Worten darauf? Dieses Modell hat eine schlanke und rechteckige Form mit dem Text \u201eForever\u201c. Die Farbe ist braun.\",\"breadcrumb\":{\"@id\":\"https:\/\/dev.eliassen.nl\/de\/bronzeurne-bei-uns-fur-immer-9cm\/#breadcrumb\"},\"inLanguage\":\"de\",\"potentialAction\":[{\"@type\":\"ReadAction\",\"target\":[\"https:\/\/dev.eliassen.nl\/de\/bronzeurne-bei-uns-fur-immer-9cm\/\"]}]},{\"@type\":\"ImageObject\",\"inLanguage\":\"de\",\"@id\":\"https:\/\/dev.eliassen.nl\/de\/bronzeurne-bei-uns-fur-immer-9cm\/#primaryimage\",\"url\":\"https:\/\/dev.eliassen.nl\/wp-content\/uploads\/2024\/01\/bronzenurnwithusforevereliassennl.jpg\",\"contentUrl\":\"https:\/\/dev.eliassen.nl\/wp-content\/uploads\/2024\/01\/bronzenurnwithusforevereliassennl.jpg\",\"width\":1024,\"height\":768,\"caption\":\"bronzen urn with us forever - eliassen.nl\"},{\"@type\":\"BreadcrumbList\",\"@id\":\"https:\/\/dev.eliassen.nl\/de\/bronzeurne-bei-uns-fur-immer-9cm\/#breadcrumb\",\"itemListElement\":[{\"@type\":\"ListItem\",\"position\":1,\"name\":\"Home\",\"item\":\"https:\/\/dev.eliassen.nl\/de\/\"},{\"@type\":\"ListItem\",\"position\":2,\"name\":\"Shop\",\"item\":\"https:\/\/dev.eliassen.nl\/nl\/winkel\/\"},{\"@type\":\"ListItem\",\"position\":3,\"name\":\"Bronzestatuen\",\"item\":\"https:\/\/dev.eliassen.nl\/de\/bilder\/bronzestatuen\/\"},{\"@type\":\"ListItem\",\"position\":4,\"name\":\"Urnen und Grabschmuck\",\"item\":\"https:\/\/dev.eliassen.nl\/de\/bilder\/bronzestatuen\/urnen-und-grabschmuck\/\"},{\"@type\":\"ListItem\",\"position\":5,\"name\":\"Bronzeurne Bei uns f\u00fcr immer 9cm\"}]},{\"@type\":\"WebSite\",\"@id\":\"https:\/\/dev.eliassen.nl\/de\/#website\",\"url\":\"https:\/\/dev.eliassen.nl\/de\/\",\"name\":\"Eliassen Home & Garden Pleasure\",\"description\":\"\",\"publisher\":{\"@id\":\"https:\/\/dev.eliassen.nl\/de\/#organization\"},\"alternateName\":\"Eliassen.nl\",\"potentialAction\":[{\"@type\":\"SearchAction\",\"target\":{\"@type\":\"EntryPoint\",\"urlTemplate\":\"https:\/\/dev.eliassen.nl\/de\/?s={search_term_string}\"},\"query-input\":{\"@type\":\"PropertyValueSpecification\",\"valueRequired\":true,\"valueName\":\"search_term_string\"}}],\"inLanguage\":\"de\"},{\"@type\":\"Organization\",\"@id\":\"https:\/\/dev.eliassen.nl\/de\/#organization\",\"name\":\"Eliassen Home & Garden Pleasure\",\"url\":\"https:\/\/dev.eliassen.nl\/de\/\",\"logo\":{\"@type\":\"ImageObject\",\"inLanguage\":\"de\",\"@id\":\"https:\/\/dev.eliassen.nl\/de\/#\/schema\/logo\/image\/\",\"url\":\"https:\/\/www.eliassen.nl\/wp-content\/uploads\/2024\/01\/logo_4nd.jpg\",\"contentUrl\":\"https:\/\/www.eliassen.nl\/wp-content\/uploads\/2024\/01\/logo_4nd.jpg\",\"width\":500,\"height\":500,\"caption\":\"Eliassen Home & Garden Pleasure\"},\"image\":{\"@id\":\"https:\/\/dev.eliassen.nl\/de\/#\/schema\/logo\/image\/\"},\"sameAs\":[\"https:\/\/www.facebook.com\/TuincentrumEliassenAmmerzoden\",\"https:\/\/www.instagram.com\/eliassenhomeandgarden\/\",\"https:\/\/nl.pinterest.com\/eliassenhomeandgarden\/\",\"https:\/\/www.youtube.com\/@eliassenhomegardenpleasure4558\"]}]}<\/script>\n<!-- \/ Yoast SEO plugin. -->","yoast_head_json":{"title":"Bronzeurne Bei uns f\u00fcr immer 9cm - Eliassen Home & Gardenpleasure","description":"M\u00f6chten Sie eine sch\u00f6ne Bronzeurne mit Worten darauf? Dieses Modell hat eine schlanke und rechteckige Form mit dem Text \u201eForever\u201c. Die Farbe ist braun.","robots":{"index":"noindex","follow":"follow","max-snippet":"max-snippet:-1","max-image-preview":"max-image-preview:large","max-video-preview":"max-video-preview:-1"},"og_locale":"de_DE","og_type":"article","og_title":"Bronzeurne Bei uns f\u00fcr immer 9cm - Eliassen Home & Gardenpleasure","og_description":"M\u00f6chten Sie eine sch\u00f6ne Bronzeurne mit Worten darauf? Dieses Modell hat eine schlanke und rechteckige Form mit dem Text \u201eForever\u201c. Die Farbe ist braun.","og_url":"https:\/\/dev.eliassen.nl\/de\/bronzeurne-bei-uns-fur-immer-9cm\/","og_site_name":"Eliassen.nl","article_publisher":"https:\/\/www.facebook.com\/TuincentrumEliassenAmmerzoden","article_modified_time":"2024-12-05T15:29:30+00:00","og_image":[{"width":1024,"height":768,"url":"https:\/\/dev.eliassen.nl\/wp-content\/uploads\/2024\/01\/bronzenurnwithusforevereliassennl.jpg","type":"image\/jpeg"}],"twitter_card":"summary_large_image","schema":{"@context":"https:\/\/schema.org","@graph":[{"@type":"WebPage","@id":"https:\/\/dev.eliassen.nl\/de\/bronzeurne-bei-uns-fur-immer-9cm\/","url":"https:\/\/dev.eliassen.nl\/de\/bronzeurne-bei-uns-fur-immer-9cm\/","name":"Bronzeurne Bei uns f\u00fcr immer 9cm - Eliassen Home & Gardenpleasure","isPartOf":{"@id":"https:\/\/dev.eliassen.nl\/de\/#website"},"primaryImageOfPage":{"@id":"https:\/\/dev.eliassen.nl\/de\/bronzeurne-bei-uns-fur-immer-9cm\/#primaryimage"},"image":{"@id":"https:\/\/dev.eliassen.nl\/de\/bronzeurne-bei-uns-fur-immer-9cm\/#primaryimage"},"thumbnailUrl":"https:\/\/dev.eliassen.nl\/wp-content\/uploads\/2024\/01\/bronzenurnwithusforevereliassennl.jpg","datePublished":"2023-07-14T11:38:21+00:00","dateModified":"2024-12-05T15:29:30+00:00","description":"M\u00f6chten Sie eine sch\u00f6ne Bronzeurne mit Worten darauf? Dieses Modell hat eine schlanke und rechteckige Form mit dem Text \u201eForever\u201c. Die Farbe ist braun.","breadcrumb":{"@id":"https:\/\/dev.eliassen.nl\/de\/bronzeurne-bei-uns-fur-immer-9cm\/#breadcrumb"},"inLanguage":"de","potentialAction":[{"@type":"ReadAction","target":["https:\/\/dev.eliassen.nl\/de\/bronzeurne-bei-uns-fur-immer-9cm\/"]}]},{"@type":"ImageObject","inLanguage":"de","@id":"https:\/\/dev.eliassen.nl\/de\/bronzeurne-bei-uns-fur-immer-9cm\/#primaryimage","url":"https:\/\/dev.eliassen.nl\/wp-content\/uploads\/2024\/01\/bronzenurnwithusforevereliassennl.jpg","contentUrl":"https:\/\/dev.eliassen.nl\/wp-content\/uploads\/2024\/01\/bronzenurnwithusforevereliassennl.jpg","width":1024,"height":768,"caption":"bronzen urn with us forever - eliassen.nl"},{"@type":"BreadcrumbList","@id":"https:\/\/dev.eliassen.nl\/de\/bronzeurne-bei-uns-fur-immer-9cm\/#breadcrumb","itemListElement":[{"@type":"ListItem","position":1,"name":"Home","item":"https:\/\/dev.eliassen.nl\/de\/"},{"@type":"ListItem","position":2,"name":"Shop","item":"https:\/\/dev.eliassen.nl\/nl\/winkel\/"},{"@type":"ListItem","position":3,"name":"Bronzestatuen","item":"https:\/\/dev.eliassen.nl\/de\/bilder\/bronzestatuen\/"},{"@type":"ListItem","position":4,"name":"Urnen und Grabschmuck","item":"https:\/\/dev.eliassen.nl\/de\/bilder\/bronzestatuen\/urnen-und-grabschmuck\/"},{"@type":"ListItem","position":5,"name":"Bronzeurne Bei uns f\u00fcr immer 9cm"}]},{"@type":"WebSite","@id":"https:\/\/dev.eliassen.nl\/de\/#website","url":"https:\/\/dev.eliassen.nl\/de\/","name":"Eliassen Home & Garden Pleasure","description":"","publisher":{"@id":"https:\/\/dev.eliassen.nl\/de\/#organization"},"alternateName":"Eliassen.nl","potentialAction":[{"@type":"SearchAction","target":{"@type":"EntryPoint","urlTemplate":"https:\/\/dev.eliassen.nl\/de\/?s={search_term_string}"},"query-input":{"@type":"PropertyValueSpecification","valueRequired":true,"valueName":"search_term_string"}}],"inLanguage":"de"},{"@type":"Organization","@id":"https:\/\/dev.eliassen.nl\/de\/#organization","name":"Eliassen Home & Garden Pleasure","url":"https:\/\/dev.eliassen.nl\/de\/","logo":{"@type":"ImageObject","inLanguage":"de","@id":"https:\/\/dev.eliassen.nl\/de\/#\/schema\/logo\/image\/","url":"https:\/\/www.eliassen.nl\/wp-content\/uploads\/2024\/01\/logo_4nd.jpg","contentUrl":"https:\/\/www.eliassen.nl\/wp-content\/uploads\/2024\/01\/logo_4nd.jpg","width":500,"height":500,"caption":"Eliassen Home & Garden Pleasure"},"image":{"@id":"https:\/\/dev.eliassen.nl\/de\/#\/schema\/logo\/image\/"},"sameAs":["https:\/\/www.facebook.com\/TuincentrumEliassenAmmerzoden","https:\/\/www.instagram.com\/eliassenhomeandgarden\/","https:\/\/nl.pinterest.com\/eliassenhomeandgarden\/","https:\/\/www.youtube.com\/@eliassenhomegardenpleasure4558"]}]}},"df_price":110,"df_sale_price":"","df_regular_price":110,"df_image_link":"https:\/\/dev.eliassen.nl\/wp-content\/uploads\/2024\/01\/bronzenurnwithusforevereliassennl.jpg","image":"https:\/\/dev.eliassen.nl\/wp-content\/uploads\/2024\/01\/bronzenurnwithusforevereliassennl.jpg","price_search":"<span class=\"woocommerce-Price-amount amount\"><bdi><span class=\"woocommerce-Price-currencySymbol\">&euro;<\/span>&nbsp;110,00<\/bdi><\/span>","category":"Bronzestatuen","_links":{"self":[{"href":"https:\/\/dev.eliassen.nl\/de\/wp-json\/wp\/v2\/product\/91852","targetHints":{"allow":["GET"]}}],"collection":[{"href":"https:\/\/dev.eliassen.nl\/de\/wp-json\/wp\/v2\/product"}],"about":[{"href":"https:\/\/dev.eliassen.nl\/de\/wp-json\/wp\/v2\/types\/product"}],"wp:featuredmedia":[{"embeddable":true,"href":"https:\/\/dev.eliassen.nl\/de\/wp-json\/wp\/v2\/media\/91849"}],"wp:attachment":[{"href":"https:\/\/dev.eliassen.nl\/de\/wp-json\/wp\/v2\/media?parent=91852"}],"wp:term":[{"taxonomy":"product_brand","embeddable":true,"href":"https:\/\/dev.eliassen.nl\/de\/wp-json\/wp\/v2\/product_brand?post=91852"},{"taxonomy":"product_cat","embeddable":true,"href":"https:\/\/dev.eliassen.nl\/de\/wp-json\/wp\/v2\/product_cat?post=91852"},{"taxonomy":"product_tag","embeddable":true,"href":"https:\/\/dev.eliassen.nl\/de\/wp-json\/wp\/v2\/product_tag?post=91852"}],"curies":[{"name":"wp","href":"https:\/\/api.w.org\/{rel}","templated":true}]}}