{"id":91993,"date":"2023-07-28T16:23:06","date_gmt":"2023-07-28T14:23:06","guid":{"rendered":"https:\/\/www.eliassen.nl\/?product=sierstenen-santorini-20kg-8-12cm"},"modified":"2025-02-12T12:09:38","modified_gmt":"2025-02-12T11:09:38","slug":"dekosteine-santorini-10kg-5-12cm","status":"publish","type":"product","link":"https:\/\/dev.eliassen.nl\/de\/dekosteine-santorini-10kg-5-12cm\/","title":{"rendered":"Dekosteine Santorini 10kg 5-15cm ideal zum Bemalen"},"content":{"rendered":"<p><video controls=\"controls\" width=\"300\" height=\"150\"><source src=\"https:\/\/cdn.webshopapp.com\/shops\/289658\/files\/443752979\/sierstenen-eliassen-santorini-plat-wit.mp4\" type=\"video\/mp4\" \/><\/video><\/p>\n<p>Diese sehr sch\u00f6nen gro\u00dfen, sehr harten flachen Quarzsteine in wei\u00dfer Farbe eignen sich hervorragend zum Bemalen. Die Gr\u00f6\u00dfe dieser glatten Steine variiert zwischen 5 und 15 cm und ist bis zu 18 mm dick, sehr gro\u00df und daher ideal.<\/p>\n<p>Auch f\u00fcr den Einsatz im Garten eignen sich diese flachen Steine hervorragend, da sie kaum gr\u00fcn werden.<\/p>\n<ul>\n<li>sauberes Kopfsteinpflaster<\/li>\n<li>10 kg im Karton verpackt! Ca. 70-80 St\u00fcck. Anzahl kann aufgrund der Gr\u00f6\u00dfe der Steine variieren!<\/li>\n<li><strong>Flache<\/strong> Steine, 18 mm dick<\/li>\n<li>sehr harte Art, wird nicht schnell gr\u00fcn<\/li>\n<li>L\u00e4sst sich auch wunderbar mit Wasserspielen kombinieren, aber auch anderswo im Garten wunderbar<\/li>\n<li><strong>Sehen Sie genau die gleichen Felsbrocken woanders g\u00fcnstiger? Wir zahlen die Differenz!!<\/strong><\/li>\n<\/ul>\n","protected":false},"excerpt":{"rendered":"<p>Die besten gro\u00dfen Steine zum Bemalen mit einer sch\u00f6nen flachen Form.<\/p>\n","protected":false},"featured_media":168189,"template":"","meta":{"_acf_changed":false},"product_brand":[],"product_cat":[1460,752],"product_tag":[],"class_list":{"0":"post-91993","1":"product","2":"type-product","3":"status-publish","4":"has-post-thumbnail","6":"product_cat-kieselsteine-zum-bemalen","7":"product_cat-weitere-artikel","9":"first","10":"outofstock","11":"taxable","12":"shipping-taxable","13":"purchasable","14":"product-type-simple"},"acf":[],"yoast_head":"<!-- This site is optimized with the Yoast SEO plugin v23.8 - https:\/\/yoast.com\/wordpress\/plugins\/seo\/ -->\n<title>Dekosteine Santorini 10kg 5-12cm - Eliassen Home &amp; Gardenpleasure<\/title>\n<meta name=\"description\" content=\"Wundersch\u00f6ne flache wei\u00dfe Steine aus Santorini. Diese eignen sich hervorragend zum Bemalen oder zum Platzieren dieser wundersch\u00f6nen Steine in Ihrem Garten.\" \/>\n<meta name=\"robots\" content=\"noindex, follow, max-snippet:-1, max-image-preview:large, max-video-preview:-1\" \/>\n<meta property=\"og:locale\" content=\"de_DE\" \/>\n<meta property=\"og:type\" content=\"article\" \/>\n<meta property=\"og:title\" content=\"Dekosteine Santorini 10kg 5-12cm - Eliassen Home &amp; Gardenpleasure\" \/>\n<meta property=\"og:description\" content=\"Wundersch\u00f6ne flache wei\u00dfe Steine aus Santorini. Diese eignen sich hervorragend zum Bemalen oder zum Platzieren dieser wundersch\u00f6nen Steine in Ihrem Garten.\" \/>\n<meta property=\"og:url\" content=\"https:\/\/dev.eliassen.nl\/de\/dekosteine-santorini-10kg-5-12cm\/\" \/>\n<meta property=\"og:site_name\" content=\"Eliassen.nl\" \/>\n<meta property=\"article:publisher\" content=\"https:\/\/www.facebook.com\/TuincentrumEliassenAmmerzoden\" \/>\n<meta property=\"article:modified_time\" content=\"2025-02-12T11:09:38+00:00\" \/>\n<meta property=\"og:image\" content=\"https:\/\/dev.eliassen.nl\/wp-content\/uploads\/2023\/07\/Sierstenen-Santorini-15kg-5-15cm-18-stuks-voor-beschildering-happystones-eliassen.nl_.jpeg\" \/>\n\t<meta property=\"og:image:width\" content=\"1080\" \/>\n\t<meta property=\"og:image:height\" content=\"1920\" \/>\n\t<meta property=\"og:image:type\" content=\"image\/jpeg\" \/>\n<meta name=\"twitter:card\" content=\"summary_large_image\" \/>\n<script type=\"application\/ld+json\" class=\"yoast-schema-graph\">{\"@context\":\"https:\/\/schema.org\",\"@graph\":[{\"@type\":\"WebPage\",\"@id\":\"https:\/\/dev.eliassen.nl\/de\/dekosteine-santorini-10kg-5-12cm\/\",\"url\":\"https:\/\/dev.eliassen.nl\/de\/dekosteine-santorini-10kg-5-12cm\/\",\"name\":\"Dekosteine Santorini 10kg 5-12cm - Eliassen Home & Gardenpleasure\",\"isPartOf\":{\"@id\":\"https:\/\/dev.eliassen.nl\/de\/#website\"},\"primaryImageOfPage\":{\"@id\":\"https:\/\/dev.eliassen.nl\/de\/dekosteine-santorini-10kg-5-12cm\/#primaryimage\"},\"image\":{\"@id\":\"https:\/\/dev.eliassen.nl\/de\/dekosteine-santorini-10kg-5-12cm\/#primaryimage\"},\"thumbnailUrl\":\"https:\/\/dev.eliassen.nl\/wp-content\/uploads\/2023\/07\/Sierstenen-Santorini-15kg-5-15cm-18-stuks-voor-beschildering-happystones-eliassen.nl_.jpeg\",\"datePublished\":\"2023-07-28T14:23:06+00:00\",\"dateModified\":\"2025-02-12T11:09:38+00:00\",\"description\":\"Wundersch\u00f6ne flache wei\u00dfe Steine aus Santorini. Diese eignen sich hervorragend zum Bemalen oder zum Platzieren dieser wundersch\u00f6nen Steine in Ihrem Garten.\",\"breadcrumb\":{\"@id\":\"https:\/\/dev.eliassen.nl\/de\/dekosteine-santorini-10kg-5-12cm\/#breadcrumb\"},\"inLanguage\":\"de\",\"potentialAction\":[{\"@type\":\"ReadAction\",\"target\":[\"https:\/\/dev.eliassen.nl\/de\/dekosteine-santorini-10kg-5-12cm\/\"]}]},{\"@type\":\"ImageObject\",\"inLanguage\":\"de\",\"@id\":\"https:\/\/dev.eliassen.nl\/de\/dekosteine-santorini-10kg-5-12cm\/#primaryimage\",\"url\":\"https:\/\/dev.eliassen.nl\/wp-content\/uploads\/2023\/07\/Sierstenen-Santorini-15kg-5-15cm-18-stuks-voor-beschildering-happystones-eliassen.nl_.jpeg\",\"contentUrl\":\"https:\/\/dev.eliassen.nl\/wp-content\/uploads\/2023\/07\/Sierstenen-Santorini-15kg-5-15cm-18-stuks-voor-beschildering-happystones-eliassen.nl_.jpeg\",\"width\":1080,\"height\":1920},{\"@type\":\"BreadcrumbList\",\"@id\":\"https:\/\/dev.eliassen.nl\/de\/dekosteine-santorini-10kg-5-12cm\/#breadcrumb\",\"itemListElement\":[{\"@type\":\"ListItem\",\"position\":1,\"name\":\"Home\",\"item\":\"https:\/\/dev.eliassen.nl\/de\/\"},{\"@type\":\"ListItem\",\"position\":2,\"name\":\"Shop\",\"item\":\"https:\/\/dev.eliassen.nl\/nl\/winkel\/\"},{\"@type\":\"ListItem\",\"position\":3,\"name\":\"Weitere Artikel\",\"item\":\"https:\/\/dev.eliassen.nl\/de\/weitere-artikel\/\"},{\"@type\":\"ListItem\",\"position\":4,\"name\":\"Dekosteine Santorini 10kg 5-15cm ideal zum Bemalen\"}]},{\"@type\":\"WebSite\",\"@id\":\"https:\/\/dev.eliassen.nl\/de\/#website\",\"url\":\"https:\/\/dev.eliassen.nl\/de\/\",\"name\":\"Eliassen Home & Garden Pleasure\",\"description\":\"\",\"publisher\":{\"@id\":\"https:\/\/dev.eliassen.nl\/de\/#organization\"},\"alternateName\":\"Eliassen.nl\",\"potentialAction\":[{\"@type\":\"SearchAction\",\"target\":{\"@type\":\"EntryPoint\",\"urlTemplate\":\"https:\/\/dev.eliassen.nl\/de\/?s={search_term_string}\"},\"query-input\":{\"@type\":\"PropertyValueSpecification\",\"valueRequired\":true,\"valueName\":\"search_term_string\"}}],\"inLanguage\":\"de\"},{\"@type\":\"Organization\",\"@id\":\"https:\/\/dev.eliassen.nl\/de\/#organization\",\"name\":\"Eliassen Home & Garden Pleasure\",\"url\":\"https:\/\/dev.eliassen.nl\/de\/\",\"logo\":{\"@type\":\"ImageObject\",\"inLanguage\":\"de\",\"@id\":\"https:\/\/dev.eliassen.nl\/de\/#\/schema\/logo\/image\/\",\"url\":\"https:\/\/www.eliassen.nl\/wp-content\/uploads\/2024\/01\/logo_4nd.jpg\",\"contentUrl\":\"https:\/\/www.eliassen.nl\/wp-content\/uploads\/2024\/01\/logo_4nd.jpg\",\"width\":500,\"height\":500,\"caption\":\"Eliassen Home & Garden Pleasure\"},\"image\":{\"@id\":\"https:\/\/dev.eliassen.nl\/de\/#\/schema\/logo\/image\/\"},\"sameAs\":[\"https:\/\/www.facebook.com\/TuincentrumEliassenAmmerzoden\",\"https:\/\/www.instagram.com\/eliassenhomeandgarden\/\",\"https:\/\/nl.pinterest.com\/eliassenhomeandgarden\/\",\"https:\/\/www.youtube.com\/@eliassenhomegardenpleasure4558\"]}]}<\/script>\n<!-- \/ Yoast SEO plugin. -->","yoast_head_json":{"title":"Dekosteine Santorini 10kg 5-12cm - Eliassen Home & Gardenpleasure","description":"Wundersch\u00f6ne flache wei\u00dfe Steine aus Santorini. Diese eignen sich hervorragend zum Bemalen oder zum Platzieren dieser wundersch\u00f6nen Steine in Ihrem Garten.","robots":{"index":"noindex","follow":"follow","max-snippet":"max-snippet:-1","max-image-preview":"max-image-preview:large","max-video-preview":"max-video-preview:-1"},"og_locale":"de_DE","og_type":"article","og_title":"Dekosteine Santorini 10kg 5-12cm - Eliassen Home & Gardenpleasure","og_description":"Wundersch\u00f6ne flache wei\u00dfe Steine aus Santorini. Diese eignen sich hervorragend zum Bemalen oder zum Platzieren dieser wundersch\u00f6nen Steine in Ihrem Garten.","og_url":"https:\/\/dev.eliassen.nl\/de\/dekosteine-santorini-10kg-5-12cm\/","og_site_name":"Eliassen.nl","article_publisher":"https:\/\/www.facebook.com\/TuincentrumEliassenAmmerzoden","article_modified_time":"2025-02-12T11:09:38+00:00","og_image":[{"width":1080,"height":1920,"url":"https:\/\/dev.eliassen.nl\/wp-content\/uploads\/2023\/07\/Sierstenen-Santorini-15kg-5-15cm-18-stuks-voor-beschildering-happystones-eliassen.nl_.jpeg","type":"image\/jpeg"}],"twitter_card":"summary_large_image","schema":{"@context":"https:\/\/schema.org","@graph":[{"@type":"WebPage","@id":"https:\/\/dev.eliassen.nl\/de\/dekosteine-santorini-10kg-5-12cm\/","url":"https:\/\/dev.eliassen.nl\/de\/dekosteine-santorini-10kg-5-12cm\/","name":"Dekosteine Santorini 10kg 5-12cm - Eliassen Home & Gardenpleasure","isPartOf":{"@id":"https:\/\/dev.eliassen.nl\/de\/#website"},"primaryImageOfPage":{"@id":"https:\/\/dev.eliassen.nl\/de\/dekosteine-santorini-10kg-5-12cm\/#primaryimage"},"image":{"@id":"https:\/\/dev.eliassen.nl\/de\/dekosteine-santorini-10kg-5-12cm\/#primaryimage"},"thumbnailUrl":"https:\/\/dev.eliassen.nl\/wp-content\/uploads\/2023\/07\/Sierstenen-Santorini-15kg-5-15cm-18-stuks-voor-beschildering-happystones-eliassen.nl_.jpeg","datePublished":"2023-07-28T14:23:06+00:00","dateModified":"2025-02-12T11:09:38+00:00","description":"Wundersch\u00f6ne flache wei\u00dfe Steine aus Santorini. Diese eignen sich hervorragend zum Bemalen oder zum Platzieren dieser wundersch\u00f6nen Steine in Ihrem Garten.","breadcrumb":{"@id":"https:\/\/dev.eliassen.nl\/de\/dekosteine-santorini-10kg-5-12cm\/#breadcrumb"},"inLanguage":"de","potentialAction":[{"@type":"ReadAction","target":["https:\/\/dev.eliassen.nl\/de\/dekosteine-santorini-10kg-5-12cm\/"]}]},{"@type":"ImageObject","inLanguage":"de","@id":"https:\/\/dev.eliassen.nl\/de\/dekosteine-santorini-10kg-5-12cm\/#primaryimage","url":"https:\/\/dev.eliassen.nl\/wp-content\/uploads\/2023\/07\/Sierstenen-Santorini-15kg-5-15cm-18-stuks-voor-beschildering-happystones-eliassen.nl_.jpeg","contentUrl":"https:\/\/dev.eliassen.nl\/wp-content\/uploads\/2023\/07\/Sierstenen-Santorini-15kg-5-15cm-18-stuks-voor-beschildering-happystones-eliassen.nl_.jpeg","width":1080,"height":1920},{"@type":"BreadcrumbList","@id":"https:\/\/dev.eliassen.nl\/de\/dekosteine-santorini-10kg-5-12cm\/#breadcrumb","itemListElement":[{"@type":"ListItem","position":1,"name":"Home","item":"https:\/\/dev.eliassen.nl\/de\/"},{"@type":"ListItem","position":2,"name":"Shop","item":"https:\/\/dev.eliassen.nl\/nl\/winkel\/"},{"@type":"ListItem","position":3,"name":"Weitere Artikel","item":"https:\/\/dev.eliassen.nl\/de\/weitere-artikel\/"},{"@type":"ListItem","position":4,"name":"Dekosteine Santorini 10kg 5-15cm ideal zum Bemalen"}]},{"@type":"WebSite","@id":"https:\/\/dev.eliassen.nl\/de\/#website","url":"https:\/\/dev.eliassen.nl\/de\/","name":"Eliassen Home & Garden Pleasure","description":"","publisher":{"@id":"https:\/\/dev.eliassen.nl\/de\/#organization"},"alternateName":"Eliassen.nl","potentialAction":[{"@type":"SearchAction","target":{"@type":"EntryPoint","urlTemplate":"https:\/\/dev.eliassen.nl\/de\/?s={search_term_string}"},"query-input":{"@type":"PropertyValueSpecification","valueRequired":true,"valueName":"search_term_string"}}],"inLanguage":"de"},{"@type":"Organization","@id":"https:\/\/dev.eliassen.nl\/de\/#organization","name":"Eliassen Home & Garden Pleasure","url":"https:\/\/dev.eliassen.nl\/de\/","logo":{"@type":"ImageObject","inLanguage":"de","@id":"https:\/\/dev.eliassen.nl\/de\/#\/schema\/logo\/image\/","url":"https:\/\/www.eliassen.nl\/wp-content\/uploads\/2024\/01\/logo_4nd.jpg","contentUrl":"https:\/\/www.eliassen.nl\/wp-content\/uploads\/2024\/01\/logo_4nd.jpg","width":500,"height":500,"caption":"Eliassen Home & Garden Pleasure"},"image":{"@id":"https:\/\/dev.eliassen.nl\/de\/#\/schema\/logo\/image\/"},"sameAs":["https:\/\/www.facebook.com\/TuincentrumEliassenAmmerzoden","https:\/\/www.instagram.com\/eliassenhomeandgarden\/","https:\/\/nl.pinterest.com\/eliassenhomeandgarden\/","https:\/\/www.youtube.com\/@eliassenhomegardenpleasure4558"]}]}},"df_price":37.5,"df_sale_price":"","df_regular_price":37.5,"df_image_link":"https:\/\/dev.eliassen.nl\/wp-content\/uploads\/2023\/07\/Sierstenen-Santorini-15kg-5-15cm-18-stuks-voor-beschildering-happystones-eliassen.nl_-169x300.jpeg","image":"https:\/\/dev.eliassen.nl\/wp-content\/uploads\/2023\/07\/Sierstenen-Santorini-15kg-5-15cm-18-stuks-voor-beschildering-happystones-eliassen.nl_-150x150.jpeg","price_search":"<span class=\"woocommerce-Price-amount amount\"><bdi><span class=\"woocommerce-Price-currencySymbol\">&euro;<\/span>&nbsp;37,50<\/bdi><\/span>","category":"Kieselsteine zum Bemalen","_links":{"self":[{"href":"https:\/\/dev.eliassen.nl\/de\/wp-json\/wp\/v2\/product\/91993","targetHints":{"allow":["GET"]}}],"collection":[{"href":"https:\/\/dev.eliassen.nl\/de\/wp-json\/wp\/v2\/product"}],"about":[{"href":"https:\/\/dev.eliassen.nl\/de\/wp-json\/wp\/v2\/types\/product"}],"wp:featuredmedia":[{"embeddable":true,"href":"https:\/\/dev.eliassen.nl\/de\/wp-json\/wp\/v2\/media\/168189"}],"wp:attachment":[{"href":"https:\/\/dev.eliassen.nl\/de\/wp-json\/wp\/v2\/media?parent=91993"}],"wp:term":[{"taxonomy":"product_brand","embeddable":true,"href":"https:\/\/dev.eliassen.nl\/de\/wp-json\/wp\/v2\/product_brand?post=91993"},{"taxonomy":"product_cat","embeddable":true,"href":"https:\/\/dev.eliassen.nl\/de\/wp-json\/wp\/v2\/product_cat?post=91993"},{"taxonomy":"product_tag","embeddable":true,"href":"https:\/\/dev.eliassen.nl\/de\/wp-json\/wp\/v2\/product_tag?post=91993"}],"curies":[{"name":"wp","href":"https:\/\/api.w.org\/{rel}","templated":true}]}}