{"id":92101,"date":"2023-08-02T12:15:59","date_gmt":"2023-08-02T10:15:59","guid":{"rendered":"https:\/\/www.eliassen.nl\/?product=plantenbak-cortenstaal-rechthoek-carrez-300x50x50c"},"modified":"2024-01-10T12:03:25","modified_gmt":"2024-01-10T12:03:25","slug":"pflanzgefass-cortenstahl-rechteck-carrez-300x50x50cm","status":"publish","type":"product","link":"https:\/\/dev.eliassen.nl\/de\/pflanzgefass-cortenstahl-rechteck-carrez-300x50x50cm\/","title":{"rendered":"Pflanzgef\u00e4\u00df Cortenstahl Rechteck CARREZ 300x50x50cm"},"content":{"rendered":"<p><a href=\"https:\/\/cdn.adezz.com\/production\/ERP_handleidingen\/Productmodellen\/258\/48\/ADEZZ%20Plantenbakken%20Corten_NL.pdf\">Handbuch<\/a> <strong>| <a href=\"https:\/\/cdn.adezz.com\/production\/ERP_handleidingen\/Producten\/195\/51\/CA26.2.-Sheet1.pdf\" target=\"_blank\" rel=\"noopener\">Skizzieren<\/a><\/strong><\/p>\n<p><strong><a href=\"https:\/\/www.youtube.com\/watch?v=zdflGbngZCM\" target=\"_blank\" rel=\"noopener\"><img decoding=\"async\" src=\"https:\/\/www.eliassen.nl\/wp-content\/uploads\/content\/youtube-play.png\" alt=\"\" width=\"27\" height=\"27\" \/><\/a><\/strong> Sehen <strong><a href=\"https:\/\/www.youtube.com\/watch?v=zdflGbngZCM\" target=\"_blank\" rel=\"noopener\">Sie<\/a><\/strong> <strong><a href=\"https:\/\/www.youtube.com\/watch?v=zdflGbngZCM\" target=\"_blank\" rel=\"noopener\">sich das Video an<\/a><\/strong><\/p>\n<p>Die handgefertigten Carrez-Pflanzgef\u00e4\u00dfe aus Cortenstahl von Adezz bestehen aus unzerst\u00f6rbarem Material mit einem warmen, nat\u00fcrlichen Aussehen. Cortenstahl ist eine starke und witterungsbest\u00e4ndige Stahlsorte, die die Eigenschaft hat, sich nach 8\u201312 Monaten, wenn sie der Au\u00dfenluft ausgesetzt wird, mit einer sch\u00fctzenden Rostschicht zu \u00fcberziehen. Wenn Sie Ihr Cortenstahlprodukt ein paar Mal mit Salzwasser bespr\u00fchen.<\/p>\n<p>Der obere Rand ist doppelt gefaltet und 4 cm breit, was diesem Beh\u00e4lter ein sch\u00f6nes, zeitloses und robustes Aussehen verleiht. Gr\u00f6\u00dfere Beh\u00e4ltergr\u00f6\u00dfen sind innen mit Cortenstahltr\u00e4gern ausgestattet, damit die Oberfl\u00e4chen nicht konvex werden.<\/p>\n<p>Die Standardmaterialst\u00e4rke betr\u00e4gt 2 mm. Ein sehr robustes, vandalensicheres Pflanzgef\u00e4\u00df mit einer Lebensdauer von Jahrzehnten.<\/p>\n<ul>\n<li>2 mm Cortenstahl<\/li>\n<li>Gr\u00f6\u00dfe: 300x50x50cm<\/li>\n<li>Ausgestattet mit 15 mm hohen Beinen f\u00fcr eine gute Entw\u00e4sserung<\/li>\n<li>Bei Cortenstahl kein Tongranulat verwenden!<\/li>\n<li>5 Jahre Garantie<\/li>\n<li>Kostenloser Versand innerhalb der Niederlande und Belgiens.<\/li>\n<\/ul>\n","protected":false},"excerpt":{"rendered":"<p>5 Jahre Garantie!! Rufen Sie uns an oder schicken Sie uns eine E-Mail f\u00fcr den besten Preis!<\/p>\n","protected":false},"featured_media":92086,"template":"","meta":{"_acf_changed":false},"product_brand":[6920],"product_cat":[977,980,773,722,857,887],"product_tag":[],"class_list":{"0":"post-92101","1":"product","2":"type-product","3":"status-publish","4":"has-post-thumbnail","6":"product_brand-adezz-de","7":"product_cat-adezz-pflanzgefaesse-aus-cortenstahl","8":"product_cat-adezz-pflanzgefaesse-aus-cortenstahl-rechteckig","9":"product_cat-adezz-produkte","10":"product_cat-blumentoepfe-und-pflanzgefaesse","11":"product_cat-pflanzgefaesse-aus-cortenstahl","12":"product_cat-rechteck","14":"first","15":"onbackorder","16":"taxable","17":"shipping-taxable","18":"purchasable","19":"product-type-simple"},"acf":[],"yoast_head":"<!-- This site is optimized with the Yoast SEO plugin v23.8 - https:\/\/yoast.com\/wordpress\/plugins\/seo\/ -->\n<title>Pflanzgef\u00e4\u00df Cortenstahl Rechteck CARREZ 300x50x50cm<\/title>\n<meta name=\"description\" content=\"Bei Eliassen k\u00f6nnen Sie den rechteckigen Pflanzkasten Carrez aus Cortenstahl 300 x 50 x 50 cm online kaufen oder ihn live im Ausstellungsraum besichtigen. Be...\" \/>\n<meta name=\"robots\" content=\"noindex, follow, max-snippet:-1, max-image-preview:large, max-video-preview:-1\" \/>\n<meta property=\"og:locale\" content=\"de_DE\" \/>\n<meta property=\"og:type\" content=\"article\" \/>\n<meta property=\"og:title\" content=\"Pflanzgef\u00e4\u00df Cortenstahl Rechteck CARREZ 300x50x50cm\" \/>\n<meta property=\"og:description\" content=\"Bei Eliassen k\u00f6nnen Sie den rechteckigen Pflanzkasten Carrez aus Cortenstahl 300 x 50 x 50 cm online kaufen oder ihn live im Ausstellungsraum besichtigen. Be...\" \/>\n<meta property=\"og:url\" content=\"https:\/\/dev.eliassen.nl\/de\/pflanzgefass-cortenstahl-rechteck-carrez-300x50x50cm\/\" \/>\n<meta property=\"og:site_name\" content=\"Eliassen.nl\" \/>\n<meta property=\"article:publisher\" content=\"https:\/\/www.facebook.com\/TuincentrumEliassenAmmerzoden\" \/>\n<meta property=\"article:modified_time\" content=\"2024-01-10T12:03:25+00:00\" \/>\n<meta property=\"og:image\" content=\"https:\/\/dev.eliassen.nl\/wp-content\/uploads\/2024\/01\/ca23.png\" \/>\n\t<meta property=\"og:image:width\" content=\"699\" \/>\n\t<meta property=\"og:image:height\" content=\"699\" \/>\n\t<meta property=\"og:image:type\" content=\"image\/png\" \/>\n<meta name=\"twitter:card\" content=\"summary_large_image\" \/>\n<script type=\"application\/ld+json\" class=\"yoast-schema-graph\">{\"@context\":\"https:\/\/schema.org\",\"@graph\":[{\"@type\":\"WebPage\",\"@id\":\"https:\/\/dev.eliassen.nl\/de\/pflanzgefass-cortenstahl-rechteck-carrez-300x50x50cm\/\",\"url\":\"https:\/\/dev.eliassen.nl\/de\/pflanzgefass-cortenstahl-rechteck-carrez-300x50x50cm\/\",\"name\":\"Pflanzgef\u00e4\u00df Cortenstahl Rechteck CARREZ 300x50x50cm\",\"isPartOf\":{\"@id\":\"https:\/\/dev.eliassen.nl\/de\/#website\"},\"primaryImageOfPage\":{\"@id\":\"https:\/\/dev.eliassen.nl\/de\/pflanzgefass-cortenstahl-rechteck-carrez-300x50x50cm\/#primaryimage\"},\"image\":{\"@id\":\"https:\/\/dev.eliassen.nl\/de\/pflanzgefass-cortenstahl-rechteck-carrez-300x50x50cm\/#primaryimage\"},\"thumbnailUrl\":\"https:\/\/dev.eliassen.nl\/wp-content\/uploads\/2024\/01\/ca23.png\",\"datePublished\":\"2023-08-02T10:15:59+00:00\",\"dateModified\":\"2024-01-10T12:03:25+00:00\",\"description\":\"Bei Eliassen k\u00f6nnen Sie den rechteckigen Pflanzkasten Carrez aus Cortenstahl 300 x 50 x 50 cm online kaufen oder ihn live im Ausstellungsraum besichtigen. Be...\",\"breadcrumb\":{\"@id\":\"https:\/\/dev.eliassen.nl\/de\/pflanzgefass-cortenstahl-rechteck-carrez-300x50x50cm\/#breadcrumb\"},\"inLanguage\":\"de\",\"potentialAction\":[{\"@type\":\"ReadAction\",\"target\":[\"https:\/\/dev.eliassen.nl\/de\/pflanzgefass-cortenstahl-rechteck-carrez-300x50x50cm\/\"]}]},{\"@type\":\"ImageObject\",\"inLanguage\":\"de\",\"@id\":\"https:\/\/dev.eliassen.nl\/de\/pflanzgefass-cortenstahl-rechteck-carrez-300x50x50cm\/#primaryimage\",\"url\":\"https:\/\/dev.eliassen.nl\/wp-content\/uploads\/2024\/01\/ca23.png\",\"contentUrl\":\"https:\/\/dev.eliassen.nl\/wp-content\/uploads\/2024\/01\/ca23.png\",\"width\":699,\"height\":699,\"caption\":\"CA23\"},{\"@type\":\"BreadcrumbList\",\"@id\":\"https:\/\/dev.eliassen.nl\/de\/pflanzgefass-cortenstahl-rechteck-carrez-300x50x50cm\/#breadcrumb\",\"itemListElement\":[{\"@type\":\"ListItem\",\"position\":1,\"name\":\"Home\",\"item\":\"https:\/\/dev.eliassen.nl\/de\/\"},{\"@type\":\"ListItem\",\"position\":2,\"name\":\"Shop\",\"item\":\"https:\/\/dev.eliassen.nl\/nl\/winkel\/\"},{\"@type\":\"ListItem\",\"position\":3,\"name\":\"Adezz-Produkte\",\"item\":\"https:\/\/dev.eliassen.nl\/de\/adezz-produkte\/\"},{\"@type\":\"ListItem\",\"position\":4,\"name\":\"ADEZZ Pflanzgef\u00e4\u00dfe aus Cortenstahl\",\"item\":\"https:\/\/dev.eliassen.nl\/de\/adezz-produkte\/adezz-pflanzgefaesse-aus-cortenstahl\/\"},{\"@type\":\"ListItem\",\"position\":5,\"name\":\"ADEZZ Pflanzgef\u00e4\u00dfe aus Cortenstahl rechteckig\",\"item\":\"https:\/\/dev.eliassen.nl\/de\/adezz-produkte\/adezz-pflanzgefaesse-aus-cortenstahl\/adezz-pflanzgefaesse-aus-cortenstahl-rechteckig\/\"},{\"@type\":\"ListItem\",\"position\":6,\"name\":\"Pflanzgef\u00e4\u00df Cortenstahl Rechteck CARREZ 300x50x50cm\"}]},{\"@type\":\"WebSite\",\"@id\":\"https:\/\/dev.eliassen.nl\/de\/#website\",\"url\":\"https:\/\/dev.eliassen.nl\/de\/\",\"name\":\"Eliassen Home & Garden Pleasure\",\"description\":\"\",\"publisher\":{\"@id\":\"https:\/\/dev.eliassen.nl\/de\/#organization\"},\"alternateName\":\"Eliassen.nl\",\"potentialAction\":[{\"@type\":\"SearchAction\",\"target\":{\"@type\":\"EntryPoint\",\"urlTemplate\":\"https:\/\/dev.eliassen.nl\/de\/?s={search_term_string}\"},\"query-input\":{\"@type\":\"PropertyValueSpecification\",\"valueRequired\":true,\"valueName\":\"search_term_string\"}}],\"inLanguage\":\"de\"},{\"@type\":\"Organization\",\"@id\":\"https:\/\/dev.eliassen.nl\/de\/#organization\",\"name\":\"Eliassen Home & Garden Pleasure\",\"url\":\"https:\/\/dev.eliassen.nl\/de\/\",\"logo\":{\"@type\":\"ImageObject\",\"inLanguage\":\"de\",\"@id\":\"https:\/\/dev.eliassen.nl\/de\/#\/schema\/logo\/image\/\",\"url\":\"https:\/\/www.eliassen.nl\/wp-content\/uploads\/2024\/01\/logo_4nd.jpg\",\"contentUrl\":\"https:\/\/www.eliassen.nl\/wp-content\/uploads\/2024\/01\/logo_4nd.jpg\",\"width\":500,\"height\":500,\"caption\":\"Eliassen Home & Garden Pleasure\"},\"image\":{\"@id\":\"https:\/\/dev.eliassen.nl\/de\/#\/schema\/logo\/image\/\"},\"sameAs\":[\"https:\/\/www.facebook.com\/TuincentrumEliassenAmmerzoden\",\"https:\/\/www.instagram.com\/eliassenhomeandgarden\/\",\"https:\/\/nl.pinterest.com\/eliassenhomeandgarden\/\",\"https:\/\/www.youtube.com\/@eliassenhomegardenpleasure4558\"]}]}<\/script>\n<!-- \/ Yoast SEO plugin. -->","yoast_head_json":{"title":"Pflanzgef\u00e4\u00df Cortenstahl Rechteck CARREZ 300x50x50cm","description":"Bei Eliassen k\u00f6nnen Sie den rechteckigen Pflanzkasten Carrez aus Cortenstahl 300 x 50 x 50 cm online kaufen oder ihn live im Ausstellungsraum besichtigen. Be...","robots":{"index":"noindex","follow":"follow","max-snippet":"max-snippet:-1","max-image-preview":"max-image-preview:large","max-video-preview":"max-video-preview:-1"},"og_locale":"de_DE","og_type":"article","og_title":"Pflanzgef\u00e4\u00df Cortenstahl Rechteck CARREZ 300x50x50cm","og_description":"Bei Eliassen k\u00f6nnen Sie den rechteckigen Pflanzkasten Carrez aus Cortenstahl 300 x 50 x 50 cm online kaufen oder ihn live im Ausstellungsraum besichtigen. Be...","og_url":"https:\/\/dev.eliassen.nl\/de\/pflanzgefass-cortenstahl-rechteck-carrez-300x50x50cm\/","og_site_name":"Eliassen.nl","article_publisher":"https:\/\/www.facebook.com\/TuincentrumEliassenAmmerzoden","article_modified_time":"2024-01-10T12:03:25+00:00","og_image":[{"width":699,"height":699,"url":"https:\/\/dev.eliassen.nl\/wp-content\/uploads\/2024\/01\/ca23.png","type":"image\/png"}],"twitter_card":"summary_large_image","schema":{"@context":"https:\/\/schema.org","@graph":[{"@type":"WebPage","@id":"https:\/\/dev.eliassen.nl\/de\/pflanzgefass-cortenstahl-rechteck-carrez-300x50x50cm\/","url":"https:\/\/dev.eliassen.nl\/de\/pflanzgefass-cortenstahl-rechteck-carrez-300x50x50cm\/","name":"Pflanzgef\u00e4\u00df Cortenstahl Rechteck CARREZ 300x50x50cm","isPartOf":{"@id":"https:\/\/dev.eliassen.nl\/de\/#website"},"primaryImageOfPage":{"@id":"https:\/\/dev.eliassen.nl\/de\/pflanzgefass-cortenstahl-rechteck-carrez-300x50x50cm\/#primaryimage"},"image":{"@id":"https:\/\/dev.eliassen.nl\/de\/pflanzgefass-cortenstahl-rechteck-carrez-300x50x50cm\/#primaryimage"},"thumbnailUrl":"https:\/\/dev.eliassen.nl\/wp-content\/uploads\/2024\/01\/ca23.png","datePublished":"2023-08-02T10:15:59+00:00","dateModified":"2024-01-10T12:03:25+00:00","description":"Bei Eliassen k\u00f6nnen Sie den rechteckigen Pflanzkasten Carrez aus Cortenstahl 300 x 50 x 50 cm online kaufen oder ihn live im Ausstellungsraum besichtigen. Be...","breadcrumb":{"@id":"https:\/\/dev.eliassen.nl\/de\/pflanzgefass-cortenstahl-rechteck-carrez-300x50x50cm\/#breadcrumb"},"inLanguage":"de","potentialAction":[{"@type":"ReadAction","target":["https:\/\/dev.eliassen.nl\/de\/pflanzgefass-cortenstahl-rechteck-carrez-300x50x50cm\/"]}]},{"@type":"ImageObject","inLanguage":"de","@id":"https:\/\/dev.eliassen.nl\/de\/pflanzgefass-cortenstahl-rechteck-carrez-300x50x50cm\/#primaryimage","url":"https:\/\/dev.eliassen.nl\/wp-content\/uploads\/2024\/01\/ca23.png","contentUrl":"https:\/\/dev.eliassen.nl\/wp-content\/uploads\/2024\/01\/ca23.png","width":699,"height":699,"caption":"CA23"},{"@type":"BreadcrumbList","@id":"https:\/\/dev.eliassen.nl\/de\/pflanzgefass-cortenstahl-rechteck-carrez-300x50x50cm\/#breadcrumb","itemListElement":[{"@type":"ListItem","position":1,"name":"Home","item":"https:\/\/dev.eliassen.nl\/de\/"},{"@type":"ListItem","position":2,"name":"Shop","item":"https:\/\/dev.eliassen.nl\/nl\/winkel\/"},{"@type":"ListItem","position":3,"name":"Adezz-Produkte","item":"https:\/\/dev.eliassen.nl\/de\/adezz-produkte\/"},{"@type":"ListItem","position":4,"name":"ADEZZ Pflanzgef\u00e4\u00dfe aus Cortenstahl","item":"https:\/\/dev.eliassen.nl\/de\/adezz-produkte\/adezz-pflanzgefaesse-aus-cortenstahl\/"},{"@type":"ListItem","position":5,"name":"ADEZZ Pflanzgef\u00e4\u00dfe aus Cortenstahl rechteckig","item":"https:\/\/dev.eliassen.nl\/de\/adezz-produkte\/adezz-pflanzgefaesse-aus-cortenstahl\/adezz-pflanzgefaesse-aus-cortenstahl-rechteckig\/"},{"@type":"ListItem","position":6,"name":"Pflanzgef\u00e4\u00df Cortenstahl Rechteck CARREZ 300x50x50cm"}]},{"@type":"WebSite","@id":"https:\/\/dev.eliassen.nl\/de\/#website","url":"https:\/\/dev.eliassen.nl\/de\/","name":"Eliassen Home & Garden Pleasure","description":"","publisher":{"@id":"https:\/\/dev.eliassen.nl\/de\/#organization"},"alternateName":"Eliassen.nl","potentialAction":[{"@type":"SearchAction","target":{"@type":"EntryPoint","urlTemplate":"https:\/\/dev.eliassen.nl\/de\/?s={search_term_string}"},"query-input":{"@type":"PropertyValueSpecification","valueRequired":true,"valueName":"search_term_string"}}],"inLanguage":"de"},{"@type":"Organization","@id":"https:\/\/dev.eliassen.nl\/de\/#organization","name":"Eliassen Home & Garden Pleasure","url":"https:\/\/dev.eliassen.nl\/de\/","logo":{"@type":"ImageObject","inLanguage":"de","@id":"https:\/\/dev.eliassen.nl\/de\/#\/schema\/logo\/image\/","url":"https:\/\/www.eliassen.nl\/wp-content\/uploads\/2024\/01\/logo_4nd.jpg","contentUrl":"https:\/\/www.eliassen.nl\/wp-content\/uploads\/2024\/01\/logo_4nd.jpg","width":500,"height":500,"caption":"Eliassen Home & Garden Pleasure"},"image":{"@id":"https:\/\/dev.eliassen.nl\/de\/#\/schema\/logo\/image\/"},"sameAs":["https:\/\/www.facebook.com\/TuincentrumEliassenAmmerzoden","https:\/\/www.instagram.com\/eliassenhomeandgarden\/","https:\/\/nl.pinterest.com\/eliassenhomeandgarden\/","https:\/\/www.youtube.com\/@eliassenhomegardenpleasure4558"]}]}},"df_price":666,"df_sale_price":"","df_regular_price":666,"df_image_link":"https:\/\/dev.eliassen.nl\/wp-content\/uploads\/2024\/01\/ca23.png","image":"https:\/\/dev.eliassen.nl\/wp-content\/uploads\/2024\/01\/ca23.png","price_search":"<span class=\"woocommerce-Price-amount amount\"><bdi><span class=\"woocommerce-Price-currencySymbol\">&euro;<\/span>&nbsp;666,00<\/bdi><\/span>","category":"ADEZZ Pflanzgef\u00e4\u00dfe aus Cortenstahl","_links":{"self":[{"href":"https:\/\/dev.eliassen.nl\/de\/wp-json\/wp\/v2\/product\/92101","targetHints":{"allow":["GET"]}}],"collection":[{"href":"https:\/\/dev.eliassen.nl\/de\/wp-json\/wp\/v2\/product"}],"about":[{"href":"https:\/\/dev.eliassen.nl\/de\/wp-json\/wp\/v2\/types\/product"}],"wp:featuredmedia":[{"embeddable":true,"href":"https:\/\/dev.eliassen.nl\/de\/wp-json\/wp\/v2\/media\/92086"}],"wp:attachment":[{"href":"https:\/\/dev.eliassen.nl\/de\/wp-json\/wp\/v2\/media?parent=92101"}],"wp:term":[{"taxonomy":"product_brand","embeddable":true,"href":"https:\/\/dev.eliassen.nl\/de\/wp-json\/wp\/v2\/product_brand?post=92101"},{"taxonomy":"product_cat","embeddable":true,"href":"https:\/\/dev.eliassen.nl\/de\/wp-json\/wp\/v2\/product_cat?post=92101"},{"taxonomy":"product_tag","embeddable":true,"href":"https:\/\/dev.eliassen.nl\/de\/wp-json\/wp\/v2\/product_tag?post=92101"}],"curies":[{"name":"wp","href":"https:\/\/api.w.org\/{rel}","templated":true}]}}