{"id":92233,"date":"2023-08-02T12:16:16","date_gmt":"2023-08-02T10:16:16","guid":{"rendered":"https:\/\/www.eliassen.nl\/?product=plantenbak-aluminium-rechthoek-carrez-300x100x60cm"},"modified":"2024-01-10T09:54:43","modified_gmt":"2024-01-10T09:54:43","slug":"pflanzgefass-aus-aluminium-rechteckig-carrez-300-x-100-x-60-cm","status":"publish","type":"product","link":"https:\/\/dev.eliassen.nl\/de\/pflanzgefass-aus-aluminium-rechteckig-carrez-300-x-100-x-60-cm\/","title":{"rendered":"Pflanzgef\u00e4\u00df aus Aluminium, rechteckig, CARREZ, 300 x 100 x 60 cm"},"content":{"rendered":"<p><a href=\"https:\/\/cdn.adezz.com\/production\/ERP_handleidingen\/Productmodellen\/257\/697\/ADEZZ%20Plantenbakken%20Aluminium_NL.pdf\"><strong>Handbuch<\/strong><\/a> <strong>| <a href=\"https:\/\/cdn.adezz.com\/production\/ERP_handleidingen\/Producten\/4699\/2606\/AFWL%2022.3%20Sheet%20_1.PDF\" target=\"_blank\" rel=\"noopener\">Skizzieren<\/a><\/strong><\/p>\n<p><strong><a href=\"https:\/\/www.youtube.com\/watch?v=zdflGbngZCM\" target=\"_blank\" rel=\"noopener\"><img decoding=\"async\" src=\"https:\/\/www.eliassen.nl\/wp-content\/uploads\/content\/youtube-play.png\" alt=\"\" width=\"27\" height=\"27\" \/><\/a><\/strong> Sehen <strong><a href=\"https:\/\/www.youtube.com\/watch?v=zdflGbngZCM\" target=\"_blank\" rel=\"noopener\">Sie<\/a><\/strong> <strong><a href=\"https:\/\/www.youtube.com\/watch?v=zdflGbngZCM\" target=\"_blank\" rel=\"noopener\">sich das Video an<\/a><\/strong><\/p>\n<p>Aluminium ist ein leichtes, aber starkes Metall, das korrosionsbest\u00e4ndig ist. Die Oberseite dieser Aluminium-Pflanzgef\u00e4\u00dfe ist doppelt gefaltet, was sch\u00f6n ist, aber auch viel Stabilit\u00e4t bietet.<\/p>\n<p>Es gibt 2 Versionen. Mit Bl\u00f6cken von 1,5 cm an den Ecken und mit Beinen von 9 cm.<\/p>\n<p>Standardm\u00e4\u00dfig sind diese Beh\u00e4lter kratzfest pulverbeschichtet in 3 Farben:<\/p>\n<ul>\n<li>Schwarzgrau (RAL 7021)<\/li>\n<\/ul>\n<p>Hellgrau (RAL 7035) Die Carrez-Serie ist ein eleganter Pflanzk\u00fcbel aus 3 mm dickem Aluminium.<\/p>\n<ul>\n<li>\u00a0<\/li>\n<li>Verkehrswei\u00df (RAL 9016)<\/li>\n<\/ul>\n<p>Gegen einen Aufpreis von 75 Euro sind auch folgende RAL-Farben m\u00f6glich:<\/p>\n<ul>\n<li>Anthrazitgrau (RAL 7016)<\/li>\n<li>Tiefschwarz (RAL 9005)<\/li>\n<li>Reinwei\u00df (RAL 9010)<\/li>\n<\/ul>\n<p>Gegen einen Aufpreis von 126 Euro sind auch alle anderen RAL-Farben m\u00f6glich.<\/p>\n<ul>\n<li>Sehr stark und langlebig<\/li>\n<li>Gr\u00f6\u00dfe: 300 x 100 x 60 cm hoch<\/li>\n<li>Leicht<\/li>\n<li>5 Jahre Garantie bei ordnungsgem\u00e4\u00dfer Wartung<\/li>\n<li>Korrosionsbest\u00e4ndig<\/li>\n<li>Kratzfeste Satin-Deckschicht<\/li>\n<li>Kostenloser Versand innerhalb der Niederlande und Belgiens.<\/li>\n<\/ul>\n<p>Nach Erhalt sofort aus der Verpackung nehmen, um angesammelte Feuchtigkeit und daraus resultierende Flecken zu vermeiden.<\/p>\n","protected":false},"excerpt":{"rendered":"<p>5 Jahre Garantie. Rufen Sie uns an oder schicken Sie uns eine E-Mail f\u00fcr den besten Preis!<\/p>\n","protected":false},"featured_media":92218,"template":"","meta":{"_acf_changed":false},"product_brand":[6920],"product_cat":[956,953,773,722,854,890],"product_tag":[],"class_list":{"0":"post-92233","1":"product","2":"type-product","3":"status-publish","4":"has-post-thumbnail","6":"product_brand-adezz-de","7":"product_cat-adezz-aluminium-pflanzgefaesse-rechteckig","8":"product_cat-adezz-pflanzgefaesse-aus-aluminium","9":"product_cat-adezz-produkte","10":"product_cat-blumentoepfe-und-pflanzgefaesse","11":"product_cat-pflanzgefaesse-aus-aluminium","12":"product_cat-pflanzgefaesse-aus-aluminium-rechteck","14":"first","15":"onbackorder","16":"taxable","17":"shipping-taxable","18":"purchasable","19":"product-type-simple"},"acf":[],"yoast_head":"<!-- This site is optimized with the Yoast SEO plugin v23.8 - https:\/\/yoast.com\/wordpress\/plugins\/seo\/ -->\n<title>Pflanzgef\u00e4\u00df aus Aluminium, rechteckig, CARREZ, 300 x 100 x 60 cm<\/title>\n<meta name=\"description\" content=\"Pflanzgef\u00e4\u00dfe aus Aluminium? Werfen Sie einen kurzen Blick in unseren Webshop oder kommen Sie vorbei und sehen Sie uns live!\" \/>\n<meta name=\"robots\" content=\"noindex, follow, max-snippet:-1, max-image-preview:large, max-video-preview:-1\" \/>\n<meta property=\"og:locale\" content=\"de_DE\" \/>\n<meta property=\"og:type\" content=\"article\" \/>\n<meta property=\"og:title\" content=\"Pflanzgef\u00e4\u00df aus Aluminium, rechteckig, CARREZ, 300 x 100 x 60 cm\" \/>\n<meta property=\"og:description\" content=\"Pflanzgef\u00e4\u00dfe aus Aluminium? Werfen Sie einen kurzen Blick in unseren Webshop oder kommen Sie vorbei und sehen Sie uns live!\" \/>\n<meta property=\"og:url\" content=\"https:\/\/dev.eliassen.nl\/de\/pflanzgefass-aus-aluminium-rechteckig-carrez-300-x-100-x-60-cm\/\" \/>\n<meta property=\"og:site_name\" content=\"Eliassen.nl\" \/>\n<meta property=\"article:publisher\" content=\"https:\/\/www.facebook.com\/TuincentrumEliassenAmmerzoden\" \/>\n<meta property=\"article:modified_time\" content=\"2024-01-10T09:54:43+00:00\" \/>\n<meta property=\"og:image\" content=\"https:\/\/dev.eliassen.nl\/wp-content\/uploads\/2024\/01\/af181.png\" \/>\n\t<meta property=\"og:image:width\" content=\"699\" \/>\n\t<meta property=\"og:image:height\" content=\"699\" \/>\n\t<meta property=\"og:image:type\" content=\"image\/png\" \/>\n<meta name=\"twitter:card\" content=\"summary_large_image\" \/>\n<script type=\"application\/ld+json\" class=\"yoast-schema-graph\">{\"@context\":\"https:\/\/schema.org\",\"@graph\":[{\"@type\":\"WebPage\",\"@id\":\"https:\/\/dev.eliassen.nl\/de\/pflanzgefass-aus-aluminium-rechteckig-carrez-300-x-100-x-60-cm\/\",\"url\":\"https:\/\/dev.eliassen.nl\/de\/pflanzgefass-aus-aluminium-rechteckig-carrez-300-x-100-x-60-cm\/\",\"name\":\"Pflanzgef\u00e4\u00df aus Aluminium, rechteckig, CARREZ, 300 x 100 x 60 cm\",\"isPartOf\":{\"@id\":\"https:\/\/dev.eliassen.nl\/de\/#website\"},\"primaryImageOfPage\":{\"@id\":\"https:\/\/dev.eliassen.nl\/de\/pflanzgefass-aus-aluminium-rechteckig-carrez-300-x-100-x-60-cm\/#primaryimage\"},\"image\":{\"@id\":\"https:\/\/dev.eliassen.nl\/de\/pflanzgefass-aus-aluminium-rechteckig-carrez-300-x-100-x-60-cm\/#primaryimage\"},\"thumbnailUrl\":\"https:\/\/dev.eliassen.nl\/wp-content\/uploads\/2024\/01\/af181.png\",\"datePublished\":\"2023-08-02T10:16:16+00:00\",\"dateModified\":\"2024-01-10T09:54:43+00:00\",\"description\":\"Pflanzgef\u00e4\u00dfe aus Aluminium? Werfen Sie einen kurzen Blick in unseren Webshop oder kommen Sie vorbei und sehen Sie uns live!\",\"breadcrumb\":{\"@id\":\"https:\/\/dev.eliassen.nl\/de\/pflanzgefass-aus-aluminium-rechteckig-carrez-300-x-100-x-60-cm\/#breadcrumb\"},\"inLanguage\":\"de\",\"potentialAction\":[{\"@type\":\"ReadAction\",\"target\":[\"https:\/\/dev.eliassen.nl\/de\/pflanzgefass-aus-aluminium-rechteckig-carrez-300-x-100-x-60-cm\/\"]}]},{\"@type\":\"ImageObject\",\"inLanguage\":\"de\",\"@id\":\"https:\/\/dev.eliassen.nl\/de\/pflanzgefass-aus-aluminium-rechteckig-carrez-300-x-100-x-60-cm\/#primaryimage\",\"url\":\"https:\/\/dev.eliassen.nl\/wp-content\/uploads\/2024\/01\/af181.png\",\"contentUrl\":\"https:\/\/dev.eliassen.nl\/wp-content\/uploads\/2024\/01\/af181.png\",\"width\":699,\"height\":699,\"caption\":\"AF18 (1)\"},{\"@type\":\"BreadcrumbList\",\"@id\":\"https:\/\/dev.eliassen.nl\/de\/pflanzgefass-aus-aluminium-rechteckig-carrez-300-x-100-x-60-cm\/#breadcrumb\",\"itemListElement\":[{\"@type\":\"ListItem\",\"position\":1,\"name\":\"Home\",\"item\":\"https:\/\/dev.eliassen.nl\/de\/\"},{\"@type\":\"ListItem\",\"position\":2,\"name\":\"Shop\",\"item\":\"https:\/\/dev.eliassen.nl\/nl\/winkel\/\"},{\"@type\":\"ListItem\",\"position\":3,\"name\":\"Adezz-Produkte\",\"item\":\"https:\/\/dev.eliassen.nl\/de\/adezz-produkte\/\"},{\"@type\":\"ListItem\",\"position\":4,\"name\":\"ADEZZ Pflanzgef\u00e4\u00dfe aus Aluminium\",\"item\":\"https:\/\/dev.eliassen.nl\/de\/adezz-produkte\/adezz-pflanzgefaesse-aus-aluminium\/\"},{\"@type\":\"ListItem\",\"position\":5,\"name\":\"ADEZZ Aluminium-Pflanzgef\u00e4\u00dfe rechteckig\",\"item\":\"https:\/\/dev.eliassen.nl\/de\/adezz-produkte\/adezz-pflanzgefaesse-aus-aluminium\/adezz-aluminium-pflanzgefaesse-rechteckig\/\"},{\"@type\":\"ListItem\",\"position\":6,\"name\":\"Pflanzgef\u00e4\u00df aus Aluminium, rechteckig, CARREZ, 300 x 100 x 60 cm\"}]},{\"@type\":\"WebSite\",\"@id\":\"https:\/\/dev.eliassen.nl\/de\/#website\",\"url\":\"https:\/\/dev.eliassen.nl\/de\/\",\"name\":\"Eliassen Home & Garden Pleasure\",\"description\":\"\",\"publisher\":{\"@id\":\"https:\/\/dev.eliassen.nl\/de\/#organization\"},\"alternateName\":\"Eliassen.nl\",\"potentialAction\":[{\"@type\":\"SearchAction\",\"target\":{\"@type\":\"EntryPoint\",\"urlTemplate\":\"https:\/\/dev.eliassen.nl\/de\/?s={search_term_string}\"},\"query-input\":{\"@type\":\"PropertyValueSpecification\",\"valueRequired\":true,\"valueName\":\"search_term_string\"}}],\"inLanguage\":\"de\"},{\"@type\":\"Organization\",\"@id\":\"https:\/\/dev.eliassen.nl\/de\/#organization\",\"name\":\"Eliassen Home & Garden Pleasure\",\"url\":\"https:\/\/dev.eliassen.nl\/de\/\",\"logo\":{\"@type\":\"ImageObject\",\"inLanguage\":\"de\",\"@id\":\"https:\/\/dev.eliassen.nl\/de\/#\/schema\/logo\/image\/\",\"url\":\"https:\/\/www.eliassen.nl\/wp-content\/uploads\/2024\/01\/logo_4nd.jpg\",\"contentUrl\":\"https:\/\/www.eliassen.nl\/wp-content\/uploads\/2024\/01\/logo_4nd.jpg\",\"width\":500,\"height\":500,\"caption\":\"Eliassen Home & Garden Pleasure\"},\"image\":{\"@id\":\"https:\/\/dev.eliassen.nl\/de\/#\/schema\/logo\/image\/\"},\"sameAs\":[\"https:\/\/www.facebook.com\/TuincentrumEliassenAmmerzoden\",\"https:\/\/www.instagram.com\/eliassenhomeandgarden\/\",\"https:\/\/nl.pinterest.com\/eliassenhomeandgarden\/\",\"https:\/\/www.youtube.com\/@eliassenhomegardenpleasure4558\"]}]}<\/script>\n<!-- \/ Yoast SEO plugin. -->","yoast_head_json":{"title":"Pflanzgef\u00e4\u00df aus Aluminium, rechteckig, CARREZ, 300 x 100 x 60 cm","description":"Pflanzgef\u00e4\u00dfe aus Aluminium? Werfen Sie einen kurzen Blick in unseren Webshop oder kommen Sie vorbei und sehen Sie uns live!","robots":{"index":"noindex","follow":"follow","max-snippet":"max-snippet:-1","max-image-preview":"max-image-preview:large","max-video-preview":"max-video-preview:-1"},"og_locale":"de_DE","og_type":"article","og_title":"Pflanzgef\u00e4\u00df aus Aluminium, rechteckig, CARREZ, 300 x 100 x 60 cm","og_description":"Pflanzgef\u00e4\u00dfe aus Aluminium? Werfen Sie einen kurzen Blick in unseren Webshop oder kommen Sie vorbei und sehen Sie uns live!","og_url":"https:\/\/dev.eliassen.nl\/de\/pflanzgefass-aus-aluminium-rechteckig-carrez-300-x-100-x-60-cm\/","og_site_name":"Eliassen.nl","article_publisher":"https:\/\/www.facebook.com\/TuincentrumEliassenAmmerzoden","article_modified_time":"2024-01-10T09:54:43+00:00","og_image":[{"width":699,"height":699,"url":"https:\/\/dev.eliassen.nl\/wp-content\/uploads\/2024\/01\/af181.png","type":"image\/png"}],"twitter_card":"summary_large_image","schema":{"@context":"https:\/\/schema.org","@graph":[{"@type":"WebPage","@id":"https:\/\/dev.eliassen.nl\/de\/pflanzgefass-aus-aluminium-rechteckig-carrez-300-x-100-x-60-cm\/","url":"https:\/\/dev.eliassen.nl\/de\/pflanzgefass-aus-aluminium-rechteckig-carrez-300-x-100-x-60-cm\/","name":"Pflanzgef\u00e4\u00df aus Aluminium, rechteckig, CARREZ, 300 x 100 x 60 cm","isPartOf":{"@id":"https:\/\/dev.eliassen.nl\/de\/#website"},"primaryImageOfPage":{"@id":"https:\/\/dev.eliassen.nl\/de\/pflanzgefass-aus-aluminium-rechteckig-carrez-300-x-100-x-60-cm\/#primaryimage"},"image":{"@id":"https:\/\/dev.eliassen.nl\/de\/pflanzgefass-aus-aluminium-rechteckig-carrez-300-x-100-x-60-cm\/#primaryimage"},"thumbnailUrl":"https:\/\/dev.eliassen.nl\/wp-content\/uploads\/2024\/01\/af181.png","datePublished":"2023-08-02T10:16:16+00:00","dateModified":"2024-01-10T09:54:43+00:00","description":"Pflanzgef\u00e4\u00dfe aus Aluminium? Werfen Sie einen kurzen Blick in unseren Webshop oder kommen Sie vorbei und sehen Sie uns live!","breadcrumb":{"@id":"https:\/\/dev.eliassen.nl\/de\/pflanzgefass-aus-aluminium-rechteckig-carrez-300-x-100-x-60-cm\/#breadcrumb"},"inLanguage":"de","potentialAction":[{"@type":"ReadAction","target":["https:\/\/dev.eliassen.nl\/de\/pflanzgefass-aus-aluminium-rechteckig-carrez-300-x-100-x-60-cm\/"]}]},{"@type":"ImageObject","inLanguage":"de","@id":"https:\/\/dev.eliassen.nl\/de\/pflanzgefass-aus-aluminium-rechteckig-carrez-300-x-100-x-60-cm\/#primaryimage","url":"https:\/\/dev.eliassen.nl\/wp-content\/uploads\/2024\/01\/af181.png","contentUrl":"https:\/\/dev.eliassen.nl\/wp-content\/uploads\/2024\/01\/af181.png","width":699,"height":699,"caption":"AF18 (1)"},{"@type":"BreadcrumbList","@id":"https:\/\/dev.eliassen.nl\/de\/pflanzgefass-aus-aluminium-rechteckig-carrez-300-x-100-x-60-cm\/#breadcrumb","itemListElement":[{"@type":"ListItem","position":1,"name":"Home","item":"https:\/\/dev.eliassen.nl\/de\/"},{"@type":"ListItem","position":2,"name":"Shop","item":"https:\/\/dev.eliassen.nl\/nl\/winkel\/"},{"@type":"ListItem","position":3,"name":"Adezz-Produkte","item":"https:\/\/dev.eliassen.nl\/de\/adezz-produkte\/"},{"@type":"ListItem","position":4,"name":"ADEZZ Pflanzgef\u00e4\u00dfe aus Aluminium","item":"https:\/\/dev.eliassen.nl\/de\/adezz-produkte\/adezz-pflanzgefaesse-aus-aluminium\/"},{"@type":"ListItem","position":5,"name":"ADEZZ Aluminium-Pflanzgef\u00e4\u00dfe rechteckig","item":"https:\/\/dev.eliassen.nl\/de\/adezz-produkte\/adezz-pflanzgefaesse-aus-aluminium\/adezz-aluminium-pflanzgefaesse-rechteckig\/"},{"@type":"ListItem","position":6,"name":"Pflanzgef\u00e4\u00df aus Aluminium, rechteckig, CARREZ, 300 x 100 x 60 cm"}]},{"@type":"WebSite","@id":"https:\/\/dev.eliassen.nl\/de\/#website","url":"https:\/\/dev.eliassen.nl\/de\/","name":"Eliassen Home & Garden Pleasure","description":"","publisher":{"@id":"https:\/\/dev.eliassen.nl\/de\/#organization"},"alternateName":"Eliassen.nl","potentialAction":[{"@type":"SearchAction","target":{"@type":"EntryPoint","urlTemplate":"https:\/\/dev.eliassen.nl\/de\/?s={search_term_string}"},"query-input":{"@type":"PropertyValueSpecification","valueRequired":true,"valueName":"search_term_string"}}],"inLanguage":"de"},{"@type":"Organization","@id":"https:\/\/dev.eliassen.nl\/de\/#organization","name":"Eliassen Home & Garden Pleasure","url":"https:\/\/dev.eliassen.nl\/de\/","logo":{"@type":"ImageObject","inLanguage":"de","@id":"https:\/\/dev.eliassen.nl\/de\/#\/schema\/logo\/image\/","url":"https:\/\/www.eliassen.nl\/wp-content\/uploads\/2024\/01\/logo_4nd.jpg","contentUrl":"https:\/\/www.eliassen.nl\/wp-content\/uploads\/2024\/01\/logo_4nd.jpg","width":500,"height":500,"caption":"Eliassen Home & Garden Pleasure"},"image":{"@id":"https:\/\/dev.eliassen.nl\/de\/#\/schema\/logo\/image\/"},"sameAs":["https:\/\/www.facebook.com\/TuincentrumEliassenAmmerzoden","https:\/\/www.instagram.com\/eliassenhomeandgarden\/","https:\/\/nl.pinterest.com\/eliassenhomeandgarden\/","https:\/\/www.youtube.com\/@eliassenhomegardenpleasure4558"]}]}},"df_price":2239,"df_sale_price":"","df_regular_price":2239,"df_image_link":"https:\/\/dev.eliassen.nl\/wp-content\/uploads\/2024\/01\/af181.png","image":"https:\/\/dev.eliassen.nl\/wp-content\/uploads\/2024\/01\/af181.png","price_search":"<span class=\"woocommerce-Price-amount amount\"><bdi><span class=\"woocommerce-Price-currencySymbol\">&euro;<\/span>&nbsp;2.239,00<\/bdi><\/span>","category":"ADEZZ Aluminium-Pflanzgef\u00e4\u00dfe rechteckig","_links":{"self":[{"href":"https:\/\/dev.eliassen.nl\/de\/wp-json\/wp\/v2\/product\/92233","targetHints":{"allow":["GET"]}}],"collection":[{"href":"https:\/\/dev.eliassen.nl\/de\/wp-json\/wp\/v2\/product"}],"about":[{"href":"https:\/\/dev.eliassen.nl\/de\/wp-json\/wp\/v2\/types\/product"}],"wp:featuredmedia":[{"embeddable":true,"href":"https:\/\/dev.eliassen.nl\/de\/wp-json\/wp\/v2\/media\/92218"}],"wp:attachment":[{"href":"https:\/\/dev.eliassen.nl\/de\/wp-json\/wp\/v2\/media?parent=92233"}],"wp:term":[{"taxonomy":"product_brand","embeddable":true,"href":"https:\/\/dev.eliassen.nl\/de\/wp-json\/wp\/v2\/product_brand?post=92233"},{"taxonomy":"product_cat","embeddable":true,"href":"https:\/\/dev.eliassen.nl\/de\/wp-json\/wp\/v2\/product_cat?post=92233"},{"taxonomy":"product_tag","embeddable":true,"href":"https:\/\/dev.eliassen.nl\/de\/wp-json\/wp\/v2\/product_tag?post=92233"}],"curies":[{"name":"wp","href":"https:\/\/api.w.org\/{rel}","templated":true}]}}