{"id":92956,"date":"2023-08-08T18:08:51","date_gmt":"2023-08-08T16:08:51","guid":{"rendered":"https:\/\/www.eliassen.nl\/?product=bronzen-urn-hart-met-hartje-erin-6cm"},"modified":"2024-12-05T16:30:46","modified_gmt":"2024-12-05T15:30:46","slug":"bronzeurnenherz-mit-herz-darin-6cm","status":"publish","type":"product","link":"https:\/\/dev.eliassen.nl\/de\/bronzeurnenherz-mit-herz-darin-6cm\/","title":{"rendered":"Bronzeurnenherz mit Herz darin 6cm"},"content":{"rendered":"<p>Eine wundersch\u00f6n gestaltete Bronzeurne in Herzform mit einem Miniherz oben und einem Aschebeh\u00e4lter, in dem ein Teil der Kremationsasche aufbewahrt werden kann. Auf diese Weise erhalten Sie eine wundersch\u00f6ne Gedenkdekoration.<\/p>\n<p>Dieses Bronzeobjekt wird auf traditionelle Weise im sogenannten Wachsausschmelzverfahren hergestellt.<\/p>\n<p>Dies geschieht wie folgt: Ein Wachsmodell wird in eine feuerfeste Masse wie Ton eingebettet, anschlie\u00dfend wird das Wachs ausgeschmolzen und die Form getrocknet. In den entstandenen Hohlraum wird dann Bronze gegossen. Nach dem Abk\u00fchlen wird die Form zerlegt und die \u00d6ffnung, durch die die Bronze in die Form gegossen wurde, abges\u00e4gt, so dass die Skulptur \u00fcbrig bleibt. Zum Schluss wird die Statue fertiggestellt, indem die L\u00f6cher verschlossen, Unebenheiten weggeschliffen und anschlie\u00dfend mit einer S\u00e4ure eingef\u00e4rbt werden. Gr\u00f6\u00dfere Bronzestatuen werden in Teilen gegossen, dann zusammengeschwei\u00dft und anschlie\u00dfend glattgeschliffen.<\/p>\n<p>Bronze ist eine Legierung aus Kupfer und Zinn. Je h\u00f6her der Kupfergehalt, desto hochwertiger ist die Bronze. Diese Statue hat einen Kupfergehalt von mindestens 75 %, was eine absolute Haltbarkeit garantiert.<\/p>\n<p>Im Freien werden Bronzestatuen etwas stumpfer in der Farbe, Sie k\u00f6nnen sie durch die Pflege mit Bienenwachs wieder zum Gl\u00e4nzen bringen.<\/p>\n<ul>\n<li>Gr\u00f6\u00dfe: 6,5 x 6,5 x 5 cm hoch<\/li>\n<li>Inhalt 60ml.<\/li>\n<li>Gewicht: &lt; 1 kg<\/li>\n<li>Material: Bronze<\/li>\n<li>Kommt mit Zertifikat<\/li>\n<li>Schnell geliefert<\/li>\n<li>30 Jahre Garantie<\/li>\n<li><strong>Viele dieser Bronzestatuenserien k\u00f6nnen auch live in unserem Shop besichtigt werden<\/strong><\/li>\n<\/ul>\n","protected":false},"excerpt":{"rendered":"<p>Wundersch\u00f6ne Bronzeurne mit den Ma\u00dfen 6,5 x 6,5 x 5 cm hoch.<\/p>\n","protected":false},"featured_media":92953,"template":"","meta":{"_acf_changed":false},"product_brand":[],"product_cat":[613,656,7239],"product_tag":[],"class_list":{"0":"post-92956","1":"product","2":"type-product","3":"status-publish","4":"has-post-thumbnail","6":"product_cat-bronzestatuen","7":"product_cat-urnen-und-grabschmuck","8":"product_cat-statuen-skulpturen","10":"first","11":"outofstock","12":"taxable","13":"shipping-taxable","14":"purchasable","15":"product-type-simple"},"acf":[],"yoast_head":"<!-- This site is optimized with the Yoast SEO plugin v23.8 - https:\/\/yoast.com\/wordpress\/plugins\/seo\/ -->\n<title>Bronzeurnenherz mit Herz darin 6cm. - Eliassen Home &amp; Garden-Vergn\u00fcgen<\/title>\n<meta name=\"description\" content=\"F\u00fcr eine sch\u00f6ne Bronzeurne f\u00fcr Ihr geliebtes Haustier gehen Sie zu Eliassen. Oft live sichtbar und schnell online verf\u00fcgbar. Hochwertige Bronze.\" \/>\n<meta name=\"robots\" content=\"noindex, follow, max-snippet:-1, max-image-preview:large, max-video-preview:-1\" \/>\n<meta property=\"og:locale\" content=\"de_DE\" \/>\n<meta property=\"og:type\" content=\"article\" \/>\n<meta property=\"og:title\" content=\"Bronzeurnenherz mit Herz darin 6cm. - Eliassen Home &amp; Garden-Vergn\u00fcgen\" \/>\n<meta property=\"og:description\" content=\"F\u00fcr eine sch\u00f6ne Bronzeurne f\u00fcr Ihr geliebtes Haustier gehen Sie zu Eliassen. Oft live sichtbar und schnell online verf\u00fcgbar. Hochwertige Bronze.\" \/>\n<meta property=\"og:url\" content=\"https:\/\/dev.eliassen.nl\/de\/bronzeurnenherz-mit-herz-darin-6cm\/\" \/>\n<meta property=\"og:site_name\" content=\"Eliassen.nl\" \/>\n<meta property=\"article:publisher\" content=\"https:\/\/www.facebook.com\/TuincentrumEliassenAmmerzoden\" \/>\n<meta property=\"article:modified_time\" content=\"2024-12-05T15:30:46+00:00\" \/>\n<meta property=\"og:image\" content=\"https:\/\/dev.eliassen.nl\/wp-content\/uploads\/2024\/01\/bronzenurnhartmetharteliassennl.jpg\" \/>\n\t<meta property=\"og:image:width\" content=\"700\" \/>\n\t<meta property=\"og:image:height\" content=\"1000\" \/>\n\t<meta property=\"og:image:type\" content=\"image\/jpeg\" \/>\n<meta name=\"twitter:card\" content=\"summary_large_image\" \/>\n<script type=\"application\/ld+json\" class=\"yoast-schema-graph\">{\"@context\":\"https:\/\/schema.org\",\"@graph\":[{\"@type\":\"WebPage\",\"@id\":\"https:\/\/dev.eliassen.nl\/de\/bronzeurnenherz-mit-herz-darin-6cm\/\",\"url\":\"https:\/\/dev.eliassen.nl\/de\/bronzeurnenherz-mit-herz-darin-6cm\/\",\"name\":\"Bronzeurnenherz mit Herz darin 6cm. - Eliassen Home & Garden-Vergn\u00fcgen\",\"isPartOf\":{\"@id\":\"https:\/\/dev.eliassen.nl\/de\/#website\"},\"primaryImageOfPage\":{\"@id\":\"https:\/\/dev.eliassen.nl\/de\/bronzeurnenherz-mit-herz-darin-6cm\/#primaryimage\"},\"image\":{\"@id\":\"https:\/\/dev.eliassen.nl\/de\/bronzeurnenherz-mit-herz-darin-6cm\/#primaryimage\"},\"thumbnailUrl\":\"https:\/\/dev.eliassen.nl\/wp-content\/uploads\/2024\/01\/bronzenurnhartmetharteliassennl.jpg\",\"datePublished\":\"2023-08-08T16:08:51+00:00\",\"dateModified\":\"2024-12-05T15:30:46+00:00\",\"description\":\"F\u00fcr eine sch\u00f6ne Bronzeurne f\u00fcr Ihr geliebtes Haustier gehen Sie zu Eliassen. Oft live sichtbar und schnell online verf\u00fcgbar. Hochwertige Bronze.\",\"breadcrumb\":{\"@id\":\"https:\/\/dev.eliassen.nl\/de\/bronzeurnenherz-mit-herz-darin-6cm\/#breadcrumb\"},\"inLanguage\":\"de\",\"potentialAction\":[{\"@type\":\"ReadAction\",\"target\":[\"https:\/\/dev.eliassen.nl\/de\/bronzeurnenherz-mit-herz-darin-6cm\/\"]}]},{\"@type\":\"ImageObject\",\"inLanguage\":\"de\",\"@id\":\"https:\/\/dev.eliassen.nl\/de\/bronzeurnenherz-mit-herz-darin-6cm\/#primaryimage\",\"url\":\"https:\/\/dev.eliassen.nl\/wp-content\/uploads\/2024\/01\/bronzenurnhartmetharteliassennl.jpg\",\"contentUrl\":\"https:\/\/dev.eliassen.nl\/wp-content\/uploads\/2024\/01\/bronzenurnhartmetharteliassennl.jpg\",\"width\":700,\"height\":1000,\"caption\":\"bronzen urn hart met hart - eliassen.nl\"},{\"@type\":\"BreadcrumbList\",\"@id\":\"https:\/\/dev.eliassen.nl\/de\/bronzeurnenherz-mit-herz-darin-6cm\/#breadcrumb\",\"itemListElement\":[{\"@type\":\"ListItem\",\"position\":1,\"name\":\"Home\",\"item\":\"https:\/\/dev.eliassen.nl\/de\/\"},{\"@type\":\"ListItem\",\"position\":2,\"name\":\"Shop\",\"item\":\"https:\/\/dev.eliassen.nl\/nl\/winkel\/\"},{\"@type\":\"ListItem\",\"position\":3,\"name\":\"Bronzestatuen\",\"item\":\"https:\/\/dev.eliassen.nl\/de\/bilder\/bronzestatuen\/\"},{\"@type\":\"ListItem\",\"position\":4,\"name\":\"Urnen und Grabschmuck\",\"item\":\"https:\/\/dev.eliassen.nl\/de\/bilder\/bronzestatuen\/urnen-und-grabschmuck\/\"},{\"@type\":\"ListItem\",\"position\":5,\"name\":\"Bronzeurnenherz mit Herz darin 6cm\"}]},{\"@type\":\"WebSite\",\"@id\":\"https:\/\/dev.eliassen.nl\/de\/#website\",\"url\":\"https:\/\/dev.eliassen.nl\/de\/\",\"name\":\"Eliassen Home & Garden Pleasure\",\"description\":\"\",\"publisher\":{\"@id\":\"https:\/\/dev.eliassen.nl\/de\/#organization\"},\"alternateName\":\"Eliassen.nl\",\"potentialAction\":[{\"@type\":\"SearchAction\",\"target\":{\"@type\":\"EntryPoint\",\"urlTemplate\":\"https:\/\/dev.eliassen.nl\/de\/?s={search_term_string}\"},\"query-input\":{\"@type\":\"PropertyValueSpecification\",\"valueRequired\":true,\"valueName\":\"search_term_string\"}}],\"inLanguage\":\"de\"},{\"@type\":\"Organization\",\"@id\":\"https:\/\/dev.eliassen.nl\/de\/#organization\",\"name\":\"Eliassen Home & Garden Pleasure\",\"url\":\"https:\/\/dev.eliassen.nl\/de\/\",\"logo\":{\"@type\":\"ImageObject\",\"inLanguage\":\"de\",\"@id\":\"https:\/\/dev.eliassen.nl\/de\/#\/schema\/logo\/image\/\",\"url\":\"https:\/\/www.eliassen.nl\/wp-content\/uploads\/2024\/01\/logo_4nd.jpg\",\"contentUrl\":\"https:\/\/www.eliassen.nl\/wp-content\/uploads\/2024\/01\/logo_4nd.jpg\",\"width\":500,\"height\":500,\"caption\":\"Eliassen Home & Garden Pleasure\"},\"image\":{\"@id\":\"https:\/\/dev.eliassen.nl\/de\/#\/schema\/logo\/image\/\"},\"sameAs\":[\"https:\/\/www.facebook.com\/TuincentrumEliassenAmmerzoden\",\"https:\/\/www.instagram.com\/eliassenhomeandgarden\/\",\"https:\/\/nl.pinterest.com\/eliassenhomeandgarden\/\",\"https:\/\/www.youtube.com\/@eliassenhomegardenpleasure4558\"]}]}<\/script>\n<!-- \/ Yoast SEO plugin. -->","yoast_head_json":{"title":"Bronzeurnenherz mit Herz darin 6cm. - Eliassen Home & Garden-Vergn\u00fcgen","description":"F\u00fcr eine sch\u00f6ne Bronzeurne f\u00fcr Ihr geliebtes Haustier gehen Sie zu Eliassen. Oft live sichtbar und schnell online verf\u00fcgbar. Hochwertige Bronze.","robots":{"index":"noindex","follow":"follow","max-snippet":"max-snippet:-1","max-image-preview":"max-image-preview:large","max-video-preview":"max-video-preview:-1"},"og_locale":"de_DE","og_type":"article","og_title":"Bronzeurnenherz mit Herz darin 6cm. - Eliassen Home & Garden-Vergn\u00fcgen","og_description":"F\u00fcr eine sch\u00f6ne Bronzeurne f\u00fcr Ihr geliebtes Haustier gehen Sie zu Eliassen. Oft live sichtbar und schnell online verf\u00fcgbar. Hochwertige Bronze.","og_url":"https:\/\/dev.eliassen.nl\/de\/bronzeurnenherz-mit-herz-darin-6cm\/","og_site_name":"Eliassen.nl","article_publisher":"https:\/\/www.facebook.com\/TuincentrumEliassenAmmerzoden","article_modified_time":"2024-12-05T15:30:46+00:00","og_image":[{"width":700,"height":1000,"url":"https:\/\/dev.eliassen.nl\/wp-content\/uploads\/2024\/01\/bronzenurnhartmetharteliassennl.jpg","type":"image\/jpeg"}],"twitter_card":"summary_large_image","schema":{"@context":"https:\/\/schema.org","@graph":[{"@type":"WebPage","@id":"https:\/\/dev.eliassen.nl\/de\/bronzeurnenherz-mit-herz-darin-6cm\/","url":"https:\/\/dev.eliassen.nl\/de\/bronzeurnenherz-mit-herz-darin-6cm\/","name":"Bronzeurnenherz mit Herz darin 6cm. - Eliassen Home & Garden-Vergn\u00fcgen","isPartOf":{"@id":"https:\/\/dev.eliassen.nl\/de\/#website"},"primaryImageOfPage":{"@id":"https:\/\/dev.eliassen.nl\/de\/bronzeurnenherz-mit-herz-darin-6cm\/#primaryimage"},"image":{"@id":"https:\/\/dev.eliassen.nl\/de\/bronzeurnenherz-mit-herz-darin-6cm\/#primaryimage"},"thumbnailUrl":"https:\/\/dev.eliassen.nl\/wp-content\/uploads\/2024\/01\/bronzenurnhartmetharteliassennl.jpg","datePublished":"2023-08-08T16:08:51+00:00","dateModified":"2024-12-05T15:30:46+00:00","description":"F\u00fcr eine sch\u00f6ne Bronzeurne f\u00fcr Ihr geliebtes Haustier gehen Sie zu Eliassen. Oft live sichtbar und schnell online verf\u00fcgbar. Hochwertige Bronze.","breadcrumb":{"@id":"https:\/\/dev.eliassen.nl\/de\/bronzeurnenherz-mit-herz-darin-6cm\/#breadcrumb"},"inLanguage":"de","potentialAction":[{"@type":"ReadAction","target":["https:\/\/dev.eliassen.nl\/de\/bronzeurnenherz-mit-herz-darin-6cm\/"]}]},{"@type":"ImageObject","inLanguage":"de","@id":"https:\/\/dev.eliassen.nl\/de\/bronzeurnenherz-mit-herz-darin-6cm\/#primaryimage","url":"https:\/\/dev.eliassen.nl\/wp-content\/uploads\/2024\/01\/bronzenurnhartmetharteliassennl.jpg","contentUrl":"https:\/\/dev.eliassen.nl\/wp-content\/uploads\/2024\/01\/bronzenurnhartmetharteliassennl.jpg","width":700,"height":1000,"caption":"bronzen urn hart met hart - eliassen.nl"},{"@type":"BreadcrumbList","@id":"https:\/\/dev.eliassen.nl\/de\/bronzeurnenherz-mit-herz-darin-6cm\/#breadcrumb","itemListElement":[{"@type":"ListItem","position":1,"name":"Home","item":"https:\/\/dev.eliassen.nl\/de\/"},{"@type":"ListItem","position":2,"name":"Shop","item":"https:\/\/dev.eliassen.nl\/nl\/winkel\/"},{"@type":"ListItem","position":3,"name":"Bronzestatuen","item":"https:\/\/dev.eliassen.nl\/de\/bilder\/bronzestatuen\/"},{"@type":"ListItem","position":4,"name":"Urnen und Grabschmuck","item":"https:\/\/dev.eliassen.nl\/de\/bilder\/bronzestatuen\/urnen-und-grabschmuck\/"},{"@type":"ListItem","position":5,"name":"Bronzeurnenherz mit Herz darin 6cm"}]},{"@type":"WebSite","@id":"https:\/\/dev.eliassen.nl\/de\/#website","url":"https:\/\/dev.eliassen.nl\/de\/","name":"Eliassen Home & Garden Pleasure","description":"","publisher":{"@id":"https:\/\/dev.eliassen.nl\/de\/#organization"},"alternateName":"Eliassen.nl","potentialAction":[{"@type":"SearchAction","target":{"@type":"EntryPoint","urlTemplate":"https:\/\/dev.eliassen.nl\/de\/?s={search_term_string}"},"query-input":{"@type":"PropertyValueSpecification","valueRequired":true,"valueName":"search_term_string"}}],"inLanguage":"de"},{"@type":"Organization","@id":"https:\/\/dev.eliassen.nl\/de\/#organization","name":"Eliassen Home & Garden Pleasure","url":"https:\/\/dev.eliassen.nl\/de\/","logo":{"@type":"ImageObject","inLanguage":"de","@id":"https:\/\/dev.eliassen.nl\/de\/#\/schema\/logo\/image\/","url":"https:\/\/www.eliassen.nl\/wp-content\/uploads\/2024\/01\/logo_4nd.jpg","contentUrl":"https:\/\/www.eliassen.nl\/wp-content\/uploads\/2024\/01\/logo_4nd.jpg","width":500,"height":500,"caption":"Eliassen Home & Garden Pleasure"},"image":{"@id":"https:\/\/dev.eliassen.nl\/de\/#\/schema\/logo\/image\/"},"sameAs":["https:\/\/www.facebook.com\/TuincentrumEliassenAmmerzoden","https:\/\/www.instagram.com\/eliassenhomeandgarden\/","https:\/\/nl.pinterest.com\/eliassenhomeandgarden\/","https:\/\/www.youtube.com\/@eliassenhomegardenpleasure4558"]}]}},"df_price":65,"df_sale_price":"","df_regular_price":65,"df_image_link":"https:\/\/dev.eliassen.nl\/wp-content\/uploads\/2024\/01\/bronzenurnhartmetharteliassennl.jpg","image":"https:\/\/dev.eliassen.nl\/wp-content\/uploads\/2024\/01\/bronzenurnhartmetharteliassennl.jpg","price_search":"<span class=\"woocommerce-Price-amount amount\"><bdi><span class=\"woocommerce-Price-currencySymbol\">&euro;<\/span>&nbsp;65,00<\/bdi><\/span>","category":"Bronzestatuen","_links":{"self":[{"href":"https:\/\/dev.eliassen.nl\/de\/wp-json\/wp\/v2\/product\/92956","targetHints":{"allow":["GET"]}}],"collection":[{"href":"https:\/\/dev.eliassen.nl\/de\/wp-json\/wp\/v2\/product"}],"about":[{"href":"https:\/\/dev.eliassen.nl\/de\/wp-json\/wp\/v2\/types\/product"}],"wp:featuredmedia":[{"embeddable":true,"href":"https:\/\/dev.eliassen.nl\/de\/wp-json\/wp\/v2\/media\/92953"}],"wp:attachment":[{"href":"https:\/\/dev.eliassen.nl\/de\/wp-json\/wp\/v2\/media?parent=92956"}],"wp:term":[{"taxonomy":"product_brand","embeddable":true,"href":"https:\/\/dev.eliassen.nl\/de\/wp-json\/wp\/v2\/product_brand?post=92956"},{"taxonomy":"product_cat","embeddable":true,"href":"https:\/\/dev.eliassen.nl\/de\/wp-json\/wp\/v2\/product_cat?post=92956"},{"taxonomy":"product_tag","embeddable":true,"href":"https:\/\/dev.eliassen.nl\/de\/wp-json\/wp\/v2\/product_tag?post=92956"}],"curies":[{"name":"wp","href":"https:\/\/api.w.org\/{rel}","templated":true}]}}