{"id":93469,"date":"2023-08-11T16:43:31","date_gmt":"2023-08-11T14:43:31","guid":{"rendered":"https:\/\/www.eliassen.nl\/?product=mn-72"},"modified":"2024-12-05T16:32:03","modified_gmt":"2024-12-05T15:32:03","slug":"briefbeschwerer-aus-glas-seestern-rot-15-cm","status":"publish","type":"product","link":"https:\/\/dev.eliassen.nl\/de\/briefbeschwerer-aus-glas-seestern-rot-15-cm\/","title":{"rendered":"Briefbeschwerer aus Glas, Seestern, rot, 15 cm."},"content":{"rendered":"<p>Dieser einzigartige Briefbeschwerer aus Glas ist ein wundersch\u00f6nes Dekorationsst\u00fcck f\u00fcr Ihr Zuhause oder B\u00fcro. Die Qualit\u00e4t dieses Briefbeschwerers ist gut. Dies wurde von einem handwerklichen Glasbl\u00e4ser aus dem ber\u00fchmten B\u00f6hmen, der europ\u00e4ischen Glasregion schlechthin, hergestellt.<\/p>\n<p>Da diese Glasdekoration nach traditionellen Methoden hergestellt wird, ist jedes St\u00fcck dieser Serie in Form und Farbe einzigartig, sodass Ihre Glasdekoration vom Foto abweichen kann.<\/p>\n<p>Sie k\u00f6nnen diese Glaskunstserie auch in unserem Shop besichtigen.<\/p>\n<ul>\n<li>Aus massivem Glas<\/li>\n<li>1 Jahr Garantie<\/li>\n<li>Europ\u00e4ische Qualit\u00e4t, mundgeblasenes, massives Glas<\/li>\n<li>Schnell geliefert<\/li>\n<\/ul>\n","protected":false},"excerpt":{"rendered":"<p>Briefbeschwerer aus Glas in Form eines Seesterns.<\/p>\n","protected":false},"featured_media":93466,"template":"","meta":{"_acf_changed":false},"product_brand":[],"product_cat":[830,800],"product_tag":[],"class_list":{"0":"post-93469","1":"product","2":"type-product","3":"status-publish","4":"has-post-thumbnail","6":"product_cat-briefbeschwerer","7":"product_cat-glaskunst","9":"first","10":"instock","11":"taxable","12":"shipping-taxable","13":"purchasable","14":"product-type-simple"},"acf":[],"yoast_head":"<!-- This site is optimized with the Yoast SEO plugin v23.8 - https:\/\/yoast.com\/wordpress\/plugins\/seo\/ -->\n<title>Briefbeschwerer aus Glas, Seestern, rot, 15 cm. - Eliassen Haus &amp; Garten<\/title>\n<meta name=\"description\" content=\"Bei Eliassen k\u00f6nnen Sie den Briefbeschwerer Seestern aus Kristallglas in Rot online kaufen oder ihn live im Ausstellungsraum besichtigen. Bestellen Sie direk...\" \/>\n<meta name=\"robots\" content=\"noindex, follow, max-snippet:-1, max-image-preview:large, max-video-preview:-1\" \/>\n<meta property=\"og:locale\" content=\"de_DE\" \/>\n<meta property=\"og:type\" content=\"article\" \/>\n<meta property=\"og:title\" content=\"Briefbeschwerer aus Glas, Seestern, rot, 15 cm. - Eliassen Haus &amp; Garten\" \/>\n<meta property=\"og:description\" content=\"Bei Eliassen k\u00f6nnen Sie den Briefbeschwerer Seestern aus Kristallglas in Rot online kaufen oder ihn live im Ausstellungsraum besichtigen. Bestellen Sie direk...\" \/>\n<meta property=\"og:url\" content=\"https:\/\/dev.eliassen.nl\/de\/briefbeschwerer-aus-glas-seestern-rot-15-cm\/\" \/>\n<meta property=\"og:site_name\" content=\"Eliassen.nl\" \/>\n<meta property=\"article:publisher\" content=\"https:\/\/www.facebook.com\/TuincentrumEliassenAmmerzoden\" \/>\n<meta property=\"article:modified_time\" content=\"2024-12-05T15:32:03+00:00\" \/>\n<meta property=\"og:image\" content=\"https:\/\/dev.eliassen.nl\/wp-content\/uploads\/2024\/01\/pressepapiersglaszeestereliassennl.jpg\" \/>\n\t<meta property=\"og:image:width\" content=\"560\" \/>\n\t<meta property=\"og:image:height\" content=\"560\" \/>\n\t<meta property=\"og:image:type\" content=\"image\/jpeg\" \/>\n<meta name=\"twitter:card\" content=\"summary_large_image\" \/>\n<script type=\"application\/ld+json\" class=\"yoast-schema-graph\">{\"@context\":\"https:\/\/schema.org\",\"@graph\":[{\"@type\":\"WebPage\",\"@id\":\"https:\/\/dev.eliassen.nl\/de\/briefbeschwerer-aus-glas-seestern-rot-15-cm\/\",\"url\":\"https:\/\/dev.eliassen.nl\/de\/briefbeschwerer-aus-glas-seestern-rot-15-cm\/\",\"name\":\"Briefbeschwerer aus Glas, Seestern, rot, 15 cm. - Eliassen Haus & Garten\",\"isPartOf\":{\"@id\":\"https:\/\/dev.eliassen.nl\/de\/#website\"},\"primaryImageOfPage\":{\"@id\":\"https:\/\/dev.eliassen.nl\/de\/briefbeschwerer-aus-glas-seestern-rot-15-cm\/#primaryimage\"},\"image\":{\"@id\":\"https:\/\/dev.eliassen.nl\/de\/briefbeschwerer-aus-glas-seestern-rot-15-cm\/#primaryimage\"},\"thumbnailUrl\":\"https:\/\/dev.eliassen.nl\/wp-content\/uploads\/2024\/01\/pressepapiersglaszeestereliassennl.jpg\",\"datePublished\":\"2023-08-11T14:43:31+00:00\",\"dateModified\":\"2024-12-05T15:32:03+00:00\",\"description\":\"Bei Eliassen k\u00f6nnen Sie den Briefbeschwerer Seestern aus Kristallglas in Rot online kaufen oder ihn live im Ausstellungsraum besichtigen. Bestellen Sie direk...\",\"breadcrumb\":{\"@id\":\"https:\/\/dev.eliassen.nl\/de\/briefbeschwerer-aus-glas-seestern-rot-15-cm\/#breadcrumb\"},\"inLanguage\":\"de\",\"potentialAction\":[{\"@type\":\"ReadAction\",\"target\":[\"https:\/\/dev.eliassen.nl\/de\/briefbeschwerer-aus-glas-seestern-rot-15-cm\/\"]}]},{\"@type\":\"ImageObject\",\"inLanguage\":\"de\",\"@id\":\"https:\/\/dev.eliassen.nl\/de\/briefbeschwerer-aus-glas-seestern-rot-15-cm\/#primaryimage\",\"url\":\"https:\/\/dev.eliassen.nl\/wp-content\/uploads\/2024\/01\/pressepapiersglaszeestereliassennl.jpg\",\"contentUrl\":\"https:\/\/dev.eliassen.nl\/wp-content\/uploads\/2024\/01\/pressepapiersglaszeestereliassennl.jpg\",\"width\":560,\"height\":560,\"caption\":\"presse papiers glas zeester - Eliassen.nl\"},{\"@type\":\"BreadcrumbList\",\"@id\":\"https:\/\/dev.eliassen.nl\/de\/briefbeschwerer-aus-glas-seestern-rot-15-cm\/#breadcrumb\",\"itemListElement\":[{\"@type\":\"ListItem\",\"position\":1,\"name\":\"Home\",\"item\":\"https:\/\/dev.eliassen.nl\/de\/\"},{\"@type\":\"ListItem\",\"position\":2,\"name\":\"Shop\",\"item\":\"https:\/\/dev.eliassen.nl\/nl\/winkel\/\"},{\"@type\":\"ListItem\",\"position\":3,\"name\":\"Glaskunst\",\"item\":\"https:\/\/dev.eliassen.nl\/de\/glaskunst\/\"},{\"@type\":\"ListItem\",\"position\":4,\"name\":\"Briefbeschwerer\",\"item\":\"https:\/\/dev.eliassen.nl\/de\/glaskunst\/briefbeschwerer\/\"},{\"@type\":\"ListItem\",\"position\":5,\"name\":\"Briefbeschwerer aus Glas, Seestern, rot, 15 cm.\"}]},{\"@type\":\"WebSite\",\"@id\":\"https:\/\/dev.eliassen.nl\/de\/#website\",\"url\":\"https:\/\/dev.eliassen.nl\/de\/\",\"name\":\"Eliassen Home & Garden Pleasure\",\"description\":\"\",\"publisher\":{\"@id\":\"https:\/\/dev.eliassen.nl\/de\/#organization\"},\"alternateName\":\"Eliassen.nl\",\"potentialAction\":[{\"@type\":\"SearchAction\",\"target\":{\"@type\":\"EntryPoint\",\"urlTemplate\":\"https:\/\/dev.eliassen.nl\/de\/?s={search_term_string}\"},\"query-input\":{\"@type\":\"PropertyValueSpecification\",\"valueRequired\":true,\"valueName\":\"search_term_string\"}}],\"inLanguage\":\"de\"},{\"@type\":\"Organization\",\"@id\":\"https:\/\/dev.eliassen.nl\/de\/#organization\",\"name\":\"Eliassen Home & Garden Pleasure\",\"url\":\"https:\/\/dev.eliassen.nl\/de\/\",\"logo\":{\"@type\":\"ImageObject\",\"inLanguage\":\"de\",\"@id\":\"https:\/\/dev.eliassen.nl\/de\/#\/schema\/logo\/image\/\",\"url\":\"https:\/\/www.eliassen.nl\/wp-content\/uploads\/2024\/01\/logo_4nd.jpg\",\"contentUrl\":\"https:\/\/www.eliassen.nl\/wp-content\/uploads\/2024\/01\/logo_4nd.jpg\",\"width\":500,\"height\":500,\"caption\":\"Eliassen Home & Garden Pleasure\"},\"image\":{\"@id\":\"https:\/\/dev.eliassen.nl\/de\/#\/schema\/logo\/image\/\"},\"sameAs\":[\"https:\/\/www.facebook.com\/TuincentrumEliassenAmmerzoden\",\"https:\/\/www.instagram.com\/eliassenhomeandgarden\/\",\"https:\/\/nl.pinterest.com\/eliassenhomeandgarden\/\",\"https:\/\/www.youtube.com\/@eliassenhomegardenpleasure4558\"]}]}<\/script>\n<!-- \/ Yoast SEO plugin. -->","yoast_head_json":{"title":"Briefbeschwerer aus Glas, Seestern, rot, 15 cm. - Eliassen Haus & Garten","description":"Bei Eliassen k\u00f6nnen Sie den Briefbeschwerer Seestern aus Kristallglas in Rot online kaufen oder ihn live im Ausstellungsraum besichtigen. Bestellen Sie direk...","robots":{"index":"noindex","follow":"follow","max-snippet":"max-snippet:-1","max-image-preview":"max-image-preview:large","max-video-preview":"max-video-preview:-1"},"og_locale":"de_DE","og_type":"article","og_title":"Briefbeschwerer aus Glas, Seestern, rot, 15 cm. - Eliassen Haus & Garten","og_description":"Bei Eliassen k\u00f6nnen Sie den Briefbeschwerer Seestern aus Kristallglas in Rot online kaufen oder ihn live im Ausstellungsraum besichtigen. Bestellen Sie direk...","og_url":"https:\/\/dev.eliassen.nl\/de\/briefbeschwerer-aus-glas-seestern-rot-15-cm\/","og_site_name":"Eliassen.nl","article_publisher":"https:\/\/www.facebook.com\/TuincentrumEliassenAmmerzoden","article_modified_time":"2024-12-05T15:32:03+00:00","og_image":[{"width":560,"height":560,"url":"https:\/\/dev.eliassen.nl\/wp-content\/uploads\/2024\/01\/pressepapiersglaszeestereliassennl.jpg","type":"image\/jpeg"}],"twitter_card":"summary_large_image","schema":{"@context":"https:\/\/schema.org","@graph":[{"@type":"WebPage","@id":"https:\/\/dev.eliassen.nl\/de\/briefbeschwerer-aus-glas-seestern-rot-15-cm\/","url":"https:\/\/dev.eliassen.nl\/de\/briefbeschwerer-aus-glas-seestern-rot-15-cm\/","name":"Briefbeschwerer aus Glas, Seestern, rot, 15 cm. - Eliassen Haus & Garten","isPartOf":{"@id":"https:\/\/dev.eliassen.nl\/de\/#website"},"primaryImageOfPage":{"@id":"https:\/\/dev.eliassen.nl\/de\/briefbeschwerer-aus-glas-seestern-rot-15-cm\/#primaryimage"},"image":{"@id":"https:\/\/dev.eliassen.nl\/de\/briefbeschwerer-aus-glas-seestern-rot-15-cm\/#primaryimage"},"thumbnailUrl":"https:\/\/dev.eliassen.nl\/wp-content\/uploads\/2024\/01\/pressepapiersglaszeestereliassennl.jpg","datePublished":"2023-08-11T14:43:31+00:00","dateModified":"2024-12-05T15:32:03+00:00","description":"Bei Eliassen k\u00f6nnen Sie den Briefbeschwerer Seestern aus Kristallglas in Rot online kaufen oder ihn live im Ausstellungsraum besichtigen. Bestellen Sie direk...","breadcrumb":{"@id":"https:\/\/dev.eliassen.nl\/de\/briefbeschwerer-aus-glas-seestern-rot-15-cm\/#breadcrumb"},"inLanguage":"de","potentialAction":[{"@type":"ReadAction","target":["https:\/\/dev.eliassen.nl\/de\/briefbeschwerer-aus-glas-seestern-rot-15-cm\/"]}]},{"@type":"ImageObject","inLanguage":"de","@id":"https:\/\/dev.eliassen.nl\/de\/briefbeschwerer-aus-glas-seestern-rot-15-cm\/#primaryimage","url":"https:\/\/dev.eliassen.nl\/wp-content\/uploads\/2024\/01\/pressepapiersglaszeestereliassennl.jpg","contentUrl":"https:\/\/dev.eliassen.nl\/wp-content\/uploads\/2024\/01\/pressepapiersglaszeestereliassennl.jpg","width":560,"height":560,"caption":"presse papiers glas zeester - Eliassen.nl"},{"@type":"BreadcrumbList","@id":"https:\/\/dev.eliassen.nl\/de\/briefbeschwerer-aus-glas-seestern-rot-15-cm\/#breadcrumb","itemListElement":[{"@type":"ListItem","position":1,"name":"Home","item":"https:\/\/dev.eliassen.nl\/de\/"},{"@type":"ListItem","position":2,"name":"Shop","item":"https:\/\/dev.eliassen.nl\/nl\/winkel\/"},{"@type":"ListItem","position":3,"name":"Glaskunst","item":"https:\/\/dev.eliassen.nl\/de\/glaskunst\/"},{"@type":"ListItem","position":4,"name":"Briefbeschwerer","item":"https:\/\/dev.eliassen.nl\/de\/glaskunst\/briefbeschwerer\/"},{"@type":"ListItem","position":5,"name":"Briefbeschwerer aus Glas, Seestern, rot, 15 cm."}]},{"@type":"WebSite","@id":"https:\/\/dev.eliassen.nl\/de\/#website","url":"https:\/\/dev.eliassen.nl\/de\/","name":"Eliassen Home & Garden Pleasure","description":"","publisher":{"@id":"https:\/\/dev.eliassen.nl\/de\/#organization"},"alternateName":"Eliassen.nl","potentialAction":[{"@type":"SearchAction","target":{"@type":"EntryPoint","urlTemplate":"https:\/\/dev.eliassen.nl\/de\/?s={search_term_string}"},"query-input":{"@type":"PropertyValueSpecification","valueRequired":true,"valueName":"search_term_string"}}],"inLanguage":"de"},{"@type":"Organization","@id":"https:\/\/dev.eliassen.nl\/de\/#organization","name":"Eliassen Home & Garden Pleasure","url":"https:\/\/dev.eliassen.nl\/de\/","logo":{"@type":"ImageObject","inLanguage":"de","@id":"https:\/\/dev.eliassen.nl\/de\/#\/schema\/logo\/image\/","url":"https:\/\/www.eliassen.nl\/wp-content\/uploads\/2024\/01\/logo_4nd.jpg","contentUrl":"https:\/\/www.eliassen.nl\/wp-content\/uploads\/2024\/01\/logo_4nd.jpg","width":500,"height":500,"caption":"Eliassen Home & Garden Pleasure"},"image":{"@id":"https:\/\/dev.eliassen.nl\/de\/#\/schema\/logo\/image\/"},"sameAs":["https:\/\/www.facebook.com\/TuincentrumEliassenAmmerzoden","https:\/\/www.instagram.com\/eliassenhomeandgarden\/","https:\/\/nl.pinterest.com\/eliassenhomeandgarden\/","https:\/\/www.youtube.com\/@eliassenhomegardenpleasure4558"]}]}},"df_price":13.5,"df_sale_price":"","df_regular_price":13.5,"df_image_link":"https:\/\/dev.eliassen.nl\/wp-content\/uploads\/2024\/01\/pressepapiersglaszeestereliassennl.jpg","image":"https:\/\/dev.eliassen.nl\/wp-content\/uploads\/2024\/01\/pressepapiersglaszeestereliassennl.jpg","price_search":"<span class=\"woocommerce-Price-amount amount\"><bdi><span class=\"woocommerce-Price-currencySymbol\">&euro;<\/span>&nbsp;13,50<\/bdi><\/span>","category":"Briefbeschwerer","_links":{"self":[{"href":"https:\/\/dev.eliassen.nl\/de\/wp-json\/wp\/v2\/product\/93469","targetHints":{"allow":["GET"]}}],"collection":[{"href":"https:\/\/dev.eliassen.nl\/de\/wp-json\/wp\/v2\/product"}],"about":[{"href":"https:\/\/dev.eliassen.nl\/de\/wp-json\/wp\/v2\/types\/product"}],"wp:featuredmedia":[{"embeddable":true,"href":"https:\/\/dev.eliassen.nl\/de\/wp-json\/wp\/v2\/media\/93466"}],"wp:attachment":[{"href":"https:\/\/dev.eliassen.nl\/de\/wp-json\/wp\/v2\/media?parent=93469"}],"wp:term":[{"taxonomy":"product_brand","embeddable":true,"href":"https:\/\/dev.eliassen.nl\/de\/wp-json\/wp\/v2\/product_brand?post=93469"},{"taxonomy":"product_cat","embeddable":true,"href":"https:\/\/dev.eliassen.nl\/de\/wp-json\/wp\/v2\/product_cat?post=93469"},{"taxonomy":"product_tag","embeddable":true,"href":"https:\/\/dev.eliassen.nl\/de\/wp-json\/wp\/v2\/product_tag?post=93469"}],"curies":[{"name":"wp","href":"https:\/\/api.w.org\/{rel}","templated":true}]}}