{"id":93535,"date":"2023-08-11T16:51:52","date_gmt":"2023-08-11T14:51:52","guid":{"rendered":"https:\/\/www.eliassen.nl\/?product=mg-160"},"modified":"2024-12-05T16:32:25","modified_gmt":"2024-12-05T15:32:25","slug":"glasgrosser-hahn-44cm","status":"publish","type":"product","link":"https:\/\/dev.eliassen.nl\/de\/glasgrosser-hahn-44cm\/","title":{"rendered":"Glasgro\u00dfer Hahn 44cm."},"content":{"rendered":"<p class=\"x_MsoNormal\">Sind Sie auf der Suche nach einem farbenfrohen, traditionell gefertigten Dekorationsst\u00fcck aus Glas f\u00fcr sich selbst oder zum Verschenken? Dann k\u00f6nnte Sie dieses handgefertigte Glasobjekt in Form eines gro\u00dfen Hahns interessieren.<br \/>Hergestellt aus klarstem Glas in den sch\u00f6nsten Farben.<br \/>Fast alle Modelle bestehen aus massivem Glas, sodass das Objekt schwer und somit stabil ist.<\/p>\n<p class=\"x_MsoNormal\"><b>Wir haben fast alles aus dieser Gruppe in unserem Shop, kommen Sie gerne vorbei und sehen Sie sich alle unsere Gl\u00e4ser live an!<\/b><\/p>\n<ul type=\"disc\">\n<li class=\"x_MsoListParagraph\">Gr\u00f6\u00dfe: 44 cm.<\/li>\n<li class=\"x_MsoListParagraph\">Farbe: Verschiedene auff\u00e4llige Farben.<\/li>\n<li class=\"x_MsoListParagraph\">Material: Glas.<\/li>\n<li class=\"x_MsoListParagraph\">Schnell geliefert.<\/li>\n<\/ul>\n","protected":false},"excerpt":{"rendered":"<p>Wundersch\u00f6ne dekorative Glasstatue eines Hahns.<\/p>\n","protected":false},"featured_media":93532,"template":"","meta":{"_acf_changed":false},"product_brand":[],"product_cat":[800,824],"product_tag":[],"class_list":{"0":"post-93535","1":"product","2":"type-product","3":"status-publish","4":"has-post-thumbnail","6":"product_cat-glaskunst","7":"product_cat-tierfiguren-aus-glas","9":"first","10":"instock","11":"taxable","12":"shipping-taxable","13":"purchasable","14":"product-type-simple"},"acf":[],"yoast_head":"<!-- This site is optimized with the Yoast SEO plugin v23.8 - https:\/\/yoast.com\/wordpress\/plugins\/seo\/ -->\n<title>Glasgro\u00dfer Hahn 44cm. - Eliassen Home &amp; Garden-Vergn\u00fcgen<\/title>\n<meta name=\"description\" content=\"M\u00f6chten Sie eine gro\u00dfe Hahnstatue aus Glas bestellen? Eliassen bietet Ihnen eine gro\u00dfe Auswahl an Glasstatuen. Gro\u00dfer Ausstellungsraum, schnelle Lieferung.\" \/>\n<meta name=\"robots\" content=\"noindex, follow, max-snippet:-1, max-image-preview:large, max-video-preview:-1\" \/>\n<meta property=\"og:locale\" content=\"de_DE\" \/>\n<meta property=\"og:type\" content=\"article\" \/>\n<meta property=\"og:title\" content=\"Glasgro\u00dfer Hahn 44cm. - Eliassen Home &amp; Garden-Vergn\u00fcgen\" \/>\n<meta property=\"og:description\" content=\"M\u00f6chten Sie eine gro\u00dfe Hahnstatue aus Glas bestellen? Eliassen bietet Ihnen eine gro\u00dfe Auswahl an Glasstatuen. Gro\u00dfer Ausstellungsraum, schnelle Lieferung.\" \/>\n<meta property=\"og:url\" content=\"https:\/\/dev.eliassen.nl\/de\/glasgrosser-hahn-44cm\/\" \/>\n<meta property=\"og:site_name\" content=\"Eliassen.nl\" \/>\n<meta property=\"article:publisher\" content=\"https:\/\/www.facebook.com\/TuincentrumEliassenAmmerzoden\" \/>\n<meta property=\"article:modified_time\" content=\"2024-12-05T15:32:25+00:00\" \/>\n<meta property=\"og:image\" content=\"https:\/\/dev.eliassen.nl\/wp-content\/uploads\/2024\/01\/glazengrotehaaneliassennl.jpg\" \/>\n\t<meta property=\"og:image:width\" content=\"560\" \/>\n\t<meta property=\"og:image:height\" content=\"560\" \/>\n\t<meta property=\"og:image:type\" content=\"image\/jpeg\" \/>\n<meta name=\"twitter:card\" content=\"summary_large_image\" \/>\n<script type=\"application\/ld+json\" class=\"yoast-schema-graph\">{\"@context\":\"https:\/\/schema.org\",\"@graph\":[{\"@type\":\"WebPage\",\"@id\":\"https:\/\/dev.eliassen.nl\/de\/glasgrosser-hahn-44cm\/\",\"url\":\"https:\/\/dev.eliassen.nl\/de\/glasgrosser-hahn-44cm\/\",\"name\":\"Glasgro\u00dfer Hahn 44cm. - Eliassen Home & Garden-Vergn\u00fcgen\",\"isPartOf\":{\"@id\":\"https:\/\/dev.eliassen.nl\/de\/#website\"},\"primaryImageOfPage\":{\"@id\":\"https:\/\/dev.eliassen.nl\/de\/glasgrosser-hahn-44cm\/#primaryimage\"},\"image\":{\"@id\":\"https:\/\/dev.eliassen.nl\/de\/glasgrosser-hahn-44cm\/#primaryimage\"},\"thumbnailUrl\":\"https:\/\/dev.eliassen.nl\/wp-content\/uploads\/2024\/01\/glazengrotehaaneliassennl.jpg\",\"datePublished\":\"2023-08-11T14:51:52+00:00\",\"dateModified\":\"2024-12-05T15:32:25+00:00\",\"description\":\"M\u00f6chten Sie eine gro\u00dfe Hahnstatue aus Glas bestellen? Eliassen bietet Ihnen eine gro\u00dfe Auswahl an Glasstatuen. Gro\u00dfer Ausstellungsraum, schnelle Lieferung.\",\"breadcrumb\":{\"@id\":\"https:\/\/dev.eliassen.nl\/de\/glasgrosser-hahn-44cm\/#breadcrumb\"},\"inLanguage\":\"de\",\"potentialAction\":[{\"@type\":\"ReadAction\",\"target\":[\"https:\/\/dev.eliassen.nl\/de\/glasgrosser-hahn-44cm\/\"]}]},{\"@type\":\"ImageObject\",\"inLanguage\":\"de\",\"@id\":\"https:\/\/dev.eliassen.nl\/de\/glasgrosser-hahn-44cm\/#primaryimage\",\"url\":\"https:\/\/dev.eliassen.nl\/wp-content\/uploads\/2024\/01\/glazengrotehaaneliassennl.jpg\",\"contentUrl\":\"https:\/\/dev.eliassen.nl\/wp-content\/uploads\/2024\/01\/glazengrotehaaneliassennl.jpg\",\"width\":560,\"height\":560,\"caption\":\"glazen grote haan - Eliassen.nl\"},{\"@type\":\"BreadcrumbList\",\"@id\":\"https:\/\/dev.eliassen.nl\/de\/glasgrosser-hahn-44cm\/#breadcrumb\",\"itemListElement\":[{\"@type\":\"ListItem\",\"position\":1,\"name\":\"Home\",\"item\":\"https:\/\/dev.eliassen.nl\/de\/\"},{\"@type\":\"ListItem\",\"position\":2,\"name\":\"Shop\",\"item\":\"https:\/\/dev.eliassen.nl\/nl\/winkel\/\"},{\"@type\":\"ListItem\",\"position\":3,\"name\":\"Glaskunst\",\"item\":\"https:\/\/dev.eliassen.nl\/de\/glaskunst\/\"},{\"@type\":\"ListItem\",\"position\":4,\"name\":\"Tierfiguren aus Glas\",\"item\":\"https:\/\/dev.eliassen.nl\/de\/glaskunst\/tierfiguren-aus-glas\/\"},{\"@type\":\"ListItem\",\"position\":5,\"name\":\"Glasgro\u00dfer Hahn 44cm.\"}]},{\"@type\":\"WebSite\",\"@id\":\"https:\/\/dev.eliassen.nl\/de\/#website\",\"url\":\"https:\/\/dev.eliassen.nl\/de\/\",\"name\":\"Eliassen Home & Garden Pleasure\",\"description\":\"\",\"publisher\":{\"@id\":\"https:\/\/dev.eliassen.nl\/de\/#organization\"},\"alternateName\":\"Eliassen.nl\",\"potentialAction\":[{\"@type\":\"SearchAction\",\"target\":{\"@type\":\"EntryPoint\",\"urlTemplate\":\"https:\/\/dev.eliassen.nl\/de\/?s={search_term_string}\"},\"query-input\":{\"@type\":\"PropertyValueSpecification\",\"valueRequired\":true,\"valueName\":\"search_term_string\"}}],\"inLanguage\":\"de\"},{\"@type\":\"Organization\",\"@id\":\"https:\/\/dev.eliassen.nl\/de\/#organization\",\"name\":\"Eliassen Home & Garden Pleasure\",\"url\":\"https:\/\/dev.eliassen.nl\/de\/\",\"logo\":{\"@type\":\"ImageObject\",\"inLanguage\":\"de\",\"@id\":\"https:\/\/dev.eliassen.nl\/de\/#\/schema\/logo\/image\/\",\"url\":\"https:\/\/www.eliassen.nl\/wp-content\/uploads\/2024\/01\/logo_4nd.jpg\",\"contentUrl\":\"https:\/\/www.eliassen.nl\/wp-content\/uploads\/2024\/01\/logo_4nd.jpg\",\"width\":500,\"height\":500,\"caption\":\"Eliassen Home & Garden Pleasure\"},\"image\":{\"@id\":\"https:\/\/dev.eliassen.nl\/de\/#\/schema\/logo\/image\/\"},\"sameAs\":[\"https:\/\/www.facebook.com\/TuincentrumEliassenAmmerzoden\",\"https:\/\/www.instagram.com\/eliassenhomeandgarden\/\",\"https:\/\/nl.pinterest.com\/eliassenhomeandgarden\/\",\"https:\/\/www.youtube.com\/@eliassenhomegardenpleasure4558\"]}]}<\/script>\n<!-- \/ Yoast SEO plugin. -->","yoast_head_json":{"title":"Glasgro\u00dfer Hahn 44cm. - Eliassen Home & Garden-Vergn\u00fcgen","description":"M\u00f6chten Sie eine gro\u00dfe Hahnstatue aus Glas bestellen? Eliassen bietet Ihnen eine gro\u00dfe Auswahl an Glasstatuen. Gro\u00dfer Ausstellungsraum, schnelle Lieferung.","robots":{"index":"noindex","follow":"follow","max-snippet":"max-snippet:-1","max-image-preview":"max-image-preview:large","max-video-preview":"max-video-preview:-1"},"og_locale":"de_DE","og_type":"article","og_title":"Glasgro\u00dfer Hahn 44cm. - Eliassen Home & Garden-Vergn\u00fcgen","og_description":"M\u00f6chten Sie eine gro\u00dfe Hahnstatue aus Glas bestellen? Eliassen bietet Ihnen eine gro\u00dfe Auswahl an Glasstatuen. Gro\u00dfer Ausstellungsraum, schnelle Lieferung.","og_url":"https:\/\/dev.eliassen.nl\/de\/glasgrosser-hahn-44cm\/","og_site_name":"Eliassen.nl","article_publisher":"https:\/\/www.facebook.com\/TuincentrumEliassenAmmerzoden","article_modified_time":"2024-12-05T15:32:25+00:00","og_image":[{"width":560,"height":560,"url":"https:\/\/dev.eliassen.nl\/wp-content\/uploads\/2024\/01\/glazengrotehaaneliassennl.jpg","type":"image\/jpeg"}],"twitter_card":"summary_large_image","schema":{"@context":"https:\/\/schema.org","@graph":[{"@type":"WebPage","@id":"https:\/\/dev.eliassen.nl\/de\/glasgrosser-hahn-44cm\/","url":"https:\/\/dev.eliassen.nl\/de\/glasgrosser-hahn-44cm\/","name":"Glasgro\u00dfer Hahn 44cm. - Eliassen Home & Garden-Vergn\u00fcgen","isPartOf":{"@id":"https:\/\/dev.eliassen.nl\/de\/#website"},"primaryImageOfPage":{"@id":"https:\/\/dev.eliassen.nl\/de\/glasgrosser-hahn-44cm\/#primaryimage"},"image":{"@id":"https:\/\/dev.eliassen.nl\/de\/glasgrosser-hahn-44cm\/#primaryimage"},"thumbnailUrl":"https:\/\/dev.eliassen.nl\/wp-content\/uploads\/2024\/01\/glazengrotehaaneliassennl.jpg","datePublished":"2023-08-11T14:51:52+00:00","dateModified":"2024-12-05T15:32:25+00:00","description":"M\u00f6chten Sie eine gro\u00dfe Hahnstatue aus Glas bestellen? Eliassen bietet Ihnen eine gro\u00dfe Auswahl an Glasstatuen. Gro\u00dfer Ausstellungsraum, schnelle Lieferung.","breadcrumb":{"@id":"https:\/\/dev.eliassen.nl\/de\/glasgrosser-hahn-44cm\/#breadcrumb"},"inLanguage":"de","potentialAction":[{"@type":"ReadAction","target":["https:\/\/dev.eliassen.nl\/de\/glasgrosser-hahn-44cm\/"]}]},{"@type":"ImageObject","inLanguage":"de","@id":"https:\/\/dev.eliassen.nl\/de\/glasgrosser-hahn-44cm\/#primaryimage","url":"https:\/\/dev.eliassen.nl\/wp-content\/uploads\/2024\/01\/glazengrotehaaneliassennl.jpg","contentUrl":"https:\/\/dev.eliassen.nl\/wp-content\/uploads\/2024\/01\/glazengrotehaaneliassennl.jpg","width":560,"height":560,"caption":"glazen grote haan - Eliassen.nl"},{"@type":"BreadcrumbList","@id":"https:\/\/dev.eliassen.nl\/de\/glasgrosser-hahn-44cm\/#breadcrumb","itemListElement":[{"@type":"ListItem","position":1,"name":"Home","item":"https:\/\/dev.eliassen.nl\/de\/"},{"@type":"ListItem","position":2,"name":"Shop","item":"https:\/\/dev.eliassen.nl\/nl\/winkel\/"},{"@type":"ListItem","position":3,"name":"Glaskunst","item":"https:\/\/dev.eliassen.nl\/de\/glaskunst\/"},{"@type":"ListItem","position":4,"name":"Tierfiguren aus Glas","item":"https:\/\/dev.eliassen.nl\/de\/glaskunst\/tierfiguren-aus-glas\/"},{"@type":"ListItem","position":5,"name":"Glasgro\u00dfer Hahn 44cm."}]},{"@type":"WebSite","@id":"https:\/\/dev.eliassen.nl\/de\/#website","url":"https:\/\/dev.eliassen.nl\/de\/","name":"Eliassen Home & Garden Pleasure","description":"","publisher":{"@id":"https:\/\/dev.eliassen.nl\/de\/#organization"},"alternateName":"Eliassen.nl","potentialAction":[{"@type":"SearchAction","target":{"@type":"EntryPoint","urlTemplate":"https:\/\/dev.eliassen.nl\/de\/?s={search_term_string}"},"query-input":{"@type":"PropertyValueSpecification","valueRequired":true,"valueName":"search_term_string"}}],"inLanguage":"de"},{"@type":"Organization","@id":"https:\/\/dev.eliassen.nl\/de\/#organization","name":"Eliassen Home & Garden Pleasure","url":"https:\/\/dev.eliassen.nl\/de\/","logo":{"@type":"ImageObject","inLanguage":"de","@id":"https:\/\/dev.eliassen.nl\/de\/#\/schema\/logo\/image\/","url":"https:\/\/www.eliassen.nl\/wp-content\/uploads\/2024\/01\/logo_4nd.jpg","contentUrl":"https:\/\/www.eliassen.nl\/wp-content\/uploads\/2024\/01\/logo_4nd.jpg","width":500,"height":500,"caption":"Eliassen Home & Garden Pleasure"},"image":{"@id":"https:\/\/dev.eliassen.nl\/de\/#\/schema\/logo\/image\/"},"sameAs":["https:\/\/www.facebook.com\/TuincentrumEliassenAmmerzoden","https:\/\/www.instagram.com\/eliassenhomeandgarden\/","https:\/\/nl.pinterest.com\/eliassenhomeandgarden\/","https:\/\/www.youtube.com\/@eliassenhomegardenpleasure4558"]}]}},"df_price":180,"df_sale_price":"","df_regular_price":180,"df_image_link":"https:\/\/dev.eliassen.nl\/wp-content\/uploads\/2024\/01\/glazengrotehaaneliassennl.jpg","image":"https:\/\/dev.eliassen.nl\/wp-content\/uploads\/2024\/01\/glazengrotehaaneliassennl.jpg","price_search":"<span class=\"woocommerce-Price-amount amount\"><bdi><span class=\"woocommerce-Price-currencySymbol\">&euro;<\/span>&nbsp;180,00<\/bdi><\/span>","category":"Glaskunst","_links":{"self":[{"href":"https:\/\/dev.eliassen.nl\/de\/wp-json\/wp\/v2\/product\/93535","targetHints":{"allow":["GET"]}}],"collection":[{"href":"https:\/\/dev.eliassen.nl\/de\/wp-json\/wp\/v2\/product"}],"about":[{"href":"https:\/\/dev.eliassen.nl\/de\/wp-json\/wp\/v2\/types\/product"}],"wp:featuredmedia":[{"embeddable":true,"href":"https:\/\/dev.eliassen.nl\/de\/wp-json\/wp\/v2\/media\/93532"}],"wp:attachment":[{"href":"https:\/\/dev.eliassen.nl\/de\/wp-json\/wp\/v2\/media?parent=93535"}],"wp:term":[{"taxonomy":"product_brand","embeddable":true,"href":"https:\/\/dev.eliassen.nl\/de\/wp-json\/wp\/v2\/product_brand?post=93535"},{"taxonomy":"product_cat","embeddable":true,"href":"https:\/\/dev.eliassen.nl\/de\/wp-json\/wp\/v2\/product_cat?post=93535"},{"taxonomy":"product_tag","embeddable":true,"href":"https:\/\/dev.eliassen.nl\/de\/wp-json\/wp\/v2\/product_tag?post=93535"}],"curies":[{"name":"wp","href":"https:\/\/api.w.org\/{rel}","templated":true}]}}