{"id":93640,"date":"2023-08-17T14:07:03","date_gmt":"2023-08-17T12:07:03","guid":{"rendered":"https:\/\/www.eliassen.nl\/?product=wanddecoratie-rockabilly-60cm"},"modified":"2024-12-05T16:32:34","modified_gmt":"2024-12-05T15:32:34","slug":"wanddekoration-rockabilly-60cm","status":"publish","type":"product","link":"https:\/\/dev.eliassen.nl\/de\/wanddekoration-rockabilly-60cm\/","title":{"rendered":"Wanddekoration Rockabilly 60cm"},"content":{"rendered":"<p>Dieses St\u00fcck Wanddekoration aus Metall im Retro-Stil sorgt f\u00fcr eine sch\u00f6ne Atmosph\u00e4re.<br \/>Diese Wanddeko ist aus Stahlblech gefertigt, mit einer bespr\u00fchten Oberfl\u00e4che mit Transfer und oft einer gewellten Kante.<br \/>Dieses Verfahren gew\u00e4hrleistet eine identische Darstellung des Original-Wandschildes aus den 1950er und 1960er Jahren.<br \/>Diese Wandschilder lassen sich einfach mit einer kleinen Schraube aufh\u00e4ngen.<\/p>\n<p>Machen Sie sich selbst, einem Freund oder Familienmitglied eine Freude mit diesem Modell der Vintage-Wanddekoration, es wird jedes Haus oder jeden Garten sch\u00f6ner machen. Wir empfehlen, es bei Verwendung im Freien unter einem Dach aufzuh\u00e4ngen.<\/p>\n<p><strong>Fast die gesamte Serie ist auch live bei uns zu sehen<\/strong><\/p>\n<ul>\n<li>Gr\u00f6\u00dfe: 60 cm<\/li>\n<li>Material: Metall<\/li>\n<li>Schnell geliefert<\/li>\n<li>Zeitloses Design<\/li>\n<\/ul>\n","protected":false},"excerpt":{"rendered":"<p>Aus Metall gemacht<\/p>\n","protected":false},"featured_media":93637,"template":"","meta":{"_acf_changed":false},"product_brand":[],"product_cat":[518,509],"product_tag":[],"class_list":{"0":"post-93640","1":"product","2":"type-product","3":"status-publish","4":"has-post-thumbnail","6":"product_cat-vintage-wanddekoration-maennerhoehle","7":"product_cat-wanddekoration","9":"first","10":"instock","11":"taxable","12":"shipping-taxable","13":"purchasable","14":"product-type-simple"},"acf":[],"yoast_head":"<!-- This site is optimized with the Yoast SEO plugin v23.8 - https:\/\/yoast.com\/wordpress\/plugins\/seo\/ -->\n<title>Wanddekoration Rockabilly 60cm - Eliassen Home &amp; Gardenpleasure<\/title>\n<meta name=\"description\" content=\"Wanddekoration f\u00fcr eine M\u00e4nnerh\u00f6hle? Sehen Sie sich unsere riesige Sammlung an Wanddekorationen aus Metall in allen m\u00f6glichen Farben und Designs an\" \/>\n<meta name=\"robots\" content=\"noindex, follow, max-snippet:-1, max-image-preview:large, max-video-preview:-1\" \/>\n<meta property=\"og:locale\" content=\"de_DE\" \/>\n<meta property=\"og:type\" content=\"article\" \/>\n<meta property=\"og:title\" content=\"Wanddekoration Rockabilly 60cm - Eliassen Home &amp; Gardenpleasure\" \/>\n<meta property=\"og:description\" content=\"Wanddekoration f\u00fcr eine M\u00e4nnerh\u00f6hle? Sehen Sie sich unsere riesige Sammlung an Wanddekorationen aus Metall in allen m\u00f6glichen Farben und Designs an\" \/>\n<meta property=\"og:url\" content=\"https:\/\/dev.eliassen.nl\/de\/wanddekoration-rockabilly-60cm\/\" \/>\n<meta property=\"og:site_name\" content=\"Eliassen.nl\" \/>\n<meta property=\"article:publisher\" content=\"https:\/\/www.facebook.com\/TuincentrumEliassenAmmerzoden\" \/>\n<meta property=\"article:modified_time\" content=\"2024-12-05T15:32:34+00:00\" \/>\n<meta property=\"og:image\" content=\"https:\/\/dev.eliassen.nl\/wp-content\/uploads\/2024\/01\/iwanddecoratierockabilly60cm.jpg\" \/>\n\t<meta property=\"og:image:width\" content=\"600\" \/>\n\t<meta property=\"og:image:height\" content=\"600\" \/>\n\t<meta property=\"og:image:type\" content=\"image\/jpeg\" \/>\n<meta name=\"twitter:card\" content=\"summary_large_image\" \/>\n<script type=\"application\/ld+json\" class=\"yoast-schema-graph\">{\"@context\":\"https:\/\/schema.org\",\"@graph\":[{\"@type\":\"WebPage\",\"@id\":\"https:\/\/dev.eliassen.nl\/de\/wanddekoration-rockabilly-60cm\/\",\"url\":\"https:\/\/dev.eliassen.nl\/de\/wanddekoration-rockabilly-60cm\/\",\"name\":\"Wanddekoration Rockabilly 60cm - Eliassen Home & Gardenpleasure\",\"isPartOf\":{\"@id\":\"https:\/\/dev.eliassen.nl\/de\/#website\"},\"primaryImageOfPage\":{\"@id\":\"https:\/\/dev.eliassen.nl\/de\/wanddekoration-rockabilly-60cm\/#primaryimage\"},\"image\":{\"@id\":\"https:\/\/dev.eliassen.nl\/de\/wanddekoration-rockabilly-60cm\/#primaryimage\"},\"thumbnailUrl\":\"https:\/\/dev.eliassen.nl\/wp-content\/uploads\/2024\/01\/iwanddecoratierockabilly60cm.jpg\",\"datePublished\":\"2023-08-17T12:07:03+00:00\",\"dateModified\":\"2024-12-05T15:32:34+00:00\",\"description\":\"Wanddekoration f\u00fcr eine M\u00e4nnerh\u00f6hle? Sehen Sie sich unsere riesige Sammlung an Wanddekorationen aus Metall in allen m\u00f6glichen Farben und Designs an\",\"breadcrumb\":{\"@id\":\"https:\/\/dev.eliassen.nl\/de\/wanddekoration-rockabilly-60cm\/#breadcrumb\"},\"inLanguage\":\"de\",\"potentialAction\":[{\"@type\":\"ReadAction\",\"target\":[\"https:\/\/dev.eliassen.nl\/de\/wanddekoration-rockabilly-60cm\/\"]}]},{\"@type\":\"ImageObject\",\"inLanguage\":\"de\",\"@id\":\"https:\/\/dev.eliassen.nl\/de\/wanddekoration-rockabilly-60cm\/#primaryimage\",\"url\":\"https:\/\/dev.eliassen.nl\/wp-content\/uploads\/2024\/01\/iwanddecoratierockabilly60cm.jpg\",\"contentUrl\":\"https:\/\/dev.eliassen.nl\/wp-content\/uploads\/2024\/01\/iwanddecoratierockabilly60cm.jpg\",\"width\":600,\"height\":600,\"caption\":\"iWanddecoratie Rockabilly 60cm\"},{\"@type\":\"BreadcrumbList\",\"@id\":\"https:\/\/dev.eliassen.nl\/de\/wanddekoration-rockabilly-60cm\/#breadcrumb\",\"itemListElement\":[{\"@type\":\"ListItem\",\"position\":1,\"name\":\"Home\",\"item\":\"https:\/\/dev.eliassen.nl\/de\/\"},{\"@type\":\"ListItem\",\"position\":2,\"name\":\"Shop\",\"item\":\"https:\/\/dev.eliassen.nl\/nl\/winkel\/\"},{\"@type\":\"ListItem\",\"position\":3,\"name\":\"Wanddekoration\",\"item\":\"https:\/\/dev.eliassen.nl\/de\/wanddekoration\/\"},{\"@type\":\"ListItem\",\"position\":4,\"name\":\"Vintage Wanddekoration M\u00e4nnerh\u00f6hle\",\"item\":\"https:\/\/dev.eliassen.nl\/de\/wanddekoration\/vintage-wanddekoration-maennerhoehle\/\"},{\"@type\":\"ListItem\",\"position\":5,\"name\":\"Wanddekoration Rockabilly 60cm\"}]},{\"@type\":\"WebSite\",\"@id\":\"https:\/\/dev.eliassen.nl\/de\/#website\",\"url\":\"https:\/\/dev.eliassen.nl\/de\/\",\"name\":\"Eliassen Home & Garden Pleasure\",\"description\":\"\",\"publisher\":{\"@id\":\"https:\/\/dev.eliassen.nl\/de\/#organization\"},\"alternateName\":\"Eliassen.nl\",\"potentialAction\":[{\"@type\":\"SearchAction\",\"target\":{\"@type\":\"EntryPoint\",\"urlTemplate\":\"https:\/\/dev.eliassen.nl\/de\/?s={search_term_string}\"},\"query-input\":{\"@type\":\"PropertyValueSpecification\",\"valueRequired\":true,\"valueName\":\"search_term_string\"}}],\"inLanguage\":\"de\"},{\"@type\":\"Organization\",\"@id\":\"https:\/\/dev.eliassen.nl\/de\/#organization\",\"name\":\"Eliassen Home & Garden Pleasure\",\"url\":\"https:\/\/dev.eliassen.nl\/de\/\",\"logo\":{\"@type\":\"ImageObject\",\"inLanguage\":\"de\",\"@id\":\"https:\/\/dev.eliassen.nl\/de\/#\/schema\/logo\/image\/\",\"url\":\"https:\/\/www.eliassen.nl\/wp-content\/uploads\/2024\/01\/logo_4nd.jpg\",\"contentUrl\":\"https:\/\/www.eliassen.nl\/wp-content\/uploads\/2024\/01\/logo_4nd.jpg\",\"width\":500,\"height\":500,\"caption\":\"Eliassen Home & Garden Pleasure\"},\"image\":{\"@id\":\"https:\/\/dev.eliassen.nl\/de\/#\/schema\/logo\/image\/\"},\"sameAs\":[\"https:\/\/www.facebook.com\/TuincentrumEliassenAmmerzoden\",\"https:\/\/www.instagram.com\/eliassenhomeandgarden\/\",\"https:\/\/nl.pinterest.com\/eliassenhomeandgarden\/\",\"https:\/\/www.youtube.com\/@eliassenhomegardenpleasure4558\"]}]}<\/script>\n<!-- \/ Yoast SEO plugin. -->","yoast_head_json":{"title":"Wanddekoration Rockabilly 60cm - Eliassen Home & Gardenpleasure","description":"Wanddekoration f\u00fcr eine M\u00e4nnerh\u00f6hle? Sehen Sie sich unsere riesige Sammlung an Wanddekorationen aus Metall in allen m\u00f6glichen Farben und Designs an","robots":{"index":"noindex","follow":"follow","max-snippet":"max-snippet:-1","max-image-preview":"max-image-preview:large","max-video-preview":"max-video-preview:-1"},"og_locale":"de_DE","og_type":"article","og_title":"Wanddekoration Rockabilly 60cm - Eliassen Home & Gardenpleasure","og_description":"Wanddekoration f\u00fcr eine M\u00e4nnerh\u00f6hle? Sehen Sie sich unsere riesige Sammlung an Wanddekorationen aus Metall in allen m\u00f6glichen Farben und Designs an","og_url":"https:\/\/dev.eliassen.nl\/de\/wanddekoration-rockabilly-60cm\/","og_site_name":"Eliassen.nl","article_publisher":"https:\/\/www.facebook.com\/TuincentrumEliassenAmmerzoden","article_modified_time":"2024-12-05T15:32:34+00:00","og_image":[{"width":600,"height":600,"url":"https:\/\/dev.eliassen.nl\/wp-content\/uploads\/2024\/01\/iwanddecoratierockabilly60cm.jpg","type":"image\/jpeg"}],"twitter_card":"summary_large_image","schema":{"@context":"https:\/\/schema.org","@graph":[{"@type":"WebPage","@id":"https:\/\/dev.eliassen.nl\/de\/wanddekoration-rockabilly-60cm\/","url":"https:\/\/dev.eliassen.nl\/de\/wanddekoration-rockabilly-60cm\/","name":"Wanddekoration Rockabilly 60cm - Eliassen Home & Gardenpleasure","isPartOf":{"@id":"https:\/\/dev.eliassen.nl\/de\/#website"},"primaryImageOfPage":{"@id":"https:\/\/dev.eliassen.nl\/de\/wanddekoration-rockabilly-60cm\/#primaryimage"},"image":{"@id":"https:\/\/dev.eliassen.nl\/de\/wanddekoration-rockabilly-60cm\/#primaryimage"},"thumbnailUrl":"https:\/\/dev.eliassen.nl\/wp-content\/uploads\/2024\/01\/iwanddecoratierockabilly60cm.jpg","datePublished":"2023-08-17T12:07:03+00:00","dateModified":"2024-12-05T15:32:34+00:00","description":"Wanddekoration f\u00fcr eine M\u00e4nnerh\u00f6hle? Sehen Sie sich unsere riesige Sammlung an Wanddekorationen aus Metall in allen m\u00f6glichen Farben und Designs an","breadcrumb":{"@id":"https:\/\/dev.eliassen.nl\/de\/wanddekoration-rockabilly-60cm\/#breadcrumb"},"inLanguage":"de","potentialAction":[{"@type":"ReadAction","target":["https:\/\/dev.eliassen.nl\/de\/wanddekoration-rockabilly-60cm\/"]}]},{"@type":"ImageObject","inLanguage":"de","@id":"https:\/\/dev.eliassen.nl\/de\/wanddekoration-rockabilly-60cm\/#primaryimage","url":"https:\/\/dev.eliassen.nl\/wp-content\/uploads\/2024\/01\/iwanddecoratierockabilly60cm.jpg","contentUrl":"https:\/\/dev.eliassen.nl\/wp-content\/uploads\/2024\/01\/iwanddecoratierockabilly60cm.jpg","width":600,"height":600,"caption":"iWanddecoratie Rockabilly 60cm"},{"@type":"BreadcrumbList","@id":"https:\/\/dev.eliassen.nl\/de\/wanddekoration-rockabilly-60cm\/#breadcrumb","itemListElement":[{"@type":"ListItem","position":1,"name":"Home","item":"https:\/\/dev.eliassen.nl\/de\/"},{"@type":"ListItem","position":2,"name":"Shop","item":"https:\/\/dev.eliassen.nl\/nl\/winkel\/"},{"@type":"ListItem","position":3,"name":"Wanddekoration","item":"https:\/\/dev.eliassen.nl\/de\/wanddekoration\/"},{"@type":"ListItem","position":4,"name":"Vintage Wanddekoration M\u00e4nnerh\u00f6hle","item":"https:\/\/dev.eliassen.nl\/de\/wanddekoration\/vintage-wanddekoration-maennerhoehle\/"},{"@type":"ListItem","position":5,"name":"Wanddekoration Rockabilly 60cm"}]},{"@type":"WebSite","@id":"https:\/\/dev.eliassen.nl\/de\/#website","url":"https:\/\/dev.eliassen.nl\/de\/","name":"Eliassen Home & Garden Pleasure","description":"","publisher":{"@id":"https:\/\/dev.eliassen.nl\/de\/#organization"},"alternateName":"Eliassen.nl","potentialAction":[{"@type":"SearchAction","target":{"@type":"EntryPoint","urlTemplate":"https:\/\/dev.eliassen.nl\/de\/?s={search_term_string}"},"query-input":{"@type":"PropertyValueSpecification","valueRequired":true,"valueName":"search_term_string"}}],"inLanguage":"de"},{"@type":"Organization","@id":"https:\/\/dev.eliassen.nl\/de\/#organization","name":"Eliassen Home & Garden Pleasure","url":"https:\/\/dev.eliassen.nl\/de\/","logo":{"@type":"ImageObject","inLanguage":"de","@id":"https:\/\/dev.eliassen.nl\/de\/#\/schema\/logo\/image\/","url":"https:\/\/www.eliassen.nl\/wp-content\/uploads\/2024\/01\/logo_4nd.jpg","contentUrl":"https:\/\/www.eliassen.nl\/wp-content\/uploads\/2024\/01\/logo_4nd.jpg","width":500,"height":500,"caption":"Eliassen Home & Garden Pleasure"},"image":{"@id":"https:\/\/dev.eliassen.nl\/de\/#\/schema\/logo\/image\/"},"sameAs":["https:\/\/www.facebook.com\/TuincentrumEliassenAmmerzoden","https:\/\/www.instagram.com\/eliassenhomeandgarden\/","https:\/\/nl.pinterest.com\/eliassenhomeandgarden\/","https:\/\/www.youtube.com\/@eliassenhomegardenpleasure4558"]}]}},"df_price":28.5,"df_sale_price":"","df_regular_price":28.5,"df_image_link":"https:\/\/dev.eliassen.nl\/wp-content\/uploads\/2024\/01\/iwanddecoratierockabilly60cm.jpg","image":"https:\/\/dev.eliassen.nl\/wp-content\/uploads\/2024\/01\/iwanddecoratierockabilly60cm.jpg","price_search":"<span class=\"woocommerce-Price-amount amount\"><bdi><span class=\"woocommerce-Price-currencySymbol\">&euro;<\/span>&nbsp;28,50<\/bdi><\/span>","category":"Vintage Wanddekoration M\u00e4nnerh\u00f6hle","_links":{"self":[{"href":"https:\/\/dev.eliassen.nl\/de\/wp-json\/wp\/v2\/product\/93640","targetHints":{"allow":["GET"]}}],"collection":[{"href":"https:\/\/dev.eliassen.nl\/de\/wp-json\/wp\/v2\/product"}],"about":[{"href":"https:\/\/dev.eliassen.nl\/de\/wp-json\/wp\/v2\/types\/product"}],"wp:featuredmedia":[{"embeddable":true,"href":"https:\/\/dev.eliassen.nl\/de\/wp-json\/wp\/v2\/media\/93637"}],"wp:attachment":[{"href":"https:\/\/dev.eliassen.nl\/de\/wp-json\/wp\/v2\/media?parent=93640"}],"wp:term":[{"taxonomy":"product_brand","embeddable":true,"href":"https:\/\/dev.eliassen.nl\/de\/wp-json\/wp\/v2\/product_brand?post=93640"},{"taxonomy":"product_cat","embeddable":true,"href":"https:\/\/dev.eliassen.nl\/de\/wp-json\/wp\/v2\/product_cat?post=93640"},{"taxonomy":"product_tag","embeddable":true,"href":"https:\/\/dev.eliassen.nl\/de\/wp-json\/wp\/v2\/product_tag?post=93640"}],"curies":[{"name":"wp","href":"https:\/\/api.w.org\/{rel}","templated":true}]}}