{"id":93808,"date":"2023-08-18T14:43:02","date_gmt":"2023-08-18T12:43:02","guid":{"rendered":"https:\/\/www.eliassen.nl\/?product=beeld-figuur-op-zuil-denker"},"modified":"2024-12-05T16:32:56","modified_gmt":"2024-12-05T15:32:56","slug":"bildfigur-auf-saule-denker-100cm","status":"publish","type":"product","link":"https:\/\/dev.eliassen.nl\/de\/bildfigur-auf-saule-denker-100cm\/","title":{"rendered":"Bildfigur auf S\u00e4ule Denker 100cm"},"content":{"rendered":"<p>Mit dieser Statue eines Mannes aus hochwertigem Kunststein auf einer S\u00e4ule, nicht weniger als 100 cm hoch und 40 cm breit, erh\u00e4lt Ihr Garten, Ihre Firma oder Ihr Zuhause eine besondere Atmosph\u00e4re. Diese Statue kann drinnen und drau\u00dfen aufgestellt werden.<br \/>Schwarz\/Ocker gewaschen. Foto kann immer farblich abweichen.<br \/>Kommen Sie gerne nach Ihrem Anruf in unser B\u00fcro und schauen Sie sich diese Serie an.<\/p>\n<ul>\n<li>H\u00f6he: 100 cm<\/li>\n<li>Farbe: Schwarz\/Ocker gewaschen<\/li>\n<li>Hochwertiger Kunststein<\/li>\n<li>Geeignet f\u00fcr den Innen- und Au\u00dfenbereich<\/li>\n<li>Handgefertigt<\/li>\n<li>Schnell geliefert<\/li>\n<li><strong>Viele dieser Serien k\u00f6nnen auch in unserem Shop besichtigt werden<\/strong><\/li>\n<\/ul>\n","protected":false},"excerpt":{"rendered":"<p>Wundersch\u00f6ne Statue aus Beton<\/p>\n","protected":false},"featured_media":93796,"template":"","meta":{"_acf_changed":false},"product_brand":[],"product_cat":[704,677,7076],"product_tag":[],"class_list":{"0":"post-93808","1":"product","2":"type-product","3":"status-publish","4":"has-post-thumbnail","6":"product_cat-andere-modelle-gartenstatuen","7":"product_cat-betonstatuen","8":"product_cat-statues-figures","10":"first","11":"instock","12":"taxable","13":"shipping-taxable","14":"purchasable","15":"product-type-simple"},"acf":[],"yoast_head":"<!-- This site is optimized with the Yoast SEO plugin v23.8 - https:\/\/yoast.com\/wordpress\/plugins\/seo\/ -->\n<title>Bildfigur auf S\u00e4ule Denker 100cm<\/title>\n<meta name=\"description\" content=\"Bilder aus Beton? Kommen Sie vorbei und \u00fcberzeugen Sie sich von der Qualit\u00e4t!!\" \/>\n<meta name=\"robots\" content=\"noindex, follow, max-snippet:-1, max-image-preview:large, max-video-preview:-1\" \/>\n<meta property=\"og:locale\" content=\"de_DE\" \/>\n<meta property=\"og:type\" content=\"article\" \/>\n<meta property=\"og:title\" content=\"Bildfigur auf S\u00e4ule Denker 100cm\" \/>\n<meta property=\"og:description\" content=\"Bilder aus Beton? Kommen Sie vorbei und \u00fcberzeugen Sie sich von der Qualit\u00e4t!!\" \/>\n<meta property=\"og:url\" content=\"https:\/\/dev.eliassen.nl\/de\/bildfigur-auf-saule-denker-100cm\/\" \/>\n<meta property=\"og:site_name\" content=\"Eliassen.nl\" \/>\n<meta property=\"article:publisher\" content=\"https:\/\/www.facebook.com\/TuincentrumEliassenAmmerzoden\" \/>\n<meta property=\"article:modified_time\" content=\"2024-12-05T15:32:56+00:00\" \/>\n<meta property=\"og:image\" content=\"https:\/\/dev.eliassen.nl\/wp-content\/uploads\/2024\/01\/beeldfiguuropzuildenker100cm.png\" \/>\n\t<meta property=\"og:image:width\" content=\"486\" \/>\n\t<meta property=\"og:image:height\" content=\"912\" \/>\n\t<meta property=\"og:image:type\" content=\"image\/png\" \/>\n<meta name=\"twitter:card\" content=\"summary_large_image\" \/>\n<script type=\"application\/ld+json\" class=\"yoast-schema-graph\">{\"@context\":\"https:\/\/schema.org\",\"@graph\":[{\"@type\":\"WebPage\",\"@id\":\"https:\/\/dev.eliassen.nl\/de\/bildfigur-auf-saule-denker-100cm\/\",\"url\":\"https:\/\/dev.eliassen.nl\/de\/bildfigur-auf-saule-denker-100cm\/\",\"name\":\"Bildfigur auf S\u00e4ule Denker 100cm\",\"isPartOf\":{\"@id\":\"https:\/\/dev.eliassen.nl\/de\/#website\"},\"primaryImageOfPage\":{\"@id\":\"https:\/\/dev.eliassen.nl\/de\/bildfigur-auf-saule-denker-100cm\/#primaryimage\"},\"image\":{\"@id\":\"https:\/\/dev.eliassen.nl\/de\/bildfigur-auf-saule-denker-100cm\/#primaryimage\"},\"thumbnailUrl\":\"https:\/\/dev.eliassen.nl\/wp-content\/uploads\/2024\/01\/beeldfiguuropzuildenker100cm.png\",\"datePublished\":\"2023-08-18T12:43:02+00:00\",\"dateModified\":\"2024-12-05T15:32:56+00:00\",\"description\":\"Bilder aus Beton? Kommen Sie vorbei und \u00fcberzeugen Sie sich von der Qualit\u00e4t!!\",\"breadcrumb\":{\"@id\":\"https:\/\/dev.eliassen.nl\/de\/bildfigur-auf-saule-denker-100cm\/#breadcrumb\"},\"inLanguage\":\"de\",\"potentialAction\":[{\"@type\":\"ReadAction\",\"target\":[\"https:\/\/dev.eliassen.nl\/de\/bildfigur-auf-saule-denker-100cm\/\"]}]},{\"@type\":\"ImageObject\",\"inLanguage\":\"de\",\"@id\":\"https:\/\/dev.eliassen.nl\/de\/bildfigur-auf-saule-denker-100cm\/#primaryimage\",\"url\":\"https:\/\/dev.eliassen.nl\/wp-content\/uploads\/2024\/01\/beeldfiguuropzuildenker100cm.png\",\"contentUrl\":\"https:\/\/dev.eliassen.nl\/wp-content\/uploads\/2024\/01\/beeldfiguuropzuildenker100cm.png\",\"width\":486,\"height\":912,\"caption\":\"beeld-figuur-op-zuil-denker-100cm\"},{\"@type\":\"BreadcrumbList\",\"@id\":\"https:\/\/dev.eliassen.nl\/de\/bildfigur-auf-saule-denker-100cm\/#breadcrumb\",\"itemListElement\":[{\"@type\":\"ListItem\",\"position\":1,\"name\":\"Home\",\"item\":\"https:\/\/dev.eliassen.nl\/de\/\"},{\"@type\":\"ListItem\",\"position\":2,\"name\":\"Shop\",\"item\":\"https:\/\/dev.eliassen.nl\/nl\/winkel\/\"},{\"@type\":\"ListItem\",\"position\":3,\"name\":\"Statuen-Skulpturen\",\"item\":\"https:\/\/dev.eliassen.nl\/de\/statuen-skulpturen\/\"},{\"@type\":\"ListItem\",\"position\":4,\"name\":\"Betonstatuen\",\"item\":\"https:\/\/dev.eliassen.nl\/de\/bilder\/betonstatuen\/\"},{\"@type\":\"ListItem\",\"position\":5,\"name\":\"Andere Modelle Gartenstatuen\",\"item\":\"https:\/\/dev.eliassen.nl\/de\/bilder\/betonstatuen\/andere-modelle-gartenstatuen\/\"},{\"@type\":\"ListItem\",\"position\":6,\"name\":\"Bildfigur auf S\u00e4ule Denker 100cm\"}]},{\"@type\":\"WebSite\",\"@id\":\"https:\/\/dev.eliassen.nl\/de\/#website\",\"url\":\"https:\/\/dev.eliassen.nl\/de\/\",\"name\":\"Eliassen Home & Garden Pleasure\",\"description\":\"\",\"publisher\":{\"@id\":\"https:\/\/dev.eliassen.nl\/de\/#organization\"},\"alternateName\":\"Eliassen.nl\",\"potentialAction\":[{\"@type\":\"SearchAction\",\"target\":{\"@type\":\"EntryPoint\",\"urlTemplate\":\"https:\/\/dev.eliassen.nl\/de\/?s={search_term_string}\"},\"query-input\":{\"@type\":\"PropertyValueSpecification\",\"valueRequired\":true,\"valueName\":\"search_term_string\"}}],\"inLanguage\":\"de\"},{\"@type\":\"Organization\",\"@id\":\"https:\/\/dev.eliassen.nl\/de\/#organization\",\"name\":\"Eliassen Home & Garden Pleasure\",\"url\":\"https:\/\/dev.eliassen.nl\/de\/\",\"logo\":{\"@type\":\"ImageObject\",\"inLanguage\":\"de\",\"@id\":\"https:\/\/dev.eliassen.nl\/de\/#\/schema\/logo\/image\/\",\"url\":\"https:\/\/www.eliassen.nl\/wp-content\/uploads\/2024\/01\/logo_4nd.jpg\",\"contentUrl\":\"https:\/\/www.eliassen.nl\/wp-content\/uploads\/2024\/01\/logo_4nd.jpg\",\"width\":500,\"height\":500,\"caption\":\"Eliassen Home & Garden Pleasure\"},\"image\":{\"@id\":\"https:\/\/dev.eliassen.nl\/de\/#\/schema\/logo\/image\/\"},\"sameAs\":[\"https:\/\/www.facebook.com\/TuincentrumEliassenAmmerzoden\",\"https:\/\/www.instagram.com\/eliassenhomeandgarden\/\",\"https:\/\/nl.pinterest.com\/eliassenhomeandgarden\/\",\"https:\/\/www.youtube.com\/@eliassenhomegardenpleasure4558\"]}]}<\/script>\n<!-- \/ Yoast SEO plugin. -->","yoast_head_json":{"title":"Bildfigur auf S\u00e4ule Denker 100cm","description":"Bilder aus Beton? Kommen Sie vorbei und \u00fcberzeugen Sie sich von der Qualit\u00e4t!!","robots":{"index":"noindex","follow":"follow","max-snippet":"max-snippet:-1","max-image-preview":"max-image-preview:large","max-video-preview":"max-video-preview:-1"},"og_locale":"de_DE","og_type":"article","og_title":"Bildfigur auf S\u00e4ule Denker 100cm","og_description":"Bilder aus Beton? Kommen Sie vorbei und \u00fcberzeugen Sie sich von der Qualit\u00e4t!!","og_url":"https:\/\/dev.eliassen.nl\/de\/bildfigur-auf-saule-denker-100cm\/","og_site_name":"Eliassen.nl","article_publisher":"https:\/\/www.facebook.com\/TuincentrumEliassenAmmerzoden","article_modified_time":"2024-12-05T15:32:56+00:00","og_image":[{"width":486,"height":912,"url":"https:\/\/dev.eliassen.nl\/wp-content\/uploads\/2024\/01\/beeldfiguuropzuildenker100cm.png","type":"image\/png"}],"twitter_card":"summary_large_image","schema":{"@context":"https:\/\/schema.org","@graph":[{"@type":"WebPage","@id":"https:\/\/dev.eliassen.nl\/de\/bildfigur-auf-saule-denker-100cm\/","url":"https:\/\/dev.eliassen.nl\/de\/bildfigur-auf-saule-denker-100cm\/","name":"Bildfigur auf S\u00e4ule Denker 100cm","isPartOf":{"@id":"https:\/\/dev.eliassen.nl\/de\/#website"},"primaryImageOfPage":{"@id":"https:\/\/dev.eliassen.nl\/de\/bildfigur-auf-saule-denker-100cm\/#primaryimage"},"image":{"@id":"https:\/\/dev.eliassen.nl\/de\/bildfigur-auf-saule-denker-100cm\/#primaryimage"},"thumbnailUrl":"https:\/\/dev.eliassen.nl\/wp-content\/uploads\/2024\/01\/beeldfiguuropzuildenker100cm.png","datePublished":"2023-08-18T12:43:02+00:00","dateModified":"2024-12-05T15:32:56+00:00","description":"Bilder aus Beton? Kommen Sie vorbei und \u00fcberzeugen Sie sich von der Qualit\u00e4t!!","breadcrumb":{"@id":"https:\/\/dev.eliassen.nl\/de\/bildfigur-auf-saule-denker-100cm\/#breadcrumb"},"inLanguage":"de","potentialAction":[{"@type":"ReadAction","target":["https:\/\/dev.eliassen.nl\/de\/bildfigur-auf-saule-denker-100cm\/"]}]},{"@type":"ImageObject","inLanguage":"de","@id":"https:\/\/dev.eliassen.nl\/de\/bildfigur-auf-saule-denker-100cm\/#primaryimage","url":"https:\/\/dev.eliassen.nl\/wp-content\/uploads\/2024\/01\/beeldfiguuropzuildenker100cm.png","contentUrl":"https:\/\/dev.eliassen.nl\/wp-content\/uploads\/2024\/01\/beeldfiguuropzuildenker100cm.png","width":486,"height":912,"caption":"beeld-figuur-op-zuil-denker-100cm"},{"@type":"BreadcrumbList","@id":"https:\/\/dev.eliassen.nl\/de\/bildfigur-auf-saule-denker-100cm\/#breadcrumb","itemListElement":[{"@type":"ListItem","position":1,"name":"Home","item":"https:\/\/dev.eliassen.nl\/de\/"},{"@type":"ListItem","position":2,"name":"Shop","item":"https:\/\/dev.eliassen.nl\/nl\/winkel\/"},{"@type":"ListItem","position":3,"name":"Statuen-Skulpturen","item":"https:\/\/dev.eliassen.nl\/de\/statuen-skulpturen\/"},{"@type":"ListItem","position":4,"name":"Betonstatuen","item":"https:\/\/dev.eliassen.nl\/de\/bilder\/betonstatuen\/"},{"@type":"ListItem","position":5,"name":"Andere Modelle Gartenstatuen","item":"https:\/\/dev.eliassen.nl\/de\/bilder\/betonstatuen\/andere-modelle-gartenstatuen\/"},{"@type":"ListItem","position":6,"name":"Bildfigur auf S\u00e4ule Denker 100cm"}]},{"@type":"WebSite","@id":"https:\/\/dev.eliassen.nl\/de\/#website","url":"https:\/\/dev.eliassen.nl\/de\/","name":"Eliassen Home & Garden Pleasure","description":"","publisher":{"@id":"https:\/\/dev.eliassen.nl\/de\/#organization"},"alternateName":"Eliassen.nl","potentialAction":[{"@type":"SearchAction","target":{"@type":"EntryPoint","urlTemplate":"https:\/\/dev.eliassen.nl\/de\/?s={search_term_string}"},"query-input":{"@type":"PropertyValueSpecification","valueRequired":true,"valueName":"search_term_string"}}],"inLanguage":"de"},{"@type":"Organization","@id":"https:\/\/dev.eliassen.nl\/de\/#organization","name":"Eliassen Home & Garden Pleasure","url":"https:\/\/dev.eliassen.nl\/de\/","logo":{"@type":"ImageObject","inLanguage":"de","@id":"https:\/\/dev.eliassen.nl\/de\/#\/schema\/logo\/image\/","url":"https:\/\/www.eliassen.nl\/wp-content\/uploads\/2024\/01\/logo_4nd.jpg","contentUrl":"https:\/\/www.eliassen.nl\/wp-content\/uploads\/2024\/01\/logo_4nd.jpg","width":500,"height":500,"caption":"Eliassen Home & Garden Pleasure"},"image":{"@id":"https:\/\/dev.eliassen.nl\/de\/#\/schema\/logo\/image\/"},"sameAs":["https:\/\/www.facebook.com\/TuincentrumEliassenAmmerzoden","https:\/\/www.instagram.com\/eliassenhomeandgarden\/","https:\/\/nl.pinterest.com\/eliassenhomeandgarden\/","https:\/\/www.youtube.com\/@eliassenhomegardenpleasure4558"]}]}},"df_price":230,"df_sale_price":"","df_regular_price":230,"df_image_link":"https:\/\/dev.eliassen.nl\/wp-content\/uploads\/2024\/01\/beeldfiguuropzuildenker100cm.png","image":"https:\/\/dev.eliassen.nl\/wp-content\/uploads\/2024\/01\/beeldfiguuropzuildenker100cm.png","price_search":"<span class=\"woocommerce-Price-amount amount\"><bdi><span class=\"woocommerce-Price-currencySymbol\">&euro;<\/span>&nbsp;230,00<\/bdi><\/span>","category":"Andere Modelle Gartenstatuen","_links":{"self":[{"href":"https:\/\/dev.eliassen.nl\/de\/wp-json\/wp\/v2\/product\/93808","targetHints":{"allow":["GET"]}}],"collection":[{"href":"https:\/\/dev.eliassen.nl\/de\/wp-json\/wp\/v2\/product"}],"about":[{"href":"https:\/\/dev.eliassen.nl\/de\/wp-json\/wp\/v2\/types\/product"}],"wp:featuredmedia":[{"embeddable":true,"href":"https:\/\/dev.eliassen.nl\/de\/wp-json\/wp\/v2\/media\/93796"}],"wp:attachment":[{"href":"https:\/\/dev.eliassen.nl\/de\/wp-json\/wp\/v2\/media?parent=93808"}],"wp:term":[{"taxonomy":"product_brand","embeddable":true,"href":"https:\/\/dev.eliassen.nl\/de\/wp-json\/wp\/v2\/product_brand?post=93808"},{"taxonomy":"product_cat","embeddable":true,"href":"https:\/\/dev.eliassen.nl\/de\/wp-json\/wp\/v2\/product_cat?post=93808"},{"taxonomy":"product_tag","embeddable":true,"href":"https:\/\/dev.eliassen.nl\/de\/wp-json\/wp\/v2\/product_tag?post=93808"}],"curies":[{"name":"wp","href":"https:\/\/api.w.org\/{rel}","templated":true}]}}