{"id":93850,"date":"2023-08-18T15:00:47","date_gmt":"2023-08-18T13:00:47","guid":{"rendered":"https:\/\/www.eliassen.nl\/?product=beeld-muziek-sleutel-op-standaard-135cm-terrazzo"},"modified":"2024-12-05T16:33:04","modified_gmt":"2024-12-05T15:33:04","slug":"bild-musiktaste-auf-standard-135-cm-verbundwerkstoff","status":"publish","type":"product","link":"https:\/\/dev.eliassen.nl\/de\/bild-musiktaste-auf-standard-135-cm-verbundwerkstoff\/","title":{"rendered":"Bild Musiktaste auf Standard-135-cm-Verbundwerkstoff"},"content":{"rendered":"<p>Mit diesem Notenschl\u00fcssel auf einem hochwertigen Verbundsockel, nicht weniger als 135 cm hoch und 50 cm breit, erh\u00e4lt Ihr Garten, Ihre Firma oder Ihr Zuhause eine besondere Atmosph\u00e4re. Diese Statue kann drinnen und drau\u00dfen aufgestellt werden.<br \/>Die Farbe ist grau. Foto kann in Form und Farbe immer abweichen.<br \/>Kommen Sie gerne nach Ihrem Anruf in unser B\u00fcro und schauen Sie sich diese Serie an.<\/p>\n<p>Diese Statue besteht aus Verbundstein. Dieses Material enth\u00e4lt Steinstaub und -granulat, Kunstharz und verschiedene andere F\u00fcllstoffe. Dadurch entsteht ein steinhartes Material, das nicht rei\u00dft und farbecht ist.<\/p>\n<p>Vom Gewicht her ist es mit Beton vergleichbar.<\/p>\n<ul>\n<li>H\u00f6he: 60 x 50 x 135 cm<\/li>\n<li>Farbe: Grau<\/li>\n<li>Hochwertiger Verbundwerkstoff<\/li>\n<li>Geeignet f\u00fcr den Innen- und Au\u00dfenbereich<\/li>\n<li>Handgefertigt<\/li>\n<li><strong>Viele dieser Serien k\u00f6nnen auch in unserem Shop besichtigt werden<\/strong><\/li>\n<\/ul>\n<p>\u00a0<\/p>\n","protected":false},"excerpt":{"rendered":"<p>Verbundwerkstoff aus Kunstharz mit Marmormehl.<\/p>\n","protected":false},"featured_media":93841,"template":"","meta":{"_acf_changed":false},"product_brand":[],"product_cat":[704,677,7076],"product_tag":[],"class_list":{"0":"post-93850","1":"product","2":"type-product","3":"status-publish","4":"has-post-thumbnail","6":"product_cat-andere-modelle-gartenstatuen","7":"product_cat-betonstatuen","8":"product_cat-statues-figures","10":"first","11":"instock","12":"sale","13":"taxable","14":"shipping-taxable","15":"purchasable","16":"product-type-simple"},"acf":[],"yoast_head":"<!-- This site is optimized with the Yoast SEO plugin v23.8 - https:\/\/yoast.com\/wordpress\/plugins\/seo\/ -->\n<title>Bild Musiktaste auf Standard-135-cm-Verbundwerkstoff<\/title>\n<meta name=\"description\" content=\"Zusammengesetzte Bilder? Kommen Sie vorbei und \u00fcberzeugen Sie sich von der Qualit\u00e4t!!\" \/>\n<meta name=\"robots\" content=\"noindex, follow, max-snippet:-1, max-image-preview:large, max-video-preview:-1\" \/>\n<meta property=\"og:locale\" content=\"de_DE\" \/>\n<meta property=\"og:type\" content=\"article\" \/>\n<meta property=\"og:title\" content=\"Bild Musiktaste auf Standard-135-cm-Verbundwerkstoff\" \/>\n<meta property=\"og:description\" content=\"Zusammengesetzte Bilder? Kommen Sie vorbei und \u00fcberzeugen Sie sich von der Qualit\u00e4t!!\" \/>\n<meta property=\"og:url\" content=\"https:\/\/dev.eliassen.nl\/de\/bild-musiktaste-auf-standard-135-cm-verbundwerkstoff\/\" \/>\n<meta property=\"og:site_name\" content=\"Eliassen.nl\" \/>\n<meta property=\"article:publisher\" content=\"https:\/\/www.facebook.com\/TuincentrumEliassenAmmerzoden\" \/>\n<meta property=\"article:modified_time\" content=\"2024-12-05T15:33:04+00:00\" \/>\n<meta property=\"og:image\" content=\"https:\/\/dev.eliassen.nl\/wp-content\/uploads\/2024\/01\/myproject13.png\" \/>\n\t<meta property=\"og:image:width\" content=\"1080\" \/>\n\t<meta property=\"og:image:height\" content=\"1920\" \/>\n\t<meta property=\"og:image:type\" content=\"image\/png\" \/>\n<meta name=\"twitter:card\" content=\"summary_large_image\" \/>\n<script type=\"application\/ld+json\" class=\"yoast-schema-graph\">{\"@context\":\"https:\/\/schema.org\",\"@graph\":[{\"@type\":\"WebPage\",\"@id\":\"https:\/\/dev.eliassen.nl\/de\/bild-musiktaste-auf-standard-135-cm-verbundwerkstoff\/\",\"url\":\"https:\/\/dev.eliassen.nl\/de\/bild-musiktaste-auf-standard-135-cm-verbundwerkstoff\/\",\"name\":\"Bild Musiktaste auf Standard-135-cm-Verbundwerkstoff\",\"isPartOf\":{\"@id\":\"https:\/\/dev.eliassen.nl\/de\/#website\"},\"primaryImageOfPage\":{\"@id\":\"https:\/\/dev.eliassen.nl\/de\/bild-musiktaste-auf-standard-135-cm-verbundwerkstoff\/#primaryimage\"},\"image\":{\"@id\":\"https:\/\/dev.eliassen.nl\/de\/bild-musiktaste-auf-standard-135-cm-verbundwerkstoff\/#primaryimage\"},\"thumbnailUrl\":\"https:\/\/dev.eliassen.nl\/wp-content\/uploads\/2024\/01\/myproject13.png\",\"datePublished\":\"2023-08-18T13:00:47+00:00\",\"dateModified\":\"2024-12-05T15:33:04+00:00\",\"description\":\"Zusammengesetzte Bilder? Kommen Sie vorbei und \u00fcberzeugen Sie sich von der Qualit\u00e4t!!\",\"breadcrumb\":{\"@id\":\"https:\/\/dev.eliassen.nl\/de\/bild-musiktaste-auf-standard-135-cm-verbundwerkstoff\/#breadcrumb\"},\"inLanguage\":\"de\",\"potentialAction\":[{\"@type\":\"ReadAction\",\"target\":[\"https:\/\/dev.eliassen.nl\/de\/bild-musiktaste-auf-standard-135-cm-verbundwerkstoff\/\"]}]},{\"@type\":\"ImageObject\",\"inLanguage\":\"de\",\"@id\":\"https:\/\/dev.eliassen.nl\/de\/bild-musiktaste-auf-standard-135-cm-verbundwerkstoff\/#primaryimage\",\"url\":\"https:\/\/dev.eliassen.nl\/wp-content\/uploads\/2024\/01\/myproject13.png\",\"contentUrl\":\"https:\/\/dev.eliassen.nl\/wp-content\/uploads\/2024\/01\/myproject13.png\",\"width\":1080,\"height\":1920,\"caption\":\"My project-1 (3)\"},{\"@type\":\"BreadcrumbList\",\"@id\":\"https:\/\/dev.eliassen.nl\/de\/bild-musiktaste-auf-standard-135-cm-verbundwerkstoff\/#breadcrumb\",\"itemListElement\":[{\"@type\":\"ListItem\",\"position\":1,\"name\":\"Home\",\"item\":\"https:\/\/dev.eliassen.nl\/de\/\"},{\"@type\":\"ListItem\",\"position\":2,\"name\":\"Shop\",\"item\":\"https:\/\/dev.eliassen.nl\/nl\/winkel\/\"},{\"@type\":\"ListItem\",\"position\":3,\"name\":\"Statuen-Skulpturen\",\"item\":\"https:\/\/dev.eliassen.nl\/de\/statuen-skulpturen\/\"},{\"@type\":\"ListItem\",\"position\":4,\"name\":\"Betonstatuen\",\"item\":\"https:\/\/dev.eliassen.nl\/de\/bilder\/betonstatuen\/\"},{\"@type\":\"ListItem\",\"position\":5,\"name\":\"Andere Modelle Gartenstatuen\",\"item\":\"https:\/\/dev.eliassen.nl\/de\/bilder\/betonstatuen\/andere-modelle-gartenstatuen\/\"},{\"@type\":\"ListItem\",\"position\":6,\"name\":\"Bild Musiktaste auf Standard-135-cm-Verbundwerkstoff\"}]},{\"@type\":\"WebSite\",\"@id\":\"https:\/\/dev.eliassen.nl\/de\/#website\",\"url\":\"https:\/\/dev.eliassen.nl\/de\/\",\"name\":\"Eliassen Home & Garden Pleasure\",\"description\":\"\",\"publisher\":{\"@id\":\"https:\/\/dev.eliassen.nl\/de\/#organization\"},\"alternateName\":\"Eliassen.nl\",\"potentialAction\":[{\"@type\":\"SearchAction\",\"target\":{\"@type\":\"EntryPoint\",\"urlTemplate\":\"https:\/\/dev.eliassen.nl\/de\/?s={search_term_string}\"},\"query-input\":{\"@type\":\"PropertyValueSpecification\",\"valueRequired\":true,\"valueName\":\"search_term_string\"}}],\"inLanguage\":\"de\"},{\"@type\":\"Organization\",\"@id\":\"https:\/\/dev.eliassen.nl\/de\/#organization\",\"name\":\"Eliassen Home & Garden Pleasure\",\"url\":\"https:\/\/dev.eliassen.nl\/de\/\",\"logo\":{\"@type\":\"ImageObject\",\"inLanguage\":\"de\",\"@id\":\"https:\/\/dev.eliassen.nl\/de\/#\/schema\/logo\/image\/\",\"url\":\"https:\/\/www.eliassen.nl\/wp-content\/uploads\/2024\/01\/logo_4nd.jpg\",\"contentUrl\":\"https:\/\/www.eliassen.nl\/wp-content\/uploads\/2024\/01\/logo_4nd.jpg\",\"width\":500,\"height\":500,\"caption\":\"Eliassen Home & Garden Pleasure\"},\"image\":{\"@id\":\"https:\/\/dev.eliassen.nl\/de\/#\/schema\/logo\/image\/\"},\"sameAs\":[\"https:\/\/www.facebook.com\/TuincentrumEliassenAmmerzoden\",\"https:\/\/www.instagram.com\/eliassenhomeandgarden\/\",\"https:\/\/nl.pinterest.com\/eliassenhomeandgarden\/\",\"https:\/\/www.youtube.com\/@eliassenhomegardenpleasure4558\"]}]}<\/script>\n<!-- \/ Yoast SEO plugin. -->","yoast_head_json":{"title":"Bild Musiktaste auf Standard-135-cm-Verbundwerkstoff","description":"Zusammengesetzte Bilder? Kommen Sie vorbei und \u00fcberzeugen Sie sich von der Qualit\u00e4t!!","robots":{"index":"noindex","follow":"follow","max-snippet":"max-snippet:-1","max-image-preview":"max-image-preview:large","max-video-preview":"max-video-preview:-1"},"og_locale":"de_DE","og_type":"article","og_title":"Bild Musiktaste auf Standard-135-cm-Verbundwerkstoff","og_description":"Zusammengesetzte Bilder? Kommen Sie vorbei und \u00fcberzeugen Sie sich von der Qualit\u00e4t!!","og_url":"https:\/\/dev.eliassen.nl\/de\/bild-musiktaste-auf-standard-135-cm-verbundwerkstoff\/","og_site_name":"Eliassen.nl","article_publisher":"https:\/\/www.facebook.com\/TuincentrumEliassenAmmerzoden","article_modified_time":"2024-12-05T15:33:04+00:00","og_image":[{"width":1080,"height":1920,"url":"https:\/\/dev.eliassen.nl\/wp-content\/uploads\/2024\/01\/myproject13.png","type":"image\/png"}],"twitter_card":"summary_large_image","schema":{"@context":"https:\/\/schema.org","@graph":[{"@type":"WebPage","@id":"https:\/\/dev.eliassen.nl\/de\/bild-musiktaste-auf-standard-135-cm-verbundwerkstoff\/","url":"https:\/\/dev.eliassen.nl\/de\/bild-musiktaste-auf-standard-135-cm-verbundwerkstoff\/","name":"Bild Musiktaste auf Standard-135-cm-Verbundwerkstoff","isPartOf":{"@id":"https:\/\/dev.eliassen.nl\/de\/#website"},"primaryImageOfPage":{"@id":"https:\/\/dev.eliassen.nl\/de\/bild-musiktaste-auf-standard-135-cm-verbundwerkstoff\/#primaryimage"},"image":{"@id":"https:\/\/dev.eliassen.nl\/de\/bild-musiktaste-auf-standard-135-cm-verbundwerkstoff\/#primaryimage"},"thumbnailUrl":"https:\/\/dev.eliassen.nl\/wp-content\/uploads\/2024\/01\/myproject13.png","datePublished":"2023-08-18T13:00:47+00:00","dateModified":"2024-12-05T15:33:04+00:00","description":"Zusammengesetzte Bilder? Kommen Sie vorbei und \u00fcberzeugen Sie sich von der Qualit\u00e4t!!","breadcrumb":{"@id":"https:\/\/dev.eliassen.nl\/de\/bild-musiktaste-auf-standard-135-cm-verbundwerkstoff\/#breadcrumb"},"inLanguage":"de","potentialAction":[{"@type":"ReadAction","target":["https:\/\/dev.eliassen.nl\/de\/bild-musiktaste-auf-standard-135-cm-verbundwerkstoff\/"]}]},{"@type":"ImageObject","inLanguage":"de","@id":"https:\/\/dev.eliassen.nl\/de\/bild-musiktaste-auf-standard-135-cm-verbundwerkstoff\/#primaryimage","url":"https:\/\/dev.eliassen.nl\/wp-content\/uploads\/2024\/01\/myproject13.png","contentUrl":"https:\/\/dev.eliassen.nl\/wp-content\/uploads\/2024\/01\/myproject13.png","width":1080,"height":1920,"caption":"My project-1 (3)"},{"@type":"BreadcrumbList","@id":"https:\/\/dev.eliassen.nl\/de\/bild-musiktaste-auf-standard-135-cm-verbundwerkstoff\/#breadcrumb","itemListElement":[{"@type":"ListItem","position":1,"name":"Home","item":"https:\/\/dev.eliassen.nl\/de\/"},{"@type":"ListItem","position":2,"name":"Shop","item":"https:\/\/dev.eliassen.nl\/nl\/winkel\/"},{"@type":"ListItem","position":3,"name":"Statuen-Skulpturen","item":"https:\/\/dev.eliassen.nl\/de\/statuen-skulpturen\/"},{"@type":"ListItem","position":4,"name":"Betonstatuen","item":"https:\/\/dev.eliassen.nl\/de\/bilder\/betonstatuen\/"},{"@type":"ListItem","position":5,"name":"Andere Modelle Gartenstatuen","item":"https:\/\/dev.eliassen.nl\/de\/bilder\/betonstatuen\/andere-modelle-gartenstatuen\/"},{"@type":"ListItem","position":6,"name":"Bild Musiktaste auf Standard-135-cm-Verbundwerkstoff"}]},{"@type":"WebSite","@id":"https:\/\/dev.eliassen.nl\/de\/#website","url":"https:\/\/dev.eliassen.nl\/de\/","name":"Eliassen Home & Garden Pleasure","description":"","publisher":{"@id":"https:\/\/dev.eliassen.nl\/de\/#organization"},"alternateName":"Eliassen.nl","potentialAction":[{"@type":"SearchAction","target":{"@type":"EntryPoint","urlTemplate":"https:\/\/dev.eliassen.nl\/de\/?s={search_term_string}"},"query-input":{"@type":"PropertyValueSpecification","valueRequired":true,"valueName":"search_term_string"}}],"inLanguage":"de"},{"@type":"Organization","@id":"https:\/\/dev.eliassen.nl\/de\/#organization","name":"Eliassen Home & Garden Pleasure","url":"https:\/\/dev.eliassen.nl\/de\/","logo":{"@type":"ImageObject","inLanguage":"de","@id":"https:\/\/dev.eliassen.nl\/de\/#\/schema\/logo\/image\/","url":"https:\/\/www.eliassen.nl\/wp-content\/uploads\/2024\/01\/logo_4nd.jpg","contentUrl":"https:\/\/www.eliassen.nl\/wp-content\/uploads\/2024\/01\/logo_4nd.jpg","width":500,"height":500,"caption":"Eliassen Home & Garden Pleasure"},"image":{"@id":"https:\/\/dev.eliassen.nl\/de\/#\/schema\/logo\/image\/"},"sameAs":["https:\/\/www.facebook.com\/TuincentrumEliassenAmmerzoden","https:\/\/www.instagram.com\/eliassenhomeandgarden\/","https:\/\/nl.pinterest.com\/eliassenhomeandgarden\/","https:\/\/www.youtube.com\/@eliassenhomegardenpleasure4558"]}]}},"df_price":299,"df_sale_price":299,"df_regular_price":450,"df_image_link":"https:\/\/dev.eliassen.nl\/wp-content\/uploads\/2024\/01\/myproject13.png","image":"https:\/\/dev.eliassen.nl\/wp-content\/uploads\/2024\/01\/myproject13.png","price_search":"<span class=\"woocommerce-Price-amount amount\"><bdi><span class=\"woocommerce-Price-currencySymbol\">&euro;<\/span>&nbsp;299,00<\/bdi><\/span>","category":"Andere Modelle Gartenstatuen","_links":{"self":[{"href":"https:\/\/dev.eliassen.nl\/de\/wp-json\/wp\/v2\/product\/93850","targetHints":{"allow":["GET"]}}],"collection":[{"href":"https:\/\/dev.eliassen.nl\/de\/wp-json\/wp\/v2\/product"}],"about":[{"href":"https:\/\/dev.eliassen.nl\/de\/wp-json\/wp\/v2\/types\/product"}],"wp:featuredmedia":[{"embeddable":true,"href":"https:\/\/dev.eliassen.nl\/de\/wp-json\/wp\/v2\/media\/93841"}],"wp:attachment":[{"href":"https:\/\/dev.eliassen.nl\/de\/wp-json\/wp\/v2\/media?parent=93850"}],"wp:term":[{"taxonomy":"product_brand","embeddable":true,"href":"https:\/\/dev.eliassen.nl\/de\/wp-json\/wp\/v2\/product_brand?post=93850"},{"taxonomy":"product_cat","embeddable":true,"href":"https:\/\/dev.eliassen.nl\/de\/wp-json\/wp\/v2\/product_cat?post=93850"},{"taxonomy":"product_tag","embeddable":true,"href":"https:\/\/dev.eliassen.nl\/de\/wp-json\/wp\/v2\/product_tag?post=93850"}],"curies":[{"name":"wp","href":"https:\/\/api.w.org\/{rel}","templated":true}]}}