{"id":93883,"date":"2023-08-18T16:23:04","date_gmt":"2023-08-18T14:23:04","guid":{"rendered":"https:\/\/www.eliassen.nl\/?product=moai-beeld-full-body-100cm-terrazzo"},"modified":"2024-12-05T16:33:07","modified_gmt":"2024-12-05T15:33:07","slug":"wunderschone-ganzkorperstatue-aus-100-cm-verbundwerkstoff","status":"publish","type":"product","link":"https:\/\/dev.eliassen.nl\/de\/wunderschone-ganzkorperstatue-aus-100-cm-verbundwerkstoff\/","title":{"rendered":"Wundersch\u00f6ne Ganzk\u00f6rperstatue aus 100 cm Verbundwerkstoff"},"content":{"rendered":"<p>Mit dieser Moai-Statue mit einem Bauch aus hochwertigem Verbundwerkstoff, nicht weniger als 150 cm hoch und 48 cm breit, erh\u00e4lt Ihr Garten, Ihre Firma oder Ihr Zuhause eine besondere Atmosph\u00e4re. Die Statue ist von der geheimnisvollen Osterinsel bekannt, wo diese Statuen entdeckt wurden der Boden vor langer Zeit. Diese Statue kann drinnen und drau\u00dfen aufgestellt werden.<br \/>Die Farbe ist grau. Foto kann in Form und Farbe immer abweichen.<br \/>Kommen Sie gerne nach Ihrem Anruf in unser B\u00fcro und schauen Sie sich diese Serie an.<\/p>\n<p>Diese Statue besteht aus Verbundstein. Dieses Material enth\u00e4lt Steinstaub und -granulat, Kunstharz und verschiedene andere F\u00fcllstoffe. Dadurch entsteht ein steinhartes Material, das nicht rei\u00dft und vom Gewicht her mit Beton vergleichbar ist.<\/p>\n<p>Die Moai sind Darstellungen von Vorfahren, die um Fruchtbarkeit betteln. Auf einer extrem isolierten Insel wie dieser war die Fortpflanzung \u00fcberlebenswichtig. Viele Ahnenstatuen wurden wieder aufgerichtet und viele sind zu ihren durchdringenden Augen zur\u00fcckgekehrt, die zum Himmel blicken. Die hervortretenden Lippen waren vermutlich mit einem Bart geschm\u00fcckt. Auff\u00e4llig sind auch die verl\u00e4ngerten Ohrl\u00e4ppchen. Moai sind gro\u00dfe Steinstatuen, die auf der Osterinsel gefunden werden.<\/p>\n<ul>\n<li>H\u00f6he: 33 x 29 x 100 cm<\/li>\n<li>Farbe: Grau<\/li>\n<li>Hochwertiger Verbundwerkstoff<\/li>\n<li>Geeignet f\u00fcr den Innen- und Au\u00dfenbereich<\/li>\n<li>Handgefertigt<\/li>\n<li><strong>Viele dieser Serien k\u00f6nnen auch in unserem Shop besichtigt werden<\/strong><\/li>\n<\/ul>\n","protected":false},"excerpt":{"rendered":"<p>\u2713 33x29x100cm hoch \u2713 Hochwertiger Verbundwerkstoff \u2713 Wundersch\u00f6n detailliert<\/p>\n","protected":false},"featured_media":93880,"template":"","meta":{"_acf_changed":false},"product_brand":[],"product_cat":[677,689,7076],"product_tag":[],"class_list":{"0":"post-93883","1":"product","2":"type-product","3":"status-publish","4":"has-post-thumbnail","6":"product_cat-betonstatuen","7":"product_cat-moai-bilder","8":"product_cat-statues-figures","10":"first","11":"instock","12":"taxable","13":"shipping-taxable","14":"purchasable","15":"product-type-simple"},"acf":[],"yoast_head":"<!-- This site is optimized with the Yoast SEO plugin v23.8 - https:\/\/yoast.com\/wordpress\/plugins\/seo\/ -->\n<title>Wundersch\u00f6ne Ganzk\u00f6rperstatue aus 100 cm Verbundwerkstoff<\/title>\n<meta name=\"description\" content=\"Zusammengesetzte Bilder? Kommen Sie vorbei und \u00fcberzeugen Sie sich von der Qualit\u00e4t!!\" \/>\n<meta name=\"robots\" content=\"noindex, follow, max-snippet:-1, max-image-preview:large, max-video-preview:-1\" \/>\n<meta property=\"og:locale\" content=\"de_DE\" \/>\n<meta property=\"og:type\" content=\"article\" \/>\n<meta property=\"og:title\" content=\"Wundersch\u00f6ne Ganzk\u00f6rperstatue aus 100 cm Verbundwerkstoff\" \/>\n<meta property=\"og:description\" content=\"Zusammengesetzte Bilder? Kommen Sie vorbei und \u00fcberzeugen Sie sich von der Qualit\u00e4t!!\" \/>\n<meta property=\"og:url\" content=\"https:\/\/dev.eliassen.nl\/de\/wunderschone-ganzkorperstatue-aus-100-cm-verbundwerkstoff\/\" \/>\n<meta property=\"og:site_name\" content=\"Eliassen.nl\" \/>\n<meta property=\"article:publisher\" content=\"https:\/\/www.facebook.com\/TuincentrumEliassenAmmerzoden\" \/>\n<meta property=\"article:modified_time\" content=\"2024-12-05T15:33:07+00:00\" \/>\n<meta property=\"og:image\" content=\"https:\/\/dev.eliassen.nl\/wp-content\/uploads\/2024\/01\/romofb100150cm.png\" \/>\n\t<meta property=\"og:image:width\" content=\"423\" \/>\n\t<meta property=\"og:image:height\" content=\"529\" \/>\n\t<meta property=\"og:image:type\" content=\"image\/png\" \/>\n<meta name=\"twitter:card\" content=\"summary_large_image\" \/>\n<script type=\"application\/ld+json\" class=\"yoast-schema-graph\">{\"@context\":\"https:\/\/schema.org\",\"@graph\":[{\"@type\":\"WebPage\",\"@id\":\"https:\/\/dev.eliassen.nl\/de\/wunderschone-ganzkorperstatue-aus-100-cm-verbundwerkstoff\/\",\"url\":\"https:\/\/dev.eliassen.nl\/de\/wunderschone-ganzkorperstatue-aus-100-cm-verbundwerkstoff\/\",\"name\":\"Wundersch\u00f6ne Ganzk\u00f6rperstatue aus 100 cm Verbundwerkstoff\",\"isPartOf\":{\"@id\":\"https:\/\/dev.eliassen.nl\/de\/#website\"},\"primaryImageOfPage\":{\"@id\":\"https:\/\/dev.eliassen.nl\/de\/wunderschone-ganzkorperstatue-aus-100-cm-verbundwerkstoff\/#primaryimage\"},\"image\":{\"@id\":\"https:\/\/dev.eliassen.nl\/de\/wunderschone-ganzkorperstatue-aus-100-cm-verbundwerkstoff\/#primaryimage\"},\"thumbnailUrl\":\"https:\/\/dev.eliassen.nl\/wp-content\/uploads\/2024\/01\/romofb100150cm.png\",\"datePublished\":\"2023-08-18T14:23:04+00:00\",\"dateModified\":\"2024-12-05T15:33:07+00:00\",\"description\":\"Zusammengesetzte Bilder? Kommen Sie vorbei und \u00fcberzeugen Sie sich von der Qualit\u00e4t!!\",\"breadcrumb\":{\"@id\":\"https:\/\/dev.eliassen.nl\/de\/wunderschone-ganzkorperstatue-aus-100-cm-verbundwerkstoff\/#breadcrumb\"},\"inLanguage\":\"de\",\"potentialAction\":[{\"@type\":\"ReadAction\",\"target\":[\"https:\/\/dev.eliassen.nl\/de\/wunderschone-ganzkorperstatue-aus-100-cm-verbundwerkstoff\/\"]}]},{\"@type\":\"ImageObject\",\"inLanguage\":\"de\",\"@id\":\"https:\/\/dev.eliassen.nl\/de\/wunderschone-ganzkorperstatue-aus-100-cm-verbundwerkstoff\/#primaryimage\",\"url\":\"https:\/\/dev.eliassen.nl\/wp-content\/uploads\/2024\/01\/romofb100150cm.png\",\"contentUrl\":\"https:\/\/dev.eliassen.nl\/wp-content\/uploads\/2024\/01\/romofb100150cm.png\",\"width\":423,\"height\":529,\"caption\":\"RO MOFB 100 & 150 cm\"},{\"@type\":\"BreadcrumbList\",\"@id\":\"https:\/\/dev.eliassen.nl\/de\/wunderschone-ganzkorperstatue-aus-100-cm-verbundwerkstoff\/#breadcrumb\",\"itemListElement\":[{\"@type\":\"ListItem\",\"position\":1,\"name\":\"Home\",\"item\":\"https:\/\/dev.eliassen.nl\/de\/\"},{\"@type\":\"ListItem\",\"position\":2,\"name\":\"Shop\",\"item\":\"https:\/\/dev.eliassen.nl\/nl\/winkel\/\"},{\"@type\":\"ListItem\",\"position\":3,\"name\":\"Statuen-Skulpturen\",\"item\":\"https:\/\/dev.eliassen.nl\/de\/statuen-skulpturen\/\"},{\"@type\":\"ListItem\",\"position\":4,\"name\":\"Betonstatuen\",\"item\":\"https:\/\/dev.eliassen.nl\/de\/bilder\/betonstatuen\/\"},{\"@type\":\"ListItem\",\"position\":5,\"name\":\"Moai-Bilder\",\"item\":\"https:\/\/dev.eliassen.nl\/de\/bilder\/betonstatuen\/moai-bilder\/\"},{\"@type\":\"ListItem\",\"position\":6,\"name\":\"Wundersch\u00f6ne Ganzk\u00f6rperstatue aus 100 cm Verbundwerkstoff\"}]},{\"@type\":\"WebSite\",\"@id\":\"https:\/\/dev.eliassen.nl\/de\/#website\",\"url\":\"https:\/\/dev.eliassen.nl\/de\/\",\"name\":\"Eliassen Home & Garden Pleasure\",\"description\":\"\",\"publisher\":{\"@id\":\"https:\/\/dev.eliassen.nl\/de\/#organization\"},\"alternateName\":\"Eliassen.nl\",\"potentialAction\":[{\"@type\":\"SearchAction\",\"target\":{\"@type\":\"EntryPoint\",\"urlTemplate\":\"https:\/\/dev.eliassen.nl\/de\/?s={search_term_string}\"},\"query-input\":{\"@type\":\"PropertyValueSpecification\",\"valueRequired\":true,\"valueName\":\"search_term_string\"}}],\"inLanguage\":\"de\"},{\"@type\":\"Organization\",\"@id\":\"https:\/\/dev.eliassen.nl\/de\/#organization\",\"name\":\"Eliassen Home & Garden Pleasure\",\"url\":\"https:\/\/dev.eliassen.nl\/de\/\",\"logo\":{\"@type\":\"ImageObject\",\"inLanguage\":\"de\",\"@id\":\"https:\/\/dev.eliassen.nl\/de\/#\/schema\/logo\/image\/\",\"url\":\"https:\/\/www.eliassen.nl\/wp-content\/uploads\/2024\/01\/logo_4nd.jpg\",\"contentUrl\":\"https:\/\/www.eliassen.nl\/wp-content\/uploads\/2024\/01\/logo_4nd.jpg\",\"width\":500,\"height\":500,\"caption\":\"Eliassen Home & Garden Pleasure\"},\"image\":{\"@id\":\"https:\/\/dev.eliassen.nl\/de\/#\/schema\/logo\/image\/\"},\"sameAs\":[\"https:\/\/www.facebook.com\/TuincentrumEliassenAmmerzoden\",\"https:\/\/www.instagram.com\/eliassenhomeandgarden\/\",\"https:\/\/nl.pinterest.com\/eliassenhomeandgarden\/\",\"https:\/\/www.youtube.com\/@eliassenhomegardenpleasure4558\"]}]}<\/script>\n<!-- \/ Yoast SEO plugin. -->","yoast_head_json":{"title":"Wundersch\u00f6ne Ganzk\u00f6rperstatue aus 100 cm Verbundwerkstoff","description":"Zusammengesetzte Bilder? Kommen Sie vorbei und \u00fcberzeugen Sie sich von der Qualit\u00e4t!!","robots":{"index":"noindex","follow":"follow","max-snippet":"max-snippet:-1","max-image-preview":"max-image-preview:large","max-video-preview":"max-video-preview:-1"},"og_locale":"de_DE","og_type":"article","og_title":"Wundersch\u00f6ne Ganzk\u00f6rperstatue aus 100 cm Verbundwerkstoff","og_description":"Zusammengesetzte Bilder? Kommen Sie vorbei und \u00fcberzeugen Sie sich von der Qualit\u00e4t!!","og_url":"https:\/\/dev.eliassen.nl\/de\/wunderschone-ganzkorperstatue-aus-100-cm-verbundwerkstoff\/","og_site_name":"Eliassen.nl","article_publisher":"https:\/\/www.facebook.com\/TuincentrumEliassenAmmerzoden","article_modified_time":"2024-12-05T15:33:07+00:00","og_image":[{"width":423,"height":529,"url":"https:\/\/dev.eliassen.nl\/wp-content\/uploads\/2024\/01\/romofb100150cm.png","type":"image\/png"}],"twitter_card":"summary_large_image","schema":{"@context":"https:\/\/schema.org","@graph":[{"@type":"WebPage","@id":"https:\/\/dev.eliassen.nl\/de\/wunderschone-ganzkorperstatue-aus-100-cm-verbundwerkstoff\/","url":"https:\/\/dev.eliassen.nl\/de\/wunderschone-ganzkorperstatue-aus-100-cm-verbundwerkstoff\/","name":"Wundersch\u00f6ne Ganzk\u00f6rperstatue aus 100 cm Verbundwerkstoff","isPartOf":{"@id":"https:\/\/dev.eliassen.nl\/de\/#website"},"primaryImageOfPage":{"@id":"https:\/\/dev.eliassen.nl\/de\/wunderschone-ganzkorperstatue-aus-100-cm-verbundwerkstoff\/#primaryimage"},"image":{"@id":"https:\/\/dev.eliassen.nl\/de\/wunderschone-ganzkorperstatue-aus-100-cm-verbundwerkstoff\/#primaryimage"},"thumbnailUrl":"https:\/\/dev.eliassen.nl\/wp-content\/uploads\/2024\/01\/romofb100150cm.png","datePublished":"2023-08-18T14:23:04+00:00","dateModified":"2024-12-05T15:33:07+00:00","description":"Zusammengesetzte Bilder? Kommen Sie vorbei und \u00fcberzeugen Sie sich von der Qualit\u00e4t!!","breadcrumb":{"@id":"https:\/\/dev.eliassen.nl\/de\/wunderschone-ganzkorperstatue-aus-100-cm-verbundwerkstoff\/#breadcrumb"},"inLanguage":"de","potentialAction":[{"@type":"ReadAction","target":["https:\/\/dev.eliassen.nl\/de\/wunderschone-ganzkorperstatue-aus-100-cm-verbundwerkstoff\/"]}]},{"@type":"ImageObject","inLanguage":"de","@id":"https:\/\/dev.eliassen.nl\/de\/wunderschone-ganzkorperstatue-aus-100-cm-verbundwerkstoff\/#primaryimage","url":"https:\/\/dev.eliassen.nl\/wp-content\/uploads\/2024\/01\/romofb100150cm.png","contentUrl":"https:\/\/dev.eliassen.nl\/wp-content\/uploads\/2024\/01\/romofb100150cm.png","width":423,"height":529,"caption":"RO MOFB 100 & 150 cm"},{"@type":"BreadcrumbList","@id":"https:\/\/dev.eliassen.nl\/de\/wunderschone-ganzkorperstatue-aus-100-cm-verbundwerkstoff\/#breadcrumb","itemListElement":[{"@type":"ListItem","position":1,"name":"Home","item":"https:\/\/dev.eliassen.nl\/de\/"},{"@type":"ListItem","position":2,"name":"Shop","item":"https:\/\/dev.eliassen.nl\/nl\/winkel\/"},{"@type":"ListItem","position":3,"name":"Statuen-Skulpturen","item":"https:\/\/dev.eliassen.nl\/de\/statuen-skulpturen\/"},{"@type":"ListItem","position":4,"name":"Betonstatuen","item":"https:\/\/dev.eliassen.nl\/de\/bilder\/betonstatuen\/"},{"@type":"ListItem","position":5,"name":"Moai-Bilder","item":"https:\/\/dev.eliassen.nl\/de\/bilder\/betonstatuen\/moai-bilder\/"},{"@type":"ListItem","position":6,"name":"Wundersch\u00f6ne Ganzk\u00f6rperstatue aus 100 cm Verbundwerkstoff"}]},{"@type":"WebSite","@id":"https:\/\/dev.eliassen.nl\/de\/#website","url":"https:\/\/dev.eliassen.nl\/de\/","name":"Eliassen Home & Garden Pleasure","description":"","publisher":{"@id":"https:\/\/dev.eliassen.nl\/de\/#organization"},"alternateName":"Eliassen.nl","potentialAction":[{"@type":"SearchAction","target":{"@type":"EntryPoint","urlTemplate":"https:\/\/dev.eliassen.nl\/de\/?s={search_term_string}"},"query-input":{"@type":"PropertyValueSpecification","valueRequired":true,"valueName":"search_term_string"}}],"inLanguage":"de"},{"@type":"Organization","@id":"https:\/\/dev.eliassen.nl\/de\/#organization","name":"Eliassen Home & Garden Pleasure","url":"https:\/\/dev.eliassen.nl\/de\/","logo":{"@type":"ImageObject","inLanguage":"de","@id":"https:\/\/dev.eliassen.nl\/de\/#\/schema\/logo\/image\/","url":"https:\/\/www.eliassen.nl\/wp-content\/uploads\/2024\/01\/logo_4nd.jpg","contentUrl":"https:\/\/www.eliassen.nl\/wp-content\/uploads\/2024\/01\/logo_4nd.jpg","width":500,"height":500,"caption":"Eliassen Home & Garden Pleasure"},"image":{"@id":"https:\/\/dev.eliassen.nl\/de\/#\/schema\/logo\/image\/"},"sameAs":["https:\/\/www.facebook.com\/TuincentrumEliassenAmmerzoden","https:\/\/www.instagram.com\/eliassenhomeandgarden\/","https:\/\/nl.pinterest.com\/eliassenhomeandgarden\/","https:\/\/www.youtube.com\/@eliassenhomegardenpleasure4558"]}]}},"df_price":295,"df_sale_price":"","df_regular_price":295,"df_image_link":"https:\/\/dev.eliassen.nl\/wp-content\/uploads\/2024\/01\/romofb100150cm.png","image":"https:\/\/dev.eliassen.nl\/wp-content\/uploads\/2024\/01\/romofb100150cm.png","price_search":"<span class=\"woocommerce-Price-amount amount\"><bdi><span class=\"woocommerce-Price-currencySymbol\">&euro;<\/span>&nbsp;295,00<\/bdi><\/span>","category":"Betonstatuen","_links":{"self":[{"href":"https:\/\/dev.eliassen.nl\/de\/wp-json\/wp\/v2\/product\/93883","targetHints":{"allow":["GET"]}}],"collection":[{"href":"https:\/\/dev.eliassen.nl\/de\/wp-json\/wp\/v2\/product"}],"about":[{"href":"https:\/\/dev.eliassen.nl\/de\/wp-json\/wp\/v2\/types\/product"}],"wp:featuredmedia":[{"embeddable":true,"href":"https:\/\/dev.eliassen.nl\/de\/wp-json\/wp\/v2\/media\/93880"}],"wp:attachment":[{"href":"https:\/\/dev.eliassen.nl\/de\/wp-json\/wp\/v2\/media?parent=93883"}],"wp:term":[{"taxonomy":"product_brand","embeddable":true,"href":"https:\/\/dev.eliassen.nl\/de\/wp-json\/wp\/v2\/product_brand?post=93883"},{"taxonomy":"product_cat","embeddable":true,"href":"https:\/\/dev.eliassen.nl\/de\/wp-json\/wp\/v2\/product_cat?post=93883"},{"taxonomy":"product_tag","embeddable":true,"href":"https:\/\/dev.eliassen.nl\/de\/wp-json\/wp\/v2\/product_tag?post=93883"}],"curies":[{"name":"wp","href":"https:\/\/api.w.org\/{rel}","templated":true}]}}