{"id":94132,"date":"2023-08-30T15:00:49","date_gmt":"2023-08-30T13:00:49","guid":{"rendered":"https:\/\/www.eliassen.nl\/?product=metalen-3d-schilderij-gitaar-75x50cm"},"modified":"2024-12-05T16:33:43","modified_gmt":"2024-12-05T15:33:43","slug":"3d-gemalde-aus-metall-gitarre-75x50cm","status":"publish","type":"product","link":"https:\/\/dev.eliassen.nl\/de\/3d-gemalde-aus-metall-gitarre-75x50cm\/","title":{"rendered":"3D-Gem\u00e4lde aus Metall Gitarre 75x50cm."},"content":{"rendered":"<p>Ein wundersch\u00f6nes 3D-Metallgem\u00e4lde mit dem Bild einer Gitarre, edel aus einzelnen Metallteilen gefertigt, die alle von Hand zusammengeschwei\u00dft werden, um einen optimalen 3D-Effekt zu erzielen. Eine sch\u00f6ne Wanddekoration f\u00fcr zu Hause, drau\u00dfen unter einem Schutzraum oder in Ihrem Unternehmen. Farben und allgemeines Erscheinungsbild k\u00f6nnen vom Foto abweichen, da das gesamte Objekt von Menschenhand gefertigt wurde.<\/p>\n<p><strong>Fast die gesamte Metallgem\u00e4lde-Serie kann auch live in unserem Shop besichtigt werden, ein Sortiment von ca. 400 Metallgem\u00e4lden!!<\/strong><\/p>\n<ul>\n<li>Gr\u00f6\u00dfe: 75&#215;50 cm hoch<\/li>\n<li>Material: lackiertes Metall<\/li>\n<li>Einfache Aufh\u00e4ngung mit 2 Schrauben<\/li>\n<li>F\u00fcr drinnen oder drau\u00dfen nur unter Schutz<\/li>\n<li>1 Jahr Garantie<\/li>\n<\/ul>\n","protected":false},"excerpt":{"rendered":"<p>3D-Gem\u00e4lde aus Metall mit der Gr\u00f6\u00dfe 75x50cm.<\/p>\n","protected":false},"featured_media":94126,"template":"","meta":{"_acf_changed":false},"product_brand":[],"product_cat":[419,440,410],"product_tag":[],"class_list":{"0":"post-94132","1":"product","2":"type-product","3":"status-publish","4":"has-post-thumbnail","6":"product_cat-3d-gemaelde-aus-metall","7":"product_cat-andere-groessen-3d-gemaelde-aus-metall","8":"product_cat-gemaelde","10":"first","11":"instock","12":"taxable","13":"shipping-taxable","14":"purchasable","15":"product-type-simple"},"acf":[],"yoast_head":"<!-- This site is optimized with the Yoast SEO plugin v23.8 - https:\/\/yoast.com\/wordpress\/plugins\/seo\/ -->\n<title>3D-Gem\u00e4lde aus Metall Gitarre 75x50cm. - Eliassen Home &amp; Garden Pleasure<\/title>\n<meta name=\"description\" content=\"Eine sch\u00f6ne Wanddekoration f\u00fcr den Musikliebhaber. Sie werden dieses wundersch\u00f6ne 3D-Gem\u00e4lde aus Metall im Format 75 x 50 cm sicherlich zu sch\u00e4tzen wissen. S...\" \/>\n<meta name=\"robots\" content=\"noindex, follow, max-snippet:-1, max-image-preview:large, max-video-preview:-1\" \/>\n<meta property=\"og:locale\" content=\"de_DE\" \/>\n<meta property=\"og:type\" content=\"article\" \/>\n<meta property=\"og:title\" content=\"3D-Gem\u00e4lde aus Metall Gitarre 75x50cm. - Eliassen Home &amp; Garden Pleasure\" \/>\n<meta property=\"og:description\" content=\"Eine sch\u00f6ne Wanddekoration f\u00fcr den Musikliebhaber. Sie werden dieses wundersch\u00f6ne 3D-Gem\u00e4lde aus Metall im Format 75 x 50 cm sicherlich zu sch\u00e4tzen wissen. S...\" \/>\n<meta property=\"og:url\" content=\"https:\/\/dev.eliassen.nl\/de\/3d-gemalde-aus-metall-gitarre-75x50cm\/\" \/>\n<meta property=\"og:site_name\" content=\"Eliassen.nl\" \/>\n<meta property=\"article:publisher\" content=\"https:\/\/www.facebook.com\/TuincentrumEliassenAmmerzoden\" \/>\n<meta property=\"article:modified_time\" content=\"2024-12-05T15:33:43+00:00\" \/>\n<meta property=\"og:image\" content=\"https:\/\/dev.eliassen.nl\/wp-content\/uploads\/2024\/01\/metalenschilderijgitaareliassennl.jpg\" \/>\n\t<meta property=\"og:image:width\" content=\"1080\" \/>\n\t<meta property=\"og:image:height\" content=\"1440\" \/>\n\t<meta property=\"og:image:type\" content=\"image\/jpeg\" \/>\n<meta name=\"twitter:card\" content=\"summary_large_image\" \/>\n<script type=\"application\/ld+json\" class=\"yoast-schema-graph\">{\"@context\":\"https:\/\/schema.org\",\"@graph\":[{\"@type\":\"WebPage\",\"@id\":\"https:\/\/dev.eliassen.nl\/de\/3d-gemalde-aus-metall-gitarre-75x50cm\/\",\"url\":\"https:\/\/dev.eliassen.nl\/de\/3d-gemalde-aus-metall-gitarre-75x50cm\/\",\"name\":\"3D-Gem\u00e4lde aus Metall Gitarre 75x50cm. - Eliassen Home & Garden Pleasure\",\"isPartOf\":{\"@id\":\"https:\/\/dev.eliassen.nl\/de\/#website\"},\"primaryImageOfPage\":{\"@id\":\"https:\/\/dev.eliassen.nl\/de\/3d-gemalde-aus-metall-gitarre-75x50cm\/#primaryimage\"},\"image\":{\"@id\":\"https:\/\/dev.eliassen.nl\/de\/3d-gemalde-aus-metall-gitarre-75x50cm\/#primaryimage\"},\"thumbnailUrl\":\"https:\/\/dev.eliassen.nl\/wp-content\/uploads\/2024\/01\/metalenschilderijgitaareliassennl.jpg\",\"datePublished\":\"2023-08-30T13:00:49+00:00\",\"dateModified\":\"2024-12-05T15:33:43+00:00\",\"description\":\"Eine sch\u00f6ne Wanddekoration f\u00fcr den Musikliebhaber. Sie werden dieses wundersch\u00f6ne 3D-Gem\u00e4lde aus Metall im Format 75 x 50 cm sicherlich zu sch\u00e4tzen wissen. S...\",\"breadcrumb\":{\"@id\":\"https:\/\/dev.eliassen.nl\/de\/3d-gemalde-aus-metall-gitarre-75x50cm\/#breadcrumb\"},\"inLanguage\":\"de\",\"potentialAction\":[{\"@type\":\"ReadAction\",\"target\":[\"https:\/\/dev.eliassen.nl\/de\/3d-gemalde-aus-metall-gitarre-75x50cm\/\"]}]},{\"@type\":\"ImageObject\",\"inLanguage\":\"de\",\"@id\":\"https:\/\/dev.eliassen.nl\/de\/3d-gemalde-aus-metall-gitarre-75x50cm\/#primaryimage\",\"url\":\"https:\/\/dev.eliassen.nl\/wp-content\/uploads\/2024\/01\/metalenschilderijgitaareliassennl.jpg\",\"contentUrl\":\"https:\/\/dev.eliassen.nl\/wp-content\/uploads\/2024\/01\/metalenschilderijgitaareliassennl.jpg\",\"width\":1080,\"height\":1440,\"caption\":\"metalen schilderij gitaar - Eliassen.nl\"},{\"@type\":\"BreadcrumbList\",\"@id\":\"https:\/\/dev.eliassen.nl\/de\/3d-gemalde-aus-metall-gitarre-75x50cm\/#breadcrumb\",\"itemListElement\":[{\"@type\":\"ListItem\",\"position\":1,\"name\":\"Home\",\"item\":\"https:\/\/dev.eliassen.nl\/de\/\"},{\"@type\":\"ListItem\",\"position\":2,\"name\":\"Shop\",\"item\":\"https:\/\/dev.eliassen.nl\/nl\/winkel\/\"},{\"@type\":\"ListItem\",\"position\":3,\"name\":\"Gem\u00e4lde\",\"item\":\"https:\/\/dev.eliassen.nl\/de\/gemaelde\/\"},{\"@type\":\"ListItem\",\"position\":4,\"name\":\"3D-Gem\u00e4lde aus Metall\",\"item\":\"https:\/\/dev.eliassen.nl\/de\/gemaelde\/3d-gemaelde-aus-metall\/\"},{\"@type\":\"ListItem\",\"position\":5,\"name\":\"Andere Gr\u00f6\u00dfen 3D-Gem\u00e4lde aus Metall\",\"item\":\"https:\/\/dev.eliassen.nl\/de\/gemaelde\/3d-gemaelde-aus-metall\/andere-groessen-3d-gemaelde-aus-metall\/\"},{\"@type\":\"ListItem\",\"position\":6,\"name\":\"3D-Gem\u00e4lde aus Metall Gitarre 75x50cm.\"}]},{\"@type\":\"WebSite\",\"@id\":\"https:\/\/dev.eliassen.nl\/de\/#website\",\"url\":\"https:\/\/dev.eliassen.nl\/de\/\",\"name\":\"Eliassen Home & Garden Pleasure\",\"description\":\"\",\"publisher\":{\"@id\":\"https:\/\/dev.eliassen.nl\/de\/#organization\"},\"alternateName\":\"Eliassen.nl\",\"potentialAction\":[{\"@type\":\"SearchAction\",\"target\":{\"@type\":\"EntryPoint\",\"urlTemplate\":\"https:\/\/dev.eliassen.nl\/de\/?s={search_term_string}\"},\"query-input\":{\"@type\":\"PropertyValueSpecification\",\"valueRequired\":true,\"valueName\":\"search_term_string\"}}],\"inLanguage\":\"de\"},{\"@type\":\"Organization\",\"@id\":\"https:\/\/dev.eliassen.nl\/de\/#organization\",\"name\":\"Eliassen Home & Garden Pleasure\",\"url\":\"https:\/\/dev.eliassen.nl\/de\/\",\"logo\":{\"@type\":\"ImageObject\",\"inLanguage\":\"de\",\"@id\":\"https:\/\/dev.eliassen.nl\/de\/#\/schema\/logo\/image\/\",\"url\":\"https:\/\/www.eliassen.nl\/wp-content\/uploads\/2024\/01\/logo_4nd.jpg\",\"contentUrl\":\"https:\/\/www.eliassen.nl\/wp-content\/uploads\/2024\/01\/logo_4nd.jpg\",\"width\":500,\"height\":500,\"caption\":\"Eliassen Home & Garden Pleasure\"},\"image\":{\"@id\":\"https:\/\/dev.eliassen.nl\/de\/#\/schema\/logo\/image\/\"},\"sameAs\":[\"https:\/\/www.facebook.com\/TuincentrumEliassenAmmerzoden\",\"https:\/\/www.instagram.com\/eliassenhomeandgarden\/\",\"https:\/\/nl.pinterest.com\/eliassenhomeandgarden\/\",\"https:\/\/www.youtube.com\/@eliassenhomegardenpleasure4558\"]}]}<\/script>\n<!-- \/ Yoast SEO plugin. -->","yoast_head_json":{"title":"3D-Gem\u00e4lde aus Metall Gitarre 75x50cm. - Eliassen Home & Garden Pleasure","description":"Eine sch\u00f6ne Wanddekoration f\u00fcr den Musikliebhaber. Sie werden dieses wundersch\u00f6ne 3D-Gem\u00e4lde aus Metall im Format 75 x 50 cm sicherlich zu sch\u00e4tzen wissen. S...","robots":{"index":"noindex","follow":"follow","max-snippet":"max-snippet:-1","max-image-preview":"max-image-preview:large","max-video-preview":"max-video-preview:-1"},"og_locale":"de_DE","og_type":"article","og_title":"3D-Gem\u00e4lde aus Metall Gitarre 75x50cm. - Eliassen Home & Garden Pleasure","og_description":"Eine sch\u00f6ne Wanddekoration f\u00fcr den Musikliebhaber. Sie werden dieses wundersch\u00f6ne 3D-Gem\u00e4lde aus Metall im Format 75 x 50 cm sicherlich zu sch\u00e4tzen wissen. S...","og_url":"https:\/\/dev.eliassen.nl\/de\/3d-gemalde-aus-metall-gitarre-75x50cm\/","og_site_name":"Eliassen.nl","article_publisher":"https:\/\/www.facebook.com\/TuincentrumEliassenAmmerzoden","article_modified_time":"2024-12-05T15:33:43+00:00","og_image":[{"width":1080,"height":1440,"url":"https:\/\/dev.eliassen.nl\/wp-content\/uploads\/2024\/01\/metalenschilderijgitaareliassennl.jpg","type":"image\/jpeg"}],"twitter_card":"summary_large_image","schema":{"@context":"https:\/\/schema.org","@graph":[{"@type":"WebPage","@id":"https:\/\/dev.eliassen.nl\/de\/3d-gemalde-aus-metall-gitarre-75x50cm\/","url":"https:\/\/dev.eliassen.nl\/de\/3d-gemalde-aus-metall-gitarre-75x50cm\/","name":"3D-Gem\u00e4lde aus Metall Gitarre 75x50cm. - Eliassen Home & Garden Pleasure","isPartOf":{"@id":"https:\/\/dev.eliassen.nl\/de\/#website"},"primaryImageOfPage":{"@id":"https:\/\/dev.eliassen.nl\/de\/3d-gemalde-aus-metall-gitarre-75x50cm\/#primaryimage"},"image":{"@id":"https:\/\/dev.eliassen.nl\/de\/3d-gemalde-aus-metall-gitarre-75x50cm\/#primaryimage"},"thumbnailUrl":"https:\/\/dev.eliassen.nl\/wp-content\/uploads\/2024\/01\/metalenschilderijgitaareliassennl.jpg","datePublished":"2023-08-30T13:00:49+00:00","dateModified":"2024-12-05T15:33:43+00:00","description":"Eine sch\u00f6ne Wanddekoration f\u00fcr den Musikliebhaber. Sie werden dieses wundersch\u00f6ne 3D-Gem\u00e4lde aus Metall im Format 75 x 50 cm sicherlich zu sch\u00e4tzen wissen. S...","breadcrumb":{"@id":"https:\/\/dev.eliassen.nl\/de\/3d-gemalde-aus-metall-gitarre-75x50cm\/#breadcrumb"},"inLanguage":"de","potentialAction":[{"@type":"ReadAction","target":["https:\/\/dev.eliassen.nl\/de\/3d-gemalde-aus-metall-gitarre-75x50cm\/"]}]},{"@type":"ImageObject","inLanguage":"de","@id":"https:\/\/dev.eliassen.nl\/de\/3d-gemalde-aus-metall-gitarre-75x50cm\/#primaryimage","url":"https:\/\/dev.eliassen.nl\/wp-content\/uploads\/2024\/01\/metalenschilderijgitaareliassennl.jpg","contentUrl":"https:\/\/dev.eliassen.nl\/wp-content\/uploads\/2024\/01\/metalenschilderijgitaareliassennl.jpg","width":1080,"height":1440,"caption":"metalen schilderij gitaar - Eliassen.nl"},{"@type":"BreadcrumbList","@id":"https:\/\/dev.eliassen.nl\/de\/3d-gemalde-aus-metall-gitarre-75x50cm\/#breadcrumb","itemListElement":[{"@type":"ListItem","position":1,"name":"Home","item":"https:\/\/dev.eliassen.nl\/de\/"},{"@type":"ListItem","position":2,"name":"Shop","item":"https:\/\/dev.eliassen.nl\/nl\/winkel\/"},{"@type":"ListItem","position":3,"name":"Gem\u00e4lde","item":"https:\/\/dev.eliassen.nl\/de\/gemaelde\/"},{"@type":"ListItem","position":4,"name":"3D-Gem\u00e4lde aus Metall","item":"https:\/\/dev.eliassen.nl\/de\/gemaelde\/3d-gemaelde-aus-metall\/"},{"@type":"ListItem","position":5,"name":"Andere Gr\u00f6\u00dfen 3D-Gem\u00e4lde aus Metall","item":"https:\/\/dev.eliassen.nl\/de\/gemaelde\/3d-gemaelde-aus-metall\/andere-groessen-3d-gemaelde-aus-metall\/"},{"@type":"ListItem","position":6,"name":"3D-Gem\u00e4lde aus Metall Gitarre 75x50cm."}]},{"@type":"WebSite","@id":"https:\/\/dev.eliassen.nl\/de\/#website","url":"https:\/\/dev.eliassen.nl\/de\/","name":"Eliassen Home & Garden Pleasure","description":"","publisher":{"@id":"https:\/\/dev.eliassen.nl\/de\/#organization"},"alternateName":"Eliassen.nl","potentialAction":[{"@type":"SearchAction","target":{"@type":"EntryPoint","urlTemplate":"https:\/\/dev.eliassen.nl\/de\/?s={search_term_string}"},"query-input":{"@type":"PropertyValueSpecification","valueRequired":true,"valueName":"search_term_string"}}],"inLanguage":"de"},{"@type":"Organization","@id":"https:\/\/dev.eliassen.nl\/de\/#organization","name":"Eliassen Home & Garden Pleasure","url":"https:\/\/dev.eliassen.nl\/de\/","logo":{"@type":"ImageObject","inLanguage":"de","@id":"https:\/\/dev.eliassen.nl\/de\/#\/schema\/logo\/image\/","url":"https:\/\/www.eliassen.nl\/wp-content\/uploads\/2024\/01\/logo_4nd.jpg","contentUrl":"https:\/\/www.eliassen.nl\/wp-content\/uploads\/2024\/01\/logo_4nd.jpg","width":500,"height":500,"caption":"Eliassen Home & Garden Pleasure"},"image":{"@id":"https:\/\/dev.eliassen.nl\/de\/#\/schema\/logo\/image\/"},"sameAs":["https:\/\/www.facebook.com\/TuincentrumEliassenAmmerzoden","https:\/\/www.instagram.com\/eliassenhomeandgarden\/","https:\/\/nl.pinterest.com\/eliassenhomeandgarden\/","https:\/\/www.youtube.com\/@eliassenhomegardenpleasure4558"]}]}},"df_price":129,"df_sale_price":"","df_regular_price":129,"df_image_link":"https:\/\/dev.eliassen.nl\/wp-content\/uploads\/2024\/01\/metalenschilderijgitaareliassennl.jpg","image":"https:\/\/dev.eliassen.nl\/wp-content\/uploads\/2024\/01\/metalenschilderijgitaareliassennl.jpg","price_search":"<span class=\"woocommerce-Price-amount amount\"><bdi><span class=\"woocommerce-Price-currencySymbol\">&euro;<\/span>&nbsp;129,00<\/bdi><\/span>","category":"3D-Gem\u00e4lde aus Metall","_links":{"self":[{"href":"https:\/\/dev.eliassen.nl\/de\/wp-json\/wp\/v2\/product\/94132","targetHints":{"allow":["GET"]}}],"collection":[{"href":"https:\/\/dev.eliassen.nl\/de\/wp-json\/wp\/v2\/product"}],"about":[{"href":"https:\/\/dev.eliassen.nl\/de\/wp-json\/wp\/v2\/types\/product"}],"wp:featuredmedia":[{"embeddable":true,"href":"https:\/\/dev.eliassen.nl\/de\/wp-json\/wp\/v2\/media\/94126"}],"wp:attachment":[{"href":"https:\/\/dev.eliassen.nl\/de\/wp-json\/wp\/v2\/media?parent=94132"}],"wp:term":[{"taxonomy":"product_brand","embeddable":true,"href":"https:\/\/dev.eliassen.nl\/de\/wp-json\/wp\/v2\/product_brand?post=94132"},{"taxonomy":"product_cat","embeddable":true,"href":"https:\/\/dev.eliassen.nl\/de\/wp-json\/wp\/v2\/product_cat?post=94132"},{"taxonomy":"product_tag","embeddable":true,"href":"https:\/\/dev.eliassen.nl\/de\/wp-json\/wp\/v2\/product_tag?post=94132"}],"curies":[{"name":"wp","href":"https:\/\/api.w.org\/{rel}","templated":true}]}}