{"id":94168,"date":"2023-08-30T15:08:01","date_gmt":"2023-08-30T13:08:01","guid":{"rendered":"https:\/\/www.eliassen.nl\/?product=metalen-3d-schilderij-haan-en-hen-60x60cm"},"modified":"2023-08-31T14:07:22","modified_gmt":"2023-08-31T14:07:22","slug":"3d-gemalde-aus-metall-hahn-und-henne-60x60cm","status":"publish","type":"product","link":"https:\/\/dev.eliassen.nl\/de\/3d-gemalde-aus-metall-hahn-und-henne-60x60cm\/","title":{"rendered":"3D-Gem\u00e4lde aus Metall Hahn und Henne 60x60cm."},"content":{"rendered":"<p>Ein wundersch\u00f6nes 3D-Metallgem\u00e4lde mit dem Bild eines Hahns und einer Henne, meisterhaft aus einzelnen Metallteilen gefertigt, die alle von Hand zusammengeschwei\u00dft sind, um einen optimalen 3D-Effekt zu erzielen. Eine sch\u00f6ne Wanddekoration f\u00fcr zu Hause, drau\u00dfen unter einem Schutzraum oder in Ihrem Unternehmen. Farben und allgemeines Erscheinungsbild k\u00f6nnen vom Foto abweichen, da das gesamte Objekt von Menschenhand gefertigt wurde.<\/p>\n<p><strong>Fast die gesamte Metallgem\u00e4lde-Serie kann auch live in unserem Shop besichtigt werden, ein Sortiment von ca. 400 Metallgem\u00e4lden!!<\/strong><\/p>\n<ul>\n<li>Gr\u00f6\u00dfe: 60&#215;60 cm hoch<\/li>\n<li>Material: lackiertes Metall<\/li>\n<li>Einfache Aufh\u00e4ngung mit 2 Schrauben<\/li>\n<li>F\u00fcr drinnen oder drau\u00dfen nur unter Schutz<\/li>\n<li>1 Jahr Garantie<\/li>\n<\/ul>\n","protected":false},"excerpt":{"rendered":"<p>Wundersch\u00f6nes 3D-Gem\u00e4lde aus Metall mit den Ma\u00dfen 60x60cm.<\/p>\n","protected":false},"featured_media":94165,"template":"","meta":{"_acf_changed":false},"product_brand":[],"product_cat":[419,422,410],"product_tag":[],"class_list":{"0":"post-94168","1":"product","2":"type-product","3":"status-publish","4":"has-post-thumbnail","6":"product_cat-3d-gemaelde-aus-metall","7":"product_cat-3d-gemaelde-aus-metall-im-format-60x60cm","8":"product_cat-gemaelde","10":"first","11":"instock","12":"taxable","13":"shipping-taxable","14":"purchasable","15":"product-type-simple"},"acf":[],"yoast_head":"<!-- This site is optimized with the Yoast SEO plugin v23.8 - https:\/\/yoast.com\/wordpress\/plugins\/seo\/ -->\n<title>3D-Gem\u00e4lde aus Metall Hahn und Henne 60x60cm. - Eliassen Haus &amp; Garten<\/title>\n<meta name=\"description\" content=\"Wundersch\u00f6nes 3D-Gem\u00e4lde aus Metall mit einem Hahn und einem Huhn in den Ma\u00dfen 60x60cm. Eine wundersch\u00f6ne Szene auf einem 3D-Metallgem\u00e4lde. Schnelle Lieferung.\" \/>\n<meta name=\"robots\" content=\"noindex, follow, max-snippet:-1, max-image-preview:large, max-video-preview:-1\" \/>\n<meta property=\"og:locale\" content=\"de_DE\" \/>\n<meta property=\"og:type\" content=\"article\" \/>\n<meta property=\"og:title\" content=\"3D-Gem\u00e4lde aus Metall Hahn und Henne 60x60cm. - Eliassen Haus &amp; Garten\" \/>\n<meta property=\"og:description\" content=\"Wundersch\u00f6nes 3D-Gem\u00e4lde aus Metall mit einem Hahn und einem Huhn in den Ma\u00dfen 60x60cm. Eine wundersch\u00f6ne Szene auf einem 3D-Metallgem\u00e4lde. Schnelle Lieferung.\" \/>\n<meta property=\"og:url\" content=\"https:\/\/dev.eliassen.nl\/de\/3d-gemalde-aus-metall-hahn-und-henne-60x60cm\/\" \/>\n<meta property=\"og:site_name\" content=\"Eliassen.nl\" \/>\n<meta property=\"article:publisher\" content=\"https:\/\/www.facebook.com\/TuincentrumEliassenAmmerzoden\" \/>\n<meta property=\"article:modified_time\" content=\"2023-08-31T14:07:22+00:00\" \/>\n<meta property=\"og:image\" content=\"https:\/\/dev.eliassen.nl\/wp-content\/uploads\/2024\/01\/metalen3dschilderijhaanenheneliassennl.jpg\" \/>\n\t<meta property=\"og:image:width\" content=\"1080\" \/>\n\t<meta property=\"og:image:height\" content=\"1440\" \/>\n\t<meta property=\"og:image:type\" content=\"image\/jpeg\" \/>\n<meta name=\"twitter:card\" content=\"summary_large_image\" \/>\n<script type=\"application\/ld+json\" class=\"yoast-schema-graph\">{\"@context\":\"https:\/\/schema.org\",\"@graph\":[{\"@type\":\"WebPage\",\"@id\":\"https:\/\/dev.eliassen.nl\/de\/3d-gemalde-aus-metall-hahn-und-henne-60x60cm\/\",\"url\":\"https:\/\/dev.eliassen.nl\/de\/3d-gemalde-aus-metall-hahn-und-henne-60x60cm\/\",\"name\":\"3D-Gem\u00e4lde aus Metall Hahn und Henne 60x60cm. - Eliassen Haus & Garten\",\"isPartOf\":{\"@id\":\"https:\/\/dev.eliassen.nl\/de\/#website\"},\"primaryImageOfPage\":{\"@id\":\"https:\/\/dev.eliassen.nl\/de\/3d-gemalde-aus-metall-hahn-und-henne-60x60cm\/#primaryimage\"},\"image\":{\"@id\":\"https:\/\/dev.eliassen.nl\/de\/3d-gemalde-aus-metall-hahn-und-henne-60x60cm\/#primaryimage\"},\"thumbnailUrl\":\"https:\/\/dev.eliassen.nl\/wp-content\/uploads\/2024\/01\/metalen3dschilderijhaanenheneliassennl.jpg\",\"datePublished\":\"2023-08-30T13:08:01+00:00\",\"dateModified\":\"2023-08-31T14:07:22+00:00\",\"description\":\"Wundersch\u00f6nes 3D-Gem\u00e4lde aus Metall mit einem Hahn und einem Huhn in den Ma\u00dfen 60x60cm. Eine wundersch\u00f6ne Szene auf einem 3D-Metallgem\u00e4lde. Schnelle Lieferung.\",\"breadcrumb\":{\"@id\":\"https:\/\/dev.eliassen.nl\/de\/3d-gemalde-aus-metall-hahn-und-henne-60x60cm\/#breadcrumb\"},\"inLanguage\":\"de\",\"potentialAction\":[{\"@type\":\"ReadAction\",\"target\":[\"https:\/\/dev.eliassen.nl\/de\/3d-gemalde-aus-metall-hahn-und-henne-60x60cm\/\"]}]},{\"@type\":\"ImageObject\",\"inLanguage\":\"de\",\"@id\":\"https:\/\/dev.eliassen.nl\/de\/3d-gemalde-aus-metall-hahn-und-henne-60x60cm\/#primaryimage\",\"url\":\"https:\/\/dev.eliassen.nl\/wp-content\/uploads\/2024\/01\/metalen3dschilderijhaanenheneliassennl.jpg\",\"contentUrl\":\"https:\/\/dev.eliassen.nl\/wp-content\/uploads\/2024\/01\/metalen3dschilderijhaanenheneliassennl.jpg\",\"width\":1080,\"height\":1440,\"caption\":\"metalen 3d schilderij haan en hen - Eliassen.nl\"},{\"@type\":\"BreadcrumbList\",\"@id\":\"https:\/\/dev.eliassen.nl\/de\/3d-gemalde-aus-metall-hahn-und-henne-60x60cm\/#breadcrumb\",\"itemListElement\":[{\"@type\":\"ListItem\",\"position\":1,\"name\":\"Home\",\"item\":\"https:\/\/dev.eliassen.nl\/de\/\"},{\"@type\":\"ListItem\",\"position\":2,\"name\":\"Shop\",\"item\":\"https:\/\/dev.eliassen.nl\/nl\/winkel\/\"},{\"@type\":\"ListItem\",\"position\":3,\"name\":\"Gem\u00e4lde\",\"item\":\"https:\/\/dev.eliassen.nl\/de\/gemaelde\/\"},{\"@type\":\"ListItem\",\"position\":4,\"name\":\"3D-Gem\u00e4lde aus Metall\",\"item\":\"https:\/\/dev.eliassen.nl\/de\/gemaelde\/3d-gemaelde-aus-metall\/\"},{\"@type\":\"ListItem\",\"position\":5,\"name\":\"3D-Gem\u00e4lde aus Metall im Format 60x60cm\",\"item\":\"https:\/\/dev.eliassen.nl\/de\/gemaelde\/3d-gemaelde-aus-metall\/3d-gemaelde-aus-metall-im-format-60x60cm\/\"},{\"@type\":\"ListItem\",\"position\":6,\"name\":\"3D-Gem\u00e4lde aus Metall Hahn und Henne 60x60cm.\"}]},{\"@type\":\"WebSite\",\"@id\":\"https:\/\/dev.eliassen.nl\/de\/#website\",\"url\":\"https:\/\/dev.eliassen.nl\/de\/\",\"name\":\"Eliassen Home & Garden Pleasure\",\"description\":\"\",\"publisher\":{\"@id\":\"https:\/\/dev.eliassen.nl\/de\/#organization\"},\"alternateName\":\"Eliassen.nl\",\"potentialAction\":[{\"@type\":\"SearchAction\",\"target\":{\"@type\":\"EntryPoint\",\"urlTemplate\":\"https:\/\/dev.eliassen.nl\/de\/?s={search_term_string}\"},\"query-input\":{\"@type\":\"PropertyValueSpecification\",\"valueRequired\":true,\"valueName\":\"search_term_string\"}}],\"inLanguage\":\"de\"},{\"@type\":\"Organization\",\"@id\":\"https:\/\/dev.eliassen.nl\/de\/#organization\",\"name\":\"Eliassen Home & Garden Pleasure\",\"url\":\"https:\/\/dev.eliassen.nl\/de\/\",\"logo\":{\"@type\":\"ImageObject\",\"inLanguage\":\"de\",\"@id\":\"https:\/\/dev.eliassen.nl\/de\/#\/schema\/logo\/image\/\",\"url\":\"https:\/\/www.eliassen.nl\/wp-content\/uploads\/2024\/01\/logo_4nd.jpg\",\"contentUrl\":\"https:\/\/www.eliassen.nl\/wp-content\/uploads\/2024\/01\/logo_4nd.jpg\",\"width\":500,\"height\":500,\"caption\":\"Eliassen Home & Garden Pleasure\"},\"image\":{\"@id\":\"https:\/\/dev.eliassen.nl\/de\/#\/schema\/logo\/image\/\"},\"sameAs\":[\"https:\/\/www.facebook.com\/TuincentrumEliassenAmmerzoden\",\"https:\/\/www.instagram.com\/eliassenhomeandgarden\/\",\"https:\/\/nl.pinterest.com\/eliassenhomeandgarden\/\",\"https:\/\/www.youtube.com\/@eliassenhomegardenpleasure4558\"]}]}<\/script>\n<!-- \/ Yoast SEO plugin. -->","yoast_head_json":{"title":"3D-Gem\u00e4lde aus Metall Hahn und Henne 60x60cm. - Eliassen Haus & Garten","description":"Wundersch\u00f6nes 3D-Gem\u00e4lde aus Metall mit einem Hahn und einem Huhn in den Ma\u00dfen 60x60cm. Eine wundersch\u00f6ne Szene auf einem 3D-Metallgem\u00e4lde. Schnelle Lieferung.","robots":{"index":"noindex","follow":"follow","max-snippet":"max-snippet:-1","max-image-preview":"max-image-preview:large","max-video-preview":"max-video-preview:-1"},"og_locale":"de_DE","og_type":"article","og_title":"3D-Gem\u00e4lde aus Metall Hahn und Henne 60x60cm. - Eliassen Haus & Garten","og_description":"Wundersch\u00f6nes 3D-Gem\u00e4lde aus Metall mit einem Hahn und einem Huhn in den Ma\u00dfen 60x60cm. Eine wundersch\u00f6ne Szene auf einem 3D-Metallgem\u00e4lde. Schnelle Lieferung.","og_url":"https:\/\/dev.eliassen.nl\/de\/3d-gemalde-aus-metall-hahn-und-henne-60x60cm\/","og_site_name":"Eliassen.nl","article_publisher":"https:\/\/www.facebook.com\/TuincentrumEliassenAmmerzoden","article_modified_time":"2023-08-31T14:07:22+00:00","og_image":[{"width":1080,"height":1440,"url":"https:\/\/dev.eliassen.nl\/wp-content\/uploads\/2024\/01\/metalen3dschilderijhaanenheneliassennl.jpg","type":"image\/jpeg"}],"twitter_card":"summary_large_image","schema":{"@context":"https:\/\/schema.org","@graph":[{"@type":"WebPage","@id":"https:\/\/dev.eliassen.nl\/de\/3d-gemalde-aus-metall-hahn-und-henne-60x60cm\/","url":"https:\/\/dev.eliassen.nl\/de\/3d-gemalde-aus-metall-hahn-und-henne-60x60cm\/","name":"3D-Gem\u00e4lde aus Metall Hahn und Henne 60x60cm. - Eliassen Haus & Garten","isPartOf":{"@id":"https:\/\/dev.eliassen.nl\/de\/#website"},"primaryImageOfPage":{"@id":"https:\/\/dev.eliassen.nl\/de\/3d-gemalde-aus-metall-hahn-und-henne-60x60cm\/#primaryimage"},"image":{"@id":"https:\/\/dev.eliassen.nl\/de\/3d-gemalde-aus-metall-hahn-und-henne-60x60cm\/#primaryimage"},"thumbnailUrl":"https:\/\/dev.eliassen.nl\/wp-content\/uploads\/2024\/01\/metalen3dschilderijhaanenheneliassennl.jpg","datePublished":"2023-08-30T13:08:01+00:00","dateModified":"2023-08-31T14:07:22+00:00","description":"Wundersch\u00f6nes 3D-Gem\u00e4lde aus Metall mit einem Hahn und einem Huhn in den Ma\u00dfen 60x60cm. Eine wundersch\u00f6ne Szene auf einem 3D-Metallgem\u00e4lde. Schnelle Lieferung.","breadcrumb":{"@id":"https:\/\/dev.eliassen.nl\/de\/3d-gemalde-aus-metall-hahn-und-henne-60x60cm\/#breadcrumb"},"inLanguage":"de","potentialAction":[{"@type":"ReadAction","target":["https:\/\/dev.eliassen.nl\/de\/3d-gemalde-aus-metall-hahn-und-henne-60x60cm\/"]}]},{"@type":"ImageObject","inLanguage":"de","@id":"https:\/\/dev.eliassen.nl\/de\/3d-gemalde-aus-metall-hahn-und-henne-60x60cm\/#primaryimage","url":"https:\/\/dev.eliassen.nl\/wp-content\/uploads\/2024\/01\/metalen3dschilderijhaanenheneliassennl.jpg","contentUrl":"https:\/\/dev.eliassen.nl\/wp-content\/uploads\/2024\/01\/metalen3dschilderijhaanenheneliassennl.jpg","width":1080,"height":1440,"caption":"metalen 3d schilderij haan en hen - Eliassen.nl"},{"@type":"BreadcrumbList","@id":"https:\/\/dev.eliassen.nl\/de\/3d-gemalde-aus-metall-hahn-und-henne-60x60cm\/#breadcrumb","itemListElement":[{"@type":"ListItem","position":1,"name":"Home","item":"https:\/\/dev.eliassen.nl\/de\/"},{"@type":"ListItem","position":2,"name":"Shop","item":"https:\/\/dev.eliassen.nl\/nl\/winkel\/"},{"@type":"ListItem","position":3,"name":"Gem\u00e4lde","item":"https:\/\/dev.eliassen.nl\/de\/gemaelde\/"},{"@type":"ListItem","position":4,"name":"3D-Gem\u00e4lde aus Metall","item":"https:\/\/dev.eliassen.nl\/de\/gemaelde\/3d-gemaelde-aus-metall\/"},{"@type":"ListItem","position":5,"name":"3D-Gem\u00e4lde aus Metall im Format 60x60cm","item":"https:\/\/dev.eliassen.nl\/de\/gemaelde\/3d-gemaelde-aus-metall\/3d-gemaelde-aus-metall-im-format-60x60cm\/"},{"@type":"ListItem","position":6,"name":"3D-Gem\u00e4lde aus Metall Hahn und Henne 60x60cm."}]},{"@type":"WebSite","@id":"https:\/\/dev.eliassen.nl\/de\/#website","url":"https:\/\/dev.eliassen.nl\/de\/","name":"Eliassen Home & Garden Pleasure","description":"","publisher":{"@id":"https:\/\/dev.eliassen.nl\/de\/#organization"},"alternateName":"Eliassen.nl","potentialAction":[{"@type":"SearchAction","target":{"@type":"EntryPoint","urlTemplate":"https:\/\/dev.eliassen.nl\/de\/?s={search_term_string}"},"query-input":{"@type":"PropertyValueSpecification","valueRequired":true,"valueName":"search_term_string"}}],"inLanguage":"de"},{"@type":"Organization","@id":"https:\/\/dev.eliassen.nl\/de\/#organization","name":"Eliassen Home & Garden Pleasure","url":"https:\/\/dev.eliassen.nl\/de\/","logo":{"@type":"ImageObject","inLanguage":"de","@id":"https:\/\/dev.eliassen.nl\/de\/#\/schema\/logo\/image\/","url":"https:\/\/www.eliassen.nl\/wp-content\/uploads\/2024\/01\/logo_4nd.jpg","contentUrl":"https:\/\/www.eliassen.nl\/wp-content\/uploads\/2024\/01\/logo_4nd.jpg","width":500,"height":500,"caption":"Eliassen Home & Garden Pleasure"},"image":{"@id":"https:\/\/dev.eliassen.nl\/de\/#\/schema\/logo\/image\/"},"sameAs":["https:\/\/www.facebook.com\/TuincentrumEliassenAmmerzoden","https:\/\/www.instagram.com\/eliassenhomeandgarden\/","https:\/\/nl.pinterest.com\/eliassenhomeandgarden\/","https:\/\/www.youtube.com\/@eliassenhomegardenpleasure4558"]}]}},"df_price":129,"df_sale_price":"","df_regular_price":129,"df_image_link":"https:\/\/dev.eliassen.nl\/wp-content\/uploads\/2024\/01\/metalen3dschilderijhaanenheneliassennl.jpg","image":"https:\/\/dev.eliassen.nl\/wp-content\/uploads\/2024\/01\/metalen3dschilderijhaanenheneliassennl.jpg","price_search":"<span class=\"woocommerce-Price-amount amount\"><bdi><span class=\"woocommerce-Price-currencySymbol\">&euro;<\/span>&nbsp;129,00<\/bdi><\/span>","category":"3D-Gem\u00e4lde aus Metall","_links":{"self":[{"href":"https:\/\/dev.eliassen.nl\/de\/wp-json\/wp\/v2\/product\/94168","targetHints":{"allow":["GET"]}}],"collection":[{"href":"https:\/\/dev.eliassen.nl\/de\/wp-json\/wp\/v2\/product"}],"about":[{"href":"https:\/\/dev.eliassen.nl\/de\/wp-json\/wp\/v2\/types\/product"}],"wp:featuredmedia":[{"embeddable":true,"href":"https:\/\/dev.eliassen.nl\/de\/wp-json\/wp\/v2\/media\/94165"}],"wp:attachment":[{"href":"https:\/\/dev.eliassen.nl\/de\/wp-json\/wp\/v2\/media?parent=94168"}],"wp:term":[{"taxonomy":"product_brand","embeddable":true,"href":"https:\/\/dev.eliassen.nl\/de\/wp-json\/wp\/v2\/product_brand?post=94168"},{"taxonomy":"product_cat","embeddable":true,"href":"https:\/\/dev.eliassen.nl\/de\/wp-json\/wp\/v2\/product_cat?post=94168"},{"taxonomy":"product_tag","embeddable":true,"href":"https:\/\/dev.eliassen.nl\/de\/wp-json\/wp\/v2\/product_tag?post=94168"}],"curies":[{"name":"wp","href":"https:\/\/api.w.org\/{rel}","templated":true}]}}