{"id":94213,"date":"2023-08-31T14:32:34","date_gmt":"2023-08-31T12:32:34","guid":{"rendered":"https:\/\/www.eliassen.nl\/?product=copy-of-beeld-brons-dikke-dame-zittend-voor-op-een"},"modified":"2023-09-28T16:43:10","modified_gmt":"2023-09-28T16:43:10","slug":"skulptur-einer-dicken-dame-aus-bronze-sitzend-mit-gekreuzten-beinen-37-cm","status":"publish","type":"product","link":"https:\/\/dev.eliassen.nl\/de\/skulptur-einer-dicken-dame-aus-bronze-sitzend-mit-gekreuzten-beinen-37-cm\/","title":{"rendered":"Skulptur einer dicken Dame aus Bronze, sitzend mit gekreuzten Beinen, 37 cm"},"content":{"rendered":"<p>Wundersch\u00f6ne Statue einer sitzenden dicken Dame. Die Bronze dieser Statue hat einen garantierten Kupfergehalt von 75 %, was ihre Lebensdauer und ihr Aussehen erheblich verl\u00e4ngert.<\/p>\n<p>Diese Bronzestatue wurde mit der Methode des geschmolzenen Wachses hergestellt, einer uralten Technik. Auf die Form wird eine etwa 3 mm dicke Wachsschicht aufgetragen, anschlie\u00dfend wird der restliche Hohlraum mit Spezialton ausgef\u00fcllt. Wenn die Formvorbereitungen abgeschlossen sind, wird fl\u00fcssige Bronze von oben in die Form gegossen, das Wachs schmilzt und l\u00e4uft ab; der entstehende Raum wird mit Bronze gef\u00fcllt. Nach dem Abk\u00fchlen wird die Form ge\u00f6ffnet, anschlie\u00dfend wird die Skulptur bearbeitet, poliert, geschliffen, Grate entfernt usw. Bei gr\u00f6\u00dferen Bronzeskulpturen und -statuen wird die Bronze in Teilen gegossen, wonach diese Teile sehr sorgf\u00e4ltig miteinander verl\u00f6tet werden, wobei die N\u00e4hte versiegelt werden dann poliert und geschliffen zu einem kompletten Bronzeobjekt. Bronzestatuen werden mit verschiedenen S\u00e4uren behandelt, um die richtige Farbe zu erhalten. Jede Art von S\u00e4ure verursacht ihre eigene Oxidation, die dauerhaft ist.<\/p>\n<p>Bronzestatuen k\u00f6nnen auch drau\u00dfen gelassen werden, die Statue wird dann etwas matt, was viele Menschen sch\u00f6n finden. Wer den Glanz erhalten m\u00f6chte, sollte die Bronzeskulptur zweimal im Jahr mit Bienenwachs einreiben.<\/p>\n<p><strong>Wir verf\u00fcgen \u00fcber die gr\u00f6\u00dfte Sammlung an Bronzestatuen, die auch live besichtigt werden k\u00f6nnen. Bitte kommen Sie vorbei und schauen Sie sich das an!! M\u00f6chten Sie eine bestimmte Bronzestatue besichtigen? Bitte rufen Sie uns an, damit wir best\u00e4tigen k\u00f6nnen, dass wir das Bild Ihrer Wahl haben!<\/strong><\/p>\n<ul>\n<li>Gr\u00f6\u00dfe: ca. 37 cm hoch, 21 cm breit und 21 cm tief.<\/li>\n<li>Material: Bronze<\/li>\n<li>Schnell geliefert <strong>.<\/strong><\/li>\n<li>10 Jahre Garantie.<\/li>\n<\/ul>\n","protected":false},"excerpt":{"rendered":"<p>21x21x37cm<\/p>\n","protected":false},"featured_media":94198,"template":"","meta":{"_acf_changed":false},"product_brand":[],"product_cat":[632,613,620,629,7239],"product_tag":[],"class_list":{"0":"post-94213","1":"product","2":"type-product","3":"status-publish","4":"has-post-thumbnail","6":"product_cat-bilder-von-dicken-frauen","7":"product_cat-bronzestatuen","8":"product_cat-moderne-bronzestatuen","9":"product_cat-nackte-bilder","10":"product_cat-statuen-skulpturen","12":"first","13":"instock","14":"taxable","15":"shipping-taxable","16":"purchasable","17":"product-type-simple"},"acf":[],"yoast_head":"<!-- This site is optimized with the Yoast SEO plugin v23.8 - https:\/\/yoast.com\/wordpress\/plugins\/seo\/ -->\n<title>Skulptur Bronze dicke Dame sitzend mit gekreuzten Beinen 37cm - Eliassen.nl<\/title>\n<meta name=\"description\" content=\"Suchen Sie eine Bronzestatue einer sitzenden dicken Dame? Schauen Sie sich diese khakifarbene Bronzestatue einer dicken Dame mit gekreuzten Beinen an.\" \/>\n<meta name=\"robots\" content=\"noindex, follow, max-snippet:-1, max-image-preview:large, max-video-preview:-1\" \/>\n<meta property=\"og:locale\" content=\"de_DE\" \/>\n<meta property=\"og:type\" content=\"article\" \/>\n<meta property=\"og:title\" content=\"Skulptur Bronze dicke Dame sitzend mit gekreuzten Beinen 37cm - Eliassen.nl\" \/>\n<meta property=\"og:description\" content=\"Suchen Sie eine Bronzestatue einer sitzenden dicken Dame? Schauen Sie sich diese khakifarbene Bronzestatue einer dicken Dame mit gekreuzten Beinen an.\" \/>\n<meta property=\"og:url\" content=\"https:\/\/dev.eliassen.nl\/de\/skulptur-einer-dicken-dame-aus-bronze-sitzend-mit-gekreuzten-beinen-37-cm\/\" \/>\n<meta property=\"og:site_name\" content=\"Eliassen.nl\" \/>\n<meta property=\"article:publisher\" content=\"https:\/\/www.facebook.com\/TuincentrumEliassenAmmerzoden\" \/>\n<meta property=\"article:modified_time\" content=\"2023-09-28T16:43:10+00:00\" \/>\n<meta property=\"og:image\" content=\"https:\/\/dev.eliassen.nl\/wp-content\/uploads\/2024\/01\/20230831122557lmc84portrait.jpg\" \/>\n\t<meta property=\"og:image:width\" content=\"1536\" \/>\n\t<meta property=\"og:image:height\" content=\"2048\" \/>\n\t<meta property=\"og:image:type\" content=\"image\/jpeg\" \/>\n<meta name=\"twitter:card\" content=\"summary_large_image\" \/>\n<script type=\"application\/ld+json\" class=\"yoast-schema-graph\">{\"@context\":\"https:\/\/schema.org\",\"@graph\":[{\"@type\":\"WebPage\",\"@id\":\"https:\/\/dev.eliassen.nl\/de\/skulptur-einer-dicken-dame-aus-bronze-sitzend-mit-gekreuzten-beinen-37-cm\/\",\"url\":\"https:\/\/dev.eliassen.nl\/de\/skulptur-einer-dicken-dame-aus-bronze-sitzend-mit-gekreuzten-beinen-37-cm\/\",\"name\":\"Skulptur Bronze dicke Dame sitzend mit gekreuzten Beinen 37cm - Eliassen.nl\",\"isPartOf\":{\"@id\":\"https:\/\/dev.eliassen.nl\/de\/#website\"},\"primaryImageOfPage\":{\"@id\":\"https:\/\/dev.eliassen.nl\/de\/skulptur-einer-dicken-dame-aus-bronze-sitzend-mit-gekreuzten-beinen-37-cm\/#primaryimage\"},\"image\":{\"@id\":\"https:\/\/dev.eliassen.nl\/de\/skulptur-einer-dicken-dame-aus-bronze-sitzend-mit-gekreuzten-beinen-37-cm\/#primaryimage\"},\"thumbnailUrl\":\"https:\/\/dev.eliassen.nl\/wp-content\/uploads\/2024\/01\/20230831122557lmc84portrait.jpg\",\"datePublished\":\"2023-08-31T12:32:34+00:00\",\"dateModified\":\"2023-09-28T16:43:10+00:00\",\"description\":\"Suchen Sie eine Bronzestatue einer sitzenden dicken Dame? Schauen Sie sich diese khakifarbene Bronzestatue einer dicken Dame mit gekreuzten Beinen an.\",\"breadcrumb\":{\"@id\":\"https:\/\/dev.eliassen.nl\/de\/skulptur-einer-dicken-dame-aus-bronze-sitzend-mit-gekreuzten-beinen-37-cm\/#breadcrumb\"},\"inLanguage\":\"de\",\"potentialAction\":[{\"@type\":\"ReadAction\",\"target\":[\"https:\/\/dev.eliassen.nl\/de\/skulptur-einer-dicken-dame-aus-bronze-sitzend-mit-gekreuzten-beinen-37-cm\/\"]}]},{\"@type\":\"ImageObject\",\"inLanguage\":\"de\",\"@id\":\"https:\/\/dev.eliassen.nl\/de\/skulptur-einer-dicken-dame-aus-bronze-sitzend-mit-gekreuzten-beinen-37-cm\/#primaryimage\",\"url\":\"https:\/\/dev.eliassen.nl\/wp-content\/uploads\/2024\/01\/20230831122557lmc84portrait.jpg\",\"contentUrl\":\"https:\/\/dev.eliassen.nl\/wp-content\/uploads\/2024\/01\/20230831122557lmc84portrait.jpg\",\"width\":1536,\"height\":2048,\"caption\":\"20230831_122557_lmc_8.4.PORTRAIT\"},{\"@type\":\"BreadcrumbList\",\"@id\":\"https:\/\/dev.eliassen.nl\/de\/skulptur-einer-dicken-dame-aus-bronze-sitzend-mit-gekreuzten-beinen-37-cm\/#breadcrumb\",\"itemListElement\":[{\"@type\":\"ListItem\",\"position\":1,\"name\":\"Home\",\"item\":\"https:\/\/dev.eliassen.nl\/de\/\"},{\"@type\":\"ListItem\",\"position\":2,\"name\":\"Shop\",\"item\":\"https:\/\/dev.eliassen.nl\/nl\/winkel\/\"},{\"@type\":\"ListItem\",\"position\":3,\"name\":\"Bronzestatuen\",\"item\":\"https:\/\/dev.eliassen.nl\/de\/bilder\/bronzestatuen\/\"},{\"@type\":\"ListItem\",\"position\":4,\"name\":\"Bilder von dicken Frauen\",\"item\":\"https:\/\/dev.eliassen.nl\/de\/bilder\/bronzestatuen\/bilder-von-dicken-frauen\/\"},{\"@type\":\"ListItem\",\"position\":5,\"name\":\"Skulptur einer dicken Dame aus Bronze, sitzend mit gekreuzten Beinen, 37 cm\"}]},{\"@type\":\"WebSite\",\"@id\":\"https:\/\/dev.eliassen.nl\/de\/#website\",\"url\":\"https:\/\/dev.eliassen.nl\/de\/\",\"name\":\"Eliassen Home & Garden Pleasure\",\"description\":\"\",\"publisher\":{\"@id\":\"https:\/\/dev.eliassen.nl\/de\/#organization\"},\"alternateName\":\"Eliassen.nl\",\"potentialAction\":[{\"@type\":\"SearchAction\",\"target\":{\"@type\":\"EntryPoint\",\"urlTemplate\":\"https:\/\/dev.eliassen.nl\/de\/?s={search_term_string}\"},\"query-input\":{\"@type\":\"PropertyValueSpecification\",\"valueRequired\":true,\"valueName\":\"search_term_string\"}}],\"inLanguage\":\"de\"},{\"@type\":\"Organization\",\"@id\":\"https:\/\/dev.eliassen.nl\/de\/#organization\",\"name\":\"Eliassen Home & Garden Pleasure\",\"url\":\"https:\/\/dev.eliassen.nl\/de\/\",\"logo\":{\"@type\":\"ImageObject\",\"inLanguage\":\"de\",\"@id\":\"https:\/\/dev.eliassen.nl\/de\/#\/schema\/logo\/image\/\",\"url\":\"https:\/\/www.eliassen.nl\/wp-content\/uploads\/2024\/01\/logo_4nd.jpg\",\"contentUrl\":\"https:\/\/www.eliassen.nl\/wp-content\/uploads\/2024\/01\/logo_4nd.jpg\",\"width\":500,\"height\":500,\"caption\":\"Eliassen Home & Garden Pleasure\"},\"image\":{\"@id\":\"https:\/\/dev.eliassen.nl\/de\/#\/schema\/logo\/image\/\"},\"sameAs\":[\"https:\/\/www.facebook.com\/TuincentrumEliassenAmmerzoden\",\"https:\/\/www.instagram.com\/eliassenhomeandgarden\/\",\"https:\/\/nl.pinterest.com\/eliassenhomeandgarden\/\",\"https:\/\/www.youtube.com\/@eliassenhomegardenpleasure4558\"]}]}<\/script>\n<!-- \/ Yoast SEO plugin. -->","yoast_head_json":{"title":"Skulptur Bronze dicke Dame sitzend mit gekreuzten Beinen 37cm - Eliassen.nl","description":"Suchen Sie eine Bronzestatue einer sitzenden dicken Dame? Schauen Sie sich diese khakifarbene Bronzestatue einer dicken Dame mit gekreuzten Beinen an.","robots":{"index":"noindex","follow":"follow","max-snippet":"max-snippet:-1","max-image-preview":"max-image-preview:large","max-video-preview":"max-video-preview:-1"},"og_locale":"de_DE","og_type":"article","og_title":"Skulptur Bronze dicke Dame sitzend mit gekreuzten Beinen 37cm - Eliassen.nl","og_description":"Suchen Sie eine Bronzestatue einer sitzenden dicken Dame? Schauen Sie sich diese khakifarbene Bronzestatue einer dicken Dame mit gekreuzten Beinen an.","og_url":"https:\/\/dev.eliassen.nl\/de\/skulptur-einer-dicken-dame-aus-bronze-sitzend-mit-gekreuzten-beinen-37-cm\/","og_site_name":"Eliassen.nl","article_publisher":"https:\/\/www.facebook.com\/TuincentrumEliassenAmmerzoden","article_modified_time":"2023-09-28T16:43:10+00:00","og_image":[{"width":1536,"height":2048,"url":"https:\/\/dev.eliassen.nl\/wp-content\/uploads\/2024\/01\/20230831122557lmc84portrait.jpg","type":"image\/jpeg"}],"twitter_card":"summary_large_image","schema":{"@context":"https:\/\/schema.org","@graph":[{"@type":"WebPage","@id":"https:\/\/dev.eliassen.nl\/de\/skulptur-einer-dicken-dame-aus-bronze-sitzend-mit-gekreuzten-beinen-37-cm\/","url":"https:\/\/dev.eliassen.nl\/de\/skulptur-einer-dicken-dame-aus-bronze-sitzend-mit-gekreuzten-beinen-37-cm\/","name":"Skulptur Bronze dicke Dame sitzend mit gekreuzten Beinen 37cm - Eliassen.nl","isPartOf":{"@id":"https:\/\/dev.eliassen.nl\/de\/#website"},"primaryImageOfPage":{"@id":"https:\/\/dev.eliassen.nl\/de\/skulptur-einer-dicken-dame-aus-bronze-sitzend-mit-gekreuzten-beinen-37-cm\/#primaryimage"},"image":{"@id":"https:\/\/dev.eliassen.nl\/de\/skulptur-einer-dicken-dame-aus-bronze-sitzend-mit-gekreuzten-beinen-37-cm\/#primaryimage"},"thumbnailUrl":"https:\/\/dev.eliassen.nl\/wp-content\/uploads\/2024\/01\/20230831122557lmc84portrait.jpg","datePublished":"2023-08-31T12:32:34+00:00","dateModified":"2023-09-28T16:43:10+00:00","description":"Suchen Sie eine Bronzestatue einer sitzenden dicken Dame? Schauen Sie sich diese khakifarbene Bronzestatue einer dicken Dame mit gekreuzten Beinen an.","breadcrumb":{"@id":"https:\/\/dev.eliassen.nl\/de\/skulptur-einer-dicken-dame-aus-bronze-sitzend-mit-gekreuzten-beinen-37-cm\/#breadcrumb"},"inLanguage":"de","potentialAction":[{"@type":"ReadAction","target":["https:\/\/dev.eliassen.nl\/de\/skulptur-einer-dicken-dame-aus-bronze-sitzend-mit-gekreuzten-beinen-37-cm\/"]}]},{"@type":"ImageObject","inLanguage":"de","@id":"https:\/\/dev.eliassen.nl\/de\/skulptur-einer-dicken-dame-aus-bronze-sitzend-mit-gekreuzten-beinen-37-cm\/#primaryimage","url":"https:\/\/dev.eliassen.nl\/wp-content\/uploads\/2024\/01\/20230831122557lmc84portrait.jpg","contentUrl":"https:\/\/dev.eliassen.nl\/wp-content\/uploads\/2024\/01\/20230831122557lmc84portrait.jpg","width":1536,"height":2048,"caption":"20230831_122557_lmc_8.4.PORTRAIT"},{"@type":"BreadcrumbList","@id":"https:\/\/dev.eliassen.nl\/de\/skulptur-einer-dicken-dame-aus-bronze-sitzend-mit-gekreuzten-beinen-37-cm\/#breadcrumb","itemListElement":[{"@type":"ListItem","position":1,"name":"Home","item":"https:\/\/dev.eliassen.nl\/de\/"},{"@type":"ListItem","position":2,"name":"Shop","item":"https:\/\/dev.eliassen.nl\/nl\/winkel\/"},{"@type":"ListItem","position":3,"name":"Bronzestatuen","item":"https:\/\/dev.eliassen.nl\/de\/bilder\/bronzestatuen\/"},{"@type":"ListItem","position":4,"name":"Bilder von dicken Frauen","item":"https:\/\/dev.eliassen.nl\/de\/bilder\/bronzestatuen\/bilder-von-dicken-frauen\/"},{"@type":"ListItem","position":5,"name":"Skulptur einer dicken Dame aus Bronze, sitzend mit gekreuzten Beinen, 37 cm"}]},{"@type":"WebSite","@id":"https:\/\/dev.eliassen.nl\/de\/#website","url":"https:\/\/dev.eliassen.nl\/de\/","name":"Eliassen Home & Garden Pleasure","description":"","publisher":{"@id":"https:\/\/dev.eliassen.nl\/de\/#organization"},"alternateName":"Eliassen.nl","potentialAction":[{"@type":"SearchAction","target":{"@type":"EntryPoint","urlTemplate":"https:\/\/dev.eliassen.nl\/de\/?s={search_term_string}"},"query-input":{"@type":"PropertyValueSpecification","valueRequired":true,"valueName":"search_term_string"}}],"inLanguage":"de"},{"@type":"Organization","@id":"https:\/\/dev.eliassen.nl\/de\/#organization","name":"Eliassen Home & Garden Pleasure","url":"https:\/\/dev.eliassen.nl\/de\/","logo":{"@type":"ImageObject","inLanguage":"de","@id":"https:\/\/dev.eliassen.nl\/de\/#\/schema\/logo\/image\/","url":"https:\/\/www.eliassen.nl\/wp-content\/uploads\/2024\/01\/logo_4nd.jpg","contentUrl":"https:\/\/www.eliassen.nl\/wp-content\/uploads\/2024\/01\/logo_4nd.jpg","width":500,"height":500,"caption":"Eliassen Home & Garden Pleasure"},"image":{"@id":"https:\/\/dev.eliassen.nl\/de\/#\/schema\/logo\/image\/"},"sameAs":["https:\/\/www.facebook.com\/TuincentrumEliassenAmmerzoden","https:\/\/www.instagram.com\/eliassenhomeandgarden\/","https:\/\/nl.pinterest.com\/eliassenhomeandgarden\/","https:\/\/www.youtube.com\/@eliassenhomegardenpleasure4558"]}]}},"df_price":475,"df_sale_price":"","df_regular_price":475,"df_image_link":"https:\/\/dev.eliassen.nl\/wp-content\/uploads\/2024\/01\/20230831122557lmc84portrait.jpg","image":"https:\/\/dev.eliassen.nl\/wp-content\/uploads\/2024\/01\/20230831122557lmc84portrait.jpg","price_search":"<span class=\"woocommerce-Price-amount amount\"><bdi><span class=\"woocommerce-Price-currencySymbol\">&euro;<\/span>&nbsp;475,00<\/bdi><\/span>","category":"Bilder von dicken Frauen","_links":{"self":[{"href":"https:\/\/dev.eliassen.nl\/de\/wp-json\/wp\/v2\/product\/94213","targetHints":{"allow":["GET"]}}],"collection":[{"href":"https:\/\/dev.eliassen.nl\/de\/wp-json\/wp\/v2\/product"}],"about":[{"href":"https:\/\/dev.eliassen.nl\/de\/wp-json\/wp\/v2\/types\/product"}],"wp:featuredmedia":[{"embeddable":true,"href":"https:\/\/dev.eliassen.nl\/de\/wp-json\/wp\/v2\/media\/94198"}],"wp:attachment":[{"href":"https:\/\/dev.eliassen.nl\/de\/wp-json\/wp\/v2\/media?parent=94213"}],"wp:term":[{"taxonomy":"product_brand","embeddable":true,"href":"https:\/\/dev.eliassen.nl\/de\/wp-json\/wp\/v2\/product_brand?post=94213"},{"taxonomy":"product_cat","embeddable":true,"href":"https:\/\/dev.eliassen.nl\/de\/wp-json\/wp\/v2\/product_cat?post=94213"},{"taxonomy":"product_tag","embeddable":true,"href":"https:\/\/dev.eliassen.nl\/de\/wp-json\/wp\/v2\/product_tag?post=94213"}],"curies":[{"name":"wp","href":"https:\/\/api.w.org\/{rel}","templated":true}]}}