{"id":94348,"date":"2023-09-06T16:23:41","date_gmt":"2023-09-06T14:23:41","guid":{"rendered":"https:\/\/www.eliassen.nl\/?product=copy-of-sokkel-hardsteen-geslepen-30x30x70cm"},"modified":"2024-12-05T16:34:13","modified_gmt":"2024-12-05T15:34:13","slug":"sockel-aus-geschliffenem-blaustein-35-x-35-x-80-cm","status":"publish","type":"product","link":"https:\/\/dev.eliassen.nl\/de\/sockel-aus-geschliffenem-blaustein-35-x-35-x-80-cm\/","title":{"rendered":"Sockel aus geschliffenem Blaustein, 35 x 35 x 80 cm"},"content":{"rendered":"<p>\u00a0<\/p>\n<p>Bringen Sie pure Sch\u00f6nheit in Ihr Haus oder Ihren Garten mit dieser gro\u00dfen, modernen S\u00e4ule aus geschliffenem Blaustein, wundersch\u00f6n verarbeitet mit facettierten Kanten an den R\u00e4ndern. Diese Sockelserie ist f\u00fcr den Innen- und Au\u00dfenbereich geeignet. Wundersch\u00f6n in Kombination mit einem Topf oder einer Vase, aber auch f\u00fcr eine Statue, Sonnenuhr usw.<\/p>\n<p><strong>Diese Serie kann auch in unserem Shop besichtigt werden.<\/strong><\/p>\n<ul>\n<li>Gr\u00f6\u00dfe 35x35x80cm hoch<\/li>\n<li>Sehr stilvoll in eleganten, modernen Innenr\u00e4umen und G\u00e4rten<\/li>\n<li>Frostbest\u00e4ndig: Ja<\/li>\n<li>Maximale Belastung: 160 kg<\/li>\n<li>Material: Blaustein, 25 mm dick<\/li>\n<li>3 Jahre Garantie, ausgenommen \u00e4u\u00dfere Sch\u00e4den<\/li>\n<\/ul>\n<p>\u00a0<\/p>\n","protected":false},"excerpt":{"rendered":"<p>Moderne, schlanke quadratische S\u00e4ule<\/p>\n","protected":false},"featured_media":94345,"template":"","meta":{"_acf_changed":false},"product_brand":[6916],"product_cat":[782,785],"product_tag":[],"class_list":{"0":"post-94348","1":"product","2":"type-product","3":"status-publish","4":"has-post-thumbnail","6":"product_brand-eliassen-de","7":"product_cat-sockel","8":"product_cat-sockel-aus-naturstein","10":"first","11":"instock","12":"taxable","13":"shipping-taxable","14":"purchasable","15":"product-type-simple"},"acf":[],"yoast_head":"<!-- This site is optimized with the Yoast SEO plugin v23.8 - https:\/\/yoast.com\/wordpress\/plugins\/seo\/ -->\n<title>Sockel aus geschliffenem Blaustein, 35 x 35 x 80 cm<\/title>\n<meta name=\"description\" content=\"Sockel 80cm. Aus geschliffenem Blaustein, kommen Sie vorbei und schauen Sie sich um!\" \/>\n<meta name=\"robots\" content=\"noindex, follow, max-snippet:-1, max-image-preview:large, max-video-preview:-1\" \/>\n<meta property=\"og:locale\" content=\"de_DE\" \/>\n<meta property=\"og:type\" content=\"article\" \/>\n<meta property=\"og:title\" content=\"Sockel aus geschliffenem Blaustein, 35 x 35 x 80 cm\" \/>\n<meta property=\"og:description\" content=\"Sockel 80cm. Aus geschliffenem Blaustein, kommen Sie vorbei und schauen Sie sich um!\" \/>\n<meta property=\"og:url\" content=\"https:\/\/dev.eliassen.nl\/de\/sockel-aus-geschliffenem-blaustein-35-x-35-x-80-cm\/\" \/>\n<meta property=\"og:site_name\" content=\"Eliassen.nl\" \/>\n<meta property=\"article:publisher\" content=\"https:\/\/www.facebook.com\/TuincentrumEliassenAmmerzoden\" \/>\n<meta property=\"article:modified_time\" content=\"2024-12-05T15:34:13+00:00\" \/>\n<meta property=\"og:image\" content=\"https:\/\/dev.eliassen.nl\/wp-content\/uploads\/2024\/01\/sokkelhardsteengeslepen35x35x80cmeliassennl.jpg\" \/>\n\t<meta property=\"og:image:width\" content=\"899\" \/>\n\t<meta property=\"og:image:height\" content=\"1599\" \/>\n\t<meta property=\"og:image:type\" content=\"image\/jpeg\" \/>\n<meta name=\"twitter:card\" content=\"summary_large_image\" \/>\n<script type=\"application\/ld+json\" class=\"yoast-schema-graph\">{\"@context\":\"https:\/\/schema.org\",\"@graph\":[{\"@type\":\"WebPage\",\"@id\":\"https:\/\/dev.eliassen.nl\/de\/sockel-aus-geschliffenem-blaustein-35-x-35-x-80-cm\/\",\"url\":\"https:\/\/dev.eliassen.nl\/de\/sockel-aus-geschliffenem-blaustein-35-x-35-x-80-cm\/\",\"name\":\"Sockel aus geschliffenem Blaustein, 35 x 35 x 80 cm\",\"isPartOf\":{\"@id\":\"https:\/\/dev.eliassen.nl\/de\/#website\"},\"primaryImageOfPage\":{\"@id\":\"https:\/\/dev.eliassen.nl\/de\/sockel-aus-geschliffenem-blaustein-35-x-35-x-80-cm\/#primaryimage\"},\"image\":{\"@id\":\"https:\/\/dev.eliassen.nl\/de\/sockel-aus-geschliffenem-blaustein-35-x-35-x-80-cm\/#primaryimage\"},\"thumbnailUrl\":\"https:\/\/dev.eliassen.nl\/wp-content\/uploads\/2024\/01\/sokkelhardsteengeslepen35x35x80cmeliassennl.jpg\",\"datePublished\":\"2023-09-06T14:23:41+00:00\",\"dateModified\":\"2024-12-05T15:34:13+00:00\",\"description\":\"Sockel 80cm. Aus geschliffenem Blaustein, kommen Sie vorbei und schauen Sie sich um!\",\"breadcrumb\":{\"@id\":\"https:\/\/dev.eliassen.nl\/de\/sockel-aus-geschliffenem-blaustein-35-x-35-x-80-cm\/#breadcrumb\"},\"inLanguage\":\"de\",\"potentialAction\":[{\"@type\":\"ReadAction\",\"target\":[\"https:\/\/dev.eliassen.nl\/de\/sockel-aus-geschliffenem-blaustein-35-x-35-x-80-cm\/\"]}]},{\"@type\":\"ImageObject\",\"inLanguage\":\"de\",\"@id\":\"https:\/\/dev.eliassen.nl\/de\/sockel-aus-geschliffenem-blaustein-35-x-35-x-80-cm\/#primaryimage\",\"url\":\"https:\/\/dev.eliassen.nl\/wp-content\/uploads\/2024\/01\/sokkelhardsteengeslepen35x35x80cmeliassennl.jpg\",\"contentUrl\":\"https:\/\/dev.eliassen.nl\/wp-content\/uploads\/2024\/01\/sokkelhardsteengeslepen35x35x80cmeliassennl.jpg\",\"width\":899,\"height\":1599,\"caption\":\"Sokkel hardsteen geslepen 35x35x80cm eliassen.nl\"},{\"@type\":\"BreadcrumbList\",\"@id\":\"https:\/\/dev.eliassen.nl\/de\/sockel-aus-geschliffenem-blaustein-35-x-35-x-80-cm\/#breadcrumb\",\"itemListElement\":[{\"@type\":\"ListItem\",\"position\":1,\"name\":\"Home\",\"item\":\"https:\/\/dev.eliassen.nl\/de\/\"},{\"@type\":\"ListItem\",\"position\":2,\"name\":\"Shop\",\"item\":\"https:\/\/dev.eliassen.nl\/nl\/winkel\/\"},{\"@type\":\"ListItem\",\"position\":3,\"name\":\"Sockel\",\"item\":\"https:\/\/dev.eliassen.nl\/de\/sockel\/\"},{\"@type\":\"ListItem\",\"position\":4,\"name\":\"Sockel aus Naturstein\",\"item\":\"https:\/\/dev.eliassen.nl\/de\/sockel\/sockel-aus-naturstein\/\"},{\"@type\":\"ListItem\",\"position\":5,\"name\":\"Sockel aus geschliffenem Blaustein, 35 x 35 x 80 cm\"}]},{\"@type\":\"WebSite\",\"@id\":\"https:\/\/dev.eliassen.nl\/de\/#website\",\"url\":\"https:\/\/dev.eliassen.nl\/de\/\",\"name\":\"Eliassen Home & Garden Pleasure\",\"description\":\"\",\"publisher\":{\"@id\":\"https:\/\/dev.eliassen.nl\/de\/#organization\"},\"alternateName\":\"Eliassen.nl\",\"potentialAction\":[{\"@type\":\"SearchAction\",\"target\":{\"@type\":\"EntryPoint\",\"urlTemplate\":\"https:\/\/dev.eliassen.nl\/de\/?s={search_term_string}\"},\"query-input\":{\"@type\":\"PropertyValueSpecification\",\"valueRequired\":true,\"valueName\":\"search_term_string\"}}],\"inLanguage\":\"de\"},{\"@type\":\"Organization\",\"@id\":\"https:\/\/dev.eliassen.nl\/de\/#organization\",\"name\":\"Eliassen Home & Garden Pleasure\",\"url\":\"https:\/\/dev.eliassen.nl\/de\/\",\"logo\":{\"@type\":\"ImageObject\",\"inLanguage\":\"de\",\"@id\":\"https:\/\/dev.eliassen.nl\/de\/#\/schema\/logo\/image\/\",\"url\":\"https:\/\/www.eliassen.nl\/wp-content\/uploads\/2024\/01\/logo_4nd.jpg\",\"contentUrl\":\"https:\/\/www.eliassen.nl\/wp-content\/uploads\/2024\/01\/logo_4nd.jpg\",\"width\":500,\"height\":500,\"caption\":\"Eliassen Home & Garden Pleasure\"},\"image\":{\"@id\":\"https:\/\/dev.eliassen.nl\/de\/#\/schema\/logo\/image\/\"},\"sameAs\":[\"https:\/\/www.facebook.com\/TuincentrumEliassenAmmerzoden\",\"https:\/\/www.instagram.com\/eliassenhomeandgarden\/\",\"https:\/\/nl.pinterest.com\/eliassenhomeandgarden\/\",\"https:\/\/www.youtube.com\/@eliassenhomegardenpleasure4558\"]}]}<\/script>\n<!-- \/ Yoast SEO plugin. -->","yoast_head_json":{"title":"Sockel aus geschliffenem Blaustein, 35 x 35 x 80 cm","description":"Sockel 80cm. Aus geschliffenem Blaustein, kommen Sie vorbei und schauen Sie sich um!","robots":{"index":"noindex","follow":"follow","max-snippet":"max-snippet:-1","max-image-preview":"max-image-preview:large","max-video-preview":"max-video-preview:-1"},"og_locale":"de_DE","og_type":"article","og_title":"Sockel aus geschliffenem Blaustein, 35 x 35 x 80 cm","og_description":"Sockel 80cm. Aus geschliffenem Blaustein, kommen Sie vorbei und schauen Sie sich um!","og_url":"https:\/\/dev.eliassen.nl\/de\/sockel-aus-geschliffenem-blaustein-35-x-35-x-80-cm\/","og_site_name":"Eliassen.nl","article_publisher":"https:\/\/www.facebook.com\/TuincentrumEliassenAmmerzoden","article_modified_time":"2024-12-05T15:34:13+00:00","og_image":[{"width":899,"height":1599,"url":"https:\/\/dev.eliassen.nl\/wp-content\/uploads\/2024\/01\/sokkelhardsteengeslepen35x35x80cmeliassennl.jpg","type":"image\/jpeg"}],"twitter_card":"summary_large_image","schema":{"@context":"https:\/\/schema.org","@graph":[{"@type":"WebPage","@id":"https:\/\/dev.eliassen.nl\/de\/sockel-aus-geschliffenem-blaustein-35-x-35-x-80-cm\/","url":"https:\/\/dev.eliassen.nl\/de\/sockel-aus-geschliffenem-blaustein-35-x-35-x-80-cm\/","name":"Sockel aus geschliffenem Blaustein, 35 x 35 x 80 cm","isPartOf":{"@id":"https:\/\/dev.eliassen.nl\/de\/#website"},"primaryImageOfPage":{"@id":"https:\/\/dev.eliassen.nl\/de\/sockel-aus-geschliffenem-blaustein-35-x-35-x-80-cm\/#primaryimage"},"image":{"@id":"https:\/\/dev.eliassen.nl\/de\/sockel-aus-geschliffenem-blaustein-35-x-35-x-80-cm\/#primaryimage"},"thumbnailUrl":"https:\/\/dev.eliassen.nl\/wp-content\/uploads\/2024\/01\/sokkelhardsteengeslepen35x35x80cmeliassennl.jpg","datePublished":"2023-09-06T14:23:41+00:00","dateModified":"2024-12-05T15:34:13+00:00","description":"Sockel 80cm. Aus geschliffenem Blaustein, kommen Sie vorbei und schauen Sie sich um!","breadcrumb":{"@id":"https:\/\/dev.eliassen.nl\/de\/sockel-aus-geschliffenem-blaustein-35-x-35-x-80-cm\/#breadcrumb"},"inLanguage":"de","potentialAction":[{"@type":"ReadAction","target":["https:\/\/dev.eliassen.nl\/de\/sockel-aus-geschliffenem-blaustein-35-x-35-x-80-cm\/"]}]},{"@type":"ImageObject","inLanguage":"de","@id":"https:\/\/dev.eliassen.nl\/de\/sockel-aus-geschliffenem-blaustein-35-x-35-x-80-cm\/#primaryimage","url":"https:\/\/dev.eliassen.nl\/wp-content\/uploads\/2024\/01\/sokkelhardsteengeslepen35x35x80cmeliassennl.jpg","contentUrl":"https:\/\/dev.eliassen.nl\/wp-content\/uploads\/2024\/01\/sokkelhardsteengeslepen35x35x80cmeliassennl.jpg","width":899,"height":1599,"caption":"Sokkel hardsteen geslepen 35x35x80cm eliassen.nl"},{"@type":"BreadcrumbList","@id":"https:\/\/dev.eliassen.nl\/de\/sockel-aus-geschliffenem-blaustein-35-x-35-x-80-cm\/#breadcrumb","itemListElement":[{"@type":"ListItem","position":1,"name":"Home","item":"https:\/\/dev.eliassen.nl\/de\/"},{"@type":"ListItem","position":2,"name":"Shop","item":"https:\/\/dev.eliassen.nl\/nl\/winkel\/"},{"@type":"ListItem","position":3,"name":"Sockel","item":"https:\/\/dev.eliassen.nl\/de\/sockel\/"},{"@type":"ListItem","position":4,"name":"Sockel aus Naturstein","item":"https:\/\/dev.eliassen.nl\/de\/sockel\/sockel-aus-naturstein\/"},{"@type":"ListItem","position":5,"name":"Sockel aus geschliffenem Blaustein, 35 x 35 x 80 cm"}]},{"@type":"WebSite","@id":"https:\/\/dev.eliassen.nl\/de\/#website","url":"https:\/\/dev.eliassen.nl\/de\/","name":"Eliassen Home & Garden Pleasure","description":"","publisher":{"@id":"https:\/\/dev.eliassen.nl\/de\/#organization"},"alternateName":"Eliassen.nl","potentialAction":[{"@type":"SearchAction","target":{"@type":"EntryPoint","urlTemplate":"https:\/\/dev.eliassen.nl\/de\/?s={search_term_string}"},"query-input":{"@type":"PropertyValueSpecification","valueRequired":true,"valueName":"search_term_string"}}],"inLanguage":"de"},{"@type":"Organization","@id":"https:\/\/dev.eliassen.nl\/de\/#organization","name":"Eliassen Home & Garden Pleasure","url":"https:\/\/dev.eliassen.nl\/de\/","logo":{"@type":"ImageObject","inLanguage":"de","@id":"https:\/\/dev.eliassen.nl\/de\/#\/schema\/logo\/image\/","url":"https:\/\/www.eliassen.nl\/wp-content\/uploads\/2024\/01\/logo_4nd.jpg","contentUrl":"https:\/\/www.eliassen.nl\/wp-content\/uploads\/2024\/01\/logo_4nd.jpg","width":500,"height":500,"caption":"Eliassen Home & Garden Pleasure"},"image":{"@id":"https:\/\/dev.eliassen.nl\/de\/#\/schema\/logo\/image\/"},"sameAs":["https:\/\/www.facebook.com\/TuincentrumEliassenAmmerzoden","https:\/\/www.instagram.com\/eliassenhomeandgarden\/","https:\/\/nl.pinterest.com\/eliassenhomeandgarden\/","https:\/\/www.youtube.com\/@eliassenhomegardenpleasure4558"]}]}},"df_price":340,"df_sale_price":"","df_regular_price":340,"df_image_link":"https:\/\/dev.eliassen.nl\/wp-content\/uploads\/2024\/01\/sokkelhardsteengeslepen35x35x80cmeliassennl.jpg","image":"https:\/\/dev.eliassen.nl\/wp-content\/uploads\/2024\/01\/sokkelhardsteengeslepen35x35x80cmeliassennl.jpg","price_search":"<span class=\"woocommerce-Price-amount amount\"><bdi><span class=\"woocommerce-Price-currencySymbol\">&euro;<\/span>&nbsp;340,00<\/bdi><\/span>","category":"Sockel","_links":{"self":[{"href":"https:\/\/dev.eliassen.nl\/de\/wp-json\/wp\/v2\/product\/94348","targetHints":{"allow":["GET"]}}],"collection":[{"href":"https:\/\/dev.eliassen.nl\/de\/wp-json\/wp\/v2\/product"}],"about":[{"href":"https:\/\/dev.eliassen.nl\/de\/wp-json\/wp\/v2\/types\/product"}],"wp:featuredmedia":[{"embeddable":true,"href":"https:\/\/dev.eliassen.nl\/de\/wp-json\/wp\/v2\/media\/94345"}],"wp:attachment":[{"href":"https:\/\/dev.eliassen.nl\/de\/wp-json\/wp\/v2\/media?parent=94348"}],"wp:term":[{"taxonomy":"product_brand","embeddable":true,"href":"https:\/\/dev.eliassen.nl\/de\/wp-json\/wp\/v2\/product_brand?post=94348"},{"taxonomy":"product_cat","embeddable":true,"href":"https:\/\/dev.eliassen.nl\/de\/wp-json\/wp\/v2\/product_cat?post=94348"},{"taxonomy":"product_tag","embeddable":true,"href":"https:\/\/dev.eliassen.nl\/de\/wp-json\/wp\/v2\/product_tag?post=94348"}],"curies":[{"name":"wp","href":"https:\/\/api.w.org\/{rel}","templated":true}]}}