{"id":94573,"date":"2023-09-08T14:08:21","date_gmt":"2023-09-08T12:08:21","guid":{"rendered":"https:\/\/www.eliassen.nl\/?product=tafellamp-glas-mozaiek-rood-17x17x15cm"},"modified":"2024-12-05T16:34:47","modified_gmt":"2024-12-05T15:34:47","slug":"tischlampe-glasmosaik-rote-kugel-17x17x15cm","status":"publish","type":"product","link":"https:\/\/dev.eliassen.nl\/de\/tischlampe-glasmosaik-rote-kugel-17x17x15cm\/","title":{"rendered":"Tischlampe Glasmosaik rote Kugel 17x17x15cm."},"content":{"rendered":"<p>Stimmungslampe aus Glas. Wundersch\u00f6n handgefertigte Mosaiklampe in runder Kugelform. Jeder rot gef\u00e4rbte Glasstein wird manuell auf das darunter liegende Glas aufgetragen. Im Dunkeln sorgt diese Tischleuchte f\u00fcr einen sch\u00f6nen Lichteffekt, sobald das Licht durch das Mosaik scheint. Die runde Kugelform sorgt daf\u00fcr, dass diese Lampe auch auf schmaleren Fl\u00e4chen wie Fensterb\u00e4nken, Regalen usw. stehen kann.<\/p>\n<ul>\n<li>Gr\u00f6\u00dfe: 17x17x15cm hoch<\/li>\n<li>Material: Glas, Kugel<\/li>\n<li>Fassung: E14, maximal 50 Watt<\/li>\n<li>Mit Schalter<\/li>\n<li>Gewicht: 1 kg<\/li>\n<li>1 Jahr Garantie<\/li>\n<li>Lieferung ohne Lampe<\/li>\n<li>Auch in unserem Shop zu sehen<\/li>\n<\/ul>\n","protected":false},"excerpt":{"rendered":"<p>Glaslampe mit wundersch\u00f6nem roten Mosaik.<\/p>\n","protected":false},"featured_media":94567,"template":"","meta":{"_acf_changed":false},"product_brand":[],"product_cat":[800,809,749,746],"product_tag":[],"class_list":{"0":"post-94573","1":"product","2":"type-product","3":"status-publish","4":"has-post-thumbnail","6":"product_cat-glaskunst","7":"product_cat-glaslampen","9":"product_cat-stimmungsvolle-beleuchtung","11":"first","12":"instock","13":"taxable","14":"shipping-taxable","15":"purchasable","16":"product-type-simple"},"acf":[],"yoast_head":"<!-- This site is optimized with the Yoast SEO plugin v23.8 - https:\/\/yoast.com\/wordpress\/plugins\/seo\/ -->\n<title>Tischlampe Glasmosaik rote Kugel 17x17x15cm. - Eliassen Home&amp;Garden<\/title>\n<meta name=\"description\" content=\"Suchen Sie eine sch\u00f6ne Stimmungslampe aus Mosaikglas? Sie werden diese sch\u00f6ne Lampe in rotem Mosaik-Farbton sicherlich zu sch\u00e4tzen wissen. Eine sehr sch\u00f6ne S...\" \/>\n<meta name=\"robots\" content=\"noindex, follow, max-snippet:-1, max-image-preview:large, max-video-preview:-1\" \/>\n<meta property=\"og:locale\" content=\"de_DE\" \/>\n<meta property=\"og:type\" content=\"article\" \/>\n<meta property=\"og:title\" content=\"Tischlampe Glasmosaik rote Kugel 17x17x15cm. - Eliassen Home&amp;Garden\" \/>\n<meta property=\"og:description\" content=\"Suchen Sie eine sch\u00f6ne Stimmungslampe aus Mosaikglas? Sie werden diese sch\u00f6ne Lampe in rotem Mosaik-Farbton sicherlich zu sch\u00e4tzen wissen. Eine sehr sch\u00f6ne S...\" \/>\n<meta property=\"og:url\" content=\"https:\/\/dev.eliassen.nl\/de\/tischlampe-glasmosaik-rote-kugel-17x17x15cm\/\" \/>\n<meta property=\"og:site_name\" content=\"Eliassen.nl\" \/>\n<meta property=\"article:publisher\" content=\"https:\/\/www.facebook.com\/TuincentrumEliassenAmmerzoden\" \/>\n<meta property=\"article:modified_time\" content=\"2024-12-05T15:34:47+00:00\" \/>\n<meta property=\"og:image\" content=\"https:\/\/dev.eliassen.nl\/wp-content\/uploads\/2024\/01\/glaslamproodeliassennl.jpg\" \/>\n\t<meta property=\"og:image:width\" content=\"1653\" \/>\n\t<meta property=\"og:image:height\" content=\"2048\" \/>\n\t<meta property=\"og:image:type\" content=\"image\/jpeg\" \/>\n<meta name=\"twitter:card\" content=\"summary_large_image\" \/>\n<script type=\"application\/ld+json\" class=\"yoast-schema-graph\">{\"@context\":\"https:\/\/schema.org\",\"@graph\":[{\"@type\":\"WebPage\",\"@id\":\"https:\/\/dev.eliassen.nl\/de\/tischlampe-glasmosaik-rote-kugel-17x17x15cm\/\",\"url\":\"https:\/\/dev.eliassen.nl\/de\/tischlampe-glasmosaik-rote-kugel-17x17x15cm\/\",\"name\":\"Tischlampe Glasmosaik rote Kugel 17x17x15cm. - Eliassen Home&Garden\",\"isPartOf\":{\"@id\":\"https:\/\/dev.eliassen.nl\/de\/#website\"},\"primaryImageOfPage\":{\"@id\":\"https:\/\/dev.eliassen.nl\/de\/tischlampe-glasmosaik-rote-kugel-17x17x15cm\/#primaryimage\"},\"image\":{\"@id\":\"https:\/\/dev.eliassen.nl\/de\/tischlampe-glasmosaik-rote-kugel-17x17x15cm\/#primaryimage\"},\"thumbnailUrl\":\"https:\/\/dev.eliassen.nl\/wp-content\/uploads\/2024\/01\/glaslamproodeliassennl.jpg\",\"datePublished\":\"2023-09-08T12:08:21+00:00\",\"dateModified\":\"2024-12-05T15:34:47+00:00\",\"description\":\"Suchen Sie eine sch\u00f6ne Stimmungslampe aus Mosaikglas? Sie werden diese sch\u00f6ne Lampe in rotem Mosaik-Farbton sicherlich zu sch\u00e4tzen wissen. Eine sehr sch\u00f6ne S...\",\"breadcrumb\":{\"@id\":\"https:\/\/dev.eliassen.nl\/de\/tischlampe-glasmosaik-rote-kugel-17x17x15cm\/#breadcrumb\"},\"inLanguage\":\"de\",\"potentialAction\":[{\"@type\":\"ReadAction\",\"target\":[\"https:\/\/dev.eliassen.nl\/de\/tischlampe-glasmosaik-rote-kugel-17x17x15cm\/\"]}]},{\"@type\":\"ImageObject\",\"inLanguage\":\"de\",\"@id\":\"https:\/\/dev.eliassen.nl\/de\/tischlampe-glasmosaik-rote-kugel-17x17x15cm\/#primaryimage\",\"url\":\"https:\/\/dev.eliassen.nl\/wp-content\/uploads\/2024\/01\/glaslamproodeliassennl.jpg\",\"contentUrl\":\"https:\/\/dev.eliassen.nl\/wp-content\/uploads\/2024\/01\/glaslamproodeliassennl.jpg\",\"width\":1653,\"height\":2048,\"caption\":\"glaslamp rood - Eliassen.nl\"},{\"@type\":\"BreadcrumbList\",\"@id\":\"https:\/\/dev.eliassen.nl\/de\/tischlampe-glasmosaik-rote-kugel-17x17x15cm\/#breadcrumb\",\"itemListElement\":[{\"@type\":\"ListItem\",\"position\":1,\"name\":\"Home\",\"item\":\"https:\/\/dev.eliassen.nl\/de\/\"},{\"@type\":\"ListItem\",\"position\":2,\"name\":\"Shop\",\"item\":\"https:\/\/dev.eliassen.nl\/nl\/winkel\/\"},{\"@type\":\"ListItem\",\"position\":3,\"name\":\"Glaskunst\",\"item\":\"https:\/\/dev.eliassen.nl\/de\/glaskunst\/\"},{\"@type\":\"ListItem\",\"position\":4,\"name\":\"Glaslampen\",\"item\":\"https:\/\/dev.eliassen.nl\/de\/glaskunst\/glaslampen\/\"},{\"@type\":\"ListItem\",\"position\":5,\"name\":\"Tischlampe Glasmosaik rote Kugel 17x17x15cm.\"}]},{\"@type\":\"WebSite\",\"@id\":\"https:\/\/dev.eliassen.nl\/de\/#website\",\"url\":\"https:\/\/dev.eliassen.nl\/de\/\",\"name\":\"Eliassen Home & Garden Pleasure\",\"description\":\"\",\"publisher\":{\"@id\":\"https:\/\/dev.eliassen.nl\/de\/#organization\"},\"alternateName\":\"Eliassen.nl\",\"potentialAction\":[{\"@type\":\"SearchAction\",\"target\":{\"@type\":\"EntryPoint\",\"urlTemplate\":\"https:\/\/dev.eliassen.nl\/de\/?s={search_term_string}\"},\"query-input\":{\"@type\":\"PropertyValueSpecification\",\"valueRequired\":true,\"valueName\":\"search_term_string\"}}],\"inLanguage\":\"de\"},{\"@type\":\"Organization\",\"@id\":\"https:\/\/dev.eliassen.nl\/de\/#organization\",\"name\":\"Eliassen Home & Garden Pleasure\",\"url\":\"https:\/\/dev.eliassen.nl\/de\/\",\"logo\":{\"@type\":\"ImageObject\",\"inLanguage\":\"de\",\"@id\":\"https:\/\/dev.eliassen.nl\/de\/#\/schema\/logo\/image\/\",\"url\":\"https:\/\/www.eliassen.nl\/wp-content\/uploads\/2024\/01\/logo_4nd.jpg\",\"contentUrl\":\"https:\/\/www.eliassen.nl\/wp-content\/uploads\/2024\/01\/logo_4nd.jpg\",\"width\":500,\"height\":500,\"caption\":\"Eliassen Home & Garden Pleasure\"},\"image\":{\"@id\":\"https:\/\/dev.eliassen.nl\/de\/#\/schema\/logo\/image\/\"},\"sameAs\":[\"https:\/\/www.facebook.com\/TuincentrumEliassenAmmerzoden\",\"https:\/\/www.instagram.com\/eliassenhomeandgarden\/\",\"https:\/\/nl.pinterest.com\/eliassenhomeandgarden\/\",\"https:\/\/www.youtube.com\/@eliassenhomegardenpleasure4558\"]}]}<\/script>\n<!-- \/ Yoast SEO plugin. -->","yoast_head_json":{"title":"Tischlampe Glasmosaik rote Kugel 17x17x15cm. - Eliassen Home&Garden","description":"Suchen Sie eine sch\u00f6ne Stimmungslampe aus Mosaikglas? Sie werden diese sch\u00f6ne Lampe in rotem Mosaik-Farbton sicherlich zu sch\u00e4tzen wissen. Eine sehr sch\u00f6ne S...","robots":{"index":"noindex","follow":"follow","max-snippet":"max-snippet:-1","max-image-preview":"max-image-preview:large","max-video-preview":"max-video-preview:-1"},"og_locale":"de_DE","og_type":"article","og_title":"Tischlampe Glasmosaik rote Kugel 17x17x15cm. - Eliassen Home&Garden","og_description":"Suchen Sie eine sch\u00f6ne Stimmungslampe aus Mosaikglas? Sie werden diese sch\u00f6ne Lampe in rotem Mosaik-Farbton sicherlich zu sch\u00e4tzen wissen. Eine sehr sch\u00f6ne S...","og_url":"https:\/\/dev.eliassen.nl\/de\/tischlampe-glasmosaik-rote-kugel-17x17x15cm\/","og_site_name":"Eliassen.nl","article_publisher":"https:\/\/www.facebook.com\/TuincentrumEliassenAmmerzoden","article_modified_time":"2024-12-05T15:34:47+00:00","og_image":[{"width":1653,"height":2048,"url":"https:\/\/dev.eliassen.nl\/wp-content\/uploads\/2024\/01\/glaslamproodeliassennl.jpg","type":"image\/jpeg"}],"twitter_card":"summary_large_image","schema":{"@context":"https:\/\/schema.org","@graph":[{"@type":"WebPage","@id":"https:\/\/dev.eliassen.nl\/de\/tischlampe-glasmosaik-rote-kugel-17x17x15cm\/","url":"https:\/\/dev.eliassen.nl\/de\/tischlampe-glasmosaik-rote-kugel-17x17x15cm\/","name":"Tischlampe Glasmosaik rote Kugel 17x17x15cm. - Eliassen Home&Garden","isPartOf":{"@id":"https:\/\/dev.eliassen.nl\/de\/#website"},"primaryImageOfPage":{"@id":"https:\/\/dev.eliassen.nl\/de\/tischlampe-glasmosaik-rote-kugel-17x17x15cm\/#primaryimage"},"image":{"@id":"https:\/\/dev.eliassen.nl\/de\/tischlampe-glasmosaik-rote-kugel-17x17x15cm\/#primaryimage"},"thumbnailUrl":"https:\/\/dev.eliassen.nl\/wp-content\/uploads\/2024\/01\/glaslamproodeliassennl.jpg","datePublished":"2023-09-08T12:08:21+00:00","dateModified":"2024-12-05T15:34:47+00:00","description":"Suchen Sie eine sch\u00f6ne Stimmungslampe aus Mosaikglas? Sie werden diese sch\u00f6ne Lampe in rotem Mosaik-Farbton sicherlich zu sch\u00e4tzen wissen. Eine sehr sch\u00f6ne S...","breadcrumb":{"@id":"https:\/\/dev.eliassen.nl\/de\/tischlampe-glasmosaik-rote-kugel-17x17x15cm\/#breadcrumb"},"inLanguage":"de","potentialAction":[{"@type":"ReadAction","target":["https:\/\/dev.eliassen.nl\/de\/tischlampe-glasmosaik-rote-kugel-17x17x15cm\/"]}]},{"@type":"ImageObject","inLanguage":"de","@id":"https:\/\/dev.eliassen.nl\/de\/tischlampe-glasmosaik-rote-kugel-17x17x15cm\/#primaryimage","url":"https:\/\/dev.eliassen.nl\/wp-content\/uploads\/2024\/01\/glaslamproodeliassennl.jpg","contentUrl":"https:\/\/dev.eliassen.nl\/wp-content\/uploads\/2024\/01\/glaslamproodeliassennl.jpg","width":1653,"height":2048,"caption":"glaslamp rood - Eliassen.nl"},{"@type":"BreadcrumbList","@id":"https:\/\/dev.eliassen.nl\/de\/tischlampe-glasmosaik-rote-kugel-17x17x15cm\/#breadcrumb","itemListElement":[{"@type":"ListItem","position":1,"name":"Home","item":"https:\/\/dev.eliassen.nl\/de\/"},{"@type":"ListItem","position":2,"name":"Shop","item":"https:\/\/dev.eliassen.nl\/nl\/winkel\/"},{"@type":"ListItem","position":3,"name":"Glaskunst","item":"https:\/\/dev.eliassen.nl\/de\/glaskunst\/"},{"@type":"ListItem","position":4,"name":"Glaslampen","item":"https:\/\/dev.eliassen.nl\/de\/glaskunst\/glaslampen\/"},{"@type":"ListItem","position":5,"name":"Tischlampe Glasmosaik rote Kugel 17x17x15cm."}]},{"@type":"WebSite","@id":"https:\/\/dev.eliassen.nl\/de\/#website","url":"https:\/\/dev.eliassen.nl\/de\/","name":"Eliassen Home & Garden Pleasure","description":"","publisher":{"@id":"https:\/\/dev.eliassen.nl\/de\/#organization"},"alternateName":"Eliassen.nl","potentialAction":[{"@type":"SearchAction","target":{"@type":"EntryPoint","urlTemplate":"https:\/\/dev.eliassen.nl\/de\/?s={search_term_string}"},"query-input":{"@type":"PropertyValueSpecification","valueRequired":true,"valueName":"search_term_string"}}],"inLanguage":"de"},{"@type":"Organization","@id":"https:\/\/dev.eliassen.nl\/de\/#organization","name":"Eliassen Home & Garden Pleasure","url":"https:\/\/dev.eliassen.nl\/de\/","logo":{"@type":"ImageObject","inLanguage":"de","@id":"https:\/\/dev.eliassen.nl\/de\/#\/schema\/logo\/image\/","url":"https:\/\/www.eliassen.nl\/wp-content\/uploads\/2024\/01\/logo_4nd.jpg","contentUrl":"https:\/\/www.eliassen.nl\/wp-content\/uploads\/2024\/01\/logo_4nd.jpg","width":500,"height":500,"caption":"Eliassen Home & Garden Pleasure"},"image":{"@id":"https:\/\/dev.eliassen.nl\/de\/#\/schema\/logo\/image\/"},"sameAs":["https:\/\/www.facebook.com\/TuincentrumEliassenAmmerzoden","https:\/\/www.instagram.com\/eliassenhomeandgarden\/","https:\/\/nl.pinterest.com\/eliassenhomeandgarden\/","https:\/\/www.youtube.com\/@eliassenhomegardenpleasure4558"]}]}},"df_price":34.5,"df_sale_price":"","df_regular_price":34.5,"df_image_link":"https:\/\/dev.eliassen.nl\/wp-content\/uploads\/2024\/01\/glaslamproodeliassennl.jpg","image":"https:\/\/dev.eliassen.nl\/wp-content\/uploads\/2024\/01\/glaslamproodeliassennl.jpg","price_search":"<span class=\"woocommerce-Price-amount amount\"><bdi><span class=\"woocommerce-Price-currencySymbol\">&euro;<\/span>&nbsp;34,50<\/bdi><\/span>","category":"Glaskunst","_links":{"self":[{"href":"https:\/\/dev.eliassen.nl\/de\/wp-json\/wp\/v2\/product\/94573","targetHints":{"allow":["GET"]}}],"collection":[{"href":"https:\/\/dev.eliassen.nl\/de\/wp-json\/wp\/v2\/product"}],"about":[{"href":"https:\/\/dev.eliassen.nl\/de\/wp-json\/wp\/v2\/types\/product"}],"wp:featuredmedia":[{"embeddable":true,"href":"https:\/\/dev.eliassen.nl\/de\/wp-json\/wp\/v2\/media\/94567"}],"wp:attachment":[{"href":"https:\/\/dev.eliassen.nl\/de\/wp-json\/wp\/v2\/media?parent=94573"}],"wp:term":[{"taxonomy":"product_brand","embeddable":true,"href":"https:\/\/dev.eliassen.nl\/de\/wp-json\/wp\/v2\/product_brand?post=94573"},{"taxonomy":"product_cat","embeddable":true,"href":"https:\/\/dev.eliassen.nl\/de\/wp-json\/wp\/v2\/product_cat?post=94573"},{"taxonomy":"product_tag","embeddable":true,"href":"https:\/\/dev.eliassen.nl\/de\/wp-json\/wp\/v2\/product_tag?post=94573"}],"curies":[{"name":"wp","href":"https:\/\/api.w.org\/{rel}","templated":true}]}}