{"id":94663,"date":"2023-09-12T14:16:13","date_gmt":"2023-09-12T12:16:13","guid":{"rendered":"https:\/\/www.eliassen.nl\/?product=sokkel-twirk-30x30x76cm-bruin"},"modified":"2024-12-05T16:35:02","modified_gmt":"2024-12-05T15:35:02","slug":"sockel-aus-gedrehtem-holz-swirl-30x30x76cm-braun","status":"publish","type":"product","link":"https:\/\/dev.eliassen.nl\/de\/sockel-aus-gedrehtem-holz-swirl-30x30x76cm-braun\/","title":{"rendered":"Sockel aus gedrehtem Holz Swirl 30x30x76cm braun"},"content":{"rendered":"<p>Bringen Sie mit diesem Holzsockel pure Sch\u00f6nheit der Natur in Ihr Zuhause.<\/p>\n<p>Hergestellt aus einem Block tropischem FSC-Hartholz, wundersch\u00f6n verarbeitet, sch\u00f6n glatt. Sch\u00f6ne Eleganz und besondere Form. Wundersch\u00f6n in Kombination mit einer Statue, einem Topf mit Pflanze usw.<\/p>\n<p><strong>Dieser Sockel kann auch in unserem Shop besichtigt werden.<\/strong><\/p>\n<ul>\n<li>Gr\u00f6\u00dfe: 28x28x50cm hoch<\/li>\n<li>Nur f\u00fcr den Innengebrauch<\/li>\n<li>Farbe: dunkelbraun<\/li>\n<li>Sehr stilvoll<\/li>\n<li>Maximale Belastung: 90 kg<\/li>\n<li>Material: geschliffenes Holz<\/li>\n<li>3 Jahre Garantie, ausgenommen \u00e4u\u00dfere Sch\u00e4den und Risse<\/li>\n<\/ul>\n","protected":false},"excerpt":{"rendered":"<p>Wundersch\u00f6n gefertigter Sockel aus FSC-Tropenholz<\/p>\n","protected":false},"featured_media":94660,"template":"","meta":{"_acf_changed":false},"product_brand":[],"product_cat":[794,782],"product_tag":[],"class_list":{"0":"post-94663","1":"product","2":"type-product","3":"status-publish","4":"has-post-thumbnail","6":"product_cat-holzsockel","7":"product_cat-sockel","9":"first","10":"instock","11":"taxable","12":"shipping-taxable","13":"purchasable","14":"product-type-simple"},"acf":[],"yoast_head":"<!-- This site is optimized with the Yoast SEO plugin v23.8 - https:\/\/yoast.com\/wordpress\/plugins\/seo\/ -->\n<title>Sockel Twirk 30x30x76cm braun<\/title>\n<meta name=\"description\" content=\"Holzsockel? Die gr\u00f6\u00dfte Auswahl an H\u00fcndinnen, die man live sehen kann!! Kommen Sie gerne vorbei. Parken kostenlos\" \/>\n<meta name=\"robots\" content=\"noindex, follow, max-snippet:-1, max-image-preview:large, max-video-preview:-1\" \/>\n<meta property=\"og:locale\" content=\"de_DE\" \/>\n<meta property=\"og:type\" content=\"article\" \/>\n<meta property=\"og:title\" content=\"Sockel Twirk 30x30x76cm braun\" \/>\n<meta property=\"og:description\" content=\"Holzsockel? Die gr\u00f6\u00dfte Auswahl an H\u00fcndinnen, die man live sehen kann!! Kommen Sie gerne vorbei. Parken kostenlos\" \/>\n<meta property=\"og:url\" content=\"https:\/\/dev.eliassen.nl\/de\/sockel-aus-gedrehtem-holz-swirl-30x30x76cm-braun\/\" \/>\n<meta property=\"og:site_name\" content=\"Eliassen.nl\" \/>\n<meta property=\"article:publisher\" content=\"https:\/\/www.facebook.com\/TuincentrumEliassenAmmerzoden\" \/>\n<meta property=\"article:modified_time\" content=\"2024-12-05T15:35:02+00:00\" \/>\n<meta property=\"og:image\" content=\"https:\/\/dev.eliassen.nl\/wp-content\/uploads\/2024\/01\/662300060.jpg\" \/>\n\t<meta property=\"og:image:width\" content=\"741\" \/>\n\t<meta property=\"og:image:height\" content=\"1000\" \/>\n\t<meta property=\"og:image:type\" content=\"image\/jpeg\" \/>\n<meta name=\"twitter:card\" content=\"summary_large_image\" \/>\n<script type=\"application\/ld+json\" class=\"yoast-schema-graph\">{\"@context\":\"https:\/\/schema.org\",\"@graph\":[{\"@type\":\"WebPage\",\"@id\":\"https:\/\/dev.eliassen.nl\/de\/sockel-aus-gedrehtem-holz-swirl-30x30x76cm-braun\/\",\"url\":\"https:\/\/dev.eliassen.nl\/de\/sockel-aus-gedrehtem-holz-swirl-30x30x76cm-braun\/\",\"name\":\"Sockel Twirk 30x30x76cm braun\",\"isPartOf\":{\"@id\":\"https:\/\/dev.eliassen.nl\/de\/#website\"},\"primaryImageOfPage\":{\"@id\":\"https:\/\/dev.eliassen.nl\/de\/sockel-aus-gedrehtem-holz-swirl-30x30x76cm-braun\/#primaryimage\"},\"image\":{\"@id\":\"https:\/\/dev.eliassen.nl\/de\/sockel-aus-gedrehtem-holz-swirl-30x30x76cm-braun\/#primaryimage\"},\"thumbnailUrl\":\"https:\/\/dev.eliassen.nl\/wp-content\/uploads\/2024\/01\/662300060.jpg\",\"datePublished\":\"2023-09-12T12:16:13+00:00\",\"dateModified\":\"2024-12-05T15:35:02+00:00\",\"description\":\"Holzsockel? Die gr\u00f6\u00dfte Auswahl an H\u00fcndinnen, die man live sehen kann!! Kommen Sie gerne vorbei. Parken kostenlos\",\"breadcrumb\":{\"@id\":\"https:\/\/dev.eliassen.nl\/de\/sockel-aus-gedrehtem-holz-swirl-30x30x76cm-braun\/#breadcrumb\"},\"inLanguage\":\"de\",\"potentialAction\":[{\"@type\":\"ReadAction\",\"target\":[\"https:\/\/dev.eliassen.nl\/de\/sockel-aus-gedrehtem-holz-swirl-30x30x76cm-braun\/\"]}]},{\"@type\":\"ImageObject\",\"inLanguage\":\"de\",\"@id\":\"https:\/\/dev.eliassen.nl\/de\/sockel-aus-gedrehtem-holz-swirl-30x30x76cm-braun\/#primaryimage\",\"url\":\"https:\/\/dev.eliassen.nl\/wp-content\/uploads\/2024\/01\/662300060.jpg\",\"contentUrl\":\"https:\/\/dev.eliassen.nl\/wp-content\/uploads\/2024\/01\/662300060.jpg\",\"width\":741,\"height\":1000,\"caption\":\"662300060\"},{\"@type\":\"BreadcrumbList\",\"@id\":\"https:\/\/dev.eliassen.nl\/de\/sockel-aus-gedrehtem-holz-swirl-30x30x76cm-braun\/#breadcrumb\",\"itemListElement\":[{\"@type\":\"ListItem\",\"position\":1,\"name\":\"Home\",\"item\":\"https:\/\/dev.eliassen.nl\/de\/\"},{\"@type\":\"ListItem\",\"position\":2,\"name\":\"Shop\",\"item\":\"https:\/\/dev.eliassen.nl\/nl\/winkel\/\"},{\"@type\":\"ListItem\",\"position\":3,\"name\":\"Sockel\",\"item\":\"https:\/\/dev.eliassen.nl\/de\/sockel\/\"},{\"@type\":\"ListItem\",\"position\":4,\"name\":\"Holzsockel\",\"item\":\"https:\/\/dev.eliassen.nl\/de\/sockel\/holzsockel\/\"},{\"@type\":\"ListItem\",\"position\":5,\"name\":\"Sockel aus gedrehtem Holz Swirl 30x30x76cm braun\"}]},{\"@type\":\"WebSite\",\"@id\":\"https:\/\/dev.eliassen.nl\/de\/#website\",\"url\":\"https:\/\/dev.eliassen.nl\/de\/\",\"name\":\"Eliassen Home & Garden Pleasure\",\"description\":\"\",\"publisher\":{\"@id\":\"https:\/\/dev.eliassen.nl\/de\/#organization\"},\"alternateName\":\"Eliassen.nl\",\"potentialAction\":[{\"@type\":\"SearchAction\",\"target\":{\"@type\":\"EntryPoint\",\"urlTemplate\":\"https:\/\/dev.eliassen.nl\/de\/?s={search_term_string}\"},\"query-input\":{\"@type\":\"PropertyValueSpecification\",\"valueRequired\":true,\"valueName\":\"search_term_string\"}}],\"inLanguage\":\"de\"},{\"@type\":\"Organization\",\"@id\":\"https:\/\/dev.eliassen.nl\/de\/#organization\",\"name\":\"Eliassen Home & Garden Pleasure\",\"url\":\"https:\/\/dev.eliassen.nl\/de\/\",\"logo\":{\"@type\":\"ImageObject\",\"inLanguage\":\"de\",\"@id\":\"https:\/\/dev.eliassen.nl\/de\/#\/schema\/logo\/image\/\",\"url\":\"https:\/\/www.eliassen.nl\/wp-content\/uploads\/2024\/01\/logo_4nd.jpg\",\"contentUrl\":\"https:\/\/www.eliassen.nl\/wp-content\/uploads\/2024\/01\/logo_4nd.jpg\",\"width\":500,\"height\":500,\"caption\":\"Eliassen Home & Garden Pleasure\"},\"image\":{\"@id\":\"https:\/\/dev.eliassen.nl\/de\/#\/schema\/logo\/image\/\"},\"sameAs\":[\"https:\/\/www.facebook.com\/TuincentrumEliassenAmmerzoden\",\"https:\/\/www.instagram.com\/eliassenhomeandgarden\/\",\"https:\/\/nl.pinterest.com\/eliassenhomeandgarden\/\",\"https:\/\/www.youtube.com\/@eliassenhomegardenpleasure4558\"]}]}<\/script>\n<!-- \/ Yoast SEO plugin. -->","yoast_head_json":{"title":"Sockel Twirk 30x30x76cm braun","description":"Holzsockel? Die gr\u00f6\u00dfte Auswahl an H\u00fcndinnen, die man live sehen kann!! Kommen Sie gerne vorbei. Parken kostenlos","robots":{"index":"noindex","follow":"follow","max-snippet":"max-snippet:-1","max-image-preview":"max-image-preview:large","max-video-preview":"max-video-preview:-1"},"og_locale":"de_DE","og_type":"article","og_title":"Sockel Twirk 30x30x76cm braun","og_description":"Holzsockel? Die gr\u00f6\u00dfte Auswahl an H\u00fcndinnen, die man live sehen kann!! Kommen Sie gerne vorbei. Parken kostenlos","og_url":"https:\/\/dev.eliassen.nl\/de\/sockel-aus-gedrehtem-holz-swirl-30x30x76cm-braun\/","og_site_name":"Eliassen.nl","article_publisher":"https:\/\/www.facebook.com\/TuincentrumEliassenAmmerzoden","article_modified_time":"2024-12-05T15:35:02+00:00","og_image":[{"width":741,"height":1000,"url":"https:\/\/dev.eliassen.nl\/wp-content\/uploads\/2024\/01\/662300060.jpg","type":"image\/jpeg"}],"twitter_card":"summary_large_image","schema":{"@context":"https:\/\/schema.org","@graph":[{"@type":"WebPage","@id":"https:\/\/dev.eliassen.nl\/de\/sockel-aus-gedrehtem-holz-swirl-30x30x76cm-braun\/","url":"https:\/\/dev.eliassen.nl\/de\/sockel-aus-gedrehtem-holz-swirl-30x30x76cm-braun\/","name":"Sockel Twirk 30x30x76cm braun","isPartOf":{"@id":"https:\/\/dev.eliassen.nl\/de\/#website"},"primaryImageOfPage":{"@id":"https:\/\/dev.eliassen.nl\/de\/sockel-aus-gedrehtem-holz-swirl-30x30x76cm-braun\/#primaryimage"},"image":{"@id":"https:\/\/dev.eliassen.nl\/de\/sockel-aus-gedrehtem-holz-swirl-30x30x76cm-braun\/#primaryimage"},"thumbnailUrl":"https:\/\/dev.eliassen.nl\/wp-content\/uploads\/2024\/01\/662300060.jpg","datePublished":"2023-09-12T12:16:13+00:00","dateModified":"2024-12-05T15:35:02+00:00","description":"Holzsockel? Die gr\u00f6\u00dfte Auswahl an H\u00fcndinnen, die man live sehen kann!! Kommen Sie gerne vorbei. Parken kostenlos","breadcrumb":{"@id":"https:\/\/dev.eliassen.nl\/de\/sockel-aus-gedrehtem-holz-swirl-30x30x76cm-braun\/#breadcrumb"},"inLanguage":"de","potentialAction":[{"@type":"ReadAction","target":["https:\/\/dev.eliassen.nl\/de\/sockel-aus-gedrehtem-holz-swirl-30x30x76cm-braun\/"]}]},{"@type":"ImageObject","inLanguage":"de","@id":"https:\/\/dev.eliassen.nl\/de\/sockel-aus-gedrehtem-holz-swirl-30x30x76cm-braun\/#primaryimage","url":"https:\/\/dev.eliassen.nl\/wp-content\/uploads\/2024\/01\/662300060.jpg","contentUrl":"https:\/\/dev.eliassen.nl\/wp-content\/uploads\/2024\/01\/662300060.jpg","width":741,"height":1000,"caption":"662300060"},{"@type":"BreadcrumbList","@id":"https:\/\/dev.eliassen.nl\/de\/sockel-aus-gedrehtem-holz-swirl-30x30x76cm-braun\/#breadcrumb","itemListElement":[{"@type":"ListItem","position":1,"name":"Home","item":"https:\/\/dev.eliassen.nl\/de\/"},{"@type":"ListItem","position":2,"name":"Shop","item":"https:\/\/dev.eliassen.nl\/nl\/winkel\/"},{"@type":"ListItem","position":3,"name":"Sockel","item":"https:\/\/dev.eliassen.nl\/de\/sockel\/"},{"@type":"ListItem","position":4,"name":"Holzsockel","item":"https:\/\/dev.eliassen.nl\/de\/sockel\/holzsockel\/"},{"@type":"ListItem","position":5,"name":"Sockel aus gedrehtem Holz Swirl 30x30x76cm braun"}]},{"@type":"WebSite","@id":"https:\/\/dev.eliassen.nl\/de\/#website","url":"https:\/\/dev.eliassen.nl\/de\/","name":"Eliassen Home & Garden Pleasure","description":"","publisher":{"@id":"https:\/\/dev.eliassen.nl\/de\/#organization"},"alternateName":"Eliassen.nl","potentialAction":[{"@type":"SearchAction","target":{"@type":"EntryPoint","urlTemplate":"https:\/\/dev.eliassen.nl\/de\/?s={search_term_string}"},"query-input":{"@type":"PropertyValueSpecification","valueRequired":true,"valueName":"search_term_string"}}],"inLanguage":"de"},{"@type":"Organization","@id":"https:\/\/dev.eliassen.nl\/de\/#organization","name":"Eliassen Home & Garden Pleasure","url":"https:\/\/dev.eliassen.nl\/de\/","logo":{"@type":"ImageObject","inLanguage":"de","@id":"https:\/\/dev.eliassen.nl\/de\/#\/schema\/logo\/image\/","url":"https:\/\/www.eliassen.nl\/wp-content\/uploads\/2024\/01\/logo_4nd.jpg","contentUrl":"https:\/\/www.eliassen.nl\/wp-content\/uploads\/2024\/01\/logo_4nd.jpg","width":500,"height":500,"caption":"Eliassen Home & Garden Pleasure"},"image":{"@id":"https:\/\/dev.eliassen.nl\/de\/#\/schema\/logo\/image\/"},"sameAs":["https:\/\/www.facebook.com\/TuincentrumEliassenAmmerzoden","https:\/\/www.instagram.com\/eliassenhomeandgarden\/","https:\/\/nl.pinterest.com\/eliassenhomeandgarden\/","https:\/\/www.youtube.com\/@eliassenhomegardenpleasure4558"]}]}},"df_price":225,"df_sale_price":"","df_regular_price":225,"df_image_link":"https:\/\/dev.eliassen.nl\/wp-content\/uploads\/2024\/01\/662300060.jpg","image":"https:\/\/dev.eliassen.nl\/wp-content\/uploads\/2024\/01\/662300060.jpg","price_search":"<span class=\"woocommerce-Price-amount amount\"><bdi><span class=\"woocommerce-Price-currencySymbol\">&euro;<\/span>&nbsp;225,00<\/bdi><\/span>","category":"Holzsockel","_links":{"self":[{"href":"https:\/\/dev.eliassen.nl\/de\/wp-json\/wp\/v2\/product\/94663","targetHints":{"allow":["GET"]}}],"collection":[{"href":"https:\/\/dev.eliassen.nl\/de\/wp-json\/wp\/v2\/product"}],"about":[{"href":"https:\/\/dev.eliassen.nl\/de\/wp-json\/wp\/v2\/types\/product"}],"wp:featuredmedia":[{"embeddable":true,"href":"https:\/\/dev.eliassen.nl\/de\/wp-json\/wp\/v2\/media\/94660"}],"wp:attachment":[{"href":"https:\/\/dev.eliassen.nl\/de\/wp-json\/wp\/v2\/media?parent=94663"}],"wp:term":[{"taxonomy":"product_brand","embeddable":true,"href":"https:\/\/dev.eliassen.nl\/de\/wp-json\/wp\/v2\/product_brand?post=94663"},{"taxonomy":"product_cat","embeddable":true,"href":"https:\/\/dev.eliassen.nl\/de\/wp-json\/wp\/v2\/product_cat?post=94663"},{"taxonomy":"product_tag","embeddable":true,"href":"https:\/\/dev.eliassen.nl\/de\/wp-json\/wp\/v2\/product_tag?post=94663"}],"curies":[{"name":"wp","href":"https:\/\/api.w.org\/{rel}","templated":true}]}}