{"id":94768,"date":"2023-09-13T11:49:00","date_gmt":"2023-09-13T09:49:00","guid":{"rendered":"https:\/\/www.eliassen.nl\/?product=glasschilderij-gouden-merken-boxen-60x80cm"},"modified":"2024-12-05T16:35:12","modified_gmt":"2024-12-05T15:35:12","slug":"glasmalerei-goldmarkenkasten-60x80cm","status":"publish","type":"product","link":"https:\/\/dev.eliassen.nl\/de\/glasmalerei-goldmarkenkasten-60x80cm\/","title":{"rendered":"Glasmalerei Goldmarkenk\u00e4sten 60x80cm."},"content":{"rendered":"<p>Ein wundersch\u00f6nes, modernes Glasgem\u00e4lde im Format 60x80cm ist eine sch\u00f6ne Wanddekoration f\u00fcr Wohnzimmer, K\u00fcche oder B\u00fcro. Dieses Glasgem\u00e4lde, das einen Stapel Markenkartons zeigt, ist ein gestochen scharfes Bild, das als Wandkunst in einem modernen Interieur gro\u00dfartig aussieht.<\/p>\n<p>Dieses Glasgem\u00e4lde verleiht als Wanddekoration einen sch\u00f6nen Glanz, da das Foto auf der R\u00fcckseite auf das 4 mm dicke Glas eingebrannt ist. Dieses moderne Glasgem\u00e4lde hat au\u00dferdem die Eigenschaft, dass es Goldfolie enth\u00e4lt, was diesem Glasgem\u00e4lde sch\u00f6ne Glanzeffekte verleiht.<\/p>\n<p><strong>Wir haben fast die gesamte auf unserer Website aufgef\u00fchrte Gem\u00e4ldesammlung in unserem Gesch\u00e4ft, was in den Niederlanden einzigartig ist!<\/strong><\/p>\n<ul>\n<li>Gr\u00f6\u00dfe 60x80cm<\/li>\n<li>Schnell geliefert<\/li>\n<li>Praktisch unzerbrechlich<\/li>\n<li>Super scharfes Bild<\/li>\n<li>4 mm dickes geh\u00e4rtetes Glas<\/li>\n<li>Nahezu unempfindlich gegen\u00fcber Kratzern<\/li>\n<li>Einfaches Aufh\u00e4ngen mit 2 Haken<\/li>\n<\/ul>\n","protected":false},"excerpt":{"rendered":"<p>Moderne Glasmalerei aus starkem, geh\u00e4rtetem Glas.<\/p>\n","protected":false},"featured_media":94765,"template":"","meta":{"_acf_changed":false},"product_brand":[],"product_cat":[410,998,443],"product_tag":[],"class_list":{"0":"post-94768","1":"product","2":"type-product","3":"status-publish","4":"has-post-thumbnail","6":"product_cat-gemaelde","7":"product_cat-glasmalerei-im-format-60x80cm","8":"product_cat-glasmalereien","10":"first","11":"instock","12":"taxable","13":"shipping-taxable","14":"purchasable","15":"product-type-simple"},"acf":[],"yoast_head":"<!-- This site is optimized with the Yoast SEO plugin v23.8 - https:\/\/yoast.com\/wordpress\/plugins\/seo\/ -->\n<title>Glasmalerei Goldmarkenk\u00e4sten 60x80cm. - Eliassen Home&amp;Garden<\/title>\n<meta name=\"description\" content=\"Auf der Suche nach einem kleinen Glasgem\u00e4lde. Sie werden dieses moderne Glasgem\u00e4lde mit wundersch\u00f6nen, auff\u00e4lligen Farben sicherlich zu sch\u00e4tzen wissen. Sehr...\" \/>\n<meta name=\"robots\" content=\"noindex, follow, max-snippet:-1, max-image-preview:large, max-video-preview:-1\" \/>\n<meta property=\"og:locale\" content=\"de_DE\" \/>\n<meta property=\"og:type\" content=\"article\" \/>\n<meta property=\"og:title\" content=\"Glasmalerei Goldmarkenk\u00e4sten 60x80cm. - Eliassen Home&amp;Garden\" \/>\n<meta property=\"og:description\" content=\"Auf der Suche nach einem kleinen Glasgem\u00e4lde. Sie werden dieses moderne Glasgem\u00e4lde mit wundersch\u00f6nen, auff\u00e4lligen Farben sicherlich zu sch\u00e4tzen wissen. Sehr...\" \/>\n<meta property=\"og:url\" content=\"https:\/\/dev.eliassen.nl\/de\/glasmalerei-goldmarkenkasten-60x80cm\/\" \/>\n<meta property=\"og:site_name\" content=\"Eliassen.nl\" \/>\n<meta property=\"article:publisher\" content=\"https:\/\/www.facebook.com\/TuincentrumEliassenAmmerzoden\" \/>\n<meta property=\"article:modified_time\" content=\"2024-12-05T15:35:12+00:00\" \/>\n<meta property=\"og:image\" content=\"https:\/\/dev.eliassen.nl\/wp-content\/uploads\/2024\/01\/glasschilderijgoudenmerkeneliassennl.jpg\" \/>\n\t<meta property=\"og:image:width\" content=\"900\" \/>\n\t<meta property=\"og:image:height\" content=\"1200\" \/>\n\t<meta property=\"og:image:type\" content=\"image\/jpeg\" \/>\n<meta name=\"twitter:card\" content=\"summary_large_image\" \/>\n<script type=\"application\/ld+json\" class=\"yoast-schema-graph\">{\"@context\":\"https:\/\/schema.org\",\"@graph\":[{\"@type\":\"WebPage\",\"@id\":\"https:\/\/dev.eliassen.nl\/de\/glasmalerei-goldmarkenkasten-60x80cm\/\",\"url\":\"https:\/\/dev.eliassen.nl\/de\/glasmalerei-goldmarkenkasten-60x80cm\/\",\"name\":\"Glasmalerei Goldmarkenk\u00e4sten 60x80cm. - Eliassen Home&Garden\",\"isPartOf\":{\"@id\":\"https:\/\/dev.eliassen.nl\/de\/#website\"},\"primaryImageOfPage\":{\"@id\":\"https:\/\/dev.eliassen.nl\/de\/glasmalerei-goldmarkenkasten-60x80cm\/#primaryimage\"},\"image\":{\"@id\":\"https:\/\/dev.eliassen.nl\/de\/glasmalerei-goldmarkenkasten-60x80cm\/#primaryimage\"},\"thumbnailUrl\":\"https:\/\/dev.eliassen.nl\/wp-content\/uploads\/2024\/01\/glasschilderijgoudenmerkeneliassennl.jpg\",\"datePublished\":\"2023-09-13T09:49:00+00:00\",\"dateModified\":\"2024-12-05T15:35:12+00:00\",\"description\":\"Auf der Suche nach einem kleinen Glasgem\u00e4lde. Sie werden dieses moderne Glasgem\u00e4lde mit wundersch\u00f6nen, auff\u00e4lligen Farben sicherlich zu sch\u00e4tzen wissen. Sehr...\",\"breadcrumb\":{\"@id\":\"https:\/\/dev.eliassen.nl\/de\/glasmalerei-goldmarkenkasten-60x80cm\/#breadcrumb\"},\"inLanguage\":\"de\",\"potentialAction\":[{\"@type\":\"ReadAction\",\"target\":[\"https:\/\/dev.eliassen.nl\/de\/glasmalerei-goldmarkenkasten-60x80cm\/\"]}]},{\"@type\":\"ImageObject\",\"inLanguage\":\"de\",\"@id\":\"https:\/\/dev.eliassen.nl\/de\/glasmalerei-goldmarkenkasten-60x80cm\/#primaryimage\",\"url\":\"https:\/\/dev.eliassen.nl\/wp-content\/uploads\/2024\/01\/glasschilderijgoudenmerkeneliassennl.jpg\",\"contentUrl\":\"https:\/\/dev.eliassen.nl\/wp-content\/uploads\/2024\/01\/glasschilderijgoudenmerkeneliassennl.jpg\",\"width\":900,\"height\":1200,\"caption\":\"glasschilderij gouden merken - Eliassen.nl\"},{\"@type\":\"BreadcrumbList\",\"@id\":\"https:\/\/dev.eliassen.nl\/de\/glasmalerei-goldmarkenkasten-60x80cm\/#breadcrumb\",\"itemListElement\":[{\"@type\":\"ListItem\",\"position\":1,\"name\":\"Home\",\"item\":\"https:\/\/dev.eliassen.nl\/de\/\"},{\"@type\":\"ListItem\",\"position\":2,\"name\":\"Shop\",\"item\":\"https:\/\/dev.eliassen.nl\/nl\/winkel\/\"},{\"@type\":\"ListItem\",\"position\":3,\"name\":\"Glasmalereien\",\"item\":\"https:\/\/dev.eliassen.nl\/de\/gemaelde\/glasmalereien\/\"},{\"@type\":\"ListItem\",\"position\":4,\"name\":\"Glasmalerei im Format 60x80cm\",\"item\":\"https:\/\/dev.eliassen.nl\/de\/gemaelde\/glasmalereien\/glasmalerei-im-format-60x80cm\/\"},{\"@type\":\"ListItem\",\"position\":5,\"name\":\"Glasmalerei Goldmarkenk\u00e4sten 60x80cm.\"}]},{\"@type\":\"WebSite\",\"@id\":\"https:\/\/dev.eliassen.nl\/de\/#website\",\"url\":\"https:\/\/dev.eliassen.nl\/de\/\",\"name\":\"Eliassen Home & Garden Pleasure\",\"description\":\"\",\"publisher\":{\"@id\":\"https:\/\/dev.eliassen.nl\/de\/#organization\"},\"alternateName\":\"Eliassen.nl\",\"potentialAction\":[{\"@type\":\"SearchAction\",\"target\":{\"@type\":\"EntryPoint\",\"urlTemplate\":\"https:\/\/dev.eliassen.nl\/de\/?s={search_term_string}\"},\"query-input\":{\"@type\":\"PropertyValueSpecification\",\"valueRequired\":true,\"valueName\":\"search_term_string\"}}],\"inLanguage\":\"de\"},{\"@type\":\"Organization\",\"@id\":\"https:\/\/dev.eliassen.nl\/de\/#organization\",\"name\":\"Eliassen Home & Garden Pleasure\",\"url\":\"https:\/\/dev.eliassen.nl\/de\/\",\"logo\":{\"@type\":\"ImageObject\",\"inLanguage\":\"de\",\"@id\":\"https:\/\/dev.eliassen.nl\/de\/#\/schema\/logo\/image\/\",\"url\":\"https:\/\/www.eliassen.nl\/wp-content\/uploads\/2024\/01\/logo_4nd.jpg\",\"contentUrl\":\"https:\/\/www.eliassen.nl\/wp-content\/uploads\/2024\/01\/logo_4nd.jpg\",\"width\":500,\"height\":500,\"caption\":\"Eliassen Home & Garden Pleasure\"},\"image\":{\"@id\":\"https:\/\/dev.eliassen.nl\/de\/#\/schema\/logo\/image\/\"},\"sameAs\":[\"https:\/\/www.facebook.com\/TuincentrumEliassenAmmerzoden\",\"https:\/\/www.instagram.com\/eliassenhomeandgarden\/\",\"https:\/\/nl.pinterest.com\/eliassenhomeandgarden\/\",\"https:\/\/www.youtube.com\/@eliassenhomegardenpleasure4558\"]}]}<\/script>\n<!-- \/ Yoast SEO plugin. -->","yoast_head_json":{"title":"Glasmalerei Goldmarkenk\u00e4sten 60x80cm. - Eliassen Home&Garden","description":"Auf der Suche nach einem kleinen Glasgem\u00e4lde. Sie werden dieses moderne Glasgem\u00e4lde mit wundersch\u00f6nen, auff\u00e4lligen Farben sicherlich zu sch\u00e4tzen wissen. Sehr...","robots":{"index":"noindex","follow":"follow","max-snippet":"max-snippet:-1","max-image-preview":"max-image-preview:large","max-video-preview":"max-video-preview:-1"},"og_locale":"de_DE","og_type":"article","og_title":"Glasmalerei Goldmarkenk\u00e4sten 60x80cm. - Eliassen Home&Garden","og_description":"Auf der Suche nach einem kleinen Glasgem\u00e4lde. Sie werden dieses moderne Glasgem\u00e4lde mit wundersch\u00f6nen, auff\u00e4lligen Farben sicherlich zu sch\u00e4tzen wissen. Sehr...","og_url":"https:\/\/dev.eliassen.nl\/de\/glasmalerei-goldmarkenkasten-60x80cm\/","og_site_name":"Eliassen.nl","article_publisher":"https:\/\/www.facebook.com\/TuincentrumEliassenAmmerzoden","article_modified_time":"2024-12-05T15:35:12+00:00","og_image":[{"width":900,"height":1200,"url":"https:\/\/dev.eliassen.nl\/wp-content\/uploads\/2024\/01\/glasschilderijgoudenmerkeneliassennl.jpg","type":"image\/jpeg"}],"twitter_card":"summary_large_image","schema":{"@context":"https:\/\/schema.org","@graph":[{"@type":"WebPage","@id":"https:\/\/dev.eliassen.nl\/de\/glasmalerei-goldmarkenkasten-60x80cm\/","url":"https:\/\/dev.eliassen.nl\/de\/glasmalerei-goldmarkenkasten-60x80cm\/","name":"Glasmalerei Goldmarkenk\u00e4sten 60x80cm. - Eliassen Home&Garden","isPartOf":{"@id":"https:\/\/dev.eliassen.nl\/de\/#website"},"primaryImageOfPage":{"@id":"https:\/\/dev.eliassen.nl\/de\/glasmalerei-goldmarkenkasten-60x80cm\/#primaryimage"},"image":{"@id":"https:\/\/dev.eliassen.nl\/de\/glasmalerei-goldmarkenkasten-60x80cm\/#primaryimage"},"thumbnailUrl":"https:\/\/dev.eliassen.nl\/wp-content\/uploads\/2024\/01\/glasschilderijgoudenmerkeneliassennl.jpg","datePublished":"2023-09-13T09:49:00+00:00","dateModified":"2024-12-05T15:35:12+00:00","description":"Auf der Suche nach einem kleinen Glasgem\u00e4lde. Sie werden dieses moderne Glasgem\u00e4lde mit wundersch\u00f6nen, auff\u00e4lligen Farben sicherlich zu sch\u00e4tzen wissen. Sehr...","breadcrumb":{"@id":"https:\/\/dev.eliassen.nl\/de\/glasmalerei-goldmarkenkasten-60x80cm\/#breadcrumb"},"inLanguage":"de","potentialAction":[{"@type":"ReadAction","target":["https:\/\/dev.eliassen.nl\/de\/glasmalerei-goldmarkenkasten-60x80cm\/"]}]},{"@type":"ImageObject","inLanguage":"de","@id":"https:\/\/dev.eliassen.nl\/de\/glasmalerei-goldmarkenkasten-60x80cm\/#primaryimage","url":"https:\/\/dev.eliassen.nl\/wp-content\/uploads\/2024\/01\/glasschilderijgoudenmerkeneliassennl.jpg","contentUrl":"https:\/\/dev.eliassen.nl\/wp-content\/uploads\/2024\/01\/glasschilderijgoudenmerkeneliassennl.jpg","width":900,"height":1200,"caption":"glasschilderij gouden merken - Eliassen.nl"},{"@type":"BreadcrumbList","@id":"https:\/\/dev.eliassen.nl\/de\/glasmalerei-goldmarkenkasten-60x80cm\/#breadcrumb","itemListElement":[{"@type":"ListItem","position":1,"name":"Home","item":"https:\/\/dev.eliassen.nl\/de\/"},{"@type":"ListItem","position":2,"name":"Shop","item":"https:\/\/dev.eliassen.nl\/nl\/winkel\/"},{"@type":"ListItem","position":3,"name":"Glasmalereien","item":"https:\/\/dev.eliassen.nl\/de\/gemaelde\/glasmalereien\/"},{"@type":"ListItem","position":4,"name":"Glasmalerei im Format 60x80cm","item":"https:\/\/dev.eliassen.nl\/de\/gemaelde\/glasmalereien\/glasmalerei-im-format-60x80cm\/"},{"@type":"ListItem","position":5,"name":"Glasmalerei Goldmarkenk\u00e4sten 60x80cm."}]},{"@type":"WebSite","@id":"https:\/\/dev.eliassen.nl\/de\/#website","url":"https:\/\/dev.eliassen.nl\/de\/","name":"Eliassen Home & Garden Pleasure","description":"","publisher":{"@id":"https:\/\/dev.eliassen.nl\/de\/#organization"},"alternateName":"Eliassen.nl","potentialAction":[{"@type":"SearchAction","target":{"@type":"EntryPoint","urlTemplate":"https:\/\/dev.eliassen.nl\/de\/?s={search_term_string}"},"query-input":{"@type":"PropertyValueSpecification","valueRequired":true,"valueName":"search_term_string"}}],"inLanguage":"de"},{"@type":"Organization","@id":"https:\/\/dev.eliassen.nl\/de\/#organization","name":"Eliassen Home & Garden Pleasure","url":"https:\/\/dev.eliassen.nl\/de\/","logo":{"@type":"ImageObject","inLanguage":"de","@id":"https:\/\/dev.eliassen.nl\/de\/#\/schema\/logo\/image\/","url":"https:\/\/www.eliassen.nl\/wp-content\/uploads\/2024\/01\/logo_4nd.jpg","contentUrl":"https:\/\/www.eliassen.nl\/wp-content\/uploads\/2024\/01\/logo_4nd.jpg","width":500,"height":500,"caption":"Eliassen Home & Garden Pleasure"},"image":{"@id":"https:\/\/dev.eliassen.nl\/de\/#\/schema\/logo\/image\/"},"sameAs":["https:\/\/www.facebook.com\/TuincentrumEliassenAmmerzoden","https:\/\/www.instagram.com\/eliassenhomeandgarden\/","https:\/\/nl.pinterest.com\/eliassenhomeandgarden\/","https:\/\/www.youtube.com\/@eliassenhomegardenpleasure4558"]}]}},"df_price":109,"df_sale_price":"","df_regular_price":109,"df_image_link":"https:\/\/dev.eliassen.nl\/wp-content\/uploads\/2024\/01\/glasschilderijgoudenmerkeneliassennl.jpg","image":"https:\/\/dev.eliassen.nl\/wp-content\/uploads\/2024\/01\/glasschilderijgoudenmerkeneliassennl.jpg","price_search":"<span class=\"woocommerce-Price-amount amount\"><bdi><span class=\"woocommerce-Price-currencySymbol\">&euro;<\/span>&nbsp;109,00<\/bdi><\/span>","category":"Gem\u00e4lde","_links":{"self":[{"href":"https:\/\/dev.eliassen.nl\/de\/wp-json\/wp\/v2\/product\/94768","targetHints":{"allow":["GET"]}}],"collection":[{"href":"https:\/\/dev.eliassen.nl\/de\/wp-json\/wp\/v2\/product"}],"about":[{"href":"https:\/\/dev.eliassen.nl\/de\/wp-json\/wp\/v2\/types\/product"}],"wp:featuredmedia":[{"embeddable":true,"href":"https:\/\/dev.eliassen.nl\/de\/wp-json\/wp\/v2\/media\/94765"}],"wp:attachment":[{"href":"https:\/\/dev.eliassen.nl\/de\/wp-json\/wp\/v2\/media?parent=94768"}],"wp:term":[{"taxonomy":"product_brand","embeddable":true,"href":"https:\/\/dev.eliassen.nl\/de\/wp-json\/wp\/v2\/product_brand?post=94768"},{"taxonomy":"product_cat","embeddable":true,"href":"https:\/\/dev.eliassen.nl\/de\/wp-json\/wp\/v2\/product_cat?post=94768"},{"taxonomy":"product_tag","embeddable":true,"href":"https:\/\/dev.eliassen.nl\/de\/wp-json\/wp\/v2\/product_tag?post=94768"}],"curies":[{"name":"wp","href":"https:\/\/api.w.org\/{rel}","templated":true}]}}