{"id":94786,"date":"2023-09-14T09:51:05","date_gmt":"2023-09-14T07:51:05","guid":{"rendered":"https:\/\/www.eliassen.nl\/?product=afrikaans-bronzen-beeld-zittende-dame-met-hoed-29c"},"modified":"2024-12-05T16:35:20","modified_gmt":"2024-12-05T15:35:20","slug":"afrikanische-bronzestatue-einer-sitzenden-dame-mit-hut-29-cm","status":"publish","type":"product","link":"https:\/\/dev.eliassen.nl\/de\/afrikanische-bronzestatue-einer-sitzenden-dame-mit-hut-29-cm\/","title":{"rendered":"Afrikanische Bronzestatue einer sitzenden Dame mit Hut, 29 cm"},"content":{"rendered":"<p>Wundersch\u00f6ne massive Bronzestatue einer sitzenden Frau mit Hut, gefertigt aus hochwertiger Bronze. Wundersch\u00f6n f\u00fcr Ihr Zuhause oder zum Verschenken. Diese Statue wird ohne Sockel geliefert.<\/p>\n<p>Diese Statue wurde, wie schon seit Hunderten von Jahren, auf sehr primitive Weise hergestellt, mit einem holzbefeuerten Schmelzofen und in einer Form gegossen, die jedes Mal erneuert werden muss. Nach dem Gussprozess wird die Bronzestatue weiter poliert, poliert und bemalt.<\/p>\n<p>Dieses Produkt leistet einen Beitrag zur Besch\u00e4ftigung im Sahel-Land Burkino Faso, die Menschen dort sind uns sehr dankbar f\u00fcr die Bestellungen und daf\u00fcr, dass daf\u00fcr ein fairer Preis gezahlt wird, der den Menschen dort den Aufbau eines angemessenen Lebens erm\u00f6glicht.<\/p>\n<p>In unserem Gesch\u00e4ft haben wir viele Sockel und S\u00e4ulen, auf denen diese Bronzeskulptur gut zur Geltung kommt. Kommen Sie und sehen Sie es mit Ihren eigenen Augen.<\/p>\n<ul>\n<li>Gr\u00f6\u00dfe: 14x29cm hoch insgesamt.<\/li>\n<li>Farbe: Dunkelbraun\/Hellgr\u00fcn<\/li>\n<li>Einzigartiges Fair-Trade-Produkt.<\/li>\n<li>Material: Massive Bronze<\/li>\n<li>15 Jahre Garantie.<\/li>\n<li><strong>Viele dieser Bronzestatuenserien k\u00f6nnen auch live in unserem Shop besichtigt werden!<\/strong><\/li>\n<\/ul>\n<p>\u00a0<\/p>\n","protected":false},"excerpt":{"rendered":"<p>Afrikanische Bronzestatue<\/p>\n","protected":false},"featured_media":94780,"template":"","meta":{"_acf_changed":false},"product_brand":[],"product_cat":[1373,613,7239],"product_tag":[],"class_list":{"0":"post-94786","1":"product","2":"type-product","3":"status-publish","4":"has-post-thumbnail","6":"product_cat-afrikanische-bronzestatuen","7":"product_cat-bronzestatuen","8":"product_cat-statuen-skulpturen","10":"first","11":"instock","12":"taxable","13":"shipping-taxable","14":"purchasable","15":"product-type-simple"},"acf":[],"yoast_head":"<!-- This site is optimized with the Yoast SEO plugin v23.8 - https:\/\/yoast.com\/wordpress\/plugins\/seo\/ -->\n<title>Afrikanische Bronzestatue einer sitzenden Dame mit Hut, 29 cm<\/title>\n<meta name=\"description\" content=\"Afrika-Figuren? Sehen Sie sich unser riesiges Sortiment in unserem Webshop an oder kommen Sie vorbei und sehen Sie sich alles live bei uns an!! \u2705Gr\u00f6\u00dfte Auswa...\" \/>\n<meta name=\"robots\" content=\"noindex, follow, max-snippet:-1, max-image-preview:large, max-video-preview:-1\" \/>\n<meta property=\"og:locale\" content=\"de_DE\" \/>\n<meta property=\"og:type\" content=\"article\" \/>\n<meta property=\"og:title\" content=\"Afrikanische Bronzestatue einer sitzenden Dame mit Hut, 29 cm\" \/>\n<meta property=\"og:description\" content=\"Afrika-Figuren? Sehen Sie sich unser riesiges Sortiment in unserem Webshop an oder kommen Sie vorbei und sehen Sie sich alles live bei uns an!! \u2705Gr\u00f6\u00dfte Auswa...\" \/>\n<meta property=\"og:url\" content=\"https:\/\/dev.eliassen.nl\/de\/afrikanische-bronzestatue-einer-sitzenden-dame-mit-hut-29-cm\/\" \/>\n<meta property=\"og:site_name\" content=\"Eliassen.nl\" \/>\n<meta property=\"article:publisher\" content=\"https:\/\/www.facebook.com\/TuincentrumEliassenAmmerzoden\" \/>\n<meta property=\"article:modified_time\" content=\"2024-12-05T15:35:20+00:00\" \/>\n<meta property=\"og:image\" content=\"https:\/\/dev.eliassen.nl\/wp-content\/uploads\/2024\/01\/prov9fndexm.jpg\" \/>\n\t<meta property=\"og:image:width\" content=\"1152\" \/>\n\t<meta property=\"og:image:height\" content=\"2048\" \/>\n\t<meta property=\"og:image:type\" content=\"image\/jpeg\" \/>\n<meta name=\"twitter:card\" content=\"summary_large_image\" \/>\n<script type=\"application\/ld+json\" class=\"yoast-schema-graph\">{\"@context\":\"https:\/\/schema.org\",\"@graph\":[{\"@type\":\"WebPage\",\"@id\":\"https:\/\/dev.eliassen.nl\/de\/afrikanische-bronzestatue-einer-sitzenden-dame-mit-hut-29-cm\/\",\"url\":\"https:\/\/dev.eliassen.nl\/de\/afrikanische-bronzestatue-einer-sitzenden-dame-mit-hut-29-cm\/\",\"name\":\"Afrikanische Bronzestatue einer sitzenden Dame mit Hut, 29 cm\",\"isPartOf\":{\"@id\":\"https:\/\/dev.eliassen.nl\/de\/#website\"},\"primaryImageOfPage\":{\"@id\":\"https:\/\/dev.eliassen.nl\/de\/afrikanische-bronzestatue-einer-sitzenden-dame-mit-hut-29-cm\/#primaryimage\"},\"image\":{\"@id\":\"https:\/\/dev.eliassen.nl\/de\/afrikanische-bronzestatue-einer-sitzenden-dame-mit-hut-29-cm\/#primaryimage\"},\"thumbnailUrl\":\"https:\/\/dev.eliassen.nl\/wp-content\/uploads\/2024\/01\/prov9fndexm.jpg\",\"datePublished\":\"2023-09-14T07:51:05+00:00\",\"dateModified\":\"2024-12-05T15:35:20+00:00\",\"description\":\"Afrika-Figuren? Sehen Sie sich unser riesiges Sortiment in unserem Webshop an oder kommen Sie vorbei und sehen Sie sich alles live bei uns an!! \u2705Gr\u00f6\u00dfte Auswa...\",\"breadcrumb\":{\"@id\":\"https:\/\/dev.eliassen.nl\/de\/afrikanische-bronzestatue-einer-sitzenden-dame-mit-hut-29-cm\/#breadcrumb\"},\"inLanguage\":\"de\",\"potentialAction\":[{\"@type\":\"ReadAction\",\"target\":[\"https:\/\/dev.eliassen.nl\/de\/afrikanische-bronzestatue-einer-sitzenden-dame-mit-hut-29-cm\/\"]}]},{\"@type\":\"ImageObject\",\"inLanguage\":\"de\",\"@id\":\"https:\/\/dev.eliassen.nl\/de\/afrikanische-bronzestatue-einer-sitzenden-dame-mit-hut-29-cm\/#primaryimage\",\"url\":\"https:\/\/dev.eliassen.nl\/wp-content\/uploads\/2024\/01\/prov9fndexm.jpg\",\"contentUrl\":\"https:\/\/dev.eliassen.nl\/wp-content\/uploads\/2024\/01\/prov9fndexm.jpg\",\"width\":1152,\"height\":2048,\"caption\":\"pro-v9FNDExm\"},{\"@type\":\"BreadcrumbList\",\"@id\":\"https:\/\/dev.eliassen.nl\/de\/afrikanische-bronzestatue-einer-sitzenden-dame-mit-hut-29-cm\/#breadcrumb\",\"itemListElement\":[{\"@type\":\"ListItem\",\"position\":1,\"name\":\"Home\",\"item\":\"https:\/\/dev.eliassen.nl\/de\/\"},{\"@type\":\"ListItem\",\"position\":2,\"name\":\"Shop\",\"item\":\"https:\/\/dev.eliassen.nl\/nl\/winkel\/\"},{\"@type\":\"ListItem\",\"position\":3,\"name\":\"Bronzestatuen\",\"item\":\"https:\/\/dev.eliassen.nl\/de\/bilder\/bronzestatuen\/\"},{\"@type\":\"ListItem\",\"position\":4,\"name\":\"Afrikanische Bronzestatuen\",\"item\":\"https:\/\/dev.eliassen.nl\/de\/bilder\/bronzestatuen\/afrikanische-bronzestatuen\/\"},{\"@type\":\"ListItem\",\"position\":5,\"name\":\"Afrikanische Bronzestatue einer sitzenden Dame mit Hut, 29 cm\"}]},{\"@type\":\"WebSite\",\"@id\":\"https:\/\/dev.eliassen.nl\/de\/#website\",\"url\":\"https:\/\/dev.eliassen.nl\/de\/\",\"name\":\"Eliassen Home & Garden Pleasure\",\"description\":\"\",\"publisher\":{\"@id\":\"https:\/\/dev.eliassen.nl\/de\/#organization\"},\"alternateName\":\"Eliassen.nl\",\"potentialAction\":[{\"@type\":\"SearchAction\",\"target\":{\"@type\":\"EntryPoint\",\"urlTemplate\":\"https:\/\/dev.eliassen.nl\/de\/?s={search_term_string}\"},\"query-input\":{\"@type\":\"PropertyValueSpecification\",\"valueRequired\":true,\"valueName\":\"search_term_string\"}}],\"inLanguage\":\"de\"},{\"@type\":\"Organization\",\"@id\":\"https:\/\/dev.eliassen.nl\/de\/#organization\",\"name\":\"Eliassen Home & Garden Pleasure\",\"url\":\"https:\/\/dev.eliassen.nl\/de\/\",\"logo\":{\"@type\":\"ImageObject\",\"inLanguage\":\"de\",\"@id\":\"https:\/\/dev.eliassen.nl\/de\/#\/schema\/logo\/image\/\",\"url\":\"https:\/\/www.eliassen.nl\/wp-content\/uploads\/2024\/01\/logo_4nd.jpg\",\"contentUrl\":\"https:\/\/www.eliassen.nl\/wp-content\/uploads\/2024\/01\/logo_4nd.jpg\",\"width\":500,\"height\":500,\"caption\":\"Eliassen Home & Garden Pleasure\"},\"image\":{\"@id\":\"https:\/\/dev.eliassen.nl\/de\/#\/schema\/logo\/image\/\"},\"sameAs\":[\"https:\/\/www.facebook.com\/TuincentrumEliassenAmmerzoden\",\"https:\/\/www.instagram.com\/eliassenhomeandgarden\/\",\"https:\/\/nl.pinterest.com\/eliassenhomeandgarden\/\",\"https:\/\/www.youtube.com\/@eliassenhomegardenpleasure4558\"]}]}<\/script>\n<!-- \/ Yoast SEO plugin. -->","yoast_head_json":{"title":"Afrikanische Bronzestatue einer sitzenden Dame mit Hut, 29 cm","description":"Afrika-Figuren? Sehen Sie sich unser riesiges Sortiment in unserem Webshop an oder kommen Sie vorbei und sehen Sie sich alles live bei uns an!! \u2705Gr\u00f6\u00dfte Auswa...","robots":{"index":"noindex","follow":"follow","max-snippet":"max-snippet:-1","max-image-preview":"max-image-preview:large","max-video-preview":"max-video-preview:-1"},"og_locale":"de_DE","og_type":"article","og_title":"Afrikanische Bronzestatue einer sitzenden Dame mit Hut, 29 cm","og_description":"Afrika-Figuren? Sehen Sie sich unser riesiges Sortiment in unserem Webshop an oder kommen Sie vorbei und sehen Sie sich alles live bei uns an!! \u2705Gr\u00f6\u00dfte Auswa...","og_url":"https:\/\/dev.eliassen.nl\/de\/afrikanische-bronzestatue-einer-sitzenden-dame-mit-hut-29-cm\/","og_site_name":"Eliassen.nl","article_publisher":"https:\/\/www.facebook.com\/TuincentrumEliassenAmmerzoden","article_modified_time":"2024-12-05T15:35:20+00:00","og_image":[{"width":1152,"height":2048,"url":"https:\/\/dev.eliassen.nl\/wp-content\/uploads\/2024\/01\/prov9fndexm.jpg","type":"image\/jpeg"}],"twitter_card":"summary_large_image","schema":{"@context":"https:\/\/schema.org","@graph":[{"@type":"WebPage","@id":"https:\/\/dev.eliassen.nl\/de\/afrikanische-bronzestatue-einer-sitzenden-dame-mit-hut-29-cm\/","url":"https:\/\/dev.eliassen.nl\/de\/afrikanische-bronzestatue-einer-sitzenden-dame-mit-hut-29-cm\/","name":"Afrikanische Bronzestatue einer sitzenden Dame mit Hut, 29 cm","isPartOf":{"@id":"https:\/\/dev.eliassen.nl\/de\/#website"},"primaryImageOfPage":{"@id":"https:\/\/dev.eliassen.nl\/de\/afrikanische-bronzestatue-einer-sitzenden-dame-mit-hut-29-cm\/#primaryimage"},"image":{"@id":"https:\/\/dev.eliassen.nl\/de\/afrikanische-bronzestatue-einer-sitzenden-dame-mit-hut-29-cm\/#primaryimage"},"thumbnailUrl":"https:\/\/dev.eliassen.nl\/wp-content\/uploads\/2024\/01\/prov9fndexm.jpg","datePublished":"2023-09-14T07:51:05+00:00","dateModified":"2024-12-05T15:35:20+00:00","description":"Afrika-Figuren? Sehen Sie sich unser riesiges Sortiment in unserem Webshop an oder kommen Sie vorbei und sehen Sie sich alles live bei uns an!! \u2705Gr\u00f6\u00dfte Auswa...","breadcrumb":{"@id":"https:\/\/dev.eliassen.nl\/de\/afrikanische-bronzestatue-einer-sitzenden-dame-mit-hut-29-cm\/#breadcrumb"},"inLanguage":"de","potentialAction":[{"@type":"ReadAction","target":["https:\/\/dev.eliassen.nl\/de\/afrikanische-bronzestatue-einer-sitzenden-dame-mit-hut-29-cm\/"]}]},{"@type":"ImageObject","inLanguage":"de","@id":"https:\/\/dev.eliassen.nl\/de\/afrikanische-bronzestatue-einer-sitzenden-dame-mit-hut-29-cm\/#primaryimage","url":"https:\/\/dev.eliassen.nl\/wp-content\/uploads\/2024\/01\/prov9fndexm.jpg","contentUrl":"https:\/\/dev.eliassen.nl\/wp-content\/uploads\/2024\/01\/prov9fndexm.jpg","width":1152,"height":2048,"caption":"pro-v9FNDExm"},{"@type":"BreadcrumbList","@id":"https:\/\/dev.eliassen.nl\/de\/afrikanische-bronzestatue-einer-sitzenden-dame-mit-hut-29-cm\/#breadcrumb","itemListElement":[{"@type":"ListItem","position":1,"name":"Home","item":"https:\/\/dev.eliassen.nl\/de\/"},{"@type":"ListItem","position":2,"name":"Shop","item":"https:\/\/dev.eliassen.nl\/nl\/winkel\/"},{"@type":"ListItem","position":3,"name":"Bronzestatuen","item":"https:\/\/dev.eliassen.nl\/de\/bilder\/bronzestatuen\/"},{"@type":"ListItem","position":4,"name":"Afrikanische Bronzestatuen","item":"https:\/\/dev.eliassen.nl\/de\/bilder\/bronzestatuen\/afrikanische-bronzestatuen\/"},{"@type":"ListItem","position":5,"name":"Afrikanische Bronzestatue einer sitzenden Dame mit Hut, 29 cm"}]},{"@type":"WebSite","@id":"https:\/\/dev.eliassen.nl\/de\/#website","url":"https:\/\/dev.eliassen.nl\/de\/","name":"Eliassen Home & Garden Pleasure","description":"","publisher":{"@id":"https:\/\/dev.eliassen.nl\/de\/#organization"},"alternateName":"Eliassen.nl","potentialAction":[{"@type":"SearchAction","target":{"@type":"EntryPoint","urlTemplate":"https:\/\/dev.eliassen.nl\/de\/?s={search_term_string}"},"query-input":{"@type":"PropertyValueSpecification","valueRequired":true,"valueName":"search_term_string"}}],"inLanguage":"de"},{"@type":"Organization","@id":"https:\/\/dev.eliassen.nl\/de\/#organization","name":"Eliassen Home & Garden Pleasure","url":"https:\/\/dev.eliassen.nl\/de\/","logo":{"@type":"ImageObject","inLanguage":"de","@id":"https:\/\/dev.eliassen.nl\/de\/#\/schema\/logo\/image\/","url":"https:\/\/www.eliassen.nl\/wp-content\/uploads\/2024\/01\/logo_4nd.jpg","contentUrl":"https:\/\/www.eliassen.nl\/wp-content\/uploads\/2024\/01\/logo_4nd.jpg","width":500,"height":500,"caption":"Eliassen Home & Garden Pleasure"},"image":{"@id":"https:\/\/dev.eliassen.nl\/de\/#\/schema\/logo\/image\/"},"sameAs":["https:\/\/www.facebook.com\/TuincentrumEliassenAmmerzoden","https:\/\/www.instagram.com\/eliassenhomeandgarden\/","https:\/\/nl.pinterest.com\/eliassenhomeandgarden\/","https:\/\/www.youtube.com\/@eliassenhomegardenpleasure4558"]}]}},"df_price":259,"df_sale_price":"","df_regular_price":259,"df_image_link":"https:\/\/dev.eliassen.nl\/wp-content\/uploads\/2024\/01\/prov9fndexm.jpg","image":"https:\/\/dev.eliassen.nl\/wp-content\/uploads\/2024\/01\/prov9fndexm.jpg","price_search":"<span class=\"woocommerce-Price-amount amount\"><bdi><span class=\"woocommerce-Price-currencySymbol\">&euro;<\/span>&nbsp;259,00<\/bdi><\/span>","category":"Afrikanische Bronzestatuen","_links":{"self":[{"href":"https:\/\/dev.eliassen.nl\/de\/wp-json\/wp\/v2\/product\/94786","targetHints":{"allow":["GET"]}}],"collection":[{"href":"https:\/\/dev.eliassen.nl\/de\/wp-json\/wp\/v2\/product"}],"about":[{"href":"https:\/\/dev.eliassen.nl\/de\/wp-json\/wp\/v2\/types\/product"}],"wp:featuredmedia":[{"embeddable":true,"href":"https:\/\/dev.eliassen.nl\/de\/wp-json\/wp\/v2\/media\/94780"}],"wp:attachment":[{"href":"https:\/\/dev.eliassen.nl\/de\/wp-json\/wp\/v2\/media?parent=94786"}],"wp:term":[{"taxonomy":"product_brand","embeddable":true,"href":"https:\/\/dev.eliassen.nl\/de\/wp-json\/wp\/v2\/product_brand?post=94786"},{"taxonomy":"product_cat","embeddable":true,"href":"https:\/\/dev.eliassen.nl\/de\/wp-json\/wp\/v2\/product_cat?post=94786"},{"taxonomy":"product_tag","embeddable":true,"href":"https:\/\/dev.eliassen.nl\/de\/wp-json\/wp\/v2\/product_tag?post=94786"}],"curies":[{"name":"wp","href":"https:\/\/api.w.org\/{rel}","templated":true}]}}