{"id":94798,"date":"2023-09-14T16:01:01","date_gmt":"2023-09-14T14:01:01","guid":{"rendered":"https:\/\/www.eliassen.nl\/?product=speksteen-beeld-liefdesknoop-8cm"},"modified":"2024-12-05T16:35:21","modified_gmt":"2024-12-05T15:35:21","slug":"specksteinstatue-liebesknoten-8cm","status":"publish","type":"product","link":"https:\/\/dev.eliassen.nl\/de\/specksteinstatue-liebesknoten-8cm\/","title":{"rendered":"Specksteinstatue Liebesknoten 8cm"},"content":{"rendered":"<p>G\u00f6nnen Sie sich oder jemand anderem eine handgefertigte Statue aus Speckstein oder Serpentinstein. Diese Figuren aus Simbabwe werden mit gr\u00f6\u00dfter Sorgfalt manuell aus einem St\u00fcck Stein gefertigt. Alles wundersch\u00f6ne Kunstwerke aus Zentralafrika.<\/p>\n<p>Serpentin oder Speckstein, aus dem diese Statuen gefertigt sind, sind weiche Steinarten, die in verschiedenen Farben vor allem in Zentralafrika vorkommen. Sch\u00f6n gl\u00e4nzend, in verschiedenen Farben, meist jedoch dunkelgrau.<\/p>\n<p>Diese Steinbrocken werden viele Stunden lang mit verschiedenen Werkzeugen bearbeitet, dann geschliffen und poliert, bis sie die richtige Gr\u00f6\u00dfe, Form und den richtigen Glanz haben.<\/p>\n<p>Dieses Modellbild mit Liebesknoten kann in Farbe und Form vom Foto abweichen, da es sich um Handarbeit und zudem um ein Naturmaterial handelt.<\/p>\n<ul>\n<li>Gr\u00f6\u00dfe 7x5x8cm hoch<\/li>\n<li>Material: Speckstein Serpentin<\/li>\n<li>Farbe: braun\/schwarz<\/li>\n<li>Geeignet f\u00fcr drinnen und drau\u00dfen<\/li>\n<li>Jede Statue ist in Form und Farbe einzigartig<\/li>\n<li>Kann auch in unserem Shop besichtigt werden<\/li>\n<\/ul>\n","protected":false},"excerpt":{"rendered":"<p>Freundschaftsknoten aus Serpentin aus Simbabwe, 8 cm hoch<\/p>\n","protected":false},"featured_media":94789,"template":"","meta":{"_acf_changed":false},"product_brand":[],"product_cat":[1382,7239],"product_tag":[],"class_list":{"0":"post-94798","1":"product","2":"type-product","3":"status-publish","4":"has-post-thumbnail","6":"product_cat-statuen-aus-speckstein","7":"product_cat-statuen-skulpturen","9":"first","10":"instock","11":"taxable","12":"shipping-taxable","13":"purchasable","14":"product-type-simple"},"acf":[],"yoast_head":"<!-- This site is optimized with the Yoast SEO plugin v23.8 - https:\/\/yoast.com\/wordpress\/plugins\/seo\/ -->\n<title>Specksteinstatue Liebesknoten 8cm<\/title>\n<meta name=\"description\" content=\"Steinfiguren? Sehen Sie sich unser riesiges Sortiment in unserem Webshop an oder kommen Sie vorbei und sehen Sie sich alles live bei uns an!! \u2705Gr\u00f6\u00dfte Auswahl...\" \/>\n<meta name=\"robots\" content=\"noindex, follow, max-snippet:-1, max-image-preview:large, max-video-preview:-1\" \/>\n<meta property=\"og:locale\" content=\"de_DE\" \/>\n<meta property=\"og:type\" content=\"article\" \/>\n<meta property=\"og:title\" content=\"Specksteinstatue Liebesknoten 8cm\" \/>\n<meta property=\"og:description\" content=\"Steinfiguren? Sehen Sie sich unser riesiges Sortiment in unserem Webshop an oder kommen Sie vorbei und sehen Sie sich alles live bei uns an!! \u2705Gr\u00f6\u00dfte Auswahl...\" \/>\n<meta property=\"og:url\" content=\"https:\/\/dev.eliassen.nl\/de\/specksteinstatue-liebesknoten-8cm\/\" \/>\n<meta property=\"og:site_name\" content=\"Eliassen.nl\" \/>\n<meta property=\"article:publisher\" content=\"https:\/\/www.facebook.com\/TuincentrumEliassenAmmerzoden\" \/>\n<meta property=\"article:modified_time\" content=\"2024-12-05T15:35:21+00:00\" \/>\n<meta property=\"og:image\" content=\"https:\/\/dev.eliassen.nl\/wp-content\/uploads\/2024\/01\/speksteenbeeldliefdesknoop8cmeliassennl.png\" \/>\n\t<meta property=\"og:image:width\" content=\"716\" \/>\n\t<meta property=\"og:image:height\" content=\"960\" \/>\n\t<meta property=\"og:image:type\" content=\"image\/png\" \/>\n<meta name=\"twitter:card\" content=\"summary_large_image\" \/>\n<script type=\"application\/ld+json\" class=\"yoast-schema-graph\">{\"@context\":\"https:\/\/schema.org\",\"@graph\":[{\"@type\":\"WebPage\",\"@id\":\"https:\/\/dev.eliassen.nl\/de\/specksteinstatue-liebesknoten-8cm\/\",\"url\":\"https:\/\/dev.eliassen.nl\/de\/specksteinstatue-liebesknoten-8cm\/\",\"name\":\"Specksteinstatue Liebesknoten 8cm\",\"isPartOf\":{\"@id\":\"https:\/\/dev.eliassen.nl\/de\/#website\"},\"primaryImageOfPage\":{\"@id\":\"https:\/\/dev.eliassen.nl\/de\/specksteinstatue-liebesknoten-8cm\/#primaryimage\"},\"image\":{\"@id\":\"https:\/\/dev.eliassen.nl\/de\/specksteinstatue-liebesknoten-8cm\/#primaryimage\"},\"thumbnailUrl\":\"https:\/\/dev.eliassen.nl\/wp-content\/uploads\/2024\/01\/speksteenbeeldliefdesknoop8cmeliassennl.png\",\"datePublished\":\"2023-09-14T14:01:01+00:00\",\"dateModified\":\"2024-12-05T15:35:21+00:00\",\"description\":\"Steinfiguren? Sehen Sie sich unser riesiges Sortiment in unserem Webshop an oder kommen Sie vorbei und sehen Sie sich alles live bei uns an!! \u2705Gr\u00f6\u00dfte Auswahl...\",\"breadcrumb\":{\"@id\":\"https:\/\/dev.eliassen.nl\/de\/specksteinstatue-liebesknoten-8cm\/#breadcrumb\"},\"inLanguage\":\"de\",\"potentialAction\":[{\"@type\":\"ReadAction\",\"target\":[\"https:\/\/dev.eliassen.nl\/de\/specksteinstatue-liebesknoten-8cm\/\"]}]},{\"@type\":\"ImageObject\",\"inLanguage\":\"de\",\"@id\":\"https:\/\/dev.eliassen.nl\/de\/specksteinstatue-liebesknoten-8cm\/#primaryimage\",\"url\":\"https:\/\/dev.eliassen.nl\/wp-content\/uploads\/2024\/01\/speksteenbeeldliefdesknoop8cmeliassennl.png\",\"contentUrl\":\"https:\/\/dev.eliassen.nl\/wp-content\/uploads\/2024\/01\/speksteenbeeldliefdesknoop8cmeliassennl.png\",\"width\":716,\"height\":960,\"caption\":\"Speksteen beeld Liefdesknoop 8cm eliassen.nl\"},{\"@type\":\"BreadcrumbList\",\"@id\":\"https:\/\/dev.eliassen.nl\/de\/specksteinstatue-liebesknoten-8cm\/#breadcrumb\",\"itemListElement\":[{\"@type\":\"ListItem\",\"position\":1,\"name\":\"Home\",\"item\":\"https:\/\/dev.eliassen.nl\/de\/\"},{\"@type\":\"ListItem\",\"position\":2,\"name\":\"Shop\",\"item\":\"https:\/\/dev.eliassen.nl\/nl\/winkel\/\"},{\"@type\":\"ListItem\",\"position\":3,\"name\":\"Statuen-Skulpturen\",\"item\":\"https:\/\/dev.eliassen.nl\/de\/statuen-skulpturen\/\"},{\"@type\":\"ListItem\",\"position\":4,\"name\":\"Statuen aus Speckstein\",\"item\":\"https:\/\/dev.eliassen.nl\/de\/bilder\/statuen-aus-speckstein\/\"},{\"@type\":\"ListItem\",\"position\":5,\"name\":\"Specksteinstatue Liebesknoten 8cm\"}]},{\"@type\":\"WebSite\",\"@id\":\"https:\/\/dev.eliassen.nl\/de\/#website\",\"url\":\"https:\/\/dev.eliassen.nl\/de\/\",\"name\":\"Eliassen Home & Garden Pleasure\",\"description\":\"\",\"publisher\":{\"@id\":\"https:\/\/dev.eliassen.nl\/de\/#organization\"},\"alternateName\":\"Eliassen.nl\",\"potentialAction\":[{\"@type\":\"SearchAction\",\"target\":{\"@type\":\"EntryPoint\",\"urlTemplate\":\"https:\/\/dev.eliassen.nl\/de\/?s={search_term_string}\"},\"query-input\":{\"@type\":\"PropertyValueSpecification\",\"valueRequired\":true,\"valueName\":\"search_term_string\"}}],\"inLanguage\":\"de\"},{\"@type\":\"Organization\",\"@id\":\"https:\/\/dev.eliassen.nl\/de\/#organization\",\"name\":\"Eliassen Home & Garden Pleasure\",\"url\":\"https:\/\/dev.eliassen.nl\/de\/\",\"logo\":{\"@type\":\"ImageObject\",\"inLanguage\":\"de\",\"@id\":\"https:\/\/dev.eliassen.nl\/de\/#\/schema\/logo\/image\/\",\"url\":\"https:\/\/www.eliassen.nl\/wp-content\/uploads\/2024\/01\/logo_4nd.jpg\",\"contentUrl\":\"https:\/\/www.eliassen.nl\/wp-content\/uploads\/2024\/01\/logo_4nd.jpg\",\"width\":500,\"height\":500,\"caption\":\"Eliassen Home & Garden Pleasure\"},\"image\":{\"@id\":\"https:\/\/dev.eliassen.nl\/de\/#\/schema\/logo\/image\/\"},\"sameAs\":[\"https:\/\/www.facebook.com\/TuincentrumEliassenAmmerzoden\",\"https:\/\/www.instagram.com\/eliassenhomeandgarden\/\",\"https:\/\/nl.pinterest.com\/eliassenhomeandgarden\/\",\"https:\/\/www.youtube.com\/@eliassenhomegardenpleasure4558\"]}]}<\/script>\n<!-- \/ Yoast SEO plugin. -->","yoast_head_json":{"title":"Specksteinstatue Liebesknoten 8cm","description":"Steinfiguren? Sehen Sie sich unser riesiges Sortiment in unserem Webshop an oder kommen Sie vorbei und sehen Sie sich alles live bei uns an!! \u2705Gr\u00f6\u00dfte Auswahl...","robots":{"index":"noindex","follow":"follow","max-snippet":"max-snippet:-1","max-image-preview":"max-image-preview:large","max-video-preview":"max-video-preview:-1"},"og_locale":"de_DE","og_type":"article","og_title":"Specksteinstatue Liebesknoten 8cm","og_description":"Steinfiguren? Sehen Sie sich unser riesiges Sortiment in unserem Webshop an oder kommen Sie vorbei und sehen Sie sich alles live bei uns an!! \u2705Gr\u00f6\u00dfte Auswahl...","og_url":"https:\/\/dev.eliassen.nl\/de\/specksteinstatue-liebesknoten-8cm\/","og_site_name":"Eliassen.nl","article_publisher":"https:\/\/www.facebook.com\/TuincentrumEliassenAmmerzoden","article_modified_time":"2024-12-05T15:35:21+00:00","og_image":[{"width":716,"height":960,"url":"https:\/\/dev.eliassen.nl\/wp-content\/uploads\/2024\/01\/speksteenbeeldliefdesknoop8cmeliassennl.png","type":"image\/png"}],"twitter_card":"summary_large_image","schema":{"@context":"https:\/\/schema.org","@graph":[{"@type":"WebPage","@id":"https:\/\/dev.eliassen.nl\/de\/specksteinstatue-liebesknoten-8cm\/","url":"https:\/\/dev.eliassen.nl\/de\/specksteinstatue-liebesknoten-8cm\/","name":"Specksteinstatue Liebesknoten 8cm","isPartOf":{"@id":"https:\/\/dev.eliassen.nl\/de\/#website"},"primaryImageOfPage":{"@id":"https:\/\/dev.eliassen.nl\/de\/specksteinstatue-liebesknoten-8cm\/#primaryimage"},"image":{"@id":"https:\/\/dev.eliassen.nl\/de\/specksteinstatue-liebesknoten-8cm\/#primaryimage"},"thumbnailUrl":"https:\/\/dev.eliassen.nl\/wp-content\/uploads\/2024\/01\/speksteenbeeldliefdesknoop8cmeliassennl.png","datePublished":"2023-09-14T14:01:01+00:00","dateModified":"2024-12-05T15:35:21+00:00","description":"Steinfiguren? Sehen Sie sich unser riesiges Sortiment in unserem Webshop an oder kommen Sie vorbei und sehen Sie sich alles live bei uns an!! \u2705Gr\u00f6\u00dfte Auswahl...","breadcrumb":{"@id":"https:\/\/dev.eliassen.nl\/de\/specksteinstatue-liebesknoten-8cm\/#breadcrumb"},"inLanguage":"de","potentialAction":[{"@type":"ReadAction","target":["https:\/\/dev.eliassen.nl\/de\/specksteinstatue-liebesknoten-8cm\/"]}]},{"@type":"ImageObject","inLanguage":"de","@id":"https:\/\/dev.eliassen.nl\/de\/specksteinstatue-liebesknoten-8cm\/#primaryimage","url":"https:\/\/dev.eliassen.nl\/wp-content\/uploads\/2024\/01\/speksteenbeeldliefdesknoop8cmeliassennl.png","contentUrl":"https:\/\/dev.eliassen.nl\/wp-content\/uploads\/2024\/01\/speksteenbeeldliefdesknoop8cmeliassennl.png","width":716,"height":960,"caption":"Speksteen beeld Liefdesknoop 8cm eliassen.nl"},{"@type":"BreadcrumbList","@id":"https:\/\/dev.eliassen.nl\/de\/specksteinstatue-liebesknoten-8cm\/#breadcrumb","itemListElement":[{"@type":"ListItem","position":1,"name":"Home","item":"https:\/\/dev.eliassen.nl\/de\/"},{"@type":"ListItem","position":2,"name":"Shop","item":"https:\/\/dev.eliassen.nl\/nl\/winkel\/"},{"@type":"ListItem","position":3,"name":"Statuen-Skulpturen","item":"https:\/\/dev.eliassen.nl\/de\/statuen-skulpturen\/"},{"@type":"ListItem","position":4,"name":"Statuen aus Speckstein","item":"https:\/\/dev.eliassen.nl\/de\/bilder\/statuen-aus-speckstein\/"},{"@type":"ListItem","position":5,"name":"Specksteinstatue Liebesknoten 8cm"}]},{"@type":"WebSite","@id":"https:\/\/dev.eliassen.nl\/de\/#website","url":"https:\/\/dev.eliassen.nl\/de\/","name":"Eliassen Home & Garden Pleasure","description":"","publisher":{"@id":"https:\/\/dev.eliassen.nl\/de\/#organization"},"alternateName":"Eliassen.nl","potentialAction":[{"@type":"SearchAction","target":{"@type":"EntryPoint","urlTemplate":"https:\/\/dev.eliassen.nl\/de\/?s={search_term_string}"},"query-input":{"@type":"PropertyValueSpecification","valueRequired":true,"valueName":"search_term_string"}}],"inLanguage":"de"},{"@type":"Organization","@id":"https:\/\/dev.eliassen.nl\/de\/#organization","name":"Eliassen Home & Garden Pleasure","url":"https:\/\/dev.eliassen.nl\/de\/","logo":{"@type":"ImageObject","inLanguage":"de","@id":"https:\/\/dev.eliassen.nl\/de\/#\/schema\/logo\/image\/","url":"https:\/\/www.eliassen.nl\/wp-content\/uploads\/2024\/01\/logo_4nd.jpg","contentUrl":"https:\/\/www.eliassen.nl\/wp-content\/uploads\/2024\/01\/logo_4nd.jpg","width":500,"height":500,"caption":"Eliassen Home & Garden Pleasure"},"image":{"@id":"https:\/\/dev.eliassen.nl\/de\/#\/schema\/logo\/image\/"},"sameAs":["https:\/\/www.facebook.com\/TuincentrumEliassenAmmerzoden","https:\/\/www.instagram.com\/eliassenhomeandgarden\/","https:\/\/nl.pinterest.com\/eliassenhomeandgarden\/","https:\/\/www.youtube.com\/@eliassenhomegardenpleasure4558"]}]}},"df_price":24.5,"df_sale_price":"","df_regular_price":24.5,"df_image_link":"https:\/\/dev.eliassen.nl\/wp-content\/uploads\/2024\/01\/speksteenbeeldliefdesknoop8cmeliassennl.png","image":"https:\/\/dev.eliassen.nl\/wp-content\/uploads\/2024\/01\/speksteenbeeldliefdesknoop8cmeliassennl.png","price_search":"<span class=\"woocommerce-Price-amount amount\"><bdi><span class=\"woocommerce-Price-currencySymbol\">&euro;<\/span>&nbsp;24,50<\/bdi><\/span>","category":"Statuen aus Speckstein","_links":{"self":[{"href":"https:\/\/dev.eliassen.nl\/de\/wp-json\/wp\/v2\/product\/94798","targetHints":{"allow":["GET"]}}],"collection":[{"href":"https:\/\/dev.eliassen.nl\/de\/wp-json\/wp\/v2\/product"}],"about":[{"href":"https:\/\/dev.eliassen.nl\/de\/wp-json\/wp\/v2\/types\/product"}],"wp:featuredmedia":[{"embeddable":true,"href":"https:\/\/dev.eliassen.nl\/de\/wp-json\/wp\/v2\/media\/94789"}],"wp:attachment":[{"href":"https:\/\/dev.eliassen.nl\/de\/wp-json\/wp\/v2\/media?parent=94798"}],"wp:term":[{"taxonomy":"product_brand","embeddable":true,"href":"https:\/\/dev.eliassen.nl\/de\/wp-json\/wp\/v2\/product_brand?post=94798"},{"taxonomy":"product_cat","embeddable":true,"href":"https:\/\/dev.eliassen.nl\/de\/wp-json\/wp\/v2\/product_cat?post=94798"},{"taxonomy":"product_tag","embeddable":true,"href":"https:\/\/dev.eliassen.nl\/de\/wp-json\/wp\/v2\/product_tag?post=94798"}],"curies":[{"name":"wp","href":"https:\/\/api.w.org\/{rel}","templated":true}]}}