{"id":94987,"date":"2023-09-23T12:03:33","date_gmt":"2023-09-23T10:03:33","guid":{"rendered":"https:\/\/www.eliassen.nl\/?product=watertafel-cortenstaal-andrew-90x90cm"},"modified":"2024-12-05T16:35:37","modified_gmt":"2024-12-05T15:35:37","slug":"wassertisch-cortenstahl-andrew-90x90cm","status":"publish","type":"product","link":"https:\/\/dev.eliassen.nl\/de\/wassertisch-cortenstahl-andrew-90x90cm\/","title":{"rendered":"Wassertisch aus Cortenstahl, quadratisch, Andrew, 90 x 90 cm"},"content":{"rendered":"<p>Sehr sch\u00f6ner Wassertisch aus 1,5 mm dickem Cortenstahl. Das Wasser bildet auf der Oberseite eine Wasserschicht, die an den R\u00e4ndern dezent abflie\u00dft. Auf Wunsch k\u00f6nnen auch Steine auf das Plateau gestreut werden.<\/p>\n<p>Ein LED-Licht an der Oberseite verleiht dem Ganzen im Dunkeln eine sehr sch\u00f6ne Atmosph\u00e4re. Kabel verlaufen durch das Rohr im Boden. Zur Wasserspeicherung steht ein quadratischer Wasserbeh\u00e4lter aus Kunststoff zur Verf\u00fcgung. Leeren Sie diesen Beh\u00e4lter bei Frost.<\/p>\n<p>Der Wassertisch wird mit einer LED-Leuchte und einer Pumpe geliefert. Pumpe mit 10 m Kabel, LED-Licht mit 5 m Kabel.<\/p>\n<ul>\n<li>Material: Cortenstahl 1,5 mm<\/li>\n<li>Gr\u00f6\u00dfe: 90x90x40cm hoch<\/li>\n<li>Inklusive LED-Licht und Pumpe<\/li>\n<li>1 Jahr Garantie<\/li>\n<\/ul>\n<p>Besuchen Sie uns und sehen Sie einen gro\u00dfen Teil unserer Kollektion <strong>live<\/strong> in unserem Showroom!<\/p>\n<p>Haben Sie eine Frage zu diesem Produkt? Schicken Sie uns <a href=\"mailto:info@eliassen.nl\">eine E-Mail<\/a> und stellen Sie Ihre Frage.<\/p>\n","protected":false},"excerpt":{"rendered":"<p>In Rostfarbe<\/p>\n","protected":false},"featured_media":94981,"template":"","meta":{"_acf_changed":false},"product_brand":[6916],"product_cat":[548,536],"product_tag":[],"class_list":{"0":"post-94987","1":"product","2":"type-product","3":"status-publish","4":"has-post-thumbnail","6":"product_brand-eliassen-de","7":"product_cat-terrassenbrunnen","8":"product_cat-wassereigenschaften","10":"first","11":"instock","12":"taxable","13":"shipping-taxable","14":"purchasable","15":"product-type-simple"},"acf":[],"yoast_head":"<!-- This site is optimized with the Yoast SEO plugin v23.8 - https:\/\/yoast.com\/wordpress\/plugins\/seo\/ -->\n<title>Wassertisch Cortenstahl Andrew 90x90cm<\/title>\n<meta name=\"description\" content=\"Terrassenbrunnen und Wasserspiele, kommen Sie zum Spezialisten!! Gratis Parkpl\u00e4tze.\" \/>\n<meta name=\"robots\" content=\"noindex, follow, max-snippet:-1, max-image-preview:large, max-video-preview:-1\" \/>\n<meta property=\"og:locale\" content=\"de_DE\" \/>\n<meta property=\"og:type\" content=\"article\" \/>\n<meta property=\"og:title\" content=\"Wassertisch Cortenstahl Andrew 90x90cm\" \/>\n<meta property=\"og:description\" content=\"Terrassenbrunnen und Wasserspiele, kommen Sie zum Spezialisten!! Gratis Parkpl\u00e4tze.\" \/>\n<meta property=\"og:url\" content=\"https:\/\/dev.eliassen.nl\/de\/wassertisch-cortenstahl-andrew-90x90cm\/\" \/>\n<meta property=\"og:site_name\" content=\"Eliassen.nl\" \/>\n<meta property=\"article:publisher\" content=\"https:\/\/www.facebook.com\/TuincentrumEliassenAmmerzoden\" \/>\n<meta property=\"article:modified_time\" content=\"2024-12-05T15:35:37+00:00\" \/>\n<meta property=\"og:image\" content=\"https:\/\/dev.eliassen.nl\/wp-content\/uploads\/2024\/01\/9042000.jpg\" \/>\n\t<meta property=\"og:image:width\" content=\"2048\" \/>\n\t<meta property=\"og:image:height\" content=\"1305\" \/>\n\t<meta property=\"og:image:type\" content=\"image\/jpeg\" \/>\n<meta name=\"twitter:card\" content=\"summary_large_image\" \/>\n<script type=\"application\/ld+json\" class=\"yoast-schema-graph\">{\"@context\":\"https:\/\/schema.org\",\"@graph\":[{\"@type\":\"WebPage\",\"@id\":\"https:\/\/dev.eliassen.nl\/de\/wassertisch-cortenstahl-andrew-90x90cm\/\",\"url\":\"https:\/\/dev.eliassen.nl\/de\/wassertisch-cortenstahl-andrew-90x90cm\/\",\"name\":\"Wassertisch Cortenstahl Andrew 90x90cm\",\"isPartOf\":{\"@id\":\"https:\/\/dev.eliassen.nl\/de\/#website\"},\"primaryImageOfPage\":{\"@id\":\"https:\/\/dev.eliassen.nl\/de\/wassertisch-cortenstahl-andrew-90x90cm\/#primaryimage\"},\"image\":{\"@id\":\"https:\/\/dev.eliassen.nl\/de\/wassertisch-cortenstahl-andrew-90x90cm\/#primaryimage\"},\"thumbnailUrl\":\"https:\/\/dev.eliassen.nl\/wp-content\/uploads\/2024\/01\/9042000.jpg\",\"datePublished\":\"2023-09-23T10:03:33+00:00\",\"dateModified\":\"2024-12-05T15:35:37+00:00\",\"description\":\"Terrassenbrunnen und Wasserspiele, kommen Sie zum Spezialisten!! Gratis Parkpl\u00e4tze.\",\"breadcrumb\":{\"@id\":\"https:\/\/dev.eliassen.nl\/de\/wassertisch-cortenstahl-andrew-90x90cm\/#breadcrumb\"},\"inLanguage\":\"de\",\"potentialAction\":[{\"@type\":\"ReadAction\",\"target\":[\"https:\/\/dev.eliassen.nl\/de\/wassertisch-cortenstahl-andrew-90x90cm\/\"]}]},{\"@type\":\"ImageObject\",\"inLanguage\":\"de\",\"@id\":\"https:\/\/dev.eliassen.nl\/de\/wassertisch-cortenstahl-andrew-90x90cm\/#primaryimage\",\"url\":\"https:\/\/dev.eliassen.nl\/wp-content\/uploads\/2024\/01\/9042000.jpg\",\"contentUrl\":\"https:\/\/dev.eliassen.nl\/wp-content\/uploads\/2024\/01\/9042000.jpg\",\"width\":2048,\"height\":1305,\"caption\":\"9042-000\"},{\"@type\":\"BreadcrumbList\",\"@id\":\"https:\/\/dev.eliassen.nl\/de\/wassertisch-cortenstahl-andrew-90x90cm\/#breadcrumb\",\"itemListElement\":[{\"@type\":\"ListItem\",\"position\":1,\"name\":\"Home\",\"item\":\"https:\/\/dev.eliassen.nl\/de\/\"},{\"@type\":\"ListItem\",\"position\":2,\"name\":\"Shop\",\"item\":\"https:\/\/dev.eliassen.nl\/nl\/winkel\/\"},{\"@type\":\"ListItem\",\"position\":3,\"name\":\"Wasserspiele\",\"item\":\"https:\/\/dev.eliassen.nl\/de\/wassereigenschaften\/\"},{\"@type\":\"ListItem\",\"position\":4,\"name\":\"Terrassenbrunnen\",\"item\":\"https:\/\/dev.eliassen.nl\/de\/wassereigenschaften\/terrassenbrunnen\/\"},{\"@type\":\"ListItem\",\"position\":5,\"name\":\"Wassertisch aus Cortenstahl, quadratisch, Andrew, 90 x 90 cm\"}]},{\"@type\":\"WebSite\",\"@id\":\"https:\/\/dev.eliassen.nl\/de\/#website\",\"url\":\"https:\/\/dev.eliassen.nl\/de\/\",\"name\":\"Eliassen Home & Garden Pleasure\",\"description\":\"\",\"publisher\":{\"@id\":\"https:\/\/dev.eliassen.nl\/de\/#organization\"},\"alternateName\":\"Eliassen.nl\",\"potentialAction\":[{\"@type\":\"SearchAction\",\"target\":{\"@type\":\"EntryPoint\",\"urlTemplate\":\"https:\/\/dev.eliassen.nl\/de\/?s={search_term_string}\"},\"query-input\":{\"@type\":\"PropertyValueSpecification\",\"valueRequired\":true,\"valueName\":\"search_term_string\"}}],\"inLanguage\":\"de\"},{\"@type\":\"Organization\",\"@id\":\"https:\/\/dev.eliassen.nl\/de\/#organization\",\"name\":\"Eliassen Home & Garden Pleasure\",\"url\":\"https:\/\/dev.eliassen.nl\/de\/\",\"logo\":{\"@type\":\"ImageObject\",\"inLanguage\":\"de\",\"@id\":\"https:\/\/dev.eliassen.nl\/de\/#\/schema\/logo\/image\/\",\"url\":\"https:\/\/www.eliassen.nl\/wp-content\/uploads\/2024\/01\/logo_4nd.jpg\",\"contentUrl\":\"https:\/\/www.eliassen.nl\/wp-content\/uploads\/2024\/01\/logo_4nd.jpg\",\"width\":500,\"height\":500,\"caption\":\"Eliassen Home & Garden Pleasure\"},\"image\":{\"@id\":\"https:\/\/dev.eliassen.nl\/de\/#\/schema\/logo\/image\/\"},\"sameAs\":[\"https:\/\/www.facebook.com\/TuincentrumEliassenAmmerzoden\",\"https:\/\/www.instagram.com\/eliassenhomeandgarden\/\",\"https:\/\/nl.pinterest.com\/eliassenhomeandgarden\/\",\"https:\/\/www.youtube.com\/@eliassenhomegardenpleasure4558\"]}]}<\/script>\n<!-- \/ Yoast SEO plugin. -->","yoast_head_json":{"title":"Wassertisch Cortenstahl Andrew 90x90cm","description":"Terrassenbrunnen und Wasserspiele, kommen Sie zum Spezialisten!! Gratis Parkpl\u00e4tze.","robots":{"index":"noindex","follow":"follow","max-snippet":"max-snippet:-1","max-image-preview":"max-image-preview:large","max-video-preview":"max-video-preview:-1"},"og_locale":"de_DE","og_type":"article","og_title":"Wassertisch Cortenstahl Andrew 90x90cm","og_description":"Terrassenbrunnen und Wasserspiele, kommen Sie zum Spezialisten!! Gratis Parkpl\u00e4tze.","og_url":"https:\/\/dev.eliassen.nl\/de\/wassertisch-cortenstahl-andrew-90x90cm\/","og_site_name":"Eliassen.nl","article_publisher":"https:\/\/www.facebook.com\/TuincentrumEliassenAmmerzoden","article_modified_time":"2024-12-05T15:35:37+00:00","og_image":[{"width":2048,"height":1305,"url":"https:\/\/dev.eliassen.nl\/wp-content\/uploads\/2024\/01\/9042000.jpg","type":"image\/jpeg"}],"twitter_card":"summary_large_image","schema":{"@context":"https:\/\/schema.org","@graph":[{"@type":"WebPage","@id":"https:\/\/dev.eliassen.nl\/de\/wassertisch-cortenstahl-andrew-90x90cm\/","url":"https:\/\/dev.eliassen.nl\/de\/wassertisch-cortenstahl-andrew-90x90cm\/","name":"Wassertisch Cortenstahl Andrew 90x90cm","isPartOf":{"@id":"https:\/\/dev.eliassen.nl\/de\/#website"},"primaryImageOfPage":{"@id":"https:\/\/dev.eliassen.nl\/de\/wassertisch-cortenstahl-andrew-90x90cm\/#primaryimage"},"image":{"@id":"https:\/\/dev.eliassen.nl\/de\/wassertisch-cortenstahl-andrew-90x90cm\/#primaryimage"},"thumbnailUrl":"https:\/\/dev.eliassen.nl\/wp-content\/uploads\/2024\/01\/9042000.jpg","datePublished":"2023-09-23T10:03:33+00:00","dateModified":"2024-12-05T15:35:37+00:00","description":"Terrassenbrunnen und Wasserspiele, kommen Sie zum Spezialisten!! Gratis Parkpl\u00e4tze.","breadcrumb":{"@id":"https:\/\/dev.eliassen.nl\/de\/wassertisch-cortenstahl-andrew-90x90cm\/#breadcrumb"},"inLanguage":"de","potentialAction":[{"@type":"ReadAction","target":["https:\/\/dev.eliassen.nl\/de\/wassertisch-cortenstahl-andrew-90x90cm\/"]}]},{"@type":"ImageObject","inLanguage":"de","@id":"https:\/\/dev.eliassen.nl\/de\/wassertisch-cortenstahl-andrew-90x90cm\/#primaryimage","url":"https:\/\/dev.eliassen.nl\/wp-content\/uploads\/2024\/01\/9042000.jpg","contentUrl":"https:\/\/dev.eliassen.nl\/wp-content\/uploads\/2024\/01\/9042000.jpg","width":2048,"height":1305,"caption":"9042-000"},{"@type":"BreadcrumbList","@id":"https:\/\/dev.eliassen.nl\/de\/wassertisch-cortenstahl-andrew-90x90cm\/#breadcrumb","itemListElement":[{"@type":"ListItem","position":1,"name":"Home","item":"https:\/\/dev.eliassen.nl\/de\/"},{"@type":"ListItem","position":2,"name":"Shop","item":"https:\/\/dev.eliassen.nl\/nl\/winkel\/"},{"@type":"ListItem","position":3,"name":"Wasserspiele","item":"https:\/\/dev.eliassen.nl\/de\/wassereigenschaften\/"},{"@type":"ListItem","position":4,"name":"Terrassenbrunnen","item":"https:\/\/dev.eliassen.nl\/de\/wassereigenschaften\/terrassenbrunnen\/"},{"@type":"ListItem","position":5,"name":"Wassertisch aus Cortenstahl, quadratisch, Andrew, 90 x 90 cm"}]},{"@type":"WebSite","@id":"https:\/\/dev.eliassen.nl\/de\/#website","url":"https:\/\/dev.eliassen.nl\/de\/","name":"Eliassen Home & Garden Pleasure","description":"","publisher":{"@id":"https:\/\/dev.eliassen.nl\/de\/#organization"},"alternateName":"Eliassen.nl","potentialAction":[{"@type":"SearchAction","target":{"@type":"EntryPoint","urlTemplate":"https:\/\/dev.eliassen.nl\/de\/?s={search_term_string}"},"query-input":{"@type":"PropertyValueSpecification","valueRequired":true,"valueName":"search_term_string"}}],"inLanguage":"de"},{"@type":"Organization","@id":"https:\/\/dev.eliassen.nl\/de\/#organization","name":"Eliassen Home & Garden Pleasure","url":"https:\/\/dev.eliassen.nl\/de\/","logo":{"@type":"ImageObject","inLanguage":"de","@id":"https:\/\/dev.eliassen.nl\/de\/#\/schema\/logo\/image\/","url":"https:\/\/www.eliassen.nl\/wp-content\/uploads\/2024\/01\/logo_4nd.jpg","contentUrl":"https:\/\/www.eliassen.nl\/wp-content\/uploads\/2024\/01\/logo_4nd.jpg","width":500,"height":500,"caption":"Eliassen Home & Garden Pleasure"},"image":{"@id":"https:\/\/dev.eliassen.nl\/de\/#\/schema\/logo\/image\/"},"sameAs":["https:\/\/www.facebook.com\/TuincentrumEliassenAmmerzoden","https:\/\/www.instagram.com\/eliassenhomeandgarden\/","https:\/\/nl.pinterest.com\/eliassenhomeandgarden\/","https:\/\/www.youtube.com\/@eliassenhomegardenpleasure4558"]}]}},"df_price":499,"df_sale_price":"","df_regular_price":499,"df_image_link":"https:\/\/dev.eliassen.nl\/wp-content\/uploads\/2024\/01\/9042000.jpg","image":"https:\/\/dev.eliassen.nl\/wp-content\/uploads\/2024\/01\/9042000.jpg","price_search":"<span class=\"woocommerce-Price-amount amount\"><bdi><span class=\"woocommerce-Price-currencySymbol\">&euro;<\/span>&nbsp;499,00<\/bdi><\/span>","category":"Terrassenbrunnen","_links":{"self":[{"href":"https:\/\/dev.eliassen.nl\/de\/wp-json\/wp\/v2\/product\/94987","targetHints":{"allow":["GET"]}}],"collection":[{"href":"https:\/\/dev.eliassen.nl\/de\/wp-json\/wp\/v2\/product"}],"about":[{"href":"https:\/\/dev.eliassen.nl\/de\/wp-json\/wp\/v2\/types\/product"}],"wp:featuredmedia":[{"embeddable":true,"href":"https:\/\/dev.eliassen.nl\/de\/wp-json\/wp\/v2\/media\/94981"}],"wp:attachment":[{"href":"https:\/\/dev.eliassen.nl\/de\/wp-json\/wp\/v2\/media?parent=94987"}],"wp:term":[{"taxonomy":"product_brand","embeddable":true,"href":"https:\/\/dev.eliassen.nl\/de\/wp-json\/wp\/v2\/product_brand?post=94987"},{"taxonomy":"product_cat","embeddable":true,"href":"https:\/\/dev.eliassen.nl\/de\/wp-json\/wp\/v2\/product_cat?post=94987"},{"taxonomy":"product_tag","embeddable":true,"href":"https:\/\/dev.eliassen.nl\/de\/wp-json\/wp\/v2\/product_tag?post=94987"}],"curies":[{"name":"wp","href":"https:\/\/api.w.org\/{rel}","templated":true}]}}