{"id":94999,"date":"2023-09-23T12:45:28","date_gmt":"2023-09-23T12:45:28","guid":{"rendered":"https:\/\/www.eliassen.nl\/?product=watertafel-cortenstaal-andrew-hoog-vierkant"},"modified":"2023-10-25T09:20:08","modified_gmt":"2023-10-25T09:20:08","slug":"wassertisch-cortenstahl-andrew-hoch-quadratisch-100cm","status":"publish","type":"product","link":"https:\/\/dev.eliassen.nl\/de\/wassertisch-cortenstahl-andrew-hoch-quadratisch-100cm\/","title":{"rendered":"Wassertisch Cortenstahl Andrew hoch quadratisch 100cm"},"content":{"rendered":"<p>Sehr sch\u00f6ner Wassertisch aus 1,5 mm dickem Cortenstahl. Das Wasser bildet auf der Oberseite eine Wasserschicht, die an den R\u00e4ndern dezent abflie\u00dft. Auf Wunsch k\u00f6nnen auch Steine auf das Plateau gestreut werden.<\/p>\n<p>Ein LED-Licht an der Oberseite verleiht dem Ganzen im Dunkeln eine sehr sch\u00f6ne Atmosph\u00e4re. Kabel verlaufen durch das Rohr im Boden. Zur Wasserspeicherung steht ein quadratischer Wasserbeh\u00e4lter aus Kunststoff zur Verf\u00fcgung. Leeren Sie diesen Beh\u00e4lter bei Frost.<\/p>\n<p>Der Wassertisch wird mit einer LED-Leuchte und einer Pumpe geliefert. Pumpe mit 10 m Kabel, LED-Licht mit 5 m Kabel.<\/p>\n<ul>\n<li>Material: Cortenstahl 1,5 mm<\/li>\n<li>Gr\u00f6\u00dfe: 50x50x100cm hoch<\/li>\n<li>Inklusive LED-Licht und Pumpe<\/li>\n<li>1 Jahr Garantie<\/li>\n<\/ul>\n<p>Besuchen Sie uns und sehen Sie einen gro\u00dfen Teil unserer Kollektion <strong>live<\/strong> in unserem Showroom!<\/p>\n","protected":false},"excerpt":{"rendered":"<p>In rostiger Farbe<\/p>\n","protected":false},"featured_media":94990,"template":"","meta":{"_acf_changed":false},"product_brand":[6916],"product_cat":[548,536],"product_tag":[],"class_list":{"0":"post-94999","1":"product","2":"type-product","3":"status-publish","4":"has-post-thumbnail","6":"product_brand-eliassen-de","7":"product_cat-terrassenbrunnen","8":"product_cat-wassereigenschaften","10":"first","11":"instock","12":"taxable","13":"shipping-taxable","14":"purchasable","15":"product-type-simple"},"acf":[],"yoast_head":"<!-- This site is optimized with the Yoast SEO plugin v23.8 - https:\/\/yoast.com\/wordpress\/plugins\/seo\/ -->\n<title>Wassertisch Cortenstahl Andrew hoch quadratisch 100cm<\/title>\n<meta name=\"description\" content=\"Terrassenbrunnen und Wasserspiele, kommen Sie zum Spezialisten!! Gratis Parkpl\u00e4tze.\" \/>\n<meta name=\"robots\" content=\"noindex, follow, max-snippet:-1, max-image-preview:large, max-video-preview:-1\" \/>\n<meta property=\"og:locale\" content=\"de_DE\" \/>\n<meta property=\"og:type\" content=\"article\" \/>\n<meta property=\"og:title\" content=\"Wassertisch Cortenstahl Andrew hoch quadratisch 100cm\" \/>\n<meta property=\"og:description\" content=\"Terrassenbrunnen und Wasserspiele, kommen Sie zum Spezialisten!! Gratis Parkpl\u00e4tze.\" \/>\n<meta property=\"og:url\" content=\"https:\/\/dev.eliassen.nl\/de\/wassertisch-cortenstahl-andrew-hoch-quadratisch-100cm\/\" \/>\n<meta property=\"og:site_name\" content=\"Eliassen.nl\" \/>\n<meta property=\"article:publisher\" content=\"https:\/\/www.facebook.com\/TuincentrumEliassenAmmerzoden\" \/>\n<meta property=\"article:modified_time\" content=\"2023-10-25T09:20:08+00:00\" \/>\n<meta property=\"og:image\" content=\"https:\/\/dev.eliassen.nl\/wp-content\/uploads\/2024\/01\/watertafelcortenstaalandrewhoogvierkant100cm.png\" \/>\n\t<meta property=\"og:image:width\" content=\"500\" \/>\n\t<meta property=\"og:image:height\" content=\"668\" \/>\n\t<meta property=\"og:image:type\" content=\"image\/png\" \/>\n<meta name=\"twitter:card\" content=\"summary_large_image\" \/>\n<script type=\"application\/ld+json\" class=\"yoast-schema-graph\">{\"@context\":\"https:\/\/schema.org\",\"@graph\":[{\"@type\":\"WebPage\",\"@id\":\"https:\/\/dev.eliassen.nl\/de\/wassertisch-cortenstahl-andrew-hoch-quadratisch-100cm\/\",\"url\":\"https:\/\/dev.eliassen.nl\/de\/wassertisch-cortenstahl-andrew-hoch-quadratisch-100cm\/\",\"name\":\"Wassertisch Cortenstahl Andrew hoch quadratisch 100cm\",\"isPartOf\":{\"@id\":\"https:\/\/dev.eliassen.nl\/de\/#website\"},\"primaryImageOfPage\":{\"@id\":\"https:\/\/dev.eliassen.nl\/de\/wassertisch-cortenstahl-andrew-hoch-quadratisch-100cm\/#primaryimage\"},\"image\":{\"@id\":\"https:\/\/dev.eliassen.nl\/de\/wassertisch-cortenstahl-andrew-hoch-quadratisch-100cm\/#primaryimage\"},\"thumbnailUrl\":\"https:\/\/dev.eliassen.nl\/wp-content\/uploads\/2024\/01\/watertafelcortenstaalandrewhoogvierkant100cm.png\",\"datePublished\":\"2023-09-23T12:45:28+00:00\",\"dateModified\":\"2023-10-25T09:20:08+00:00\",\"description\":\"Terrassenbrunnen und Wasserspiele, kommen Sie zum Spezialisten!! Gratis Parkpl\u00e4tze.\",\"breadcrumb\":{\"@id\":\"https:\/\/dev.eliassen.nl\/de\/wassertisch-cortenstahl-andrew-hoch-quadratisch-100cm\/#breadcrumb\"},\"inLanguage\":\"de\",\"potentialAction\":[{\"@type\":\"ReadAction\",\"target\":[\"https:\/\/dev.eliassen.nl\/de\/wassertisch-cortenstahl-andrew-hoch-quadratisch-100cm\/\"]}]},{\"@type\":\"ImageObject\",\"inLanguage\":\"de\",\"@id\":\"https:\/\/dev.eliassen.nl\/de\/wassertisch-cortenstahl-andrew-hoch-quadratisch-100cm\/#primaryimage\",\"url\":\"https:\/\/dev.eliassen.nl\/wp-content\/uploads\/2024\/01\/watertafelcortenstaalandrewhoogvierkant100cm.png\",\"contentUrl\":\"https:\/\/dev.eliassen.nl\/wp-content\/uploads\/2024\/01\/watertafelcortenstaalandrewhoogvierkant100cm.png\",\"width\":500,\"height\":668,\"caption\":\"Watertafel Cortenstaal Andrew hoog vierkant 100cm eliassen.nl\"},{\"@type\":\"BreadcrumbList\",\"@id\":\"https:\/\/dev.eliassen.nl\/de\/wassertisch-cortenstahl-andrew-hoch-quadratisch-100cm\/#breadcrumb\",\"itemListElement\":[{\"@type\":\"ListItem\",\"position\":1,\"name\":\"Home\",\"item\":\"https:\/\/dev.eliassen.nl\/de\/\"},{\"@type\":\"ListItem\",\"position\":2,\"name\":\"Shop\",\"item\":\"https:\/\/dev.eliassen.nl\/nl\/winkel\/\"},{\"@type\":\"ListItem\",\"position\":3,\"name\":\"Wasserspiele\",\"item\":\"https:\/\/dev.eliassen.nl\/de\/wassereigenschaften\/\"},{\"@type\":\"ListItem\",\"position\":4,\"name\":\"Terrassenbrunnen\",\"item\":\"https:\/\/dev.eliassen.nl\/de\/wassereigenschaften\/terrassenbrunnen\/\"},{\"@type\":\"ListItem\",\"position\":5,\"name\":\"Wassertisch Cortenstahl Andrew hoch quadratisch 100cm\"}]},{\"@type\":\"WebSite\",\"@id\":\"https:\/\/dev.eliassen.nl\/de\/#website\",\"url\":\"https:\/\/dev.eliassen.nl\/de\/\",\"name\":\"Eliassen Home & Garden Pleasure\",\"description\":\"\",\"publisher\":{\"@id\":\"https:\/\/dev.eliassen.nl\/de\/#organization\"},\"alternateName\":\"Eliassen.nl\",\"potentialAction\":[{\"@type\":\"SearchAction\",\"target\":{\"@type\":\"EntryPoint\",\"urlTemplate\":\"https:\/\/dev.eliassen.nl\/de\/?s={search_term_string}\"},\"query-input\":{\"@type\":\"PropertyValueSpecification\",\"valueRequired\":true,\"valueName\":\"search_term_string\"}}],\"inLanguage\":\"de\"},{\"@type\":\"Organization\",\"@id\":\"https:\/\/dev.eliassen.nl\/de\/#organization\",\"name\":\"Eliassen Home & Garden Pleasure\",\"url\":\"https:\/\/dev.eliassen.nl\/de\/\",\"logo\":{\"@type\":\"ImageObject\",\"inLanguage\":\"de\",\"@id\":\"https:\/\/dev.eliassen.nl\/de\/#\/schema\/logo\/image\/\",\"url\":\"https:\/\/www.eliassen.nl\/wp-content\/uploads\/2024\/01\/logo_4nd.jpg\",\"contentUrl\":\"https:\/\/www.eliassen.nl\/wp-content\/uploads\/2024\/01\/logo_4nd.jpg\",\"width\":500,\"height\":500,\"caption\":\"Eliassen Home & Garden Pleasure\"},\"image\":{\"@id\":\"https:\/\/dev.eliassen.nl\/de\/#\/schema\/logo\/image\/\"},\"sameAs\":[\"https:\/\/www.facebook.com\/TuincentrumEliassenAmmerzoden\",\"https:\/\/www.instagram.com\/eliassenhomeandgarden\/\",\"https:\/\/nl.pinterest.com\/eliassenhomeandgarden\/\",\"https:\/\/www.youtube.com\/@eliassenhomegardenpleasure4558\"]}]}<\/script>\n<!-- \/ Yoast SEO plugin. -->","yoast_head_json":{"title":"Wassertisch Cortenstahl Andrew hoch quadratisch 100cm","description":"Terrassenbrunnen und Wasserspiele, kommen Sie zum Spezialisten!! Gratis Parkpl\u00e4tze.","robots":{"index":"noindex","follow":"follow","max-snippet":"max-snippet:-1","max-image-preview":"max-image-preview:large","max-video-preview":"max-video-preview:-1"},"og_locale":"de_DE","og_type":"article","og_title":"Wassertisch Cortenstahl Andrew hoch quadratisch 100cm","og_description":"Terrassenbrunnen und Wasserspiele, kommen Sie zum Spezialisten!! Gratis Parkpl\u00e4tze.","og_url":"https:\/\/dev.eliassen.nl\/de\/wassertisch-cortenstahl-andrew-hoch-quadratisch-100cm\/","og_site_name":"Eliassen.nl","article_publisher":"https:\/\/www.facebook.com\/TuincentrumEliassenAmmerzoden","article_modified_time":"2023-10-25T09:20:08+00:00","og_image":[{"width":500,"height":668,"url":"https:\/\/dev.eliassen.nl\/wp-content\/uploads\/2024\/01\/watertafelcortenstaalandrewhoogvierkant100cm.png","type":"image\/png"}],"twitter_card":"summary_large_image","schema":{"@context":"https:\/\/schema.org","@graph":[{"@type":"WebPage","@id":"https:\/\/dev.eliassen.nl\/de\/wassertisch-cortenstahl-andrew-hoch-quadratisch-100cm\/","url":"https:\/\/dev.eliassen.nl\/de\/wassertisch-cortenstahl-andrew-hoch-quadratisch-100cm\/","name":"Wassertisch Cortenstahl Andrew hoch quadratisch 100cm","isPartOf":{"@id":"https:\/\/dev.eliassen.nl\/de\/#website"},"primaryImageOfPage":{"@id":"https:\/\/dev.eliassen.nl\/de\/wassertisch-cortenstahl-andrew-hoch-quadratisch-100cm\/#primaryimage"},"image":{"@id":"https:\/\/dev.eliassen.nl\/de\/wassertisch-cortenstahl-andrew-hoch-quadratisch-100cm\/#primaryimage"},"thumbnailUrl":"https:\/\/dev.eliassen.nl\/wp-content\/uploads\/2024\/01\/watertafelcortenstaalandrewhoogvierkant100cm.png","datePublished":"2023-09-23T12:45:28+00:00","dateModified":"2023-10-25T09:20:08+00:00","description":"Terrassenbrunnen und Wasserspiele, kommen Sie zum Spezialisten!! Gratis Parkpl\u00e4tze.","breadcrumb":{"@id":"https:\/\/dev.eliassen.nl\/de\/wassertisch-cortenstahl-andrew-hoch-quadratisch-100cm\/#breadcrumb"},"inLanguage":"de","potentialAction":[{"@type":"ReadAction","target":["https:\/\/dev.eliassen.nl\/de\/wassertisch-cortenstahl-andrew-hoch-quadratisch-100cm\/"]}]},{"@type":"ImageObject","inLanguage":"de","@id":"https:\/\/dev.eliassen.nl\/de\/wassertisch-cortenstahl-andrew-hoch-quadratisch-100cm\/#primaryimage","url":"https:\/\/dev.eliassen.nl\/wp-content\/uploads\/2024\/01\/watertafelcortenstaalandrewhoogvierkant100cm.png","contentUrl":"https:\/\/dev.eliassen.nl\/wp-content\/uploads\/2024\/01\/watertafelcortenstaalandrewhoogvierkant100cm.png","width":500,"height":668,"caption":"Watertafel Cortenstaal Andrew hoog vierkant 100cm eliassen.nl"},{"@type":"BreadcrumbList","@id":"https:\/\/dev.eliassen.nl\/de\/wassertisch-cortenstahl-andrew-hoch-quadratisch-100cm\/#breadcrumb","itemListElement":[{"@type":"ListItem","position":1,"name":"Home","item":"https:\/\/dev.eliassen.nl\/de\/"},{"@type":"ListItem","position":2,"name":"Shop","item":"https:\/\/dev.eliassen.nl\/nl\/winkel\/"},{"@type":"ListItem","position":3,"name":"Wasserspiele","item":"https:\/\/dev.eliassen.nl\/de\/wassereigenschaften\/"},{"@type":"ListItem","position":4,"name":"Terrassenbrunnen","item":"https:\/\/dev.eliassen.nl\/de\/wassereigenschaften\/terrassenbrunnen\/"},{"@type":"ListItem","position":5,"name":"Wassertisch Cortenstahl Andrew hoch quadratisch 100cm"}]},{"@type":"WebSite","@id":"https:\/\/dev.eliassen.nl\/de\/#website","url":"https:\/\/dev.eliassen.nl\/de\/","name":"Eliassen Home & Garden Pleasure","description":"","publisher":{"@id":"https:\/\/dev.eliassen.nl\/de\/#organization"},"alternateName":"Eliassen.nl","potentialAction":[{"@type":"SearchAction","target":{"@type":"EntryPoint","urlTemplate":"https:\/\/dev.eliassen.nl\/de\/?s={search_term_string}"},"query-input":{"@type":"PropertyValueSpecification","valueRequired":true,"valueName":"search_term_string"}}],"inLanguage":"de"},{"@type":"Organization","@id":"https:\/\/dev.eliassen.nl\/de\/#organization","name":"Eliassen Home & Garden Pleasure","url":"https:\/\/dev.eliassen.nl\/de\/","logo":{"@type":"ImageObject","inLanguage":"de","@id":"https:\/\/dev.eliassen.nl\/de\/#\/schema\/logo\/image\/","url":"https:\/\/www.eliassen.nl\/wp-content\/uploads\/2024\/01\/logo_4nd.jpg","contentUrl":"https:\/\/www.eliassen.nl\/wp-content\/uploads\/2024\/01\/logo_4nd.jpg","width":500,"height":500,"caption":"Eliassen Home & Garden Pleasure"},"image":{"@id":"https:\/\/dev.eliassen.nl\/de\/#\/schema\/logo\/image\/"},"sameAs":["https:\/\/www.facebook.com\/TuincentrumEliassenAmmerzoden","https:\/\/www.instagram.com\/eliassenhomeandgarden\/","https:\/\/nl.pinterest.com\/eliassenhomeandgarden\/","https:\/\/www.youtube.com\/@eliassenhomegardenpleasure4558"]}]}},"df_price":479,"df_sale_price":"","df_regular_price":479,"df_image_link":"https:\/\/dev.eliassen.nl\/wp-content\/uploads\/2024\/01\/watertafelcortenstaalandrewhoogvierkant100cm.png","image":"https:\/\/dev.eliassen.nl\/wp-content\/uploads\/2024\/01\/watertafelcortenstaalandrewhoogvierkant100cm.png","price_search":"<span class=\"woocommerce-Price-amount amount\"><bdi><span class=\"woocommerce-Price-currencySymbol\">&euro;<\/span>&nbsp;479,00<\/bdi><\/span>","category":"Terrassenbrunnen","_links":{"self":[{"href":"https:\/\/dev.eliassen.nl\/de\/wp-json\/wp\/v2\/product\/94999","targetHints":{"allow":["GET"]}}],"collection":[{"href":"https:\/\/dev.eliassen.nl\/de\/wp-json\/wp\/v2\/product"}],"about":[{"href":"https:\/\/dev.eliassen.nl\/de\/wp-json\/wp\/v2\/types\/product"}],"wp:featuredmedia":[{"embeddable":true,"href":"https:\/\/dev.eliassen.nl\/de\/wp-json\/wp\/v2\/media\/94990"}],"wp:attachment":[{"href":"https:\/\/dev.eliassen.nl\/de\/wp-json\/wp\/v2\/media?parent=94999"}],"wp:term":[{"taxonomy":"product_brand","embeddable":true,"href":"https:\/\/dev.eliassen.nl\/de\/wp-json\/wp\/v2\/product_brand?post=94999"},{"taxonomy":"product_cat","embeddable":true,"href":"https:\/\/dev.eliassen.nl\/de\/wp-json\/wp\/v2\/product_cat?post=94999"},{"taxonomy":"product_tag","embeddable":true,"href":"https:\/\/dev.eliassen.nl\/de\/wp-json\/wp\/v2\/product_tag?post=94999"}],"curies":[{"name":"wp","href":"https:\/\/api.w.org\/{rel}","templated":true}]}}