{"id":95056,"date":"2023-09-25T15:19:43","date_gmt":"2023-09-25T13:19:43","guid":{"rendered":"https:\/\/www.eliassen.nl\/?product=plantenschaal-mat-wit-50cm-diameter"},"modified":"2023-10-17T19:11:04","modified_gmt":"2023-10-17T19:11:04","slug":"pflanzschale-mattweiss-50cm-durchmesser","status":"publish","type":"product","link":"https:\/\/dev.eliassen.nl\/de\/pflanzschale-mattweiss-50cm-durchmesser\/","title":{"rendered":"Pflanzschale mattwei\u00df 50cm Durchmesser"},"content":{"rendered":"<p>Sch\u00f6ne breite Schale aus Polystone. Diese Pflanzschale wird ein wundersch\u00f6nes Dekorationsst\u00fcck in Ihrem Interieur oder in Ihrem Unternehmen sein. Dieser gro\u00dfe Topf in mattem Wei\u00df l\u00e4sst sich mit Ihren anderen M\u00f6beln in fast jedem modernen Interieur kombinieren. Polystone ist ein Material aus Steingrie\u00df\/-pulver, gemischt mit einem Kunstharz. Diese Mischung, kombiniert mit Glasfasermatten, ist ein sehr starkes Material, das sich hervorragend f\u00fcr dieses Produkt eignet. Als Finish wurde ein Hochglanzlack verwendet, der mit Autolack vergleichbar ist.<\/p>\n<p><strong>Fast alle Produkte dieser Serie k\u00f6nnen Sie auch in unserem Shop besichtigen!<\/strong><\/p>\n<ul>\n<li>Gr\u00f6\u00dfe: 50x18cm hoch<\/li>\n<li>Farbe: Wei\u00df matt<\/li>\n<li>Sch\u00f6n in Kombination mit einer S\u00e4ule<\/li>\n<li>Ausgestattet mit Filzgleitern auf der Unterseite<\/li>\n<li>Sehr stark, wundersch\u00f6n verarbeitet<\/li>\n<li>Lieferung aus eigenem Lager.<\/li>\n<\/ul>\n<p>\u00a0<\/p>\n","protected":false},"excerpt":{"rendered":"<p>Schlanke, breite Sch\u00fcssel 40 cm<\/p>\n","protected":false},"featured_media":95053,"template":"","meta":{"_acf_changed":false},"product_brand":[],"product_cat":[722,725],"product_tag":[],"class_list":{"0":"post-95056","1":"product","2":"type-product","3":"status-publish","4":"has-post-thumbnail","6":"product_cat-blumentoepfe-und-pflanzgefaesse","7":"product_cat-vasen-und-toepfe-im-modernen-design","9":"first","10":"instock","11":"taxable","12":"shipping-taxable","13":"purchasable","14":"product-type-simple"},"acf":[],"yoast_head":"<!-- This site is optimized with the Yoast SEO plugin v23.8 - https:\/\/yoast.com\/wordpress\/plugins\/seo\/ -->\n<title>Pflanzschale mattwei\u00df 50cm Durchmesser<\/title>\n<meta name=\"description\" content=\"Suchen Sie nach eleganten T\u00f6pfen f\u00fcr Ihr Zuhause oder Ihren Arbeitsplatz? Werfen Sie einen kurzen Blick in unseren Webshop oder kommen Sie vorbei und schauen...\" \/>\n<meta name=\"robots\" content=\"noindex, follow, max-snippet:-1, max-image-preview:large, max-video-preview:-1\" \/>\n<meta property=\"og:locale\" content=\"de_DE\" \/>\n<meta property=\"og:type\" content=\"article\" \/>\n<meta property=\"og:title\" content=\"Pflanzschale mattwei\u00df 50cm Durchmesser\" \/>\n<meta property=\"og:description\" content=\"Suchen Sie nach eleganten T\u00f6pfen f\u00fcr Ihr Zuhause oder Ihren Arbeitsplatz? Werfen Sie einen kurzen Blick in unseren Webshop oder kommen Sie vorbei und schauen...\" \/>\n<meta property=\"og:url\" content=\"https:\/\/dev.eliassen.nl\/de\/pflanzschale-mattweiss-50cm-durchmesser\/\" \/>\n<meta property=\"og:site_name\" content=\"Eliassen.nl\" \/>\n<meta property=\"article:publisher\" content=\"https:\/\/www.facebook.com\/TuincentrumEliassenAmmerzoden\" \/>\n<meta property=\"article:modified_time\" content=\"2023-10-17T19:11:04+00:00\" \/>\n<meta property=\"og:image\" content=\"https:\/\/dev.eliassen.nl\/wp-content\/uploads\/2024\/01\/9257001_2nd.jpg\" \/>\n\t<meta property=\"og:image:width\" content=\"2048\" \/>\n\t<meta property=\"og:image:height\" content=\"996\" \/>\n\t<meta property=\"og:image:type\" content=\"image\/jpeg\" \/>\n<meta name=\"twitter:card\" content=\"summary_large_image\" \/>\n<script type=\"application\/ld+json\" class=\"yoast-schema-graph\">{\"@context\":\"https:\/\/schema.org\",\"@graph\":[{\"@type\":\"WebPage\",\"@id\":\"https:\/\/dev.eliassen.nl\/de\/pflanzschale-mattweiss-50cm-durchmesser\/\",\"url\":\"https:\/\/dev.eliassen.nl\/de\/pflanzschale-mattweiss-50cm-durchmesser\/\",\"name\":\"Pflanzschale mattwei\u00df 50cm Durchmesser\",\"isPartOf\":{\"@id\":\"https:\/\/dev.eliassen.nl\/de\/#website\"},\"primaryImageOfPage\":{\"@id\":\"https:\/\/dev.eliassen.nl\/de\/pflanzschale-mattweiss-50cm-durchmesser\/#primaryimage\"},\"image\":{\"@id\":\"https:\/\/dev.eliassen.nl\/de\/pflanzschale-mattweiss-50cm-durchmesser\/#primaryimage\"},\"thumbnailUrl\":\"https:\/\/dev.eliassen.nl\/wp-content\/uploads\/2024\/01\/9257001_2nd.jpg\",\"datePublished\":\"2023-09-25T13:19:43+00:00\",\"dateModified\":\"2023-10-17T19:11:04+00:00\",\"description\":\"Suchen Sie nach eleganten T\u00f6pfen f\u00fcr Ihr Zuhause oder Ihren Arbeitsplatz? Werfen Sie einen kurzen Blick in unseren Webshop oder kommen Sie vorbei und schauen...\",\"breadcrumb\":{\"@id\":\"https:\/\/dev.eliassen.nl\/de\/pflanzschale-mattweiss-50cm-durchmesser\/#breadcrumb\"},\"inLanguage\":\"de\",\"potentialAction\":[{\"@type\":\"ReadAction\",\"target\":[\"https:\/\/dev.eliassen.nl\/de\/pflanzschale-mattweiss-50cm-durchmesser\/\"]}]},{\"@type\":\"ImageObject\",\"inLanguage\":\"de\",\"@id\":\"https:\/\/dev.eliassen.nl\/de\/pflanzschale-mattweiss-50cm-durchmesser\/#primaryimage\",\"url\":\"https:\/\/dev.eliassen.nl\/wp-content\/uploads\/2024\/01\/9257001_2nd.jpg\",\"contentUrl\":\"https:\/\/dev.eliassen.nl\/wp-content\/uploads\/2024\/01\/9257001_2nd.jpg\",\"width\":2048,\"height\":996,\"caption\":\"9257-001\"},{\"@type\":\"BreadcrumbList\",\"@id\":\"https:\/\/dev.eliassen.nl\/de\/pflanzschale-mattweiss-50cm-durchmesser\/#breadcrumb\",\"itemListElement\":[{\"@type\":\"ListItem\",\"position\":1,\"name\":\"Home\",\"item\":\"https:\/\/dev.eliassen.nl\/de\/\"},{\"@type\":\"ListItem\",\"position\":2,\"name\":\"Shop\",\"item\":\"https:\/\/dev.eliassen.nl\/nl\/winkel\/\"},{\"@type\":\"ListItem\",\"position\":3,\"name\":\"Blument\u00f6pfe und Pflanzgef\u00e4\u00dfe\",\"item\":\"https:\/\/dev.eliassen.nl\/de\/blumentoepfe-und-pflanzgefaesse\/\"},{\"@type\":\"ListItem\",\"position\":4,\"name\":\"Vasen und T\u00f6pfe im modernen Design\",\"item\":\"https:\/\/dev.eliassen.nl\/de\/blumentoepfe-und-pflanzgefaesse\/vasen-und-toepfe-im-modernen-design\/\"},{\"@type\":\"ListItem\",\"position\":5,\"name\":\"Pflanzschale mattwei\u00df 50cm Durchmesser\"}]},{\"@type\":\"WebSite\",\"@id\":\"https:\/\/dev.eliassen.nl\/de\/#website\",\"url\":\"https:\/\/dev.eliassen.nl\/de\/\",\"name\":\"Eliassen Home & Garden Pleasure\",\"description\":\"\",\"publisher\":{\"@id\":\"https:\/\/dev.eliassen.nl\/de\/#organization\"},\"alternateName\":\"Eliassen.nl\",\"potentialAction\":[{\"@type\":\"SearchAction\",\"target\":{\"@type\":\"EntryPoint\",\"urlTemplate\":\"https:\/\/dev.eliassen.nl\/de\/?s={search_term_string}\"},\"query-input\":{\"@type\":\"PropertyValueSpecification\",\"valueRequired\":true,\"valueName\":\"search_term_string\"}}],\"inLanguage\":\"de\"},{\"@type\":\"Organization\",\"@id\":\"https:\/\/dev.eliassen.nl\/de\/#organization\",\"name\":\"Eliassen Home & Garden Pleasure\",\"url\":\"https:\/\/dev.eliassen.nl\/de\/\",\"logo\":{\"@type\":\"ImageObject\",\"inLanguage\":\"de\",\"@id\":\"https:\/\/dev.eliassen.nl\/de\/#\/schema\/logo\/image\/\",\"url\":\"https:\/\/www.eliassen.nl\/wp-content\/uploads\/2024\/01\/logo_4nd.jpg\",\"contentUrl\":\"https:\/\/www.eliassen.nl\/wp-content\/uploads\/2024\/01\/logo_4nd.jpg\",\"width\":500,\"height\":500,\"caption\":\"Eliassen Home & Garden Pleasure\"},\"image\":{\"@id\":\"https:\/\/dev.eliassen.nl\/de\/#\/schema\/logo\/image\/\"},\"sameAs\":[\"https:\/\/www.facebook.com\/TuincentrumEliassenAmmerzoden\",\"https:\/\/www.instagram.com\/eliassenhomeandgarden\/\",\"https:\/\/nl.pinterest.com\/eliassenhomeandgarden\/\",\"https:\/\/www.youtube.com\/@eliassenhomegardenpleasure4558\"]}]}<\/script>\n<!-- \/ Yoast SEO plugin. -->","yoast_head_json":{"title":"Pflanzschale mattwei\u00df 50cm Durchmesser","description":"Suchen Sie nach eleganten T\u00f6pfen f\u00fcr Ihr Zuhause oder Ihren Arbeitsplatz? Werfen Sie einen kurzen Blick in unseren Webshop oder kommen Sie vorbei und schauen...","robots":{"index":"noindex","follow":"follow","max-snippet":"max-snippet:-1","max-image-preview":"max-image-preview:large","max-video-preview":"max-video-preview:-1"},"og_locale":"de_DE","og_type":"article","og_title":"Pflanzschale mattwei\u00df 50cm Durchmesser","og_description":"Suchen Sie nach eleganten T\u00f6pfen f\u00fcr Ihr Zuhause oder Ihren Arbeitsplatz? Werfen Sie einen kurzen Blick in unseren Webshop oder kommen Sie vorbei und schauen...","og_url":"https:\/\/dev.eliassen.nl\/de\/pflanzschale-mattweiss-50cm-durchmesser\/","og_site_name":"Eliassen.nl","article_publisher":"https:\/\/www.facebook.com\/TuincentrumEliassenAmmerzoden","article_modified_time":"2023-10-17T19:11:04+00:00","og_image":[{"width":2048,"height":996,"url":"https:\/\/dev.eliassen.nl\/wp-content\/uploads\/2024\/01\/9257001_2nd.jpg","type":"image\/jpeg"}],"twitter_card":"summary_large_image","schema":{"@context":"https:\/\/schema.org","@graph":[{"@type":"WebPage","@id":"https:\/\/dev.eliassen.nl\/de\/pflanzschale-mattweiss-50cm-durchmesser\/","url":"https:\/\/dev.eliassen.nl\/de\/pflanzschale-mattweiss-50cm-durchmesser\/","name":"Pflanzschale mattwei\u00df 50cm Durchmesser","isPartOf":{"@id":"https:\/\/dev.eliassen.nl\/de\/#website"},"primaryImageOfPage":{"@id":"https:\/\/dev.eliassen.nl\/de\/pflanzschale-mattweiss-50cm-durchmesser\/#primaryimage"},"image":{"@id":"https:\/\/dev.eliassen.nl\/de\/pflanzschale-mattweiss-50cm-durchmesser\/#primaryimage"},"thumbnailUrl":"https:\/\/dev.eliassen.nl\/wp-content\/uploads\/2024\/01\/9257001_2nd.jpg","datePublished":"2023-09-25T13:19:43+00:00","dateModified":"2023-10-17T19:11:04+00:00","description":"Suchen Sie nach eleganten T\u00f6pfen f\u00fcr Ihr Zuhause oder Ihren Arbeitsplatz? Werfen Sie einen kurzen Blick in unseren Webshop oder kommen Sie vorbei und schauen...","breadcrumb":{"@id":"https:\/\/dev.eliassen.nl\/de\/pflanzschale-mattweiss-50cm-durchmesser\/#breadcrumb"},"inLanguage":"de","potentialAction":[{"@type":"ReadAction","target":["https:\/\/dev.eliassen.nl\/de\/pflanzschale-mattweiss-50cm-durchmesser\/"]}]},{"@type":"ImageObject","inLanguage":"de","@id":"https:\/\/dev.eliassen.nl\/de\/pflanzschale-mattweiss-50cm-durchmesser\/#primaryimage","url":"https:\/\/dev.eliassen.nl\/wp-content\/uploads\/2024\/01\/9257001_2nd.jpg","contentUrl":"https:\/\/dev.eliassen.nl\/wp-content\/uploads\/2024\/01\/9257001_2nd.jpg","width":2048,"height":996,"caption":"9257-001"},{"@type":"BreadcrumbList","@id":"https:\/\/dev.eliassen.nl\/de\/pflanzschale-mattweiss-50cm-durchmesser\/#breadcrumb","itemListElement":[{"@type":"ListItem","position":1,"name":"Home","item":"https:\/\/dev.eliassen.nl\/de\/"},{"@type":"ListItem","position":2,"name":"Shop","item":"https:\/\/dev.eliassen.nl\/nl\/winkel\/"},{"@type":"ListItem","position":3,"name":"Blument\u00f6pfe und Pflanzgef\u00e4\u00dfe","item":"https:\/\/dev.eliassen.nl\/de\/blumentoepfe-und-pflanzgefaesse\/"},{"@type":"ListItem","position":4,"name":"Vasen und T\u00f6pfe im modernen Design","item":"https:\/\/dev.eliassen.nl\/de\/blumentoepfe-und-pflanzgefaesse\/vasen-und-toepfe-im-modernen-design\/"},{"@type":"ListItem","position":5,"name":"Pflanzschale mattwei\u00df 50cm Durchmesser"}]},{"@type":"WebSite","@id":"https:\/\/dev.eliassen.nl\/de\/#website","url":"https:\/\/dev.eliassen.nl\/de\/","name":"Eliassen Home & Garden Pleasure","description":"","publisher":{"@id":"https:\/\/dev.eliassen.nl\/de\/#organization"},"alternateName":"Eliassen.nl","potentialAction":[{"@type":"SearchAction","target":{"@type":"EntryPoint","urlTemplate":"https:\/\/dev.eliassen.nl\/de\/?s={search_term_string}"},"query-input":{"@type":"PropertyValueSpecification","valueRequired":true,"valueName":"search_term_string"}}],"inLanguage":"de"},{"@type":"Organization","@id":"https:\/\/dev.eliassen.nl\/de\/#organization","name":"Eliassen Home & Garden Pleasure","url":"https:\/\/dev.eliassen.nl\/de\/","logo":{"@type":"ImageObject","inLanguage":"de","@id":"https:\/\/dev.eliassen.nl\/de\/#\/schema\/logo\/image\/","url":"https:\/\/www.eliassen.nl\/wp-content\/uploads\/2024\/01\/logo_4nd.jpg","contentUrl":"https:\/\/www.eliassen.nl\/wp-content\/uploads\/2024\/01\/logo_4nd.jpg","width":500,"height":500,"caption":"Eliassen Home & Garden Pleasure"},"image":{"@id":"https:\/\/dev.eliassen.nl\/de\/#\/schema\/logo\/image\/"},"sameAs":["https:\/\/www.facebook.com\/TuincentrumEliassenAmmerzoden","https:\/\/www.instagram.com\/eliassenhomeandgarden\/","https:\/\/nl.pinterest.com\/eliassenhomeandgarden\/","https:\/\/www.youtube.com\/@eliassenhomegardenpleasure4558"]}]}},"df_price":69.5,"df_sale_price":"","df_regular_price":69.5,"df_image_link":"https:\/\/dev.eliassen.nl\/wp-content\/uploads\/2024\/01\/9257001_2nd.jpg","image":"https:\/\/dev.eliassen.nl\/wp-content\/uploads\/2024\/01\/9257001_2nd.jpg","price_search":"<span class=\"woocommerce-Price-amount amount\"><bdi><span class=\"woocommerce-Price-currencySymbol\">&euro;<\/span>&nbsp;69,50<\/bdi><\/span>","category":"Blument\u00f6pfe und Pflanzgef\u00e4\u00dfe","_links":{"self":[{"href":"https:\/\/dev.eliassen.nl\/de\/wp-json\/wp\/v2\/product\/95056","targetHints":{"allow":["GET"]}}],"collection":[{"href":"https:\/\/dev.eliassen.nl\/de\/wp-json\/wp\/v2\/product"}],"about":[{"href":"https:\/\/dev.eliassen.nl\/de\/wp-json\/wp\/v2\/types\/product"}],"wp:featuredmedia":[{"embeddable":true,"href":"https:\/\/dev.eliassen.nl\/de\/wp-json\/wp\/v2\/media\/95053"}],"wp:attachment":[{"href":"https:\/\/dev.eliassen.nl\/de\/wp-json\/wp\/v2\/media?parent=95056"}],"wp:term":[{"taxonomy":"product_brand","embeddable":true,"href":"https:\/\/dev.eliassen.nl\/de\/wp-json\/wp\/v2\/product_brand?post=95056"},{"taxonomy":"product_cat","embeddable":true,"href":"https:\/\/dev.eliassen.nl\/de\/wp-json\/wp\/v2\/product_cat?post=95056"},{"taxonomy":"product_tag","embeddable":true,"href":"https:\/\/dev.eliassen.nl\/de\/wp-json\/wp\/v2\/product_tag?post=95056"}],"curies":[{"name":"wp","href":"https:\/\/api.w.org\/{rel}","templated":true}]}}