{"id":95149,"date":"2023-09-26T14:38:12","date_gmt":"2023-09-26T12:38:12","guid":{"rendered":"https:\/\/www.eliassen.nl\/?product=mand-l-waterhyacint-46cm"},"modified":"2024-12-05T16:35:55","modified_gmt":"2024-12-05T15:35:55","slug":"korb-l-wasserhyazinthe-46cm","status":"publish","type":"product","link":"https:\/\/dev.eliassen.nl\/de\/korb-l-wasserhyazinthe-46cm\/","title":{"rendered":"Korb L Wasserhyazinthe 46cm"},"content":{"rendered":"<p>Dieser supergro\u00dfe runde Korb ist Teil unserer eigenen Kollektion. Dieser handgefertigte Korb besteht aus robusten <strong>, superdicken<\/strong> Wasserhyazinthenfasern und verf\u00fcgt \u00fcber ein einzigartiges und stilvolles Webdesign. Dieser runde Korb hat sehr solide Griffe, die bis zum Boden reichen, hat einen starken, dicken Rand und Boden und eignet sich f\u00fcr unz\u00e4hlige Verwendungszwecke, z. B. f\u00fcr Spielzeug, Ofenholz, W\u00e4sche und so weiter.<\/p>\n<p>Diesen Korb kann man wirklich jahrzehntelang nutzen, eine sch\u00f6nere und schwerere Qualit\u00e4t gibt es nicht!<\/p>\n<ul>\n<li>Gr\u00f6\u00dfe: 36 x 45 cm hoch (inkl. Griffe).<\/li>\n<li>Material: Wasserhyazinthe<\/li>\n<li>Farbe: Natur<\/li>\n<li>Nur f\u00fcr den Innengebrauch<\/li>\n<li>Eigener Bestand<\/li>\n<\/ul>\n","protected":false},"excerpt":{"rendered":"<p>Extra gro\u00dfer Wasserhyazinthenkorb<\/p>\n","protected":false},"featured_media":95143,"template":"","meta":{"_acf_changed":false},"product_brand":[],"product_cat":[722,1418],"product_tag":[],"class_list":{"0":"post-95149","1":"product","2":"type-product","3":"status-publish","4":"has-post-thumbnail","6":"product_cat-blumentoepfe-und-pflanzgefaesse","7":"product_cat-koerbe-aus-rattan","9":"first","10":"instock","11":"taxable","12":"shipping-taxable","13":"purchasable","14":"product-type-simple"},"acf":[],"yoast_head":"<!-- This site is optimized with the Yoast SEO plugin v23.8 - https:\/\/yoast.com\/wordpress\/plugins\/seo\/ -->\n<title>Korb L Wasserhyazinthe 46cm<\/title>\n<meta name=\"description\" content=\"Sehen Sie sich unsere wundersch\u00f6ne Korbkollektion in unserem Webshop an oder kommen Sie vorbei und sehen Sie sie sich live in unserem Laden an!! Dieser runde...\" \/>\n<meta name=\"robots\" content=\"noindex, follow, max-snippet:-1, max-image-preview:large, max-video-preview:-1\" \/>\n<meta property=\"og:locale\" content=\"de_DE\" \/>\n<meta property=\"og:type\" content=\"article\" \/>\n<meta property=\"og:title\" content=\"Korb L Wasserhyazinthe 46cm\" \/>\n<meta property=\"og:description\" content=\"Sehen Sie sich unsere wundersch\u00f6ne Korbkollektion in unserem Webshop an oder kommen Sie vorbei und sehen Sie sie sich live in unserem Laden an!! Dieser runde...\" \/>\n<meta property=\"og:url\" content=\"https:\/\/dev.eliassen.nl\/de\/korb-l-wasserhyazinthe-46cm\/\" \/>\n<meta property=\"og:site_name\" content=\"Eliassen.nl\" \/>\n<meta property=\"article:publisher\" content=\"https:\/\/www.facebook.com\/TuincentrumEliassenAmmerzoden\" \/>\n<meta property=\"article:modified_time\" content=\"2024-12-05T15:35:55+00:00\" \/>\n<meta property=\"og:image\" content=\"https:\/\/dev.eliassen.nl\/wp-content\/uploads\/2024\/01\/mandlwaterhyacint46cmeliassennl.png\" \/>\n\t<meta property=\"og:image:width\" content=\"563\" \/>\n\t<meta property=\"og:image:height\" content=\"1000\" \/>\n\t<meta property=\"og:image:type\" content=\"image\/png\" \/>\n<meta name=\"twitter:card\" content=\"summary_large_image\" \/>\n<script type=\"application\/ld+json\" class=\"yoast-schema-graph\">{\"@context\":\"https:\/\/schema.org\",\"@graph\":[{\"@type\":\"WebPage\",\"@id\":\"https:\/\/dev.eliassen.nl\/de\/korb-l-wasserhyazinthe-46cm\/\",\"url\":\"https:\/\/dev.eliassen.nl\/de\/korb-l-wasserhyazinthe-46cm\/\",\"name\":\"Korb L Wasserhyazinthe 46cm\",\"isPartOf\":{\"@id\":\"https:\/\/dev.eliassen.nl\/de\/#website\"},\"primaryImageOfPage\":{\"@id\":\"https:\/\/dev.eliassen.nl\/de\/korb-l-wasserhyazinthe-46cm\/#primaryimage\"},\"image\":{\"@id\":\"https:\/\/dev.eliassen.nl\/de\/korb-l-wasserhyazinthe-46cm\/#primaryimage\"},\"thumbnailUrl\":\"https:\/\/dev.eliassen.nl\/wp-content\/uploads\/2024\/01\/mandlwaterhyacint46cmeliassennl.png\",\"datePublished\":\"2023-09-26T12:38:12+00:00\",\"dateModified\":\"2024-12-05T15:35:55+00:00\",\"description\":\"Sehen Sie sich unsere wundersch\u00f6ne Korbkollektion in unserem Webshop an oder kommen Sie vorbei und sehen Sie sie sich live in unserem Laden an!! Dieser runde...\",\"breadcrumb\":{\"@id\":\"https:\/\/dev.eliassen.nl\/de\/korb-l-wasserhyazinthe-46cm\/#breadcrumb\"},\"inLanguage\":\"de\",\"potentialAction\":[{\"@type\":\"ReadAction\",\"target\":[\"https:\/\/dev.eliassen.nl\/de\/korb-l-wasserhyazinthe-46cm\/\"]}]},{\"@type\":\"ImageObject\",\"inLanguage\":\"de\",\"@id\":\"https:\/\/dev.eliassen.nl\/de\/korb-l-wasserhyazinthe-46cm\/#primaryimage\",\"url\":\"https:\/\/dev.eliassen.nl\/wp-content\/uploads\/2024\/01\/mandlwaterhyacint46cmeliassennl.png\",\"contentUrl\":\"https:\/\/dev.eliassen.nl\/wp-content\/uploads\/2024\/01\/mandlwaterhyacint46cmeliassennl.png\",\"width\":563,\"height\":1000,\"caption\":\"Mand L Waterhyacint 46cm eliassen.nl\"},{\"@type\":\"BreadcrumbList\",\"@id\":\"https:\/\/dev.eliassen.nl\/de\/korb-l-wasserhyazinthe-46cm\/#breadcrumb\",\"itemListElement\":[{\"@type\":\"ListItem\",\"position\":1,\"name\":\"Home\",\"item\":\"https:\/\/dev.eliassen.nl\/de\/\"},{\"@type\":\"ListItem\",\"position\":2,\"name\":\"Shop\",\"item\":\"https:\/\/dev.eliassen.nl\/nl\/winkel\/\"},{\"@type\":\"ListItem\",\"position\":3,\"name\":\"Blument\u00f6pfe und Pflanzgef\u00e4\u00dfe\",\"item\":\"https:\/\/dev.eliassen.nl\/de\/blumentoepfe-und-pflanzgefaesse\/\"},{\"@type\":\"ListItem\",\"position\":4,\"name\":\"K\u00f6rbe aus Rattan\",\"item\":\"https:\/\/dev.eliassen.nl\/de\/blumentoepfe-und-pflanzgefaesse\/koerbe-aus-rattan\/\"},{\"@type\":\"ListItem\",\"position\":5,\"name\":\"Korb L Wasserhyazinthe 46cm\"}]},{\"@type\":\"WebSite\",\"@id\":\"https:\/\/dev.eliassen.nl\/de\/#website\",\"url\":\"https:\/\/dev.eliassen.nl\/de\/\",\"name\":\"Eliassen Home & Garden Pleasure\",\"description\":\"\",\"publisher\":{\"@id\":\"https:\/\/dev.eliassen.nl\/de\/#organization\"},\"alternateName\":\"Eliassen.nl\",\"potentialAction\":[{\"@type\":\"SearchAction\",\"target\":{\"@type\":\"EntryPoint\",\"urlTemplate\":\"https:\/\/dev.eliassen.nl\/de\/?s={search_term_string}\"},\"query-input\":{\"@type\":\"PropertyValueSpecification\",\"valueRequired\":true,\"valueName\":\"search_term_string\"}}],\"inLanguage\":\"de\"},{\"@type\":\"Organization\",\"@id\":\"https:\/\/dev.eliassen.nl\/de\/#organization\",\"name\":\"Eliassen Home & Garden Pleasure\",\"url\":\"https:\/\/dev.eliassen.nl\/de\/\",\"logo\":{\"@type\":\"ImageObject\",\"inLanguage\":\"de\",\"@id\":\"https:\/\/dev.eliassen.nl\/de\/#\/schema\/logo\/image\/\",\"url\":\"https:\/\/www.eliassen.nl\/wp-content\/uploads\/2024\/01\/logo_4nd.jpg\",\"contentUrl\":\"https:\/\/www.eliassen.nl\/wp-content\/uploads\/2024\/01\/logo_4nd.jpg\",\"width\":500,\"height\":500,\"caption\":\"Eliassen Home & Garden Pleasure\"},\"image\":{\"@id\":\"https:\/\/dev.eliassen.nl\/de\/#\/schema\/logo\/image\/\"},\"sameAs\":[\"https:\/\/www.facebook.com\/TuincentrumEliassenAmmerzoden\",\"https:\/\/www.instagram.com\/eliassenhomeandgarden\/\",\"https:\/\/nl.pinterest.com\/eliassenhomeandgarden\/\",\"https:\/\/www.youtube.com\/@eliassenhomegardenpleasure4558\"]}]}<\/script>\n<!-- \/ Yoast SEO plugin. -->","yoast_head_json":{"title":"Korb L Wasserhyazinthe 46cm","description":"Sehen Sie sich unsere wundersch\u00f6ne Korbkollektion in unserem Webshop an oder kommen Sie vorbei und sehen Sie sie sich live in unserem Laden an!! Dieser runde...","robots":{"index":"noindex","follow":"follow","max-snippet":"max-snippet:-1","max-image-preview":"max-image-preview:large","max-video-preview":"max-video-preview:-1"},"og_locale":"de_DE","og_type":"article","og_title":"Korb L Wasserhyazinthe 46cm","og_description":"Sehen Sie sich unsere wundersch\u00f6ne Korbkollektion in unserem Webshop an oder kommen Sie vorbei und sehen Sie sie sich live in unserem Laden an!! Dieser runde...","og_url":"https:\/\/dev.eliassen.nl\/de\/korb-l-wasserhyazinthe-46cm\/","og_site_name":"Eliassen.nl","article_publisher":"https:\/\/www.facebook.com\/TuincentrumEliassenAmmerzoden","article_modified_time":"2024-12-05T15:35:55+00:00","og_image":[{"width":563,"height":1000,"url":"https:\/\/dev.eliassen.nl\/wp-content\/uploads\/2024\/01\/mandlwaterhyacint46cmeliassennl.png","type":"image\/png"}],"twitter_card":"summary_large_image","schema":{"@context":"https:\/\/schema.org","@graph":[{"@type":"WebPage","@id":"https:\/\/dev.eliassen.nl\/de\/korb-l-wasserhyazinthe-46cm\/","url":"https:\/\/dev.eliassen.nl\/de\/korb-l-wasserhyazinthe-46cm\/","name":"Korb L Wasserhyazinthe 46cm","isPartOf":{"@id":"https:\/\/dev.eliassen.nl\/de\/#website"},"primaryImageOfPage":{"@id":"https:\/\/dev.eliassen.nl\/de\/korb-l-wasserhyazinthe-46cm\/#primaryimage"},"image":{"@id":"https:\/\/dev.eliassen.nl\/de\/korb-l-wasserhyazinthe-46cm\/#primaryimage"},"thumbnailUrl":"https:\/\/dev.eliassen.nl\/wp-content\/uploads\/2024\/01\/mandlwaterhyacint46cmeliassennl.png","datePublished":"2023-09-26T12:38:12+00:00","dateModified":"2024-12-05T15:35:55+00:00","description":"Sehen Sie sich unsere wundersch\u00f6ne Korbkollektion in unserem Webshop an oder kommen Sie vorbei und sehen Sie sie sich live in unserem Laden an!! Dieser runde...","breadcrumb":{"@id":"https:\/\/dev.eliassen.nl\/de\/korb-l-wasserhyazinthe-46cm\/#breadcrumb"},"inLanguage":"de","potentialAction":[{"@type":"ReadAction","target":["https:\/\/dev.eliassen.nl\/de\/korb-l-wasserhyazinthe-46cm\/"]}]},{"@type":"ImageObject","inLanguage":"de","@id":"https:\/\/dev.eliassen.nl\/de\/korb-l-wasserhyazinthe-46cm\/#primaryimage","url":"https:\/\/dev.eliassen.nl\/wp-content\/uploads\/2024\/01\/mandlwaterhyacint46cmeliassennl.png","contentUrl":"https:\/\/dev.eliassen.nl\/wp-content\/uploads\/2024\/01\/mandlwaterhyacint46cmeliassennl.png","width":563,"height":1000,"caption":"Mand L Waterhyacint 46cm eliassen.nl"},{"@type":"BreadcrumbList","@id":"https:\/\/dev.eliassen.nl\/de\/korb-l-wasserhyazinthe-46cm\/#breadcrumb","itemListElement":[{"@type":"ListItem","position":1,"name":"Home","item":"https:\/\/dev.eliassen.nl\/de\/"},{"@type":"ListItem","position":2,"name":"Shop","item":"https:\/\/dev.eliassen.nl\/nl\/winkel\/"},{"@type":"ListItem","position":3,"name":"Blument\u00f6pfe und Pflanzgef\u00e4\u00dfe","item":"https:\/\/dev.eliassen.nl\/de\/blumentoepfe-und-pflanzgefaesse\/"},{"@type":"ListItem","position":4,"name":"K\u00f6rbe aus Rattan","item":"https:\/\/dev.eliassen.nl\/de\/blumentoepfe-und-pflanzgefaesse\/koerbe-aus-rattan\/"},{"@type":"ListItem","position":5,"name":"Korb L Wasserhyazinthe 46cm"}]},{"@type":"WebSite","@id":"https:\/\/dev.eliassen.nl\/de\/#website","url":"https:\/\/dev.eliassen.nl\/de\/","name":"Eliassen Home & Garden Pleasure","description":"","publisher":{"@id":"https:\/\/dev.eliassen.nl\/de\/#organization"},"alternateName":"Eliassen.nl","potentialAction":[{"@type":"SearchAction","target":{"@type":"EntryPoint","urlTemplate":"https:\/\/dev.eliassen.nl\/de\/?s={search_term_string}"},"query-input":{"@type":"PropertyValueSpecification","valueRequired":true,"valueName":"search_term_string"}}],"inLanguage":"de"},{"@type":"Organization","@id":"https:\/\/dev.eliassen.nl\/de\/#organization","name":"Eliassen Home & Garden Pleasure","url":"https:\/\/dev.eliassen.nl\/de\/","logo":{"@type":"ImageObject","inLanguage":"de","@id":"https:\/\/dev.eliassen.nl\/de\/#\/schema\/logo\/image\/","url":"https:\/\/www.eliassen.nl\/wp-content\/uploads\/2024\/01\/logo_4nd.jpg","contentUrl":"https:\/\/www.eliassen.nl\/wp-content\/uploads\/2024\/01\/logo_4nd.jpg","width":500,"height":500,"caption":"Eliassen Home & Garden Pleasure"},"image":{"@id":"https:\/\/dev.eliassen.nl\/de\/#\/schema\/logo\/image\/"},"sameAs":["https:\/\/www.facebook.com\/TuincentrumEliassenAmmerzoden","https:\/\/www.instagram.com\/eliassenhomeandgarden\/","https:\/\/nl.pinterest.com\/eliassenhomeandgarden\/","https:\/\/www.youtube.com\/@eliassenhomegardenpleasure4558"]}]}},"df_price":35,"df_sale_price":"","df_regular_price":35,"df_image_link":"https:\/\/dev.eliassen.nl\/wp-content\/uploads\/2024\/01\/mandlwaterhyacint46cmeliassennl.png","image":"https:\/\/dev.eliassen.nl\/wp-content\/uploads\/2024\/01\/mandlwaterhyacint46cmeliassennl.png","price_search":"<span class=\"woocommerce-Price-amount amount\"><bdi><span class=\"woocommerce-Price-currencySymbol\">&euro;<\/span>&nbsp;35,00<\/bdi><\/span>","category":"Blument\u00f6pfe und Pflanzgef\u00e4\u00dfe","_links":{"self":[{"href":"https:\/\/dev.eliassen.nl\/de\/wp-json\/wp\/v2\/product\/95149","targetHints":{"allow":["GET"]}}],"collection":[{"href":"https:\/\/dev.eliassen.nl\/de\/wp-json\/wp\/v2\/product"}],"about":[{"href":"https:\/\/dev.eliassen.nl\/de\/wp-json\/wp\/v2\/types\/product"}],"wp:featuredmedia":[{"embeddable":true,"href":"https:\/\/dev.eliassen.nl\/de\/wp-json\/wp\/v2\/media\/95143"}],"wp:attachment":[{"href":"https:\/\/dev.eliassen.nl\/de\/wp-json\/wp\/v2\/media?parent=95149"}],"wp:term":[{"taxonomy":"product_brand","embeddable":true,"href":"https:\/\/dev.eliassen.nl\/de\/wp-json\/wp\/v2\/product_brand?post=95149"},{"taxonomy":"product_cat","embeddable":true,"href":"https:\/\/dev.eliassen.nl\/de\/wp-json\/wp\/v2\/product_cat?post=95149"},{"taxonomy":"product_tag","embeddable":true,"href":"https:\/\/dev.eliassen.nl\/de\/wp-json\/wp\/v2\/product_tag?post=95149"}],"curies":[{"name":"wp","href":"https:\/\/api.w.org\/{rel}","templated":true}]}}