{"id":95314,"date":"2023-09-27T16:55:40","date_gmt":"2023-09-27T14:55:40","guid":{"rendered":"https:\/\/www.eliassen.nl\/?product=opbergmand-rechthoek-rotan-met-houten-deksel-61cm"},"modified":"2024-12-05T16:36:07","modified_gmt":"2024-12-05T15:36:07","slug":"aufbewahrungskorb-rechteckig-aus-rattan-mit-holzdeckel-61-cm","status":"publish","type":"product","link":"https:\/\/dev.eliassen.nl\/de\/aufbewahrungskorb-rechteckig-aus-rattan-mit-holzdeckel-61-cm\/","title":{"rendered":"Aufbewahrungskorb rechteckig aus Rattan mit Holzdeckel 61 cm"},"content":{"rendered":"<p>Dieser supergro\u00dfe rechteckige Korb mit Deckel ist Teil unserer eigenen Kollektion. Dieser handgefertigte Korb besteht aus robustem Rattan und hat ein einzigartiges und stilvolles Flechtdesign. Dieser Aufbewahrungskorb hat sehr solide Griffe, einen stabilen Holzdeckel sowie einen stabilen, dicken Rand und Boden und eignet sich f\u00fcr unz\u00e4hlige Zwecke, zum Beispiel f\u00fcr Spielzeug, Ofenholz, Decken usw.<\/p>\n<ul>\n<li>Gr\u00f6\u00dfe: 61 x 32 x 33 cm hoch<\/li>\n<li>Material: graues Rattan, brauner Holzdeckel<\/li>\n<li>Farbe: grau\/braun<\/li>\n<li>1 Jahr Garantie<\/li>\n<li>Eigener Bestand<\/li>\n<\/ul>\n","protected":false},"excerpt":{"rendered":"<p>Extra gro\u00dfer Korb aus robustem grauem Rattan<\/p>\n","protected":false},"featured_media":95290,"template":"","meta":{"_acf_changed":false},"product_brand":[6946],"product_cat":[722,1418,767,752,7064],"product_tag":[],"class_list":{"0":"post-95314","1":"product","2":"type-product","3":"status-publish","4":"has-post-thumbnail","6":"product_brand-riviera-maison-de","7":"product_cat-blumentoepfe-und-pflanzgefaesse","8":"product_cat-koerbe-aus-rattan","9":"product_cat-sonstig","10":"product_cat-weitere-artikel","11":"product_cat-werbeartikel","13":"first","14":"instock","15":"sale","16":"taxable","17":"shipping-taxable","18":"purchasable","19":"product-type-simple"},"acf":[],"yoast_head":"<!-- This site is optimized with the Yoast SEO plugin v23.8 - https:\/\/yoast.com\/wordpress\/plugins\/seo\/ -->\n<title>Aufbewahrungskorb rechteckig aus Rattan mit Holzdeckel 61 cm<\/title>\n<meta name=\"description\" content=\"Sehen Sie sich unsere wundersch\u00f6ne Korbkollektion in unserem Webshop an oder kommen Sie vorbei und sehen Sie sie sich live in unserem Laden an!! Dieser Korb ...\" \/>\n<meta name=\"robots\" content=\"noindex, follow, max-snippet:-1, max-image-preview:large, max-video-preview:-1\" \/>\n<meta property=\"og:locale\" content=\"de_DE\" \/>\n<meta property=\"og:type\" content=\"article\" \/>\n<meta property=\"og:title\" content=\"Aufbewahrungskorb rechteckig aus Rattan mit Holzdeckel 61 cm\" \/>\n<meta property=\"og:description\" content=\"Sehen Sie sich unsere wundersch\u00f6ne Korbkollektion in unserem Webshop an oder kommen Sie vorbei und sehen Sie sie sich live in unserem Laden an!! Dieser Korb ...\" \/>\n<meta property=\"og:url\" content=\"https:\/\/dev.eliassen.nl\/de\/aufbewahrungskorb-rechteckig-aus-rattan-mit-holzdeckel-61-cm\/\" \/>\n<meta property=\"og:site_name\" content=\"Eliassen.nl\" \/>\n<meta property=\"article:publisher\" content=\"https:\/\/www.facebook.com\/TuincentrumEliassenAmmerzoden\" \/>\n<meta property=\"article:modified_time\" content=\"2024-12-05T15:36:07+00:00\" \/>\n<meta property=\"og:image\" content=\"https:\/\/dev.eliassen.nl\/wp-content\/uploads\/2024\/01\/opbergmandrechthoekrotanmethoutendeksel61cm.png\" \/>\n\t<meta property=\"og:image:width\" content=\"2048\" \/>\n\t<meta property=\"og:image:height\" content=\"1536\" \/>\n\t<meta property=\"og:image:type\" content=\"image\/png\" \/>\n<meta name=\"twitter:card\" content=\"summary_large_image\" \/>\n<script type=\"application\/ld+json\" class=\"yoast-schema-graph\">{\"@context\":\"https:\/\/schema.org\",\"@graph\":[{\"@type\":\"WebPage\",\"@id\":\"https:\/\/dev.eliassen.nl\/de\/aufbewahrungskorb-rechteckig-aus-rattan-mit-holzdeckel-61-cm\/\",\"url\":\"https:\/\/dev.eliassen.nl\/de\/aufbewahrungskorb-rechteckig-aus-rattan-mit-holzdeckel-61-cm\/\",\"name\":\"Aufbewahrungskorb rechteckig aus Rattan mit Holzdeckel 61 cm\",\"isPartOf\":{\"@id\":\"https:\/\/dev.eliassen.nl\/de\/#website\"},\"primaryImageOfPage\":{\"@id\":\"https:\/\/dev.eliassen.nl\/de\/aufbewahrungskorb-rechteckig-aus-rattan-mit-holzdeckel-61-cm\/#primaryimage\"},\"image\":{\"@id\":\"https:\/\/dev.eliassen.nl\/de\/aufbewahrungskorb-rechteckig-aus-rattan-mit-holzdeckel-61-cm\/#primaryimage\"},\"thumbnailUrl\":\"https:\/\/dev.eliassen.nl\/wp-content\/uploads\/2024\/01\/opbergmandrechthoekrotanmethoutendeksel61cm.png\",\"datePublished\":\"2023-09-27T14:55:40+00:00\",\"dateModified\":\"2024-12-05T15:36:07+00:00\",\"description\":\"Sehen Sie sich unsere wundersch\u00f6ne Korbkollektion in unserem Webshop an oder kommen Sie vorbei und sehen Sie sie sich live in unserem Laden an!! Dieser Korb ...\",\"breadcrumb\":{\"@id\":\"https:\/\/dev.eliassen.nl\/de\/aufbewahrungskorb-rechteckig-aus-rattan-mit-holzdeckel-61-cm\/#breadcrumb\"},\"inLanguage\":\"de\",\"potentialAction\":[{\"@type\":\"ReadAction\",\"target\":[\"https:\/\/dev.eliassen.nl\/de\/aufbewahrungskorb-rechteckig-aus-rattan-mit-holzdeckel-61-cm\/\"]}]},{\"@type\":\"ImageObject\",\"inLanguage\":\"de\",\"@id\":\"https:\/\/dev.eliassen.nl\/de\/aufbewahrungskorb-rechteckig-aus-rattan-mit-holzdeckel-61-cm\/#primaryimage\",\"url\":\"https:\/\/dev.eliassen.nl\/wp-content\/uploads\/2024\/01\/opbergmandrechthoekrotanmethoutendeksel61cm.png\",\"contentUrl\":\"https:\/\/dev.eliassen.nl\/wp-content\/uploads\/2024\/01\/opbergmandrechthoekrotanmethoutendeksel61cm.png\",\"width\":2048,\"height\":1536,\"caption\":\"Opbergmand rechthoek rotan met houten deksel 61cm\"},{\"@type\":\"BreadcrumbList\",\"@id\":\"https:\/\/dev.eliassen.nl\/de\/aufbewahrungskorb-rechteckig-aus-rattan-mit-holzdeckel-61-cm\/#breadcrumb\",\"itemListElement\":[{\"@type\":\"ListItem\",\"position\":1,\"name\":\"Home\",\"item\":\"https:\/\/dev.eliassen.nl\/de\/\"},{\"@type\":\"ListItem\",\"position\":2,\"name\":\"Shop\",\"item\":\"https:\/\/dev.eliassen.nl\/nl\/winkel\/\"},{\"@type\":\"ListItem\",\"position\":3,\"name\":\"Blument\u00f6pfe und Pflanzgef\u00e4\u00dfe\",\"item\":\"https:\/\/dev.eliassen.nl\/de\/blumentoepfe-und-pflanzgefaesse\/\"},{\"@type\":\"ListItem\",\"position\":4,\"name\":\"K\u00f6rbe aus Rattan\",\"item\":\"https:\/\/dev.eliassen.nl\/de\/blumentoepfe-und-pflanzgefaesse\/koerbe-aus-rattan\/\"},{\"@type\":\"ListItem\",\"position\":5,\"name\":\"Aufbewahrungskorb rechteckig aus Rattan mit Holzdeckel 61 cm\"}]},{\"@type\":\"WebSite\",\"@id\":\"https:\/\/dev.eliassen.nl\/de\/#website\",\"url\":\"https:\/\/dev.eliassen.nl\/de\/\",\"name\":\"Eliassen Home & Garden Pleasure\",\"description\":\"\",\"publisher\":{\"@id\":\"https:\/\/dev.eliassen.nl\/de\/#organization\"},\"alternateName\":\"Eliassen.nl\",\"potentialAction\":[{\"@type\":\"SearchAction\",\"target\":{\"@type\":\"EntryPoint\",\"urlTemplate\":\"https:\/\/dev.eliassen.nl\/de\/?s={search_term_string}\"},\"query-input\":{\"@type\":\"PropertyValueSpecification\",\"valueRequired\":true,\"valueName\":\"search_term_string\"}}],\"inLanguage\":\"de\"},{\"@type\":\"Organization\",\"@id\":\"https:\/\/dev.eliassen.nl\/de\/#organization\",\"name\":\"Eliassen Home & Garden Pleasure\",\"url\":\"https:\/\/dev.eliassen.nl\/de\/\",\"logo\":{\"@type\":\"ImageObject\",\"inLanguage\":\"de\",\"@id\":\"https:\/\/dev.eliassen.nl\/de\/#\/schema\/logo\/image\/\",\"url\":\"https:\/\/www.eliassen.nl\/wp-content\/uploads\/2024\/01\/logo_4nd.jpg\",\"contentUrl\":\"https:\/\/www.eliassen.nl\/wp-content\/uploads\/2024\/01\/logo_4nd.jpg\",\"width\":500,\"height\":500,\"caption\":\"Eliassen Home & Garden Pleasure\"},\"image\":{\"@id\":\"https:\/\/dev.eliassen.nl\/de\/#\/schema\/logo\/image\/\"},\"sameAs\":[\"https:\/\/www.facebook.com\/TuincentrumEliassenAmmerzoden\",\"https:\/\/www.instagram.com\/eliassenhomeandgarden\/\",\"https:\/\/nl.pinterest.com\/eliassenhomeandgarden\/\",\"https:\/\/www.youtube.com\/@eliassenhomegardenpleasure4558\"]}]}<\/script>\n<!-- \/ Yoast SEO plugin. -->","yoast_head_json":{"title":"Aufbewahrungskorb rechteckig aus Rattan mit Holzdeckel 61 cm","description":"Sehen Sie sich unsere wundersch\u00f6ne Korbkollektion in unserem Webshop an oder kommen Sie vorbei und sehen Sie sie sich live in unserem Laden an!! Dieser Korb ...","robots":{"index":"noindex","follow":"follow","max-snippet":"max-snippet:-1","max-image-preview":"max-image-preview:large","max-video-preview":"max-video-preview:-1"},"og_locale":"de_DE","og_type":"article","og_title":"Aufbewahrungskorb rechteckig aus Rattan mit Holzdeckel 61 cm","og_description":"Sehen Sie sich unsere wundersch\u00f6ne Korbkollektion in unserem Webshop an oder kommen Sie vorbei und sehen Sie sie sich live in unserem Laden an!! Dieser Korb ...","og_url":"https:\/\/dev.eliassen.nl\/de\/aufbewahrungskorb-rechteckig-aus-rattan-mit-holzdeckel-61-cm\/","og_site_name":"Eliassen.nl","article_publisher":"https:\/\/www.facebook.com\/TuincentrumEliassenAmmerzoden","article_modified_time":"2024-12-05T15:36:07+00:00","og_image":[{"width":2048,"height":1536,"url":"https:\/\/dev.eliassen.nl\/wp-content\/uploads\/2024\/01\/opbergmandrechthoekrotanmethoutendeksel61cm.png","type":"image\/png"}],"twitter_card":"summary_large_image","schema":{"@context":"https:\/\/schema.org","@graph":[{"@type":"WebPage","@id":"https:\/\/dev.eliassen.nl\/de\/aufbewahrungskorb-rechteckig-aus-rattan-mit-holzdeckel-61-cm\/","url":"https:\/\/dev.eliassen.nl\/de\/aufbewahrungskorb-rechteckig-aus-rattan-mit-holzdeckel-61-cm\/","name":"Aufbewahrungskorb rechteckig aus Rattan mit Holzdeckel 61 cm","isPartOf":{"@id":"https:\/\/dev.eliassen.nl\/de\/#website"},"primaryImageOfPage":{"@id":"https:\/\/dev.eliassen.nl\/de\/aufbewahrungskorb-rechteckig-aus-rattan-mit-holzdeckel-61-cm\/#primaryimage"},"image":{"@id":"https:\/\/dev.eliassen.nl\/de\/aufbewahrungskorb-rechteckig-aus-rattan-mit-holzdeckel-61-cm\/#primaryimage"},"thumbnailUrl":"https:\/\/dev.eliassen.nl\/wp-content\/uploads\/2024\/01\/opbergmandrechthoekrotanmethoutendeksel61cm.png","datePublished":"2023-09-27T14:55:40+00:00","dateModified":"2024-12-05T15:36:07+00:00","description":"Sehen Sie sich unsere wundersch\u00f6ne Korbkollektion in unserem Webshop an oder kommen Sie vorbei und sehen Sie sie sich live in unserem Laden an!! Dieser Korb ...","breadcrumb":{"@id":"https:\/\/dev.eliassen.nl\/de\/aufbewahrungskorb-rechteckig-aus-rattan-mit-holzdeckel-61-cm\/#breadcrumb"},"inLanguage":"de","potentialAction":[{"@type":"ReadAction","target":["https:\/\/dev.eliassen.nl\/de\/aufbewahrungskorb-rechteckig-aus-rattan-mit-holzdeckel-61-cm\/"]}]},{"@type":"ImageObject","inLanguage":"de","@id":"https:\/\/dev.eliassen.nl\/de\/aufbewahrungskorb-rechteckig-aus-rattan-mit-holzdeckel-61-cm\/#primaryimage","url":"https:\/\/dev.eliassen.nl\/wp-content\/uploads\/2024\/01\/opbergmandrechthoekrotanmethoutendeksel61cm.png","contentUrl":"https:\/\/dev.eliassen.nl\/wp-content\/uploads\/2024\/01\/opbergmandrechthoekrotanmethoutendeksel61cm.png","width":2048,"height":1536,"caption":"Opbergmand rechthoek rotan met houten deksel 61cm"},{"@type":"BreadcrumbList","@id":"https:\/\/dev.eliassen.nl\/de\/aufbewahrungskorb-rechteckig-aus-rattan-mit-holzdeckel-61-cm\/#breadcrumb","itemListElement":[{"@type":"ListItem","position":1,"name":"Home","item":"https:\/\/dev.eliassen.nl\/de\/"},{"@type":"ListItem","position":2,"name":"Shop","item":"https:\/\/dev.eliassen.nl\/nl\/winkel\/"},{"@type":"ListItem","position":3,"name":"Blument\u00f6pfe und Pflanzgef\u00e4\u00dfe","item":"https:\/\/dev.eliassen.nl\/de\/blumentoepfe-und-pflanzgefaesse\/"},{"@type":"ListItem","position":4,"name":"K\u00f6rbe aus Rattan","item":"https:\/\/dev.eliassen.nl\/de\/blumentoepfe-und-pflanzgefaesse\/koerbe-aus-rattan\/"},{"@type":"ListItem","position":5,"name":"Aufbewahrungskorb rechteckig aus Rattan mit Holzdeckel 61 cm"}]},{"@type":"WebSite","@id":"https:\/\/dev.eliassen.nl\/de\/#website","url":"https:\/\/dev.eliassen.nl\/de\/","name":"Eliassen Home & Garden Pleasure","description":"","publisher":{"@id":"https:\/\/dev.eliassen.nl\/de\/#organization"},"alternateName":"Eliassen.nl","potentialAction":[{"@type":"SearchAction","target":{"@type":"EntryPoint","urlTemplate":"https:\/\/dev.eliassen.nl\/de\/?s={search_term_string}"},"query-input":{"@type":"PropertyValueSpecification","valueRequired":true,"valueName":"search_term_string"}}],"inLanguage":"de"},{"@type":"Organization","@id":"https:\/\/dev.eliassen.nl\/de\/#organization","name":"Eliassen Home & Garden Pleasure","url":"https:\/\/dev.eliassen.nl\/de\/","logo":{"@type":"ImageObject","inLanguage":"de","@id":"https:\/\/dev.eliassen.nl\/de\/#\/schema\/logo\/image\/","url":"https:\/\/www.eliassen.nl\/wp-content\/uploads\/2024\/01\/logo_4nd.jpg","contentUrl":"https:\/\/www.eliassen.nl\/wp-content\/uploads\/2024\/01\/logo_4nd.jpg","width":500,"height":500,"caption":"Eliassen Home & Garden Pleasure"},"image":{"@id":"https:\/\/dev.eliassen.nl\/de\/#\/schema\/logo\/image\/"},"sameAs":["https:\/\/www.facebook.com\/TuincentrumEliassenAmmerzoden","https:\/\/www.instagram.com\/eliassenhomeandgarden\/","https:\/\/nl.pinterest.com\/eliassenhomeandgarden\/","https:\/\/www.youtube.com\/@eliassenhomegardenpleasure4558"]}]}},"df_price":80,"df_sale_price":80,"df_regular_price":94.5,"df_image_link":"https:\/\/dev.eliassen.nl\/wp-content\/uploads\/2024\/01\/opbergmandrechthoekrotanmethoutendeksel61cm.png","image":"https:\/\/dev.eliassen.nl\/wp-content\/uploads\/2024\/01\/opbergmandrechthoekrotanmethoutendeksel61cm.png","price_search":"<span class=\"woocommerce-Price-amount amount\"><bdi><span class=\"woocommerce-Price-currencySymbol\">&euro;<\/span>&nbsp;80,00<\/bdi><\/span>","category":"Blument\u00f6pfe und Pflanzgef\u00e4\u00dfe","_links":{"self":[{"href":"https:\/\/dev.eliassen.nl\/de\/wp-json\/wp\/v2\/product\/95314","targetHints":{"allow":["GET"]}}],"collection":[{"href":"https:\/\/dev.eliassen.nl\/de\/wp-json\/wp\/v2\/product"}],"about":[{"href":"https:\/\/dev.eliassen.nl\/de\/wp-json\/wp\/v2\/types\/product"}],"wp:featuredmedia":[{"embeddable":true,"href":"https:\/\/dev.eliassen.nl\/de\/wp-json\/wp\/v2\/media\/95290"}],"wp:attachment":[{"href":"https:\/\/dev.eliassen.nl\/de\/wp-json\/wp\/v2\/media?parent=95314"}],"wp:term":[{"taxonomy":"product_brand","embeddable":true,"href":"https:\/\/dev.eliassen.nl\/de\/wp-json\/wp\/v2\/product_brand?post=95314"},{"taxonomy":"product_cat","embeddable":true,"href":"https:\/\/dev.eliassen.nl\/de\/wp-json\/wp\/v2\/product_cat?post=95314"},{"taxonomy":"product_tag","embeddable":true,"href":"https:\/\/dev.eliassen.nl\/de\/wp-json\/wp\/v2\/product_tag?post=95314"}],"curies":[{"name":"wp","href":"https:\/\/api.w.org\/{rel}","templated":true}]}}