{"id":95377,"date":"2023-09-29T11:01:18","date_gmt":"2023-09-29T09:01:18","guid":{"rendered":"https:\/\/www.eliassen.nl\/?product=metalen-tractor-op-hout-80x120cm"},"modified":"2024-12-05T16:36:22","modified_gmt":"2024-12-05T15:36:22","slug":"metalltraktor-john-deere-80x120cm","status":"publish","type":"product","link":"https:\/\/dev.eliassen.nl\/de\/metalltraktor-john-deere-80x120cm\/","title":{"rendered":"Metalltraktor John Deere 80x120cm."},"content":{"rendered":"<p>Mit diesem 3D-Gem\u00e4lde k\u00f6nnen Sie Ihr Interieur komplett dekorieren. Sie k\u00f6nnen dieses 3D-Gem\u00e4lde aus Metall mit dem Bild eines gro\u00dfen, gr\u00fcnen Traktors in Ihrem Wohnzimmer, Wohnzimmer oder Schlafzimmer aufh\u00e4ngen, um die Umgebung zus\u00e4tzlich zu dekorieren.<\/p>\n<p>Dieses Metallgem\u00e4lde hat einen 3D-Effekt. Dieser Effekt wurde mit der im Gem\u00e4lde dargestellten Figur erzeugt. Dieser wird weiter vom Hintergrund entfernt platziert. Dadurch ragen die Bildelemente weiter hervor, wodurch der Ort lebendiger wird und ein 3D-Effekt entsteht.<\/p>\n<p>Unsere gesamte Sammlung an 3D-Gem\u00e4lden ist handgefertigt! Aus diesem Grund k\u00f6nnen die Bilder jedes Mal etwas anders aussehen.<\/p>\n<p><strong>Wir haben eine gro\u00dfe Sammlung von 3D-Gem\u00e4lden! Sie k\u00f6nnen die gesamte Serie in unserem Shop in voller L\u00e4nge ansehen. Wir haben fast unsere gesamte Kollektion auf Lager. Das ist einzigartig in den Niederlanden!<\/strong><\/p>\n<ul>\n<li>Gr\u00f6\u00dfe: 80x120cm<\/li>\n<li>Einfache Aufh\u00e4ngung mit 2 Schrauben<\/li>\n<li>Schnelle Lieferung<\/li>\n<li>Gr\u00f6\u00dfte Sammlung in den Benelux-L\u00e4ndern, kann auch live besichtigt werden<\/li>\n<\/ul>\n","protected":false},"excerpt":{"rendered":"<p>Holzhintergrund mit Metalltraktor in 3D 80x120cm.<\/p>\n","protected":false},"featured_media":95365,"template":"","meta":{"_acf_changed":false},"product_brand":[],"product_cat":[419,434,410],"product_tag":[],"class_list":{"0":"post-95377","1":"product","2":"type-product","3":"status-publish","4":"has-post-thumbnail","6":"product_cat-3d-gemaelde-aus-metall","7":"product_cat-3d-gemaelde-aus-metall-im-format-80x120cm","8":"product_cat-gemaelde","10":"first","11":"instock","12":"taxable","13":"shipping-taxable","14":"purchasable","15":"product-type-simple"},"acf":[],"yoast_head":"<!-- This site is optimized with the Yoast SEO plugin v23.8 - https:\/\/yoast.com\/wordpress\/plugins\/seo\/ -->\n<title>Metalltraktor auf Holz 80x120cm. - Eliassen Home &amp; Garden-Vergn\u00fcgen<\/title>\n<meta name=\"description\" content=\"M\u00f6chten Sie ein Gem\u00e4lde mit einem Traktor kaufen? Sehen Sie sich dieses Gem\u00e4lde von John Deere und viele andere hier an! \u2713 Schnelle Lieferung \u2713 Gro\u00dfe Sammlun...\" \/>\n<meta name=\"robots\" content=\"noindex, follow, max-snippet:-1, max-image-preview:large, max-video-preview:-1\" \/>\n<meta property=\"og:locale\" content=\"de_DE\" \/>\n<meta property=\"og:type\" content=\"article\" \/>\n<meta property=\"og:title\" content=\"Metalltraktor auf Holz 80x120cm. - Eliassen Home &amp; Garden-Vergn\u00fcgen\" \/>\n<meta property=\"og:description\" content=\"M\u00f6chten Sie ein Gem\u00e4lde mit einem Traktor kaufen? Sehen Sie sich dieses Gem\u00e4lde von John Deere und viele andere hier an! \u2713 Schnelle Lieferung \u2713 Gro\u00dfe Sammlun...\" \/>\n<meta property=\"og:url\" content=\"https:\/\/dev.eliassen.nl\/de\/metalltraktor-john-deere-80x120cm\/\" \/>\n<meta property=\"og:site_name\" content=\"Eliassen.nl\" \/>\n<meta property=\"article:publisher\" content=\"https:\/\/www.facebook.com\/TuincentrumEliassenAmmerzoden\" \/>\n<meta property=\"article:modified_time\" content=\"2024-12-05T15:36:22+00:00\" \/>\n<meta property=\"og:image\" content=\"https:\/\/dev.eliassen.nl\/wp-content\/uploads\/2024\/01\/agc20230929111853631.jpg\" \/>\n\t<meta property=\"og:image:width\" content=\"2048\" \/>\n\t<meta property=\"og:image:height\" content=\"1414\" \/>\n\t<meta property=\"og:image:type\" content=\"image\/jpeg\" \/>\n<meta name=\"twitter:card\" content=\"summary_large_image\" \/>\n<script type=\"application\/ld+json\" class=\"yoast-schema-graph\">{\"@context\":\"https:\/\/schema.org\",\"@graph\":[{\"@type\":\"WebPage\",\"@id\":\"https:\/\/dev.eliassen.nl\/de\/metalltraktor-john-deere-80x120cm\/\",\"url\":\"https:\/\/dev.eliassen.nl\/de\/metalltraktor-john-deere-80x120cm\/\",\"name\":\"Metalltraktor auf Holz 80x120cm. - Eliassen Home & Garden-Vergn\u00fcgen\",\"isPartOf\":{\"@id\":\"https:\/\/dev.eliassen.nl\/de\/#website\"},\"primaryImageOfPage\":{\"@id\":\"https:\/\/dev.eliassen.nl\/de\/metalltraktor-john-deere-80x120cm\/#primaryimage\"},\"image\":{\"@id\":\"https:\/\/dev.eliassen.nl\/de\/metalltraktor-john-deere-80x120cm\/#primaryimage\"},\"thumbnailUrl\":\"https:\/\/dev.eliassen.nl\/wp-content\/uploads\/2024\/01\/agc20230929111853631.jpg\",\"datePublished\":\"2023-09-29T09:01:18+00:00\",\"dateModified\":\"2024-12-05T15:36:22+00:00\",\"description\":\"M\u00f6chten Sie ein Gem\u00e4lde mit einem Traktor kaufen? Sehen Sie sich dieses Gem\u00e4lde von John Deere und viele andere hier an! \u2713 Schnelle Lieferung \u2713 Gro\u00dfe Sammlun...\",\"breadcrumb\":{\"@id\":\"https:\/\/dev.eliassen.nl\/de\/metalltraktor-john-deere-80x120cm\/#breadcrumb\"},\"inLanguage\":\"de\",\"potentialAction\":[{\"@type\":\"ReadAction\",\"target\":[\"https:\/\/dev.eliassen.nl\/de\/metalltraktor-john-deere-80x120cm\/\"]}]},{\"@type\":\"ImageObject\",\"inLanguage\":\"de\",\"@id\":\"https:\/\/dev.eliassen.nl\/de\/metalltraktor-john-deere-80x120cm\/#primaryimage\",\"url\":\"https:\/\/dev.eliassen.nl\/wp-content\/uploads\/2024\/01\/agc20230929111853631.jpg\",\"contentUrl\":\"https:\/\/dev.eliassen.nl\/wp-content\/uploads\/2024\/01\/agc20230929111853631.jpg\",\"width\":2048,\"height\":1414,\"caption\":\"AGC_20230929_111853631\"},{\"@type\":\"BreadcrumbList\",\"@id\":\"https:\/\/dev.eliassen.nl\/de\/metalltraktor-john-deere-80x120cm\/#breadcrumb\",\"itemListElement\":[{\"@type\":\"ListItem\",\"position\":1,\"name\":\"Home\",\"item\":\"https:\/\/dev.eliassen.nl\/de\/\"},{\"@type\":\"ListItem\",\"position\":2,\"name\":\"Shop\",\"item\":\"https:\/\/dev.eliassen.nl\/nl\/winkel\/\"},{\"@type\":\"ListItem\",\"position\":3,\"name\":\"Gem\u00e4lde\",\"item\":\"https:\/\/dev.eliassen.nl\/de\/gemaelde\/\"},{\"@type\":\"ListItem\",\"position\":4,\"name\":\"3D-Gem\u00e4lde aus Metall\",\"item\":\"https:\/\/dev.eliassen.nl\/de\/gemaelde\/3d-gemaelde-aus-metall\/\"},{\"@type\":\"ListItem\",\"position\":5,\"name\":\"3D-Gem\u00e4lde aus Metall im Format 80x120cm\",\"item\":\"https:\/\/dev.eliassen.nl\/de\/gemaelde\/3d-gemaelde-aus-metall\/3d-gemaelde-aus-metall-im-format-80x120cm\/\"},{\"@type\":\"ListItem\",\"position\":6,\"name\":\"Metalltraktor John Deere 80x120cm.\"}]},{\"@type\":\"WebSite\",\"@id\":\"https:\/\/dev.eliassen.nl\/de\/#website\",\"url\":\"https:\/\/dev.eliassen.nl\/de\/\",\"name\":\"Eliassen Home & Garden Pleasure\",\"description\":\"\",\"publisher\":{\"@id\":\"https:\/\/dev.eliassen.nl\/de\/#organization\"},\"alternateName\":\"Eliassen.nl\",\"potentialAction\":[{\"@type\":\"SearchAction\",\"target\":{\"@type\":\"EntryPoint\",\"urlTemplate\":\"https:\/\/dev.eliassen.nl\/de\/?s={search_term_string}\"},\"query-input\":{\"@type\":\"PropertyValueSpecification\",\"valueRequired\":true,\"valueName\":\"search_term_string\"}}],\"inLanguage\":\"de\"},{\"@type\":\"Organization\",\"@id\":\"https:\/\/dev.eliassen.nl\/de\/#organization\",\"name\":\"Eliassen Home & Garden Pleasure\",\"url\":\"https:\/\/dev.eliassen.nl\/de\/\",\"logo\":{\"@type\":\"ImageObject\",\"inLanguage\":\"de\",\"@id\":\"https:\/\/dev.eliassen.nl\/de\/#\/schema\/logo\/image\/\",\"url\":\"https:\/\/www.eliassen.nl\/wp-content\/uploads\/2024\/01\/logo_4nd.jpg\",\"contentUrl\":\"https:\/\/www.eliassen.nl\/wp-content\/uploads\/2024\/01\/logo_4nd.jpg\",\"width\":500,\"height\":500,\"caption\":\"Eliassen Home & Garden Pleasure\"},\"image\":{\"@id\":\"https:\/\/dev.eliassen.nl\/de\/#\/schema\/logo\/image\/\"},\"sameAs\":[\"https:\/\/www.facebook.com\/TuincentrumEliassenAmmerzoden\",\"https:\/\/www.instagram.com\/eliassenhomeandgarden\/\",\"https:\/\/nl.pinterest.com\/eliassenhomeandgarden\/\",\"https:\/\/www.youtube.com\/@eliassenhomegardenpleasure4558\"]}]}<\/script>\n<!-- \/ Yoast SEO plugin. -->","yoast_head_json":{"title":"Metalltraktor auf Holz 80x120cm. - Eliassen Home & Garden-Vergn\u00fcgen","description":"M\u00f6chten Sie ein Gem\u00e4lde mit einem Traktor kaufen? Sehen Sie sich dieses Gem\u00e4lde von John Deere und viele andere hier an! \u2713 Schnelle Lieferung \u2713 Gro\u00dfe Sammlun...","robots":{"index":"noindex","follow":"follow","max-snippet":"max-snippet:-1","max-image-preview":"max-image-preview:large","max-video-preview":"max-video-preview:-1"},"og_locale":"de_DE","og_type":"article","og_title":"Metalltraktor auf Holz 80x120cm. - Eliassen Home & Garden-Vergn\u00fcgen","og_description":"M\u00f6chten Sie ein Gem\u00e4lde mit einem Traktor kaufen? Sehen Sie sich dieses Gem\u00e4lde von John Deere und viele andere hier an! \u2713 Schnelle Lieferung \u2713 Gro\u00dfe Sammlun...","og_url":"https:\/\/dev.eliassen.nl\/de\/metalltraktor-john-deere-80x120cm\/","og_site_name":"Eliassen.nl","article_publisher":"https:\/\/www.facebook.com\/TuincentrumEliassenAmmerzoden","article_modified_time":"2024-12-05T15:36:22+00:00","og_image":[{"width":2048,"height":1414,"url":"https:\/\/dev.eliassen.nl\/wp-content\/uploads\/2024\/01\/agc20230929111853631.jpg","type":"image\/jpeg"}],"twitter_card":"summary_large_image","schema":{"@context":"https:\/\/schema.org","@graph":[{"@type":"WebPage","@id":"https:\/\/dev.eliassen.nl\/de\/metalltraktor-john-deere-80x120cm\/","url":"https:\/\/dev.eliassen.nl\/de\/metalltraktor-john-deere-80x120cm\/","name":"Metalltraktor auf Holz 80x120cm. - Eliassen Home & Garden-Vergn\u00fcgen","isPartOf":{"@id":"https:\/\/dev.eliassen.nl\/de\/#website"},"primaryImageOfPage":{"@id":"https:\/\/dev.eliassen.nl\/de\/metalltraktor-john-deere-80x120cm\/#primaryimage"},"image":{"@id":"https:\/\/dev.eliassen.nl\/de\/metalltraktor-john-deere-80x120cm\/#primaryimage"},"thumbnailUrl":"https:\/\/dev.eliassen.nl\/wp-content\/uploads\/2024\/01\/agc20230929111853631.jpg","datePublished":"2023-09-29T09:01:18+00:00","dateModified":"2024-12-05T15:36:22+00:00","description":"M\u00f6chten Sie ein Gem\u00e4lde mit einem Traktor kaufen? Sehen Sie sich dieses Gem\u00e4lde von John Deere und viele andere hier an! \u2713 Schnelle Lieferung \u2713 Gro\u00dfe Sammlun...","breadcrumb":{"@id":"https:\/\/dev.eliassen.nl\/de\/metalltraktor-john-deere-80x120cm\/#breadcrumb"},"inLanguage":"de","potentialAction":[{"@type":"ReadAction","target":["https:\/\/dev.eliassen.nl\/de\/metalltraktor-john-deere-80x120cm\/"]}]},{"@type":"ImageObject","inLanguage":"de","@id":"https:\/\/dev.eliassen.nl\/de\/metalltraktor-john-deere-80x120cm\/#primaryimage","url":"https:\/\/dev.eliassen.nl\/wp-content\/uploads\/2024\/01\/agc20230929111853631.jpg","contentUrl":"https:\/\/dev.eliassen.nl\/wp-content\/uploads\/2024\/01\/agc20230929111853631.jpg","width":2048,"height":1414,"caption":"AGC_20230929_111853631"},{"@type":"BreadcrumbList","@id":"https:\/\/dev.eliassen.nl\/de\/metalltraktor-john-deere-80x120cm\/#breadcrumb","itemListElement":[{"@type":"ListItem","position":1,"name":"Home","item":"https:\/\/dev.eliassen.nl\/de\/"},{"@type":"ListItem","position":2,"name":"Shop","item":"https:\/\/dev.eliassen.nl\/nl\/winkel\/"},{"@type":"ListItem","position":3,"name":"Gem\u00e4lde","item":"https:\/\/dev.eliassen.nl\/de\/gemaelde\/"},{"@type":"ListItem","position":4,"name":"3D-Gem\u00e4lde aus Metall","item":"https:\/\/dev.eliassen.nl\/de\/gemaelde\/3d-gemaelde-aus-metall\/"},{"@type":"ListItem","position":5,"name":"3D-Gem\u00e4lde aus Metall im Format 80x120cm","item":"https:\/\/dev.eliassen.nl\/de\/gemaelde\/3d-gemaelde-aus-metall\/3d-gemaelde-aus-metall-im-format-80x120cm\/"},{"@type":"ListItem","position":6,"name":"Metalltraktor John Deere 80x120cm."}]},{"@type":"WebSite","@id":"https:\/\/dev.eliassen.nl\/de\/#website","url":"https:\/\/dev.eliassen.nl\/de\/","name":"Eliassen Home & Garden Pleasure","description":"","publisher":{"@id":"https:\/\/dev.eliassen.nl\/de\/#organization"},"alternateName":"Eliassen.nl","potentialAction":[{"@type":"SearchAction","target":{"@type":"EntryPoint","urlTemplate":"https:\/\/dev.eliassen.nl\/de\/?s={search_term_string}"},"query-input":{"@type":"PropertyValueSpecification","valueRequired":true,"valueName":"search_term_string"}}],"inLanguage":"de"},{"@type":"Organization","@id":"https:\/\/dev.eliassen.nl\/de\/#organization","name":"Eliassen Home & Garden Pleasure","url":"https:\/\/dev.eliassen.nl\/de\/","logo":{"@type":"ImageObject","inLanguage":"de","@id":"https:\/\/dev.eliassen.nl\/de\/#\/schema\/logo\/image\/","url":"https:\/\/www.eliassen.nl\/wp-content\/uploads\/2024\/01\/logo_4nd.jpg","contentUrl":"https:\/\/www.eliassen.nl\/wp-content\/uploads\/2024\/01\/logo_4nd.jpg","width":500,"height":500,"caption":"Eliassen Home & Garden Pleasure"},"image":{"@id":"https:\/\/dev.eliassen.nl\/de\/#\/schema\/logo\/image\/"},"sameAs":["https:\/\/www.facebook.com\/TuincentrumEliassenAmmerzoden","https:\/\/www.instagram.com\/eliassenhomeandgarden\/","https:\/\/nl.pinterest.com\/eliassenhomeandgarden\/","https:\/\/www.youtube.com\/@eliassenhomegardenpleasure4558"]}]}},"df_price":209,"df_sale_price":"","df_regular_price":209,"df_image_link":"https:\/\/dev.eliassen.nl\/wp-content\/uploads\/2024\/01\/agc20230929111853631.jpg","image":"https:\/\/dev.eliassen.nl\/wp-content\/uploads\/2024\/01\/agc20230929111853631.jpg","price_search":"<span class=\"woocommerce-Price-amount amount\"><bdi><span class=\"woocommerce-Price-currencySymbol\">&euro;<\/span>&nbsp;209,00<\/bdi><\/span>","category":"3D-Gem\u00e4lde aus Metall","_links":{"self":[{"href":"https:\/\/dev.eliassen.nl\/de\/wp-json\/wp\/v2\/product\/95377","targetHints":{"allow":["GET"]}}],"collection":[{"href":"https:\/\/dev.eliassen.nl\/de\/wp-json\/wp\/v2\/product"}],"about":[{"href":"https:\/\/dev.eliassen.nl\/de\/wp-json\/wp\/v2\/types\/product"}],"wp:featuredmedia":[{"embeddable":true,"href":"https:\/\/dev.eliassen.nl\/de\/wp-json\/wp\/v2\/media\/95365"}],"wp:attachment":[{"href":"https:\/\/dev.eliassen.nl\/de\/wp-json\/wp\/v2\/media?parent=95377"}],"wp:term":[{"taxonomy":"product_brand","embeddable":true,"href":"https:\/\/dev.eliassen.nl\/de\/wp-json\/wp\/v2\/product_brand?post=95377"},{"taxonomy":"product_cat","embeddable":true,"href":"https:\/\/dev.eliassen.nl\/de\/wp-json\/wp\/v2\/product_cat?post=95377"},{"taxonomy":"product_tag","embeddable":true,"href":"https:\/\/dev.eliassen.nl\/de\/wp-json\/wp\/v2\/product_tag?post=95377"}],"curies":[{"name":"wp","href":"https:\/\/api.w.org\/{rel}","templated":true}]}}