{"id":95452,"date":"2023-10-03T16:52:02","date_gmt":"2023-10-03T14:52:02","guid":{"rendered":"https:\/\/www.eliassen.nl\/?product=vliegtuigmodel-aluminium-douglas-38cm"},"modified":"2024-12-05T16:36:29","modified_gmt":"2024-12-05T15:36:29","slug":"flugzeugmodell-aluminium-douglas-38cm","status":"publish","type":"product","link":"https:\/\/dev.eliassen.nl\/de\/flugzeugmodell-aluminium-douglas-38cm\/","title":{"rendered":"Flugzeugmodell Aluminium Douglas 38cm"},"content":{"rendered":"<p>Wie sch\u00f6n ist das, ein wundersch\u00f6nes Flugzeugmodell, gefertigt aus Aluminiumguss. Ein Dekost\u00fcck, das das Vorbeifliegen wieder sichtbar macht. Sie k\u00f6nnen diesem Hingucker einen sch\u00f6nen Platz in jedem Raum Ihres Hauses geben. Dieses authentische Modell eignet sich auch hervorragend als Geschenk.<\/p>\n<p>Diese Flugzeugmodelle werden mit gro\u00dfer Sorgfalt gegossen, geschliffen und abschlie\u00dfend poliert.<\/p>\n<p>Die Unterseite ist wundersch\u00f6n mit schwarzem Samt versehen.<\/p>\n<ul>\n<li>Material: Aluminium, poliert<\/li>\n<li>Gr\u00f6\u00dfe: 43x38x32cm<\/li>\n<li>1 Jahr Garantie<\/li>\n<li>Auch in unserem Shop zu sehen.<\/li>\n<\/ul>\n","protected":false},"excerpt":{"rendered":"<p>Sch\u00f6nes Objekt f\u00fcr Ihren Schrank oder Schreibtisch<\/p>\n","protected":false},"featured_media":95443,"template":"","meta":{"_acf_changed":false},"product_brand":[],"product_cat":[6999,665,659,7076],"product_tag":[],"class_list":{"0":"post-95452","1":"product","2":"type-product","3":"status-publish","4":"has-post-thumbnail","6":"product_cat-aluminiumstatuen","7":"product_cat-dekofiguren-aus-metall","8":"product_cat-dekoration-aus-metall","9":"product_cat-statues-figures","11":"first","12":"instock","13":"taxable","14":"shipping-taxable","15":"purchasable","16":"product-type-simple"},"acf":[],"yoast_head":"<!-- This site is optimized with the Yoast SEO plugin v23.8 - https:\/\/yoast.com\/wordpress\/plugins\/seo\/ -->\n<title>Flugzeugmodell Aluminium Douglas 38cm<\/title>\n<meta name=\"description\" content=\"Dekofiguren aus Eisen oder Aluminium ?? Wir haben viele davon, alles kann live angeschaut werden!!\" \/>\n<meta name=\"robots\" content=\"noindex, follow, max-snippet:-1, max-image-preview:large, max-video-preview:-1\" \/>\n<meta property=\"og:locale\" content=\"de_DE\" \/>\n<meta property=\"og:type\" content=\"article\" \/>\n<meta property=\"og:title\" content=\"Flugzeugmodell Aluminium Douglas 38cm\" \/>\n<meta property=\"og:description\" content=\"Dekofiguren aus Eisen oder Aluminium ?? Wir haben viele davon, alles kann live angeschaut werden!!\" \/>\n<meta property=\"og:url\" content=\"https:\/\/dev.eliassen.nl\/de\/flugzeugmodell-aluminium-douglas-38cm\/\" \/>\n<meta property=\"og:site_name\" content=\"Eliassen.nl\" \/>\n<meta property=\"article:publisher\" content=\"https:\/\/www.facebook.com\/TuincentrumEliassenAmmerzoden\" \/>\n<meta property=\"article:modified_time\" content=\"2024-12-05T15:36:29+00:00\" \/>\n<meta property=\"og:image\" content=\"https:\/\/dev.eliassen.nl\/wp-content\/uploads\/2024\/01\/pl10921200x1200.jpg\" \/>\n\t<meta property=\"og:image:width\" content=\"1200\" \/>\n\t<meta property=\"og:image:height\" content=\"1200\" \/>\n\t<meta property=\"og:image:type\" content=\"image\/jpeg\" \/>\n<meta name=\"twitter:card\" content=\"summary_large_image\" \/>\n<script type=\"application\/ld+json\" class=\"yoast-schema-graph\">{\"@context\":\"https:\/\/schema.org\",\"@graph\":[{\"@type\":\"WebPage\",\"@id\":\"https:\/\/dev.eliassen.nl\/de\/flugzeugmodell-aluminium-douglas-38cm\/\",\"url\":\"https:\/\/dev.eliassen.nl\/de\/flugzeugmodell-aluminium-douglas-38cm\/\",\"name\":\"Flugzeugmodell Aluminium Douglas 38cm\",\"isPartOf\":{\"@id\":\"https:\/\/dev.eliassen.nl\/de\/#website\"},\"primaryImageOfPage\":{\"@id\":\"https:\/\/dev.eliassen.nl\/de\/flugzeugmodell-aluminium-douglas-38cm\/#primaryimage\"},\"image\":{\"@id\":\"https:\/\/dev.eliassen.nl\/de\/flugzeugmodell-aluminium-douglas-38cm\/#primaryimage\"},\"thumbnailUrl\":\"https:\/\/dev.eliassen.nl\/wp-content\/uploads\/2024\/01\/pl10921200x1200.jpg\",\"datePublished\":\"2023-10-03T14:52:02+00:00\",\"dateModified\":\"2024-12-05T15:36:29+00:00\",\"description\":\"Dekofiguren aus Eisen oder Aluminium ?? Wir haben viele davon, alles kann live angeschaut werden!!\",\"breadcrumb\":{\"@id\":\"https:\/\/dev.eliassen.nl\/de\/flugzeugmodell-aluminium-douglas-38cm\/#breadcrumb\"},\"inLanguage\":\"de\",\"potentialAction\":[{\"@type\":\"ReadAction\",\"target\":[\"https:\/\/dev.eliassen.nl\/de\/flugzeugmodell-aluminium-douglas-38cm\/\"]}]},{\"@type\":\"ImageObject\",\"inLanguage\":\"de\",\"@id\":\"https:\/\/dev.eliassen.nl\/de\/flugzeugmodell-aluminium-douglas-38cm\/#primaryimage\",\"url\":\"https:\/\/dev.eliassen.nl\/wp-content\/uploads\/2024\/01\/pl10921200x1200.jpg\",\"contentUrl\":\"https:\/\/dev.eliassen.nl\/wp-content\/uploads\/2024\/01\/pl10921200x1200.jpg\",\"width\":1200,\"height\":1200,\"caption\":\"PL109-2-1200x1200\"},{\"@type\":\"BreadcrumbList\",\"@id\":\"https:\/\/dev.eliassen.nl\/de\/flugzeugmodell-aluminium-douglas-38cm\/#breadcrumb\",\"itemListElement\":[{\"@type\":\"ListItem\",\"position\":1,\"name\":\"Home\",\"item\":\"https:\/\/dev.eliassen.nl\/de\/\"},{\"@type\":\"ListItem\",\"position\":2,\"name\":\"Shop\",\"item\":\"https:\/\/dev.eliassen.nl\/nl\/winkel\/\"},{\"@type\":\"ListItem\",\"position\":3,\"name\":\"Statuen-Skulpturen\",\"item\":\"https:\/\/dev.eliassen.nl\/de\/statuen-skulpturen\/\"},{\"@type\":\"ListItem\",\"position\":4,\"name\":\"Aluminiumstatuen\",\"item\":\"https:\/\/dev.eliassen.nl\/de\/bilder\/aluminiumstatuen\/\"},{\"@type\":\"ListItem\",\"position\":5,\"name\":\"Flugzeugmodell Aluminium Douglas 38cm\"}]},{\"@type\":\"WebSite\",\"@id\":\"https:\/\/dev.eliassen.nl\/de\/#website\",\"url\":\"https:\/\/dev.eliassen.nl\/de\/\",\"name\":\"Eliassen Home & Garden Pleasure\",\"description\":\"\",\"publisher\":{\"@id\":\"https:\/\/dev.eliassen.nl\/de\/#organization\"},\"alternateName\":\"Eliassen.nl\",\"potentialAction\":[{\"@type\":\"SearchAction\",\"target\":{\"@type\":\"EntryPoint\",\"urlTemplate\":\"https:\/\/dev.eliassen.nl\/de\/?s={search_term_string}\"},\"query-input\":{\"@type\":\"PropertyValueSpecification\",\"valueRequired\":true,\"valueName\":\"search_term_string\"}}],\"inLanguage\":\"de\"},{\"@type\":\"Organization\",\"@id\":\"https:\/\/dev.eliassen.nl\/de\/#organization\",\"name\":\"Eliassen Home & Garden Pleasure\",\"url\":\"https:\/\/dev.eliassen.nl\/de\/\",\"logo\":{\"@type\":\"ImageObject\",\"inLanguage\":\"de\",\"@id\":\"https:\/\/dev.eliassen.nl\/de\/#\/schema\/logo\/image\/\",\"url\":\"https:\/\/www.eliassen.nl\/wp-content\/uploads\/2024\/01\/logo_4nd.jpg\",\"contentUrl\":\"https:\/\/www.eliassen.nl\/wp-content\/uploads\/2024\/01\/logo_4nd.jpg\",\"width\":500,\"height\":500,\"caption\":\"Eliassen Home & Garden Pleasure\"},\"image\":{\"@id\":\"https:\/\/dev.eliassen.nl\/de\/#\/schema\/logo\/image\/\"},\"sameAs\":[\"https:\/\/www.facebook.com\/TuincentrumEliassenAmmerzoden\",\"https:\/\/www.instagram.com\/eliassenhomeandgarden\/\",\"https:\/\/nl.pinterest.com\/eliassenhomeandgarden\/\",\"https:\/\/www.youtube.com\/@eliassenhomegardenpleasure4558\"]}]}<\/script>\n<!-- \/ Yoast SEO plugin. -->","yoast_head_json":{"title":"Flugzeugmodell Aluminium Douglas 38cm","description":"Dekofiguren aus Eisen oder Aluminium ?? Wir haben viele davon, alles kann live angeschaut werden!!","robots":{"index":"noindex","follow":"follow","max-snippet":"max-snippet:-1","max-image-preview":"max-image-preview:large","max-video-preview":"max-video-preview:-1"},"og_locale":"de_DE","og_type":"article","og_title":"Flugzeugmodell Aluminium Douglas 38cm","og_description":"Dekofiguren aus Eisen oder Aluminium ?? Wir haben viele davon, alles kann live angeschaut werden!!","og_url":"https:\/\/dev.eliassen.nl\/de\/flugzeugmodell-aluminium-douglas-38cm\/","og_site_name":"Eliassen.nl","article_publisher":"https:\/\/www.facebook.com\/TuincentrumEliassenAmmerzoden","article_modified_time":"2024-12-05T15:36:29+00:00","og_image":[{"width":1200,"height":1200,"url":"https:\/\/dev.eliassen.nl\/wp-content\/uploads\/2024\/01\/pl10921200x1200.jpg","type":"image\/jpeg"}],"twitter_card":"summary_large_image","schema":{"@context":"https:\/\/schema.org","@graph":[{"@type":"WebPage","@id":"https:\/\/dev.eliassen.nl\/de\/flugzeugmodell-aluminium-douglas-38cm\/","url":"https:\/\/dev.eliassen.nl\/de\/flugzeugmodell-aluminium-douglas-38cm\/","name":"Flugzeugmodell Aluminium Douglas 38cm","isPartOf":{"@id":"https:\/\/dev.eliassen.nl\/de\/#website"},"primaryImageOfPage":{"@id":"https:\/\/dev.eliassen.nl\/de\/flugzeugmodell-aluminium-douglas-38cm\/#primaryimage"},"image":{"@id":"https:\/\/dev.eliassen.nl\/de\/flugzeugmodell-aluminium-douglas-38cm\/#primaryimage"},"thumbnailUrl":"https:\/\/dev.eliassen.nl\/wp-content\/uploads\/2024\/01\/pl10921200x1200.jpg","datePublished":"2023-10-03T14:52:02+00:00","dateModified":"2024-12-05T15:36:29+00:00","description":"Dekofiguren aus Eisen oder Aluminium ?? Wir haben viele davon, alles kann live angeschaut werden!!","breadcrumb":{"@id":"https:\/\/dev.eliassen.nl\/de\/flugzeugmodell-aluminium-douglas-38cm\/#breadcrumb"},"inLanguage":"de","potentialAction":[{"@type":"ReadAction","target":["https:\/\/dev.eliassen.nl\/de\/flugzeugmodell-aluminium-douglas-38cm\/"]}]},{"@type":"ImageObject","inLanguage":"de","@id":"https:\/\/dev.eliassen.nl\/de\/flugzeugmodell-aluminium-douglas-38cm\/#primaryimage","url":"https:\/\/dev.eliassen.nl\/wp-content\/uploads\/2024\/01\/pl10921200x1200.jpg","contentUrl":"https:\/\/dev.eliassen.nl\/wp-content\/uploads\/2024\/01\/pl10921200x1200.jpg","width":1200,"height":1200,"caption":"PL109-2-1200x1200"},{"@type":"BreadcrumbList","@id":"https:\/\/dev.eliassen.nl\/de\/flugzeugmodell-aluminium-douglas-38cm\/#breadcrumb","itemListElement":[{"@type":"ListItem","position":1,"name":"Home","item":"https:\/\/dev.eliassen.nl\/de\/"},{"@type":"ListItem","position":2,"name":"Shop","item":"https:\/\/dev.eliassen.nl\/nl\/winkel\/"},{"@type":"ListItem","position":3,"name":"Statuen-Skulpturen","item":"https:\/\/dev.eliassen.nl\/de\/statuen-skulpturen\/"},{"@type":"ListItem","position":4,"name":"Aluminiumstatuen","item":"https:\/\/dev.eliassen.nl\/de\/bilder\/aluminiumstatuen\/"},{"@type":"ListItem","position":5,"name":"Flugzeugmodell Aluminium Douglas 38cm"}]},{"@type":"WebSite","@id":"https:\/\/dev.eliassen.nl\/de\/#website","url":"https:\/\/dev.eliassen.nl\/de\/","name":"Eliassen Home & Garden Pleasure","description":"","publisher":{"@id":"https:\/\/dev.eliassen.nl\/de\/#organization"},"alternateName":"Eliassen.nl","potentialAction":[{"@type":"SearchAction","target":{"@type":"EntryPoint","urlTemplate":"https:\/\/dev.eliassen.nl\/de\/?s={search_term_string}"},"query-input":{"@type":"PropertyValueSpecification","valueRequired":true,"valueName":"search_term_string"}}],"inLanguage":"de"},{"@type":"Organization","@id":"https:\/\/dev.eliassen.nl\/de\/#organization","name":"Eliassen Home & Garden Pleasure","url":"https:\/\/dev.eliassen.nl\/de\/","logo":{"@type":"ImageObject","inLanguage":"de","@id":"https:\/\/dev.eliassen.nl\/de\/#\/schema\/logo\/image\/","url":"https:\/\/www.eliassen.nl\/wp-content\/uploads\/2024\/01\/logo_4nd.jpg","contentUrl":"https:\/\/www.eliassen.nl\/wp-content\/uploads\/2024\/01\/logo_4nd.jpg","width":500,"height":500,"caption":"Eliassen Home & Garden Pleasure"},"image":{"@id":"https:\/\/dev.eliassen.nl\/de\/#\/schema\/logo\/image\/"},"sameAs":["https:\/\/www.facebook.com\/TuincentrumEliassenAmmerzoden","https:\/\/www.instagram.com\/eliassenhomeandgarden\/","https:\/\/nl.pinterest.com\/eliassenhomeandgarden\/","https:\/\/www.youtube.com\/@eliassenhomegardenpleasure4558"]}]}},"df_price":99,"df_sale_price":"","df_regular_price":99,"df_image_link":"https:\/\/dev.eliassen.nl\/wp-content\/uploads\/2024\/01\/pl10921200x1200.jpg","image":"https:\/\/dev.eliassen.nl\/wp-content\/uploads\/2024\/01\/pl10921200x1200.jpg","price_search":"<span class=\"woocommerce-Price-amount amount\"><bdi><span class=\"woocommerce-Price-currencySymbol\">&euro;<\/span>&nbsp;99,00<\/bdi><\/span>","category":"Aluminiumstatuen","_links":{"self":[{"href":"https:\/\/dev.eliassen.nl\/de\/wp-json\/wp\/v2\/product\/95452","targetHints":{"allow":["GET"]}}],"collection":[{"href":"https:\/\/dev.eliassen.nl\/de\/wp-json\/wp\/v2\/product"}],"about":[{"href":"https:\/\/dev.eliassen.nl\/de\/wp-json\/wp\/v2\/types\/product"}],"wp:featuredmedia":[{"embeddable":true,"href":"https:\/\/dev.eliassen.nl\/de\/wp-json\/wp\/v2\/media\/95443"}],"wp:attachment":[{"href":"https:\/\/dev.eliassen.nl\/de\/wp-json\/wp\/v2\/media?parent=95452"}],"wp:term":[{"taxonomy":"product_brand","embeddable":true,"href":"https:\/\/dev.eliassen.nl\/de\/wp-json\/wp\/v2\/product_brand?post=95452"},{"taxonomy":"product_cat","embeddable":true,"href":"https:\/\/dev.eliassen.nl\/de\/wp-json\/wp\/v2\/product_cat?post=95452"},{"taxonomy":"product_tag","embeddable":true,"href":"https:\/\/dev.eliassen.nl\/de\/wp-json\/wp\/v2\/product_tag?post=95452"}],"curies":[{"name":"wp","href":"https:\/\/api.w.org\/{rel}","templated":true}]}}