{"id":95536,"date":"2023-10-04T11:37:36","date_gmt":"2023-10-04T09:37:36","guid":{"rendered":"https:\/\/www.eliassen.nl\/?product=zonnewijzer-plat-brons-zon-26cm"},"modified":"2024-12-05T16:36:39","modified_gmt":"2024-12-05T15:36:39","slug":"sonnenuhr-flache-bronze-sonne-26cm","status":"publish","type":"product","link":"https:\/\/dev.eliassen.nl\/de\/sonnenuhr-flache-bronze-sonne-26cm\/","title":{"rendered":"Sonnenuhr flache Bronze Sonne 26cm"},"content":{"rendered":"<p>Schm\u00fccken Sie Ihren Garten oder Innenbereich mit einer bronzenen Sonnenuhr. Der authentische Look dieser Sonnenuhr ist eine wahre Augenweide, wenn Sie authentische Statuen und Sonnenuhren aus Bronze, Messing oder Kupfer m\u00f6gen. Dieses Modell wird auf einer Erhebung, meist auf einem Sockel, aufgestellt.<\/p>\n<p><em>Wie funktionieren Sonnenuhren?<\/em><\/p>\n<p>Eine Sonnenuhr dient dazu, die Zeit mithilfe der Sonne anzuzeigen. Dies kann beispielsweise die Form einer Ebene oder einer Scheibe haben. Der Schatten des Zeigers zeigt die Uhrzeit an.<\/p>\n<p>Der Kupferanteil dieser Bronze-Sonnenuhr betr\u00e4gt mindestens 75 %. Dies garantiert eine sehr lange Lebensdauer. Die meisten Statuen verf\u00fcgen an der Unterseite \u00fcber ein M8-Schraubgewinde, mit dem eine Statue beispielsweise an einer S\u00e4ule befestigt werden kann.<\/p>\n<p>Wir haben eine gro\u00dfe Sammlung verschiedener Sonnenuhren aus Bronze. Diese k\u00f6nnen auf der Website besichtigt werden, aber Sie k\u00f6nnen auch unseren Showroom besuchen, um sie live zu erleben!<\/p>\n<ul>\n<li>Abmessungen: Durchmesser 26 cm, 12 cm hoch<\/li>\n<li>Material: Bronze<\/li>\n<li>Garantie 5 Jahre<\/li>\n<\/ul>\n","protected":false},"excerpt":{"rendered":"<p>klassische Tellersonnenuhr<\/p>\n","protected":false},"featured_media":95530,"template":"","meta":{"_acf_changed":false},"product_brand":[],"product_cat":[755,752],"product_tag":[],"class_list":{"0":"post-95536","1":"product","2":"type-product","3":"status-publish","4":"has-post-thumbnail","6":"product_cat-sonnenuhren","7":"product_cat-weitere-artikel","9":"first","10":"instock","11":"taxable","12":"shipping-taxable","13":"purchasable","14":"product-type-simple"},"acf":[],"yoast_head":"<!-- This site is optimized with the Yoast SEO plugin v23.8 - https:\/\/yoast.com\/wordpress\/plugins\/seo\/ -->\n<title>Sonnenuhr flache Bronze Sonne 26cm<\/title>\n<meta name=\"description\" content=\"Sonnenuhren? Kommen Sie in unseren Shop und kombinieren Sie es gleich mit einem passenden Sockel!! Fast alles auf Lager!\" \/>\n<meta name=\"robots\" content=\"noindex, follow, max-snippet:-1, max-image-preview:large, max-video-preview:-1\" \/>\n<meta property=\"og:locale\" content=\"de_DE\" \/>\n<meta property=\"og:type\" content=\"article\" \/>\n<meta property=\"og:title\" content=\"Sonnenuhr flache Bronze Sonne 26cm\" \/>\n<meta property=\"og:description\" content=\"Sonnenuhren? Kommen Sie in unseren Shop und kombinieren Sie es gleich mit einem passenden Sockel!! Fast alles auf Lager!\" \/>\n<meta property=\"og:url\" content=\"https:\/\/dev.eliassen.nl\/de\/sonnenuhr-flache-bronze-sonne-26cm\/\" \/>\n<meta property=\"og:site_name\" content=\"Eliassen.nl\" \/>\n<meta property=\"article:publisher\" content=\"https:\/\/www.facebook.com\/TuincentrumEliassenAmmerzoden\" \/>\n<meta property=\"article:modified_time\" content=\"2024-12-05T15:36:39+00:00\" \/>\n<meta property=\"og:image\" content=\"https:\/\/dev.eliassen.nl\/wp-content\/uploads\/2024\/01\/ga0559brbi.jpg\" \/>\n\t<meta property=\"og:image:width\" content=\"1440\" \/>\n\t<meta property=\"og:image:height\" content=\"1920\" \/>\n\t<meta property=\"og:image:type\" content=\"image\/jpeg\" \/>\n<meta name=\"twitter:card\" content=\"summary_large_image\" \/>\n<script type=\"application\/ld+json\" class=\"yoast-schema-graph\">{\"@context\":\"https:\/\/schema.org\",\"@graph\":[{\"@type\":\"WebPage\",\"@id\":\"https:\/\/dev.eliassen.nl\/de\/sonnenuhr-flache-bronze-sonne-26cm\/\",\"url\":\"https:\/\/dev.eliassen.nl\/de\/sonnenuhr-flache-bronze-sonne-26cm\/\",\"name\":\"Sonnenuhr flache Bronze Sonne 26cm\",\"isPartOf\":{\"@id\":\"https:\/\/dev.eliassen.nl\/de\/#website\"},\"primaryImageOfPage\":{\"@id\":\"https:\/\/dev.eliassen.nl\/de\/sonnenuhr-flache-bronze-sonne-26cm\/#primaryimage\"},\"image\":{\"@id\":\"https:\/\/dev.eliassen.nl\/de\/sonnenuhr-flache-bronze-sonne-26cm\/#primaryimage\"},\"thumbnailUrl\":\"https:\/\/dev.eliassen.nl\/wp-content\/uploads\/2024\/01\/ga0559brbi.jpg\",\"datePublished\":\"2023-10-04T09:37:36+00:00\",\"dateModified\":\"2024-12-05T15:36:39+00:00\",\"description\":\"Sonnenuhren? Kommen Sie in unseren Shop und kombinieren Sie es gleich mit einem passenden Sockel!! Fast alles auf Lager!\",\"breadcrumb\":{\"@id\":\"https:\/\/dev.eliassen.nl\/de\/sonnenuhr-flache-bronze-sonne-26cm\/#breadcrumb\"},\"inLanguage\":\"de\",\"potentialAction\":[{\"@type\":\"ReadAction\",\"target\":[\"https:\/\/dev.eliassen.nl\/de\/sonnenuhr-flache-bronze-sonne-26cm\/\"]}]},{\"@type\":\"ImageObject\",\"inLanguage\":\"de\",\"@id\":\"https:\/\/dev.eliassen.nl\/de\/sonnenuhr-flache-bronze-sonne-26cm\/#primaryimage\",\"url\":\"https:\/\/dev.eliassen.nl\/wp-content\/uploads\/2024\/01\/ga0559brbi.jpg\",\"contentUrl\":\"https:\/\/dev.eliassen.nl\/wp-content\/uploads\/2024\/01\/ga0559brbi.jpg\",\"width\":1440,\"height\":1920,\"caption\":\"GA0559BR-BI\"},{\"@type\":\"BreadcrumbList\",\"@id\":\"https:\/\/dev.eliassen.nl\/de\/sonnenuhr-flache-bronze-sonne-26cm\/#breadcrumb\",\"itemListElement\":[{\"@type\":\"ListItem\",\"position\":1,\"name\":\"Home\",\"item\":\"https:\/\/dev.eliassen.nl\/de\/\"},{\"@type\":\"ListItem\",\"position\":2,\"name\":\"Shop\",\"item\":\"https:\/\/dev.eliassen.nl\/nl\/winkel\/\"},{\"@type\":\"ListItem\",\"position\":3,\"name\":\"Weitere Artikel\",\"item\":\"https:\/\/dev.eliassen.nl\/de\/weitere-artikel\/\"},{\"@type\":\"ListItem\",\"position\":4,\"name\":\"Sonnenuhren\",\"item\":\"https:\/\/dev.eliassen.nl\/de\/garten-andere\/sonnenuhren\/\"},{\"@type\":\"ListItem\",\"position\":5,\"name\":\"Sonnenuhr flache Bronze Sonne 26cm\"}]},{\"@type\":\"WebSite\",\"@id\":\"https:\/\/dev.eliassen.nl\/de\/#website\",\"url\":\"https:\/\/dev.eliassen.nl\/de\/\",\"name\":\"Eliassen Home & Garden Pleasure\",\"description\":\"\",\"publisher\":{\"@id\":\"https:\/\/dev.eliassen.nl\/de\/#organization\"},\"alternateName\":\"Eliassen.nl\",\"potentialAction\":[{\"@type\":\"SearchAction\",\"target\":{\"@type\":\"EntryPoint\",\"urlTemplate\":\"https:\/\/dev.eliassen.nl\/de\/?s={search_term_string}\"},\"query-input\":{\"@type\":\"PropertyValueSpecification\",\"valueRequired\":true,\"valueName\":\"search_term_string\"}}],\"inLanguage\":\"de\"},{\"@type\":\"Organization\",\"@id\":\"https:\/\/dev.eliassen.nl\/de\/#organization\",\"name\":\"Eliassen Home & Garden Pleasure\",\"url\":\"https:\/\/dev.eliassen.nl\/de\/\",\"logo\":{\"@type\":\"ImageObject\",\"inLanguage\":\"de\",\"@id\":\"https:\/\/dev.eliassen.nl\/de\/#\/schema\/logo\/image\/\",\"url\":\"https:\/\/www.eliassen.nl\/wp-content\/uploads\/2024\/01\/logo_4nd.jpg\",\"contentUrl\":\"https:\/\/www.eliassen.nl\/wp-content\/uploads\/2024\/01\/logo_4nd.jpg\",\"width\":500,\"height\":500,\"caption\":\"Eliassen Home & Garden Pleasure\"},\"image\":{\"@id\":\"https:\/\/dev.eliassen.nl\/de\/#\/schema\/logo\/image\/\"},\"sameAs\":[\"https:\/\/www.facebook.com\/TuincentrumEliassenAmmerzoden\",\"https:\/\/www.instagram.com\/eliassenhomeandgarden\/\",\"https:\/\/nl.pinterest.com\/eliassenhomeandgarden\/\",\"https:\/\/www.youtube.com\/@eliassenhomegardenpleasure4558\"]}]}<\/script>\n<!-- \/ Yoast SEO plugin. -->","yoast_head_json":{"title":"Sonnenuhr flache Bronze Sonne 26cm","description":"Sonnenuhren? Kommen Sie in unseren Shop und kombinieren Sie es gleich mit einem passenden Sockel!! Fast alles auf Lager!","robots":{"index":"noindex","follow":"follow","max-snippet":"max-snippet:-1","max-image-preview":"max-image-preview:large","max-video-preview":"max-video-preview:-1"},"og_locale":"de_DE","og_type":"article","og_title":"Sonnenuhr flache Bronze Sonne 26cm","og_description":"Sonnenuhren? Kommen Sie in unseren Shop und kombinieren Sie es gleich mit einem passenden Sockel!! Fast alles auf Lager!","og_url":"https:\/\/dev.eliassen.nl\/de\/sonnenuhr-flache-bronze-sonne-26cm\/","og_site_name":"Eliassen.nl","article_publisher":"https:\/\/www.facebook.com\/TuincentrumEliassenAmmerzoden","article_modified_time":"2024-12-05T15:36:39+00:00","og_image":[{"width":1440,"height":1920,"url":"https:\/\/dev.eliassen.nl\/wp-content\/uploads\/2024\/01\/ga0559brbi.jpg","type":"image\/jpeg"}],"twitter_card":"summary_large_image","schema":{"@context":"https:\/\/schema.org","@graph":[{"@type":"WebPage","@id":"https:\/\/dev.eliassen.nl\/de\/sonnenuhr-flache-bronze-sonne-26cm\/","url":"https:\/\/dev.eliassen.nl\/de\/sonnenuhr-flache-bronze-sonne-26cm\/","name":"Sonnenuhr flache Bronze Sonne 26cm","isPartOf":{"@id":"https:\/\/dev.eliassen.nl\/de\/#website"},"primaryImageOfPage":{"@id":"https:\/\/dev.eliassen.nl\/de\/sonnenuhr-flache-bronze-sonne-26cm\/#primaryimage"},"image":{"@id":"https:\/\/dev.eliassen.nl\/de\/sonnenuhr-flache-bronze-sonne-26cm\/#primaryimage"},"thumbnailUrl":"https:\/\/dev.eliassen.nl\/wp-content\/uploads\/2024\/01\/ga0559brbi.jpg","datePublished":"2023-10-04T09:37:36+00:00","dateModified":"2024-12-05T15:36:39+00:00","description":"Sonnenuhren? Kommen Sie in unseren Shop und kombinieren Sie es gleich mit einem passenden Sockel!! Fast alles auf Lager!","breadcrumb":{"@id":"https:\/\/dev.eliassen.nl\/de\/sonnenuhr-flache-bronze-sonne-26cm\/#breadcrumb"},"inLanguage":"de","potentialAction":[{"@type":"ReadAction","target":["https:\/\/dev.eliassen.nl\/de\/sonnenuhr-flache-bronze-sonne-26cm\/"]}]},{"@type":"ImageObject","inLanguage":"de","@id":"https:\/\/dev.eliassen.nl\/de\/sonnenuhr-flache-bronze-sonne-26cm\/#primaryimage","url":"https:\/\/dev.eliassen.nl\/wp-content\/uploads\/2024\/01\/ga0559brbi.jpg","contentUrl":"https:\/\/dev.eliassen.nl\/wp-content\/uploads\/2024\/01\/ga0559brbi.jpg","width":1440,"height":1920,"caption":"GA0559BR-BI"},{"@type":"BreadcrumbList","@id":"https:\/\/dev.eliassen.nl\/de\/sonnenuhr-flache-bronze-sonne-26cm\/#breadcrumb","itemListElement":[{"@type":"ListItem","position":1,"name":"Home","item":"https:\/\/dev.eliassen.nl\/de\/"},{"@type":"ListItem","position":2,"name":"Shop","item":"https:\/\/dev.eliassen.nl\/nl\/winkel\/"},{"@type":"ListItem","position":3,"name":"Weitere Artikel","item":"https:\/\/dev.eliassen.nl\/de\/weitere-artikel\/"},{"@type":"ListItem","position":4,"name":"Sonnenuhren","item":"https:\/\/dev.eliassen.nl\/de\/garten-andere\/sonnenuhren\/"},{"@type":"ListItem","position":5,"name":"Sonnenuhr flache Bronze Sonne 26cm"}]},{"@type":"WebSite","@id":"https:\/\/dev.eliassen.nl\/de\/#website","url":"https:\/\/dev.eliassen.nl\/de\/","name":"Eliassen Home & Garden Pleasure","description":"","publisher":{"@id":"https:\/\/dev.eliassen.nl\/de\/#organization"},"alternateName":"Eliassen.nl","potentialAction":[{"@type":"SearchAction","target":{"@type":"EntryPoint","urlTemplate":"https:\/\/dev.eliassen.nl\/de\/?s={search_term_string}"},"query-input":{"@type":"PropertyValueSpecification","valueRequired":true,"valueName":"search_term_string"}}],"inLanguage":"de"},{"@type":"Organization","@id":"https:\/\/dev.eliassen.nl\/de\/#organization","name":"Eliassen Home & Garden Pleasure","url":"https:\/\/dev.eliassen.nl\/de\/","logo":{"@type":"ImageObject","inLanguage":"de","@id":"https:\/\/dev.eliassen.nl\/de\/#\/schema\/logo\/image\/","url":"https:\/\/www.eliassen.nl\/wp-content\/uploads\/2024\/01\/logo_4nd.jpg","contentUrl":"https:\/\/www.eliassen.nl\/wp-content\/uploads\/2024\/01\/logo_4nd.jpg","width":500,"height":500,"caption":"Eliassen Home & Garden Pleasure"},"image":{"@id":"https:\/\/dev.eliassen.nl\/de\/#\/schema\/logo\/image\/"},"sameAs":["https:\/\/www.facebook.com\/TuincentrumEliassenAmmerzoden","https:\/\/www.instagram.com\/eliassenhomeandgarden\/","https:\/\/nl.pinterest.com\/eliassenhomeandgarden\/","https:\/\/www.youtube.com\/@eliassenhomegardenpleasure4558"]}]}},"df_price":152,"df_sale_price":"","df_regular_price":152,"df_image_link":"https:\/\/dev.eliassen.nl\/wp-content\/uploads\/2024\/01\/ga0559brbi.jpg","image":"https:\/\/dev.eliassen.nl\/wp-content\/uploads\/2024\/01\/ga0559brbi.jpg","price_search":"<span class=\"woocommerce-Price-amount amount\"><bdi><span class=\"woocommerce-Price-currencySymbol\">&euro;<\/span>&nbsp;152,00<\/bdi><\/span>","category":"Sonnenuhren","_links":{"self":[{"href":"https:\/\/dev.eliassen.nl\/de\/wp-json\/wp\/v2\/product\/95536","targetHints":{"allow":["GET"]}}],"collection":[{"href":"https:\/\/dev.eliassen.nl\/de\/wp-json\/wp\/v2\/product"}],"about":[{"href":"https:\/\/dev.eliassen.nl\/de\/wp-json\/wp\/v2\/types\/product"}],"wp:featuredmedia":[{"embeddable":true,"href":"https:\/\/dev.eliassen.nl\/de\/wp-json\/wp\/v2\/media\/95530"}],"wp:attachment":[{"href":"https:\/\/dev.eliassen.nl\/de\/wp-json\/wp\/v2\/media?parent=95536"}],"wp:term":[{"taxonomy":"product_brand","embeddable":true,"href":"https:\/\/dev.eliassen.nl\/de\/wp-json\/wp\/v2\/product_brand?post=95536"},{"taxonomy":"product_cat","embeddable":true,"href":"https:\/\/dev.eliassen.nl\/de\/wp-json\/wp\/v2\/product_cat?post=95536"},{"taxonomy":"product_tag","embeddable":true,"href":"https:\/\/dev.eliassen.nl\/de\/wp-json\/wp\/v2\/product_tag?post=95536"}],"curies":[{"name":"wp","href":"https:\/\/api.w.org\/{rel}","templated":true}]}}