{"id":95563,"date":"2023-10-04T11:45:47","date_gmt":"2023-10-04T09:45:47","guid":{"rendered":"https:\/\/www.eliassen.nl\/?product=muzieksleutel-brons-23cm"},"modified":"2024-12-05T16:36:42","modified_gmt":"2024-12-05T15:36:42","slug":"notenschlussel-bronze-23cm","status":"publish","type":"product","link":"https:\/\/dev.eliassen.nl\/de\/notenschlussel-bronze-23cm\/","title":{"rendered":"Notenschl\u00fcssel Bronze 23cm"},"content":{"rendered":"<p>Dieser bronzene Musikschl\u00fcssel ist ein wundersch\u00f6nes St\u00fcck f\u00fcr sich selbst oder zum Verschenken an jeden, der sich f\u00fcr Musik interessiert.<br \/>Traditionell aus Bronze gefertigt, mit einem Kupferanteil von mindestens 75 %, sodass dieses Modell sowohl drinnen als auch drau\u00dfen garantiert sch\u00f6n bleibt. Gr\u00f6\u00dfe inklusive Marmorsockel.<\/p>\n<p>Kann auch als Papierpresse verwendet werden.<\/p>\n<ul>\n<li>Gr\u00f6\u00dfe: 11x7x23 cm hoch.<\/li>\n<li>Kommt mit Zertifikat.<\/li>\n<li>Schnell geliefert <strong>.<\/strong><\/li>\n<li>30 Jahre Garantie.<\/li>\n<li><strong>Viele dieser Bronzestatuenserien k\u00f6nnen auch live in unserem Shop besichtigt werden.<\/strong><\/li>\n<\/ul>\n<p>\u00a0<\/p>\n","protected":false},"excerpt":{"rendered":"<p>Sch\u00f6nes Symbol der Liebe zur Musik<\/p>\n","protected":false},"featured_media":95557,"template":"","meta":{"_acf_changed":false},"product_brand":[],"product_cat":[644,613,7239],"product_tag":[],"class_list":{"0":"post-95563","1":"product","2":"type-product","3":"status-publish","4":"has-post-thumbnail","6":"product_cat-andere-bronzestatuen","7":"product_cat-bronzestatuen","8":"product_cat-statuen-skulpturen","10":"first","11":"instock","12":"taxable","13":"shipping-taxable","14":"purchasable","15":"product-type-simple"},"acf":[],"yoast_head":"<!-- This site is optimized with the Yoast SEO plugin v23.8 - https:\/\/yoast.com\/wordpress\/plugins\/seo\/ -->\n<title>Notenschl\u00fcssel Bronze 23cm<\/title>\n<meta name=\"description\" content=\"M\u00f6chten Sie einen bronzenen Musikschl\u00fcssel kaufen? Eliassen bietet Ihnen eine gro\u00dfe Auswahl an Bronzestatuen in einem gro\u00dfen Ausstellungsraum und schnelle On...\" \/>\n<meta name=\"robots\" content=\"noindex, follow, max-snippet:-1, max-image-preview:large, max-video-preview:-1\" \/>\n<meta property=\"og:locale\" content=\"de_DE\" \/>\n<meta property=\"og:type\" content=\"article\" \/>\n<meta property=\"og:title\" content=\"Notenschl\u00fcssel Bronze 23cm\" \/>\n<meta property=\"og:description\" content=\"M\u00f6chten Sie einen bronzenen Musikschl\u00fcssel kaufen? Eliassen bietet Ihnen eine gro\u00dfe Auswahl an Bronzestatuen in einem gro\u00dfen Ausstellungsraum und schnelle On...\" \/>\n<meta property=\"og:url\" content=\"https:\/\/dev.eliassen.nl\/de\/notenschlussel-bronze-23cm\/\" \/>\n<meta property=\"og:site_name\" content=\"Eliassen.nl\" \/>\n<meta property=\"article:publisher\" content=\"https:\/\/www.facebook.com\/TuincentrumEliassenAmmerzoden\" \/>\n<meta property=\"article:modified_time\" content=\"2024-12-05T15:36:42+00:00\" \/>\n<meta property=\"og:image\" content=\"https:\/\/dev.eliassen.nl\/wp-content\/uploads\/2024\/01\/an2917brhp.jpg\" \/>\n\t<meta property=\"og:image:width\" content=\"1210\" \/>\n\t<meta property=\"og:image:height\" content=\"1613\" \/>\n\t<meta property=\"og:image:type\" content=\"image\/jpeg\" \/>\n<meta name=\"twitter:card\" content=\"summary_large_image\" \/>\n<script type=\"application\/ld+json\" class=\"yoast-schema-graph\">{\"@context\":\"https:\/\/schema.org\",\"@graph\":[{\"@type\":\"WebPage\",\"@id\":\"https:\/\/dev.eliassen.nl\/de\/notenschlussel-bronze-23cm\/\",\"url\":\"https:\/\/dev.eliassen.nl\/de\/notenschlussel-bronze-23cm\/\",\"name\":\"Notenschl\u00fcssel Bronze 23cm\",\"isPartOf\":{\"@id\":\"https:\/\/dev.eliassen.nl\/de\/#website\"},\"primaryImageOfPage\":{\"@id\":\"https:\/\/dev.eliassen.nl\/de\/notenschlussel-bronze-23cm\/#primaryimage\"},\"image\":{\"@id\":\"https:\/\/dev.eliassen.nl\/de\/notenschlussel-bronze-23cm\/#primaryimage\"},\"thumbnailUrl\":\"https:\/\/dev.eliassen.nl\/wp-content\/uploads\/2024\/01\/an2917brhp.jpg\",\"datePublished\":\"2023-10-04T09:45:47+00:00\",\"dateModified\":\"2024-12-05T15:36:42+00:00\",\"description\":\"M\u00f6chten Sie einen bronzenen Musikschl\u00fcssel kaufen? Eliassen bietet Ihnen eine gro\u00dfe Auswahl an Bronzestatuen in einem gro\u00dfen Ausstellungsraum und schnelle On...\",\"breadcrumb\":{\"@id\":\"https:\/\/dev.eliassen.nl\/de\/notenschlussel-bronze-23cm\/#breadcrumb\"},\"inLanguage\":\"de\",\"potentialAction\":[{\"@type\":\"ReadAction\",\"target\":[\"https:\/\/dev.eliassen.nl\/de\/notenschlussel-bronze-23cm\/\"]}]},{\"@type\":\"ImageObject\",\"inLanguage\":\"de\",\"@id\":\"https:\/\/dev.eliassen.nl\/de\/notenschlussel-bronze-23cm\/#primaryimage\",\"url\":\"https:\/\/dev.eliassen.nl\/wp-content\/uploads\/2024\/01\/an2917brhp.jpg\",\"contentUrl\":\"https:\/\/dev.eliassen.nl\/wp-content\/uploads\/2024\/01\/an2917brhp.jpg\",\"width\":1210,\"height\":1613,\"caption\":\"AN2917BR-HP\"},{\"@type\":\"BreadcrumbList\",\"@id\":\"https:\/\/dev.eliassen.nl\/de\/notenschlussel-bronze-23cm\/#breadcrumb\",\"itemListElement\":[{\"@type\":\"ListItem\",\"position\":1,\"name\":\"Home\",\"item\":\"https:\/\/dev.eliassen.nl\/de\/\"},{\"@type\":\"ListItem\",\"position\":2,\"name\":\"Shop\",\"item\":\"https:\/\/dev.eliassen.nl\/nl\/winkel\/\"},{\"@type\":\"ListItem\",\"position\":3,\"name\":\"Bronzestatuen\",\"item\":\"https:\/\/dev.eliassen.nl\/de\/bilder\/bronzestatuen\/\"},{\"@type\":\"ListItem\",\"position\":4,\"name\":\"Andere Bronzestatuen\",\"item\":\"https:\/\/dev.eliassen.nl\/de\/bilder\/bronzestatuen\/andere-bronzestatuen\/\"},{\"@type\":\"ListItem\",\"position\":5,\"name\":\"Notenschl\u00fcssel Bronze 23cm\"}]},{\"@type\":\"WebSite\",\"@id\":\"https:\/\/dev.eliassen.nl\/de\/#website\",\"url\":\"https:\/\/dev.eliassen.nl\/de\/\",\"name\":\"Eliassen Home & Garden Pleasure\",\"description\":\"\",\"publisher\":{\"@id\":\"https:\/\/dev.eliassen.nl\/de\/#organization\"},\"alternateName\":\"Eliassen.nl\",\"potentialAction\":[{\"@type\":\"SearchAction\",\"target\":{\"@type\":\"EntryPoint\",\"urlTemplate\":\"https:\/\/dev.eliassen.nl\/de\/?s={search_term_string}\"},\"query-input\":{\"@type\":\"PropertyValueSpecification\",\"valueRequired\":true,\"valueName\":\"search_term_string\"}}],\"inLanguage\":\"de\"},{\"@type\":\"Organization\",\"@id\":\"https:\/\/dev.eliassen.nl\/de\/#organization\",\"name\":\"Eliassen Home & Garden Pleasure\",\"url\":\"https:\/\/dev.eliassen.nl\/de\/\",\"logo\":{\"@type\":\"ImageObject\",\"inLanguage\":\"de\",\"@id\":\"https:\/\/dev.eliassen.nl\/de\/#\/schema\/logo\/image\/\",\"url\":\"https:\/\/www.eliassen.nl\/wp-content\/uploads\/2024\/01\/logo_4nd.jpg\",\"contentUrl\":\"https:\/\/www.eliassen.nl\/wp-content\/uploads\/2024\/01\/logo_4nd.jpg\",\"width\":500,\"height\":500,\"caption\":\"Eliassen Home & Garden Pleasure\"},\"image\":{\"@id\":\"https:\/\/dev.eliassen.nl\/de\/#\/schema\/logo\/image\/\"},\"sameAs\":[\"https:\/\/www.facebook.com\/TuincentrumEliassenAmmerzoden\",\"https:\/\/www.instagram.com\/eliassenhomeandgarden\/\",\"https:\/\/nl.pinterest.com\/eliassenhomeandgarden\/\",\"https:\/\/www.youtube.com\/@eliassenhomegardenpleasure4558\"]}]}<\/script>\n<!-- \/ Yoast SEO plugin. -->","yoast_head_json":{"title":"Notenschl\u00fcssel Bronze 23cm","description":"M\u00f6chten Sie einen bronzenen Musikschl\u00fcssel kaufen? Eliassen bietet Ihnen eine gro\u00dfe Auswahl an Bronzestatuen in einem gro\u00dfen Ausstellungsraum und schnelle On...","robots":{"index":"noindex","follow":"follow","max-snippet":"max-snippet:-1","max-image-preview":"max-image-preview:large","max-video-preview":"max-video-preview:-1"},"og_locale":"de_DE","og_type":"article","og_title":"Notenschl\u00fcssel Bronze 23cm","og_description":"M\u00f6chten Sie einen bronzenen Musikschl\u00fcssel kaufen? Eliassen bietet Ihnen eine gro\u00dfe Auswahl an Bronzestatuen in einem gro\u00dfen Ausstellungsraum und schnelle On...","og_url":"https:\/\/dev.eliassen.nl\/de\/notenschlussel-bronze-23cm\/","og_site_name":"Eliassen.nl","article_publisher":"https:\/\/www.facebook.com\/TuincentrumEliassenAmmerzoden","article_modified_time":"2024-12-05T15:36:42+00:00","og_image":[{"width":1210,"height":1613,"url":"https:\/\/dev.eliassen.nl\/wp-content\/uploads\/2024\/01\/an2917brhp.jpg","type":"image\/jpeg"}],"twitter_card":"summary_large_image","schema":{"@context":"https:\/\/schema.org","@graph":[{"@type":"WebPage","@id":"https:\/\/dev.eliassen.nl\/de\/notenschlussel-bronze-23cm\/","url":"https:\/\/dev.eliassen.nl\/de\/notenschlussel-bronze-23cm\/","name":"Notenschl\u00fcssel Bronze 23cm","isPartOf":{"@id":"https:\/\/dev.eliassen.nl\/de\/#website"},"primaryImageOfPage":{"@id":"https:\/\/dev.eliassen.nl\/de\/notenschlussel-bronze-23cm\/#primaryimage"},"image":{"@id":"https:\/\/dev.eliassen.nl\/de\/notenschlussel-bronze-23cm\/#primaryimage"},"thumbnailUrl":"https:\/\/dev.eliassen.nl\/wp-content\/uploads\/2024\/01\/an2917brhp.jpg","datePublished":"2023-10-04T09:45:47+00:00","dateModified":"2024-12-05T15:36:42+00:00","description":"M\u00f6chten Sie einen bronzenen Musikschl\u00fcssel kaufen? Eliassen bietet Ihnen eine gro\u00dfe Auswahl an Bronzestatuen in einem gro\u00dfen Ausstellungsraum und schnelle On...","breadcrumb":{"@id":"https:\/\/dev.eliassen.nl\/de\/notenschlussel-bronze-23cm\/#breadcrumb"},"inLanguage":"de","potentialAction":[{"@type":"ReadAction","target":["https:\/\/dev.eliassen.nl\/de\/notenschlussel-bronze-23cm\/"]}]},{"@type":"ImageObject","inLanguage":"de","@id":"https:\/\/dev.eliassen.nl\/de\/notenschlussel-bronze-23cm\/#primaryimage","url":"https:\/\/dev.eliassen.nl\/wp-content\/uploads\/2024\/01\/an2917brhp.jpg","contentUrl":"https:\/\/dev.eliassen.nl\/wp-content\/uploads\/2024\/01\/an2917brhp.jpg","width":1210,"height":1613,"caption":"AN2917BR-HP"},{"@type":"BreadcrumbList","@id":"https:\/\/dev.eliassen.nl\/de\/notenschlussel-bronze-23cm\/#breadcrumb","itemListElement":[{"@type":"ListItem","position":1,"name":"Home","item":"https:\/\/dev.eliassen.nl\/de\/"},{"@type":"ListItem","position":2,"name":"Shop","item":"https:\/\/dev.eliassen.nl\/nl\/winkel\/"},{"@type":"ListItem","position":3,"name":"Bronzestatuen","item":"https:\/\/dev.eliassen.nl\/de\/bilder\/bronzestatuen\/"},{"@type":"ListItem","position":4,"name":"Andere Bronzestatuen","item":"https:\/\/dev.eliassen.nl\/de\/bilder\/bronzestatuen\/andere-bronzestatuen\/"},{"@type":"ListItem","position":5,"name":"Notenschl\u00fcssel Bronze 23cm"}]},{"@type":"WebSite","@id":"https:\/\/dev.eliassen.nl\/de\/#website","url":"https:\/\/dev.eliassen.nl\/de\/","name":"Eliassen Home & Garden Pleasure","description":"","publisher":{"@id":"https:\/\/dev.eliassen.nl\/de\/#organization"},"alternateName":"Eliassen.nl","potentialAction":[{"@type":"SearchAction","target":{"@type":"EntryPoint","urlTemplate":"https:\/\/dev.eliassen.nl\/de\/?s={search_term_string}"},"query-input":{"@type":"PropertyValueSpecification","valueRequired":true,"valueName":"search_term_string"}}],"inLanguage":"de"},{"@type":"Organization","@id":"https:\/\/dev.eliassen.nl\/de\/#organization","name":"Eliassen Home & Garden Pleasure","url":"https:\/\/dev.eliassen.nl\/de\/","logo":{"@type":"ImageObject","inLanguage":"de","@id":"https:\/\/dev.eliassen.nl\/de\/#\/schema\/logo\/image\/","url":"https:\/\/www.eliassen.nl\/wp-content\/uploads\/2024\/01\/logo_4nd.jpg","contentUrl":"https:\/\/www.eliassen.nl\/wp-content\/uploads\/2024\/01\/logo_4nd.jpg","width":500,"height":500,"caption":"Eliassen Home & Garden Pleasure"},"image":{"@id":"https:\/\/dev.eliassen.nl\/de\/#\/schema\/logo\/image\/"},"sameAs":["https:\/\/www.facebook.com\/TuincentrumEliassenAmmerzoden","https:\/\/www.instagram.com\/eliassenhomeandgarden\/","https:\/\/nl.pinterest.com\/eliassenhomeandgarden\/","https:\/\/www.youtube.com\/@eliassenhomegardenpleasure4558"]}]}},"df_price":152,"df_sale_price":"","df_regular_price":152,"df_image_link":"https:\/\/dev.eliassen.nl\/wp-content\/uploads\/2024\/01\/an2917brhp.jpg","image":"https:\/\/dev.eliassen.nl\/wp-content\/uploads\/2024\/01\/an2917brhp.jpg","price_search":"<span class=\"woocommerce-Price-amount amount\"><bdi><span class=\"woocommerce-Price-currencySymbol\">&euro;<\/span>&nbsp;152,00<\/bdi><\/span>","category":"Andere Bronzestatuen","_links":{"self":[{"href":"https:\/\/dev.eliassen.nl\/de\/wp-json\/wp\/v2\/product\/95563","targetHints":{"allow":["GET"]}}],"collection":[{"href":"https:\/\/dev.eliassen.nl\/de\/wp-json\/wp\/v2\/product"}],"about":[{"href":"https:\/\/dev.eliassen.nl\/de\/wp-json\/wp\/v2\/types\/product"}],"wp:featuredmedia":[{"embeddable":true,"href":"https:\/\/dev.eliassen.nl\/de\/wp-json\/wp\/v2\/media\/95557"}],"wp:attachment":[{"href":"https:\/\/dev.eliassen.nl\/de\/wp-json\/wp\/v2\/media?parent=95563"}],"wp:term":[{"taxonomy":"product_brand","embeddable":true,"href":"https:\/\/dev.eliassen.nl\/de\/wp-json\/wp\/v2\/product_brand?post=95563"},{"taxonomy":"product_cat","embeddable":true,"href":"https:\/\/dev.eliassen.nl\/de\/wp-json\/wp\/v2\/product_cat?post=95563"},{"taxonomy":"product_tag","embeddable":true,"href":"https:\/\/dev.eliassen.nl\/de\/wp-json\/wp\/v2\/product_tag?post=95563"}],"curies":[{"name":"wp","href":"https:\/\/api.w.org\/{rel}","templated":true}]}}