{"id":95842,"date":"2023-10-16T17:19:25","date_gmt":"2023-10-16T15:19:25","guid":{"rendered":"https:\/\/www.eliassen.nl\/?product=vogelsetje-glas-blauw-12-en-19cm"},"modified":"2024-12-05T16:37:15","modified_gmt":"2024-12-05T15:37:15","slug":"glasvogel-set-blau-und-weiss-12-und-19-cm","status":"publish","type":"product","link":"https:\/\/dev.eliassen.nl\/de\/glasvogel-set-blau-und-weiss-12-und-19-cm\/","title":{"rendered":"Glasvogel-Set blau und wei\u00df 12 und 19 cm"},"content":{"rendered":"<p>Dieses einzigartige Dekoobjekt aus Glas in Form eines Sets mit V\u00f6geln ist ein wundersch\u00f6nes Dekorationsst\u00fcck f\u00fcr Ihr Zuhause oder zum Verschenken. Dieses sehr helle Vogelset wird \u00fcberall eine echte Bereicherung f\u00fcr Ihr Interieur sein.<\/p>\n<p>Da diese Glasdekoration nach traditionellen Methoden hergestellt wird, ist jedes St\u00fcck dieser Serie in Form und Farbe einzigartig, sodass Ihre Glasdekoration vom Foto abweichen kann.<\/p>\n<p>Sie k\u00f6nnen diese Glaskunstserie auch in unserem Shop besichtigen.<\/p>\n<ul>\n<li>Handgefertigt<\/li>\n<li>Aus massivem Glas<\/li>\n<li>Gr\u00f6\u00dfe: 12 und 19 cm lang.<\/li>\n<li>Nur als Set erh\u00e4ltlich<\/li>\n<\/ul>\n","protected":false},"excerpt":{"rendered":"<p>Set mit 2 sehr leuchtenden V\u00f6geln<\/p>\n","protected":false},"featured_media":95812,"template":"","meta":{"_acf_changed":false},"product_brand":[],"product_cat":[800,824],"product_tag":[],"class_list":{"0":"post-95842","1":"product","2":"type-product","3":"status-publish","4":"has-post-thumbnail","6":"product_cat-glaskunst","7":"product_cat-tierfiguren-aus-glas","9":"first","10":"instock","11":"taxable","12":"shipping-taxable","13":"purchasable","14":"product-type-simple"},"acf":[],"yoast_head":"<!-- This site is optimized with the Yoast SEO plugin v23.8 - https:\/\/yoast.com\/wordpress\/plugins\/seo\/ -->\n<title>Glasvogel-Set blau und wei\u00df 12 und 19 cm<\/title>\n<meta name=\"description\" content=\"M\u00f6chten Sie ein Glasvogel-Set 19 cm kaufen? Eliassen bietet Ihnen eine gro\u00dfe Auswahl an Glasobjekten in einem gro\u00dfen Ausstellungsraum und schnelle Online-Lie...\" \/>\n<meta name=\"robots\" content=\"noindex, follow, max-snippet:-1, max-image-preview:large, max-video-preview:-1\" \/>\n<meta property=\"og:locale\" content=\"de_DE\" \/>\n<meta property=\"og:type\" content=\"article\" \/>\n<meta property=\"og:title\" content=\"Glasvogel-Set blau und wei\u00df 12 und 19 cm\" \/>\n<meta property=\"og:description\" content=\"M\u00f6chten Sie ein Glasvogel-Set 19 cm kaufen? Eliassen bietet Ihnen eine gro\u00dfe Auswahl an Glasobjekten in einem gro\u00dfen Ausstellungsraum und schnelle Online-Lie...\" \/>\n<meta property=\"og:url\" content=\"https:\/\/dev.eliassen.nl\/de\/glasvogel-set-blau-und-weiss-12-und-19-cm\/\" \/>\n<meta property=\"og:site_name\" content=\"Eliassen.nl\" \/>\n<meta property=\"article:publisher\" content=\"https:\/\/www.facebook.com\/TuincentrumEliassenAmmerzoden\" \/>\n<meta property=\"article:modified_time\" content=\"2024-12-05T15:37:15+00:00\" \/>\n<meta property=\"og:image\" content=\"https:\/\/dev.eliassen.nl\/wp-content\/uploads\/2024\/01\/bohvsbset1vogelsetjeglasblauwwit12en19cme.jpg\" \/>\n\t<meta property=\"og:image:width\" content=\"1152\" \/>\n\t<meta property=\"og:image:height\" content=\"907\" \/>\n\t<meta property=\"og:image:type\" content=\"image\/jpeg\" \/>\n<meta name=\"twitter:card\" content=\"summary_large_image\" \/>\n<script type=\"application\/ld+json\" class=\"yoast-schema-graph\">{\"@context\":\"https:\/\/schema.org\",\"@graph\":[{\"@type\":\"WebPage\",\"@id\":\"https:\/\/dev.eliassen.nl\/de\/glasvogel-set-blau-und-weiss-12-und-19-cm\/\",\"url\":\"https:\/\/dev.eliassen.nl\/de\/glasvogel-set-blau-und-weiss-12-und-19-cm\/\",\"name\":\"Glasvogel-Set blau und wei\u00df 12 und 19 cm\",\"isPartOf\":{\"@id\":\"https:\/\/dev.eliassen.nl\/de\/#website\"},\"primaryImageOfPage\":{\"@id\":\"https:\/\/dev.eliassen.nl\/de\/glasvogel-set-blau-und-weiss-12-und-19-cm\/#primaryimage\"},\"image\":{\"@id\":\"https:\/\/dev.eliassen.nl\/de\/glasvogel-set-blau-und-weiss-12-und-19-cm\/#primaryimage\"},\"thumbnailUrl\":\"https:\/\/dev.eliassen.nl\/wp-content\/uploads\/2024\/01\/bohvsbset1vogelsetjeglasblauwwit12en19cme.jpg\",\"datePublished\":\"2023-10-16T15:19:25+00:00\",\"dateModified\":\"2024-12-05T15:37:15+00:00\",\"description\":\"M\u00f6chten Sie ein Glasvogel-Set 19 cm kaufen? Eliassen bietet Ihnen eine gro\u00dfe Auswahl an Glasobjekten in einem gro\u00dfen Ausstellungsraum und schnelle Online-Lie...\",\"breadcrumb\":{\"@id\":\"https:\/\/dev.eliassen.nl\/de\/glasvogel-set-blau-und-weiss-12-und-19-cm\/#breadcrumb\"},\"inLanguage\":\"de\",\"potentialAction\":[{\"@type\":\"ReadAction\",\"target\":[\"https:\/\/dev.eliassen.nl\/de\/glasvogel-set-blau-und-weiss-12-und-19-cm\/\"]}]},{\"@type\":\"ImageObject\",\"inLanguage\":\"de\",\"@id\":\"https:\/\/dev.eliassen.nl\/de\/glasvogel-set-blau-und-weiss-12-und-19-cm\/#primaryimage\",\"url\":\"https:\/\/dev.eliassen.nl\/wp-content\/uploads\/2024\/01\/bohvsbset1vogelsetjeglasblauwwit12en19cme.jpg\",\"contentUrl\":\"https:\/\/dev.eliassen.nl\/wp-content\/uploads\/2024\/01\/bohvsbset1vogelsetjeglasblauwwit12en19cme.jpg\",\"width\":1152,\"height\":907,\"caption\":\"Bohvsb set 1 Vogelsetje glas blauwwit 12 en 19cm eliassen.nl\"},{\"@type\":\"BreadcrumbList\",\"@id\":\"https:\/\/dev.eliassen.nl\/de\/glasvogel-set-blau-und-weiss-12-und-19-cm\/#breadcrumb\",\"itemListElement\":[{\"@type\":\"ListItem\",\"position\":1,\"name\":\"Home\",\"item\":\"https:\/\/dev.eliassen.nl\/de\/\"},{\"@type\":\"ListItem\",\"position\":2,\"name\":\"Shop\",\"item\":\"https:\/\/dev.eliassen.nl\/nl\/winkel\/\"},{\"@type\":\"ListItem\",\"position\":3,\"name\":\"Glaskunst\",\"item\":\"https:\/\/dev.eliassen.nl\/de\/glaskunst\/\"},{\"@type\":\"ListItem\",\"position\":4,\"name\":\"Tierfiguren aus Glas\",\"item\":\"https:\/\/dev.eliassen.nl\/de\/glaskunst\/tierfiguren-aus-glas\/\"},{\"@type\":\"ListItem\",\"position\":5,\"name\":\"Glasvogel-Set blau und wei\u00df 12 und 19 cm\"}]},{\"@type\":\"WebSite\",\"@id\":\"https:\/\/dev.eliassen.nl\/de\/#website\",\"url\":\"https:\/\/dev.eliassen.nl\/de\/\",\"name\":\"Eliassen Home & Garden Pleasure\",\"description\":\"\",\"publisher\":{\"@id\":\"https:\/\/dev.eliassen.nl\/de\/#organization\"},\"alternateName\":\"Eliassen.nl\",\"potentialAction\":[{\"@type\":\"SearchAction\",\"target\":{\"@type\":\"EntryPoint\",\"urlTemplate\":\"https:\/\/dev.eliassen.nl\/de\/?s={search_term_string}\"},\"query-input\":{\"@type\":\"PropertyValueSpecification\",\"valueRequired\":true,\"valueName\":\"search_term_string\"}}],\"inLanguage\":\"de\"},{\"@type\":\"Organization\",\"@id\":\"https:\/\/dev.eliassen.nl\/de\/#organization\",\"name\":\"Eliassen Home & Garden Pleasure\",\"url\":\"https:\/\/dev.eliassen.nl\/de\/\",\"logo\":{\"@type\":\"ImageObject\",\"inLanguage\":\"de\",\"@id\":\"https:\/\/dev.eliassen.nl\/de\/#\/schema\/logo\/image\/\",\"url\":\"https:\/\/www.eliassen.nl\/wp-content\/uploads\/2024\/01\/logo_4nd.jpg\",\"contentUrl\":\"https:\/\/www.eliassen.nl\/wp-content\/uploads\/2024\/01\/logo_4nd.jpg\",\"width\":500,\"height\":500,\"caption\":\"Eliassen Home & Garden Pleasure\"},\"image\":{\"@id\":\"https:\/\/dev.eliassen.nl\/de\/#\/schema\/logo\/image\/\"},\"sameAs\":[\"https:\/\/www.facebook.com\/TuincentrumEliassenAmmerzoden\",\"https:\/\/www.instagram.com\/eliassenhomeandgarden\/\",\"https:\/\/nl.pinterest.com\/eliassenhomeandgarden\/\",\"https:\/\/www.youtube.com\/@eliassenhomegardenpleasure4558\"]}]}<\/script>\n<!-- \/ Yoast SEO plugin. -->","yoast_head_json":{"title":"Glasvogel-Set blau und wei\u00df 12 und 19 cm","description":"M\u00f6chten Sie ein Glasvogel-Set 19 cm kaufen? Eliassen bietet Ihnen eine gro\u00dfe Auswahl an Glasobjekten in einem gro\u00dfen Ausstellungsraum und schnelle Online-Lie...","robots":{"index":"noindex","follow":"follow","max-snippet":"max-snippet:-1","max-image-preview":"max-image-preview:large","max-video-preview":"max-video-preview:-1"},"og_locale":"de_DE","og_type":"article","og_title":"Glasvogel-Set blau und wei\u00df 12 und 19 cm","og_description":"M\u00f6chten Sie ein Glasvogel-Set 19 cm kaufen? Eliassen bietet Ihnen eine gro\u00dfe Auswahl an Glasobjekten in einem gro\u00dfen Ausstellungsraum und schnelle Online-Lie...","og_url":"https:\/\/dev.eliassen.nl\/de\/glasvogel-set-blau-und-weiss-12-und-19-cm\/","og_site_name":"Eliassen.nl","article_publisher":"https:\/\/www.facebook.com\/TuincentrumEliassenAmmerzoden","article_modified_time":"2024-12-05T15:37:15+00:00","og_image":[{"width":1152,"height":907,"url":"https:\/\/dev.eliassen.nl\/wp-content\/uploads\/2024\/01\/bohvsbset1vogelsetjeglasblauwwit12en19cme.jpg","type":"image\/jpeg"}],"twitter_card":"summary_large_image","schema":{"@context":"https:\/\/schema.org","@graph":[{"@type":"WebPage","@id":"https:\/\/dev.eliassen.nl\/de\/glasvogel-set-blau-und-weiss-12-und-19-cm\/","url":"https:\/\/dev.eliassen.nl\/de\/glasvogel-set-blau-und-weiss-12-und-19-cm\/","name":"Glasvogel-Set blau und wei\u00df 12 und 19 cm","isPartOf":{"@id":"https:\/\/dev.eliassen.nl\/de\/#website"},"primaryImageOfPage":{"@id":"https:\/\/dev.eliassen.nl\/de\/glasvogel-set-blau-und-weiss-12-und-19-cm\/#primaryimage"},"image":{"@id":"https:\/\/dev.eliassen.nl\/de\/glasvogel-set-blau-und-weiss-12-und-19-cm\/#primaryimage"},"thumbnailUrl":"https:\/\/dev.eliassen.nl\/wp-content\/uploads\/2024\/01\/bohvsbset1vogelsetjeglasblauwwit12en19cme.jpg","datePublished":"2023-10-16T15:19:25+00:00","dateModified":"2024-12-05T15:37:15+00:00","description":"M\u00f6chten Sie ein Glasvogel-Set 19 cm kaufen? Eliassen bietet Ihnen eine gro\u00dfe Auswahl an Glasobjekten in einem gro\u00dfen Ausstellungsraum und schnelle Online-Lie...","breadcrumb":{"@id":"https:\/\/dev.eliassen.nl\/de\/glasvogel-set-blau-und-weiss-12-und-19-cm\/#breadcrumb"},"inLanguage":"de","potentialAction":[{"@type":"ReadAction","target":["https:\/\/dev.eliassen.nl\/de\/glasvogel-set-blau-und-weiss-12-und-19-cm\/"]}]},{"@type":"ImageObject","inLanguage":"de","@id":"https:\/\/dev.eliassen.nl\/de\/glasvogel-set-blau-und-weiss-12-und-19-cm\/#primaryimage","url":"https:\/\/dev.eliassen.nl\/wp-content\/uploads\/2024\/01\/bohvsbset1vogelsetjeglasblauwwit12en19cme.jpg","contentUrl":"https:\/\/dev.eliassen.nl\/wp-content\/uploads\/2024\/01\/bohvsbset1vogelsetjeglasblauwwit12en19cme.jpg","width":1152,"height":907,"caption":"Bohvsb set 1 Vogelsetje glas blauwwit 12 en 19cm eliassen.nl"},{"@type":"BreadcrumbList","@id":"https:\/\/dev.eliassen.nl\/de\/glasvogel-set-blau-und-weiss-12-und-19-cm\/#breadcrumb","itemListElement":[{"@type":"ListItem","position":1,"name":"Home","item":"https:\/\/dev.eliassen.nl\/de\/"},{"@type":"ListItem","position":2,"name":"Shop","item":"https:\/\/dev.eliassen.nl\/nl\/winkel\/"},{"@type":"ListItem","position":3,"name":"Glaskunst","item":"https:\/\/dev.eliassen.nl\/de\/glaskunst\/"},{"@type":"ListItem","position":4,"name":"Tierfiguren aus Glas","item":"https:\/\/dev.eliassen.nl\/de\/glaskunst\/tierfiguren-aus-glas\/"},{"@type":"ListItem","position":5,"name":"Glasvogel-Set blau und wei\u00df 12 und 19 cm"}]},{"@type":"WebSite","@id":"https:\/\/dev.eliassen.nl\/de\/#website","url":"https:\/\/dev.eliassen.nl\/de\/","name":"Eliassen Home & Garden Pleasure","description":"","publisher":{"@id":"https:\/\/dev.eliassen.nl\/de\/#organization"},"alternateName":"Eliassen.nl","potentialAction":[{"@type":"SearchAction","target":{"@type":"EntryPoint","urlTemplate":"https:\/\/dev.eliassen.nl\/de\/?s={search_term_string}"},"query-input":{"@type":"PropertyValueSpecification","valueRequired":true,"valueName":"search_term_string"}}],"inLanguage":"de"},{"@type":"Organization","@id":"https:\/\/dev.eliassen.nl\/de\/#organization","name":"Eliassen Home & Garden Pleasure","url":"https:\/\/dev.eliassen.nl\/de\/","logo":{"@type":"ImageObject","inLanguage":"de","@id":"https:\/\/dev.eliassen.nl\/de\/#\/schema\/logo\/image\/","url":"https:\/\/www.eliassen.nl\/wp-content\/uploads\/2024\/01\/logo_4nd.jpg","contentUrl":"https:\/\/www.eliassen.nl\/wp-content\/uploads\/2024\/01\/logo_4nd.jpg","width":500,"height":500,"caption":"Eliassen Home & Garden Pleasure"},"image":{"@id":"https:\/\/dev.eliassen.nl\/de\/#\/schema\/logo\/image\/"},"sameAs":["https:\/\/www.facebook.com\/TuincentrumEliassenAmmerzoden","https:\/\/www.instagram.com\/eliassenhomeandgarden\/","https:\/\/nl.pinterest.com\/eliassenhomeandgarden\/","https:\/\/www.youtube.com\/@eliassenhomegardenpleasure4558"]}]}},"df_price":57.5,"df_sale_price":"","df_regular_price":57.5,"df_image_link":"https:\/\/dev.eliassen.nl\/wp-content\/uploads\/2024\/01\/bohvsbset1vogelsetjeglasblauwwit12en19cme.jpg","image":"https:\/\/dev.eliassen.nl\/wp-content\/uploads\/2024\/01\/bohvsbset1vogelsetjeglasblauwwit12en19cme.jpg","price_search":"<span class=\"woocommerce-Price-amount amount\"><bdi><span class=\"woocommerce-Price-currencySymbol\">&euro;<\/span>&nbsp;57,50<\/bdi><\/span>","category":"Glaskunst","_links":{"self":[{"href":"https:\/\/dev.eliassen.nl\/de\/wp-json\/wp\/v2\/product\/95842","targetHints":{"allow":["GET"]}}],"collection":[{"href":"https:\/\/dev.eliassen.nl\/de\/wp-json\/wp\/v2\/product"}],"about":[{"href":"https:\/\/dev.eliassen.nl\/de\/wp-json\/wp\/v2\/types\/product"}],"wp:featuredmedia":[{"embeddable":true,"href":"https:\/\/dev.eliassen.nl\/de\/wp-json\/wp\/v2\/media\/95812"}],"wp:attachment":[{"href":"https:\/\/dev.eliassen.nl\/de\/wp-json\/wp\/v2\/media?parent=95842"}],"wp:term":[{"taxonomy":"product_brand","embeddable":true,"href":"https:\/\/dev.eliassen.nl\/de\/wp-json\/wp\/v2\/product_brand?post=95842"},{"taxonomy":"product_cat","embeddable":true,"href":"https:\/\/dev.eliassen.nl\/de\/wp-json\/wp\/v2\/product_cat?post=95842"},{"taxonomy":"product_tag","embeddable":true,"href":"https:\/\/dev.eliassen.nl\/de\/wp-json\/wp\/v2\/product_tag?post=95842"}],"curies":[{"name":"wp","href":"https:\/\/api.w.org\/{rel}","templated":true}]}}