{"id":96370,"date":"2023-11-02T11:24:40","date_gmt":"2023-11-02T10:24:40","guid":{"rendered":"https:\/\/www.eliassen.nl\/?product=vogeldrinkschaal-metaal-groen-met-vogeltjes-35cm"},"modified":"2024-12-05T16:38:39","modified_gmt":"2024-12-05T15:38:39","slug":"vogeltrankeset-aus-metall-grun-mit-vogeln-35-24cm","status":"publish","type":"product","link":"https:\/\/dev.eliassen.nl\/de\/vogeltrankeset-aus-metall-grun-mit-vogeln-35-24cm\/","title":{"rendered":"Vogeltr\u00e4nkeset aus Metall gr\u00fcn mit V\u00f6geln 35-24cm"},"content":{"rendered":"<p>Bieten Sie den V\u00f6geln einen sicheren und erh\u00f6hten Trink- oder Futterplatz mit dieser klassischen und dekorativen Vogeltr\u00e4nke in 2 Gr\u00f6\u00dfen. Dank der 3 Beine kann er \u00fcberall aufgestellt werden. Zwei V\u00f6gel haben sich bereits am Rand niedergelassen, es liegt an den anderen V\u00f6geln, so schnell wie m\u00f6glich nachzuziehen. Auch als Futternapf eignet sich dieses Vogelbad hervorragend.<\/p>\n<ul>\n<li>Farbe: Hellgr\u00fcn<\/li>\n<\/ul>\n<p>\u2022 Geeignet als Vogeltr\u00e4nke und Futternapf<\/p>\n<p>\u2022 Gr\u00f6\u00dfen bzw. 24 und 35 cm<\/p>\n<p>\u00a0<\/p>\n<p>\u00a0<\/p>\n<p>\u00a0<\/p>\n","protected":false},"excerpt":{"rendered":"<p>SET MIT 2 GR\u00d6SSEN<\/p>\n","protected":false},"featured_media":96364,"template":"","meta":{"_acf_changed":false},"product_brand":[],"product_cat":[707],"product_tag":[],"class_list":{"0":"post-96370","1":"product","2":"type-product","3":"status-publish","4":"has-post-thumbnail","6":"product_cat-vogeltraenken","8":"first","9":"instock","10":"taxable","11":"shipping-taxable","12":"purchasable","13":"product-type-simple"},"acf":[],"yoast_head":"<!-- This site is optimized with the Yoast SEO plugin v23.8 - https:\/\/yoast.com\/wordpress\/plugins\/seo\/ -->\n<title>Vogeltr\u00e4nkeset aus Metall gr\u00fcn mit V\u00f6geln 35-24cm<\/title>\n<meta name=\"description\" content=\"Bei Vogeltr\u00e4nken haben wir ein sehr gro\u00dfes Sortiment in vielen Materialien. Alles auch live zu sehen!!\" \/>\n<meta name=\"robots\" content=\"noindex, follow, max-snippet:-1, max-image-preview:large, max-video-preview:-1\" \/>\n<meta property=\"og:locale\" content=\"de_DE\" \/>\n<meta property=\"og:type\" content=\"article\" \/>\n<meta property=\"og:title\" content=\"Vogeltr\u00e4nkeset aus Metall gr\u00fcn mit V\u00f6geln 35-24cm\" \/>\n<meta property=\"og:description\" content=\"Bei Vogeltr\u00e4nken haben wir ein sehr gro\u00dfes Sortiment in vielen Materialien. Alles auch live zu sehen!!\" \/>\n<meta property=\"og:url\" content=\"https:\/\/dev.eliassen.nl\/de\/vogeltrankeset-aus-metall-grun-mit-vogeln-35-24cm\/\" \/>\n<meta property=\"og:site_name\" content=\"Eliassen.nl\" \/>\n<meta property=\"article:publisher\" content=\"https:\/\/www.facebook.com\/TuincentrumEliassenAmmerzoden\" \/>\n<meta property=\"article:modified_time\" content=\"2024-12-05T15:38:39+00:00\" \/>\n<meta property=\"og:image\" content=\"https:\/\/dev.eliassen.nl\/wp-content\/uploads\/2024\/01\/vogeldrinkschaalgroeneliassentz62.jpg\" \/>\n\t<meta property=\"og:image:width\" content=\"560\" \/>\n\t<meta property=\"og:image:height\" content=\"560\" \/>\n\t<meta property=\"og:image:type\" content=\"image\/jpeg\" \/>\n<meta name=\"twitter:card\" content=\"summary_large_image\" \/>\n<script type=\"application\/ld+json\" class=\"yoast-schema-graph\">{\"@context\":\"https:\/\/schema.org\",\"@graph\":[{\"@type\":\"WebPage\",\"@id\":\"https:\/\/dev.eliassen.nl\/de\/vogeltrankeset-aus-metall-grun-mit-vogeln-35-24cm\/\",\"url\":\"https:\/\/dev.eliassen.nl\/de\/vogeltrankeset-aus-metall-grun-mit-vogeln-35-24cm\/\",\"name\":\"Vogeltr\u00e4nkeset aus Metall gr\u00fcn mit V\u00f6geln 35-24cm\",\"isPartOf\":{\"@id\":\"https:\/\/dev.eliassen.nl\/de\/#website\"},\"primaryImageOfPage\":{\"@id\":\"https:\/\/dev.eliassen.nl\/de\/vogeltrankeset-aus-metall-grun-mit-vogeln-35-24cm\/#primaryimage\"},\"image\":{\"@id\":\"https:\/\/dev.eliassen.nl\/de\/vogeltrankeset-aus-metall-grun-mit-vogeln-35-24cm\/#primaryimage\"},\"thumbnailUrl\":\"https:\/\/dev.eliassen.nl\/wp-content\/uploads\/2024\/01\/vogeldrinkschaalgroeneliassentz62.jpg\",\"datePublished\":\"2023-11-02T10:24:40+00:00\",\"dateModified\":\"2024-12-05T15:38:39+00:00\",\"description\":\"Bei Vogeltr\u00e4nken haben wir ein sehr gro\u00dfes Sortiment in vielen Materialien. Alles auch live zu sehen!!\",\"breadcrumb\":{\"@id\":\"https:\/\/dev.eliassen.nl\/de\/vogeltrankeset-aus-metall-grun-mit-vogeln-35-24cm\/#breadcrumb\"},\"inLanguage\":\"de\",\"potentialAction\":[{\"@type\":\"ReadAction\",\"target\":[\"https:\/\/dev.eliassen.nl\/de\/vogeltrankeset-aus-metall-grun-mit-vogeln-35-24cm\/\"]}]},{\"@type\":\"ImageObject\",\"inLanguage\":\"de\",\"@id\":\"https:\/\/dev.eliassen.nl\/de\/vogeltrankeset-aus-metall-grun-mit-vogeln-35-24cm\/#primaryimage\",\"url\":\"https:\/\/dev.eliassen.nl\/wp-content\/uploads\/2024\/01\/vogeldrinkschaalgroeneliassentz62.jpg\",\"contentUrl\":\"https:\/\/dev.eliassen.nl\/wp-content\/uploads\/2024\/01\/vogeldrinkschaalgroeneliassentz62.jpg\",\"width\":560,\"height\":560,\"caption\":\"Vogeldrinkschaal groen eliassen tz-62\"},{\"@type\":\"BreadcrumbList\",\"@id\":\"https:\/\/dev.eliassen.nl\/de\/vogeltrankeset-aus-metall-grun-mit-vogeln-35-24cm\/#breadcrumb\",\"itemListElement\":[{\"@type\":\"ListItem\",\"position\":1,\"name\":\"Home\",\"item\":\"https:\/\/dev.eliassen.nl\/de\/\"},{\"@type\":\"ListItem\",\"position\":2,\"name\":\"Shop\",\"item\":\"https:\/\/dev.eliassen.nl\/nl\/winkel\/\"},{\"@type\":\"ListItem\",\"position\":3,\"name\":\"Vogeltr\u00e4nken\",\"item\":\"https:\/\/dev.eliassen.nl\/de\/vogeltraenken\/\"},{\"@type\":\"ListItem\",\"position\":4,\"name\":\"Vogeltr\u00e4nkeset aus Metall gr\u00fcn mit V\u00f6geln 35-24cm\"}]},{\"@type\":\"WebSite\",\"@id\":\"https:\/\/dev.eliassen.nl\/de\/#website\",\"url\":\"https:\/\/dev.eliassen.nl\/de\/\",\"name\":\"Eliassen Home & Garden Pleasure\",\"description\":\"\",\"publisher\":{\"@id\":\"https:\/\/dev.eliassen.nl\/de\/#organization\"},\"alternateName\":\"Eliassen.nl\",\"potentialAction\":[{\"@type\":\"SearchAction\",\"target\":{\"@type\":\"EntryPoint\",\"urlTemplate\":\"https:\/\/dev.eliassen.nl\/de\/?s={search_term_string}\"},\"query-input\":{\"@type\":\"PropertyValueSpecification\",\"valueRequired\":true,\"valueName\":\"search_term_string\"}}],\"inLanguage\":\"de\"},{\"@type\":\"Organization\",\"@id\":\"https:\/\/dev.eliassen.nl\/de\/#organization\",\"name\":\"Eliassen Home & Garden Pleasure\",\"url\":\"https:\/\/dev.eliassen.nl\/de\/\",\"logo\":{\"@type\":\"ImageObject\",\"inLanguage\":\"de\",\"@id\":\"https:\/\/dev.eliassen.nl\/de\/#\/schema\/logo\/image\/\",\"url\":\"https:\/\/www.eliassen.nl\/wp-content\/uploads\/2024\/01\/logo_4nd.jpg\",\"contentUrl\":\"https:\/\/www.eliassen.nl\/wp-content\/uploads\/2024\/01\/logo_4nd.jpg\",\"width\":500,\"height\":500,\"caption\":\"Eliassen Home & Garden Pleasure\"},\"image\":{\"@id\":\"https:\/\/dev.eliassen.nl\/de\/#\/schema\/logo\/image\/\"},\"sameAs\":[\"https:\/\/www.facebook.com\/TuincentrumEliassenAmmerzoden\",\"https:\/\/www.instagram.com\/eliassenhomeandgarden\/\",\"https:\/\/nl.pinterest.com\/eliassenhomeandgarden\/\",\"https:\/\/www.youtube.com\/@eliassenhomegardenpleasure4558\"]}]}<\/script>\n<!-- \/ Yoast SEO plugin. -->","yoast_head_json":{"title":"Vogeltr\u00e4nkeset aus Metall gr\u00fcn mit V\u00f6geln 35-24cm","description":"Bei Vogeltr\u00e4nken haben wir ein sehr gro\u00dfes Sortiment in vielen Materialien. Alles auch live zu sehen!!","robots":{"index":"noindex","follow":"follow","max-snippet":"max-snippet:-1","max-image-preview":"max-image-preview:large","max-video-preview":"max-video-preview:-1"},"og_locale":"de_DE","og_type":"article","og_title":"Vogeltr\u00e4nkeset aus Metall gr\u00fcn mit V\u00f6geln 35-24cm","og_description":"Bei Vogeltr\u00e4nken haben wir ein sehr gro\u00dfes Sortiment in vielen Materialien. Alles auch live zu sehen!!","og_url":"https:\/\/dev.eliassen.nl\/de\/vogeltrankeset-aus-metall-grun-mit-vogeln-35-24cm\/","og_site_name":"Eliassen.nl","article_publisher":"https:\/\/www.facebook.com\/TuincentrumEliassenAmmerzoden","article_modified_time":"2024-12-05T15:38:39+00:00","og_image":[{"width":560,"height":560,"url":"https:\/\/dev.eliassen.nl\/wp-content\/uploads\/2024\/01\/vogeldrinkschaalgroeneliassentz62.jpg","type":"image\/jpeg"}],"twitter_card":"summary_large_image","schema":{"@context":"https:\/\/schema.org","@graph":[{"@type":"WebPage","@id":"https:\/\/dev.eliassen.nl\/de\/vogeltrankeset-aus-metall-grun-mit-vogeln-35-24cm\/","url":"https:\/\/dev.eliassen.nl\/de\/vogeltrankeset-aus-metall-grun-mit-vogeln-35-24cm\/","name":"Vogeltr\u00e4nkeset aus Metall gr\u00fcn mit V\u00f6geln 35-24cm","isPartOf":{"@id":"https:\/\/dev.eliassen.nl\/de\/#website"},"primaryImageOfPage":{"@id":"https:\/\/dev.eliassen.nl\/de\/vogeltrankeset-aus-metall-grun-mit-vogeln-35-24cm\/#primaryimage"},"image":{"@id":"https:\/\/dev.eliassen.nl\/de\/vogeltrankeset-aus-metall-grun-mit-vogeln-35-24cm\/#primaryimage"},"thumbnailUrl":"https:\/\/dev.eliassen.nl\/wp-content\/uploads\/2024\/01\/vogeldrinkschaalgroeneliassentz62.jpg","datePublished":"2023-11-02T10:24:40+00:00","dateModified":"2024-12-05T15:38:39+00:00","description":"Bei Vogeltr\u00e4nken haben wir ein sehr gro\u00dfes Sortiment in vielen Materialien. Alles auch live zu sehen!!","breadcrumb":{"@id":"https:\/\/dev.eliassen.nl\/de\/vogeltrankeset-aus-metall-grun-mit-vogeln-35-24cm\/#breadcrumb"},"inLanguage":"de","potentialAction":[{"@type":"ReadAction","target":["https:\/\/dev.eliassen.nl\/de\/vogeltrankeset-aus-metall-grun-mit-vogeln-35-24cm\/"]}]},{"@type":"ImageObject","inLanguage":"de","@id":"https:\/\/dev.eliassen.nl\/de\/vogeltrankeset-aus-metall-grun-mit-vogeln-35-24cm\/#primaryimage","url":"https:\/\/dev.eliassen.nl\/wp-content\/uploads\/2024\/01\/vogeldrinkschaalgroeneliassentz62.jpg","contentUrl":"https:\/\/dev.eliassen.nl\/wp-content\/uploads\/2024\/01\/vogeldrinkschaalgroeneliassentz62.jpg","width":560,"height":560,"caption":"Vogeldrinkschaal groen eliassen tz-62"},{"@type":"BreadcrumbList","@id":"https:\/\/dev.eliassen.nl\/de\/vogeltrankeset-aus-metall-grun-mit-vogeln-35-24cm\/#breadcrumb","itemListElement":[{"@type":"ListItem","position":1,"name":"Home","item":"https:\/\/dev.eliassen.nl\/de\/"},{"@type":"ListItem","position":2,"name":"Shop","item":"https:\/\/dev.eliassen.nl\/nl\/winkel\/"},{"@type":"ListItem","position":3,"name":"Vogeltr\u00e4nken","item":"https:\/\/dev.eliassen.nl\/de\/vogeltraenken\/"},{"@type":"ListItem","position":4,"name":"Vogeltr\u00e4nkeset aus Metall gr\u00fcn mit V\u00f6geln 35-24cm"}]},{"@type":"WebSite","@id":"https:\/\/dev.eliassen.nl\/de\/#website","url":"https:\/\/dev.eliassen.nl\/de\/","name":"Eliassen Home & Garden Pleasure","description":"","publisher":{"@id":"https:\/\/dev.eliassen.nl\/de\/#organization"},"alternateName":"Eliassen.nl","potentialAction":[{"@type":"SearchAction","target":{"@type":"EntryPoint","urlTemplate":"https:\/\/dev.eliassen.nl\/de\/?s={search_term_string}"},"query-input":{"@type":"PropertyValueSpecification","valueRequired":true,"valueName":"search_term_string"}}],"inLanguage":"de"},{"@type":"Organization","@id":"https:\/\/dev.eliassen.nl\/de\/#organization","name":"Eliassen Home & Garden Pleasure","url":"https:\/\/dev.eliassen.nl\/de\/","logo":{"@type":"ImageObject","inLanguage":"de","@id":"https:\/\/dev.eliassen.nl\/de\/#\/schema\/logo\/image\/","url":"https:\/\/www.eliassen.nl\/wp-content\/uploads\/2024\/01\/logo_4nd.jpg","contentUrl":"https:\/\/www.eliassen.nl\/wp-content\/uploads\/2024\/01\/logo_4nd.jpg","width":500,"height":500,"caption":"Eliassen Home & Garden Pleasure"},"image":{"@id":"https:\/\/dev.eliassen.nl\/de\/#\/schema\/logo\/image\/"},"sameAs":["https:\/\/www.facebook.com\/TuincentrumEliassenAmmerzoden","https:\/\/www.instagram.com\/eliassenhomeandgarden\/","https:\/\/nl.pinterest.com\/eliassenhomeandgarden\/","https:\/\/www.youtube.com\/@eliassenhomegardenpleasure4558"]}]}},"df_price":18.95,"df_sale_price":"","df_regular_price":18.95,"df_image_link":"https:\/\/dev.eliassen.nl\/wp-content\/uploads\/2024\/01\/vogeldrinkschaalgroeneliassentz62.jpg","image":"https:\/\/dev.eliassen.nl\/wp-content\/uploads\/2024\/01\/vogeldrinkschaalgroeneliassentz62.jpg","price_search":"<span class=\"woocommerce-Price-amount amount\"><bdi><span class=\"woocommerce-Price-currencySymbol\">&euro;<\/span>&nbsp;18,95<\/bdi><\/span>","category":"Vogeltr\u00e4nken","_links":{"self":[{"href":"https:\/\/dev.eliassen.nl\/de\/wp-json\/wp\/v2\/product\/96370","targetHints":{"allow":["GET"]}}],"collection":[{"href":"https:\/\/dev.eliassen.nl\/de\/wp-json\/wp\/v2\/product"}],"about":[{"href":"https:\/\/dev.eliassen.nl\/de\/wp-json\/wp\/v2\/types\/product"}],"wp:featuredmedia":[{"embeddable":true,"href":"https:\/\/dev.eliassen.nl\/de\/wp-json\/wp\/v2\/media\/96364"}],"wp:attachment":[{"href":"https:\/\/dev.eliassen.nl\/de\/wp-json\/wp\/v2\/media?parent=96370"}],"wp:term":[{"taxonomy":"product_brand","embeddable":true,"href":"https:\/\/dev.eliassen.nl\/de\/wp-json\/wp\/v2\/product_brand?post=96370"},{"taxonomy":"product_cat","embeddable":true,"href":"https:\/\/dev.eliassen.nl\/de\/wp-json\/wp\/v2\/product_cat?post=96370"},{"taxonomy":"product_tag","embeddable":true,"href":"https:\/\/dev.eliassen.nl\/de\/wp-json\/wp\/v2\/product_tag?post=96370"}],"curies":[{"name":"wp","href":"https:\/\/api.w.org\/{rel}","templated":true}]}}