{"id":96547,"date":"2023-11-09T11:07:42","date_gmt":"2023-11-09T10:07:42","guid":{"rendered":"https:\/\/www.eliassen.nl\/?product=copy-of-keien-plat-wit-5-8cm-2kg-uitgesorteerd"},"modified":"2024-12-05T16:39:23","modified_gmt":"2024-12-05T15:39:23","slug":"dekokiesel-schwarz-grau-poliert-4-7cm-2kg-beste-auswahl-zum-bemalen","status":"publish","type":"product","link":"https:\/\/dev.eliassen.nl\/de\/dekokiesel-schwarz-grau-poliert-4-7cm-2kg-beste-auswahl-zum-bemalen\/","title":{"rendered":"Dekokiesel schwarz-grau poliert 4-7cm 2kg beste Auswahl zum Bemalen"},"content":{"rendered":"<p><video controls=\"controls\" width=\"300\" height=\"150\"><source src=\"https:\/\/cdn.webshopapp.com\/shops\/289658\/files\/443748778\/sierstenen-pebbles-gepolijst-zwart-grijs-eliassenn.mp4\" type=\"video\/mp4\" \/><\/video><\/p>\n<p>Sehr sch\u00f6ne sortierte polierte schwarzgraue Kieselsteine von 4 bis 7 cm. Flache Form, ideal zum Malen.<\/p>\n<p>Diese Malsteine wurden gewaschen und sortiert; Es d\u00fcrfen sich keine gebrochenen oder halben Kieselsteine im Beutel befinden. F\u00fcr die Bemalung dieser sortierten T\u00fcten wurden nur die besten Dekokiesel aus den T\u00fcten ausgew\u00e4hlt. In manchen F\u00e4llen ist m\u00f6glicherweise nur eine Seite vollst\u00e4ndig glatt.<\/p>\n<p>Da es sich um ein Naturprodukt handelt, dient das Foto lediglich als Beispiel.<\/p>\n<ul>\n<li>gewaschene Kieselsteine<\/li>\n<li>2 kg pro Beutel, ca. 25 sortierte Kieselsteine pro Beutel, daher kann die Anzahl variieren<\/li>\n<li>verpackt im Organzabeutel<\/li>\n<li>es sind keine zerbrochenen Steine im Spiel<\/li>\n<li>sehr harte und glatte Kieselsteine<\/li>\n<li>Sehr einfach zu bemalen<\/li>\n<li>Wird nicht schnell gr\u00fcn<\/li>\n<li>Kann auch live bei uns abgeholt werden<\/li>\n<\/ul>\n","protected":false},"excerpt":{"rendered":"<p>Die sch\u00f6nste Auswahl an sortierten Steinen, bestehend aus den besten Steinen zum Bemalen.<\/p>\n","protected":false},"featured_media":96520,"template":"","meta":{"_acf_changed":false},"product_brand":[],"product_cat":[1460,752],"product_tag":[],"class_list":{"0":"post-96547","1":"product","2":"type-product","3":"status-publish","4":"has-post-thumbnail","6":"product_cat-kieselsteine-zum-bemalen","7":"product_cat-weitere-artikel","9":"first","10":"instock","11":"taxable","12":"shipping-taxable","13":"purchasable","14":"product-type-simple"},"acf":[],"yoast_head":"<!-- This site is optimized with the Yoast SEO plugin v23.8 - https:\/\/yoast.com\/wordpress\/plugins\/seo\/ -->\n<title>Dekokiesel schwarz-grau poliert 4-7cm 2kg sortiert<\/title>\n<meta name=\"description\" content=\"Wundersch\u00f6ne glatte Dekosteine zum Bemalen. Die Kieselsteine eignen sich am besten zum Bemalen mit einer super glatten Oberfl\u00e4che und einer sch\u00f6nen Gr\u00f6\u00dfe.\" \/>\n<meta name=\"robots\" content=\"noindex, follow, max-snippet:-1, max-image-preview:large, max-video-preview:-1\" \/>\n<meta property=\"og:locale\" content=\"de_DE\" \/>\n<meta property=\"og:type\" content=\"article\" \/>\n<meta property=\"og:title\" content=\"Dekokiesel schwarz-grau poliert 4-7cm 2kg sortiert\" \/>\n<meta property=\"og:description\" content=\"Wundersch\u00f6ne glatte Dekosteine zum Bemalen. Die Kieselsteine eignen sich am besten zum Bemalen mit einer super glatten Oberfl\u00e4che und einer sch\u00f6nen Gr\u00f6\u00dfe.\" \/>\n<meta property=\"og:url\" content=\"https:\/\/dev.eliassen.nl\/de\/dekokiesel-schwarz-grau-poliert-4-7cm-2kg-beste-auswahl-zum-bemalen\/\" \/>\n<meta property=\"og:site_name\" content=\"Eliassen.nl\" \/>\n<meta property=\"article:publisher\" content=\"https:\/\/www.facebook.com\/TuincentrumEliassenAmmerzoden\" \/>\n<meta property=\"article:modified_time\" content=\"2024-12-05T15:39:23+00:00\" \/>\n<meta property=\"og:image\" content=\"https:\/\/dev.eliassen.nl\/wp-content\/uploads\/2024\/01\/sierkeienzwartgrijsgepolijst47cm2kguitgesor.jpg\" \/>\n\t<meta property=\"og:image:width\" content=\"1536\" \/>\n\t<meta property=\"og:image:height\" content=\"2048\" \/>\n\t<meta property=\"og:image:type\" content=\"image\/jpeg\" \/>\n<meta name=\"twitter:card\" content=\"summary_large_image\" \/>\n<script type=\"application\/ld+json\" class=\"yoast-schema-graph\">{\"@context\":\"https:\/\/schema.org\",\"@graph\":[{\"@type\":\"WebPage\",\"@id\":\"https:\/\/dev.eliassen.nl\/de\/dekokiesel-schwarz-grau-poliert-4-7cm-2kg-beste-auswahl-zum-bemalen\/\",\"url\":\"https:\/\/dev.eliassen.nl\/de\/dekokiesel-schwarz-grau-poliert-4-7cm-2kg-beste-auswahl-zum-bemalen\/\",\"name\":\"Dekokiesel schwarz-grau poliert 4-7cm 2kg sortiert\",\"isPartOf\":{\"@id\":\"https:\/\/dev.eliassen.nl\/de\/#website\"},\"primaryImageOfPage\":{\"@id\":\"https:\/\/dev.eliassen.nl\/de\/dekokiesel-schwarz-grau-poliert-4-7cm-2kg-beste-auswahl-zum-bemalen\/#primaryimage\"},\"image\":{\"@id\":\"https:\/\/dev.eliassen.nl\/de\/dekokiesel-schwarz-grau-poliert-4-7cm-2kg-beste-auswahl-zum-bemalen\/#primaryimage\"},\"thumbnailUrl\":\"https:\/\/dev.eliassen.nl\/wp-content\/uploads\/2024\/01\/sierkeienzwartgrijsgepolijst47cm2kguitgesor.jpg\",\"datePublished\":\"2023-11-09T10:07:42+00:00\",\"dateModified\":\"2024-12-05T15:39:23+00:00\",\"description\":\"Wundersch\u00f6ne glatte Dekosteine zum Bemalen. Die Kieselsteine eignen sich am besten zum Bemalen mit einer super glatten Oberfl\u00e4che und einer sch\u00f6nen Gr\u00f6\u00dfe.\",\"breadcrumb\":{\"@id\":\"https:\/\/dev.eliassen.nl\/de\/dekokiesel-schwarz-grau-poliert-4-7cm-2kg-beste-auswahl-zum-bemalen\/#breadcrumb\"},\"inLanguage\":\"de\",\"potentialAction\":[{\"@type\":\"ReadAction\",\"target\":[\"https:\/\/dev.eliassen.nl\/de\/dekokiesel-schwarz-grau-poliert-4-7cm-2kg-beste-auswahl-zum-bemalen\/\"]}]},{\"@type\":\"ImageObject\",\"inLanguage\":\"de\",\"@id\":\"https:\/\/dev.eliassen.nl\/de\/dekokiesel-schwarz-grau-poliert-4-7cm-2kg-beste-auswahl-zum-bemalen\/#primaryimage\",\"url\":\"https:\/\/dev.eliassen.nl\/wp-content\/uploads\/2024\/01\/sierkeienzwartgrijsgepolijst47cm2kguitgesor.jpg\",\"contentUrl\":\"https:\/\/dev.eliassen.nl\/wp-content\/uploads\/2024\/01\/sierkeienzwartgrijsgepolijst47cm2kguitgesor.jpg\",\"width\":1536,\"height\":2048,\"caption\":\"Sierkeien zwart-grijs gepolijst 4-7cm 2kg uitgesorteerd eliassen.nl 2\"},{\"@type\":\"BreadcrumbList\",\"@id\":\"https:\/\/dev.eliassen.nl\/de\/dekokiesel-schwarz-grau-poliert-4-7cm-2kg-beste-auswahl-zum-bemalen\/#breadcrumb\",\"itemListElement\":[{\"@type\":\"ListItem\",\"position\":1,\"name\":\"Home\",\"item\":\"https:\/\/dev.eliassen.nl\/de\/\"},{\"@type\":\"ListItem\",\"position\":2,\"name\":\"Shop\",\"item\":\"https:\/\/dev.eliassen.nl\/nl\/winkel\/\"},{\"@type\":\"ListItem\",\"position\":3,\"name\":\"Weitere Artikel\",\"item\":\"https:\/\/dev.eliassen.nl\/de\/weitere-artikel\/\"},{\"@type\":\"ListItem\",\"position\":4,\"name\":\"Kieselsteine zum Bemalen\",\"item\":\"https:\/\/dev.eliassen.nl\/de\/garten-andere\/kieselsteine-zum-bemalen\/\"},{\"@type\":\"ListItem\",\"position\":5,\"name\":\"Dekokiesel schwarz-grau poliert 4-7cm 2kg beste Auswahl zum Bemalen\"}]},{\"@type\":\"WebSite\",\"@id\":\"https:\/\/dev.eliassen.nl\/de\/#website\",\"url\":\"https:\/\/dev.eliassen.nl\/de\/\",\"name\":\"Eliassen Home & Garden Pleasure\",\"description\":\"\",\"publisher\":{\"@id\":\"https:\/\/dev.eliassen.nl\/de\/#organization\"},\"alternateName\":\"Eliassen.nl\",\"potentialAction\":[{\"@type\":\"SearchAction\",\"target\":{\"@type\":\"EntryPoint\",\"urlTemplate\":\"https:\/\/dev.eliassen.nl\/de\/?s={search_term_string}\"},\"query-input\":{\"@type\":\"PropertyValueSpecification\",\"valueRequired\":true,\"valueName\":\"search_term_string\"}}],\"inLanguage\":\"de\"},{\"@type\":\"Organization\",\"@id\":\"https:\/\/dev.eliassen.nl\/de\/#organization\",\"name\":\"Eliassen Home & Garden Pleasure\",\"url\":\"https:\/\/dev.eliassen.nl\/de\/\",\"logo\":{\"@type\":\"ImageObject\",\"inLanguage\":\"de\",\"@id\":\"https:\/\/dev.eliassen.nl\/de\/#\/schema\/logo\/image\/\",\"url\":\"https:\/\/www.eliassen.nl\/wp-content\/uploads\/2024\/01\/logo_4nd.jpg\",\"contentUrl\":\"https:\/\/www.eliassen.nl\/wp-content\/uploads\/2024\/01\/logo_4nd.jpg\",\"width\":500,\"height\":500,\"caption\":\"Eliassen Home & Garden Pleasure\"},\"image\":{\"@id\":\"https:\/\/dev.eliassen.nl\/de\/#\/schema\/logo\/image\/\"},\"sameAs\":[\"https:\/\/www.facebook.com\/TuincentrumEliassenAmmerzoden\",\"https:\/\/www.instagram.com\/eliassenhomeandgarden\/\",\"https:\/\/nl.pinterest.com\/eliassenhomeandgarden\/\",\"https:\/\/www.youtube.com\/@eliassenhomegardenpleasure4558\"]}]}<\/script>\n<!-- \/ Yoast SEO plugin. -->","yoast_head_json":{"title":"Dekokiesel schwarz-grau poliert 4-7cm 2kg sortiert","description":"Wundersch\u00f6ne glatte Dekosteine zum Bemalen. Die Kieselsteine eignen sich am besten zum Bemalen mit einer super glatten Oberfl\u00e4che und einer sch\u00f6nen Gr\u00f6\u00dfe.","robots":{"index":"noindex","follow":"follow","max-snippet":"max-snippet:-1","max-image-preview":"max-image-preview:large","max-video-preview":"max-video-preview:-1"},"og_locale":"de_DE","og_type":"article","og_title":"Dekokiesel schwarz-grau poliert 4-7cm 2kg sortiert","og_description":"Wundersch\u00f6ne glatte Dekosteine zum Bemalen. Die Kieselsteine eignen sich am besten zum Bemalen mit einer super glatten Oberfl\u00e4che und einer sch\u00f6nen Gr\u00f6\u00dfe.","og_url":"https:\/\/dev.eliassen.nl\/de\/dekokiesel-schwarz-grau-poliert-4-7cm-2kg-beste-auswahl-zum-bemalen\/","og_site_name":"Eliassen.nl","article_publisher":"https:\/\/www.facebook.com\/TuincentrumEliassenAmmerzoden","article_modified_time":"2024-12-05T15:39:23+00:00","og_image":[{"width":1536,"height":2048,"url":"https:\/\/dev.eliassen.nl\/wp-content\/uploads\/2024\/01\/sierkeienzwartgrijsgepolijst47cm2kguitgesor.jpg","type":"image\/jpeg"}],"twitter_card":"summary_large_image","schema":{"@context":"https:\/\/schema.org","@graph":[{"@type":"WebPage","@id":"https:\/\/dev.eliassen.nl\/de\/dekokiesel-schwarz-grau-poliert-4-7cm-2kg-beste-auswahl-zum-bemalen\/","url":"https:\/\/dev.eliassen.nl\/de\/dekokiesel-schwarz-grau-poliert-4-7cm-2kg-beste-auswahl-zum-bemalen\/","name":"Dekokiesel schwarz-grau poliert 4-7cm 2kg sortiert","isPartOf":{"@id":"https:\/\/dev.eliassen.nl\/de\/#website"},"primaryImageOfPage":{"@id":"https:\/\/dev.eliassen.nl\/de\/dekokiesel-schwarz-grau-poliert-4-7cm-2kg-beste-auswahl-zum-bemalen\/#primaryimage"},"image":{"@id":"https:\/\/dev.eliassen.nl\/de\/dekokiesel-schwarz-grau-poliert-4-7cm-2kg-beste-auswahl-zum-bemalen\/#primaryimage"},"thumbnailUrl":"https:\/\/dev.eliassen.nl\/wp-content\/uploads\/2024\/01\/sierkeienzwartgrijsgepolijst47cm2kguitgesor.jpg","datePublished":"2023-11-09T10:07:42+00:00","dateModified":"2024-12-05T15:39:23+00:00","description":"Wundersch\u00f6ne glatte Dekosteine zum Bemalen. Die Kieselsteine eignen sich am besten zum Bemalen mit einer super glatten Oberfl\u00e4che und einer sch\u00f6nen Gr\u00f6\u00dfe.","breadcrumb":{"@id":"https:\/\/dev.eliassen.nl\/de\/dekokiesel-schwarz-grau-poliert-4-7cm-2kg-beste-auswahl-zum-bemalen\/#breadcrumb"},"inLanguage":"de","potentialAction":[{"@type":"ReadAction","target":["https:\/\/dev.eliassen.nl\/de\/dekokiesel-schwarz-grau-poliert-4-7cm-2kg-beste-auswahl-zum-bemalen\/"]}]},{"@type":"ImageObject","inLanguage":"de","@id":"https:\/\/dev.eliassen.nl\/de\/dekokiesel-schwarz-grau-poliert-4-7cm-2kg-beste-auswahl-zum-bemalen\/#primaryimage","url":"https:\/\/dev.eliassen.nl\/wp-content\/uploads\/2024\/01\/sierkeienzwartgrijsgepolijst47cm2kguitgesor.jpg","contentUrl":"https:\/\/dev.eliassen.nl\/wp-content\/uploads\/2024\/01\/sierkeienzwartgrijsgepolijst47cm2kguitgesor.jpg","width":1536,"height":2048,"caption":"Sierkeien zwart-grijs gepolijst 4-7cm 2kg uitgesorteerd eliassen.nl 2"},{"@type":"BreadcrumbList","@id":"https:\/\/dev.eliassen.nl\/de\/dekokiesel-schwarz-grau-poliert-4-7cm-2kg-beste-auswahl-zum-bemalen\/#breadcrumb","itemListElement":[{"@type":"ListItem","position":1,"name":"Home","item":"https:\/\/dev.eliassen.nl\/de\/"},{"@type":"ListItem","position":2,"name":"Shop","item":"https:\/\/dev.eliassen.nl\/nl\/winkel\/"},{"@type":"ListItem","position":3,"name":"Weitere Artikel","item":"https:\/\/dev.eliassen.nl\/de\/weitere-artikel\/"},{"@type":"ListItem","position":4,"name":"Kieselsteine zum Bemalen","item":"https:\/\/dev.eliassen.nl\/de\/garten-andere\/kieselsteine-zum-bemalen\/"},{"@type":"ListItem","position":5,"name":"Dekokiesel schwarz-grau poliert 4-7cm 2kg beste Auswahl zum Bemalen"}]},{"@type":"WebSite","@id":"https:\/\/dev.eliassen.nl\/de\/#website","url":"https:\/\/dev.eliassen.nl\/de\/","name":"Eliassen Home & Garden Pleasure","description":"","publisher":{"@id":"https:\/\/dev.eliassen.nl\/de\/#organization"},"alternateName":"Eliassen.nl","potentialAction":[{"@type":"SearchAction","target":{"@type":"EntryPoint","urlTemplate":"https:\/\/dev.eliassen.nl\/de\/?s={search_term_string}"},"query-input":{"@type":"PropertyValueSpecification","valueRequired":true,"valueName":"search_term_string"}}],"inLanguage":"de"},{"@type":"Organization","@id":"https:\/\/dev.eliassen.nl\/de\/#organization","name":"Eliassen Home & Garden Pleasure","url":"https:\/\/dev.eliassen.nl\/de\/","logo":{"@type":"ImageObject","inLanguage":"de","@id":"https:\/\/dev.eliassen.nl\/de\/#\/schema\/logo\/image\/","url":"https:\/\/www.eliassen.nl\/wp-content\/uploads\/2024\/01\/logo_4nd.jpg","contentUrl":"https:\/\/www.eliassen.nl\/wp-content\/uploads\/2024\/01\/logo_4nd.jpg","width":500,"height":500,"caption":"Eliassen Home & Garden Pleasure"},"image":{"@id":"https:\/\/dev.eliassen.nl\/de\/#\/schema\/logo\/image\/"},"sameAs":["https:\/\/www.facebook.com\/TuincentrumEliassenAmmerzoden","https:\/\/www.instagram.com\/eliassenhomeandgarden\/","https:\/\/nl.pinterest.com\/eliassenhomeandgarden\/","https:\/\/www.youtube.com\/@eliassenhomegardenpleasure4558"]}]}},"df_price":8,"df_sale_price":"","df_regular_price":8,"df_image_link":"https:\/\/dev.eliassen.nl\/wp-content\/uploads\/2024\/01\/sierkeienzwartgrijsgepolijst47cm2kguitgesor.jpg","image":"https:\/\/dev.eliassen.nl\/wp-content\/uploads\/2024\/01\/sierkeienzwartgrijsgepolijst47cm2kguitgesor.jpg","price_search":"<span class=\"woocommerce-Price-amount amount\"><bdi><span class=\"woocommerce-Price-currencySymbol\">&euro;<\/span>&nbsp;8,00<\/bdi><\/span>","category":"Kieselsteine zum Bemalen","_links":{"self":[{"href":"https:\/\/dev.eliassen.nl\/de\/wp-json\/wp\/v2\/product\/96547","targetHints":{"allow":["GET"]}}],"collection":[{"href":"https:\/\/dev.eliassen.nl\/de\/wp-json\/wp\/v2\/product"}],"about":[{"href":"https:\/\/dev.eliassen.nl\/de\/wp-json\/wp\/v2\/types\/product"}],"wp:featuredmedia":[{"embeddable":true,"href":"https:\/\/dev.eliassen.nl\/de\/wp-json\/wp\/v2\/media\/96520"}],"wp:attachment":[{"href":"https:\/\/dev.eliassen.nl\/de\/wp-json\/wp\/v2\/media?parent=96547"}],"wp:term":[{"taxonomy":"product_brand","embeddable":true,"href":"https:\/\/dev.eliassen.nl\/de\/wp-json\/wp\/v2\/product_brand?post=96547"},{"taxonomy":"product_cat","embeddable":true,"href":"https:\/\/dev.eliassen.nl\/de\/wp-json\/wp\/v2\/product_cat?post=96547"},{"taxonomy":"product_tag","embeddable":true,"href":"https:\/\/dev.eliassen.nl\/de\/wp-json\/wp\/v2\/product_tag?post=96547"}],"curies":[{"name":"wp","href":"https:\/\/api.w.org\/{rel}","templated":true}]}}