{"id":96679,"date":"2023-11-13T12:03:26","date_gmt":"2023-11-13T11:03:26","guid":{"rendered":"https:\/\/www.eliassen.nl\/?product=hangstoel-bristol-opklapbaar-antraciet-grijs"},"modified":"2024-12-05T16:39:38","modified_gmt":"2024-12-05T15:39:38","slug":"hangesessel-bristol-klappbar-anthrazitgrau","status":"publish","type":"product","link":"https:\/\/dev.eliassen.nl\/de\/hangesessel-bristol-klappbar-anthrazitgrau\/","title":{"rendered":"H\u00e4ngesessel Bristol klappbar anthrazit\/grau"},"content":{"rendered":"<p>Gem\u00fctlicher Schaukelstuhl mit sch\u00f6ner Sitzfl\u00e4che. Sie werden viele Stunden in diesem Stuhl genie\u00dfen, dank des ausklappbaren Baldachins werden Sie das Cocooning-Gef\u00fchl erleben und sich gleichzeitig von der Sonne fernhalten.<\/p>\n<p>Das Gestell besteht aus beschichtetem Stahl, das Untergestell hat einen gro\u00dfen Durchmesser, was eine hohe Stabilit\u00e4t garantiert. Der Stuhl ist aus beschichtetem Aluminium gefertigt.<\/p>\n<p>Da der Stuhl zusammenklappbar ist, nimmt er beim Verstauen nur wenig Platz in Anspruch. Die Scharnierbereiche sind so gesch\u00fctzt, dass keine Finger dazwischen gelangen k\u00f6nnen.<\/p>\n<p>Es wird empfohlen, die Stuhlkissen trocken zu lagern, damit sie nicht durch Regen nass werden.<\/p>\n<p>Lagern Sie das Stuhlgestell im Herbst und Winter trocken.<\/p>\n<ul>\n<li>Zusammenklappbar: einfach zu verstauen.<\/li>\n<li>Gesamtgewicht 35kg<\/li>\n<li>Die Gr\u00f6\u00dfe im aufgeklappten Zustand betr\u00e4gt 80 x 67 x 195 cm (H\u00f6he), der Bodendurchmesser betr\u00e4gt 95 cm<\/li>\n<li>Material; Gestell beschichteter Stahl Anthrazit, Stuhl beschichtetes Aluminium<\/li>\n<li>Inklusive Verdeck und Kissen, Farbe hellgrau<\/li>\n<li>F\u00fcr drinnen und drau\u00dfen<\/li>\n<li>maximale Belastung: 120 kg<\/li>\n<li>wird als Bausatz geliefert.<\/li>\n<li>1 Jahr Garantie<\/li>\n<\/ul>\n","protected":false},"excerpt":{"rendered":"<p>praktischer klappbarer H\u00e4ngesessel<\/p>\n","protected":false},"featured_media":96670,"template":"","meta":{"_acf_changed":false},"product_brand":[],"product_cat":[761,752],"product_tag":[],"class_list":{"0":"post-96679","1":"product","2":"type-product","3":"status-publish","4":"has-post-thumbnail","6":"product_cat-gartenmoebel","7":"product_cat-weitere-artikel","9":"first","10":"instock","11":"taxable","12":"shipping-taxable","13":"purchasable","14":"product-type-simple"},"acf":[],"yoast_head":"<!-- This site is optimized with the Yoast SEO plugin v23.8 - https:\/\/yoast.com\/wordpress\/plugins\/seo\/ -->\n<title>H\u00e4ngesessel Bristol klappbar anthrazit\/grau<\/title>\n<meta name=\"description\" content=\"H\u00e4ngesessel bequem zusammenklappbar. Werfen Sie einen kurzen Blick in unseren Webshop oder kommen Sie vorbei und sehen Sie sich den Stuhl live an!\" \/>\n<meta name=\"robots\" content=\"noindex, follow, max-snippet:-1, max-image-preview:large, max-video-preview:-1\" \/>\n<meta property=\"og:locale\" content=\"de_DE\" \/>\n<meta property=\"og:type\" content=\"article\" \/>\n<meta property=\"og:title\" content=\"H\u00e4ngesessel Bristol klappbar anthrazit\/grau\" \/>\n<meta property=\"og:description\" content=\"H\u00e4ngesessel bequem zusammenklappbar. Werfen Sie einen kurzen Blick in unseren Webshop oder kommen Sie vorbei und sehen Sie sich den Stuhl live an!\" \/>\n<meta property=\"og:url\" content=\"https:\/\/dev.eliassen.nl\/de\/hangesessel-bristol-klappbar-anthrazitgrau\/\" \/>\n<meta property=\"og:site_name\" content=\"Eliassen.nl\" \/>\n<meta property=\"article:publisher\" content=\"https:\/\/www.facebook.com\/TuincentrumEliassenAmmerzoden\" \/>\n<meta property=\"article:modified_time\" content=\"2024-12-05T15:39:38+00:00\" \/>\n<meta property=\"og:image\" content=\"https:\/\/dev.eliassen.nl\/wp-content\/uploads\/2024\/01\/hangstoelbristolopklapbaareliassennl.jpg\" \/>\n\t<meta property=\"og:image:width\" content=\"708\" \/>\n\t<meta property=\"og:image:height\" content=\"1600\" \/>\n\t<meta property=\"og:image:type\" content=\"image\/jpeg\" \/>\n<meta name=\"twitter:card\" content=\"summary_large_image\" \/>\n<script type=\"application\/ld+json\" class=\"yoast-schema-graph\">{\"@context\":\"https:\/\/schema.org\",\"@graph\":[{\"@type\":\"WebPage\",\"@id\":\"https:\/\/dev.eliassen.nl\/de\/hangesessel-bristol-klappbar-anthrazitgrau\/\",\"url\":\"https:\/\/dev.eliassen.nl\/de\/hangesessel-bristol-klappbar-anthrazitgrau\/\",\"name\":\"H\u00e4ngesessel Bristol klappbar anthrazit\/grau\",\"isPartOf\":{\"@id\":\"https:\/\/dev.eliassen.nl\/de\/#website\"},\"primaryImageOfPage\":{\"@id\":\"https:\/\/dev.eliassen.nl\/de\/hangesessel-bristol-klappbar-anthrazitgrau\/#primaryimage\"},\"image\":{\"@id\":\"https:\/\/dev.eliassen.nl\/de\/hangesessel-bristol-klappbar-anthrazitgrau\/#primaryimage\"},\"thumbnailUrl\":\"https:\/\/dev.eliassen.nl\/wp-content\/uploads\/2024\/01\/hangstoelbristolopklapbaareliassennl.jpg\",\"datePublished\":\"2023-11-13T11:03:26+00:00\",\"dateModified\":\"2024-12-05T15:39:38+00:00\",\"description\":\"H\u00e4ngesessel bequem zusammenklappbar. Werfen Sie einen kurzen Blick in unseren Webshop oder kommen Sie vorbei und sehen Sie sich den Stuhl live an!\",\"breadcrumb\":{\"@id\":\"https:\/\/dev.eliassen.nl\/de\/hangesessel-bristol-klappbar-anthrazitgrau\/#breadcrumb\"},\"inLanguage\":\"de\",\"potentialAction\":[{\"@type\":\"ReadAction\",\"target\":[\"https:\/\/dev.eliassen.nl\/de\/hangesessel-bristol-klappbar-anthrazitgrau\/\"]}]},{\"@type\":\"ImageObject\",\"inLanguage\":\"de\",\"@id\":\"https:\/\/dev.eliassen.nl\/de\/hangesessel-bristol-klappbar-anthrazitgrau\/#primaryimage\",\"url\":\"https:\/\/dev.eliassen.nl\/wp-content\/uploads\/2024\/01\/hangstoelbristolopklapbaareliassennl.jpg\",\"contentUrl\":\"https:\/\/dev.eliassen.nl\/wp-content\/uploads\/2024\/01\/hangstoelbristolopklapbaareliassennl.jpg\",\"width\":708,\"height\":1600,\"caption\":\"Hangstoel Bristol opklapbaar eliassen.nl\"},{\"@type\":\"BreadcrumbList\",\"@id\":\"https:\/\/dev.eliassen.nl\/de\/hangesessel-bristol-klappbar-anthrazitgrau\/#breadcrumb\",\"itemListElement\":[{\"@type\":\"ListItem\",\"position\":1,\"name\":\"Home\",\"item\":\"https:\/\/dev.eliassen.nl\/de\/\"},{\"@type\":\"ListItem\",\"position\":2,\"name\":\"Shop\",\"item\":\"https:\/\/dev.eliassen.nl\/nl\/winkel\/\"},{\"@type\":\"ListItem\",\"position\":3,\"name\":\"Weitere Artikel\",\"item\":\"https:\/\/dev.eliassen.nl\/de\/weitere-artikel\/\"},{\"@type\":\"ListItem\",\"position\":4,\"name\":\"Gartenm\u00f6bel\",\"item\":\"https:\/\/dev.eliassen.nl\/de\/garten-andere\/gartenmoebel\/\"},{\"@type\":\"ListItem\",\"position\":5,\"name\":\"H\u00e4ngesessel Bristol klappbar anthrazit\/grau\"}]},{\"@type\":\"WebSite\",\"@id\":\"https:\/\/dev.eliassen.nl\/de\/#website\",\"url\":\"https:\/\/dev.eliassen.nl\/de\/\",\"name\":\"Eliassen Home & Garden Pleasure\",\"description\":\"\",\"publisher\":{\"@id\":\"https:\/\/dev.eliassen.nl\/de\/#organization\"},\"alternateName\":\"Eliassen.nl\",\"potentialAction\":[{\"@type\":\"SearchAction\",\"target\":{\"@type\":\"EntryPoint\",\"urlTemplate\":\"https:\/\/dev.eliassen.nl\/de\/?s={search_term_string}\"},\"query-input\":{\"@type\":\"PropertyValueSpecification\",\"valueRequired\":true,\"valueName\":\"search_term_string\"}}],\"inLanguage\":\"de\"},{\"@type\":\"Organization\",\"@id\":\"https:\/\/dev.eliassen.nl\/de\/#organization\",\"name\":\"Eliassen Home & Garden Pleasure\",\"url\":\"https:\/\/dev.eliassen.nl\/de\/\",\"logo\":{\"@type\":\"ImageObject\",\"inLanguage\":\"de\",\"@id\":\"https:\/\/dev.eliassen.nl\/de\/#\/schema\/logo\/image\/\",\"url\":\"https:\/\/www.eliassen.nl\/wp-content\/uploads\/2024\/01\/logo_4nd.jpg\",\"contentUrl\":\"https:\/\/www.eliassen.nl\/wp-content\/uploads\/2024\/01\/logo_4nd.jpg\",\"width\":500,\"height\":500,\"caption\":\"Eliassen Home & Garden Pleasure\"},\"image\":{\"@id\":\"https:\/\/dev.eliassen.nl\/de\/#\/schema\/logo\/image\/\"},\"sameAs\":[\"https:\/\/www.facebook.com\/TuincentrumEliassenAmmerzoden\",\"https:\/\/www.instagram.com\/eliassenhomeandgarden\/\",\"https:\/\/nl.pinterest.com\/eliassenhomeandgarden\/\",\"https:\/\/www.youtube.com\/@eliassenhomegardenpleasure4558\"]}]}<\/script>\n<!-- \/ Yoast SEO plugin. -->","yoast_head_json":{"title":"H\u00e4ngesessel Bristol klappbar anthrazit\/grau","description":"H\u00e4ngesessel bequem zusammenklappbar. Werfen Sie einen kurzen Blick in unseren Webshop oder kommen Sie vorbei und sehen Sie sich den Stuhl live an!","robots":{"index":"noindex","follow":"follow","max-snippet":"max-snippet:-1","max-image-preview":"max-image-preview:large","max-video-preview":"max-video-preview:-1"},"og_locale":"de_DE","og_type":"article","og_title":"H\u00e4ngesessel Bristol klappbar anthrazit\/grau","og_description":"H\u00e4ngesessel bequem zusammenklappbar. Werfen Sie einen kurzen Blick in unseren Webshop oder kommen Sie vorbei und sehen Sie sich den Stuhl live an!","og_url":"https:\/\/dev.eliassen.nl\/de\/hangesessel-bristol-klappbar-anthrazitgrau\/","og_site_name":"Eliassen.nl","article_publisher":"https:\/\/www.facebook.com\/TuincentrumEliassenAmmerzoden","article_modified_time":"2024-12-05T15:39:38+00:00","og_image":[{"width":708,"height":1600,"url":"https:\/\/dev.eliassen.nl\/wp-content\/uploads\/2024\/01\/hangstoelbristolopklapbaareliassennl.jpg","type":"image\/jpeg"}],"twitter_card":"summary_large_image","schema":{"@context":"https:\/\/schema.org","@graph":[{"@type":"WebPage","@id":"https:\/\/dev.eliassen.nl\/de\/hangesessel-bristol-klappbar-anthrazitgrau\/","url":"https:\/\/dev.eliassen.nl\/de\/hangesessel-bristol-klappbar-anthrazitgrau\/","name":"H\u00e4ngesessel Bristol klappbar anthrazit\/grau","isPartOf":{"@id":"https:\/\/dev.eliassen.nl\/de\/#website"},"primaryImageOfPage":{"@id":"https:\/\/dev.eliassen.nl\/de\/hangesessel-bristol-klappbar-anthrazitgrau\/#primaryimage"},"image":{"@id":"https:\/\/dev.eliassen.nl\/de\/hangesessel-bristol-klappbar-anthrazitgrau\/#primaryimage"},"thumbnailUrl":"https:\/\/dev.eliassen.nl\/wp-content\/uploads\/2024\/01\/hangstoelbristolopklapbaareliassennl.jpg","datePublished":"2023-11-13T11:03:26+00:00","dateModified":"2024-12-05T15:39:38+00:00","description":"H\u00e4ngesessel bequem zusammenklappbar. Werfen Sie einen kurzen Blick in unseren Webshop oder kommen Sie vorbei und sehen Sie sich den Stuhl live an!","breadcrumb":{"@id":"https:\/\/dev.eliassen.nl\/de\/hangesessel-bristol-klappbar-anthrazitgrau\/#breadcrumb"},"inLanguage":"de","potentialAction":[{"@type":"ReadAction","target":["https:\/\/dev.eliassen.nl\/de\/hangesessel-bristol-klappbar-anthrazitgrau\/"]}]},{"@type":"ImageObject","inLanguage":"de","@id":"https:\/\/dev.eliassen.nl\/de\/hangesessel-bristol-klappbar-anthrazitgrau\/#primaryimage","url":"https:\/\/dev.eliassen.nl\/wp-content\/uploads\/2024\/01\/hangstoelbristolopklapbaareliassennl.jpg","contentUrl":"https:\/\/dev.eliassen.nl\/wp-content\/uploads\/2024\/01\/hangstoelbristolopklapbaareliassennl.jpg","width":708,"height":1600,"caption":"Hangstoel Bristol opklapbaar eliassen.nl"},{"@type":"BreadcrumbList","@id":"https:\/\/dev.eliassen.nl\/de\/hangesessel-bristol-klappbar-anthrazitgrau\/#breadcrumb","itemListElement":[{"@type":"ListItem","position":1,"name":"Home","item":"https:\/\/dev.eliassen.nl\/de\/"},{"@type":"ListItem","position":2,"name":"Shop","item":"https:\/\/dev.eliassen.nl\/nl\/winkel\/"},{"@type":"ListItem","position":3,"name":"Weitere Artikel","item":"https:\/\/dev.eliassen.nl\/de\/weitere-artikel\/"},{"@type":"ListItem","position":4,"name":"Gartenm\u00f6bel","item":"https:\/\/dev.eliassen.nl\/de\/garten-andere\/gartenmoebel\/"},{"@type":"ListItem","position":5,"name":"H\u00e4ngesessel Bristol klappbar anthrazit\/grau"}]},{"@type":"WebSite","@id":"https:\/\/dev.eliassen.nl\/de\/#website","url":"https:\/\/dev.eliassen.nl\/de\/","name":"Eliassen Home & Garden Pleasure","description":"","publisher":{"@id":"https:\/\/dev.eliassen.nl\/de\/#organization"},"alternateName":"Eliassen.nl","potentialAction":[{"@type":"SearchAction","target":{"@type":"EntryPoint","urlTemplate":"https:\/\/dev.eliassen.nl\/de\/?s={search_term_string}"},"query-input":{"@type":"PropertyValueSpecification","valueRequired":true,"valueName":"search_term_string"}}],"inLanguage":"de"},{"@type":"Organization","@id":"https:\/\/dev.eliassen.nl\/de\/#organization","name":"Eliassen Home & Garden Pleasure","url":"https:\/\/dev.eliassen.nl\/de\/","logo":{"@type":"ImageObject","inLanguage":"de","@id":"https:\/\/dev.eliassen.nl\/de\/#\/schema\/logo\/image\/","url":"https:\/\/www.eliassen.nl\/wp-content\/uploads\/2024\/01\/logo_4nd.jpg","contentUrl":"https:\/\/www.eliassen.nl\/wp-content\/uploads\/2024\/01\/logo_4nd.jpg","width":500,"height":500,"caption":"Eliassen Home & Garden Pleasure"},"image":{"@id":"https:\/\/dev.eliassen.nl\/de\/#\/schema\/logo\/image\/"},"sameAs":["https:\/\/www.facebook.com\/TuincentrumEliassenAmmerzoden","https:\/\/www.instagram.com\/eliassenhomeandgarden\/","https:\/\/nl.pinterest.com\/eliassenhomeandgarden\/","https:\/\/www.youtube.com\/@eliassenhomegardenpleasure4558"]}]}},"df_price":199,"df_sale_price":"","df_regular_price":199,"df_image_link":"https:\/\/dev.eliassen.nl\/wp-content\/uploads\/2024\/01\/hangstoelbristolopklapbaareliassennl.jpg","image":"https:\/\/dev.eliassen.nl\/wp-content\/uploads\/2024\/01\/hangstoelbristolopklapbaareliassennl.jpg","price_search":"<span class=\"woocommerce-Price-amount amount\"><bdi><span class=\"woocommerce-Price-currencySymbol\">&euro;<\/span>&nbsp;199,00<\/bdi><\/span>","category":"Gartenm\u00f6bel","_links":{"self":[{"href":"https:\/\/dev.eliassen.nl\/de\/wp-json\/wp\/v2\/product\/96679","targetHints":{"allow":["GET"]}}],"collection":[{"href":"https:\/\/dev.eliassen.nl\/de\/wp-json\/wp\/v2\/product"}],"about":[{"href":"https:\/\/dev.eliassen.nl\/de\/wp-json\/wp\/v2\/types\/product"}],"wp:featuredmedia":[{"embeddable":true,"href":"https:\/\/dev.eliassen.nl\/de\/wp-json\/wp\/v2\/media\/96670"}],"wp:attachment":[{"href":"https:\/\/dev.eliassen.nl\/de\/wp-json\/wp\/v2\/media?parent=96679"}],"wp:term":[{"taxonomy":"product_brand","embeddable":true,"href":"https:\/\/dev.eliassen.nl\/de\/wp-json\/wp\/v2\/product_brand?post=96679"},{"taxonomy":"product_cat","embeddable":true,"href":"https:\/\/dev.eliassen.nl\/de\/wp-json\/wp\/v2\/product_cat?post=96679"},{"taxonomy":"product_tag","embeddable":true,"href":"https:\/\/dev.eliassen.nl\/de\/wp-json\/wp\/v2\/product_tag?post=96679"}],"curies":[{"name":"wp","href":"https:\/\/api.w.org\/{rel}","templated":true}]}}