{"id":96805,"date":"2023-11-13T15:06:42","date_gmt":"2023-11-13T14:06:42","guid":{"rendered":"https:\/\/www.eliassen.nl\/?product=copy-of-houten-beeld-kerstboom-drijfhout-60cm"},"modified":"2024-12-05T16:39:53","modified_gmt":"2024-12-05T15:39:53","slug":"holzdisplay-4-etagen-teakholz-50cm","status":"publish","type":"product","link":"https:\/\/dev.eliassen.nl\/de\/holzdisplay-4-etagen-teakholz-50cm\/","title":{"rendered":"Holzdisplay 4 Etagen Teakholz 50cm"},"content":{"rendered":"<p>Dieses 4-st\u00f6ckige Display ist ein wundersch\u00f6nes St\u00fcck Handwerkskunst, handgefertigt aus massivem Teakholz.<br \/>Es ist sehr geschickt, wie die Form dargestellt wird. Viele Arbeitsstunden wurden in dieses Modell gesteckt, um diese Statue aus einem Block hartem Teakholz zu schaffen.<\/p>\n<p>Teakholz hat die Eigenschaft, kontrastierende Farben zu haben. Helles Holz kann direkt neben dunklem Holz liegen. Es ist normal, dass diese Farbunterschiede auch bei diesem St\u00fcck sichtbar sind. Dar\u00fcber kann man sich leider nicht beschweren.<\/p>\n<p>Da es sich um Handarbeit handelt, ist das Foto nur ein Beispiel, Ihr erhaltenes Modell kann daher abweichen.<\/p>\n<ul>\n<li>Gr\u00f6\u00dfe: ca. 37x37x50 hoch<\/li>\n<li>Material: massives Teakholz, leicht ge\u00f6lt<\/li>\n<li>Exklusiv<\/li>\n<li>Originale Holzschnitzereien<\/li>\n<li>Eigener Bestand<\/li>\n<li>Sie k\u00f6nnen es im Freien aufstellen, allerdings wird das Holz dann grau und es k\u00f6nnen Risse entstehen.<\/li>\n<\/ul>\n","protected":false},"excerpt":{"rendered":"<p>Dieser Artikel kann Risse bekommen und eine gr\u00e4uliche Farbe annehmen, wenn er im Freien aufgestellt wird. Handgeschnitzt aus Teakholz.<\/p>\n","protected":false},"featured_media":174888,"template":"","meta":{"_acf_changed":false},"product_brand":[],"product_cat":[794,1244,782],"product_tag":[],"class_list":{"0":"post-96805","1":"product","2":"type-product","3":"status-publish","4":"has-post-thumbnail","6":"product_cat-holzsockel","7":"product_cat-pflanzentische-11304174","8":"product_cat-sockel","10":"first","11":"instock","12":"taxable","13":"shipping-taxable","14":"purchasable","15":"product-type-simple"},"acf":[],"yoast_head":"<!-- This site is optimized with the Yoast SEO plugin v23.8 - https:\/\/yoast.com\/wordpress\/plugins\/seo\/ -->\n<title>Holzdisplay 4 Etagen Teakholz 50 cm - Eliassen Home &amp; Gardenpleasure<\/title>\n<meta name=\"description\" content=\"Suchen Sie ein Holzregal? Dieses Teakholzmodell ist handgefertigt und verf\u00fcgt \u00fcber 4 Ebenen oben und an den Seiten in unterschiedlichen H\u00f6hen.\" \/>\n<meta name=\"robots\" content=\"noindex, follow, max-snippet:-1, max-image-preview:large, max-video-preview:-1\" \/>\n<meta property=\"og:locale\" content=\"de_DE\" \/>\n<meta property=\"og:type\" content=\"article\" \/>\n<meta property=\"og:title\" content=\"Holzdisplay 4 Etagen Teakholz 50 cm - Eliassen Home &amp; Gardenpleasure\" \/>\n<meta property=\"og:description\" content=\"Suchen Sie ein Holzregal? Dieses Teakholzmodell ist handgefertigt und verf\u00fcgt \u00fcber 4 Ebenen oben und an den Seiten in unterschiedlichen H\u00f6hen.\" \/>\n<meta property=\"og:url\" content=\"https:\/\/dev.eliassen.nl\/de\/holzdisplay-4-etagen-teakholz-50cm\/\" \/>\n<meta property=\"og:site_name\" content=\"Eliassen.nl\" \/>\n<meta property=\"article:publisher\" content=\"https:\/\/www.facebook.com\/TuincentrumEliassenAmmerzoden\" \/>\n<meta property=\"article:modified_time\" content=\"2024-12-05T15:39:53+00:00\" \/>\n<meta property=\"og:image\" content=\"https:\/\/dev.eliassen.nl\/wp-content\/uploads\/2023\/11\/1000047879-scaled.jpg\" \/>\n\t<meta property=\"og:image:width\" content=\"1920\" \/>\n\t<meta property=\"og:image:height\" content=\"2560\" \/>\n\t<meta property=\"og:image:type\" content=\"image\/jpeg\" \/>\n<meta name=\"twitter:card\" content=\"summary_large_image\" \/>\n<script type=\"application\/ld+json\" class=\"yoast-schema-graph\">{\"@context\":\"https:\/\/schema.org\",\"@graph\":[{\"@type\":\"WebPage\",\"@id\":\"https:\/\/dev.eliassen.nl\/de\/holzdisplay-4-etagen-teakholz-50cm\/\",\"url\":\"https:\/\/dev.eliassen.nl\/de\/holzdisplay-4-etagen-teakholz-50cm\/\",\"name\":\"Holzdisplay 4 Etagen Teakholz 50 cm - Eliassen Home & Gardenpleasure\",\"isPartOf\":{\"@id\":\"https:\/\/dev.eliassen.nl\/de\/#website\"},\"primaryImageOfPage\":{\"@id\":\"https:\/\/dev.eliassen.nl\/de\/holzdisplay-4-etagen-teakholz-50cm\/#primaryimage\"},\"image\":{\"@id\":\"https:\/\/dev.eliassen.nl\/de\/holzdisplay-4-etagen-teakholz-50cm\/#primaryimage\"},\"thumbnailUrl\":\"https:\/\/dev.eliassen.nl\/wp-content\/uploads\/2023\/11\/1000047879-scaled.jpg\",\"datePublished\":\"2023-11-13T14:06:42+00:00\",\"dateModified\":\"2024-12-05T15:39:53+00:00\",\"description\":\"Suchen Sie ein Holzregal? Dieses Teakholzmodell ist handgefertigt und verf\u00fcgt \u00fcber 4 Ebenen oben und an den Seiten in unterschiedlichen H\u00f6hen.\",\"breadcrumb\":{\"@id\":\"https:\/\/dev.eliassen.nl\/de\/holzdisplay-4-etagen-teakholz-50cm\/#breadcrumb\"},\"inLanguage\":\"de\",\"potentialAction\":[{\"@type\":\"ReadAction\",\"target\":[\"https:\/\/dev.eliassen.nl\/de\/holzdisplay-4-etagen-teakholz-50cm\/\"]}]},{\"@type\":\"ImageObject\",\"inLanguage\":\"de\",\"@id\":\"https:\/\/dev.eliassen.nl\/de\/holzdisplay-4-etagen-teakholz-50cm\/#primaryimage\",\"url\":\"https:\/\/dev.eliassen.nl\/wp-content\/uploads\/2023\/11\/1000047879-scaled.jpg\",\"contentUrl\":\"https:\/\/dev.eliassen.nl\/wp-content\/uploads\/2023\/11\/1000047879-scaled.jpg\",\"width\":1920,\"height\":2560},{\"@type\":\"BreadcrumbList\",\"@id\":\"https:\/\/dev.eliassen.nl\/de\/holzdisplay-4-etagen-teakholz-50cm\/#breadcrumb\",\"itemListElement\":[{\"@type\":\"ListItem\",\"position\":1,\"name\":\"Home\",\"item\":\"https:\/\/dev.eliassen.nl\/de\/\"},{\"@type\":\"ListItem\",\"position\":2,\"name\":\"Shop\",\"item\":\"https:\/\/dev.eliassen.nl\/nl\/winkel\/\"},{\"@type\":\"ListItem\",\"position\":3,\"name\":\"Sockel\",\"item\":\"https:\/\/dev.eliassen.nl\/de\/sockel\/\"},{\"@type\":\"ListItem\",\"position\":4,\"name\":\"Holzsockel\",\"item\":\"https:\/\/dev.eliassen.nl\/de\/sockel\/holzsockel\/\"},{\"@type\":\"ListItem\",\"position\":5,\"name\":\"Holzdisplay 4 Etagen Teakholz 50cm\"}]},{\"@type\":\"WebSite\",\"@id\":\"https:\/\/dev.eliassen.nl\/de\/#website\",\"url\":\"https:\/\/dev.eliassen.nl\/de\/\",\"name\":\"Eliassen Home & Garden Pleasure\",\"description\":\"\",\"publisher\":{\"@id\":\"https:\/\/dev.eliassen.nl\/de\/#organization\"},\"alternateName\":\"Eliassen.nl\",\"potentialAction\":[{\"@type\":\"SearchAction\",\"target\":{\"@type\":\"EntryPoint\",\"urlTemplate\":\"https:\/\/dev.eliassen.nl\/de\/?s={search_term_string}\"},\"query-input\":{\"@type\":\"PropertyValueSpecification\",\"valueRequired\":true,\"valueName\":\"search_term_string\"}}],\"inLanguage\":\"de\"},{\"@type\":\"Organization\",\"@id\":\"https:\/\/dev.eliassen.nl\/de\/#organization\",\"name\":\"Eliassen Home & Garden Pleasure\",\"url\":\"https:\/\/dev.eliassen.nl\/de\/\",\"logo\":{\"@type\":\"ImageObject\",\"inLanguage\":\"de\",\"@id\":\"https:\/\/dev.eliassen.nl\/de\/#\/schema\/logo\/image\/\",\"url\":\"https:\/\/www.eliassen.nl\/wp-content\/uploads\/2024\/01\/logo_4nd.jpg\",\"contentUrl\":\"https:\/\/www.eliassen.nl\/wp-content\/uploads\/2024\/01\/logo_4nd.jpg\",\"width\":500,\"height\":500,\"caption\":\"Eliassen Home & Garden Pleasure\"},\"image\":{\"@id\":\"https:\/\/dev.eliassen.nl\/de\/#\/schema\/logo\/image\/\"},\"sameAs\":[\"https:\/\/www.facebook.com\/TuincentrumEliassenAmmerzoden\",\"https:\/\/www.instagram.com\/eliassenhomeandgarden\/\",\"https:\/\/nl.pinterest.com\/eliassenhomeandgarden\/\",\"https:\/\/www.youtube.com\/@eliassenhomegardenpleasure4558\"]}]}<\/script>\n<!-- \/ Yoast SEO plugin. -->","yoast_head_json":{"title":"Holzdisplay 4 Etagen Teakholz 50 cm - Eliassen Home & Gardenpleasure","description":"Suchen Sie ein Holzregal? Dieses Teakholzmodell ist handgefertigt und verf\u00fcgt \u00fcber 4 Ebenen oben und an den Seiten in unterschiedlichen H\u00f6hen.","robots":{"index":"noindex","follow":"follow","max-snippet":"max-snippet:-1","max-image-preview":"max-image-preview:large","max-video-preview":"max-video-preview:-1"},"og_locale":"de_DE","og_type":"article","og_title":"Holzdisplay 4 Etagen Teakholz 50 cm - Eliassen Home & Gardenpleasure","og_description":"Suchen Sie ein Holzregal? Dieses Teakholzmodell ist handgefertigt und verf\u00fcgt \u00fcber 4 Ebenen oben und an den Seiten in unterschiedlichen H\u00f6hen.","og_url":"https:\/\/dev.eliassen.nl\/de\/holzdisplay-4-etagen-teakholz-50cm\/","og_site_name":"Eliassen.nl","article_publisher":"https:\/\/www.facebook.com\/TuincentrumEliassenAmmerzoden","article_modified_time":"2024-12-05T15:39:53+00:00","og_image":[{"width":1920,"height":2560,"url":"https:\/\/dev.eliassen.nl\/wp-content\/uploads\/2023\/11\/1000047879-scaled.jpg","type":"image\/jpeg"}],"twitter_card":"summary_large_image","schema":{"@context":"https:\/\/schema.org","@graph":[{"@type":"WebPage","@id":"https:\/\/dev.eliassen.nl\/de\/holzdisplay-4-etagen-teakholz-50cm\/","url":"https:\/\/dev.eliassen.nl\/de\/holzdisplay-4-etagen-teakholz-50cm\/","name":"Holzdisplay 4 Etagen Teakholz 50 cm - Eliassen Home & Gardenpleasure","isPartOf":{"@id":"https:\/\/dev.eliassen.nl\/de\/#website"},"primaryImageOfPage":{"@id":"https:\/\/dev.eliassen.nl\/de\/holzdisplay-4-etagen-teakholz-50cm\/#primaryimage"},"image":{"@id":"https:\/\/dev.eliassen.nl\/de\/holzdisplay-4-etagen-teakholz-50cm\/#primaryimage"},"thumbnailUrl":"https:\/\/dev.eliassen.nl\/wp-content\/uploads\/2023\/11\/1000047879-scaled.jpg","datePublished":"2023-11-13T14:06:42+00:00","dateModified":"2024-12-05T15:39:53+00:00","description":"Suchen Sie ein Holzregal? Dieses Teakholzmodell ist handgefertigt und verf\u00fcgt \u00fcber 4 Ebenen oben und an den Seiten in unterschiedlichen H\u00f6hen.","breadcrumb":{"@id":"https:\/\/dev.eliassen.nl\/de\/holzdisplay-4-etagen-teakholz-50cm\/#breadcrumb"},"inLanguage":"de","potentialAction":[{"@type":"ReadAction","target":["https:\/\/dev.eliassen.nl\/de\/holzdisplay-4-etagen-teakholz-50cm\/"]}]},{"@type":"ImageObject","inLanguage":"de","@id":"https:\/\/dev.eliassen.nl\/de\/holzdisplay-4-etagen-teakholz-50cm\/#primaryimage","url":"https:\/\/dev.eliassen.nl\/wp-content\/uploads\/2023\/11\/1000047879-scaled.jpg","contentUrl":"https:\/\/dev.eliassen.nl\/wp-content\/uploads\/2023\/11\/1000047879-scaled.jpg","width":1920,"height":2560},{"@type":"BreadcrumbList","@id":"https:\/\/dev.eliassen.nl\/de\/holzdisplay-4-etagen-teakholz-50cm\/#breadcrumb","itemListElement":[{"@type":"ListItem","position":1,"name":"Home","item":"https:\/\/dev.eliassen.nl\/de\/"},{"@type":"ListItem","position":2,"name":"Shop","item":"https:\/\/dev.eliassen.nl\/nl\/winkel\/"},{"@type":"ListItem","position":3,"name":"Sockel","item":"https:\/\/dev.eliassen.nl\/de\/sockel\/"},{"@type":"ListItem","position":4,"name":"Holzsockel","item":"https:\/\/dev.eliassen.nl\/de\/sockel\/holzsockel\/"},{"@type":"ListItem","position":5,"name":"Holzdisplay 4 Etagen Teakholz 50cm"}]},{"@type":"WebSite","@id":"https:\/\/dev.eliassen.nl\/de\/#website","url":"https:\/\/dev.eliassen.nl\/de\/","name":"Eliassen Home & Garden Pleasure","description":"","publisher":{"@id":"https:\/\/dev.eliassen.nl\/de\/#organization"},"alternateName":"Eliassen.nl","potentialAction":[{"@type":"SearchAction","target":{"@type":"EntryPoint","urlTemplate":"https:\/\/dev.eliassen.nl\/de\/?s={search_term_string}"},"query-input":{"@type":"PropertyValueSpecification","valueRequired":true,"valueName":"search_term_string"}}],"inLanguage":"de"},{"@type":"Organization","@id":"https:\/\/dev.eliassen.nl\/de\/#organization","name":"Eliassen Home & Garden Pleasure","url":"https:\/\/dev.eliassen.nl\/de\/","logo":{"@type":"ImageObject","inLanguage":"de","@id":"https:\/\/dev.eliassen.nl\/de\/#\/schema\/logo\/image\/","url":"https:\/\/www.eliassen.nl\/wp-content\/uploads\/2024\/01\/logo_4nd.jpg","contentUrl":"https:\/\/www.eliassen.nl\/wp-content\/uploads\/2024\/01\/logo_4nd.jpg","width":500,"height":500,"caption":"Eliassen Home & Garden Pleasure"},"image":{"@id":"https:\/\/dev.eliassen.nl\/de\/#\/schema\/logo\/image\/"},"sameAs":["https:\/\/www.facebook.com\/TuincentrumEliassenAmmerzoden","https:\/\/www.instagram.com\/eliassenhomeandgarden\/","https:\/\/nl.pinterest.com\/eliassenhomeandgarden\/","https:\/\/www.youtube.com\/@eliassenhomegardenpleasure4558"]}]}},"df_price":119,"df_sale_price":"","df_regular_price":119,"df_image_link":"https:\/\/dev.eliassen.nl\/wp-content\/uploads\/2023\/11\/1000047879-225x300.jpg","image":"https:\/\/dev.eliassen.nl\/wp-content\/uploads\/2023\/11\/1000047879-150x150.jpg","price_search":"<span class=\"woocommerce-Price-amount amount\"><bdi><span class=\"woocommerce-Price-currencySymbol\">&euro;<\/span>&nbsp;119,00<\/bdi><\/span>","category":"Holzsockel","_links":{"self":[{"href":"https:\/\/dev.eliassen.nl\/de\/wp-json\/wp\/v2\/product\/96805","targetHints":{"allow":["GET"]}}],"collection":[{"href":"https:\/\/dev.eliassen.nl\/de\/wp-json\/wp\/v2\/product"}],"about":[{"href":"https:\/\/dev.eliassen.nl\/de\/wp-json\/wp\/v2\/types\/product"}],"wp:featuredmedia":[{"embeddable":true,"href":"https:\/\/dev.eliassen.nl\/de\/wp-json\/wp\/v2\/media\/174888"}],"wp:attachment":[{"href":"https:\/\/dev.eliassen.nl\/de\/wp-json\/wp\/v2\/media?parent=96805"}],"wp:term":[{"taxonomy":"product_brand","embeddable":true,"href":"https:\/\/dev.eliassen.nl\/de\/wp-json\/wp\/v2\/product_brand?post=96805"},{"taxonomy":"product_cat","embeddable":true,"href":"https:\/\/dev.eliassen.nl\/de\/wp-json\/wp\/v2\/product_cat?post=96805"},{"taxonomy":"product_tag","embeddable":true,"href":"https:\/\/dev.eliassen.nl\/de\/wp-json\/wp\/v2\/product_tag?post=96805"}],"curies":[{"name":"wp","href":"https:\/\/api.w.org\/{rel}","templated":true}]}}