{"id":96838,"date":"2023-11-13T16:10:10","date_gmt":"2023-11-13T15:10:10","guid":{"rendered":"https:\/\/www.eliassen.nl\/?product=copy-of-wandpaneel-hout-rond-levensboom-100cm"},"modified":"2024-12-05T16:39:56","modified_gmt":"2024-12-05T15:39:56","slug":"wandpaneel-holz-um-baum-kleine-blatter-100cm","status":"publish","type":"product","link":"https:\/\/dev.eliassen.nl\/de\/wandpaneel-holz-um-baum-kleine-blatter-100cm\/","title":{"rendered":"Wandpaneel Holz um Baum kleine Bl\u00e4tter 100cm"},"content":{"rendered":"<p>Wundersch\u00f6nes Wandpaneel aus Holz, handgefertigt aus massivem Suar-Holz. Abgebildet ist ein wundersch\u00f6ner Lebensbaum mit kleinen Bl\u00e4ttern. In diese Holztafel wurden viele Stunden Schnitzarbeit investiert. Alles, was Sie sehen; Jede Locke und jeder Zweig, alles ist von Menschenhand gefertigt.<\/p>\n<p>Suarholz hat die Eigenschaft, kontrastierende Farben zu haben. Helles Holz kann direkt neben dunklem Holz stehen. Dass diese Farbunterschiede auch im Panel sichtbar sind, ist normal, kann aber leider nicht bem\u00e4ngelt werden.<\/p>\n<p>Das Symbol des Lebensbaums steht f\u00fcr Wachstum und pers\u00f6nliche Entwicklung, Gesundheit und Heilungskraft. Ihr Leben ist genau wie die Jahreszeiten, denen B\u00e4ume ausgesetzt sind. Es gibt Momente des Lebens wie im Fr\u00fchling, des Wachstums wie im Sommer und der heftigen Herbstst\u00fcrme und der Strapazen im Winter. Als Symbol ist dieser Lebensbaum ein wunderbares Geschenk f\u00fcr Ihre Liebsten oder Freunde.<\/p>\n<ul>\n<li>Gr\u00f6\u00dfe: 2 cm dick mit einem Durchmesser von 100 cm<\/li>\n<li>Material: massives Suar-Holz, leicht ge\u00f6lt<\/li>\n<li>Exklusiv<\/li>\n<li>Originale Holzschnitzereien<\/li>\n<li>Einfach an einem Nagel\/einer Schraube oder mit einer Schnur aufzuh\u00e4ngen<\/li>\n<li>Eigener Bestand<\/li>\n<li>Das Aufh\u00e4ngen im Freien ist erlaubt, allerdings wird das Holz dann grau und es k\u00f6nnen Risse entstehen.<\/li>\n<\/ul>\n","protected":false},"excerpt":{"rendered":"<p>Dieser Artikel kann Risse bekommen und eine gr\u00e4uliche Farbe annehmen, wenn er im Freien aufgestellt wird. Handgeschnitztes Holzwandpaneel 100 cm mit einem Lebensbaum<\/p>\n","protected":false},"featured_media":96829,"template":"","meta":{"_acf_changed":false},"product_brand":[],"product_cat":[509,527],"product_tag":[],"class_list":{"0":"post-96838","1":"product","2":"type-product","3":"status-publish","4":"has-post-thumbnail","6":"product_cat-wanddekoration","7":"product_cat-wandpaneele-aus-holz","9":"first","10":"outofstock","11":"taxable","12":"shipping-taxable","13":"purchasable","14":"product-type-simple"},"acf":[],"yoast_head":"<!-- This site is optimized with the Yoast SEO plugin v23.8 - https:\/\/yoast.com\/wordpress\/plugins\/seo\/ -->\n<title>Wandpaneel Holz um Baum kleine Bl\u00e4tter 100cm - Eliassen.nl<\/title>\n<meta name=\"description\" content=\"Suchen Sie eine sch\u00f6ne Wanddekoration aus handgeschnitztem Holz? Dieses Modell ist wundersch\u00f6n detailliert und 100 cm gro\u00df. Dargestellt mit einem Lebensbaum.\" \/>\n<meta name=\"robots\" content=\"noindex, follow, max-snippet:-1, max-image-preview:large, max-video-preview:-1\" \/>\n<meta property=\"og:locale\" content=\"de_DE\" \/>\n<meta property=\"og:type\" content=\"article\" \/>\n<meta property=\"og:title\" content=\"Wandpaneel Holz um Baum kleine Bl\u00e4tter 100cm - Eliassen.nl\" \/>\n<meta property=\"og:description\" content=\"Suchen Sie eine sch\u00f6ne Wanddekoration aus handgeschnitztem Holz? Dieses Modell ist wundersch\u00f6n detailliert und 100 cm gro\u00df. Dargestellt mit einem Lebensbaum.\" \/>\n<meta property=\"og:url\" content=\"https:\/\/dev.eliassen.nl\/de\/wandpaneel-holz-um-baum-kleine-blatter-100cm\/\" \/>\n<meta property=\"og:site_name\" content=\"Eliassen.nl\" \/>\n<meta property=\"article:publisher\" content=\"https:\/\/www.facebook.com\/TuincentrumEliassenAmmerzoden\" \/>\n<meta property=\"article:modified_time\" content=\"2024-12-05T15:39:56+00:00\" \/>\n<meta property=\"og:image\" content=\"https:\/\/dev.eliassen.nl\/wp-content\/uploads\/2024\/01\/skwpkb100wandpaneelhoutrondboomkleinebladere.jpg\" \/>\n\t<meta property=\"og:image:width\" content=\"1024\" \/>\n\t<meta property=\"og:image:height\" content=\"768\" \/>\n\t<meta property=\"og:image:type\" content=\"image\/jpeg\" \/>\n<meta name=\"twitter:card\" content=\"summary_large_image\" \/>\n<script type=\"application\/ld+json\" class=\"yoast-schema-graph\">{\"@context\":\"https:\/\/schema.org\",\"@graph\":[{\"@type\":\"WebPage\",\"@id\":\"https:\/\/dev.eliassen.nl\/de\/wandpaneel-holz-um-baum-kleine-blatter-100cm\/\",\"url\":\"https:\/\/dev.eliassen.nl\/de\/wandpaneel-holz-um-baum-kleine-blatter-100cm\/\",\"name\":\"Wandpaneel Holz um Baum kleine Bl\u00e4tter 100cm - Eliassen.nl\",\"isPartOf\":{\"@id\":\"https:\/\/dev.eliassen.nl\/de\/#website\"},\"primaryImageOfPage\":{\"@id\":\"https:\/\/dev.eliassen.nl\/de\/wandpaneel-holz-um-baum-kleine-blatter-100cm\/#primaryimage\"},\"image\":{\"@id\":\"https:\/\/dev.eliassen.nl\/de\/wandpaneel-holz-um-baum-kleine-blatter-100cm\/#primaryimage\"},\"thumbnailUrl\":\"https:\/\/dev.eliassen.nl\/wp-content\/uploads\/2024\/01\/skwpkb100wandpaneelhoutrondboomkleinebladere.jpg\",\"datePublished\":\"2023-11-13T15:10:10+00:00\",\"dateModified\":\"2024-12-05T15:39:56+00:00\",\"description\":\"Suchen Sie eine sch\u00f6ne Wanddekoration aus handgeschnitztem Holz? Dieses Modell ist wundersch\u00f6n detailliert und 100 cm gro\u00df. Dargestellt mit einem Lebensbaum.\",\"breadcrumb\":{\"@id\":\"https:\/\/dev.eliassen.nl\/de\/wandpaneel-holz-um-baum-kleine-blatter-100cm\/#breadcrumb\"},\"inLanguage\":\"de\",\"potentialAction\":[{\"@type\":\"ReadAction\",\"target\":[\"https:\/\/dev.eliassen.nl\/de\/wandpaneel-holz-um-baum-kleine-blatter-100cm\/\"]}]},{\"@type\":\"ImageObject\",\"inLanguage\":\"de\",\"@id\":\"https:\/\/dev.eliassen.nl\/de\/wandpaneel-holz-um-baum-kleine-blatter-100cm\/#primaryimage\",\"url\":\"https:\/\/dev.eliassen.nl\/wp-content\/uploads\/2024\/01\/skwpkb100wandpaneelhoutrondboomkleinebladere.jpg\",\"contentUrl\":\"https:\/\/dev.eliassen.nl\/wp-content\/uploads\/2024\/01\/skwpkb100wandpaneelhoutrondboomkleinebladere.jpg\",\"width\":1024,\"height\":768,\"caption\":\"Skwpkb100 Wandpaneel hout rond boom kleine bladeren 100cm\"},{\"@type\":\"BreadcrumbList\",\"@id\":\"https:\/\/dev.eliassen.nl\/de\/wandpaneel-holz-um-baum-kleine-blatter-100cm\/#breadcrumb\",\"itemListElement\":[{\"@type\":\"ListItem\",\"position\":1,\"name\":\"Home\",\"item\":\"https:\/\/dev.eliassen.nl\/de\/\"},{\"@type\":\"ListItem\",\"position\":2,\"name\":\"Shop\",\"item\":\"https:\/\/dev.eliassen.nl\/nl\/winkel\/\"},{\"@type\":\"ListItem\",\"position\":3,\"name\":\"Wanddekoration\",\"item\":\"https:\/\/dev.eliassen.nl\/de\/wanddekoration\/\"},{\"@type\":\"ListItem\",\"position\":4,\"name\":\"Wandpaneele aus Holz\",\"item\":\"https:\/\/dev.eliassen.nl\/de\/wanddekoration\/wandpaneele-aus-holz\/\"},{\"@type\":\"ListItem\",\"position\":5,\"name\":\"Wandpaneel Holz um Baum kleine Bl\u00e4tter 100cm\"}]},{\"@type\":\"WebSite\",\"@id\":\"https:\/\/dev.eliassen.nl\/de\/#website\",\"url\":\"https:\/\/dev.eliassen.nl\/de\/\",\"name\":\"Eliassen Home & Garden Pleasure\",\"description\":\"\",\"publisher\":{\"@id\":\"https:\/\/dev.eliassen.nl\/de\/#organization\"},\"alternateName\":\"Eliassen.nl\",\"potentialAction\":[{\"@type\":\"SearchAction\",\"target\":{\"@type\":\"EntryPoint\",\"urlTemplate\":\"https:\/\/dev.eliassen.nl\/de\/?s={search_term_string}\"},\"query-input\":{\"@type\":\"PropertyValueSpecification\",\"valueRequired\":true,\"valueName\":\"search_term_string\"}}],\"inLanguage\":\"de\"},{\"@type\":\"Organization\",\"@id\":\"https:\/\/dev.eliassen.nl\/de\/#organization\",\"name\":\"Eliassen Home & Garden Pleasure\",\"url\":\"https:\/\/dev.eliassen.nl\/de\/\",\"logo\":{\"@type\":\"ImageObject\",\"inLanguage\":\"de\",\"@id\":\"https:\/\/dev.eliassen.nl\/de\/#\/schema\/logo\/image\/\",\"url\":\"https:\/\/www.eliassen.nl\/wp-content\/uploads\/2024\/01\/logo_4nd.jpg\",\"contentUrl\":\"https:\/\/www.eliassen.nl\/wp-content\/uploads\/2024\/01\/logo_4nd.jpg\",\"width\":500,\"height\":500,\"caption\":\"Eliassen Home & Garden Pleasure\"},\"image\":{\"@id\":\"https:\/\/dev.eliassen.nl\/de\/#\/schema\/logo\/image\/\"},\"sameAs\":[\"https:\/\/www.facebook.com\/TuincentrumEliassenAmmerzoden\",\"https:\/\/www.instagram.com\/eliassenhomeandgarden\/\",\"https:\/\/nl.pinterest.com\/eliassenhomeandgarden\/\",\"https:\/\/www.youtube.com\/@eliassenhomegardenpleasure4558\"]}]}<\/script>\n<!-- \/ Yoast SEO plugin. -->","yoast_head_json":{"title":"Wandpaneel Holz um Baum kleine Bl\u00e4tter 100cm - Eliassen.nl","description":"Suchen Sie eine sch\u00f6ne Wanddekoration aus handgeschnitztem Holz? Dieses Modell ist wundersch\u00f6n detailliert und 100 cm gro\u00df. Dargestellt mit einem Lebensbaum.","robots":{"index":"noindex","follow":"follow","max-snippet":"max-snippet:-1","max-image-preview":"max-image-preview:large","max-video-preview":"max-video-preview:-1"},"og_locale":"de_DE","og_type":"article","og_title":"Wandpaneel Holz um Baum kleine Bl\u00e4tter 100cm - Eliassen.nl","og_description":"Suchen Sie eine sch\u00f6ne Wanddekoration aus handgeschnitztem Holz? Dieses Modell ist wundersch\u00f6n detailliert und 100 cm gro\u00df. Dargestellt mit einem Lebensbaum.","og_url":"https:\/\/dev.eliassen.nl\/de\/wandpaneel-holz-um-baum-kleine-blatter-100cm\/","og_site_name":"Eliassen.nl","article_publisher":"https:\/\/www.facebook.com\/TuincentrumEliassenAmmerzoden","article_modified_time":"2024-12-05T15:39:56+00:00","og_image":[{"width":1024,"height":768,"url":"https:\/\/dev.eliassen.nl\/wp-content\/uploads\/2024\/01\/skwpkb100wandpaneelhoutrondboomkleinebladere.jpg","type":"image\/jpeg"}],"twitter_card":"summary_large_image","schema":{"@context":"https:\/\/schema.org","@graph":[{"@type":"WebPage","@id":"https:\/\/dev.eliassen.nl\/de\/wandpaneel-holz-um-baum-kleine-blatter-100cm\/","url":"https:\/\/dev.eliassen.nl\/de\/wandpaneel-holz-um-baum-kleine-blatter-100cm\/","name":"Wandpaneel Holz um Baum kleine Bl\u00e4tter 100cm - Eliassen.nl","isPartOf":{"@id":"https:\/\/dev.eliassen.nl\/de\/#website"},"primaryImageOfPage":{"@id":"https:\/\/dev.eliassen.nl\/de\/wandpaneel-holz-um-baum-kleine-blatter-100cm\/#primaryimage"},"image":{"@id":"https:\/\/dev.eliassen.nl\/de\/wandpaneel-holz-um-baum-kleine-blatter-100cm\/#primaryimage"},"thumbnailUrl":"https:\/\/dev.eliassen.nl\/wp-content\/uploads\/2024\/01\/skwpkb100wandpaneelhoutrondboomkleinebladere.jpg","datePublished":"2023-11-13T15:10:10+00:00","dateModified":"2024-12-05T15:39:56+00:00","description":"Suchen Sie eine sch\u00f6ne Wanddekoration aus handgeschnitztem Holz? Dieses Modell ist wundersch\u00f6n detailliert und 100 cm gro\u00df. Dargestellt mit einem Lebensbaum.","breadcrumb":{"@id":"https:\/\/dev.eliassen.nl\/de\/wandpaneel-holz-um-baum-kleine-blatter-100cm\/#breadcrumb"},"inLanguage":"de","potentialAction":[{"@type":"ReadAction","target":["https:\/\/dev.eliassen.nl\/de\/wandpaneel-holz-um-baum-kleine-blatter-100cm\/"]}]},{"@type":"ImageObject","inLanguage":"de","@id":"https:\/\/dev.eliassen.nl\/de\/wandpaneel-holz-um-baum-kleine-blatter-100cm\/#primaryimage","url":"https:\/\/dev.eliassen.nl\/wp-content\/uploads\/2024\/01\/skwpkb100wandpaneelhoutrondboomkleinebladere.jpg","contentUrl":"https:\/\/dev.eliassen.nl\/wp-content\/uploads\/2024\/01\/skwpkb100wandpaneelhoutrondboomkleinebladere.jpg","width":1024,"height":768,"caption":"Skwpkb100 Wandpaneel hout rond boom kleine bladeren 100cm"},{"@type":"BreadcrumbList","@id":"https:\/\/dev.eliassen.nl\/de\/wandpaneel-holz-um-baum-kleine-blatter-100cm\/#breadcrumb","itemListElement":[{"@type":"ListItem","position":1,"name":"Home","item":"https:\/\/dev.eliassen.nl\/de\/"},{"@type":"ListItem","position":2,"name":"Shop","item":"https:\/\/dev.eliassen.nl\/nl\/winkel\/"},{"@type":"ListItem","position":3,"name":"Wanddekoration","item":"https:\/\/dev.eliassen.nl\/de\/wanddekoration\/"},{"@type":"ListItem","position":4,"name":"Wandpaneele aus Holz","item":"https:\/\/dev.eliassen.nl\/de\/wanddekoration\/wandpaneele-aus-holz\/"},{"@type":"ListItem","position":5,"name":"Wandpaneel Holz um Baum kleine Bl\u00e4tter 100cm"}]},{"@type":"WebSite","@id":"https:\/\/dev.eliassen.nl\/de\/#website","url":"https:\/\/dev.eliassen.nl\/de\/","name":"Eliassen Home & Garden Pleasure","description":"","publisher":{"@id":"https:\/\/dev.eliassen.nl\/de\/#organization"},"alternateName":"Eliassen.nl","potentialAction":[{"@type":"SearchAction","target":{"@type":"EntryPoint","urlTemplate":"https:\/\/dev.eliassen.nl\/de\/?s={search_term_string}"},"query-input":{"@type":"PropertyValueSpecification","valueRequired":true,"valueName":"search_term_string"}}],"inLanguage":"de"},{"@type":"Organization","@id":"https:\/\/dev.eliassen.nl\/de\/#organization","name":"Eliassen Home & Garden Pleasure","url":"https:\/\/dev.eliassen.nl\/de\/","logo":{"@type":"ImageObject","inLanguage":"de","@id":"https:\/\/dev.eliassen.nl\/de\/#\/schema\/logo\/image\/","url":"https:\/\/www.eliassen.nl\/wp-content\/uploads\/2024\/01\/logo_4nd.jpg","contentUrl":"https:\/\/www.eliassen.nl\/wp-content\/uploads\/2024\/01\/logo_4nd.jpg","width":500,"height":500,"caption":"Eliassen Home & Garden Pleasure"},"image":{"@id":"https:\/\/dev.eliassen.nl\/de\/#\/schema\/logo\/image\/"},"sameAs":["https:\/\/www.facebook.com\/TuincentrumEliassenAmmerzoden","https:\/\/www.instagram.com\/eliassenhomeandgarden\/","https:\/\/nl.pinterest.com\/eliassenhomeandgarden\/","https:\/\/www.youtube.com\/@eliassenhomegardenpleasure4558"]}]}},"df_price":419,"df_sale_price":"","df_regular_price":419,"df_image_link":"https:\/\/dev.eliassen.nl\/wp-content\/uploads\/2024\/01\/skwpkb100wandpaneelhoutrondboomkleinebladere.jpg","image":"https:\/\/dev.eliassen.nl\/wp-content\/uploads\/2024\/01\/skwpkb100wandpaneelhoutrondboomkleinebladere.jpg","price_search":"<span class=\"woocommerce-Price-amount amount\"><bdi><span class=\"woocommerce-Price-currencySymbol\">&euro;<\/span>&nbsp;419,00<\/bdi><\/span>","category":"Wanddekoration","_links":{"self":[{"href":"https:\/\/dev.eliassen.nl\/de\/wp-json\/wp\/v2\/product\/96838","targetHints":{"allow":["GET"]}}],"collection":[{"href":"https:\/\/dev.eliassen.nl\/de\/wp-json\/wp\/v2\/product"}],"about":[{"href":"https:\/\/dev.eliassen.nl\/de\/wp-json\/wp\/v2\/types\/product"}],"wp:featuredmedia":[{"embeddable":true,"href":"https:\/\/dev.eliassen.nl\/de\/wp-json\/wp\/v2\/media\/96829"}],"wp:attachment":[{"href":"https:\/\/dev.eliassen.nl\/de\/wp-json\/wp\/v2\/media?parent=96838"}],"wp:term":[{"taxonomy":"product_brand","embeddable":true,"href":"https:\/\/dev.eliassen.nl\/de\/wp-json\/wp\/v2\/product_brand?post=96838"},{"taxonomy":"product_cat","embeddable":true,"href":"https:\/\/dev.eliassen.nl\/de\/wp-json\/wp\/v2\/product_cat?post=96838"},{"taxonomy":"product_tag","embeddable":true,"href":"https:\/\/dev.eliassen.nl\/de\/wp-json\/wp\/v2\/product_tag?post=96838"}],"curies":[{"name":"wp","href":"https:\/\/api.w.org\/{rel}","templated":true}]}}